{"id":22101,"date":"2022-11-07T07:09:38","date_gmt":"2022-11-07T07:09:38","guid":{"rendered":"https:\/\/sales-ai-agents.com\/success-stories\/"},"modified":"2023-12-28T14:43:10","modified_gmt":"2023-12-28T14:43:10","slug":"success-stories","status":"publish","type":"page","link":"https:\/\/sales-ai-agents.com\/de\/success-stories\/","title":{"rendered":"Erfolgsgeschichten"},"content":{"rendered":"<h1>Nimbus Erfolgsgeschichten in der Wirtschaft<\/h1>\n<p>Benutzer aus der ganzen Welt haben uns mitgeteilt, wie sie Nimbus in ihrem Arbeits- und Privatleben einsetzen. Da es sich beim Nimbus um ein multifunktionales Instrument handelt, variiert seine Anwendung je nach Einsatzgebiet und Benutzerpers\u00f6nlichkeit.<\/p>\n<p>Sehen Sie sich an, wie andere Menschen unsere Produkte benutzen und holen Sie sich neue Ideen, um Ihre Produktivit\u00e4t mit Nimbus zu steigern!<\/p>\n<p>\t\t\t\t\t\t\t\t\t<img decoding=\"async\" src=\"https:\/\/sales-ai-agents.com\/wp-content\/uploads\/2022\/11\/tab-1-blue-icon.svg\">  Einzelne<br \/>\n\t\t\t\t\t\t\t\t\t<img decoding=\"async\" src=\"https:\/\/sales-ai-agents.com\/wp-content\/uploads\/2022\/11\/tab-2-blue-icon.svg\">Business<br \/>\n\t\t\t\t\t\t\t\t\t<img decoding=\"async\" src=\"https:\/\/sales-ai-agents.com\/wp-content\/uploads\/2022\/11\/tab-3-blue-icon.svg\">  Bildung<br \/>\n\t\t\t\t\t\t\t\t\t<img decoding=\"async\" src=\"https:\/\/sales-ai-agents.com\/wp-content\/uploads\/2022\/11\/tab-1-blue-icon.svg\">  Einzelne<br \/>\n<img decoding=\"async\" src=\"https:\/\/sales-ai-agents.com\/wp-content\/uploads\/2022\/11\/jorgen-sommer.webp\" alt=\"\" \/><br \/>\n<strong>J\u00f8rgen Sommer<\/strong>Orthinologe<br \/>\n&#8220;Ich habe meinen Outliner ersetzt, dem die Funktionen des Nimbus Note fehlen.&#8221;<a href=\"https:\/\/sales-ai-agents.com\/de\/success-stories\/success-story-of-jorgen-sommer\/\">Vollst\u00e4ndige Geschichte ansehen<\/a><br \/>\n<img decoding=\"async\" src=\"https:\/\/sales-ai-agents.com\/wp-content\/uploads\/2022\/11\/andreas-hedler.webp\" alt=\"\" \/><br \/>\n<strong>Andreas Hedler<\/strong><br \/>\nPrivatperson<br \/>\n&#8220;Nimbus hat mein Leben vereinfacht, und der Traum vom papierlosen Arbeiten ist gar nicht mehr so weit entfernt.&#8221;<br \/>\n<a href=\"https:\/\/sales-ai-agents.com\/de\/success-stories\/success-story-of-andreas-hedler\/\">Vollst\u00e4ndige Geschichte ansehen<\/a><br \/>\n<img decoding=\"async\" src=\"https:\/\/sales-ai-agents.com\/wp-content\/uploads\/2022\/11\/david-norgaard.png\" alt=\"\" \/><br \/>\n<strong>David N\u00f8rgaard<\/strong><br \/>\nProduktdesigner<br \/>\n&#8220;Ich habe durch die Nutzung von Nimbus note bereits Zeit gespart, statt in Mails oder Ordnern auf Netzlaufwerken nach Informationen zu suchen.&#8221;<br \/>\n<a href=\"https:\/\/sales-ai-agents.com\/de\/success-stories\/success-story-of-david-norgaard\/\">Vollst\u00e4ndige Geschichte ansehen<\/a><br \/>\n<img decoding=\"async\" src=\"https:\/\/sales-ai-agents.com\/wp-content\/uploads\/2022\/11\/laszlo-lieszkovszky.webp\" alt=\"\" \/><br \/>\n<strong>Laszlo Lieszkovszky<\/strong><br \/>\nProgrammierer<br \/>\n&#8220;Nimbus note ist ein hervorragendes Werkzeug zum Schreiben von Hilfsdokumenten, die ich mit meinen Kunden teilen kann.&#8221;<br \/>\n<a href=\"https:\/\/sales-ai-agents.com\/de\/success-stories\/success-story-of-laszlo-lieszkovszky\/\">Vollst\u00e4ndige Geschichte ansehen<\/a><br \/>\nPW<br \/>\n<strong>Philipp Weber<\/strong><br \/>\nVater und Autor + ph-weberl<br \/>\n&#8220;Ich habe ein Dokument mit Text, PDFs und Bildern an eine gro\u00dfe Gruppe von Personen weitergegeben und keine Beschwerden erhalten.&#8221;<br \/>\n<a href=\"https:\/\/sales-ai-agents.com\/de\/success-stories\/success-story-of-philipp-weber\/\">Vollst\u00e4ndige Geschichte ansehen<\/a><br \/>\nST<br \/>\n<strong>Sherry Taschetta<\/strong><br \/>\nGrafikdesigner \/Hausfrau<br \/>\n&#8220;Seit ich auf Nimbus Note umgestiegen bin, kann ich meine Ordner besser organisieren, indem ich sie verschachtle.&#8221;<br \/>\n<a href=\"https:\/\/sales-ai-agents.com\/de\/success-stories\/success-story-of-sherry-taschetta\/\">Vollst\u00e4ndige Geschichte ansehen<\/a><br \/>\nJE<br \/>\n<strong>Jaime Espiritu<\/strong><br \/>\nFilmemacher<br \/>\n&#8220;Ich kann meine Videoclips und PDF-Dokumente leicht finden, wenn ich sie brauche. Dank der einfachen Schnittstelle macht es Spa\u00df, Notizen zu finden.&#8221;<br \/>\n<a href=\"https:\/\/sales-ai-agents.com\/de\/success-stories\/success-story-of-jaime-espiritu\/\">Vollst\u00e4ndige Geschichte ansehen<\/a><br \/>\nAC<br \/>\n<strong>Axel Cortvriendt<\/strong><br \/>\nSoftware-Entwickler mit Office 365-Umgebung<br \/>\n&#8220;Ich bin zuversichtlicher, dass ich die richtigen Aussagen schneller finden kann und ich muss mich nicht daran erinnern, wo bei welchem Kunden ich eine bestimmte Aussage gespeichert habe.<br \/>\n<a href=\"https:\/\/sales-ai-agents.com\/de\/success-stories\/success-story-of-axel-cortvriendt\/\">Vollst\u00e4ndige Geschichte ansehen<\/a><br \/>\n<img decoding=\"async\" src=\"https:\/\/sales-ai-agents.com\/wp-content\/uploads\/2022\/11\/daniel-falfan.webp\" alt=\"\" \/><br \/>\n<strong>Daniel Falf\u00e1n<\/strong><br \/>\nLeiter eines Lagerhauses in einem \u00f6rtlichen Krankenhaus<br \/>\n&#8220;Nimbus ist die Liebe meines Lebens, es ist so einfach, mit Tabellen und Informationen zu arbeiten, man kann damit spielen und jeden Tag neue Dinge entdecken. Es ist so einfach und intuitiv.&#8221;<br \/>\n<a href=\"https:\/\/sales-ai-agents.com\/de\/success-stories\/success-story-of-daniel-falfan\/\">Vollst\u00e4ndige Geschichte ansehen<\/a><br \/>\n<img decoding=\"async\" src=\"https:\/\/sales-ai-agents.com\/wp-content\/uploads\/2022\/11\/konstantin-thumm.webp\" alt=\"\" \/><br \/>\n<strong>Konstantin Thumm<\/strong><br \/>\nIT-Koordinator<br \/>\n&#8220;Nimbus ist viel besser und eine modernere und professionellere L\u00f6sung mit tollen Erweiterungen.&#8221;<br \/>\n<a href=\"https:\/\/sales-ai-agents.com\/de\/success-stories\/success-story-of-konstantin-thumm\/\">Vollst\u00e4ndige Geschichte ansehen<\/a><br \/>\nDr.B<br \/>\n<strong>Dr. Barrington Michael Guyer<\/strong><br \/>\nDer Vollstrecker eines komplizierten Nachlasses<br \/>\nIch habe nach dem &#8220;Upgrade&#8221; von Evernote etwa 10 Alternativen zu Evernote untersucht und festgestellt, dass Nimbus Note dem, was ich vorher benutzt habe, am \u00e4hnlichsten war. Alles ist jetzt so einfach und schnell zu bedienen. Nimbus Note hat es mir erm\u00f6glicht, meine rechtlichen Verpflichtungen mit Leichtigkeit zu erf\u00fcllen.&#8221;<br \/>\n<a href=\"https:\/\/sales-ai-agents.com\/de\/success-stories\/success-story-of-dr-barrington-michael-guyer\/\">Vollst\u00e4ndige Geschichte ansehen<\/a><br \/>\n<img decoding=\"async\" src=\"https:\/\/sales-ai-agents.com\/wp-content\/uploads\/2022\/11\/andrew-gibbs.jpeg\" alt=\"\" \/><br \/>\n<strong>Andrew Gibbs<\/strong><br \/>\nVP Drahtlose L\u00f6sungen<br \/>\n&#8220;Mit Nimbus Notes kann ich mit meinem Ordnersystem Informationen leicht finden. Ich habe den Zeitaufwand f\u00fcr administrative Arbeiten deutlich reduziert.&#8221;<br \/>\n<a href=\"https:\/\/sales-ai-agents.com\/de\/success-stories\/success-story-of-andrew-gibbs\/\">Vollst\u00e4ndige Geschichte ansehen<\/a><br \/>\nC.M<br \/>\n<strong>Chase Masters<\/strong><br \/>\nManager f\u00fcr Technologie und strategische Projekte<br \/>\n&#8220;Nimbus Note bietet viele Funktionen von Evernote, die ich regelm\u00e4\u00dfig benutze, und ich bin begeistert, dass es tats\u00e4chlich VIEL mehr kann als Evernote. Das Einbetten von Google Docs, Webseiten, Videos usw. wird in Zukunft sehr n\u00fctzlich sein.&#8221;<br \/>\n<a href=\"https:\/\/sales-ai-agents.com\/de\/success-stories\/success-story-of-chase-masters\/\">Vollst\u00e4ndige Geschichte ansehen<\/a><br \/>\n\t\t\t\t\t\t\t\t\t<img decoding=\"async\" src=\"https:\/\/sales-ai-agents.com\/wp-content\/uploads\/2022\/11\/tab-2-blue-icon.svg\">Business<br \/>\n<img decoding=\"async\" src=\"https:\/\/sales-ai-agents.com\/wp-content\/uploads\/elementor\/thumbs\/Peter_Wierenga_Use_Case-qcl90zr5sxn6akahlag8rss52n54enf6ogl13xq5mw.png\" alt=\"\" \/><br \/>\n<b>Peter Wierenga<br \/>\n<\/b>Direktor von European Christian Mission Niederlande<br \/>\n&#8220;Mit Nimbus und seiner KI-Technologie dauert es nur 5 Minuten, um zwei \u00dcbersetzungen fertig zu haben. Das sind 50% weniger Zeitaufwand, um einen gut geschriebenen Text mit \u00fcberpr\u00e4ckter Grammatik und Rechtschreibung zu erhalten.&#8221;<a href=\"https:\/\/sales-ai-agents.com\/de\/success-stories\/success-story-of-peter-wierenga\/\">Vollst\u00e4ndige Geschichte ansehen<\/a><br \/>\n<img decoding=\"async\" src=\"https:\/\/sales-ai-agents.com\/wp-content\/uploads\/2022\/11\/federico-jorge.webp\" alt=\"\" \/><br \/>\n<b>Federico Jorge<br \/>\n<\/b><br \/>\nSaaS LeadGen Texterin<br \/>\n&#8220;Es hat mir geholfen, meine Einstellung zu \u00e4ndern, von einer &#8220;Wir werden es schon herausfinden&#8221;-Haltung zu einer &#8220;Lass uns dokumentieren, wie wir das machen&#8221;-Mentalit\u00e4t, so wie skalierbare Unternehmen arbeiten sollten.<a href=\"https:\/\/sales-ai-agents.com\/de\/success-stories\/success-story-of-federico-jorge\/\">Vollst\u00e4ndige Geschichte ansehen<\/a><br \/>\n<img decoding=\"async\" src=\"https:\/\/sales-ai-agents.com\/wp-content\/uploads\/2022\/11\/chris-closset.webp\" alt=\"\" \/><br \/>\n<strong>Chris Closset<\/strong><br \/>\nGr\u00fcnder<br \/>\nvon Stoic By Design<br \/>\n&#8220;Wir empfehlen Nimbus notes jedem kreativen Unternehmen, oder so ziemlich jedem Unternehmen, das auf Notizen, Dokumente und Papier angewiesen ist, um Ideen und Prozesse zu speichern und zu teilen.&#8221;<br \/>\n<a href=\"https:\/\/sales-ai-agents.com\/de\/success-stories\/success-story-of-chris-closset\/\">Vollst\u00e4ndige Geschichte ansehen<\/a><br \/>\n<img decoding=\"async\" src=\"https:\/\/sales-ai-agents.com\/wp-content\/uploads\/2022\/11\/venkatesh-balasubramanian.png\" alt=\"\" \/><br \/>\n<strong>Venkatesh Balasubramanian<\/strong><br \/>\nCEO der Gruppe<br \/>\nCompunet-Verbindungen<br \/>\n&#8220;Nimbus Note hat uns geholfen, uns besser zu organisieren. Wir f\u00fchren mehrere Projekte durch, daher haben uns die Arbeitsbereiche geholfen. Wir m\u00fcssen unserem Team nicht mehr sagen, welche Art von Dokumenten sie vorbereiten m\u00fcssen.&#8221;<br \/>\n<a href=\"https:\/\/sales-ai-agents.com\/de\/success-stories\/success-story-of-venkatesh-balasubramanian\/\">Vollst\u00e4ndige Geschichte ansehen<\/a><br \/>\n<img decoding=\"async\" src=\"https:\/\/sales-ai-agents.com\/wp-content\/uploads\/2022\/11\/aj-rollsy.webp\" alt=\"\" \/><br \/>\n<strong>AJ Rollsy<\/strong><br \/>\nAutor, Berater und Unternehmer<br \/>\nBegr\u00fcnder der CORE Marketing Methode<br \/>\n&#8220;Ich sch\u00e4tze, dass ich etwa zwei Stunden pro Woche eingespart habe und, was noch wichtiger ist, dass ich dank Nimbus keine Informationen verloren habe, die sich bei meiner Arbeit als sehr wertvoll erwiesen haben.<br \/>\n<a href=\"https:\/\/sales-ai-agents.com\/de\/success-stories\/success-story-of-aj-rollsy\/\">Vollst\u00e4ndige Geschichte ansehen<\/a><br \/>\n<img fetchpriority=\"high\" decoding=\"async\" src=\"https:\/\/sales-ai-agents.com\/wp-content\/uploads\/2023\/02\/Seb-Vissers-225x300.png\" alt=\"\" width=\"225\" height=\"300\" \/><br \/>\n<strong>Seb Vissers<\/strong><br \/>\nMarketingleiter bei Leadable<br \/>\n&#8220;Ich arbeite eng mit unseren Kundenbetreuern zusammen, um neue L\u00f6sungen f\u00fcr unsere Kunden anzubieten, vor allem wenn es um Datentransparenz und KPI-Tracking geht.<br \/>\n<a href=\"https:\/\/sales-ai-agents.com\/de\/success-stories\/success-story-of-seb-vissers\/\">Vollst\u00e4ndige Geschichte ansehen<\/a><br \/>\n<img decoding=\"async\" src=\"https:\/\/sales-ai-agents.com\/wp-content\/uploads\/2022\/11\/monnel-espiritu.jpeg\" alt=\"\" \/><br \/>\n<strong>Monnel Espiritu<\/strong><br \/>\nSkill Hacker bei Skillful.Me<br \/>\nMitbegr\u00fcnder Skillful.Club<br \/>\n&#8220;Ich habe es geschafft, meinen Rahmen f\u00fcr den Erwerb von F\u00e4higkeiten mit Hilfe der vielen Funktionen von NN aufzubauen und zu verbessern, und ich habe positives Feedback von meinen Coaching-Kunden erhalten, die NN verwenden.<br \/>\n<a href=\"https:\/\/sales-ai-agents.com\/de\/success-stories\/success-story-of-monnel-espiritu\/\">Vollst\u00e4ndige Geschichte ansehen<\/a><br \/>\n\t\t\t\t\t\t\t\t\t<img decoding=\"async\" src=\"https:\/\/sales-ai-agents.com\/wp-content\/uploads\/2022\/11\/tab-3-blue-icon.svg\">  Bildung<br \/>\n<img decoding=\"async\" src=\"https:\/\/sales-ai-agents.com\/wp-content\/uploads\/2022\/11\/Janet_Pollock.webp\" alt=\"\" \/><br \/>\n<strong>Janet Pollock<br \/>\n<\/strong>Englischlehrerin<br \/>\nJames B. Hunt High School<br \/>\n&#8220;Nimbus Note hat mir als P\u00e4dagoge den Einstieg in die Welt des Fernunterrichts erleichtert.&#8221;<br \/>\n<a href=\"https:\/\/sales-ai-agents.com\/de\/success-stories\/success-story-of-janet-pollock\/\">Vollst\u00e4ndige Geschichte ansehen<\/a><br \/>\n<img decoding=\"async\" src=\"https:\/\/sales-ai-agents.com\/wp-content\/uploads\/2022\/11\/Stephen_Yost-2.jpeg\" alt=\"\" \/><br \/>\n<strong>Stephen Yost<\/strong><br \/>\nLehrer<br \/>\nim Schulbezirk Bethel Park<br \/>\n&#8220;Nimbus Note hat mir geholfen, mit meinen Sch\u00fclern in Kontakt zu treten und meine Erwartungen f\u00fcr jede Aufgabe zu formulieren.&#8221;<br \/>\n<a href=\"https:\/\/sales-ai-agents.com\/de\/success-stories\/success-story-of-stephen-yost\/\">Vollst\u00e4ndige Geschichte ansehen<\/a><br \/>\nSM<br \/>\n<strong>Scott Hackfleisch<\/strong><br \/>\nKundenbetreuerin<br \/>\nund alleinerziehender Vater<br \/>\n&#8220;Ich kann definitiv einen Unterschied im schnelleren Arbeitsablauf feststellen. Nimbus Note ist sp\u00fcrbar schneller beim Suchen, Erstellen und Bearbeiten von Notizen und Dokumenten.&#8221;<br \/>\n<a href=\"https:\/\/sales-ai-agents.com\/de\/success-stories\/success-story-of-scott-mince\/\">Vollst\u00e4ndige Geschichte ansehen<\/a><br \/>\nJV<br \/>\n<strong>Jackie VanPaemel<\/strong><br \/>\nTechnischer Administrator<br \/>\nan einer K-8-Schule<br \/>\n&#8220;Von unsch\u00e4tzbarem Wert f\u00fcr die gesamte Organisation, als sich unsere Verwaltung pl\u00f6tzlich \u00e4nderte, weil alle Geb\u00e4udeverfahren und Wartungsarbeiten bereits dokumentiert waren.&#8221;<br \/>\n<a href=\"https:\/\/sales-ai-agents.com\/de\/success-stories\/success-story-of-jackie-vanpaemel\/\">Vollst\u00e4ndige Geschichte ansehen<\/a><\/p>\n","protected":false},"excerpt":{"rendered":"<p>Nimbus Erfolgsgeschichten in der Wirtschaft Benutzer aus der ganzen Welt haben uns mitgeteilt, wie sie Nimbus in ihrem Arbeits- und Privatleben einsetzen. Da es sich beim Nimbus um ein multifunktionales Instrument handelt, variiert seine Anwendung je nach Einsatzgebiet und Benutzerpers\u00f6nlichkeit. Sehen Sie sich an, wie andere Menschen unsere Produkte benutzen und holen Sie sich neue [&hellip;]<\/p>\n","protected":false},"author":35,"featured_media":62994,"parent":0,"menu_order":0,"comment_status":"closed","ping_status":"closed","template":"templates\/success-stories.php","meta":{"_acf_changed":false,"inline_featured_image":false,"footnotes":""},"class_list":["post-22101","page","type-page","status-publish","has-post-thumbnail","hentry"],"acf":[],"yoast_head":"<!-- This site is optimized with the Yoast SEO plugin v25.3.1 - https:\/\/yoast.com\/wordpress\/plugins\/seo\/ -->\n<title>Erfolgsgeschichten von Menschen mit Nimbus - Sales AI Agents<\/title>\n<meta name=\"description\" content=\"Nimbus Note hilft Tausenden von Menschen, ihre Informationen, Ideen und Projekte an einem Ort zu organisieren und die Dinge zu erledigen. Lesen Sie ihre Erfolgsgeschichten.\" \/>\n<meta name=\"robots\" content=\"index, follow, max-snippet:-1, max-image-preview:large, max-video-preview:-1\" \/>\n<link rel=\"canonical\" href=\"https:\/\/sales-ai-agents.com\/de\/success-stories\/\" \/>\n<meta property=\"og:locale\" content=\"de_DE\" \/>\n<meta property=\"og:type\" content=\"article\" \/>\n<meta property=\"og:title\" content=\"Erfolgsgeschichten von Menschen mit Nimbus - Sales AI Agents\" \/>\n<meta property=\"og:description\" content=\"Nimbus Note hilft Tausenden von Menschen, ihre Informationen, Ideen und Projekte an einem Ort zu organisieren und die Dinge zu erledigen. Lesen Sie ihre Erfolgsgeschichten.\" \/>\n<meta property=\"og:url\" content=\"https:\/\/sales-ai-agents.com\/de\/success-stories\/\" \/>\n<meta property=\"og:site_name\" content=\"Sales AI Agents\" \/>\n<meta property=\"article:modified_time\" content=\"2023-12-28T14:43:10+00:00\" \/>\n<meta property=\"og:image\" content=\"https:\/\/sales-ai-agents.com\/wp-content\/uploads\/2025\/05\/og-2025.png\" \/>\n\t<meta property=\"og:image:width\" content=\"2400\" \/>\n\t<meta property=\"og:image:height\" content=\"1260\" \/>\n\t<meta property=\"og:image:type\" content=\"image\/png\" \/>\n<meta name=\"twitter:card\" content=\"summary_large_image\" \/>\n<script type=\"application\/ld+json\" class=\"yoast-schema-graph\">{\"@context\":\"https:\/\/schema.org\",\"@graph\":[{\"@type\":\"WebPage\",\"@id\":\"https:\/\/sales-ai-agents.com\/de\/success-stories\/\",\"url\":\"https:\/\/sales-ai-agents.com\/de\/success-stories\/\",\"name\":\"Erfolgsgeschichten von Menschen mit Nimbus - Sales AI Agents\",\"isPartOf\":{\"@id\":\"https:\/\/sales-ai-agents.com\/#website\"},\"primaryImageOfPage\":{\"@id\":\"https:\/\/sales-ai-agents.com\/de\/success-stories\/#primaryimage\"},\"image\":{\"@id\":\"https:\/\/sales-ai-agents.com\/de\/success-stories\/#primaryimage\"},\"thumbnailUrl\":\"https:\/\/sales-ai-agents.com\/wp-content\/uploads\/2023\/11\/icon-7.svg\",\"datePublished\":\"2022-11-07T07:09:38+00:00\",\"dateModified\":\"2023-12-28T14:43:10+00:00\",\"description\":\"Nimbus Note hilft Tausenden von Menschen, ihre Informationen, Ideen und Projekte an einem Ort zu organisieren und die Dinge zu erledigen. Lesen Sie ihre Erfolgsgeschichten.\",\"inLanguage\":\"de-DE\",\"potentialAction\":[{\"@type\":\"ReadAction\",\"target\":[\"https:\/\/sales-ai-agents.com\/de\/success-stories\/\"]}]},{\"@type\":\"ImageObject\",\"inLanguage\":\"de-DE\",\"@id\":\"https:\/\/sales-ai-agents.com\/de\/success-stories\/#primaryimage\",\"url\":\"https:\/\/sales-ai-agents.com\/wp-content\/uploads\/2023\/11\/icon-7.svg\",\"contentUrl\":\"https:\/\/sales-ai-agents.com\/wp-content\/uploads\/2023\/11\/icon-7.svg\"},{\"@type\":\"WebSite\",\"@id\":\"https:\/\/sales-ai-agents.com\/#website\",\"url\":\"https:\/\/sales-ai-agents.com\/\",\"name\":\"FuseBase\",\"description\":\"Nimbus Platform - Free Online Collaboration Software for Remote Teams. Build your wikis, client portals and more with the Nimbus Platform collaboration tool ? A perfect space for online work\",\"publisher\":{\"@id\":\"https:\/\/sales-ai-agents.com\/#organization\"},\"potentialAction\":[{\"@type\":\"SearchAction\",\"target\":{\"@type\":\"EntryPoint\",\"urlTemplate\":\"https:\/\/sales-ai-agents.com\/?s={search_term_string}\"},\"query-input\":{\"@type\":\"PropertyValueSpecification\",\"valueRequired\":true,\"valueName\":\"search_term_string\"}}],\"inLanguage\":\"de-DE\"},{\"@type\":\"Organization\",\"@id\":\"https:\/\/sales-ai-agents.com\/#organization\",\"name\":\"FuseBase\",\"url\":\"https:\/\/sales-ai-agents.com\/\",\"logo\":{\"@type\":\"ImageObject\",\"inLanguage\":\"de-DE\",\"@id\":\"https:\/\/sales-ai-agents.com\/#\/schema\/logo\/image\/\",\"url\":\"https:\/\/sales-ai-agents.com\/wp-content\/uploads\/2023\/11\/icon-7.svg\",\"contentUrl\":\"https:\/\/sales-ai-agents.com\/wp-content\/uploads\/2023\/11\/icon-7.svg\",\"width\":128,\"height\":128,\"caption\":\"FuseBase\"},\"image\":{\"@id\":\"https:\/\/sales-ai-agents.com\/#\/schema\/logo\/image\/\"}}]}<\/script>\n<!-- \/ Yoast SEO plugin. -->","yoast_head_json":{"title":"Erfolgsgeschichten von Menschen mit Nimbus - Sales AI Agents","description":"Nimbus Note hilft Tausenden von Menschen, ihre Informationen, Ideen und Projekte an einem Ort zu organisieren und die Dinge zu erledigen. Lesen Sie ihre Erfolgsgeschichten.","robots":{"index":"index","follow":"follow","max-snippet":"max-snippet:-1","max-image-preview":"max-image-preview:large","max-video-preview":"max-video-preview:-1"},"canonical":"https:\/\/sales-ai-agents.com\/de\/success-stories\/","og_locale":"de_DE","og_type":"article","og_title":"Erfolgsgeschichten von Menschen mit Nimbus - Sales AI Agents","og_description":"Nimbus Note hilft Tausenden von Menschen, ihre Informationen, Ideen und Projekte an einem Ort zu organisieren und die Dinge zu erledigen. Lesen Sie ihre Erfolgsgeschichten.","og_url":"https:\/\/sales-ai-agents.com\/de\/success-stories\/","og_site_name":"Sales AI Agents","article_modified_time":"2023-12-28T14:43:10+00:00","og_image":[{"width":2400,"height":1260,"url":"https:\/\/sales-ai-agents.com\/wp-content\/uploads\/2025\/05\/og-2025.png","type":"image\/png"}],"twitter_card":"summary_large_image","schema":{"@context":"https:\/\/schema.org","@graph":[{"@type":"WebPage","@id":"https:\/\/sales-ai-agents.com\/de\/success-stories\/","url":"https:\/\/sales-ai-agents.com\/de\/success-stories\/","name":"Erfolgsgeschichten von Menschen mit Nimbus - Sales AI Agents","isPartOf":{"@id":"https:\/\/sales-ai-agents.com\/#website"},"primaryImageOfPage":{"@id":"https:\/\/sales-ai-agents.com\/de\/success-stories\/#primaryimage"},"image":{"@id":"https:\/\/sales-ai-agents.com\/de\/success-stories\/#primaryimage"},"thumbnailUrl":"https:\/\/sales-ai-agents.com\/wp-content\/uploads\/2023\/11\/icon-7.svg","datePublished":"2022-11-07T07:09:38+00:00","dateModified":"2023-12-28T14:43:10+00:00","description":"Nimbus Note hilft Tausenden von Menschen, ihre Informationen, Ideen und Projekte an einem Ort zu organisieren und die Dinge zu erledigen. Lesen Sie ihre Erfolgsgeschichten.","inLanguage":"de-DE","potentialAction":[{"@type":"ReadAction","target":["https:\/\/sales-ai-agents.com\/de\/success-stories\/"]}]},{"@type":"ImageObject","inLanguage":"de-DE","@id":"https:\/\/sales-ai-agents.com\/de\/success-stories\/#primaryimage","url":"https:\/\/sales-ai-agents.com\/wp-content\/uploads\/2023\/11\/icon-7.svg","contentUrl":"https:\/\/sales-ai-agents.com\/wp-content\/uploads\/2023\/11\/icon-7.svg"},{"@type":"WebSite","@id":"https:\/\/sales-ai-agents.com\/#website","url":"https:\/\/sales-ai-agents.com\/","name":"FuseBase","description":"Nimbus Platform - Free Online Collaboration Software for Remote Teams. Build your wikis, client portals and more with the Nimbus Platform collaboration tool ? A perfect space for online work","publisher":{"@id":"https:\/\/sales-ai-agents.com\/#organization"},"potentialAction":[{"@type":"SearchAction","target":{"@type":"EntryPoint","urlTemplate":"https:\/\/sales-ai-agents.com\/?s={search_term_string}"},"query-input":{"@type":"PropertyValueSpecification","valueRequired":true,"valueName":"search_term_string"}}],"inLanguage":"de-DE"},{"@type":"Organization","@id":"https:\/\/sales-ai-agents.com\/#organization","name":"FuseBase","url":"https:\/\/sales-ai-agents.com\/","logo":{"@type":"ImageObject","inLanguage":"de-DE","@id":"https:\/\/sales-ai-agents.com\/#\/schema\/logo\/image\/","url":"https:\/\/sales-ai-agents.com\/wp-content\/uploads\/2023\/11\/icon-7.svg","contentUrl":"https:\/\/sales-ai-agents.com\/wp-content\/uploads\/2023\/11\/icon-7.svg","width":128,"height":128,"caption":"FuseBase"},"image":{"@id":"https:\/\/sales-ai-agents.com\/#\/schema\/logo\/image\/"}}]}},"_links":{"self":[{"href":"https:\/\/sales-ai-agents.com\/de\/wp-json\/wp\/v2\/pages\/22101","targetHints":{"allow":["GET"]}}],"collection":[{"href":"https:\/\/sales-ai-agents.com\/de\/wp-json\/wp\/v2\/pages"}],"about":[{"href":"https:\/\/sales-ai-agents.com\/de\/wp-json\/wp\/v2\/types\/page"}],"author":[{"embeddable":true,"href":"https:\/\/sales-ai-agents.com\/de\/wp-json\/wp\/v2\/users\/35"}],"replies":[{"embeddable":true,"href":"https:\/\/sales-ai-agents.com\/de\/wp-json\/wp\/v2\/comments?post=22101"}],"version-history":[{"count":0,"href":"https:\/\/sales-ai-agents.com\/de\/wp-json\/wp\/v2\/pages\/22101\/revisions"}],"wp:featuredmedia":[{"embeddable":true,"href":"https:\/\/sales-ai-agents.com\/de\/wp-json\/wp\/v2\/media\/62994"}],"wp:attachment":[{"href":"https:\/\/sales-ai-agents.com\/de\/wp-json\/wp\/v2\/media?parent=22101"}],"curies":[{"name":"wp","href":"https:\/\/api.w.org\/{rel}","templated":true}]}}