{"id":52245,"date":"2023-06-08T10:56:45","date_gmt":"2023-06-08T10:56:45","guid":{"rendered":"https:\/\/sales-ai-agents.com\/templates\/company-jobs-desription\/"},"modified":"2023-09-20T18:54:28","modified_gmt":"2023-09-20T18:54:28","slug":"company-jobs-desription","status":"publish","type":"product","link":"https:\/\/sales-ai-agents.com\/de\/templates\/company-jobs-desription\/","title":{"rendered":"Unternehmen Stellenbeschreibung"},"content":{"rendered":"<h2 id=\"b3424472210_3322\" class=\"editable-text paragraph indent-0 allow-dragging focused-block selected-block selected-block-wrapper\">Unternehmen Jobs Des\u0441ription Vorlage<\/h2>\n<p>Unsere Vorlage wurde speziell entwickelt, um Unternehmen bei der Erstellung von Stellenbeschreibungen Zeit und M\u00fche zu sparen. F\u00fcgen Sie dieses Dokument in den Einf\u00fchrungsprozess ein, damit jeder im Unternehmen seinen Verantwortungsbereich kennt. Dank des benutzerfreundlichen Formats k\u00f6nnen Sie im Handumdrehen detaillierte und attraktive Stellenausschreibungen erstellen. Erstellen Sie Stellenbeschreibungen, die die besten Talente f\u00fcr Ihr Unternehmen anziehen. Probieren Sie es noch heute aus und \u00fcberzeugen Sie sich selbst von den Vorteilen!<\/p>\n<p>&nbsp;<\/p>\n<h5 id=\"b3424472210_164\" class=\"editable-text paragraph indent-0 selected-block selected-block-wrapper\">Wie zu verwenden:<\/h5>\n<ul id=\"b3424472210_5626\" class=\"editor-list number-template-decimal-all\">\n<li id=\"b830703306_944\" class=\"list-item-bullet editable-text list-item indent-0 selected-block selected-block-wrapper\">F\u00fcgen Sie eine neue Position hinzu oder l\u00f6schen Sie irrelevante Positionen;<\/li>\n<li id=\"b830703306_1000\" class=\"list-item-bullet editable-text list-item indent-0 selected-block selected-block-wrapper\">\u00d6ffnen Sie <a href=\"https:\/\/sales-ai-agents.com\/de\/guides\/basics\/toggles\/\" target=\"_blank\" rel=\"noopener\">den Kippschalterblock<\/a>, um die Beschreibung zu lesen und anzupassen;<\/li>\n<li id=\"b830703306_1071\" class=\"list-item-bullet editable-text list-item indent-0 selected-block selected-block-wrapper\">F\u00fchren Sie in <a href=\"https:\/\/sales-ai-agents.com\/de\/guides\/basics\/writing-and-editing\/#b1064636868_4292\" target=\"_blank\" rel=\"noopener\">einer Aufz\u00e4hlung<\/a> auf, wof\u00fcr der Mitarbeiter zust\u00e4ndig ist.<\/li>\n<\/ul>\n","protected":false},"excerpt":{"rendered":"<p>Verwenden Sie dieses Dokument als Teil Ihres Einf\u00fchrungsprozesses, damit jeder die Zust\u00e4ndigkeitsbereiche der Mitarbeiter kennt. Sie k\u00f6nnen die Komplexit\u00e4t des Arbeitsverh\u00e4ltnisses vereinfachen, eine positive Erfahrung f\u00fcr Ihre Mitarbeiter schaffen und Ihren neuen Mitarbeitern den Weg zum Erfolg ebnen. Fangen Sie noch heute an und sch\u00f6pfen Sie das Potenzial der Talente in Ihrem Unternehmen voll aus!<\/p>\n","protected":false},"featured_media":40661,"template":"","meta":{"_acf_changed":false,"inline_featured_image":false},"product_brand":[],"product_cat":[178,169],"product_tag":[],"class_list":{"0":"post-52245","1":"product","2":"type-product","3":"status-publish","4":"has-post-thumbnail","6":"product_cat-operations-hr","7":"product_cat-entrepreneur","8":"collections-onboarding","10":"first","11":"instock","12":"shipping-taxable","13":"product-type-simple"},"acf":[],"yoast_head":"<!-- This site is optimized with the Yoast SEO plugin v25.3.1 - https:\/\/yoast.com\/wordpress\/plugins\/seo\/ -->\n<title>Unternehmen Stellenbeschreibung Vorlage - Sales AI Agents<\/title>\n<meta name=\"description\" content=\"Legen Sie die Verantwortungsbereiche der Mitarbeiter fest, um eine gut koordinierte Arbeit in Ihrem Unternehmen zu gew\u00e4hrleisten. Verwenden Sie dieses Dokument als Teil des Onboarding-Prozesses!\" \/>\n<meta name=\"robots\" content=\"index, follow, max-snippet:-1, max-image-preview:large, max-video-preview:-1\" \/>\n<link rel=\"canonical\" href=\"https:\/\/sales-ai-agents.com\/de\/templates\/company-jobs-desription\/\" \/>\n<meta property=\"og:locale\" content=\"de_DE\" \/>\n<meta property=\"og:type\" content=\"article\" \/>\n<meta property=\"og:title\" content=\"Unternehmen Stellenbeschreibung Vorlage - Sales AI Agents\" \/>\n<meta property=\"og:description\" content=\"Legen Sie die Verantwortungsbereiche der Mitarbeiter fest, um eine gut koordinierte Arbeit in Ihrem Unternehmen zu gew\u00e4hrleisten. Verwenden Sie dieses Dokument als Teil des Onboarding-Prozesses!\" \/>\n<meta property=\"og:url\" content=\"https:\/\/sales-ai-agents.com\/de\/templates\/company-jobs-desription\/\" \/>\n<meta property=\"og:site_name\" content=\"Sales AI Agents\" \/>\n<meta property=\"article:modified_time\" content=\"2023-09-20T18:54:28+00:00\" \/>\n<meta property=\"og:image\" content=\"https:\/\/sales-ai-agents.com\/wp-content\/uploads\/2023\/05\/Company-Jobs-Desription-Template.png\" \/>\n\t<meta property=\"og:image:width\" content=\"1700\" \/>\n\t<meta property=\"og:image:height\" content=\"1100\" \/>\n\t<meta property=\"og:image:type\" content=\"image\/png\" \/>\n<meta name=\"twitter:card\" content=\"summary_large_image\" \/>\n<script type=\"application\/ld+json\" class=\"yoast-schema-graph\">{\"@context\":\"https:\/\/schema.org\",\"@graph\":[{\"@type\":\"WebPage\",\"@id\":\"https:\/\/sales-ai-agents.com\/de\/templates\/company-jobs-desription\/\",\"url\":\"https:\/\/sales-ai-agents.com\/de\/templates\/company-jobs-desription\/\",\"name\":\"Unternehmen Stellenbeschreibung Vorlage - Sales AI Agents\",\"isPartOf\":{\"@id\":\"https:\/\/sales-ai-agents.com\/#website\"},\"primaryImageOfPage\":{\"@id\":\"https:\/\/sales-ai-agents.com\/de\/templates\/company-jobs-desription\/#primaryimage\"},\"image\":{\"@id\":\"https:\/\/sales-ai-agents.com\/de\/templates\/company-jobs-desription\/#primaryimage\"},\"thumbnailUrl\":\"https:\/\/sales-ai-agents.com\/wp-content\/uploads\/2023\/05\/Company-Jobs-Desription-Template.png\",\"datePublished\":\"2023-06-08T10:56:45+00:00\",\"dateModified\":\"2023-09-20T18:54:28+00:00\",\"description\":\"Legen Sie die Verantwortungsbereiche der Mitarbeiter fest, um eine gut koordinierte Arbeit in Ihrem Unternehmen zu gew\u00e4hrleisten. Verwenden Sie dieses Dokument als Teil des Onboarding-Prozesses!\",\"inLanguage\":\"de-DE\",\"potentialAction\":[{\"@type\":\"ReadAction\",\"target\":[\"https:\/\/sales-ai-agents.com\/de\/templates\/company-jobs-desription\/\"]}]},{\"@type\":\"ImageObject\",\"inLanguage\":\"de-DE\",\"@id\":\"https:\/\/sales-ai-agents.com\/de\/templates\/company-jobs-desription\/#primaryimage\",\"url\":\"https:\/\/sales-ai-agents.com\/wp-content\/uploads\/2023\/05\/Company-Jobs-Desription-Template.png\",\"contentUrl\":\"https:\/\/sales-ai-agents.com\/wp-content\/uploads\/2023\/05\/Company-Jobs-Desription-Template.png\",\"width\":1700,\"height\":1100,\"caption\":\"Company Jobs Description Template - Nimbus Platform\"},{\"@type\":\"WebSite\",\"@id\":\"https:\/\/sales-ai-agents.com\/#website\",\"url\":\"https:\/\/sales-ai-agents.com\/\",\"name\":\"FuseBase\",\"description\":\"Nimbus Platform - Free Online Collaboration Software for Remote Teams. Build your wikis, client portals and more with the Nimbus Platform collaboration tool ? A perfect space for online work\",\"publisher\":{\"@id\":\"https:\/\/sales-ai-agents.com\/#organization\"},\"potentialAction\":[{\"@type\":\"SearchAction\",\"target\":{\"@type\":\"EntryPoint\",\"urlTemplate\":\"https:\/\/sales-ai-agents.com\/?s={search_term_string}\"},\"query-input\":{\"@type\":\"PropertyValueSpecification\",\"valueRequired\":true,\"valueName\":\"search_term_string\"}}],\"inLanguage\":\"de-DE\"},{\"@type\":\"Organization\",\"@id\":\"https:\/\/sales-ai-agents.com\/#organization\",\"name\":\"FuseBase\",\"url\":\"https:\/\/sales-ai-agents.com\/\",\"logo\":{\"@type\":\"ImageObject\",\"inLanguage\":\"de-DE\",\"@id\":\"https:\/\/sales-ai-agents.com\/#\/schema\/logo\/image\/\",\"url\":\"https:\/\/sales-ai-agents.com\/wp-content\/uploads\/2023\/11\/icon-7.svg\",\"contentUrl\":\"https:\/\/sales-ai-agents.com\/wp-content\/uploads\/2023\/11\/icon-7.svg\",\"width\":128,\"height\":128,\"caption\":\"FuseBase\"},\"image\":{\"@id\":\"https:\/\/sales-ai-agents.com\/#\/schema\/logo\/image\/\"}}]}<\/script>\n<!-- \/ Yoast SEO plugin. -->","yoast_head_json":{"title":"Unternehmen Stellenbeschreibung Vorlage - Sales AI Agents","description":"Legen Sie die Verantwortungsbereiche der Mitarbeiter fest, um eine gut koordinierte Arbeit in Ihrem Unternehmen zu gew\u00e4hrleisten. Verwenden Sie dieses Dokument als Teil des Onboarding-Prozesses!","robots":{"index":"index","follow":"follow","max-snippet":"max-snippet:-1","max-image-preview":"max-image-preview:large","max-video-preview":"max-video-preview:-1"},"canonical":"https:\/\/sales-ai-agents.com\/de\/templates\/company-jobs-desription\/","og_locale":"de_DE","og_type":"article","og_title":"Unternehmen Stellenbeschreibung Vorlage - Sales AI Agents","og_description":"Legen Sie die Verantwortungsbereiche der Mitarbeiter fest, um eine gut koordinierte Arbeit in Ihrem Unternehmen zu gew\u00e4hrleisten. Verwenden Sie dieses Dokument als Teil des Onboarding-Prozesses!","og_url":"https:\/\/sales-ai-agents.com\/de\/templates\/company-jobs-desription\/","og_site_name":"Sales AI Agents","article_modified_time":"2023-09-20T18:54:28+00:00","og_image":[{"width":1700,"height":1100,"url":"https:\/\/sales-ai-agents.com\/wp-content\/uploads\/2023\/05\/Company-Jobs-Desription-Template.png","type":"image\/png"}],"twitter_card":"summary_large_image","schema":{"@context":"https:\/\/schema.org","@graph":[{"@type":"WebPage","@id":"https:\/\/sales-ai-agents.com\/de\/templates\/company-jobs-desription\/","url":"https:\/\/sales-ai-agents.com\/de\/templates\/company-jobs-desription\/","name":"Unternehmen Stellenbeschreibung Vorlage - Sales AI Agents","isPartOf":{"@id":"https:\/\/sales-ai-agents.com\/#website"},"primaryImageOfPage":{"@id":"https:\/\/sales-ai-agents.com\/de\/templates\/company-jobs-desription\/#primaryimage"},"image":{"@id":"https:\/\/sales-ai-agents.com\/de\/templates\/company-jobs-desription\/#primaryimage"},"thumbnailUrl":"https:\/\/sales-ai-agents.com\/wp-content\/uploads\/2023\/05\/Company-Jobs-Desription-Template.png","datePublished":"2023-06-08T10:56:45+00:00","dateModified":"2023-09-20T18:54:28+00:00","description":"Legen Sie die Verantwortungsbereiche der Mitarbeiter fest, um eine gut koordinierte Arbeit in Ihrem Unternehmen zu gew\u00e4hrleisten. Verwenden Sie dieses Dokument als Teil des Onboarding-Prozesses!","inLanguage":"de-DE","potentialAction":[{"@type":"ReadAction","target":["https:\/\/sales-ai-agents.com\/de\/templates\/company-jobs-desription\/"]}]},{"@type":"ImageObject","inLanguage":"de-DE","@id":"https:\/\/sales-ai-agents.com\/de\/templates\/company-jobs-desription\/#primaryimage","url":"https:\/\/sales-ai-agents.com\/wp-content\/uploads\/2023\/05\/Company-Jobs-Desription-Template.png","contentUrl":"https:\/\/sales-ai-agents.com\/wp-content\/uploads\/2023\/05\/Company-Jobs-Desription-Template.png","width":1700,"height":1100,"caption":"Company Jobs Description Template - Nimbus Platform"},{"@type":"WebSite","@id":"https:\/\/sales-ai-agents.com\/#website","url":"https:\/\/sales-ai-agents.com\/","name":"FuseBase","description":"Nimbus Platform - Free Online Collaboration Software for Remote Teams. Build your wikis, client portals and more with the Nimbus Platform collaboration tool ? A perfect space for online work","publisher":{"@id":"https:\/\/sales-ai-agents.com\/#organization"},"potentialAction":[{"@type":"SearchAction","target":{"@type":"EntryPoint","urlTemplate":"https:\/\/sales-ai-agents.com\/?s={search_term_string}"},"query-input":{"@type":"PropertyValueSpecification","valueRequired":true,"valueName":"search_term_string"}}],"inLanguage":"de-DE"},{"@type":"Organization","@id":"https:\/\/sales-ai-agents.com\/#organization","name":"FuseBase","url":"https:\/\/sales-ai-agents.com\/","logo":{"@type":"ImageObject","inLanguage":"de-DE","@id":"https:\/\/sales-ai-agents.com\/#\/schema\/logo\/image\/","url":"https:\/\/sales-ai-agents.com\/wp-content\/uploads\/2023\/11\/icon-7.svg","contentUrl":"https:\/\/sales-ai-agents.com\/wp-content\/uploads\/2023\/11\/icon-7.svg","width":128,"height":128,"caption":"FuseBase"},"image":{"@id":"https:\/\/sales-ai-agents.com\/#\/schema\/logo\/image\/"}}]}},"_links":{"self":[{"href":"https:\/\/sales-ai-agents.com\/de\/wp-json\/wp\/v2\/product\/52245","targetHints":{"allow":["GET"]}}],"collection":[{"href":"https:\/\/sales-ai-agents.com\/de\/wp-json\/wp\/v2\/product"}],"about":[{"href":"https:\/\/sales-ai-agents.com\/de\/wp-json\/wp\/v2\/types\/product"}],"wp:featuredmedia":[{"embeddable":true,"href":"https:\/\/sales-ai-agents.com\/de\/wp-json\/wp\/v2\/media\/40661"}],"wp:attachment":[{"href":"https:\/\/sales-ai-agents.com\/de\/wp-json\/wp\/v2\/media?parent=52245"}],"wp:term":[{"taxonomy":"product_brand","embeddable":true,"href":"https:\/\/sales-ai-agents.com\/de\/wp-json\/wp\/v2\/product_brand?post=52245"},{"taxonomy":"product_cat","embeddable":true,"href":"https:\/\/sales-ai-agents.com\/de\/wp-json\/wp\/v2\/product_cat?post=52245"},{"taxonomy":"product_tag","embeddable":true,"href":"https:\/\/sales-ai-agents.com\/de\/wp-json\/wp\/v2\/product_tag?post=52245"}],"curies":[{"name":"wp","href":"https:\/\/api.w.org\/{rel}","templated":true}]}}