{"id":53069,"date":"2023-06-08T10:36:56","date_gmt":"2023-06-08T10:36:56","guid":{"rendered":"https:\/\/sales-ai-agents.com\/templates\/company-goals\/"},"modified":"2023-09-20T19:03:28","modified_gmt":"2023-09-20T19:03:28","slug":"company-goals","status":"publish","type":"product","link":"https:\/\/sales-ai-agents.com\/de\/templates\/company-goals\/","title":{"rendered":"Ziele des Unternehmens"},"content":{"rendered":"<h2 id=\"b3424472210_10408\" class=\"editable-text paragraph indent-0 allow-dragging focused-block selected-block selected-block-wrapper\">Unternehmensziele Vorlage<\/h2>\n<p>Die Festlegung klarer und umsetzbarer Ziele ist f\u00fcr das Gedeihen eines jeden Unternehmens von entscheidender Bedeutung, und unsere Vorlage wurde entwickelt, um diesen Prozess effizient, effektiv und wirkungsvoll zu gestalten. Mit dieser Vorlage sind Sie in der Lage, eine gemeinsame Vision zu entwickeln, Priorit\u00e4ten zu setzen und Ihr Team zu neuen H\u00f6chstleistungen zu motivieren. Nutzen Sie unsere Vorlage f\u00fcr Unternehmensziele, um eine Kultur der Klarheit, Fokussierung und Zusammenarbeit in Ihrer Organisation zu schaffen.<\/p>\n<h5><\/h5>\n<h5 id=\"b3424472210_8721\" class=\"editable-text paragraph indent-0 selected-block selected-block-wrapper\">Wie zu verwenden:<\/h5>\n<ul id=\"b3424472210_9713\" class=\"editor-list number-template-decimal-all\">\n<li id=\"b830703306_2838\" class=\"list-item-bullet editable-text list-item indent-0 selected-block selected-block-wrapper\"><a href=\"https:\/\/sales-ai-agents.com\/de\/guides\/embedding-sharing\/embeds\/\" target=\"_blank\" rel=\"noopener\">F\u00fcgen Sie Einbettungen hinzu<\/a>, um die Qualit\u00e4t der Aussagen zu maximieren;<\/li>\n<li id=\"b830703306_2898\" class=\"list-item-bullet editable-text list-item indent-0 selected-block selected-block-wrapper\">F\u00fcgen Sie zus\u00e4tzliche Grafiken \u00fcber <a href=\"https:\/\/sales-ai-agents.com\/de\/guides\/basics\/images\/\" target=\"_blank\" rel=\"noopener\">die Option Bilder<\/a> hinzu;<\/li>\n<li id=\"b830703306_2948\" class=\"list-item-bullet editable-text list-item indent-0 selected-block selected-block-wrapper\">Passen Sie die Tabelle &#8222;Serviceangebote&#8220; mit den Spaltentypen <a href=\"https:\/\/sales-ai-agents.com\/de\/guides\/table-database\/database\/#b470768785_1059\" target=\"_blank\" rel=\"noopener\">&#8222;Bewertung&#8220;<\/a> und <a href=\"https:\/\/sales-ai-agents.com\/de\/guides\/table-database\/database\/#b470768785_929\" target=\"_blank\" rel=\"noopener\">&#8222;Einzelauswahl&#8220;<\/a> entsprechend Ihren Unternehmensvorschl\u00e4gen an.<\/li>\n<\/ul>\n","protected":false},"excerpt":{"rendered":"<p>Sind Sie bereit, in Ihrem Unternehmen eine Kultur der Leistung und Ausrichtung zu schaffen? Machen Sie sich die Macht der Zielsetzung mit unserer Vorlage zunutze. Inspirieren Sie Ihr Team, f\u00f6rdern Sie die Zusammenarbeit und treiben Sie Ihr Unternehmen zum Erfolg. Starten Sie noch heute und sch\u00f6pfen Sie das volle Potenzial des internen Antriebs Ihres Unternehmens aus!<\/p>\n","protected":false},"featured_media":40713,"template":"","meta":{"_acf_changed":false,"inline_featured_image":false},"product_brand":[],"product_cat":[178,169],"product_tag":[],"class_list":{"0":"post-53069","1":"product","2":"type-product","3":"status-publish","4":"has-post-thumbnail","6":"product_cat-operations-hr","7":"product_cat-entrepreneur","8":"collections-onboarding","10":"first","11":"instock","12":"shipping-taxable","13":"product-type-simple"},"acf":[],"yoast_head":"<!-- This site is optimized with the Yoast SEO plugin v25.3.1 - https:\/\/yoast.com\/wordpress\/plugins\/seo\/ -->\n<title>Ziele des Unternehmens Vorlage - Sales AI Agents<\/title>\n<meta name=\"description\" content=\"Sch\u00f6pfen Sie das wahre Potenzial Ihrer Organisation aus, indem Sie die Kraft der strategischen Planung und Zielsetzung mit unserer umfassenden Vorlage nutzen.\" \/>\n<meta name=\"robots\" content=\"index, follow, max-snippet:-1, max-image-preview:large, max-video-preview:-1\" \/>\n<link rel=\"canonical\" href=\"https:\/\/sales-ai-agents.com\/de\/templates\/company-goals\/\" \/>\n<meta property=\"og:locale\" content=\"de_DE\" \/>\n<meta property=\"og:type\" content=\"article\" \/>\n<meta property=\"og:title\" content=\"Ziele des Unternehmens Vorlage - Sales AI Agents\" \/>\n<meta property=\"og:description\" content=\"Sch\u00f6pfen Sie das wahre Potenzial Ihrer Organisation aus, indem Sie die Kraft der strategischen Planung und Zielsetzung mit unserer umfassenden Vorlage nutzen.\" \/>\n<meta property=\"og:url\" content=\"https:\/\/sales-ai-agents.com\/de\/templates\/company-goals\/\" \/>\n<meta property=\"og:site_name\" content=\"Sales AI Agents\" \/>\n<meta property=\"article:modified_time\" content=\"2023-09-20T19:03:28+00:00\" \/>\n<meta property=\"og:image\" content=\"https:\/\/sales-ai-agents.com\/wp-content\/uploads\/2023\/05\/Company-Goals-Template.png\" \/>\n\t<meta property=\"og:image:width\" content=\"1700\" \/>\n\t<meta property=\"og:image:height\" content=\"1100\" \/>\n\t<meta property=\"og:image:type\" content=\"image\/png\" \/>\n<meta name=\"twitter:card\" content=\"summary_large_image\" \/>\n<script type=\"application\/ld+json\" class=\"yoast-schema-graph\">{\"@context\":\"https:\/\/schema.org\",\"@graph\":[{\"@type\":\"WebPage\",\"@id\":\"https:\/\/sales-ai-agents.com\/de\/templates\/company-goals\/\",\"url\":\"https:\/\/sales-ai-agents.com\/de\/templates\/company-goals\/\",\"name\":\"Ziele des Unternehmens Vorlage - Sales AI Agents\",\"isPartOf\":{\"@id\":\"https:\/\/sales-ai-agents.com\/#website\"},\"primaryImageOfPage\":{\"@id\":\"https:\/\/sales-ai-agents.com\/de\/templates\/company-goals\/#primaryimage\"},\"image\":{\"@id\":\"https:\/\/sales-ai-agents.com\/de\/templates\/company-goals\/#primaryimage\"},\"thumbnailUrl\":\"https:\/\/sales-ai-agents.com\/wp-content\/uploads\/2023\/05\/Company-Goals-Template.png\",\"datePublished\":\"2023-06-08T10:36:56+00:00\",\"dateModified\":\"2023-09-20T19:03:28+00:00\",\"description\":\"Sch\u00f6pfen Sie das wahre Potenzial Ihrer Organisation aus, indem Sie die Kraft der strategischen Planung und Zielsetzung mit unserer umfassenden Vorlage nutzen.\",\"inLanguage\":\"de-DE\",\"potentialAction\":[{\"@type\":\"ReadAction\",\"target\":[\"https:\/\/sales-ai-agents.com\/de\/templates\/company-goals\/\"]}]},{\"@type\":\"ImageObject\",\"inLanguage\":\"de-DE\",\"@id\":\"https:\/\/sales-ai-agents.com\/de\/templates\/company-goals\/#primaryimage\",\"url\":\"https:\/\/sales-ai-agents.com\/wp-content\/uploads\/2023\/05\/Company-Goals-Template.png\",\"contentUrl\":\"https:\/\/sales-ai-agents.com\/wp-content\/uploads\/2023\/05\/Company-Goals-Template.png\",\"width\":1700,\"height\":1100,\"caption\":\"Company Goals Template - Nimbus Platform\"},{\"@type\":\"WebSite\",\"@id\":\"https:\/\/sales-ai-agents.com\/#website\",\"url\":\"https:\/\/sales-ai-agents.com\/\",\"name\":\"FuseBase\",\"description\":\"Nimbus Platform - Free Online Collaboration Software for Remote Teams. Build your wikis, client portals and more with the Nimbus Platform collaboration tool ? A perfect space for online work\",\"publisher\":{\"@id\":\"https:\/\/sales-ai-agents.com\/#organization\"},\"potentialAction\":[{\"@type\":\"SearchAction\",\"target\":{\"@type\":\"EntryPoint\",\"urlTemplate\":\"https:\/\/sales-ai-agents.com\/?s={search_term_string}\"},\"query-input\":{\"@type\":\"PropertyValueSpecification\",\"valueRequired\":true,\"valueName\":\"search_term_string\"}}],\"inLanguage\":\"de-DE\"},{\"@type\":\"Organization\",\"@id\":\"https:\/\/sales-ai-agents.com\/#organization\",\"name\":\"FuseBase\",\"url\":\"https:\/\/sales-ai-agents.com\/\",\"logo\":{\"@type\":\"ImageObject\",\"inLanguage\":\"de-DE\",\"@id\":\"https:\/\/sales-ai-agents.com\/#\/schema\/logo\/image\/\",\"url\":\"https:\/\/sales-ai-agents.com\/wp-content\/uploads\/2023\/11\/icon-7.svg\",\"contentUrl\":\"https:\/\/sales-ai-agents.com\/wp-content\/uploads\/2023\/11\/icon-7.svg\",\"width\":128,\"height\":128,\"caption\":\"FuseBase\"},\"image\":{\"@id\":\"https:\/\/sales-ai-agents.com\/#\/schema\/logo\/image\/\"}}]}<\/script>\n<!-- \/ Yoast SEO plugin. -->","yoast_head_json":{"title":"Ziele des Unternehmens Vorlage - Sales AI Agents","description":"Sch\u00f6pfen Sie das wahre Potenzial Ihrer Organisation aus, indem Sie die Kraft der strategischen Planung und Zielsetzung mit unserer umfassenden Vorlage nutzen.","robots":{"index":"index","follow":"follow","max-snippet":"max-snippet:-1","max-image-preview":"max-image-preview:large","max-video-preview":"max-video-preview:-1"},"canonical":"https:\/\/sales-ai-agents.com\/de\/templates\/company-goals\/","og_locale":"de_DE","og_type":"article","og_title":"Ziele des Unternehmens Vorlage - Sales AI Agents","og_description":"Sch\u00f6pfen Sie das wahre Potenzial Ihrer Organisation aus, indem Sie die Kraft der strategischen Planung und Zielsetzung mit unserer umfassenden Vorlage nutzen.","og_url":"https:\/\/sales-ai-agents.com\/de\/templates\/company-goals\/","og_site_name":"Sales AI Agents","article_modified_time":"2023-09-20T19:03:28+00:00","og_image":[{"width":1700,"height":1100,"url":"https:\/\/sales-ai-agents.com\/wp-content\/uploads\/2023\/05\/Company-Goals-Template.png","type":"image\/png"}],"twitter_card":"summary_large_image","schema":{"@context":"https:\/\/schema.org","@graph":[{"@type":"WebPage","@id":"https:\/\/sales-ai-agents.com\/de\/templates\/company-goals\/","url":"https:\/\/sales-ai-agents.com\/de\/templates\/company-goals\/","name":"Ziele des Unternehmens Vorlage - Sales AI Agents","isPartOf":{"@id":"https:\/\/sales-ai-agents.com\/#website"},"primaryImageOfPage":{"@id":"https:\/\/sales-ai-agents.com\/de\/templates\/company-goals\/#primaryimage"},"image":{"@id":"https:\/\/sales-ai-agents.com\/de\/templates\/company-goals\/#primaryimage"},"thumbnailUrl":"https:\/\/sales-ai-agents.com\/wp-content\/uploads\/2023\/05\/Company-Goals-Template.png","datePublished":"2023-06-08T10:36:56+00:00","dateModified":"2023-09-20T19:03:28+00:00","description":"Sch\u00f6pfen Sie das wahre Potenzial Ihrer Organisation aus, indem Sie die Kraft der strategischen Planung und Zielsetzung mit unserer umfassenden Vorlage nutzen.","inLanguage":"de-DE","potentialAction":[{"@type":"ReadAction","target":["https:\/\/sales-ai-agents.com\/de\/templates\/company-goals\/"]}]},{"@type":"ImageObject","inLanguage":"de-DE","@id":"https:\/\/sales-ai-agents.com\/de\/templates\/company-goals\/#primaryimage","url":"https:\/\/sales-ai-agents.com\/wp-content\/uploads\/2023\/05\/Company-Goals-Template.png","contentUrl":"https:\/\/sales-ai-agents.com\/wp-content\/uploads\/2023\/05\/Company-Goals-Template.png","width":1700,"height":1100,"caption":"Company Goals Template - Nimbus Platform"},{"@type":"WebSite","@id":"https:\/\/sales-ai-agents.com\/#website","url":"https:\/\/sales-ai-agents.com\/","name":"FuseBase","description":"Nimbus Platform - Free Online Collaboration Software for Remote Teams. Build your wikis, client portals and more with the Nimbus Platform collaboration tool ? A perfect space for online work","publisher":{"@id":"https:\/\/sales-ai-agents.com\/#organization"},"potentialAction":[{"@type":"SearchAction","target":{"@type":"EntryPoint","urlTemplate":"https:\/\/sales-ai-agents.com\/?s={search_term_string}"},"query-input":{"@type":"PropertyValueSpecification","valueRequired":true,"valueName":"search_term_string"}}],"inLanguage":"de-DE"},{"@type":"Organization","@id":"https:\/\/sales-ai-agents.com\/#organization","name":"FuseBase","url":"https:\/\/sales-ai-agents.com\/","logo":{"@type":"ImageObject","inLanguage":"de-DE","@id":"https:\/\/sales-ai-agents.com\/#\/schema\/logo\/image\/","url":"https:\/\/sales-ai-agents.com\/wp-content\/uploads\/2023\/11\/icon-7.svg","contentUrl":"https:\/\/sales-ai-agents.com\/wp-content\/uploads\/2023\/11\/icon-7.svg","width":128,"height":128,"caption":"FuseBase"},"image":{"@id":"https:\/\/sales-ai-agents.com\/#\/schema\/logo\/image\/"}}]}},"_links":{"self":[{"href":"https:\/\/sales-ai-agents.com\/de\/wp-json\/wp\/v2\/product\/53069","targetHints":{"allow":["GET"]}}],"collection":[{"href":"https:\/\/sales-ai-agents.com\/de\/wp-json\/wp\/v2\/product"}],"about":[{"href":"https:\/\/sales-ai-agents.com\/de\/wp-json\/wp\/v2\/types\/product"}],"wp:featuredmedia":[{"embeddable":true,"href":"https:\/\/sales-ai-agents.com\/de\/wp-json\/wp\/v2\/media\/40713"}],"wp:attachment":[{"href":"https:\/\/sales-ai-agents.com\/de\/wp-json\/wp\/v2\/media?parent=53069"}],"wp:term":[{"taxonomy":"product_brand","embeddable":true,"href":"https:\/\/sales-ai-agents.com\/de\/wp-json\/wp\/v2\/product_brand?post=53069"},{"taxonomy":"product_cat","embeddable":true,"href":"https:\/\/sales-ai-agents.com\/de\/wp-json\/wp\/v2\/product_cat?post=53069"},{"taxonomy":"product_tag","embeddable":true,"href":"https:\/\/sales-ai-agents.com\/de\/wp-json\/wp\/v2\/product_tag?post=53069"}],"curies":[{"name":"wp","href":"https:\/\/api.w.org\/{rel}","templated":true}]}}