{"id":54464,"date":"2023-06-08T10:50:13","date_gmt":"2023-06-08T10:50:13","guid":{"rendered":"https:\/\/sales-ai-agents.com\/templates\/safety-and-emergency-procedures\/"},"modified":"2023-11-30T09:36:10","modified_gmt":"2023-11-30T09:36:10","slug":"safety-and-emergency-procedures","status":"publish","type":"product","link":"https:\/\/sales-ai-agents.com\/de\/templates\/safety-and-emergency-procedures\/","title":{"rendered":"Sicherheits- und Notfallprozeduren"},"content":{"rendered":"<h2>Vorlage f\u00fcr Sicherheits- und Notfallprozeduren<\/h2>\n<p>Wenn es um Sicherheit und Notfallma\u00dfnahmen geht, z\u00e4hlt jede Sekunde. Aus diesem Grund wurde unsere Vorlage sorgf\u00e4ltig ausgearbeitet, um Ihnen einen klaren und pr\u00e4zisen Rahmen f\u00fcr die Erstellung robuster Protokolle zu bieten. Mit dieser Vorlage k\u00f6nnen Sie auf einfache Weise wichtige Sicherheitsrichtlinien festlegen und kommunizieren, die Ihre Mitarbeiter sch\u00fctzen und Risiken minimieren. \u00dcberlassen Sie die Sicherheit nicht dem Zufall &#8211; \u00fcbernehmen Sie die Kontrolle mit unserer benutzerfreundlichen Vorlage.<\/p>\n<p>&nbsp;<\/p>\n<h5 id=\"b3424472210_5603\" class=\"editable-text paragraph indent-0 selected-block selected-block-wrapper\">Wie zu verwenden:<\/h5>\n<ul id=\"b3424472210_7049\" class=\"editor-list number-template-decimal-all\">\n<li id=\"b3424472210_7068\" class=\"list-item-bullet editable-text list-item indent-0 selected-block selected-block-wrapper\">F\u00fcgen Sie eine neue Position hinzu oder l\u00f6schen Sie irrelevante Positionen;<\/li>\n<li id=\"b3424472210_7124\" class=\"list-item-bullet editable-text list-item indent-0 selected-block selected-block-wrapper\"><a href=\"https:\/\/sales-ai-agents.com\/de\/guides\/basics\/links-in-nimbus-note\/\" target=\"_blank\" rel=\"noopener\">Senden Sie im Bedarfsfall einen Link<\/a> auf den gew\u00fcnschten Block;<\/li>\n<li id=\"b255143646_1168\" class=\"list-item-bullet editable-text list-item indent-0 selected-block selected-block-wrapper\"><a href=\"https:\/\/sales-ai-agents.com\/de\/guides\/settings\/how-to-export-notes-to-html-or-pdf\/\" target=\"_blank\" rel=\"noopener\">Speichern Sie das Dokument als .pdf<\/a> und senden Sie es bei Bedarf zu.<\/li>\n<\/ul>\n","protected":false},"excerpt":{"rendered":"<p>Unsere Vorlage f\u00fcr Sicherheits- und Notfallverfahren deckt ein breites Spektrum m\u00f6glicher Szenarien ab, darunter Brandkatastrophen, Naturkatastrophen, medizinische Zwischenf\u00e4lle, Evakuierungsverfahren und vieles mehr. Nutzen Sie es als umfassenden Leitfaden, der Ihre Organisation in die Lage versetzt, in jeder Krisensituation schnell und effektiv zu reagieren.<\/p>\n","protected":false},"featured_media":40693,"template":"","meta":{"_acf_changed":false,"inline_featured_image":false},"product_brand":[],"product_cat":[178,169],"product_tag":[],"class_list":{"0":"post-54464","1":"product","2":"type-product","3":"status-publish","4":"has-post-thumbnail","6":"product_cat-operations-hr","7":"product_cat-entrepreneur","8":"collections-onboarding","10":"first","11":"instock","12":"shipping-taxable","13":"product-type-simple"},"acf":[],"yoast_head":"<!-- This site is optimized with the Yoast SEO plugin v25.3.1 - https:\/\/yoast.com\/wordpress\/plugins\/seo\/ -->\n<title>Sicherheits- und Notfallprozeduren Vorlage - Sales AI Agents<\/title>\n<meta name=\"description\" content=\"Gehen Sie bei der Sicherheit keine Kompromisse ein. Geben Sie Ihrem Team die M\u00f6glichkeit, schnell zu handeln und so m\u00f6glicherweise Leben zu retten und Sch\u00e4den zu begrenzen - mit einer Vorlage von Nimbus!\" \/>\n<meta name=\"robots\" content=\"index, follow, max-snippet:-1, max-image-preview:large, max-video-preview:-1\" \/>\n<link rel=\"canonical\" href=\"https:\/\/sales-ai-agents.com\/de\/templates\/safety-and-emergency-procedures\/\" \/>\n<meta property=\"og:locale\" content=\"de_DE\" \/>\n<meta property=\"og:type\" content=\"article\" \/>\n<meta property=\"og:title\" content=\"Sicherheits- und Notfallprozeduren Vorlage - Sales AI Agents\" \/>\n<meta property=\"og:description\" content=\"Gehen Sie bei der Sicherheit keine Kompromisse ein. Geben Sie Ihrem Team die M\u00f6glichkeit, schnell zu handeln und so m\u00f6glicherweise Leben zu retten und Sch\u00e4den zu begrenzen - mit einer Vorlage von Nimbus!\" \/>\n<meta property=\"og:url\" content=\"https:\/\/sales-ai-agents.com\/de\/templates\/safety-and-emergency-procedures\/\" \/>\n<meta property=\"og:site_name\" content=\"Sales AI Agents\" \/>\n<meta property=\"article:modified_time\" content=\"2023-11-30T09:36:10+00:00\" \/>\n<meta property=\"og:image\" content=\"https:\/\/sales-ai-agents.com\/wp-content\/uploads\/2023\/05\/Safety-and-Emergency-Procedures-Template.png\" \/>\n\t<meta property=\"og:image:width\" content=\"1700\" \/>\n\t<meta property=\"og:image:height\" content=\"1100\" \/>\n\t<meta property=\"og:image:type\" content=\"image\/png\" \/>\n<meta name=\"twitter:card\" content=\"summary_large_image\" \/>\n<script type=\"application\/ld+json\" class=\"yoast-schema-graph\">{\"@context\":\"https:\/\/schema.org\",\"@graph\":[{\"@type\":\"WebPage\",\"@id\":\"https:\/\/sales-ai-agents.com\/de\/templates\/safety-and-emergency-procedures\/\",\"url\":\"https:\/\/sales-ai-agents.com\/de\/templates\/safety-and-emergency-procedures\/\",\"name\":\"Sicherheits- und Notfallprozeduren Vorlage - Sales AI Agents\",\"isPartOf\":{\"@id\":\"https:\/\/sales-ai-agents.com\/#website\"},\"primaryImageOfPage\":{\"@id\":\"https:\/\/sales-ai-agents.com\/de\/templates\/safety-and-emergency-procedures\/#primaryimage\"},\"image\":{\"@id\":\"https:\/\/sales-ai-agents.com\/de\/templates\/safety-and-emergency-procedures\/#primaryimage\"},\"thumbnailUrl\":\"https:\/\/sales-ai-agents.com\/wp-content\/uploads\/2023\/05\/Safety-and-Emergency-Procedures-Template.png\",\"datePublished\":\"2023-06-08T10:50:13+00:00\",\"dateModified\":\"2023-11-30T09:36:10+00:00\",\"description\":\"Gehen Sie bei der Sicherheit keine Kompromisse ein. Geben Sie Ihrem Team die M\u00f6glichkeit, schnell zu handeln und so m\u00f6glicherweise Leben zu retten und Sch\u00e4den zu begrenzen - mit einer Vorlage von Nimbus!\",\"inLanguage\":\"de-DE\",\"potentialAction\":[{\"@type\":\"ReadAction\",\"target\":[\"https:\/\/sales-ai-agents.com\/de\/templates\/safety-and-emergency-procedures\/\"]}]},{\"@type\":\"ImageObject\",\"inLanguage\":\"de-DE\",\"@id\":\"https:\/\/sales-ai-agents.com\/de\/templates\/safety-and-emergency-procedures\/#primaryimage\",\"url\":\"https:\/\/sales-ai-agents.com\/wp-content\/uploads\/2023\/05\/Safety-and-Emergency-Procedures-Template.png\",\"contentUrl\":\"https:\/\/sales-ai-agents.com\/wp-content\/uploads\/2023\/05\/Safety-and-Emergency-Procedures-Template.png\",\"width\":1700,\"height\":1100,\"caption\":\"Safety and Emergency Procedures Template - Nimbus Platform\"},{\"@type\":\"WebSite\",\"@id\":\"https:\/\/sales-ai-agents.com\/#website\",\"url\":\"https:\/\/sales-ai-agents.com\/\",\"name\":\"FuseBase\",\"description\":\"Nimbus Platform - Free Online Collaboration Software for Remote Teams. Build your wikis, client portals and more with the Nimbus Platform collaboration tool ? A perfect space for online work\",\"publisher\":{\"@id\":\"https:\/\/sales-ai-agents.com\/#organization\"},\"potentialAction\":[{\"@type\":\"SearchAction\",\"target\":{\"@type\":\"EntryPoint\",\"urlTemplate\":\"https:\/\/sales-ai-agents.com\/?s={search_term_string}\"},\"query-input\":{\"@type\":\"PropertyValueSpecification\",\"valueRequired\":true,\"valueName\":\"search_term_string\"}}],\"inLanguage\":\"de-DE\"},{\"@type\":\"Organization\",\"@id\":\"https:\/\/sales-ai-agents.com\/#organization\",\"name\":\"FuseBase\",\"url\":\"https:\/\/sales-ai-agents.com\/\",\"logo\":{\"@type\":\"ImageObject\",\"inLanguage\":\"de-DE\",\"@id\":\"https:\/\/sales-ai-agents.com\/#\/schema\/logo\/image\/\",\"url\":\"https:\/\/sales-ai-agents.com\/wp-content\/uploads\/2023\/11\/icon-7.svg\",\"contentUrl\":\"https:\/\/sales-ai-agents.com\/wp-content\/uploads\/2023\/11\/icon-7.svg\",\"width\":128,\"height\":128,\"caption\":\"FuseBase\"},\"image\":{\"@id\":\"https:\/\/sales-ai-agents.com\/#\/schema\/logo\/image\/\"}}]}<\/script>\n<!-- \/ Yoast SEO plugin. -->","yoast_head_json":{"title":"Sicherheits- und Notfallprozeduren Vorlage - Sales AI Agents","description":"Gehen Sie bei der Sicherheit keine Kompromisse ein. Geben Sie Ihrem Team die M\u00f6glichkeit, schnell zu handeln und so m\u00f6glicherweise Leben zu retten und Sch\u00e4den zu begrenzen - mit einer Vorlage von Nimbus!","robots":{"index":"index","follow":"follow","max-snippet":"max-snippet:-1","max-image-preview":"max-image-preview:large","max-video-preview":"max-video-preview:-1"},"canonical":"https:\/\/sales-ai-agents.com\/de\/templates\/safety-and-emergency-procedures\/","og_locale":"de_DE","og_type":"article","og_title":"Sicherheits- und Notfallprozeduren Vorlage - Sales AI Agents","og_description":"Gehen Sie bei der Sicherheit keine Kompromisse ein. Geben Sie Ihrem Team die M\u00f6glichkeit, schnell zu handeln und so m\u00f6glicherweise Leben zu retten und Sch\u00e4den zu begrenzen - mit einer Vorlage von Nimbus!","og_url":"https:\/\/sales-ai-agents.com\/de\/templates\/safety-and-emergency-procedures\/","og_site_name":"Sales AI Agents","article_modified_time":"2023-11-30T09:36:10+00:00","og_image":[{"width":1700,"height":1100,"url":"https:\/\/sales-ai-agents.com\/wp-content\/uploads\/2023\/05\/Safety-and-Emergency-Procedures-Template.png","type":"image\/png"}],"twitter_card":"summary_large_image","schema":{"@context":"https:\/\/schema.org","@graph":[{"@type":"WebPage","@id":"https:\/\/sales-ai-agents.com\/de\/templates\/safety-and-emergency-procedures\/","url":"https:\/\/sales-ai-agents.com\/de\/templates\/safety-and-emergency-procedures\/","name":"Sicherheits- und Notfallprozeduren Vorlage - Sales AI Agents","isPartOf":{"@id":"https:\/\/sales-ai-agents.com\/#website"},"primaryImageOfPage":{"@id":"https:\/\/sales-ai-agents.com\/de\/templates\/safety-and-emergency-procedures\/#primaryimage"},"image":{"@id":"https:\/\/sales-ai-agents.com\/de\/templates\/safety-and-emergency-procedures\/#primaryimage"},"thumbnailUrl":"https:\/\/sales-ai-agents.com\/wp-content\/uploads\/2023\/05\/Safety-and-Emergency-Procedures-Template.png","datePublished":"2023-06-08T10:50:13+00:00","dateModified":"2023-11-30T09:36:10+00:00","description":"Gehen Sie bei der Sicherheit keine Kompromisse ein. Geben Sie Ihrem Team die M\u00f6glichkeit, schnell zu handeln und so m\u00f6glicherweise Leben zu retten und Sch\u00e4den zu begrenzen - mit einer Vorlage von Nimbus!","inLanguage":"de-DE","potentialAction":[{"@type":"ReadAction","target":["https:\/\/sales-ai-agents.com\/de\/templates\/safety-and-emergency-procedures\/"]}]},{"@type":"ImageObject","inLanguage":"de-DE","@id":"https:\/\/sales-ai-agents.com\/de\/templates\/safety-and-emergency-procedures\/#primaryimage","url":"https:\/\/sales-ai-agents.com\/wp-content\/uploads\/2023\/05\/Safety-and-Emergency-Procedures-Template.png","contentUrl":"https:\/\/sales-ai-agents.com\/wp-content\/uploads\/2023\/05\/Safety-and-Emergency-Procedures-Template.png","width":1700,"height":1100,"caption":"Safety and Emergency Procedures Template - Nimbus Platform"},{"@type":"WebSite","@id":"https:\/\/sales-ai-agents.com\/#website","url":"https:\/\/sales-ai-agents.com\/","name":"FuseBase","description":"Nimbus Platform - Free Online Collaboration Software for Remote Teams. Build your wikis, client portals and more with the Nimbus Platform collaboration tool ? A perfect space for online work","publisher":{"@id":"https:\/\/sales-ai-agents.com\/#organization"},"potentialAction":[{"@type":"SearchAction","target":{"@type":"EntryPoint","urlTemplate":"https:\/\/sales-ai-agents.com\/?s={search_term_string}"},"query-input":{"@type":"PropertyValueSpecification","valueRequired":true,"valueName":"search_term_string"}}],"inLanguage":"de-DE"},{"@type":"Organization","@id":"https:\/\/sales-ai-agents.com\/#organization","name":"FuseBase","url":"https:\/\/sales-ai-agents.com\/","logo":{"@type":"ImageObject","inLanguage":"de-DE","@id":"https:\/\/sales-ai-agents.com\/#\/schema\/logo\/image\/","url":"https:\/\/sales-ai-agents.com\/wp-content\/uploads\/2023\/11\/icon-7.svg","contentUrl":"https:\/\/sales-ai-agents.com\/wp-content\/uploads\/2023\/11\/icon-7.svg","width":128,"height":128,"caption":"FuseBase"},"image":{"@id":"https:\/\/sales-ai-agents.com\/#\/schema\/logo\/image\/"}}]}},"_links":{"self":[{"href":"https:\/\/sales-ai-agents.com\/de\/wp-json\/wp\/v2\/product\/54464","targetHints":{"allow":["GET"]}}],"collection":[{"href":"https:\/\/sales-ai-agents.com\/de\/wp-json\/wp\/v2\/product"}],"about":[{"href":"https:\/\/sales-ai-agents.com\/de\/wp-json\/wp\/v2\/types\/product"}],"wp:featuredmedia":[{"embeddable":true,"href":"https:\/\/sales-ai-agents.com\/de\/wp-json\/wp\/v2\/media\/40693"}],"wp:attachment":[{"href":"https:\/\/sales-ai-agents.com\/de\/wp-json\/wp\/v2\/media?parent=54464"}],"wp:term":[{"taxonomy":"product_brand","embeddable":true,"href":"https:\/\/sales-ai-agents.com\/de\/wp-json\/wp\/v2\/product_brand?post=54464"},{"taxonomy":"product_cat","embeddable":true,"href":"https:\/\/sales-ai-agents.com\/de\/wp-json\/wp\/v2\/product_cat?post=54464"},{"taxonomy":"product_tag","embeddable":true,"href":"https:\/\/sales-ai-agents.com\/de\/wp-json\/wp\/v2\/product_tag?post=54464"}],"curies":[{"name":"wp","href":"https:\/\/api.w.org\/{rel}","templated":true}]}}