{"id":54468,"date":"2023-06-08T10:27:00","date_gmt":"2023-06-08T10:27:00","guid":{"rendered":"https:\/\/sales-ai-agents.com\/templates\/code-of-ethics-2\/"},"modified":"2023-11-30T09:34:25","modified_gmt":"2023-11-30T09:34:25","slug":"code-of-ethics-2","status":"publish","type":"product","link":"https:\/\/sales-ai-agents.com\/de\/templates\/code-of-ethics-2\/","title":{"rendered":"Ethischer Kodex"},"content":{"rendered":"<h2 id=\"b3424472210_11273\" class=\"editable-text paragraph indent-0 allow-dragging focused-block selected-block selected-block-wrapper\">Ethikkodex-Vorlage<\/h2>\n<p>Diese Vorlage bietet Ihnen einen soliden Rahmen, um die Werte, Grunds\u00e4tze und Leitlinien Ihrer Organisation zu formulieren. Von den Mitarbeitern bis hin zu den F\u00fchrungskr\u00e4ften kann sich jeder auf dieses Dokument als Leitfaden beziehen, der ein einheitliches ethisches Verhalten und eine einheitliche Entscheidungsfindung im gesamten Unternehmen gew\u00e4hrleistet. Inspirieren Sie ethisches Verhalten, f\u00f6rdern Sie eine Kultur des Vertrauens und sch\u00fctzen Sie den Ruf Ihres Unternehmens mit unserer anpassbaren Vorlage.<\/p>\n<h5><\/h5>\n<h5 id=\"b3424472210_8805\" class=\"editable-text paragraph indent-0 selected-block selected-block-wrapper\">Wie zu verwenden:<\/h5>\n<ul id=\"b3424472210_12829\" class=\"editor-list number-template-decimal-all\">\n<li id=\"b830703306_3878\" class=\"list-item-bullet editable-text list-item indent-0 selected-block selected-block-wrapper\">F\u00fcgen Sie eine neue Position hinzu oder l\u00f6schen Sie irrelevante Positionen;<\/li>\n<li id=\"b830703306_3934\" class=\"list-item-bullet editable-text list-item indent-0 selected-block selected-block-wrapper\"><a href=\"https:\/\/sales-ai-agents.com\/de\/guides\/basics\/links-in-nimbus-note\/\" target=\"_blank\" rel=\"noopener\">Senden Sie<\/a> bei Bedarf <a href=\"https:\/\/sales-ai-agents.com\/de\/guides\/basics\/links-in-nimbus-note\/\" target=\"_blank\" rel=\"noopener\">einen Link<\/a> zu den gew\u00fcnschten Bl\u00f6cken;<\/li>\n<li id=\"b830703306_3985\" class=\"list-item-bullet editable-text list-item indent-0 selected-block selected-block-wrapper\"><a href=\"https:\/\/sales-ai-agents.com\/de\/guides\/settings\/how-to-export-notes-to-html-or-pdf\/\" target=\"_blank\" rel=\"noopener\">Speichern Sie das Dokument als .pdf<\/a> und senden Sie es bei Bedarf zu.<\/li>\n<\/ul>\n","protected":false},"excerpt":{"rendered":"<div id=\"b3424472210_11454\" class=\"editable-text paragraph indent-0 allow-dragging focused-block\">Sind Sie bereit, eine solide ethische Grundlage f\u00fcr Ihr Unternehmen zu schaffen? Machen Sie sich die Kraft ethischer Standards zu eigen &#8211; mit unserer Vorlage f\u00fcr einen Verhaltenskodex. Stellen Sie sicher, dass jedes Mitglied Ihres Teams Ihren ethischen Standards entspricht.<\/div>\n","protected":false},"featured_media":40735,"template":"","meta":{"_acf_changed":false,"inline_featured_image":false},"product_brand":[],"product_cat":[178],"product_tag":[],"class_list":{"0":"post-54468","1":"product","2":"type-product","3":"status-publish","4":"has-post-thumbnail","6":"product_cat-operations-hr","8":"first","9":"instock","10":"shipping-taxable","11":"product-type-simple"},"acf":[],"yoast_head":"<!-- This site is optimized with the Yoast SEO plugin v25.3.1 - https:\/\/yoast.com\/wordpress\/plugins\/seo\/ -->\n<title>Ethischer Kodex Vorlage - Sales AI Agents<\/title>\n<meta name=\"description\" content=\"Schaffen Sie Vertrauen, f\u00f6rdern Sie verantwortungsvolle Entscheidungen und halten Sie die h\u00f6chsten Standards der Berufsethik aufrecht - mit unserer umfassenden und anpassbaren Vorlage.\" \/>\n<meta name=\"robots\" content=\"index, follow, max-snippet:-1, max-image-preview:large, max-video-preview:-1\" \/>\n<link rel=\"canonical\" href=\"https:\/\/sales-ai-agents.com\/de\/templates\/code-of-ethics-2\/\" \/>\n<meta property=\"og:locale\" content=\"de_DE\" \/>\n<meta property=\"og:type\" content=\"article\" \/>\n<meta property=\"og:title\" content=\"Ethischer Kodex Vorlage - Sales AI Agents\" \/>\n<meta property=\"og:description\" content=\"Schaffen Sie Vertrauen, f\u00f6rdern Sie verantwortungsvolle Entscheidungen und halten Sie die h\u00f6chsten Standards der Berufsethik aufrecht - mit unserer umfassenden und anpassbaren Vorlage.\" \/>\n<meta property=\"og:url\" content=\"https:\/\/sales-ai-agents.com\/de\/templates\/code-of-ethics-2\/\" \/>\n<meta property=\"og:site_name\" content=\"Sales AI Agents\" \/>\n<meta property=\"article:modified_time\" content=\"2023-11-30T09:34:25+00:00\" \/>\n<meta property=\"og:image\" content=\"https:\/\/sales-ai-agents.com\/wp-content\/uploads\/2023\/05\/Code-of-Ethics-Template.png\" \/>\n\t<meta property=\"og:image:width\" content=\"1700\" \/>\n\t<meta property=\"og:image:height\" content=\"1100\" \/>\n\t<meta property=\"og:image:type\" content=\"image\/png\" \/>\n<meta name=\"twitter:card\" content=\"summary_large_image\" \/>\n<script type=\"application\/ld+json\" class=\"yoast-schema-graph\">{\"@context\":\"https:\/\/schema.org\",\"@graph\":[{\"@type\":\"WebPage\",\"@id\":\"https:\/\/sales-ai-agents.com\/de\/templates\/code-of-ethics-2\/\",\"url\":\"https:\/\/sales-ai-agents.com\/de\/templates\/code-of-ethics-2\/\",\"name\":\"Ethischer Kodex Vorlage - Sales AI Agents\",\"isPartOf\":{\"@id\":\"https:\/\/sales-ai-agents.com\/#website\"},\"primaryImageOfPage\":{\"@id\":\"https:\/\/sales-ai-agents.com\/de\/templates\/code-of-ethics-2\/#primaryimage\"},\"image\":{\"@id\":\"https:\/\/sales-ai-agents.com\/de\/templates\/code-of-ethics-2\/#primaryimage\"},\"thumbnailUrl\":\"https:\/\/sales-ai-agents.com\/wp-content\/uploads\/2023\/05\/Code-of-Ethics-Template.png\",\"datePublished\":\"2023-06-08T10:27:00+00:00\",\"dateModified\":\"2023-11-30T09:34:25+00:00\",\"description\":\"Schaffen Sie Vertrauen, f\u00f6rdern Sie verantwortungsvolle Entscheidungen und halten Sie die h\u00f6chsten Standards der Berufsethik aufrecht - mit unserer umfassenden und anpassbaren Vorlage.\",\"inLanguage\":\"de-DE\",\"potentialAction\":[{\"@type\":\"ReadAction\",\"target\":[\"https:\/\/sales-ai-agents.com\/de\/templates\/code-of-ethics-2\/\"]}]},{\"@type\":\"ImageObject\",\"inLanguage\":\"de-DE\",\"@id\":\"https:\/\/sales-ai-agents.com\/de\/templates\/code-of-ethics-2\/#primaryimage\",\"url\":\"https:\/\/sales-ai-agents.com\/wp-content\/uploads\/2023\/05\/Code-of-Ethics-Template.png\",\"contentUrl\":\"https:\/\/sales-ai-agents.com\/wp-content\/uploads\/2023\/05\/Code-of-Ethics-Template.png\",\"width\":1700,\"height\":1100,\"caption\":\"Code of Ethics Template - Nimbus Platform\"},{\"@type\":\"WebSite\",\"@id\":\"https:\/\/sales-ai-agents.com\/#website\",\"url\":\"https:\/\/sales-ai-agents.com\/\",\"name\":\"FuseBase\",\"description\":\"Nimbus Platform - Free Online Collaboration Software for Remote Teams. Build your wikis, client portals and more with the Nimbus Platform collaboration tool ? A perfect space for online work\",\"publisher\":{\"@id\":\"https:\/\/sales-ai-agents.com\/#organization\"},\"potentialAction\":[{\"@type\":\"SearchAction\",\"target\":{\"@type\":\"EntryPoint\",\"urlTemplate\":\"https:\/\/sales-ai-agents.com\/?s={search_term_string}\"},\"query-input\":{\"@type\":\"PropertyValueSpecification\",\"valueRequired\":true,\"valueName\":\"search_term_string\"}}],\"inLanguage\":\"de-DE\"},{\"@type\":\"Organization\",\"@id\":\"https:\/\/sales-ai-agents.com\/#organization\",\"name\":\"FuseBase\",\"url\":\"https:\/\/sales-ai-agents.com\/\",\"logo\":{\"@type\":\"ImageObject\",\"inLanguage\":\"de-DE\",\"@id\":\"https:\/\/sales-ai-agents.com\/#\/schema\/logo\/image\/\",\"url\":\"https:\/\/sales-ai-agents.com\/wp-content\/uploads\/2023\/11\/icon-7.svg\",\"contentUrl\":\"https:\/\/sales-ai-agents.com\/wp-content\/uploads\/2023\/11\/icon-7.svg\",\"width\":128,\"height\":128,\"caption\":\"FuseBase\"},\"image\":{\"@id\":\"https:\/\/sales-ai-agents.com\/#\/schema\/logo\/image\/\"}}]}<\/script>\n<!-- \/ Yoast SEO plugin. -->","yoast_head_json":{"title":"Ethischer Kodex Vorlage - Sales AI Agents","description":"Schaffen Sie Vertrauen, f\u00f6rdern Sie verantwortungsvolle Entscheidungen und halten Sie die h\u00f6chsten Standards der Berufsethik aufrecht - mit unserer umfassenden und anpassbaren Vorlage.","robots":{"index":"index","follow":"follow","max-snippet":"max-snippet:-1","max-image-preview":"max-image-preview:large","max-video-preview":"max-video-preview:-1"},"canonical":"https:\/\/sales-ai-agents.com\/de\/templates\/code-of-ethics-2\/","og_locale":"de_DE","og_type":"article","og_title":"Ethischer Kodex Vorlage - Sales AI Agents","og_description":"Schaffen Sie Vertrauen, f\u00f6rdern Sie verantwortungsvolle Entscheidungen und halten Sie die h\u00f6chsten Standards der Berufsethik aufrecht - mit unserer umfassenden und anpassbaren Vorlage.","og_url":"https:\/\/sales-ai-agents.com\/de\/templates\/code-of-ethics-2\/","og_site_name":"Sales AI Agents","article_modified_time":"2023-11-30T09:34:25+00:00","og_image":[{"width":1700,"height":1100,"url":"https:\/\/sales-ai-agents.com\/wp-content\/uploads\/2023\/05\/Code-of-Ethics-Template.png","type":"image\/png"}],"twitter_card":"summary_large_image","schema":{"@context":"https:\/\/schema.org","@graph":[{"@type":"WebPage","@id":"https:\/\/sales-ai-agents.com\/de\/templates\/code-of-ethics-2\/","url":"https:\/\/sales-ai-agents.com\/de\/templates\/code-of-ethics-2\/","name":"Ethischer Kodex Vorlage - Sales AI Agents","isPartOf":{"@id":"https:\/\/sales-ai-agents.com\/#website"},"primaryImageOfPage":{"@id":"https:\/\/sales-ai-agents.com\/de\/templates\/code-of-ethics-2\/#primaryimage"},"image":{"@id":"https:\/\/sales-ai-agents.com\/de\/templates\/code-of-ethics-2\/#primaryimage"},"thumbnailUrl":"https:\/\/sales-ai-agents.com\/wp-content\/uploads\/2023\/05\/Code-of-Ethics-Template.png","datePublished":"2023-06-08T10:27:00+00:00","dateModified":"2023-11-30T09:34:25+00:00","description":"Schaffen Sie Vertrauen, f\u00f6rdern Sie verantwortungsvolle Entscheidungen und halten Sie die h\u00f6chsten Standards der Berufsethik aufrecht - mit unserer umfassenden und anpassbaren Vorlage.","inLanguage":"de-DE","potentialAction":[{"@type":"ReadAction","target":["https:\/\/sales-ai-agents.com\/de\/templates\/code-of-ethics-2\/"]}]},{"@type":"ImageObject","inLanguage":"de-DE","@id":"https:\/\/sales-ai-agents.com\/de\/templates\/code-of-ethics-2\/#primaryimage","url":"https:\/\/sales-ai-agents.com\/wp-content\/uploads\/2023\/05\/Code-of-Ethics-Template.png","contentUrl":"https:\/\/sales-ai-agents.com\/wp-content\/uploads\/2023\/05\/Code-of-Ethics-Template.png","width":1700,"height":1100,"caption":"Code of Ethics Template - Nimbus Platform"},{"@type":"WebSite","@id":"https:\/\/sales-ai-agents.com\/#website","url":"https:\/\/sales-ai-agents.com\/","name":"FuseBase","description":"Nimbus Platform - Free Online Collaboration Software for Remote Teams. Build your wikis, client portals and more with the Nimbus Platform collaboration tool ? A perfect space for online work","publisher":{"@id":"https:\/\/sales-ai-agents.com\/#organization"},"potentialAction":[{"@type":"SearchAction","target":{"@type":"EntryPoint","urlTemplate":"https:\/\/sales-ai-agents.com\/?s={search_term_string}"},"query-input":{"@type":"PropertyValueSpecification","valueRequired":true,"valueName":"search_term_string"}}],"inLanguage":"de-DE"},{"@type":"Organization","@id":"https:\/\/sales-ai-agents.com\/#organization","name":"FuseBase","url":"https:\/\/sales-ai-agents.com\/","logo":{"@type":"ImageObject","inLanguage":"de-DE","@id":"https:\/\/sales-ai-agents.com\/#\/schema\/logo\/image\/","url":"https:\/\/sales-ai-agents.com\/wp-content\/uploads\/2023\/11\/icon-7.svg","contentUrl":"https:\/\/sales-ai-agents.com\/wp-content\/uploads\/2023\/11\/icon-7.svg","width":128,"height":128,"caption":"FuseBase"},"image":{"@id":"https:\/\/sales-ai-agents.com\/#\/schema\/logo\/image\/"}}]}},"_links":{"self":[{"href":"https:\/\/sales-ai-agents.com\/de\/wp-json\/wp\/v2\/product\/54468","targetHints":{"allow":["GET"]}}],"collection":[{"href":"https:\/\/sales-ai-agents.com\/de\/wp-json\/wp\/v2\/product"}],"about":[{"href":"https:\/\/sales-ai-agents.com\/de\/wp-json\/wp\/v2\/types\/product"}],"wp:featuredmedia":[{"embeddable":true,"href":"https:\/\/sales-ai-agents.com\/de\/wp-json\/wp\/v2\/media\/40735"}],"wp:attachment":[{"href":"https:\/\/sales-ai-agents.com\/de\/wp-json\/wp\/v2\/media?parent=54468"}],"wp:term":[{"taxonomy":"product_brand","embeddable":true,"href":"https:\/\/sales-ai-agents.com\/de\/wp-json\/wp\/v2\/product_brand?post=54468"},{"taxonomy":"product_cat","embeddable":true,"href":"https:\/\/sales-ai-agents.com\/de\/wp-json\/wp\/v2\/product_cat?post=54468"},{"taxonomy":"product_tag","embeddable":true,"href":"https:\/\/sales-ai-agents.com\/de\/wp-json\/wp\/v2\/product_tag?post=54468"}],"curies":[{"name":"wp","href":"https:\/\/api.w.org\/{rel}","templated":true}]}}