{"id":54842,"date":"2023-06-08T10:22:41","date_gmt":"2023-06-08T10:22:41","guid":{"rendered":"https:\/\/sales-ai-agents.com\/templates\/standard-operation-procedures\/"},"modified":"2023-09-20T19:09:13","modified_gmt":"2023-09-20T19:09:13","slug":"standard-operation-procedures","status":"publish","type":"product","link":"https:\/\/sales-ai-agents.com\/de\/templates\/standard-operation-procedures\/","title":{"rendered":"Standardarbeitsanweisungen"},"content":{"rendered":"<h2>Standardarbeitsanweisungen Vorlage<\/h2>\n<p>Unsere Vorlage deckt ein breites Spektrum von Gesch\u00e4ftsabl\u00e4ufen ab, von Finanzen \u00fcber Personalwesen und Marketing bis hin zum Kundendienst und dar\u00fcber hinaus. Es erm\u00f6glicht Ihnen, jeden Schritt des Prozesses zu dokumentieren und Rollen und Verantwortlichkeiten zu definieren. Von den Mitarbeitern bis hin zu den F\u00fchrungskr\u00e4ften kann sich jeder auf dieses Dokument berufen, um eine einheitliche und hochwertige Leistung im gesamten Unternehmen zu gew\u00e4hrleisten.<\/p>\n<p>&nbsp;<\/p>\n<h5 id=\"b3424472210_8888\" class=\"editable-text paragraph indent-0 selected-block selected-block-wrapper\">Wie zu verwenden:<\/h5>\n<ul id=\"b4013841054_59\" class=\"editor-list number-template-decimal-all\">\n<li id=\"b830703306_4848\" class=\"list-item-bullet editable-text list-item indent-0 selected-block selected-block-wrapper\">F\u00fcgen Sie eine neue Position hinzu oder l\u00f6schen Sie irrelevante Positionen;<\/li>\n<li id=\"b830703306_4904\" class=\"list-item-bullet editable-text list-item indent-0 selected-block selected-block-wrapper\"><a href=\"https:\/\/sales-ai-agents.com\/de\/guides\/basics\/links-in-nimbus-note\/\" target=\"_blank\" rel=\"noopener\">Stellen Sie einen Querverweis<\/a> zu den gew\u00fcnschten Dokumenten <a href=\"https:\/\/sales-ai-agents.com\/de\/guides\/basics\/links-in-nimbus-note\/\" target=\"_blank\" rel=\"noopener\">her<\/a>, um einen vollst\u00e4ndigen \u00dcberblick zu erhalten;<\/li>\n<li id=\"b830703306_4985\" class=\"list-item-bullet editable-text list-item indent-0 selected-block selected-block-wrapper\">Geben Sie bei Bedarf einen Link zu den gew\u00fcnschten Bl\u00f6cken frei.<\/li>\n<\/ul>\n","protected":false},"excerpt":{"rendered":"<p>Sind Sie bereit, die Prozesse in Ihrem Unternehmen zu optimieren und die Leistung Ihres Teams zu steigern? Entfalten Sie die Kraft von SOPs mit unserer Vorlage f\u00fcr Standardarbeitsanweisungen. Rationalisierung von Arbeitsabl\u00e4ufen, Reduzierung von Fehlern und Erzielung von Spitzenleistungen. Starten Sie noch heute und sch\u00f6pfen Sie das volle Potenzial Ihres Unternehmens aus!<\/p>\n","protected":false},"featured_media":40778,"template":"","meta":{"_acf_changed":false,"inline_featured_image":false},"product_brand":[],"product_cat":[178,169],"product_tag":[],"class_list":{"0":"post-54842","1":"product","2":"type-product","3":"status-publish","4":"has-post-thumbnail","6":"product_cat-operations-hr","7":"product_cat-entrepreneur","8":"collections-onboarding","10":"first","11":"instock","12":"shipping-taxable","13":"product-type-simple"},"acf":[],"yoast_head":"<!-- This site is optimized with the Yoast SEO plugin v25.3.1 - https:\/\/yoast.com\/wordpress\/plugins\/seo\/ -->\n<title>Standardarbeitsanweisungen Vorlage - Sales AI Agents<\/title>\n<meta name=\"description\" content=\"Vereinfachen Sie komplexe Arbeitsabl\u00e4ufe, reduzieren Sie Fehler und steigern Sie die Leistung Ihres Teams mit unserer umfassenden und anpassbaren Vorlage.\" \/>\n<meta name=\"robots\" content=\"index, follow, max-snippet:-1, max-image-preview:large, max-video-preview:-1\" \/>\n<link rel=\"canonical\" href=\"https:\/\/sales-ai-agents.com\/de\/templates\/standard-operation-procedures\/\" \/>\n<meta property=\"og:locale\" content=\"de_DE\" \/>\n<meta property=\"og:type\" content=\"article\" \/>\n<meta property=\"og:title\" content=\"Standardarbeitsanweisungen Vorlage - Sales AI Agents\" \/>\n<meta property=\"og:description\" content=\"Vereinfachen Sie komplexe Arbeitsabl\u00e4ufe, reduzieren Sie Fehler und steigern Sie die Leistung Ihres Teams mit unserer umfassenden und anpassbaren Vorlage.\" \/>\n<meta property=\"og:url\" content=\"https:\/\/sales-ai-agents.com\/de\/templates\/standard-operation-procedures\/\" \/>\n<meta property=\"og:site_name\" content=\"Sales AI Agents\" \/>\n<meta property=\"article:modified_time\" content=\"2023-09-20T19:09:13+00:00\" \/>\n<meta property=\"og:image\" content=\"https:\/\/sales-ai-agents.com\/wp-content\/uploads\/2023\/05\/Standard-Operation-Procedures-Template.png\" \/>\n\t<meta property=\"og:image:width\" content=\"1700\" \/>\n\t<meta property=\"og:image:height\" content=\"1100\" \/>\n\t<meta property=\"og:image:type\" content=\"image\/png\" \/>\n<meta name=\"twitter:card\" content=\"summary_large_image\" \/>\n<script type=\"application\/ld+json\" class=\"yoast-schema-graph\">{\"@context\":\"https:\/\/schema.org\",\"@graph\":[{\"@type\":\"WebPage\",\"@id\":\"https:\/\/sales-ai-agents.com\/de\/templates\/standard-operation-procedures\/\",\"url\":\"https:\/\/sales-ai-agents.com\/de\/templates\/standard-operation-procedures\/\",\"name\":\"Standardarbeitsanweisungen Vorlage - Sales AI Agents\",\"isPartOf\":{\"@id\":\"https:\/\/sales-ai-agents.com\/#website\"},\"primaryImageOfPage\":{\"@id\":\"https:\/\/sales-ai-agents.com\/de\/templates\/standard-operation-procedures\/#primaryimage\"},\"image\":{\"@id\":\"https:\/\/sales-ai-agents.com\/de\/templates\/standard-operation-procedures\/#primaryimage\"},\"thumbnailUrl\":\"https:\/\/sales-ai-agents.com\/wp-content\/uploads\/2023\/05\/Standard-Operation-Procedures-Template.png\",\"datePublished\":\"2023-06-08T10:22:41+00:00\",\"dateModified\":\"2023-09-20T19:09:13+00:00\",\"description\":\"Vereinfachen Sie komplexe Arbeitsabl\u00e4ufe, reduzieren Sie Fehler und steigern Sie die Leistung Ihres Teams mit unserer umfassenden und anpassbaren Vorlage.\",\"inLanguage\":\"de-DE\",\"potentialAction\":[{\"@type\":\"ReadAction\",\"target\":[\"https:\/\/sales-ai-agents.com\/de\/templates\/standard-operation-procedures\/\"]}]},{\"@type\":\"ImageObject\",\"inLanguage\":\"de-DE\",\"@id\":\"https:\/\/sales-ai-agents.com\/de\/templates\/standard-operation-procedures\/#primaryimage\",\"url\":\"https:\/\/sales-ai-agents.com\/wp-content\/uploads\/2023\/05\/Standard-Operation-Procedures-Template.png\",\"contentUrl\":\"https:\/\/sales-ai-agents.com\/wp-content\/uploads\/2023\/05\/Standard-Operation-Procedures-Template.png\",\"width\":1700,\"height\":1100,\"caption\":\"Standard Operation Procedures Template - Nimbus Platform\"},{\"@type\":\"WebSite\",\"@id\":\"https:\/\/sales-ai-agents.com\/#website\",\"url\":\"https:\/\/sales-ai-agents.com\/\",\"name\":\"FuseBase\",\"description\":\"Nimbus Platform - Free Online Collaboration Software for Remote Teams. Build your wikis, client portals and more with the Nimbus Platform collaboration tool ? A perfect space for online work\",\"publisher\":{\"@id\":\"https:\/\/sales-ai-agents.com\/#organization\"},\"potentialAction\":[{\"@type\":\"SearchAction\",\"target\":{\"@type\":\"EntryPoint\",\"urlTemplate\":\"https:\/\/sales-ai-agents.com\/?s={search_term_string}\"},\"query-input\":{\"@type\":\"PropertyValueSpecification\",\"valueRequired\":true,\"valueName\":\"search_term_string\"}}],\"inLanguage\":\"de-DE\"},{\"@type\":\"Organization\",\"@id\":\"https:\/\/sales-ai-agents.com\/#organization\",\"name\":\"FuseBase\",\"url\":\"https:\/\/sales-ai-agents.com\/\",\"logo\":{\"@type\":\"ImageObject\",\"inLanguage\":\"de-DE\",\"@id\":\"https:\/\/sales-ai-agents.com\/#\/schema\/logo\/image\/\",\"url\":\"https:\/\/sales-ai-agents.com\/wp-content\/uploads\/2023\/11\/icon-7.svg\",\"contentUrl\":\"https:\/\/sales-ai-agents.com\/wp-content\/uploads\/2023\/11\/icon-7.svg\",\"width\":128,\"height\":128,\"caption\":\"FuseBase\"},\"image\":{\"@id\":\"https:\/\/sales-ai-agents.com\/#\/schema\/logo\/image\/\"}}]}<\/script>\n<!-- \/ Yoast SEO plugin. -->","yoast_head_json":{"title":"Standardarbeitsanweisungen Vorlage - Sales AI Agents","description":"Vereinfachen Sie komplexe Arbeitsabl\u00e4ufe, reduzieren Sie Fehler und steigern Sie die Leistung Ihres Teams mit unserer umfassenden und anpassbaren Vorlage.","robots":{"index":"index","follow":"follow","max-snippet":"max-snippet:-1","max-image-preview":"max-image-preview:large","max-video-preview":"max-video-preview:-1"},"canonical":"https:\/\/sales-ai-agents.com\/de\/templates\/standard-operation-procedures\/","og_locale":"de_DE","og_type":"article","og_title":"Standardarbeitsanweisungen Vorlage - Sales AI Agents","og_description":"Vereinfachen Sie komplexe Arbeitsabl\u00e4ufe, reduzieren Sie Fehler und steigern Sie die Leistung Ihres Teams mit unserer umfassenden und anpassbaren Vorlage.","og_url":"https:\/\/sales-ai-agents.com\/de\/templates\/standard-operation-procedures\/","og_site_name":"Sales AI Agents","article_modified_time":"2023-09-20T19:09:13+00:00","og_image":[{"width":1700,"height":1100,"url":"https:\/\/sales-ai-agents.com\/wp-content\/uploads\/2023\/05\/Standard-Operation-Procedures-Template.png","type":"image\/png"}],"twitter_card":"summary_large_image","schema":{"@context":"https:\/\/schema.org","@graph":[{"@type":"WebPage","@id":"https:\/\/sales-ai-agents.com\/de\/templates\/standard-operation-procedures\/","url":"https:\/\/sales-ai-agents.com\/de\/templates\/standard-operation-procedures\/","name":"Standardarbeitsanweisungen Vorlage - Sales AI Agents","isPartOf":{"@id":"https:\/\/sales-ai-agents.com\/#website"},"primaryImageOfPage":{"@id":"https:\/\/sales-ai-agents.com\/de\/templates\/standard-operation-procedures\/#primaryimage"},"image":{"@id":"https:\/\/sales-ai-agents.com\/de\/templates\/standard-operation-procedures\/#primaryimage"},"thumbnailUrl":"https:\/\/sales-ai-agents.com\/wp-content\/uploads\/2023\/05\/Standard-Operation-Procedures-Template.png","datePublished":"2023-06-08T10:22:41+00:00","dateModified":"2023-09-20T19:09:13+00:00","description":"Vereinfachen Sie komplexe Arbeitsabl\u00e4ufe, reduzieren Sie Fehler und steigern Sie die Leistung Ihres Teams mit unserer umfassenden und anpassbaren Vorlage.","inLanguage":"de-DE","potentialAction":[{"@type":"ReadAction","target":["https:\/\/sales-ai-agents.com\/de\/templates\/standard-operation-procedures\/"]}]},{"@type":"ImageObject","inLanguage":"de-DE","@id":"https:\/\/sales-ai-agents.com\/de\/templates\/standard-operation-procedures\/#primaryimage","url":"https:\/\/sales-ai-agents.com\/wp-content\/uploads\/2023\/05\/Standard-Operation-Procedures-Template.png","contentUrl":"https:\/\/sales-ai-agents.com\/wp-content\/uploads\/2023\/05\/Standard-Operation-Procedures-Template.png","width":1700,"height":1100,"caption":"Standard Operation Procedures Template - Nimbus Platform"},{"@type":"WebSite","@id":"https:\/\/sales-ai-agents.com\/#website","url":"https:\/\/sales-ai-agents.com\/","name":"FuseBase","description":"Nimbus Platform - Free Online Collaboration Software for Remote Teams. Build your wikis, client portals and more with the Nimbus Platform collaboration tool ? A perfect space for online work","publisher":{"@id":"https:\/\/sales-ai-agents.com\/#organization"},"potentialAction":[{"@type":"SearchAction","target":{"@type":"EntryPoint","urlTemplate":"https:\/\/sales-ai-agents.com\/?s={search_term_string}"},"query-input":{"@type":"PropertyValueSpecification","valueRequired":true,"valueName":"search_term_string"}}],"inLanguage":"de-DE"},{"@type":"Organization","@id":"https:\/\/sales-ai-agents.com\/#organization","name":"FuseBase","url":"https:\/\/sales-ai-agents.com\/","logo":{"@type":"ImageObject","inLanguage":"de-DE","@id":"https:\/\/sales-ai-agents.com\/#\/schema\/logo\/image\/","url":"https:\/\/sales-ai-agents.com\/wp-content\/uploads\/2023\/11\/icon-7.svg","contentUrl":"https:\/\/sales-ai-agents.com\/wp-content\/uploads\/2023\/11\/icon-7.svg","width":128,"height":128,"caption":"FuseBase"},"image":{"@id":"https:\/\/sales-ai-agents.com\/#\/schema\/logo\/image\/"}}]}},"_links":{"self":[{"href":"https:\/\/sales-ai-agents.com\/de\/wp-json\/wp\/v2\/product\/54842","targetHints":{"allow":["GET"]}}],"collection":[{"href":"https:\/\/sales-ai-agents.com\/de\/wp-json\/wp\/v2\/product"}],"about":[{"href":"https:\/\/sales-ai-agents.com\/de\/wp-json\/wp\/v2\/types\/product"}],"wp:featuredmedia":[{"embeddable":true,"href":"https:\/\/sales-ai-agents.com\/de\/wp-json\/wp\/v2\/media\/40778"}],"wp:attachment":[{"href":"https:\/\/sales-ai-agents.com\/de\/wp-json\/wp\/v2\/media?parent=54842"}],"wp:term":[{"taxonomy":"product_brand","embeddable":true,"href":"https:\/\/sales-ai-agents.com\/de\/wp-json\/wp\/v2\/product_brand?post=54842"},{"taxonomy":"product_cat","embeddable":true,"href":"https:\/\/sales-ai-agents.com\/de\/wp-json\/wp\/v2\/product_cat?post=54842"},{"taxonomy":"product_tag","embeddable":true,"href":"https:\/\/sales-ai-agents.com\/de\/wp-json\/wp\/v2\/product_tag?post=54842"}],"curies":[{"name":"wp","href":"https:\/\/api.w.org\/{rel}","templated":true}]}}