{"id":54846,"date":"2023-06-08T10:17:25","date_gmt":"2023-06-08T10:17:25","guid":{"rendered":"https:\/\/sales-ai-agents.com\/templates\/employee-handbook\/"},"modified":"2023-09-20T19:10:58","modified_gmt":"2023-09-20T19:10:58","slug":"employee-handbook","status":"publish","type":"product","link":"https:\/\/sales-ai-agents.com\/de\/templates\/employee-handbook\/","title":{"rendered":"Handbuch f\u00fcr Mitarbeiter"},"content":{"rendered":"<h2>Mitarbeiterhandbuch Vorlage<\/h2>\n<p>Ein Mitarbeiterhandbuch ist ein wichtiges Instrument f\u00fcr Unternehmen jeder Gr\u00f6\u00dfe. Es dient als zentrale Ressource, die die Unternehmensrichtlinien, Verfahren, Vorteile und Erwartungen umrei\u00dft und einen einheitlichen und fairen Rahmen f\u00fcr alle Mitarbeiter schafft. Unsere Vorlage f\u00fcr das Mitarbeiterhandbuch bietet Ihnen eine gebrauchsfertige Grundlage, die Sie an die individuellen Bed\u00fcrfnisse Ihres Unternehmens anpassen k\u00f6nnen. Sie k\u00f6nnen auch das Branding, die Logos und die Kultur Ihres Unternehmens hinzuf\u00fcgen, um ein personalisiertes und ansprechendes Mitarbeiterhandbuch zu erstellen.<\/p>\n<h5><\/h5>\n<h5 id=\"b3424472210_8962\" class=\"editable-text paragraph indent-0 selected-block selected-block-wrapper\">Wie zu verwenden:<\/h5>\n<ul id=\"b3085061755_1693\" class=\"editor-list number-template-decimal-all\">\n<li id=\"b830703306_7178\" class=\"list-item-bullet editable-text list-item indent-0 selected-block selected-block-wrapper\">F\u00fcgen Sie eine neue Position hinzu oder l\u00f6schen Sie irrelevante Positionen;<\/li>\n<li id=\"b830703306_7234\" class=\"list-item-bullet editable-text list-item indent-0 selected-block selected-block-wrapper\"><a href=\"https:\/\/sales-ai-agents.com\/de\/guides\/basics\/links-in-nimbus-note\/\" target=\"_blank\" rel=\"noopener\">Stellen Sie einen Querverweis<\/a> zu den gew\u00fcnschten Dokumenten <a href=\"https:\/\/sales-ai-agents.com\/de\/guides\/basics\/links-in-nimbus-note\/\" target=\"_blank\" rel=\"noopener\">her<\/a>, um einen vollst\u00e4ndigen \u00dcberblick zu erhalten;<\/li>\n<li id=\"b830703306_7315\" class=\"list-item-bullet editable-text list-item indent-0 selected-block selected-block-wrapper\">Geben Sie bei Bedarf einen Link zu den gew\u00fcnschten Bl\u00f6cken frei.<\/li>\n<\/ul>\n","protected":false},"excerpt":{"rendered":"<p>Sind Sie bereit, eine mitarbeiterorientierte Kultur zu schaffen und Ihre HR-Prozesse zu optimieren? Entdecken Sie die Vorteile unserer Vorlage f\u00fcr das Mitarbeiterhandbuch. F\u00f6rderung von Klarheit, Konsistenz und Einhaltung der Vorschriften bei gleichzeitiger F\u00f6rderung eines positiven und produktiven Arbeitsumfelds. Beginnen Sie noch heute und geben Sie Ihren Mitarbeitern das Wissen, das sie brauchen, um Spitzenleistungen zu erbringen!<\/p>\n","protected":false},"featured_media":40784,"template":"","meta":{"_acf_changed":false,"inline_featured_image":false},"product_brand":[],"product_cat":[178],"product_tag":[],"class_list":{"0":"post-54846","1":"product","2":"type-product","3":"status-publish","4":"has-post-thumbnail","6":"product_cat-operations-hr","7":"collections-onboarding","9":"first","10":"instock","11":"shipping-taxable","12":"product-type-simple"},"acf":[],"yoast_head":"<!-- This site is optimized with the Yoast SEO plugin v25.3.1 - https:\/\/yoast.com\/wordpress\/plugins\/seo\/ -->\n<title>Handbuch f\u00fcr Mitarbeiter Vorlage - Sales AI Agents<\/title>\n<meta name=\"description\" content=\"Schaffen Sie mit unserer anpassbaren Vorlage ein positives Arbeitsumfeld, das Transparenz, Vertrauen und gegenseitigen Respekt in Ihrem Unternehmen f\u00f6rdert.\" \/>\n<meta name=\"robots\" content=\"index, follow, max-snippet:-1, max-image-preview:large, max-video-preview:-1\" \/>\n<link rel=\"canonical\" href=\"https:\/\/sales-ai-agents.com\/de\/templates\/employee-handbook\/\" \/>\n<meta property=\"og:locale\" content=\"de_DE\" \/>\n<meta property=\"og:type\" content=\"article\" \/>\n<meta property=\"og:title\" content=\"Handbuch f\u00fcr Mitarbeiter Vorlage - Sales AI Agents\" \/>\n<meta property=\"og:description\" content=\"Schaffen Sie mit unserer anpassbaren Vorlage ein positives Arbeitsumfeld, das Transparenz, Vertrauen und gegenseitigen Respekt in Ihrem Unternehmen f\u00f6rdert.\" \/>\n<meta property=\"og:url\" content=\"https:\/\/sales-ai-agents.com\/de\/templates\/employee-handbook\/\" \/>\n<meta property=\"og:site_name\" content=\"Sales AI Agents\" \/>\n<meta property=\"article:modified_time\" content=\"2023-09-20T19:10:58+00:00\" \/>\n<meta property=\"og:image\" content=\"https:\/\/sales-ai-agents.com\/wp-content\/uploads\/2023\/05\/Employee-Handbook-Template.png\" \/>\n\t<meta property=\"og:image:width\" content=\"1700\" \/>\n\t<meta property=\"og:image:height\" content=\"1100\" \/>\n\t<meta property=\"og:image:type\" content=\"image\/png\" \/>\n<meta name=\"twitter:card\" content=\"summary_large_image\" \/>\n<script type=\"application\/ld+json\" class=\"yoast-schema-graph\">{\"@context\":\"https:\/\/schema.org\",\"@graph\":[{\"@type\":\"WebPage\",\"@id\":\"https:\/\/sales-ai-agents.com\/de\/templates\/employee-handbook\/\",\"url\":\"https:\/\/sales-ai-agents.com\/de\/templates\/employee-handbook\/\",\"name\":\"Handbuch f\u00fcr Mitarbeiter Vorlage - Sales AI Agents\",\"isPartOf\":{\"@id\":\"https:\/\/sales-ai-agents.com\/#website\"},\"primaryImageOfPage\":{\"@id\":\"https:\/\/sales-ai-agents.com\/de\/templates\/employee-handbook\/#primaryimage\"},\"image\":{\"@id\":\"https:\/\/sales-ai-agents.com\/de\/templates\/employee-handbook\/#primaryimage\"},\"thumbnailUrl\":\"https:\/\/sales-ai-agents.com\/wp-content\/uploads\/2023\/05\/Employee-Handbook-Template.png\",\"datePublished\":\"2023-06-08T10:17:25+00:00\",\"dateModified\":\"2023-09-20T19:10:58+00:00\",\"description\":\"Schaffen Sie mit unserer anpassbaren Vorlage ein positives Arbeitsumfeld, das Transparenz, Vertrauen und gegenseitigen Respekt in Ihrem Unternehmen f\u00f6rdert.\",\"inLanguage\":\"de-DE\",\"potentialAction\":[{\"@type\":\"ReadAction\",\"target\":[\"https:\/\/sales-ai-agents.com\/de\/templates\/employee-handbook\/\"]}]},{\"@type\":\"ImageObject\",\"inLanguage\":\"de-DE\",\"@id\":\"https:\/\/sales-ai-agents.com\/de\/templates\/employee-handbook\/#primaryimage\",\"url\":\"https:\/\/sales-ai-agents.com\/wp-content\/uploads\/2023\/05\/Employee-Handbook-Template.png\",\"contentUrl\":\"https:\/\/sales-ai-agents.com\/wp-content\/uploads\/2023\/05\/Employee-Handbook-Template.png\",\"width\":1700,\"height\":1100,\"caption\":\"Employee Handbook Template - Nimbus Platform\"},{\"@type\":\"WebSite\",\"@id\":\"https:\/\/sales-ai-agents.com\/#website\",\"url\":\"https:\/\/sales-ai-agents.com\/\",\"name\":\"FuseBase\",\"description\":\"Nimbus Platform - Free Online Collaboration Software for Remote Teams. Build your wikis, client portals and more with the Nimbus Platform collaboration tool ? A perfect space for online work\",\"publisher\":{\"@id\":\"https:\/\/sales-ai-agents.com\/#organization\"},\"potentialAction\":[{\"@type\":\"SearchAction\",\"target\":{\"@type\":\"EntryPoint\",\"urlTemplate\":\"https:\/\/sales-ai-agents.com\/?s={search_term_string}\"},\"query-input\":{\"@type\":\"PropertyValueSpecification\",\"valueRequired\":true,\"valueName\":\"search_term_string\"}}],\"inLanguage\":\"de-DE\"},{\"@type\":\"Organization\",\"@id\":\"https:\/\/sales-ai-agents.com\/#organization\",\"name\":\"FuseBase\",\"url\":\"https:\/\/sales-ai-agents.com\/\",\"logo\":{\"@type\":\"ImageObject\",\"inLanguage\":\"de-DE\",\"@id\":\"https:\/\/sales-ai-agents.com\/#\/schema\/logo\/image\/\",\"url\":\"https:\/\/sales-ai-agents.com\/wp-content\/uploads\/2023\/11\/icon-7.svg\",\"contentUrl\":\"https:\/\/sales-ai-agents.com\/wp-content\/uploads\/2023\/11\/icon-7.svg\",\"width\":128,\"height\":128,\"caption\":\"FuseBase\"},\"image\":{\"@id\":\"https:\/\/sales-ai-agents.com\/#\/schema\/logo\/image\/\"}}]}<\/script>\n<!-- \/ Yoast SEO plugin. -->","yoast_head_json":{"title":"Handbuch f\u00fcr Mitarbeiter Vorlage - Sales AI Agents","description":"Schaffen Sie mit unserer anpassbaren Vorlage ein positives Arbeitsumfeld, das Transparenz, Vertrauen und gegenseitigen Respekt in Ihrem Unternehmen f\u00f6rdert.","robots":{"index":"index","follow":"follow","max-snippet":"max-snippet:-1","max-image-preview":"max-image-preview:large","max-video-preview":"max-video-preview:-1"},"canonical":"https:\/\/sales-ai-agents.com\/de\/templates\/employee-handbook\/","og_locale":"de_DE","og_type":"article","og_title":"Handbuch f\u00fcr Mitarbeiter Vorlage - Sales AI Agents","og_description":"Schaffen Sie mit unserer anpassbaren Vorlage ein positives Arbeitsumfeld, das Transparenz, Vertrauen und gegenseitigen Respekt in Ihrem Unternehmen f\u00f6rdert.","og_url":"https:\/\/sales-ai-agents.com\/de\/templates\/employee-handbook\/","og_site_name":"Sales AI Agents","article_modified_time":"2023-09-20T19:10:58+00:00","og_image":[{"width":1700,"height":1100,"url":"https:\/\/sales-ai-agents.com\/wp-content\/uploads\/2023\/05\/Employee-Handbook-Template.png","type":"image\/png"}],"twitter_card":"summary_large_image","schema":{"@context":"https:\/\/schema.org","@graph":[{"@type":"WebPage","@id":"https:\/\/sales-ai-agents.com\/de\/templates\/employee-handbook\/","url":"https:\/\/sales-ai-agents.com\/de\/templates\/employee-handbook\/","name":"Handbuch f\u00fcr Mitarbeiter Vorlage - Sales AI Agents","isPartOf":{"@id":"https:\/\/sales-ai-agents.com\/#website"},"primaryImageOfPage":{"@id":"https:\/\/sales-ai-agents.com\/de\/templates\/employee-handbook\/#primaryimage"},"image":{"@id":"https:\/\/sales-ai-agents.com\/de\/templates\/employee-handbook\/#primaryimage"},"thumbnailUrl":"https:\/\/sales-ai-agents.com\/wp-content\/uploads\/2023\/05\/Employee-Handbook-Template.png","datePublished":"2023-06-08T10:17:25+00:00","dateModified":"2023-09-20T19:10:58+00:00","description":"Schaffen Sie mit unserer anpassbaren Vorlage ein positives Arbeitsumfeld, das Transparenz, Vertrauen und gegenseitigen Respekt in Ihrem Unternehmen f\u00f6rdert.","inLanguage":"de-DE","potentialAction":[{"@type":"ReadAction","target":["https:\/\/sales-ai-agents.com\/de\/templates\/employee-handbook\/"]}]},{"@type":"ImageObject","inLanguage":"de-DE","@id":"https:\/\/sales-ai-agents.com\/de\/templates\/employee-handbook\/#primaryimage","url":"https:\/\/sales-ai-agents.com\/wp-content\/uploads\/2023\/05\/Employee-Handbook-Template.png","contentUrl":"https:\/\/sales-ai-agents.com\/wp-content\/uploads\/2023\/05\/Employee-Handbook-Template.png","width":1700,"height":1100,"caption":"Employee Handbook Template - Nimbus Platform"},{"@type":"WebSite","@id":"https:\/\/sales-ai-agents.com\/#website","url":"https:\/\/sales-ai-agents.com\/","name":"FuseBase","description":"Nimbus Platform - Free Online Collaboration Software for Remote Teams. Build your wikis, client portals and more with the Nimbus Platform collaboration tool ? A perfect space for online work","publisher":{"@id":"https:\/\/sales-ai-agents.com\/#organization"},"potentialAction":[{"@type":"SearchAction","target":{"@type":"EntryPoint","urlTemplate":"https:\/\/sales-ai-agents.com\/?s={search_term_string}"},"query-input":{"@type":"PropertyValueSpecification","valueRequired":true,"valueName":"search_term_string"}}],"inLanguage":"de-DE"},{"@type":"Organization","@id":"https:\/\/sales-ai-agents.com\/#organization","name":"FuseBase","url":"https:\/\/sales-ai-agents.com\/","logo":{"@type":"ImageObject","inLanguage":"de-DE","@id":"https:\/\/sales-ai-agents.com\/#\/schema\/logo\/image\/","url":"https:\/\/sales-ai-agents.com\/wp-content\/uploads\/2023\/11\/icon-7.svg","contentUrl":"https:\/\/sales-ai-agents.com\/wp-content\/uploads\/2023\/11\/icon-7.svg","width":128,"height":128,"caption":"FuseBase"},"image":{"@id":"https:\/\/sales-ai-agents.com\/#\/schema\/logo\/image\/"}}]}},"_links":{"self":[{"href":"https:\/\/sales-ai-agents.com\/de\/wp-json\/wp\/v2\/product\/54846","targetHints":{"allow":["GET"]}}],"collection":[{"href":"https:\/\/sales-ai-agents.com\/de\/wp-json\/wp\/v2\/product"}],"about":[{"href":"https:\/\/sales-ai-agents.com\/de\/wp-json\/wp\/v2\/types\/product"}],"wp:featuredmedia":[{"embeddable":true,"href":"https:\/\/sales-ai-agents.com\/de\/wp-json\/wp\/v2\/media\/40784"}],"wp:attachment":[{"href":"https:\/\/sales-ai-agents.com\/de\/wp-json\/wp\/v2\/media?parent=54846"}],"wp:term":[{"taxonomy":"product_brand","embeddable":true,"href":"https:\/\/sales-ai-agents.com\/de\/wp-json\/wp\/v2\/product_brand?post=54846"},{"taxonomy":"product_cat","embeddable":true,"href":"https:\/\/sales-ai-agents.com\/de\/wp-json\/wp\/v2\/product_cat?post=54846"},{"taxonomy":"product_tag","embeddable":true,"href":"https:\/\/sales-ai-agents.com\/de\/wp-json\/wp\/v2\/product_tag?post=54846"}],"curies":[{"name":"wp","href":"https:\/\/api.w.org\/{rel}","templated":true}]}}