{"id":55027,"date":"2023-06-08T09:57:38","date_gmt":"2023-06-08T09:57:38","guid":{"rendered":"https:\/\/sales-ai-agents.com\/templates\/bylaws\/"},"modified":"2023-11-30T09:41:25","modified_gmt":"2023-11-30T09:41:25","slug":"bylaws","status":"publish","type":"product","link":"https:\/\/sales-ai-agents.com\/de\/templates\/bylaws\/","title":{"rendered":"Gesch\u00e4ftsordnung"},"content":{"rendered":"<h2>Satzungsvorlage<\/h2>\n<p>Satzungen dienen als Grundlage f\u00fcr jede Organisation und bilden einen Rahmen, der die Struktur, die Zust\u00e4ndigkeiten und die Verfahren f\u00fcr ihre T\u00e4tigkeit festlegt. Unsere intuitiv zu bedienende Vorlage macht es Vorstandsmitgliedern, leitenden Angestellten und anderen Beteiligten leicht, auf die Satzung zuzugreifen und sie zu verstehen. Von dem Moment an, in dem sie in Ihr Unternehmen eintreten, erhalten sie einen umfassenden Leitfaden, in dem ihre Aufgaben und Zust\u00e4ndigkeiten beschrieben sind.<\/p>\n<h5><\/h5>\n<h5 id=\"b3424472210_9045\" class=\"editable-text paragraph indent-0 selected-block selected-block-wrapper\">Wie zu verwenden:<\/h5>\n<ul id=\"b3458500245_1134\" class=\"editor-list number-template-decimal-all\">\n<li id=\"b3458500245_1140\" class=\"list-item-bullet editable-text list-item indent-0 selected-block selected-block-wrapper\">F\u00fcgen Sie relevante Informationen \u00fcber Ihre Organisation hinzu;<\/li>\n<li id=\"b3458500245_1204\" class=\"list-item-bullet editable-text list-item indent-0 selected-block selected-block-wrapper\"><a href=\"https:\/\/sales-ai-agents.com\/de\/guides\/settings\/how-to-export-notes-to-html-or-pdf\/\" target=\"_blank\" rel=\"noopener\">Speichern Sie das Dokument als .pdf<\/a> und senden Sie es bei Bedarf zu.<\/li>\n<\/ul>\n","protected":false},"excerpt":{"rendered":"<p>Optimieren Sie die Entscheidungsfindung, stellen Sie die Einhaltung von Vorschriften sicher und f\u00f6rdern Sie die Transparenz der Abl\u00e4ufe in Ihrem Unternehmen. Beginnen Sie noch heute und legen Sie den Grundstein f\u00fcr eine gut strukturierte und erfolgreiche Organisation!<\/p>\n","protected":false},"featured_media":40944,"template":"","meta":{"_acf_changed":false,"inline_featured_image":false},"product_brand":[],"product_cat":[178],"product_tag":[],"class_list":{"0":"post-55027","1":"product","2":"type-product","3":"status-publish","4":"has-post-thumbnail","6":"product_cat-operations-hr","7":"collections-onboarding","9":"first","10":"instock","11":"shipping-taxable","12":"product-type-simple"},"acf":[],"yoast_head":"<!-- This site is optimized with the Yoast SEO plugin v25.3.1 - https:\/\/yoast.com\/wordpress\/plugins\/seo\/ -->\n<title>Gesch\u00e4ftsordnung Vorlage - Sales AI Agents<\/title>\n<meta name=\"description\" content=\"Schaffen Sie mit der Nimbus-Vorlage eine solide Governance-Struktur, die Verantwortlichkeit, Effizienz und Fairness innerhalb Ihrer Organisation f\u00f6rdert!\" \/>\n<meta name=\"robots\" content=\"index, follow, max-snippet:-1, max-image-preview:large, max-video-preview:-1\" \/>\n<link rel=\"canonical\" href=\"https:\/\/sales-ai-agents.com\/de\/templates\/bylaws\/\" \/>\n<meta property=\"og:locale\" content=\"de_DE\" \/>\n<meta property=\"og:type\" content=\"article\" \/>\n<meta property=\"og:title\" content=\"Gesch\u00e4ftsordnung Vorlage - Sales AI Agents\" \/>\n<meta property=\"og:description\" content=\"Schaffen Sie mit der Nimbus-Vorlage eine solide Governance-Struktur, die Verantwortlichkeit, Effizienz und Fairness innerhalb Ihrer Organisation f\u00f6rdert!\" \/>\n<meta property=\"og:url\" content=\"https:\/\/sales-ai-agents.com\/de\/templates\/bylaws\/\" \/>\n<meta property=\"og:site_name\" content=\"Sales AI Agents\" \/>\n<meta property=\"article:modified_time\" content=\"2023-11-30T09:41:25+00:00\" \/>\n<meta property=\"og:image\" content=\"https:\/\/sales-ai-agents.com\/wp-content\/uploads\/2023\/05\/Bylaws-Template.png\" \/>\n\t<meta property=\"og:image:width\" content=\"1700\" \/>\n\t<meta property=\"og:image:height\" content=\"1100\" \/>\n\t<meta property=\"og:image:type\" content=\"image\/png\" \/>\n<meta name=\"twitter:card\" content=\"summary_large_image\" \/>\n<script type=\"application\/ld+json\" class=\"yoast-schema-graph\">{\"@context\":\"https:\/\/schema.org\",\"@graph\":[{\"@type\":\"WebPage\",\"@id\":\"https:\/\/sales-ai-agents.com\/de\/templates\/bylaws\/\",\"url\":\"https:\/\/sales-ai-agents.com\/de\/templates\/bylaws\/\",\"name\":\"Gesch\u00e4ftsordnung Vorlage - Sales AI Agents\",\"isPartOf\":{\"@id\":\"https:\/\/sales-ai-agents.com\/#website\"},\"primaryImageOfPage\":{\"@id\":\"https:\/\/sales-ai-agents.com\/de\/templates\/bylaws\/#primaryimage\"},\"image\":{\"@id\":\"https:\/\/sales-ai-agents.com\/de\/templates\/bylaws\/#primaryimage\"},\"thumbnailUrl\":\"https:\/\/sales-ai-agents.com\/wp-content\/uploads\/2023\/05\/Bylaws-Template.png\",\"datePublished\":\"2023-06-08T09:57:38+00:00\",\"dateModified\":\"2023-11-30T09:41:25+00:00\",\"description\":\"Schaffen Sie mit der Nimbus-Vorlage eine solide Governance-Struktur, die Verantwortlichkeit, Effizienz und Fairness innerhalb Ihrer Organisation f\u00f6rdert!\",\"inLanguage\":\"de-DE\",\"potentialAction\":[{\"@type\":\"ReadAction\",\"target\":[\"https:\/\/sales-ai-agents.com\/de\/templates\/bylaws\/\"]}]},{\"@type\":\"ImageObject\",\"inLanguage\":\"de-DE\",\"@id\":\"https:\/\/sales-ai-agents.com\/de\/templates\/bylaws\/#primaryimage\",\"url\":\"https:\/\/sales-ai-agents.com\/wp-content\/uploads\/2023\/05\/Bylaws-Template.png\",\"contentUrl\":\"https:\/\/sales-ai-agents.com\/wp-content\/uploads\/2023\/05\/Bylaws-Template.png\",\"width\":1700,\"height\":1100,\"caption\":\"Bylaws Template - Nimbus Platform\"},{\"@type\":\"WebSite\",\"@id\":\"https:\/\/sales-ai-agents.com\/#website\",\"url\":\"https:\/\/sales-ai-agents.com\/\",\"name\":\"FuseBase\",\"description\":\"Nimbus Platform - Free Online Collaboration Software for Remote Teams. Build your wikis, client portals and more with the Nimbus Platform collaboration tool ? A perfect space for online work\",\"publisher\":{\"@id\":\"https:\/\/sales-ai-agents.com\/#organization\"},\"potentialAction\":[{\"@type\":\"SearchAction\",\"target\":{\"@type\":\"EntryPoint\",\"urlTemplate\":\"https:\/\/sales-ai-agents.com\/?s={search_term_string}\"},\"query-input\":{\"@type\":\"PropertyValueSpecification\",\"valueRequired\":true,\"valueName\":\"search_term_string\"}}],\"inLanguage\":\"de-DE\"},{\"@type\":\"Organization\",\"@id\":\"https:\/\/sales-ai-agents.com\/#organization\",\"name\":\"FuseBase\",\"url\":\"https:\/\/sales-ai-agents.com\/\",\"logo\":{\"@type\":\"ImageObject\",\"inLanguage\":\"de-DE\",\"@id\":\"https:\/\/sales-ai-agents.com\/#\/schema\/logo\/image\/\",\"url\":\"https:\/\/sales-ai-agents.com\/wp-content\/uploads\/2023\/11\/icon-7.svg\",\"contentUrl\":\"https:\/\/sales-ai-agents.com\/wp-content\/uploads\/2023\/11\/icon-7.svg\",\"width\":128,\"height\":128,\"caption\":\"FuseBase\"},\"image\":{\"@id\":\"https:\/\/sales-ai-agents.com\/#\/schema\/logo\/image\/\"}}]}<\/script>\n<!-- \/ Yoast SEO plugin. -->","yoast_head_json":{"title":"Gesch\u00e4ftsordnung Vorlage - Sales AI Agents","description":"Schaffen Sie mit der Nimbus-Vorlage eine solide Governance-Struktur, die Verantwortlichkeit, Effizienz und Fairness innerhalb Ihrer Organisation f\u00f6rdert!","robots":{"index":"index","follow":"follow","max-snippet":"max-snippet:-1","max-image-preview":"max-image-preview:large","max-video-preview":"max-video-preview:-1"},"canonical":"https:\/\/sales-ai-agents.com\/de\/templates\/bylaws\/","og_locale":"de_DE","og_type":"article","og_title":"Gesch\u00e4ftsordnung Vorlage - Sales AI Agents","og_description":"Schaffen Sie mit der Nimbus-Vorlage eine solide Governance-Struktur, die Verantwortlichkeit, Effizienz und Fairness innerhalb Ihrer Organisation f\u00f6rdert!","og_url":"https:\/\/sales-ai-agents.com\/de\/templates\/bylaws\/","og_site_name":"Sales AI Agents","article_modified_time":"2023-11-30T09:41:25+00:00","og_image":[{"width":1700,"height":1100,"url":"https:\/\/sales-ai-agents.com\/wp-content\/uploads\/2023\/05\/Bylaws-Template.png","type":"image\/png"}],"twitter_card":"summary_large_image","schema":{"@context":"https:\/\/schema.org","@graph":[{"@type":"WebPage","@id":"https:\/\/sales-ai-agents.com\/de\/templates\/bylaws\/","url":"https:\/\/sales-ai-agents.com\/de\/templates\/bylaws\/","name":"Gesch\u00e4ftsordnung Vorlage - Sales AI Agents","isPartOf":{"@id":"https:\/\/sales-ai-agents.com\/#website"},"primaryImageOfPage":{"@id":"https:\/\/sales-ai-agents.com\/de\/templates\/bylaws\/#primaryimage"},"image":{"@id":"https:\/\/sales-ai-agents.com\/de\/templates\/bylaws\/#primaryimage"},"thumbnailUrl":"https:\/\/sales-ai-agents.com\/wp-content\/uploads\/2023\/05\/Bylaws-Template.png","datePublished":"2023-06-08T09:57:38+00:00","dateModified":"2023-11-30T09:41:25+00:00","description":"Schaffen Sie mit der Nimbus-Vorlage eine solide Governance-Struktur, die Verantwortlichkeit, Effizienz und Fairness innerhalb Ihrer Organisation f\u00f6rdert!","inLanguage":"de-DE","potentialAction":[{"@type":"ReadAction","target":["https:\/\/sales-ai-agents.com\/de\/templates\/bylaws\/"]}]},{"@type":"ImageObject","inLanguage":"de-DE","@id":"https:\/\/sales-ai-agents.com\/de\/templates\/bylaws\/#primaryimage","url":"https:\/\/sales-ai-agents.com\/wp-content\/uploads\/2023\/05\/Bylaws-Template.png","contentUrl":"https:\/\/sales-ai-agents.com\/wp-content\/uploads\/2023\/05\/Bylaws-Template.png","width":1700,"height":1100,"caption":"Bylaws Template - Nimbus Platform"},{"@type":"WebSite","@id":"https:\/\/sales-ai-agents.com\/#website","url":"https:\/\/sales-ai-agents.com\/","name":"FuseBase","description":"Nimbus Platform - Free Online Collaboration Software for Remote Teams. Build your wikis, client portals and more with the Nimbus Platform collaboration tool ? A perfect space for online work","publisher":{"@id":"https:\/\/sales-ai-agents.com\/#organization"},"potentialAction":[{"@type":"SearchAction","target":{"@type":"EntryPoint","urlTemplate":"https:\/\/sales-ai-agents.com\/?s={search_term_string}"},"query-input":{"@type":"PropertyValueSpecification","valueRequired":true,"valueName":"search_term_string"}}],"inLanguage":"de-DE"},{"@type":"Organization","@id":"https:\/\/sales-ai-agents.com\/#organization","name":"FuseBase","url":"https:\/\/sales-ai-agents.com\/","logo":{"@type":"ImageObject","inLanguage":"de-DE","@id":"https:\/\/sales-ai-agents.com\/#\/schema\/logo\/image\/","url":"https:\/\/sales-ai-agents.com\/wp-content\/uploads\/2023\/11\/icon-7.svg","contentUrl":"https:\/\/sales-ai-agents.com\/wp-content\/uploads\/2023\/11\/icon-7.svg","width":128,"height":128,"caption":"FuseBase"},"image":{"@id":"https:\/\/sales-ai-agents.com\/#\/schema\/logo\/image\/"}}]}},"_links":{"self":[{"href":"https:\/\/sales-ai-agents.com\/de\/wp-json\/wp\/v2\/product\/55027","targetHints":{"allow":["GET"]}}],"collection":[{"href":"https:\/\/sales-ai-agents.com\/de\/wp-json\/wp\/v2\/product"}],"about":[{"href":"https:\/\/sales-ai-agents.com\/de\/wp-json\/wp\/v2\/types\/product"}],"wp:featuredmedia":[{"embeddable":true,"href":"https:\/\/sales-ai-agents.com\/de\/wp-json\/wp\/v2\/media\/40944"}],"wp:attachment":[{"href":"https:\/\/sales-ai-agents.com\/de\/wp-json\/wp\/v2\/media?parent=55027"}],"wp:term":[{"taxonomy":"product_brand","embeddable":true,"href":"https:\/\/sales-ai-agents.com\/de\/wp-json\/wp\/v2\/product_brand?post=55027"},{"taxonomy":"product_cat","embeddable":true,"href":"https:\/\/sales-ai-agents.com\/de\/wp-json\/wp\/v2\/product_cat?post=55027"},{"taxonomy":"product_tag","embeddable":true,"href":"https:\/\/sales-ai-agents.com\/de\/wp-json\/wp\/v2\/product_tag?post=55027"}],"curies":[{"name":"wp","href":"https:\/\/api.w.org\/{rel}","templated":true}]}}