{"id":55030,"date":"2023-06-08T09:26:15","date_gmt":"2023-06-08T09:26:15","guid":{"rendered":"https:\/\/sales-ai-agents.com\/templates\/articles-of-incorporation\/"},"modified":"2023-11-30T09:40:30","modified_gmt":"2023-11-30T09:40:30","slug":"articles-of-incorporation","status":"publish","type":"product","link":"https:\/\/sales-ai-agents.com\/de\/templates\/articles-of-incorporation\/","title":{"rendered":"Satzung der Gesellschaft"},"content":{"rendered":"<h2 id=\"b3424472210_9115\" class=\"editable-text paragraph indent-0 allow-dragging focused-block selected-block selected-block-wrapper\">Gr\u00fcndungsurkunde Vorlage<\/h2>\n<p>Formalisieren Sie Ihr Unternehmen und schaffen Sie eine solide rechtliche Grundlage mit dieser Nimbus-Vorlage. Unsere Vorlage enth\u00e4lt wichtige Angaben wie den Namen und den Zweck Ihrer Organisation, den eingetragenen Vertreter, die Anzahl und die Art der Aktien und vieles mehr. Vereinfachen Sie den Prozess und konzentrieren Sie sich auf das, was am wichtigsten ist &#8211; den Aufbau und das Wachstum Ihres Unternehmens mit Nimbus Platform.<\/p>\n<p>&nbsp;<\/p>\n<h5 id=\"b3424472210_9128\" class=\"editable-text paragraph indent-0 selected-block selected-block-wrapper\">Wie zu verwenden:<\/h5>\n<ul id=\"b3458500245_2698\" class=\"editor-list number-template-decimal-all\">\n<li id=\"b830703306_9006\" class=\"list-item-bullet editable-text list-item indent-0 selected-block selected-block-wrapper\">F\u00fcgen Sie relevante Informationen \u00fcber Ihre Organisation hinzu;<\/li>\n<li id=\"b830703306_9066\" class=\"list-item-bullet editable-text list-item indent-0 selected-block selected-block-wrapper\"><a href=\"https:\/\/sales-ai-agents.com\/de\/guides\/settings\/how-to-export-notes-to-html-or-pdf\/\" target=\"_blank\" rel=\"noopener\">Speichern Sie das Dokument als .pdf<\/a> und senden Sie es bei Bedarf zu.<\/li>\n<\/ul>\n","protected":false},"excerpt":{"rendered":"<div id=\"b3458500245_1500\" class=\"editable-text paragraph indent-0 allow-dragging focused-block\">Wenn Sie ein Unternehmen gr\u00fcnden, ist die Gr\u00fcndungsurkunde ein wichtiges Rechtsdokument, das Ihr Unternehmen als eigenst\u00e4ndige juristische Person etabliert. Unsere Vorlage bietet einen gebrauchsfertigen Rahmen, der Sie durch den Prozess f\u00fchrt und Ihnen Zeit und M\u00fche erspart.<\/div>\n","protected":false},"featured_media":43986,"template":"","meta":{"_acf_changed":false,"inline_featured_image":false},"product_brand":[],"product_cat":[178],"product_tag":[],"class_list":{"0":"post-55030","1":"product","2":"type-product","3":"status-publish","4":"has-post-thumbnail","6":"product_cat-operations-hr","7":"collections-onboarding","9":"first","10":"instock","11":"shipping-taxable","12":"product-type-simple"},"acf":[],"yoast_head":"<!-- This site is optimized with the Yoast SEO plugin v25.3.1 - https:\/\/yoast.com\/wordpress\/plugins\/seo\/ -->\n<title>Satzung der Gesellschaft Vorlage - Sales AI Agents<\/title>\n<meta name=\"description\" content=\"Sch\u00fctzen Sie Ihr Verm\u00f6gen und nutzen Sie die Vorteile einer formalen Unternehmensstruktur und eines rechtlichen Schutzes mit unserer neuen n\u00fctzlichen Vorlage.\" \/>\n<meta name=\"robots\" content=\"index, follow, max-snippet:-1, max-image-preview:large, max-video-preview:-1\" \/>\n<link rel=\"canonical\" href=\"https:\/\/sales-ai-agents.com\/de\/templates\/articles-of-incorporation\/\" \/>\n<meta property=\"og:locale\" content=\"de_DE\" \/>\n<meta property=\"og:type\" content=\"article\" \/>\n<meta property=\"og:title\" content=\"Satzung der Gesellschaft Vorlage - Sales AI Agents\" \/>\n<meta property=\"og:description\" content=\"Sch\u00fctzen Sie Ihr Verm\u00f6gen und nutzen Sie die Vorteile einer formalen Unternehmensstruktur und eines rechtlichen Schutzes mit unserer neuen n\u00fctzlichen Vorlage.\" \/>\n<meta property=\"og:url\" content=\"https:\/\/sales-ai-agents.com\/de\/templates\/articles-of-incorporation\/\" \/>\n<meta property=\"og:site_name\" content=\"Sales AI Agents\" \/>\n<meta property=\"article:modified_time\" content=\"2023-11-30T09:40:30+00:00\" \/>\n<meta property=\"og:image\" content=\"https:\/\/sales-ai-agents.com\/wp-content\/uploads\/2023\/06\/Articles-of-Incorporation-Template.png\" \/>\n\t<meta property=\"og:image:width\" content=\"1700\" \/>\n\t<meta property=\"og:image:height\" content=\"1100\" \/>\n\t<meta property=\"og:image:type\" content=\"image\/png\" \/>\n<meta name=\"twitter:card\" content=\"summary_large_image\" \/>\n<script type=\"application\/ld+json\" class=\"yoast-schema-graph\">{\"@context\":\"https:\/\/schema.org\",\"@graph\":[{\"@type\":\"WebPage\",\"@id\":\"https:\/\/sales-ai-agents.com\/de\/templates\/articles-of-incorporation\/\",\"url\":\"https:\/\/sales-ai-agents.com\/de\/templates\/articles-of-incorporation\/\",\"name\":\"Satzung der Gesellschaft Vorlage - Sales AI Agents\",\"isPartOf\":{\"@id\":\"https:\/\/sales-ai-agents.com\/#website\"},\"primaryImageOfPage\":{\"@id\":\"https:\/\/sales-ai-agents.com\/de\/templates\/articles-of-incorporation\/#primaryimage\"},\"image\":{\"@id\":\"https:\/\/sales-ai-agents.com\/de\/templates\/articles-of-incorporation\/#primaryimage\"},\"thumbnailUrl\":\"https:\/\/sales-ai-agents.com\/wp-content\/uploads\/2023\/06\/Articles-of-Incorporation-Template.png\",\"datePublished\":\"2023-06-08T09:26:15+00:00\",\"dateModified\":\"2023-11-30T09:40:30+00:00\",\"description\":\"Sch\u00fctzen Sie Ihr Verm\u00f6gen und nutzen Sie die Vorteile einer formalen Unternehmensstruktur und eines rechtlichen Schutzes mit unserer neuen n\u00fctzlichen Vorlage.\",\"inLanguage\":\"de-DE\",\"potentialAction\":[{\"@type\":\"ReadAction\",\"target\":[\"https:\/\/sales-ai-agents.com\/de\/templates\/articles-of-incorporation\/\"]}]},{\"@type\":\"ImageObject\",\"inLanguage\":\"de-DE\",\"@id\":\"https:\/\/sales-ai-agents.com\/de\/templates\/articles-of-incorporation\/#primaryimage\",\"url\":\"https:\/\/sales-ai-agents.com\/wp-content\/uploads\/2023\/06\/Articles-of-Incorporation-Template.png\",\"contentUrl\":\"https:\/\/sales-ai-agents.com\/wp-content\/uploads\/2023\/06\/Articles-of-Incorporation-Template.png\",\"width\":1700,\"height\":1100,\"caption\":\"Articles of Incorporation Template - Nimbus Platform\"},{\"@type\":\"WebSite\",\"@id\":\"https:\/\/sales-ai-agents.com\/#website\",\"url\":\"https:\/\/sales-ai-agents.com\/\",\"name\":\"FuseBase\",\"description\":\"Nimbus Platform - Free Online Collaboration Software for Remote Teams. Build your wikis, client portals and more with the Nimbus Platform collaboration tool ? A perfect space for online work\",\"publisher\":{\"@id\":\"https:\/\/sales-ai-agents.com\/#organization\"},\"potentialAction\":[{\"@type\":\"SearchAction\",\"target\":{\"@type\":\"EntryPoint\",\"urlTemplate\":\"https:\/\/sales-ai-agents.com\/?s={search_term_string}\"},\"query-input\":{\"@type\":\"PropertyValueSpecification\",\"valueRequired\":true,\"valueName\":\"search_term_string\"}}],\"inLanguage\":\"de-DE\"},{\"@type\":\"Organization\",\"@id\":\"https:\/\/sales-ai-agents.com\/#organization\",\"name\":\"FuseBase\",\"url\":\"https:\/\/sales-ai-agents.com\/\",\"logo\":{\"@type\":\"ImageObject\",\"inLanguage\":\"de-DE\",\"@id\":\"https:\/\/sales-ai-agents.com\/#\/schema\/logo\/image\/\",\"url\":\"https:\/\/sales-ai-agents.com\/wp-content\/uploads\/2023\/11\/icon-7.svg\",\"contentUrl\":\"https:\/\/sales-ai-agents.com\/wp-content\/uploads\/2023\/11\/icon-7.svg\",\"width\":128,\"height\":128,\"caption\":\"FuseBase\"},\"image\":{\"@id\":\"https:\/\/sales-ai-agents.com\/#\/schema\/logo\/image\/\"}}]}<\/script>\n<!-- \/ Yoast SEO plugin. -->","yoast_head_json":{"title":"Satzung der Gesellschaft Vorlage - Sales AI Agents","description":"Sch\u00fctzen Sie Ihr Verm\u00f6gen und nutzen Sie die Vorteile einer formalen Unternehmensstruktur und eines rechtlichen Schutzes mit unserer neuen n\u00fctzlichen Vorlage.","robots":{"index":"index","follow":"follow","max-snippet":"max-snippet:-1","max-image-preview":"max-image-preview:large","max-video-preview":"max-video-preview:-1"},"canonical":"https:\/\/sales-ai-agents.com\/de\/templates\/articles-of-incorporation\/","og_locale":"de_DE","og_type":"article","og_title":"Satzung der Gesellschaft Vorlage - Sales AI Agents","og_description":"Sch\u00fctzen Sie Ihr Verm\u00f6gen und nutzen Sie die Vorteile einer formalen Unternehmensstruktur und eines rechtlichen Schutzes mit unserer neuen n\u00fctzlichen Vorlage.","og_url":"https:\/\/sales-ai-agents.com\/de\/templates\/articles-of-incorporation\/","og_site_name":"Sales AI Agents","article_modified_time":"2023-11-30T09:40:30+00:00","og_image":[{"width":1700,"height":1100,"url":"https:\/\/sales-ai-agents.com\/wp-content\/uploads\/2023\/06\/Articles-of-Incorporation-Template.png","type":"image\/png"}],"twitter_card":"summary_large_image","schema":{"@context":"https:\/\/schema.org","@graph":[{"@type":"WebPage","@id":"https:\/\/sales-ai-agents.com\/de\/templates\/articles-of-incorporation\/","url":"https:\/\/sales-ai-agents.com\/de\/templates\/articles-of-incorporation\/","name":"Satzung der Gesellschaft Vorlage - Sales AI Agents","isPartOf":{"@id":"https:\/\/sales-ai-agents.com\/#website"},"primaryImageOfPage":{"@id":"https:\/\/sales-ai-agents.com\/de\/templates\/articles-of-incorporation\/#primaryimage"},"image":{"@id":"https:\/\/sales-ai-agents.com\/de\/templates\/articles-of-incorporation\/#primaryimage"},"thumbnailUrl":"https:\/\/sales-ai-agents.com\/wp-content\/uploads\/2023\/06\/Articles-of-Incorporation-Template.png","datePublished":"2023-06-08T09:26:15+00:00","dateModified":"2023-11-30T09:40:30+00:00","description":"Sch\u00fctzen Sie Ihr Verm\u00f6gen und nutzen Sie die Vorteile einer formalen Unternehmensstruktur und eines rechtlichen Schutzes mit unserer neuen n\u00fctzlichen Vorlage.","inLanguage":"de-DE","potentialAction":[{"@type":"ReadAction","target":["https:\/\/sales-ai-agents.com\/de\/templates\/articles-of-incorporation\/"]}]},{"@type":"ImageObject","inLanguage":"de-DE","@id":"https:\/\/sales-ai-agents.com\/de\/templates\/articles-of-incorporation\/#primaryimage","url":"https:\/\/sales-ai-agents.com\/wp-content\/uploads\/2023\/06\/Articles-of-Incorporation-Template.png","contentUrl":"https:\/\/sales-ai-agents.com\/wp-content\/uploads\/2023\/06\/Articles-of-Incorporation-Template.png","width":1700,"height":1100,"caption":"Articles of Incorporation Template - Nimbus Platform"},{"@type":"WebSite","@id":"https:\/\/sales-ai-agents.com\/#website","url":"https:\/\/sales-ai-agents.com\/","name":"FuseBase","description":"Nimbus Platform - Free Online Collaboration Software for Remote Teams. Build your wikis, client portals and more with the Nimbus Platform collaboration tool ? A perfect space for online work","publisher":{"@id":"https:\/\/sales-ai-agents.com\/#organization"},"potentialAction":[{"@type":"SearchAction","target":{"@type":"EntryPoint","urlTemplate":"https:\/\/sales-ai-agents.com\/?s={search_term_string}"},"query-input":{"@type":"PropertyValueSpecification","valueRequired":true,"valueName":"search_term_string"}}],"inLanguage":"de-DE"},{"@type":"Organization","@id":"https:\/\/sales-ai-agents.com\/#organization","name":"FuseBase","url":"https:\/\/sales-ai-agents.com\/","logo":{"@type":"ImageObject","inLanguage":"de-DE","@id":"https:\/\/sales-ai-agents.com\/#\/schema\/logo\/image\/","url":"https:\/\/sales-ai-agents.com\/wp-content\/uploads\/2023\/11\/icon-7.svg","contentUrl":"https:\/\/sales-ai-agents.com\/wp-content\/uploads\/2023\/11\/icon-7.svg","width":128,"height":128,"caption":"FuseBase"},"image":{"@id":"https:\/\/sales-ai-agents.com\/#\/schema\/logo\/image\/"}}]}},"_links":{"self":[{"href":"https:\/\/sales-ai-agents.com\/de\/wp-json\/wp\/v2\/product\/55030","targetHints":{"allow":["GET"]}}],"collection":[{"href":"https:\/\/sales-ai-agents.com\/de\/wp-json\/wp\/v2\/product"}],"about":[{"href":"https:\/\/sales-ai-agents.com\/de\/wp-json\/wp\/v2\/types\/product"}],"wp:featuredmedia":[{"embeddable":true,"href":"https:\/\/sales-ai-agents.com\/de\/wp-json\/wp\/v2\/media\/43986"}],"wp:attachment":[{"href":"https:\/\/sales-ai-agents.com\/de\/wp-json\/wp\/v2\/media?parent=55030"}],"wp:term":[{"taxonomy":"product_brand","embeddable":true,"href":"https:\/\/sales-ai-agents.com\/de\/wp-json\/wp\/v2\/product_brand?post=55030"},{"taxonomy":"product_cat","embeddable":true,"href":"https:\/\/sales-ai-agents.com\/de\/wp-json\/wp\/v2\/product_cat?post=55030"},{"taxonomy":"product_tag","embeddable":true,"href":"https:\/\/sales-ai-agents.com\/de\/wp-json\/wp\/v2\/product_tag?post=55030"}],"curies":[{"name":"wp","href":"https:\/\/api.w.org\/{rel}","templated":true}]}}