{"id":55168,"date":"2023-06-08T09:21:46","date_gmt":"2023-06-08T09:21:46","guid":{"rendered":"https:\/\/sales-ai-agents.com\/templates\/short-press-kit\/"},"modified":"2023-09-20T19:31:59","modified_gmt":"2023-09-20T19:31:59","slug":"short-press-kit","status":"publish","type":"product","link":"https:\/\/sales-ai-agents.com\/de\/templates\/short-press-kit\/","title":{"rendered":"Kurz-Pressemappe"},"content":{"rendered":"<h2 id=\"b3424472210_9198\" class=\"editable-text paragraph indent-0 allow-dragging focused-block selected-block selected-block-wrapper\">Kurze Pressemappe Vorlage<\/h2>\n<p>Unsere Vorlage deckt alle wesentlichen Elemente einer Pressemappe ab, einschlie\u00dflich eines Unternehmens\u00fcberblicks, wichtiger Fakten und Zahlen, Produkt-\/Dienstleistungshighlights, bemerkenswerter Leistungen, Referenzen und Kontaktinformationen. Es stellt sicher, dass Sie eine klare und \u00fcberzeugende Momentaufnahme Ihrer Marke auf pr\u00e4gnante und ansprechende Weise pr\u00e4sentieren. Neben dem umfassenden Inhalt legt unsere Vorlage auch Wert auf Einfachheit und Klarheit. Die Informationen werden in einem verst\u00e4ndlichen Format pr\u00e4sentiert, wobei ansprechende \u00dcberschriften und fesselnde Bilder verwendet werden, um die Botschaft Ihrer Marke effektiv zu vermitteln.<\/p>\n<h5><\/h5>\n<h5 id=\"b3424472210_9211\" class=\"editable-text paragraph indent-0 selected-block selected-block-wrapper\">Wie zu verwenden:<\/h5>\n<ul id=\"b182865622_1176\" class=\"editor-list number-template-decimal-all\">\n<li id=\"b830703306_10071\" class=\"list-item-bullet editable-text list-item indent-0 selected-block selected-block-wrapper\"><a href=\"https:\/\/sales-ai-agents.com\/de\/guides\/basics\/links-in-nimbus-note\/\" target=\"_blank\" rel=\"noopener\">F\u00fcgen Sie<\/a> \u00fcber die Schaltfl\u00e4chen <a href=\"https:\/\/sales-ai-agents.com\/de\/guides\/basics\/links-in-nimbus-note\/\" target=\"_blank\" rel=\"noopener\">Links<\/a> zu Ihrer Website und zu sozialen Medien <a href=\"https:\/\/sales-ai-agents.com\/de\/guides\/basics\/links-in-nimbus-note\/\" target=\"_blank\" rel=\"noopener\">hinzu<\/a>;<\/li>\n<li id=\"b830703306_10143\" class=\"list-item-bullet editable-text list-item indent-0 selected-block selected-block-wrapper\">Stellen Sie Ihre Teammitglieder vor, indem Sie <a href=\"https:\/\/sales-ai-agents.com\/de\/guides\/basics\/images\/\" target=\"_blank\" rel=\"noopener\">ihre Fotos ver\u00f6ffentlichen<\/a>;<\/li>\n<li id=\"b830703306_10206\" class=\"list-item-bullet editable-text list-item indent-0 selected-block selected-block-wrapper\"><a href=\"https:\/\/sales-ai-agents.com\/de\/guides\/basics\/video\/\" target=\"_blank\" rel=\"noopener\">F\u00fcgen Sie ein kurzes Video ein<\/a>, um Ihr Unternehmen besser zu pr\u00e4sentieren;<\/li>\n<li id=\"b830703306_10279\" class=\"list-item-bullet editable-text list-item indent-0 selected-block selected-block-wrapper\">F\u00fcgen Sie die Logos Ihrer Kunden und Empfehlungsschreiben mit einer Zitatblockoption hinzu.<\/li>\n<\/ul>\n","protected":false},"excerpt":{"rendered":"<p>Wir stellen Ihnen die Kurz-Pressekit-Vorlage vor &#8211; Ihre All-in-One-Ressource zur Erstellung eines professionellen und pr\u00e4gnanten Medienkits, das die Essenz Ihrer Marke einf\u00e4ngt. Hinterlassen Sie mit unserer anpassbaren und wirkungsvollen Vorlage einen bleibenden Eindruck bei Journalisten, Bloggern und Influencern.<\/p>\n","protected":false},"featured_media":41591,"template":"","meta":{"_acf_changed":false,"inline_featured_image":false},"product_brand":[],"product_cat":[188],"product_tag":[],"class_list":{"0":"post-55168","1":"product","2":"type-product","3":"status-publish","4":"has-post-thumbnail","6":"product_cat-uncategorized","7":"collections-onboarding","9":"first","10":"instock","11":"shipping-taxable","12":"product-type-simple"},"acf":[],"yoast_head":"<!-- This site is optimized with the Yoast SEO plugin v25.3.1 - https:\/\/yoast.com\/wordpress\/plugins\/seo\/ -->\n<title>Kurz-Pressemappe Vorlage - Sales AI Agents<\/title>\n<meta name=\"description\" content=\"Unsere benutzerfreundliche und intuitive Vorlage macht es Marketingexperten, PR-Fachleuten und Unternehmern leicht, eine \u00fcberzeugende Pressemappe zu erstellen.\" \/>\n<meta name=\"robots\" content=\"index, follow, max-snippet:-1, max-image-preview:large, max-video-preview:-1\" \/>\n<link rel=\"canonical\" href=\"https:\/\/sales-ai-agents.com\/de\/templates\/short-press-kit\/\" \/>\n<meta property=\"og:locale\" content=\"de_DE\" \/>\n<meta property=\"og:type\" content=\"article\" \/>\n<meta property=\"og:title\" content=\"Kurz-Pressemappe Vorlage - Sales AI Agents\" \/>\n<meta property=\"og:description\" content=\"Unsere benutzerfreundliche und intuitive Vorlage macht es Marketingexperten, PR-Fachleuten und Unternehmern leicht, eine \u00fcberzeugende Pressemappe zu erstellen.\" \/>\n<meta property=\"og:url\" content=\"https:\/\/sales-ai-agents.com\/de\/templates\/short-press-kit\/\" \/>\n<meta property=\"og:site_name\" content=\"Sales AI Agents\" \/>\n<meta property=\"article:modified_time\" content=\"2023-09-20T19:31:59+00:00\" \/>\n<meta property=\"og:image\" content=\"https:\/\/sales-ai-agents.com\/wp-content\/uploads\/2023\/05\/Short-Press-Kit-Template.png\" \/>\n\t<meta property=\"og:image:width\" content=\"1700\" \/>\n\t<meta property=\"og:image:height\" content=\"1100\" \/>\n\t<meta property=\"og:image:type\" content=\"image\/png\" \/>\n<meta name=\"twitter:card\" content=\"summary_large_image\" \/>\n<script type=\"application\/ld+json\" class=\"yoast-schema-graph\">{\"@context\":\"https:\/\/schema.org\",\"@graph\":[{\"@type\":\"WebPage\",\"@id\":\"https:\/\/sales-ai-agents.com\/de\/templates\/short-press-kit\/\",\"url\":\"https:\/\/sales-ai-agents.com\/de\/templates\/short-press-kit\/\",\"name\":\"Kurz-Pressemappe Vorlage - Sales AI Agents\",\"isPartOf\":{\"@id\":\"https:\/\/sales-ai-agents.com\/#website\"},\"primaryImageOfPage\":{\"@id\":\"https:\/\/sales-ai-agents.com\/de\/templates\/short-press-kit\/#primaryimage\"},\"image\":{\"@id\":\"https:\/\/sales-ai-agents.com\/de\/templates\/short-press-kit\/#primaryimage\"},\"thumbnailUrl\":\"https:\/\/sales-ai-agents.com\/wp-content\/uploads\/2023\/05\/Short-Press-Kit-Template.png\",\"datePublished\":\"2023-06-08T09:21:46+00:00\",\"dateModified\":\"2023-09-20T19:31:59+00:00\",\"description\":\"Unsere benutzerfreundliche und intuitive Vorlage macht es Marketingexperten, PR-Fachleuten und Unternehmern leicht, eine \u00fcberzeugende Pressemappe zu erstellen.\",\"inLanguage\":\"de-DE\",\"potentialAction\":[{\"@type\":\"ReadAction\",\"target\":[\"https:\/\/sales-ai-agents.com\/de\/templates\/short-press-kit\/\"]}]},{\"@type\":\"ImageObject\",\"inLanguage\":\"de-DE\",\"@id\":\"https:\/\/sales-ai-agents.com\/de\/templates\/short-press-kit\/#primaryimage\",\"url\":\"https:\/\/sales-ai-agents.com\/wp-content\/uploads\/2023\/05\/Short-Press-Kit-Template.png\",\"contentUrl\":\"https:\/\/sales-ai-agents.com\/wp-content\/uploads\/2023\/05\/Short-Press-Kit-Template.png\",\"width\":1700,\"height\":1100,\"caption\":\"Short Press Kit Template - Nimbus Platform\"},{\"@type\":\"WebSite\",\"@id\":\"https:\/\/sales-ai-agents.com\/#website\",\"url\":\"https:\/\/sales-ai-agents.com\/\",\"name\":\"FuseBase\",\"description\":\"Nimbus Platform - Free Online Collaboration Software for Remote Teams. Build your wikis, client portals and more with the Nimbus Platform collaboration tool ? A perfect space for online work\",\"publisher\":{\"@id\":\"https:\/\/sales-ai-agents.com\/#organization\"},\"potentialAction\":[{\"@type\":\"SearchAction\",\"target\":{\"@type\":\"EntryPoint\",\"urlTemplate\":\"https:\/\/sales-ai-agents.com\/?s={search_term_string}\"},\"query-input\":{\"@type\":\"PropertyValueSpecification\",\"valueRequired\":true,\"valueName\":\"search_term_string\"}}],\"inLanguage\":\"de-DE\"},{\"@type\":\"Organization\",\"@id\":\"https:\/\/sales-ai-agents.com\/#organization\",\"name\":\"FuseBase\",\"url\":\"https:\/\/sales-ai-agents.com\/\",\"logo\":{\"@type\":\"ImageObject\",\"inLanguage\":\"de-DE\",\"@id\":\"https:\/\/sales-ai-agents.com\/#\/schema\/logo\/image\/\",\"url\":\"https:\/\/sales-ai-agents.com\/wp-content\/uploads\/2023\/11\/icon-7.svg\",\"contentUrl\":\"https:\/\/sales-ai-agents.com\/wp-content\/uploads\/2023\/11\/icon-7.svg\",\"width\":128,\"height\":128,\"caption\":\"FuseBase\"},\"image\":{\"@id\":\"https:\/\/sales-ai-agents.com\/#\/schema\/logo\/image\/\"}}]}<\/script>\n<!-- \/ Yoast SEO plugin. -->","yoast_head_json":{"title":"Kurz-Pressemappe Vorlage - Sales AI Agents","description":"Unsere benutzerfreundliche und intuitive Vorlage macht es Marketingexperten, PR-Fachleuten und Unternehmern leicht, eine \u00fcberzeugende Pressemappe zu erstellen.","robots":{"index":"index","follow":"follow","max-snippet":"max-snippet:-1","max-image-preview":"max-image-preview:large","max-video-preview":"max-video-preview:-1"},"canonical":"https:\/\/sales-ai-agents.com\/de\/templates\/short-press-kit\/","og_locale":"de_DE","og_type":"article","og_title":"Kurz-Pressemappe Vorlage - Sales AI Agents","og_description":"Unsere benutzerfreundliche und intuitive Vorlage macht es Marketingexperten, PR-Fachleuten und Unternehmern leicht, eine \u00fcberzeugende Pressemappe zu erstellen.","og_url":"https:\/\/sales-ai-agents.com\/de\/templates\/short-press-kit\/","og_site_name":"Sales AI Agents","article_modified_time":"2023-09-20T19:31:59+00:00","og_image":[{"width":1700,"height":1100,"url":"https:\/\/sales-ai-agents.com\/wp-content\/uploads\/2023\/05\/Short-Press-Kit-Template.png","type":"image\/png"}],"twitter_card":"summary_large_image","schema":{"@context":"https:\/\/schema.org","@graph":[{"@type":"WebPage","@id":"https:\/\/sales-ai-agents.com\/de\/templates\/short-press-kit\/","url":"https:\/\/sales-ai-agents.com\/de\/templates\/short-press-kit\/","name":"Kurz-Pressemappe Vorlage - Sales AI Agents","isPartOf":{"@id":"https:\/\/sales-ai-agents.com\/#website"},"primaryImageOfPage":{"@id":"https:\/\/sales-ai-agents.com\/de\/templates\/short-press-kit\/#primaryimage"},"image":{"@id":"https:\/\/sales-ai-agents.com\/de\/templates\/short-press-kit\/#primaryimage"},"thumbnailUrl":"https:\/\/sales-ai-agents.com\/wp-content\/uploads\/2023\/05\/Short-Press-Kit-Template.png","datePublished":"2023-06-08T09:21:46+00:00","dateModified":"2023-09-20T19:31:59+00:00","description":"Unsere benutzerfreundliche und intuitive Vorlage macht es Marketingexperten, PR-Fachleuten und Unternehmern leicht, eine \u00fcberzeugende Pressemappe zu erstellen.","inLanguage":"de-DE","potentialAction":[{"@type":"ReadAction","target":["https:\/\/sales-ai-agents.com\/de\/templates\/short-press-kit\/"]}]},{"@type":"ImageObject","inLanguage":"de-DE","@id":"https:\/\/sales-ai-agents.com\/de\/templates\/short-press-kit\/#primaryimage","url":"https:\/\/sales-ai-agents.com\/wp-content\/uploads\/2023\/05\/Short-Press-Kit-Template.png","contentUrl":"https:\/\/sales-ai-agents.com\/wp-content\/uploads\/2023\/05\/Short-Press-Kit-Template.png","width":1700,"height":1100,"caption":"Short Press Kit Template - Nimbus Platform"},{"@type":"WebSite","@id":"https:\/\/sales-ai-agents.com\/#website","url":"https:\/\/sales-ai-agents.com\/","name":"FuseBase","description":"Nimbus Platform - Free Online Collaboration Software for Remote Teams. Build your wikis, client portals and more with the Nimbus Platform collaboration tool ? A perfect space for online work","publisher":{"@id":"https:\/\/sales-ai-agents.com\/#organization"},"potentialAction":[{"@type":"SearchAction","target":{"@type":"EntryPoint","urlTemplate":"https:\/\/sales-ai-agents.com\/?s={search_term_string}"},"query-input":{"@type":"PropertyValueSpecification","valueRequired":true,"valueName":"search_term_string"}}],"inLanguage":"de-DE"},{"@type":"Organization","@id":"https:\/\/sales-ai-agents.com\/#organization","name":"FuseBase","url":"https:\/\/sales-ai-agents.com\/","logo":{"@type":"ImageObject","inLanguage":"de-DE","@id":"https:\/\/sales-ai-agents.com\/#\/schema\/logo\/image\/","url":"https:\/\/sales-ai-agents.com\/wp-content\/uploads\/2023\/11\/icon-7.svg","contentUrl":"https:\/\/sales-ai-agents.com\/wp-content\/uploads\/2023\/11\/icon-7.svg","width":128,"height":128,"caption":"FuseBase"},"image":{"@id":"https:\/\/sales-ai-agents.com\/#\/schema\/logo\/image\/"}}]}},"_links":{"self":[{"href":"https:\/\/sales-ai-agents.com\/de\/wp-json\/wp\/v2\/product\/55168","targetHints":{"allow":["GET"]}}],"collection":[{"href":"https:\/\/sales-ai-agents.com\/de\/wp-json\/wp\/v2\/product"}],"about":[{"href":"https:\/\/sales-ai-agents.com\/de\/wp-json\/wp\/v2\/types\/product"}],"wp:featuredmedia":[{"embeddable":true,"href":"https:\/\/sales-ai-agents.com\/de\/wp-json\/wp\/v2\/media\/41591"}],"wp:attachment":[{"href":"https:\/\/sales-ai-agents.com\/de\/wp-json\/wp\/v2\/media?parent=55168"}],"wp:term":[{"taxonomy":"product_brand","embeddable":true,"href":"https:\/\/sales-ai-agents.com\/de\/wp-json\/wp\/v2\/product_brand?post=55168"},{"taxonomy":"product_cat","embeddable":true,"href":"https:\/\/sales-ai-agents.com\/de\/wp-json\/wp\/v2\/product_cat?post=55168"},{"taxonomy":"product_tag","embeddable":true,"href":"https:\/\/sales-ai-agents.com\/de\/wp-json\/wp\/v2\/product_tag?post=55168"}],"curies":[{"name":"wp","href":"https:\/\/api.w.org\/{rel}","templated":true}]}}