{"id":55172,"date":"2023-06-08T08:12:05","date_gmt":"2023-06-08T08:12:05","guid":{"rendered":"https:\/\/sales-ai-agents.com\/templates\/why-our-company\/"},"modified":"2023-11-30T09:42:30","modified_gmt":"2023-11-30T09:42:30","slug":"why-our-company","status":"publish","type":"product","link":"https:\/\/sales-ai-agents.com\/de\/templates\/why-our-company\/","title":{"rendered":"Warum unser Unternehmen?"},"content":{"rendered":"<h2 id=\"b3424472210_9281\" class=\"editable-text paragraph indent-0 allow-dragging focused-block selected-block selected-block-wrapper\">Warum unser Unternehmen? Vorlage<\/h2>\n<p>In der heutigen wettbewerbsintensiven Unternehmenslandschaft ist es von entscheidender Bedeutung, dass Ihre Mitarbeiter wissen, warum Ihr Unternehmen etwas Besonderes ist und was es von der Konkurrenz unterscheidet. Unsere neue Vorlage bietet einen umfassenden Rahmen, um das einzigartige Wertversprechen Ihres Unternehmens zu vermitteln und Ihren Mitarbeitern ein starkes Gef\u00fchl der Zielsetzung zu vermitteln. Sie erm\u00f6glicht es Ihnen, eine \u00fcberzeugende Erz\u00e4hlung zu erstellen, die Ihre internen Teams inspiriert und einbindet und ihr Engagement f\u00fcr die Ziele Ihres Unternehmens st\u00e4rkt.<\/p>\n<p>&nbsp;<\/p>\n<h5 id=\"b3424472210_9294\" class=\"editable-text paragraph indent-0 selected-block selected-block-wrapper\">Wie zu verwenden:<\/h5>\n<ul id=\"b182865622_3257\" class=\"editor-list number-template-decimal-all\">\n<li id=\"b830703306_11279\" class=\"list-item-bullet editable-text list-item indent-0 selected-block selected-block-wrapper\"><a href=\"https:\/\/sales-ai-agents.com\/de\/guides\/basics\/video\/\" target=\"_blank\" rel=\"noopener\">F\u00fcgen Sie ein kurzes Video ein<\/a>, um Ihr Unternehmen besser zu pr\u00e4sentieren;<\/li>\n<li id=\"b830703306_11352\" class=\"list-item-bullet editable-text list-item indent-0 selected-block selected-block-wrapper\">F\u00fcgen Sie <a href=\"https:\/\/sales-ai-agents.com\/de\/guides\/basics\/button-object\/\" target=\"_blank\" rel=\"noopener\">\u00fcber die Schaltfl\u00e4chen<\/a> Links zu Ihrer Website und zu sozialen Medien hinzu;<\/li>\n<li id=\"b830703306_11424\" class=\"list-item-bullet editable-text list-item indent-0 selected-block selected-block-wrapper\">Schreiben Sie die Grunds\u00e4tze, \u00dcberzeugungen und Ziele Ihres Unternehmens auf, damit die Mitarbeiter ihre Einstellung darauf ausrichten k\u00f6nnen;<\/li>\n<li id=\"b830703306_11532\" class=\"list-item-bullet editable-text list-item indent-0 selected-block selected-block-wrapper\"><a href=\"https:\/\/sales-ai-agents.com\/de\/guides\/settings\/how-to-export-notes-to-html-or-pdf\/\" target=\"_blank\" rel=\"noopener\">Laden Sie die Pr\u00e4sentation herunter<\/a>, um einen genaueren \u00dcberblick \u00fcber die Arbeit Ihres Unternehmens zu erhalten;<\/li>\n<li id=\"b830703306_11621\" class=\"list-item-bullet editable-text list-item indent-0 selected-block selected-block-wrapper\">Vergessen Sie nicht, auf Ihre Auszeichnungen und Kundenreferenzen hinzuweisen, um das Vertrauen zu st\u00e4rken.<\/li>\n<\/ul>\n","protected":false},"excerpt":{"rendered":"<p>Unsere neue Vorlage ist Ihr Schl\u00fcssel zur Ausrichtung und Inspiration Ihrer internen Teams, indem sie die einzigartigen St\u00e4rken und Vorteile hervorhebt, die Ihr Unternehmen zu etwas Besonderem machen. F\u00f6rdern Sie das Gef\u00fchl von Stolz, Zielstrebigkeit und Motivation bei Ihren Mitarbeitern mit unserer anpassbaren und wirkungsvollen Vorlage.<\/p>\n","protected":false},"featured_media":41610,"template":"","meta":{"_acf_changed":false,"inline_featured_image":false},"product_brand":[],"product_cat":[178,169],"product_tag":[],"class_list":{"0":"post-55172","1":"product","2":"type-product","3":"status-publish","4":"has-post-thumbnail","6":"product_cat-operations-hr","7":"product_cat-entrepreneur","8":"collections-onboarding","10":"first","11":"instock","12":"shipping-taxable","13":"product-type-simple"},"acf":[],"yoast_head":"<!-- This site is optimized with the Yoast SEO plugin v25.3.1 - https:\/\/yoast.com\/wordpress\/plugins\/seo\/ -->\n<title>Warum unser Unternehmen? Vorlage - Sales AI Agents<\/title>\n<meta name=\"description\" content=\"Die Nimbus-Vorlage deckt eine breite Palette von Elementen ab, darunter die Leitprinzipien Ihres Unternehmens, Ihre \u00dcberzeugungen, Ihren Zweck, Ihre Dokumentation und Ihre Erfolgsgeschichten.\" \/>\n<meta name=\"robots\" content=\"index, follow, max-snippet:-1, max-image-preview:large, max-video-preview:-1\" \/>\n<link rel=\"canonical\" href=\"https:\/\/sales-ai-agents.com\/de\/templates\/why-our-company\/\" \/>\n<meta property=\"og:locale\" content=\"de_DE\" \/>\n<meta property=\"og:type\" content=\"article\" \/>\n<meta property=\"og:title\" content=\"Warum unser Unternehmen? Vorlage - Sales AI Agents\" \/>\n<meta property=\"og:description\" content=\"Die Nimbus-Vorlage deckt eine breite Palette von Elementen ab, darunter die Leitprinzipien Ihres Unternehmens, Ihre \u00dcberzeugungen, Ihren Zweck, Ihre Dokumentation und Ihre Erfolgsgeschichten.\" \/>\n<meta property=\"og:url\" content=\"https:\/\/sales-ai-agents.com\/de\/templates\/why-our-company\/\" \/>\n<meta property=\"og:site_name\" content=\"Sales AI Agents\" \/>\n<meta property=\"article:modified_time\" content=\"2023-11-30T09:42:30+00:00\" \/>\n<meta property=\"og:image\" content=\"https:\/\/sales-ai-agents.com\/wp-content\/uploads\/2023\/05\/Why-Our-Company-Template.png\" \/>\n\t<meta property=\"og:image:width\" content=\"1700\" \/>\n\t<meta property=\"og:image:height\" content=\"1100\" \/>\n\t<meta property=\"og:image:type\" content=\"image\/png\" \/>\n<meta name=\"twitter:card\" content=\"summary_large_image\" \/>\n<script type=\"application\/ld+json\" class=\"yoast-schema-graph\">{\"@context\":\"https:\/\/schema.org\",\"@graph\":[{\"@type\":\"WebPage\",\"@id\":\"https:\/\/sales-ai-agents.com\/de\/templates\/why-our-company\/\",\"url\":\"https:\/\/sales-ai-agents.com\/de\/templates\/why-our-company\/\",\"name\":\"Warum unser Unternehmen? Vorlage - Sales AI Agents\",\"isPartOf\":{\"@id\":\"https:\/\/sales-ai-agents.com\/#website\"},\"primaryImageOfPage\":{\"@id\":\"https:\/\/sales-ai-agents.com\/de\/templates\/why-our-company\/#primaryimage\"},\"image\":{\"@id\":\"https:\/\/sales-ai-agents.com\/de\/templates\/why-our-company\/#primaryimage\"},\"thumbnailUrl\":\"https:\/\/sales-ai-agents.com\/wp-content\/uploads\/2023\/05\/Why-Our-Company-Template.png\",\"datePublished\":\"2023-06-08T08:12:05+00:00\",\"dateModified\":\"2023-11-30T09:42:30+00:00\",\"description\":\"Die Nimbus-Vorlage deckt eine breite Palette von Elementen ab, darunter die Leitprinzipien Ihres Unternehmens, Ihre \u00dcberzeugungen, Ihren Zweck, Ihre Dokumentation und Ihre Erfolgsgeschichten.\",\"inLanguage\":\"de-DE\",\"potentialAction\":[{\"@type\":\"ReadAction\",\"target\":[\"https:\/\/sales-ai-agents.com\/de\/templates\/why-our-company\/\"]}]},{\"@type\":\"ImageObject\",\"inLanguage\":\"de-DE\",\"@id\":\"https:\/\/sales-ai-agents.com\/de\/templates\/why-our-company\/#primaryimage\",\"url\":\"https:\/\/sales-ai-agents.com\/wp-content\/uploads\/2023\/05\/Why-Our-Company-Template.png\",\"contentUrl\":\"https:\/\/sales-ai-agents.com\/wp-content\/uploads\/2023\/05\/Why-Our-Company-Template.png\",\"width\":1700,\"height\":1100,\"caption\":\"Why Our Company Template - Nimbus Platform\"},{\"@type\":\"WebSite\",\"@id\":\"https:\/\/sales-ai-agents.com\/#website\",\"url\":\"https:\/\/sales-ai-agents.com\/\",\"name\":\"FuseBase\",\"description\":\"Nimbus Platform - Free Online Collaboration Software for Remote Teams. Build your wikis, client portals and more with the Nimbus Platform collaboration tool ? A perfect space for online work\",\"publisher\":{\"@id\":\"https:\/\/sales-ai-agents.com\/#organization\"},\"potentialAction\":[{\"@type\":\"SearchAction\",\"target\":{\"@type\":\"EntryPoint\",\"urlTemplate\":\"https:\/\/sales-ai-agents.com\/?s={search_term_string}\"},\"query-input\":{\"@type\":\"PropertyValueSpecification\",\"valueRequired\":true,\"valueName\":\"search_term_string\"}}],\"inLanguage\":\"de-DE\"},{\"@type\":\"Organization\",\"@id\":\"https:\/\/sales-ai-agents.com\/#organization\",\"name\":\"FuseBase\",\"url\":\"https:\/\/sales-ai-agents.com\/\",\"logo\":{\"@type\":\"ImageObject\",\"inLanguage\":\"de-DE\",\"@id\":\"https:\/\/sales-ai-agents.com\/#\/schema\/logo\/image\/\",\"url\":\"https:\/\/sales-ai-agents.com\/wp-content\/uploads\/2023\/11\/icon-7.svg\",\"contentUrl\":\"https:\/\/sales-ai-agents.com\/wp-content\/uploads\/2023\/11\/icon-7.svg\",\"width\":128,\"height\":128,\"caption\":\"FuseBase\"},\"image\":{\"@id\":\"https:\/\/sales-ai-agents.com\/#\/schema\/logo\/image\/\"}}]}<\/script>\n<!-- \/ Yoast SEO plugin. -->","yoast_head_json":{"title":"Warum unser Unternehmen? Vorlage - Sales AI Agents","description":"Die Nimbus-Vorlage deckt eine breite Palette von Elementen ab, darunter die Leitprinzipien Ihres Unternehmens, Ihre \u00dcberzeugungen, Ihren Zweck, Ihre Dokumentation und Ihre Erfolgsgeschichten.","robots":{"index":"index","follow":"follow","max-snippet":"max-snippet:-1","max-image-preview":"max-image-preview:large","max-video-preview":"max-video-preview:-1"},"canonical":"https:\/\/sales-ai-agents.com\/de\/templates\/why-our-company\/","og_locale":"de_DE","og_type":"article","og_title":"Warum unser Unternehmen? Vorlage - Sales AI Agents","og_description":"Die Nimbus-Vorlage deckt eine breite Palette von Elementen ab, darunter die Leitprinzipien Ihres Unternehmens, Ihre \u00dcberzeugungen, Ihren Zweck, Ihre Dokumentation und Ihre Erfolgsgeschichten.","og_url":"https:\/\/sales-ai-agents.com\/de\/templates\/why-our-company\/","og_site_name":"Sales AI Agents","article_modified_time":"2023-11-30T09:42:30+00:00","og_image":[{"width":1700,"height":1100,"url":"https:\/\/sales-ai-agents.com\/wp-content\/uploads\/2023\/05\/Why-Our-Company-Template.png","type":"image\/png"}],"twitter_card":"summary_large_image","schema":{"@context":"https:\/\/schema.org","@graph":[{"@type":"WebPage","@id":"https:\/\/sales-ai-agents.com\/de\/templates\/why-our-company\/","url":"https:\/\/sales-ai-agents.com\/de\/templates\/why-our-company\/","name":"Warum unser Unternehmen? Vorlage - Sales AI Agents","isPartOf":{"@id":"https:\/\/sales-ai-agents.com\/#website"},"primaryImageOfPage":{"@id":"https:\/\/sales-ai-agents.com\/de\/templates\/why-our-company\/#primaryimage"},"image":{"@id":"https:\/\/sales-ai-agents.com\/de\/templates\/why-our-company\/#primaryimage"},"thumbnailUrl":"https:\/\/sales-ai-agents.com\/wp-content\/uploads\/2023\/05\/Why-Our-Company-Template.png","datePublished":"2023-06-08T08:12:05+00:00","dateModified":"2023-11-30T09:42:30+00:00","description":"Die Nimbus-Vorlage deckt eine breite Palette von Elementen ab, darunter die Leitprinzipien Ihres Unternehmens, Ihre \u00dcberzeugungen, Ihren Zweck, Ihre Dokumentation und Ihre Erfolgsgeschichten.","inLanguage":"de-DE","potentialAction":[{"@type":"ReadAction","target":["https:\/\/sales-ai-agents.com\/de\/templates\/why-our-company\/"]}]},{"@type":"ImageObject","inLanguage":"de-DE","@id":"https:\/\/sales-ai-agents.com\/de\/templates\/why-our-company\/#primaryimage","url":"https:\/\/sales-ai-agents.com\/wp-content\/uploads\/2023\/05\/Why-Our-Company-Template.png","contentUrl":"https:\/\/sales-ai-agents.com\/wp-content\/uploads\/2023\/05\/Why-Our-Company-Template.png","width":1700,"height":1100,"caption":"Why Our Company Template - Nimbus Platform"},{"@type":"WebSite","@id":"https:\/\/sales-ai-agents.com\/#website","url":"https:\/\/sales-ai-agents.com\/","name":"FuseBase","description":"Nimbus Platform - Free Online Collaboration Software for Remote Teams. Build your wikis, client portals and more with the Nimbus Platform collaboration tool ? A perfect space for online work","publisher":{"@id":"https:\/\/sales-ai-agents.com\/#organization"},"potentialAction":[{"@type":"SearchAction","target":{"@type":"EntryPoint","urlTemplate":"https:\/\/sales-ai-agents.com\/?s={search_term_string}"},"query-input":{"@type":"PropertyValueSpecification","valueRequired":true,"valueName":"search_term_string"}}],"inLanguage":"de-DE"},{"@type":"Organization","@id":"https:\/\/sales-ai-agents.com\/#organization","name":"FuseBase","url":"https:\/\/sales-ai-agents.com\/","logo":{"@type":"ImageObject","inLanguage":"de-DE","@id":"https:\/\/sales-ai-agents.com\/#\/schema\/logo\/image\/","url":"https:\/\/sales-ai-agents.com\/wp-content\/uploads\/2023\/11\/icon-7.svg","contentUrl":"https:\/\/sales-ai-agents.com\/wp-content\/uploads\/2023\/11\/icon-7.svg","width":128,"height":128,"caption":"FuseBase"},"image":{"@id":"https:\/\/sales-ai-agents.com\/#\/schema\/logo\/image\/"}}]}},"_links":{"self":[{"href":"https:\/\/sales-ai-agents.com\/de\/wp-json\/wp\/v2\/product\/55172","targetHints":{"allow":["GET"]}}],"collection":[{"href":"https:\/\/sales-ai-agents.com\/de\/wp-json\/wp\/v2\/product"}],"about":[{"href":"https:\/\/sales-ai-agents.com\/de\/wp-json\/wp\/v2\/types\/product"}],"wp:featuredmedia":[{"embeddable":true,"href":"https:\/\/sales-ai-agents.com\/de\/wp-json\/wp\/v2\/media\/41610"}],"wp:attachment":[{"href":"https:\/\/sales-ai-agents.com\/de\/wp-json\/wp\/v2\/media?parent=55172"}],"wp:term":[{"taxonomy":"product_brand","embeddable":true,"href":"https:\/\/sales-ai-agents.com\/de\/wp-json\/wp\/v2\/product_brand?post=55172"},{"taxonomy":"product_cat","embeddable":true,"href":"https:\/\/sales-ai-agents.com\/de\/wp-json\/wp\/v2\/product_cat?post=55172"},{"taxonomy":"product_tag","embeddable":true,"href":"https:\/\/sales-ai-agents.com\/de\/wp-json\/wp\/v2\/product_tag?post=55172"}],"curies":[{"name":"wp","href":"https:\/\/api.w.org\/{rel}","templated":true}]}}