{"id":55176,"date":"2023-06-08T07:48:14","date_gmt":"2023-06-08T07:48:14","guid":{"rendered":"https:\/\/sales-ai-agents.com\/templates\/employment-basics\/"},"modified":"2023-11-30T09:38:46","modified_gmt":"2023-11-30T09:38:46","slug":"employment-basics","status":"publish","type":"product","link":"https:\/\/sales-ai-agents.com\/de\/templates\/employment-basics\/","title":{"rendered":"Grundlagen der Besch\u00e4ftigung"},"content":{"rendered":"<h2 id=\"b3424472210_9364\" class=\"editable-text paragraph indent-0 allow-dragging focused-block selected-block selected-block-wrapper\">Grundlagen der Besch\u00e4ftigung Vorlage<\/h2>\n<p>Wenn Sie neue Mitarbeiter in Ihrem Unternehmen willkommen hei\u00dfen, ist es von entscheidender Bedeutung, dass Sie ihnen ein solides Fundament an Besch\u00e4ftigungsgrundlagen vermitteln. Unsere Vorlage bietet einen gebrauchsfertigen Rahmen, der die wichtigsten Informationen und Richtlinien abdeckt, den Einf\u00fchrungsprozess rationalisiert und vom ersten Tag an eine positive Atmosph\u00e4re schafft. Mit unserer Vorlage f\u00fcr Besch\u00e4ftigungsgrundlagen k\u00f6nnen Sie eine solide Grundlage f\u00fcr neue Mitarbeiter schaffen und sicherstellen, dass diese sich von Anfang an unterst\u00fctzt und informiert f\u00fchlen.<\/p>\n<h5><\/h5>\n<h5 id=\"b3424472210_9377\" class=\"editable-text paragraph indent-0 selected-block selected-block-wrapper\">Wie zu verwenden:<\/h5>\n<ul id=\"b182865622_4394\" class=\"editor-list number-template-decimal-all\">\n<li id=\"b830703306_12570\" class=\"list-item-bullet editable-text list-item indent-0 selected-block selected-block-wrapper\">Passen Sie das Dokument an die spezifischen Richtlinien, die Kultur und die Branchenanforderungen Ihres Unternehmens an;<\/li>\n<li id=\"b830703306_12684\" class=\"list-item-bullet editable-text list-item indent-0 selected-block selected-block-wrapper\"><a href=\"https:\/\/sales-ai-agents.com\/de\/guides\/settings\/how-to-export-notes-to-html-or-pdf\/\" target=\"_blank\" rel=\"noopener\">Speichern Sie als .pdf<\/a> und senden Sie dieses Dokument bei Bedarf<\/li>\n<\/ul>\n","protected":false},"excerpt":{"rendered":"<p>Verwenden Sie die Vorlage f\u00fcr die Besch\u00e4ftigungsgrundlagen als umfassenden Leitfaden, um neue Mitarbeiter mit wichtigen Informationen zu versorgen und einen reibungslosen Einf\u00fchrungsprozess zu gew\u00e4hrleisten. Vereinfachen Sie die Komplexit\u00e4t des Arbeitsverh\u00e4ltnisses und unterst\u00fctzen Sie Ihre Mitarbeiter mit unserer anpassbaren und benutzerfreundlichen Vorlage.<\/p>\n","protected":false},"featured_media":43953,"template":"","meta":{"_acf_changed":false,"inline_featured_image":false},"product_brand":[],"product_cat":[178,169],"product_tag":[],"class_list":{"0":"post-55176","1":"product","2":"type-product","3":"status-publish","4":"has-post-thumbnail","6":"product_cat-operations-hr","7":"product_cat-entrepreneur","8":"collections-onboarding","10":"first","11":"instock","12":"shipping-taxable","13":"product-type-simple"},"acf":[],"yoast_head":"<!-- This site is optimized with the Yoast SEO plugin v25.3.1 - https:\/\/yoast.com\/wordpress\/plugins\/seo\/ -->\n<title>Grundlagen der Besch\u00e4ftigung Vorlage - Sales AI Agents<\/title>\n<meta name=\"description\" content=\"F\u00f6rdern Sie eine positive Arbeitsplatzkultur, legen Sie klare Erwartungen fest und verbessern Sie die allgemeine Mitarbeiterzufriedenheit und -bindung mit dieser Nimbus-Vorlage!\" \/>\n<meta name=\"robots\" content=\"index, follow, max-snippet:-1, max-image-preview:large, max-video-preview:-1\" \/>\n<link rel=\"canonical\" href=\"https:\/\/sales-ai-agents.com\/de\/templates\/employment-basics\/\" \/>\n<meta property=\"og:locale\" content=\"de_DE\" \/>\n<meta property=\"og:type\" content=\"article\" \/>\n<meta property=\"og:title\" content=\"Grundlagen der Besch\u00e4ftigung Vorlage - Sales AI Agents\" \/>\n<meta property=\"og:description\" content=\"F\u00f6rdern Sie eine positive Arbeitsplatzkultur, legen Sie klare Erwartungen fest und verbessern Sie die allgemeine Mitarbeiterzufriedenheit und -bindung mit dieser Nimbus-Vorlage!\" \/>\n<meta property=\"og:url\" content=\"https:\/\/sales-ai-agents.com\/de\/templates\/employment-basics\/\" \/>\n<meta property=\"og:site_name\" content=\"Sales AI Agents\" \/>\n<meta property=\"article:modified_time\" content=\"2023-11-30T09:38:46+00:00\" \/>\n<meta property=\"og:image\" content=\"https:\/\/sales-ai-agents.com\/wp-content\/uploads\/2023\/06\/Employment-Basics-Template.png\" \/>\n\t<meta property=\"og:image:width\" content=\"1700\" \/>\n\t<meta property=\"og:image:height\" content=\"1100\" \/>\n\t<meta property=\"og:image:type\" content=\"image\/png\" \/>\n<meta name=\"twitter:card\" content=\"summary_large_image\" \/>\n<script type=\"application\/ld+json\" class=\"yoast-schema-graph\">{\"@context\":\"https:\/\/schema.org\",\"@graph\":[{\"@type\":\"WebPage\",\"@id\":\"https:\/\/sales-ai-agents.com\/de\/templates\/employment-basics\/\",\"url\":\"https:\/\/sales-ai-agents.com\/de\/templates\/employment-basics\/\",\"name\":\"Grundlagen der Besch\u00e4ftigung Vorlage - Sales AI Agents\",\"isPartOf\":{\"@id\":\"https:\/\/sales-ai-agents.com\/#website\"},\"primaryImageOfPage\":{\"@id\":\"https:\/\/sales-ai-agents.com\/de\/templates\/employment-basics\/#primaryimage\"},\"image\":{\"@id\":\"https:\/\/sales-ai-agents.com\/de\/templates\/employment-basics\/#primaryimage\"},\"thumbnailUrl\":\"https:\/\/sales-ai-agents.com\/wp-content\/uploads\/2023\/06\/Employment-Basics-Template.png\",\"datePublished\":\"2023-06-08T07:48:14+00:00\",\"dateModified\":\"2023-11-30T09:38:46+00:00\",\"description\":\"F\u00f6rdern Sie eine positive Arbeitsplatzkultur, legen Sie klare Erwartungen fest und verbessern Sie die allgemeine Mitarbeiterzufriedenheit und -bindung mit dieser Nimbus-Vorlage!\",\"inLanguage\":\"de-DE\",\"potentialAction\":[{\"@type\":\"ReadAction\",\"target\":[\"https:\/\/sales-ai-agents.com\/de\/templates\/employment-basics\/\"]}]},{\"@type\":\"ImageObject\",\"inLanguage\":\"de-DE\",\"@id\":\"https:\/\/sales-ai-agents.com\/de\/templates\/employment-basics\/#primaryimage\",\"url\":\"https:\/\/sales-ai-agents.com\/wp-content\/uploads\/2023\/06\/Employment-Basics-Template.png\",\"contentUrl\":\"https:\/\/sales-ai-agents.com\/wp-content\/uploads\/2023\/06\/Employment-Basics-Template.png\",\"width\":1700,\"height\":1100,\"caption\":\"Employment Basics Template - Nimbus Platform\"},{\"@type\":\"WebSite\",\"@id\":\"https:\/\/sales-ai-agents.com\/#website\",\"url\":\"https:\/\/sales-ai-agents.com\/\",\"name\":\"FuseBase\",\"description\":\"Nimbus Platform - Free Online Collaboration Software for Remote Teams. Build your wikis, client portals and more with the Nimbus Platform collaboration tool ? A perfect space for online work\",\"publisher\":{\"@id\":\"https:\/\/sales-ai-agents.com\/#organization\"},\"potentialAction\":[{\"@type\":\"SearchAction\",\"target\":{\"@type\":\"EntryPoint\",\"urlTemplate\":\"https:\/\/sales-ai-agents.com\/?s={search_term_string}\"},\"query-input\":{\"@type\":\"PropertyValueSpecification\",\"valueRequired\":true,\"valueName\":\"search_term_string\"}}],\"inLanguage\":\"de-DE\"},{\"@type\":\"Organization\",\"@id\":\"https:\/\/sales-ai-agents.com\/#organization\",\"name\":\"FuseBase\",\"url\":\"https:\/\/sales-ai-agents.com\/\",\"logo\":{\"@type\":\"ImageObject\",\"inLanguage\":\"de-DE\",\"@id\":\"https:\/\/sales-ai-agents.com\/#\/schema\/logo\/image\/\",\"url\":\"https:\/\/sales-ai-agents.com\/wp-content\/uploads\/2023\/11\/icon-7.svg\",\"contentUrl\":\"https:\/\/sales-ai-agents.com\/wp-content\/uploads\/2023\/11\/icon-7.svg\",\"width\":128,\"height\":128,\"caption\":\"FuseBase\"},\"image\":{\"@id\":\"https:\/\/sales-ai-agents.com\/#\/schema\/logo\/image\/\"}}]}<\/script>\n<!-- \/ Yoast SEO plugin. -->","yoast_head_json":{"title":"Grundlagen der Besch\u00e4ftigung Vorlage - Sales AI Agents","description":"F\u00f6rdern Sie eine positive Arbeitsplatzkultur, legen Sie klare Erwartungen fest und verbessern Sie die allgemeine Mitarbeiterzufriedenheit und -bindung mit dieser Nimbus-Vorlage!","robots":{"index":"index","follow":"follow","max-snippet":"max-snippet:-1","max-image-preview":"max-image-preview:large","max-video-preview":"max-video-preview:-1"},"canonical":"https:\/\/sales-ai-agents.com\/de\/templates\/employment-basics\/","og_locale":"de_DE","og_type":"article","og_title":"Grundlagen der Besch\u00e4ftigung Vorlage - Sales AI Agents","og_description":"F\u00f6rdern Sie eine positive Arbeitsplatzkultur, legen Sie klare Erwartungen fest und verbessern Sie die allgemeine Mitarbeiterzufriedenheit und -bindung mit dieser Nimbus-Vorlage!","og_url":"https:\/\/sales-ai-agents.com\/de\/templates\/employment-basics\/","og_site_name":"Sales AI Agents","article_modified_time":"2023-11-30T09:38:46+00:00","og_image":[{"width":1700,"height":1100,"url":"https:\/\/sales-ai-agents.com\/wp-content\/uploads\/2023\/06\/Employment-Basics-Template.png","type":"image\/png"}],"twitter_card":"summary_large_image","schema":{"@context":"https:\/\/schema.org","@graph":[{"@type":"WebPage","@id":"https:\/\/sales-ai-agents.com\/de\/templates\/employment-basics\/","url":"https:\/\/sales-ai-agents.com\/de\/templates\/employment-basics\/","name":"Grundlagen der Besch\u00e4ftigung Vorlage - Sales AI Agents","isPartOf":{"@id":"https:\/\/sales-ai-agents.com\/#website"},"primaryImageOfPage":{"@id":"https:\/\/sales-ai-agents.com\/de\/templates\/employment-basics\/#primaryimage"},"image":{"@id":"https:\/\/sales-ai-agents.com\/de\/templates\/employment-basics\/#primaryimage"},"thumbnailUrl":"https:\/\/sales-ai-agents.com\/wp-content\/uploads\/2023\/06\/Employment-Basics-Template.png","datePublished":"2023-06-08T07:48:14+00:00","dateModified":"2023-11-30T09:38:46+00:00","description":"F\u00f6rdern Sie eine positive Arbeitsplatzkultur, legen Sie klare Erwartungen fest und verbessern Sie die allgemeine Mitarbeiterzufriedenheit und -bindung mit dieser Nimbus-Vorlage!","inLanguage":"de-DE","potentialAction":[{"@type":"ReadAction","target":["https:\/\/sales-ai-agents.com\/de\/templates\/employment-basics\/"]}]},{"@type":"ImageObject","inLanguage":"de-DE","@id":"https:\/\/sales-ai-agents.com\/de\/templates\/employment-basics\/#primaryimage","url":"https:\/\/sales-ai-agents.com\/wp-content\/uploads\/2023\/06\/Employment-Basics-Template.png","contentUrl":"https:\/\/sales-ai-agents.com\/wp-content\/uploads\/2023\/06\/Employment-Basics-Template.png","width":1700,"height":1100,"caption":"Employment Basics Template - Nimbus Platform"},{"@type":"WebSite","@id":"https:\/\/sales-ai-agents.com\/#website","url":"https:\/\/sales-ai-agents.com\/","name":"FuseBase","description":"Nimbus Platform - Free Online Collaboration Software for Remote Teams. Build your wikis, client portals and more with the Nimbus Platform collaboration tool ? A perfect space for online work","publisher":{"@id":"https:\/\/sales-ai-agents.com\/#organization"},"potentialAction":[{"@type":"SearchAction","target":{"@type":"EntryPoint","urlTemplate":"https:\/\/sales-ai-agents.com\/?s={search_term_string}"},"query-input":{"@type":"PropertyValueSpecification","valueRequired":true,"valueName":"search_term_string"}}],"inLanguage":"de-DE"},{"@type":"Organization","@id":"https:\/\/sales-ai-agents.com\/#organization","name":"FuseBase","url":"https:\/\/sales-ai-agents.com\/","logo":{"@type":"ImageObject","inLanguage":"de-DE","@id":"https:\/\/sales-ai-agents.com\/#\/schema\/logo\/image\/","url":"https:\/\/sales-ai-agents.com\/wp-content\/uploads\/2023\/11\/icon-7.svg","contentUrl":"https:\/\/sales-ai-agents.com\/wp-content\/uploads\/2023\/11\/icon-7.svg","width":128,"height":128,"caption":"FuseBase"},"image":{"@id":"https:\/\/sales-ai-agents.com\/#\/schema\/logo\/image\/"}}]}},"_links":{"self":[{"href":"https:\/\/sales-ai-agents.com\/de\/wp-json\/wp\/v2\/product\/55176","targetHints":{"allow":["GET"]}}],"collection":[{"href":"https:\/\/sales-ai-agents.com\/de\/wp-json\/wp\/v2\/product"}],"about":[{"href":"https:\/\/sales-ai-agents.com\/de\/wp-json\/wp\/v2\/types\/product"}],"wp:featuredmedia":[{"embeddable":true,"href":"https:\/\/sales-ai-agents.com\/de\/wp-json\/wp\/v2\/media\/43953"}],"wp:attachment":[{"href":"https:\/\/sales-ai-agents.com\/de\/wp-json\/wp\/v2\/media?parent=55176"}],"wp:term":[{"taxonomy":"product_brand","embeddable":true,"href":"https:\/\/sales-ai-agents.com\/de\/wp-json\/wp\/v2\/product_brand?post=55176"},{"taxonomy":"product_cat","embeddable":true,"href":"https:\/\/sales-ai-agents.com\/de\/wp-json\/wp\/v2\/product_cat?post=55176"},{"taxonomy":"product_tag","embeddable":true,"href":"https:\/\/sales-ai-agents.com\/de\/wp-json\/wp\/v2\/product_tag?post=55176"}],"curies":[{"name":"wp","href":"https:\/\/api.w.org\/{rel}","templated":true}]}}