{"id":55179,"date":"2023-04-28T09:19:03","date_gmt":"2023-04-28T09:19:03","guid":{"rendered":"https:\/\/sales-ai-agents.com\/templates\/requirements-elicitation\/"},"modified":"2023-09-20T20:02:39","modified_gmt":"2023-09-20T20:02:39","slug":"requirements-elicitation","status":"publish","type":"product","link":"https:\/\/sales-ai-agents.com\/de\/templates\/requirements-elicitation\/","title":{"rendered":"Erhebung von Anforderungen"},"content":{"rendered":"<h2 class=\"ng-binding ng-scope\">Vorlage zur Anforderungserhebung<\/h2>\n<p>K\u00f6nnen Sie Ihren Nutzern bieten, was sie brauchen? Geben Sie dieses Dokument an Ihre Kunden weiter und pr\u00fcfen Sie, ob Sie auf der gleichen Seite stehen! Kl\u00e4ren Sie jedes Detail Ihres zuk\u00fcnftigen Projekts und vermeiden Sie viele Wiederholungen. Der Schl\u00fcssel zum Erfolg ist, dass Sie sich \u00fcber die Situation einig sind.<\/p>\n<h5><\/h5>\n<h5>Wie zu verwenden:<\/h5>\n<ul>\n<li>Erinnern Sie den Kunden daran, wer an dem Prozess beteiligt ist, indem Sie Ihre Teammitglieder erw\u00e4hnen;<\/li>\n<li>Legen Sie Meilensteine und deren Daten in der Zeitleiste fest, mit der M\u00f6glichkeit, Erinnerungen zu setzen, damit Sie nichts verpassen. Vergessen Sie nicht, die von Ihnen ben\u00f6tigten Dateien hinzuzuf\u00fcgen;<\/li>\n<li>Pr\u00fcfen Sie, ob Sie alle Funktionen anbieten k\u00f6nnen, die Ihr Kunde f\u00fcr seine Arbeit ben\u00f6tigt;<\/li>\n<li>Schlagen Sie eine Entwicklungsoption mit dem Aufgabenblock &#8222;N\u00e4chste Schritte&#8220; vor;<\/li>\n<li>Sie k\u00f6nnen den Interview-Block auch verwenden, um Feedback zu sammeln, das Ihnen hilft, das Nutzererlebnis zu verstehen;<\/li>\n<li>Und am Ende verwenden Sie den Fragenblock, um sicherzustellen, dass der Benutzer geh\u00f6rt wird und alle seine Fragen beantwortet werden.<\/li>\n<\/ul>\n","protected":false},"excerpt":{"rendered":"<p>Kl\u00e4ren Sie den gesamten Weg mit Ihren Kunden mit unserer Vorlage zur Anforderungserhebung! Sammeln Sie Informationen, die sich an den Abschnitten der Vorlage orientieren, und planen Sie Ihr Wachstum!<\/p>\n","protected":false},"featured_media":39018,"template":"","meta":{"_acf_changed":false,"inline_featured_image":false},"product_brand":[],"product_cat":[174,188,169,194],"product_tag":[],"class_list":{"0":"post-55179","1":"product","2":"type-product","3":"status-publish","4":"has-post-thumbnail","6":"product_cat-marketing-clients","7":"product_cat-uncategorized","8":"product_cat-entrepreneur","9":"product_cat-sales-account","10":"collections-client","12":"first","13":"instock","14":"shipping-taxable","15":"product-type-simple"},"acf":[],"yoast_head":"<!-- This site is optimized with the Yoast SEO plugin v25.3.1 - https:\/\/yoast.com\/wordpress\/plugins\/seo\/ -->\n<title>Erhebung von Anforderungen Vorlage - Sales AI Agents<\/title>\n<meta name=\"description\" content=\"Kl\u00e4ren Sie die Situation. Werden Sie in der Lage sein, alles zu bieten, was Ihr Kunde w\u00fcnscht? Das Sammeln dieser Informationen wird Ihnen helfen, eine Vorgehensweise zu bestimmen.\" \/>\n<meta name=\"robots\" content=\"index, follow, max-snippet:-1, max-image-preview:large, max-video-preview:-1\" \/>\n<link rel=\"canonical\" href=\"https:\/\/sales-ai-agents.com\/de\/templates\/requirements-elicitation\/\" \/>\n<meta property=\"og:locale\" content=\"de_DE\" \/>\n<meta property=\"og:type\" content=\"article\" \/>\n<meta property=\"og:title\" content=\"Erhebung von Anforderungen Vorlage - Sales AI Agents\" \/>\n<meta property=\"og:description\" content=\"Kl\u00e4ren Sie die Situation. Werden Sie in der Lage sein, alles zu bieten, was Ihr Kunde w\u00fcnscht? Das Sammeln dieser Informationen wird Ihnen helfen, eine Vorgehensweise zu bestimmen.\" \/>\n<meta property=\"og:url\" content=\"https:\/\/sales-ai-agents.com\/de\/templates\/requirements-elicitation\/\" \/>\n<meta property=\"og:site_name\" content=\"Sales AI Agents\" \/>\n<meta property=\"article:modified_time\" content=\"2023-09-20T20:02:39+00:00\" \/>\n<meta property=\"og:image\" content=\"https:\/\/sales-ai-agents.com\/wp-content\/uploads\/2023\/04\/Requirements-Elicitation-Template.png\" \/>\n\t<meta property=\"og:image:width\" content=\"1700\" \/>\n\t<meta property=\"og:image:height\" content=\"1100\" \/>\n\t<meta property=\"og:image:type\" content=\"image\/png\" \/>\n<meta name=\"twitter:card\" content=\"summary_large_image\" \/>\n<script type=\"application\/ld+json\" class=\"yoast-schema-graph\">{\"@context\":\"https:\/\/schema.org\",\"@graph\":[{\"@type\":\"WebPage\",\"@id\":\"https:\/\/sales-ai-agents.com\/de\/templates\/requirements-elicitation\/\",\"url\":\"https:\/\/sales-ai-agents.com\/de\/templates\/requirements-elicitation\/\",\"name\":\"Erhebung von Anforderungen Vorlage - Sales AI Agents\",\"isPartOf\":{\"@id\":\"https:\/\/sales-ai-agents.com\/#website\"},\"primaryImageOfPage\":{\"@id\":\"https:\/\/sales-ai-agents.com\/de\/templates\/requirements-elicitation\/#primaryimage\"},\"image\":{\"@id\":\"https:\/\/sales-ai-agents.com\/de\/templates\/requirements-elicitation\/#primaryimage\"},\"thumbnailUrl\":\"https:\/\/sales-ai-agents.com\/wp-content\/uploads\/2023\/04\/Requirements-Elicitation-Template.png\",\"datePublished\":\"2023-04-28T09:19:03+00:00\",\"dateModified\":\"2023-09-20T20:02:39+00:00\",\"description\":\"Kl\u00e4ren Sie die Situation. Werden Sie in der Lage sein, alles zu bieten, was Ihr Kunde w\u00fcnscht? Das Sammeln dieser Informationen wird Ihnen helfen, eine Vorgehensweise zu bestimmen.\",\"inLanguage\":\"de-DE\",\"potentialAction\":[{\"@type\":\"ReadAction\",\"target\":[\"https:\/\/sales-ai-agents.com\/de\/templates\/requirements-elicitation\/\"]}]},{\"@type\":\"ImageObject\",\"inLanguage\":\"de-DE\",\"@id\":\"https:\/\/sales-ai-agents.com\/de\/templates\/requirements-elicitation\/#primaryimage\",\"url\":\"https:\/\/sales-ai-agents.com\/wp-content\/uploads\/2023\/04\/Requirements-Elicitation-Template.png\",\"contentUrl\":\"https:\/\/sales-ai-agents.com\/wp-content\/uploads\/2023\/04\/Requirements-Elicitation-Template.png\",\"width\":1700,\"height\":1100,\"caption\":\"Requirements Elicitation Template - Nimbus Platform\"},{\"@type\":\"WebSite\",\"@id\":\"https:\/\/sales-ai-agents.com\/#website\",\"url\":\"https:\/\/sales-ai-agents.com\/\",\"name\":\"FuseBase\",\"description\":\"Nimbus Platform - Free Online Collaboration Software for Remote Teams. Build your wikis, client portals and more with the Nimbus Platform collaboration tool ? A perfect space for online work\",\"publisher\":{\"@id\":\"https:\/\/sales-ai-agents.com\/#organization\"},\"potentialAction\":[{\"@type\":\"SearchAction\",\"target\":{\"@type\":\"EntryPoint\",\"urlTemplate\":\"https:\/\/sales-ai-agents.com\/?s={search_term_string}\"},\"query-input\":{\"@type\":\"PropertyValueSpecification\",\"valueRequired\":true,\"valueName\":\"search_term_string\"}}],\"inLanguage\":\"de-DE\"},{\"@type\":\"Organization\",\"@id\":\"https:\/\/sales-ai-agents.com\/#organization\",\"name\":\"FuseBase\",\"url\":\"https:\/\/sales-ai-agents.com\/\",\"logo\":{\"@type\":\"ImageObject\",\"inLanguage\":\"de-DE\",\"@id\":\"https:\/\/sales-ai-agents.com\/#\/schema\/logo\/image\/\",\"url\":\"https:\/\/sales-ai-agents.com\/wp-content\/uploads\/2023\/11\/icon-7.svg\",\"contentUrl\":\"https:\/\/sales-ai-agents.com\/wp-content\/uploads\/2023\/11\/icon-7.svg\",\"width\":128,\"height\":128,\"caption\":\"FuseBase\"},\"image\":{\"@id\":\"https:\/\/sales-ai-agents.com\/#\/schema\/logo\/image\/\"}}]}<\/script>\n<!-- \/ Yoast SEO plugin. -->","yoast_head_json":{"title":"Erhebung von Anforderungen Vorlage - Sales AI Agents","description":"Kl\u00e4ren Sie die Situation. Werden Sie in der Lage sein, alles zu bieten, was Ihr Kunde w\u00fcnscht? Das Sammeln dieser Informationen wird Ihnen helfen, eine Vorgehensweise zu bestimmen.","robots":{"index":"index","follow":"follow","max-snippet":"max-snippet:-1","max-image-preview":"max-image-preview:large","max-video-preview":"max-video-preview:-1"},"canonical":"https:\/\/sales-ai-agents.com\/de\/templates\/requirements-elicitation\/","og_locale":"de_DE","og_type":"article","og_title":"Erhebung von Anforderungen Vorlage - Sales AI Agents","og_description":"Kl\u00e4ren Sie die Situation. Werden Sie in der Lage sein, alles zu bieten, was Ihr Kunde w\u00fcnscht? Das Sammeln dieser Informationen wird Ihnen helfen, eine Vorgehensweise zu bestimmen.","og_url":"https:\/\/sales-ai-agents.com\/de\/templates\/requirements-elicitation\/","og_site_name":"Sales AI Agents","article_modified_time":"2023-09-20T20:02:39+00:00","og_image":[{"width":1700,"height":1100,"url":"https:\/\/sales-ai-agents.com\/wp-content\/uploads\/2023\/04\/Requirements-Elicitation-Template.png","type":"image\/png"}],"twitter_card":"summary_large_image","schema":{"@context":"https:\/\/schema.org","@graph":[{"@type":"WebPage","@id":"https:\/\/sales-ai-agents.com\/de\/templates\/requirements-elicitation\/","url":"https:\/\/sales-ai-agents.com\/de\/templates\/requirements-elicitation\/","name":"Erhebung von Anforderungen Vorlage - Sales AI Agents","isPartOf":{"@id":"https:\/\/sales-ai-agents.com\/#website"},"primaryImageOfPage":{"@id":"https:\/\/sales-ai-agents.com\/de\/templates\/requirements-elicitation\/#primaryimage"},"image":{"@id":"https:\/\/sales-ai-agents.com\/de\/templates\/requirements-elicitation\/#primaryimage"},"thumbnailUrl":"https:\/\/sales-ai-agents.com\/wp-content\/uploads\/2023\/04\/Requirements-Elicitation-Template.png","datePublished":"2023-04-28T09:19:03+00:00","dateModified":"2023-09-20T20:02:39+00:00","description":"Kl\u00e4ren Sie die Situation. Werden Sie in der Lage sein, alles zu bieten, was Ihr Kunde w\u00fcnscht? Das Sammeln dieser Informationen wird Ihnen helfen, eine Vorgehensweise zu bestimmen.","inLanguage":"de-DE","potentialAction":[{"@type":"ReadAction","target":["https:\/\/sales-ai-agents.com\/de\/templates\/requirements-elicitation\/"]}]},{"@type":"ImageObject","inLanguage":"de-DE","@id":"https:\/\/sales-ai-agents.com\/de\/templates\/requirements-elicitation\/#primaryimage","url":"https:\/\/sales-ai-agents.com\/wp-content\/uploads\/2023\/04\/Requirements-Elicitation-Template.png","contentUrl":"https:\/\/sales-ai-agents.com\/wp-content\/uploads\/2023\/04\/Requirements-Elicitation-Template.png","width":1700,"height":1100,"caption":"Requirements Elicitation Template - Nimbus Platform"},{"@type":"WebSite","@id":"https:\/\/sales-ai-agents.com\/#website","url":"https:\/\/sales-ai-agents.com\/","name":"FuseBase","description":"Nimbus Platform - Free Online Collaboration Software for Remote Teams. Build your wikis, client portals and more with the Nimbus Platform collaboration tool ? A perfect space for online work","publisher":{"@id":"https:\/\/sales-ai-agents.com\/#organization"},"potentialAction":[{"@type":"SearchAction","target":{"@type":"EntryPoint","urlTemplate":"https:\/\/sales-ai-agents.com\/?s={search_term_string}"},"query-input":{"@type":"PropertyValueSpecification","valueRequired":true,"valueName":"search_term_string"}}],"inLanguage":"de-DE"},{"@type":"Organization","@id":"https:\/\/sales-ai-agents.com\/#organization","name":"FuseBase","url":"https:\/\/sales-ai-agents.com\/","logo":{"@type":"ImageObject","inLanguage":"de-DE","@id":"https:\/\/sales-ai-agents.com\/#\/schema\/logo\/image\/","url":"https:\/\/sales-ai-agents.com\/wp-content\/uploads\/2023\/11\/icon-7.svg","contentUrl":"https:\/\/sales-ai-agents.com\/wp-content\/uploads\/2023\/11\/icon-7.svg","width":128,"height":128,"caption":"FuseBase"},"image":{"@id":"https:\/\/sales-ai-agents.com\/#\/schema\/logo\/image\/"}}]}},"_links":{"self":[{"href":"https:\/\/sales-ai-agents.com\/de\/wp-json\/wp\/v2\/product\/55179","targetHints":{"allow":["GET"]}}],"collection":[{"href":"https:\/\/sales-ai-agents.com\/de\/wp-json\/wp\/v2\/product"}],"about":[{"href":"https:\/\/sales-ai-agents.com\/de\/wp-json\/wp\/v2\/types\/product"}],"wp:featuredmedia":[{"embeddable":true,"href":"https:\/\/sales-ai-agents.com\/de\/wp-json\/wp\/v2\/media\/39018"}],"wp:attachment":[{"href":"https:\/\/sales-ai-agents.com\/de\/wp-json\/wp\/v2\/media?parent=55179"}],"wp:term":[{"taxonomy":"product_brand","embeddable":true,"href":"https:\/\/sales-ai-agents.com\/de\/wp-json\/wp\/v2\/product_brand?post=55179"},{"taxonomy":"product_cat","embeddable":true,"href":"https:\/\/sales-ai-agents.com\/de\/wp-json\/wp\/v2\/product_cat?post=55179"},{"taxonomy":"product_tag","embeddable":true,"href":"https:\/\/sales-ai-agents.com\/de\/wp-json\/wp\/v2\/product_tag?post=55179"}],"curies":[{"name":"wp","href":"https:\/\/api.w.org\/{rel}","templated":true}]}}