{"id":55345,"date":"2023-04-28T07:22:08","date_gmt":"2023-04-28T07:22:08","guid":{"rendered":"https:\/\/sales-ai-agents.com\/templates\/social-posting-management\/"},"modified":"2023-09-21T20:17:18","modified_gmt":"2023-09-21T20:17:18","slug":"social-posting-management","status":"publish","type":"product","link":"https:\/\/sales-ai-agents.com\/de\/templates\/social-posting-management\/","title":{"rendered":"Management sozialer Beitr\u00e4ge"},"content":{"rendered":"<h2>Social Posting Management Vorlage<\/h2>\n<p>Haben Sie es satt, st\u00e4ndig mit mehreren Social-Media-Konten zu jonglieren und damit zu k\u00e4mpfen, dass Sie immer wieder neue Beitr\u00e4ge ver\u00f6ffentlichen? Unsere Vorlage wurde entwickelt, um die Verwaltung Ihrer Social-Media-Konten zu vereinfachen, von der Planung von Beitr\u00e4gen bis zur Analyse des Engagements. Optimieren Sie Ihr Social Media Management und steigern Sie die Effektivit\u00e4t Ihrer Social Media Strategie!<\/p>\n<h5><\/h5>\n<h5>Wie zu verwenden:<\/h5>\n<p><strong>Zeitplan Tabelle<\/strong><\/p>\n<ul>\n<li>Legen Sie eine Frist mit dem Spaltentyp Datum fest;<\/li>\n<li>Steuern Sie mit dem Typ der Fortschrittsspalte, wie vollst\u00e4ndig Prozesse sind (z. B. Entwurf und Text);<\/li>\n<li>Markieren Sie die Phasen \u00dcberpr\u00fcfen und Ver\u00f6ffentlichen mit Hilfe des Spaltentyps Kontrollk\u00e4stchen als abgeschlossen;<\/li>\n<li>\u00dcberwachen Sie, auf welchen Kan\u00e4len Ihre Beitr\u00e4ge ver\u00f6ffentlicht werden, indem Sie mehrere Spalten ausw\u00e4hlen;<\/li>\n<li>Verkn\u00fcpfen Sie alle Dokumente f\u00fcr Ihre Beitr\u00e4ge, um sie in der Quellenspalte leicht zug\u00e4nglich zu machen.<\/li>\n<\/ul>\n<p>&nbsp;<\/p>\n<p><strong>Analyse-Tabelle<\/strong><\/p>\n<ul>\n<li>Geben Sie alle Daten zu den Ansichten ein und vergeben Sie eine Gesamtnote f\u00fcr den Erfolg mit dem Typ der Bewertungsspalte.<\/li>\n<\/ul>\n<p>&nbsp;<\/p>\n<p><strong>Ideen-Tabelle<\/strong><\/p>\n<ul>\n<li>Bestimmen Sie das Datum, an dem der Beitrag ver\u00f6ffentlicht werden kann, mit dem Spaltentyp Datum;<\/li>\n<li>Planen Sie, auf welchen Kan\u00e4len Ihre Beitr\u00e4ge ver\u00f6ffentlicht werden sollen, indem Sie mehrere Spalten ausw\u00e4hlen.<\/li>\n<\/ul>\n","protected":false},"excerpt":{"rendered":"<p>Optimieren Sie Ihr Social Media Management und verbessern Sie die Effektivit\u00e4t Ihrer Strategie mit unserer benutzerfreundlichen Vorlage. Planen, analysieren und notieren Sie Ideen f\u00fcr Ihre Beitr\u00e4ge mit Nimbus Platform!<\/p>\n","protected":false},"featured_media":37120,"template":"","meta":{"_acf_changed":false,"inline_featured_image":false},"product_brand":[],"product_cat":[175,188],"product_tag":[],"class_list":{"0":"post-55345","1":"product","2":"type-product","3":"status-publish","4":"has-post-thumbnail","6":"product_cat-marketing-content","7":"product_cat-uncategorized","9":"first","10":"instock","11":"shipping-taxable","12":"product-type-simple"},"acf":[],"yoast_head":"<!-- This site is optimized with the Yoast SEO plugin v25.3.1 - https:\/\/yoast.com\/wordpress\/plugins\/seo\/ -->\n<title>Management sozialer Beitr\u00e4ge Vorlage - Sales AI Agents<\/title>\n<meta name=\"description\" content=\"Planen Sie Beitr\u00e4ge, verfolgen Sie das Engagement und analysieren Sie die Leistung Ihrer sozialen Medien. Vereinfachen Sie Ihre Verwaltung und verbessern Sie Ihre Strategie mit Nimbus Platform.\" \/>\n<meta name=\"robots\" content=\"index, follow, max-snippet:-1, max-image-preview:large, max-video-preview:-1\" \/>\n<link rel=\"canonical\" href=\"https:\/\/sales-ai-agents.com\/de\/templates\/social-posting-management\/\" \/>\n<meta property=\"og:locale\" content=\"de_DE\" \/>\n<meta property=\"og:type\" content=\"article\" \/>\n<meta property=\"og:title\" content=\"Management sozialer Beitr\u00e4ge Vorlage - Sales AI Agents\" \/>\n<meta property=\"og:description\" content=\"Planen Sie Beitr\u00e4ge, verfolgen Sie das Engagement und analysieren Sie die Leistung Ihrer sozialen Medien. Vereinfachen Sie Ihre Verwaltung und verbessern Sie Ihre Strategie mit Nimbus Platform.\" \/>\n<meta property=\"og:url\" content=\"https:\/\/sales-ai-agents.com\/de\/templates\/social-posting-management\/\" \/>\n<meta property=\"og:site_name\" content=\"Sales AI Agents\" \/>\n<meta property=\"article:modified_time\" content=\"2023-09-21T20:17:18+00:00\" \/>\n<meta property=\"og:image\" content=\"https:\/\/sales-ai-agents.com\/wp-content\/uploads\/2023\/04\/Social-Posting-Management-Template.png\" \/>\n\t<meta property=\"og:image:width\" content=\"1700\" \/>\n\t<meta property=\"og:image:height\" content=\"1066\" \/>\n\t<meta property=\"og:image:type\" content=\"image\/png\" \/>\n<meta name=\"twitter:card\" content=\"summary_large_image\" \/>\n<script type=\"application\/ld+json\" class=\"yoast-schema-graph\">{\"@context\":\"https:\/\/schema.org\",\"@graph\":[{\"@type\":\"WebPage\",\"@id\":\"https:\/\/sales-ai-agents.com\/de\/templates\/social-posting-management\/\",\"url\":\"https:\/\/sales-ai-agents.com\/de\/templates\/social-posting-management\/\",\"name\":\"Management sozialer Beitr\u00e4ge Vorlage - Sales AI Agents\",\"isPartOf\":{\"@id\":\"https:\/\/sales-ai-agents.com\/#website\"},\"primaryImageOfPage\":{\"@id\":\"https:\/\/sales-ai-agents.com\/de\/templates\/social-posting-management\/#primaryimage\"},\"image\":{\"@id\":\"https:\/\/sales-ai-agents.com\/de\/templates\/social-posting-management\/#primaryimage\"},\"thumbnailUrl\":\"https:\/\/sales-ai-agents.com\/wp-content\/uploads\/2023\/04\/Social-Posting-Management-Template.png\",\"datePublished\":\"2023-04-28T07:22:08+00:00\",\"dateModified\":\"2023-09-21T20:17:18+00:00\",\"description\":\"Planen Sie Beitr\u00e4ge, verfolgen Sie das Engagement und analysieren Sie die Leistung Ihrer sozialen Medien. Vereinfachen Sie Ihre Verwaltung und verbessern Sie Ihre Strategie mit Nimbus Platform.\",\"inLanguage\":\"de-DE\",\"potentialAction\":[{\"@type\":\"ReadAction\",\"target\":[\"https:\/\/sales-ai-agents.com\/de\/templates\/social-posting-management\/\"]}]},{\"@type\":\"ImageObject\",\"inLanguage\":\"de-DE\",\"@id\":\"https:\/\/sales-ai-agents.com\/de\/templates\/social-posting-management\/#primaryimage\",\"url\":\"https:\/\/sales-ai-agents.com\/wp-content\/uploads\/2023\/04\/Social-Posting-Management-Template.png\",\"contentUrl\":\"https:\/\/sales-ai-agents.com\/wp-content\/uploads\/2023\/04\/Social-Posting-Management-Template.png\",\"width\":1700,\"height\":1066,\"caption\":\"Simplify your social media management and improve your social media strategy with our template.\"},{\"@type\":\"WebSite\",\"@id\":\"https:\/\/sales-ai-agents.com\/#website\",\"url\":\"https:\/\/sales-ai-agents.com\/\",\"name\":\"FuseBase\",\"description\":\"Nimbus Platform - Free Online Collaboration Software for Remote Teams. Build your wikis, client portals and more with the Nimbus Platform collaboration tool ? A perfect space for online work\",\"publisher\":{\"@id\":\"https:\/\/sales-ai-agents.com\/#organization\"},\"potentialAction\":[{\"@type\":\"SearchAction\",\"target\":{\"@type\":\"EntryPoint\",\"urlTemplate\":\"https:\/\/sales-ai-agents.com\/?s={search_term_string}\"},\"query-input\":{\"@type\":\"PropertyValueSpecification\",\"valueRequired\":true,\"valueName\":\"search_term_string\"}}],\"inLanguage\":\"de-DE\"},{\"@type\":\"Organization\",\"@id\":\"https:\/\/sales-ai-agents.com\/#organization\",\"name\":\"FuseBase\",\"url\":\"https:\/\/sales-ai-agents.com\/\",\"logo\":{\"@type\":\"ImageObject\",\"inLanguage\":\"de-DE\",\"@id\":\"https:\/\/sales-ai-agents.com\/#\/schema\/logo\/image\/\",\"url\":\"https:\/\/sales-ai-agents.com\/wp-content\/uploads\/2023\/11\/icon-7.svg\",\"contentUrl\":\"https:\/\/sales-ai-agents.com\/wp-content\/uploads\/2023\/11\/icon-7.svg\",\"width\":128,\"height\":128,\"caption\":\"FuseBase\"},\"image\":{\"@id\":\"https:\/\/sales-ai-agents.com\/#\/schema\/logo\/image\/\"}}]}<\/script>\n<!-- \/ Yoast SEO plugin. -->","yoast_head_json":{"title":"Management sozialer Beitr\u00e4ge Vorlage - Sales AI Agents","description":"Planen Sie Beitr\u00e4ge, verfolgen Sie das Engagement und analysieren Sie die Leistung Ihrer sozialen Medien. Vereinfachen Sie Ihre Verwaltung und verbessern Sie Ihre Strategie mit Nimbus Platform.","robots":{"index":"index","follow":"follow","max-snippet":"max-snippet:-1","max-image-preview":"max-image-preview:large","max-video-preview":"max-video-preview:-1"},"canonical":"https:\/\/sales-ai-agents.com\/de\/templates\/social-posting-management\/","og_locale":"de_DE","og_type":"article","og_title":"Management sozialer Beitr\u00e4ge Vorlage - Sales AI Agents","og_description":"Planen Sie Beitr\u00e4ge, verfolgen Sie das Engagement und analysieren Sie die Leistung Ihrer sozialen Medien. Vereinfachen Sie Ihre Verwaltung und verbessern Sie Ihre Strategie mit Nimbus Platform.","og_url":"https:\/\/sales-ai-agents.com\/de\/templates\/social-posting-management\/","og_site_name":"Sales AI Agents","article_modified_time":"2023-09-21T20:17:18+00:00","og_image":[{"width":1700,"height":1066,"url":"https:\/\/sales-ai-agents.com\/wp-content\/uploads\/2023\/04\/Social-Posting-Management-Template.png","type":"image\/png"}],"twitter_card":"summary_large_image","schema":{"@context":"https:\/\/schema.org","@graph":[{"@type":"WebPage","@id":"https:\/\/sales-ai-agents.com\/de\/templates\/social-posting-management\/","url":"https:\/\/sales-ai-agents.com\/de\/templates\/social-posting-management\/","name":"Management sozialer Beitr\u00e4ge Vorlage - Sales AI Agents","isPartOf":{"@id":"https:\/\/sales-ai-agents.com\/#website"},"primaryImageOfPage":{"@id":"https:\/\/sales-ai-agents.com\/de\/templates\/social-posting-management\/#primaryimage"},"image":{"@id":"https:\/\/sales-ai-agents.com\/de\/templates\/social-posting-management\/#primaryimage"},"thumbnailUrl":"https:\/\/sales-ai-agents.com\/wp-content\/uploads\/2023\/04\/Social-Posting-Management-Template.png","datePublished":"2023-04-28T07:22:08+00:00","dateModified":"2023-09-21T20:17:18+00:00","description":"Planen Sie Beitr\u00e4ge, verfolgen Sie das Engagement und analysieren Sie die Leistung Ihrer sozialen Medien. Vereinfachen Sie Ihre Verwaltung und verbessern Sie Ihre Strategie mit Nimbus Platform.","inLanguage":"de-DE","potentialAction":[{"@type":"ReadAction","target":["https:\/\/sales-ai-agents.com\/de\/templates\/social-posting-management\/"]}]},{"@type":"ImageObject","inLanguage":"de-DE","@id":"https:\/\/sales-ai-agents.com\/de\/templates\/social-posting-management\/#primaryimage","url":"https:\/\/sales-ai-agents.com\/wp-content\/uploads\/2023\/04\/Social-Posting-Management-Template.png","contentUrl":"https:\/\/sales-ai-agents.com\/wp-content\/uploads\/2023\/04\/Social-Posting-Management-Template.png","width":1700,"height":1066,"caption":"Simplify your social media management and improve your social media strategy with our template."},{"@type":"WebSite","@id":"https:\/\/sales-ai-agents.com\/#website","url":"https:\/\/sales-ai-agents.com\/","name":"FuseBase","description":"Nimbus Platform - Free Online Collaboration Software for Remote Teams. Build your wikis, client portals and more with the Nimbus Platform collaboration tool ? A perfect space for online work","publisher":{"@id":"https:\/\/sales-ai-agents.com\/#organization"},"potentialAction":[{"@type":"SearchAction","target":{"@type":"EntryPoint","urlTemplate":"https:\/\/sales-ai-agents.com\/?s={search_term_string}"},"query-input":{"@type":"PropertyValueSpecification","valueRequired":true,"valueName":"search_term_string"}}],"inLanguage":"de-DE"},{"@type":"Organization","@id":"https:\/\/sales-ai-agents.com\/#organization","name":"FuseBase","url":"https:\/\/sales-ai-agents.com\/","logo":{"@type":"ImageObject","inLanguage":"de-DE","@id":"https:\/\/sales-ai-agents.com\/#\/schema\/logo\/image\/","url":"https:\/\/sales-ai-agents.com\/wp-content\/uploads\/2023\/11\/icon-7.svg","contentUrl":"https:\/\/sales-ai-agents.com\/wp-content\/uploads\/2023\/11\/icon-7.svg","width":128,"height":128,"caption":"FuseBase"},"image":{"@id":"https:\/\/sales-ai-agents.com\/#\/schema\/logo\/image\/"}}]}},"_links":{"self":[{"href":"https:\/\/sales-ai-agents.com\/de\/wp-json\/wp\/v2\/product\/55345","targetHints":{"allow":["GET"]}}],"collection":[{"href":"https:\/\/sales-ai-agents.com\/de\/wp-json\/wp\/v2\/product"}],"about":[{"href":"https:\/\/sales-ai-agents.com\/de\/wp-json\/wp\/v2\/types\/product"}],"wp:featuredmedia":[{"embeddable":true,"href":"https:\/\/sales-ai-agents.com\/de\/wp-json\/wp\/v2\/media\/37120"}],"wp:attachment":[{"href":"https:\/\/sales-ai-agents.com\/de\/wp-json\/wp\/v2\/media?parent=55345"}],"wp:term":[{"taxonomy":"product_brand","embeddable":true,"href":"https:\/\/sales-ai-agents.com\/de\/wp-json\/wp\/v2\/product_brand?post=55345"},{"taxonomy":"product_cat","embeddable":true,"href":"https:\/\/sales-ai-agents.com\/de\/wp-json\/wp\/v2\/product_cat?post=55345"},{"taxonomy":"product_tag","embeddable":true,"href":"https:\/\/sales-ai-agents.com\/de\/wp-json\/wp\/v2\/product_tag?post=55345"}],"curies":[{"name":"wp","href":"https:\/\/api.w.org\/{rel}","templated":true}]}}