{"id":55348,"date":"2023-04-05T13:46:43","date_gmt":"2023-04-05T13:46:43","guid":{"rendered":"https:\/\/sales-ai-agents.com\/templates\/marketing-brief-internal\/"},"modified":"2023-09-21T20:25:27","modified_gmt":"2023-09-21T20:25:27","slug":"marketing-brief-intern","status":"publish","type":"product","link":"https:\/\/sales-ai-agents.com\/de\/templates\/marketing-brief-intern\/","title":{"rendered":"Marketing Brief Intern"},"content":{"rendered":"<h2 class=\"ng-binding ng-scope\">Marketing Brief Interne Vorlage<\/h2>\n<p>Die interne Marktbriefvorlage ist eine Ableitung der Marketingbriefvorlage. Die interne Vorlage enth\u00e4lt alle W\u00fcnsche des Auftraggebers aus dem Briefing. Aber hier brauchen Sie sich keine Sorgen zu machen, dass sie vertrauliche interne Vorg\u00e4nge sehen. Kommentieren Sie Kundeninformationen, stellen Sie neue Aufgaben ein und markieren Sie abgeschlossene Arbeiten.<\/p>\n<p>&nbsp;<\/p>\n<h5 id=\"b208071222_13491\" class=\"nedit-heading editable-text paragraph indent-0 allow-dragging focused-block selected-block selected-block-wrapper\">Wie zu verwenden:<\/h5>\n<ul id=\"b208071222_13511\" class=\"editor-list number-template-decimal-all\">\n<li id=\"b208071222_13517\" class=\"list-item-bullet editable-text list-item indent-0 selected-block selected-block-wrapper\"><strong>Die Grundlagen des Projekts<\/strong><br class=\"separator\" \/>Hier finden Sie die Namen der Kundenfirma und des Projekts, das Lieferdatum und die Person, die die Arbeit abnimmt.<\/li>\n<li id=\"b208071222_13638\" class=\"list-item-bullet editable-text list-item indent-0 selected-block selected-block-wrapper\"><strong>Hintergrund des Kunden<\/strong><br class=\"separator\" \/>Dazu geh\u00f6rt eine kurze Beschreibung des Unternehmens des Kunden: was es produziert und wie es erfolgreich ist.<br class=\"separator\" \/>Au\u00dferdem gibt es eine Tabelle mit Links zur Website des Unternehmens, zu Konten in sozialen Medien und auf Bewertungsportalen sowie zu anderen Plattformen, die hilfreich sein k\u00f6nnen.<br class=\"separator\" \/>Als N\u00e4chstes sollte der Kunde die Felder Mission und Werte ausf\u00fcllen, um eine bessere Vorstellung vom Projektziel zu bekommen: warum sein Unternehmen existiert und wie es hofft, das Leben der Kunden zu verbessern.<\/li>\n<li id=\"b208071222_14009\" class=\"list-item-bullet editable-text list-item indent-0 selected-block selected-block-wrapper\"><strong>\u00dcberblick \u00fcber das Projekt<\/strong><br class=\"separator\" \/>Planen Sie den Ablauf der Arbeit Ihres Teams.<br class=\"separator\" \/>Meilensteine: Unterteilen Sie das Projekt in \u00fcberschaubare Aufgaben.<br class=\"separator\" \/>Beauftragte: Nennen Sie die Person, die f\u00fcr jeden Meilenstein verantwortlich ist.<br class=\"separator\" \/>Frist: Legen Sie fest, wann die Aufgabe erledigt werden soll.<br class=\"separator\" \/>Status: Bitten Sie die Kollegen, zu markieren, ob ihre Meilensteine &#8222;Nicht begonnen&#8220;, &#8222;In Bearbeitung&#8220; oder &#8222;Abgeschlossen&#8220; sind.<\/li>\n<li id=\"b208071222_14289\" class=\"list-item-bullet editable-text list-item indent-0 selected-block selected-block-wrapper\"><strong>Signale und Ma\u00dfnahmen<\/strong><br class=\"separator\" \/>In den Tabellens\u00e4ulen finden Sie die von Ihrem Kunden festgelegten Ziele der Marketingkampagne.<br class=\"separator\" \/>Die erste Zeile jedes Ziels enth\u00e4lt ein Zeichen, das nach Meinung des Kunden den Fortschritt bei der Erreichung des jeweiligen Ziels anzeigt.<br class=\"separator\" \/>In der 2. Zeile finden Sie die Messgr\u00f6\u00dfen, die Sie zur Bewertung des Fortschritts der Ziele verwenden sollten.<br class=\"separator\" \/>In Zeile 3 wird erkl\u00e4rt, warum der Kunde diese Ziele f\u00fcr die Kampagne formuliert hat.<\/li>\n<li id=\"b208071222_14682\" class=\"list-item-bullet editable-text list-item indent-0 selected-block selected-block-wrapper\"><strong>Zweck des Projekts<\/strong><br class=\"separator\" \/>Holen Sie sich die Sichtweise des Kunden dar\u00fcber ein, wie dieses Unternehmen seinem Publikum helfen und n\u00fctzen sollte.<\/li>\n<li id=\"b208071222_14804\" class=\"list-item-bullet editable-text list-item indent-0 selected-block selected-block-wrapper\"><strong>Einnahme-Ziel<\/strong><br class=\"separator\" \/>Ermitteln Sie die Gewinnsteigerung, die Ihr Kunde mit der Kampagne erreichen m\u00f6chte.<\/li>\n<li id=\"b208071222_14963\" class=\"list-item-bullet editable-text list-item indent-0 selected-block selected-block-wrapper\"><strong>Zielpublikum<\/strong><br class=\"separator\" \/>Hier hat der Kunde seine Zielgruppe auf der Grundlage Ihrer Kriterien identifiziert.<\/li>\n<li id=\"b208071222_15054\" class=\"list-item-bullet editable-text list-item indent-0 selected-block selected-block-wrapper\"><strong>Wettbewerber<\/strong><br class=\"separator\" \/>Vergleichen Sie die Merkmale und Dienstleistungen des Unternehmens mit denen der Wettbewerber des Kunden.<\/li>\n<li id=\"b208071222_15351\" class=\"list-item-bullet editable-text list-item indent-0 selected-block selected-block-wrapper\"><strong>Die Daten zum Verfassen einer Nachricht<\/strong><br class=\"separator\" \/>F\u00fcr eine wirksame Kampagne halten Sie diese zur Hand:<br class=\"separator\" \/>&#8211; die wichtigsten Vorteile f\u00fcr die Verbraucher durch ihr Produkt;<br class=\"separator\" \/>&#8211; die Slogans des Hauptunternehmens.<\/li>\n<li id=\"b208071222_15508\" class=\"list-item-bullet editable-text list-item indent-0 selected-block selected-block-wrapper\"><strong>Marketing-Strategie<\/strong><br class=\"separator\" \/>Marketingkan\u00e4le: Erstellen Sie eine Liste aller Vertriebskan\u00e4le, die Sie nutzen k\u00f6nnen (Facebook, Plakate usw.), und bitten Sie den Kunden, diejenigen zu markieren, die ihm gefallen.<br class=\"separator\" \/>Ziele: F\u00fcgen Sie f\u00fcr jedes Ziel eine Tabelle mit der Beschreibung und den erwarteten Schl\u00fcsselergebnissen hinzu; verwalten Sie einen Fortschrittsbalken, um die Fortschritte zu markieren.<br class=\"separator\" \/>Zeitplan: F\u00fcllen Sie die Tabelle aus, die alle geplanten Marketinginitiativen auflistet, ordnen Sie Kategorien aus vorgefertigten oder von Ihnen erstellten Kategorien zu, geben Sie die Priorit\u00e4t und den Zeitrahmen f\u00fcr die Umsetzung an und nennen Sie den zust\u00e4ndigen Kollegen.<\/li>\n<li id=\"b208071222_16025\" class=\"list-item-bullet editable-text list-item indent-0 selected-block selected-block-wrapper\"><strong>Verantwortliche Parteien<\/strong><br class=\"separator\" \/>Vergewissern Sie sich, dass Sie die Personen kennen, die der Kunde w\u00e4hrend des Projekts kontaktieren kann.<\/li>\n<li id=\"b208071222_16134\" class=\"list-item-bullet editable-text list-item indent-0 selected-block selected-block-wrapper\"><strong>Aufruf zum Handeln<\/strong><br class=\"separator\" \/>Erstellen Sie einen Arbeitsplan: Listen Sie die Aufgaben auf, legen Sie Fristen fest und bestimmen Sie die zust\u00e4ndigen Personen, die Sie in jeder Phase kontaktieren k\u00f6nnen.<\/li>\n<\/ul>\n","protected":false},"excerpt":{"rendered":"<p>Kein Wechsel mehr zwischen Kundenauftr\u00e4gen und Projektpl\u00e4nen. Die interne Vorlage f\u00fcr Marketing-Briefe fasst alles zusammen und spart Ihnen Zeit.<\/p>\n","protected":false},"featured_media":36741,"template":"","meta":{"_acf_changed":false,"inline_featured_image":false},"product_brand":[],"product_cat":[174],"product_tag":[],"class_list":{"0":"post-55348","1":"product","2":"type-product","3":"status-publish","4":"has-post-thumbnail","6":"product_cat-marketing-clients","7":"collections-client","9":"first","10":"instock","11":"shipping-taxable","12":"product-type-simple"},"acf":[],"yoast_head":"<!-- This site is optimized with the Yoast SEO plugin v25.3.1 - https:\/\/yoast.com\/wordpress\/plugins\/seo\/ -->\n<title>Marketing Brief Intern Vorlage - Sales AI Agents<\/title>\n<meta name=\"description\" content=\"Stellen Sie sicher, dass alle Marketingexperten auf der gleichen Seite stehen. Die interne Vorlage des Marketing Briefs kombiniert die W\u00fcnsche des Kunden mit den Notizen des Teams.\" \/>\n<meta name=\"robots\" content=\"index, follow, max-snippet:-1, max-image-preview:large, max-video-preview:-1\" \/>\n<link rel=\"canonical\" href=\"https:\/\/sales-ai-agents.com\/de\/templates\/marketing-brief-intern\/\" \/>\n<meta property=\"og:locale\" content=\"de_DE\" \/>\n<meta property=\"og:type\" content=\"article\" \/>\n<meta property=\"og:title\" content=\"Marketing Brief Intern Vorlage - Sales AI Agents\" \/>\n<meta property=\"og:description\" content=\"Stellen Sie sicher, dass alle Marketingexperten auf der gleichen Seite stehen. Die interne Vorlage des Marketing Briefs kombiniert die W\u00fcnsche des Kunden mit den Notizen des Teams.\" \/>\n<meta property=\"og:url\" content=\"https:\/\/sales-ai-agents.com\/de\/templates\/marketing-brief-intern\/\" \/>\n<meta property=\"og:site_name\" content=\"Sales AI Agents\" \/>\n<meta property=\"article:modified_time\" content=\"2023-09-21T20:25:27+00:00\" \/>\n<meta property=\"og:image\" content=\"https:\/\/sales-ai-agents.com\/wp-content\/uploads\/2023\/04\/Marketing-Brief-Internal-Template.png\" \/>\n\t<meta property=\"og:image:width\" content=\"1700\" \/>\n\t<meta property=\"og:image:height\" content=\"1100\" \/>\n\t<meta property=\"og:image:type\" content=\"image\/png\" \/>\n<meta name=\"twitter:card\" content=\"summary_large_image\" \/>\n<script type=\"application\/ld+json\" class=\"yoast-schema-graph\">{\"@context\":\"https:\/\/schema.org\",\"@graph\":[{\"@type\":\"WebPage\",\"@id\":\"https:\/\/sales-ai-agents.com\/de\/templates\/marketing-brief-intern\/\",\"url\":\"https:\/\/sales-ai-agents.com\/de\/templates\/marketing-brief-intern\/\",\"name\":\"Marketing Brief Intern Vorlage - Sales AI Agents\",\"isPartOf\":{\"@id\":\"https:\/\/sales-ai-agents.com\/#website\"},\"primaryImageOfPage\":{\"@id\":\"https:\/\/sales-ai-agents.com\/de\/templates\/marketing-brief-intern\/#primaryimage\"},\"image\":{\"@id\":\"https:\/\/sales-ai-agents.com\/de\/templates\/marketing-brief-intern\/#primaryimage\"},\"thumbnailUrl\":\"https:\/\/sales-ai-agents.com\/wp-content\/uploads\/2023\/04\/Marketing-Brief-Internal-Template.png\",\"datePublished\":\"2023-04-05T13:46:43+00:00\",\"dateModified\":\"2023-09-21T20:25:27+00:00\",\"description\":\"Stellen Sie sicher, dass alle Marketingexperten auf der gleichen Seite stehen. Die interne Vorlage des Marketing Briefs kombiniert die W\u00fcnsche des Kunden mit den Notizen des Teams.\",\"inLanguage\":\"de-DE\",\"potentialAction\":[{\"@type\":\"ReadAction\",\"target\":[\"https:\/\/sales-ai-agents.com\/de\/templates\/marketing-brief-intern\/\"]}]},{\"@type\":\"ImageObject\",\"inLanguage\":\"de-DE\",\"@id\":\"https:\/\/sales-ai-agents.com\/de\/templates\/marketing-brief-intern\/#primaryimage\",\"url\":\"https:\/\/sales-ai-agents.com\/wp-content\/uploads\/2023\/04\/Marketing-Brief-Internal-Template.png\",\"contentUrl\":\"https:\/\/sales-ai-agents.com\/wp-content\/uploads\/2023\/04\/Marketing-Brief-Internal-Template.png\",\"width\":1700,\"height\":1100,\"caption\":\"Make sure all marketing experts are on the same page with this template!\"},{\"@type\":\"WebSite\",\"@id\":\"https:\/\/sales-ai-agents.com\/#website\",\"url\":\"https:\/\/sales-ai-agents.com\/\",\"name\":\"FuseBase\",\"description\":\"Nimbus Platform - Free Online Collaboration Software for Remote Teams. Build your wikis, client portals and more with the Nimbus Platform collaboration tool ? A perfect space for online work\",\"publisher\":{\"@id\":\"https:\/\/sales-ai-agents.com\/#organization\"},\"potentialAction\":[{\"@type\":\"SearchAction\",\"target\":{\"@type\":\"EntryPoint\",\"urlTemplate\":\"https:\/\/sales-ai-agents.com\/?s={search_term_string}\"},\"query-input\":{\"@type\":\"PropertyValueSpecification\",\"valueRequired\":true,\"valueName\":\"search_term_string\"}}],\"inLanguage\":\"de-DE\"},{\"@type\":\"Organization\",\"@id\":\"https:\/\/sales-ai-agents.com\/#organization\",\"name\":\"FuseBase\",\"url\":\"https:\/\/sales-ai-agents.com\/\",\"logo\":{\"@type\":\"ImageObject\",\"inLanguage\":\"de-DE\",\"@id\":\"https:\/\/sales-ai-agents.com\/#\/schema\/logo\/image\/\",\"url\":\"https:\/\/sales-ai-agents.com\/wp-content\/uploads\/2023\/11\/icon-7.svg\",\"contentUrl\":\"https:\/\/sales-ai-agents.com\/wp-content\/uploads\/2023\/11\/icon-7.svg\",\"width\":128,\"height\":128,\"caption\":\"FuseBase\"},\"image\":{\"@id\":\"https:\/\/sales-ai-agents.com\/#\/schema\/logo\/image\/\"}}]}<\/script>\n<!-- \/ Yoast SEO plugin. -->","yoast_head_json":{"title":"Marketing Brief Intern Vorlage - Sales AI Agents","description":"Stellen Sie sicher, dass alle Marketingexperten auf der gleichen Seite stehen. Die interne Vorlage des Marketing Briefs kombiniert die W\u00fcnsche des Kunden mit den Notizen des Teams.","robots":{"index":"index","follow":"follow","max-snippet":"max-snippet:-1","max-image-preview":"max-image-preview:large","max-video-preview":"max-video-preview:-1"},"canonical":"https:\/\/sales-ai-agents.com\/de\/templates\/marketing-brief-intern\/","og_locale":"de_DE","og_type":"article","og_title":"Marketing Brief Intern Vorlage - Sales AI Agents","og_description":"Stellen Sie sicher, dass alle Marketingexperten auf der gleichen Seite stehen. Die interne Vorlage des Marketing Briefs kombiniert die W\u00fcnsche des Kunden mit den Notizen des Teams.","og_url":"https:\/\/sales-ai-agents.com\/de\/templates\/marketing-brief-intern\/","og_site_name":"Sales AI Agents","article_modified_time":"2023-09-21T20:25:27+00:00","og_image":[{"width":1700,"height":1100,"url":"https:\/\/sales-ai-agents.com\/wp-content\/uploads\/2023\/04\/Marketing-Brief-Internal-Template.png","type":"image\/png"}],"twitter_card":"summary_large_image","schema":{"@context":"https:\/\/schema.org","@graph":[{"@type":"WebPage","@id":"https:\/\/sales-ai-agents.com\/de\/templates\/marketing-brief-intern\/","url":"https:\/\/sales-ai-agents.com\/de\/templates\/marketing-brief-intern\/","name":"Marketing Brief Intern Vorlage - Sales AI Agents","isPartOf":{"@id":"https:\/\/sales-ai-agents.com\/#website"},"primaryImageOfPage":{"@id":"https:\/\/sales-ai-agents.com\/de\/templates\/marketing-brief-intern\/#primaryimage"},"image":{"@id":"https:\/\/sales-ai-agents.com\/de\/templates\/marketing-brief-intern\/#primaryimage"},"thumbnailUrl":"https:\/\/sales-ai-agents.com\/wp-content\/uploads\/2023\/04\/Marketing-Brief-Internal-Template.png","datePublished":"2023-04-05T13:46:43+00:00","dateModified":"2023-09-21T20:25:27+00:00","description":"Stellen Sie sicher, dass alle Marketingexperten auf der gleichen Seite stehen. Die interne Vorlage des Marketing Briefs kombiniert die W\u00fcnsche des Kunden mit den Notizen des Teams.","inLanguage":"de-DE","potentialAction":[{"@type":"ReadAction","target":["https:\/\/sales-ai-agents.com\/de\/templates\/marketing-brief-intern\/"]}]},{"@type":"ImageObject","inLanguage":"de-DE","@id":"https:\/\/sales-ai-agents.com\/de\/templates\/marketing-brief-intern\/#primaryimage","url":"https:\/\/sales-ai-agents.com\/wp-content\/uploads\/2023\/04\/Marketing-Brief-Internal-Template.png","contentUrl":"https:\/\/sales-ai-agents.com\/wp-content\/uploads\/2023\/04\/Marketing-Brief-Internal-Template.png","width":1700,"height":1100,"caption":"Make sure all marketing experts are on the same page with this template!"},{"@type":"WebSite","@id":"https:\/\/sales-ai-agents.com\/#website","url":"https:\/\/sales-ai-agents.com\/","name":"FuseBase","description":"Nimbus Platform - Free Online Collaboration Software for Remote Teams. Build your wikis, client portals and more with the Nimbus Platform collaboration tool ? A perfect space for online work","publisher":{"@id":"https:\/\/sales-ai-agents.com\/#organization"},"potentialAction":[{"@type":"SearchAction","target":{"@type":"EntryPoint","urlTemplate":"https:\/\/sales-ai-agents.com\/?s={search_term_string}"},"query-input":{"@type":"PropertyValueSpecification","valueRequired":true,"valueName":"search_term_string"}}],"inLanguage":"de-DE"},{"@type":"Organization","@id":"https:\/\/sales-ai-agents.com\/#organization","name":"FuseBase","url":"https:\/\/sales-ai-agents.com\/","logo":{"@type":"ImageObject","inLanguage":"de-DE","@id":"https:\/\/sales-ai-agents.com\/#\/schema\/logo\/image\/","url":"https:\/\/sales-ai-agents.com\/wp-content\/uploads\/2023\/11\/icon-7.svg","contentUrl":"https:\/\/sales-ai-agents.com\/wp-content\/uploads\/2023\/11\/icon-7.svg","width":128,"height":128,"caption":"FuseBase"},"image":{"@id":"https:\/\/sales-ai-agents.com\/#\/schema\/logo\/image\/"}}]}},"_links":{"self":[{"href":"https:\/\/sales-ai-agents.com\/de\/wp-json\/wp\/v2\/product\/55348","targetHints":{"allow":["GET"]}}],"collection":[{"href":"https:\/\/sales-ai-agents.com\/de\/wp-json\/wp\/v2\/product"}],"about":[{"href":"https:\/\/sales-ai-agents.com\/de\/wp-json\/wp\/v2\/types\/product"}],"wp:featuredmedia":[{"embeddable":true,"href":"https:\/\/sales-ai-agents.com\/de\/wp-json\/wp\/v2\/media\/36741"}],"wp:attachment":[{"href":"https:\/\/sales-ai-agents.com\/de\/wp-json\/wp\/v2\/media?parent=55348"}],"wp:term":[{"taxonomy":"product_brand","embeddable":true,"href":"https:\/\/sales-ai-agents.com\/de\/wp-json\/wp\/v2\/product_brand?post=55348"},{"taxonomy":"product_cat","embeddable":true,"href":"https:\/\/sales-ai-agents.com\/de\/wp-json\/wp\/v2\/product_cat?post=55348"},{"taxonomy":"product_tag","embeddable":true,"href":"https:\/\/sales-ai-agents.com\/de\/wp-json\/wp\/v2\/product_tag?post=55348"}],"curies":[{"name":"wp","href":"https:\/\/api.w.org\/{rel}","templated":true}]}}