{"id":55352,"date":"2023-04-05T12:21:53","date_gmt":"2023-04-05T12:21:53","guid":{"rendered":"https:\/\/sales-ai-agents.com\/templates\/marketing-brief\/"},"modified":"2023-09-21T20:32:23","modified_gmt":"2023-09-21T20:32:23","slug":"marketing-brief","status":"publish","type":"product","link":"https:\/\/sales-ai-agents.com\/de\/templates\/marketing-brief\/","title":{"rendered":"Marketing-Brief"},"content":{"rendered":"<h2>Marketing Brief Vorlage<\/h2>\n<p>Die Marketing Brief Vorlage ist ein Formular, in das der Kunde seine W\u00fcnsche f\u00fcr eine Marketingkampagne eintr\u00e4gt. Sie beschreiben ihr Produkt, wie sie sich die Kampagne visuell und textlich vorstellen, die Werbemittel, die sie einsetzen wollen, und die Ziele, die sie zu erreichen hoffen.<\/p>\n<p>&nbsp;<\/p>\n<h5 id=\"b208071222_9984\" class=\"nedit-heading editable-text paragraph indent-0 allow-dragging focused-block selected-block selected-block-wrapper\">Wie zu verwenden:<\/h5>\n<ul id=\"b208071222_10004\" class=\"editor-list number-template-decimal-all\">\n<li id=\"b208071222_10010\" class=\"list-item-bullet editable-text list-item indent-0 selected-block selected-block-wrapper\"><strong>Die Grundlagen des Projekts<\/strong><br class=\"separator\" \/>Angebot zum Ausf\u00fcllen mit Projekt- und Firmennamen, Liefertermin und Arbeitsabnahmeperson.<\/li>\n<li id=\"b208071222_10142\" class=\"list-item-bullet editable-text list-item indent-0 selected-block selected-block-wrapper\"><strong>Hintergrund des Kunden<\/strong><br class=\"separator\" \/>Dazu geh\u00f6rt eine kurze Beschreibung des Unternehmens des Kunden: was es produziert und wie es erfolgreich ist.<br class=\"separator\" \/>Au\u00dferdem gibt es eine Tabelle mit Links zur Website des Unternehmens, zu Konten in sozialen Medien und auf Bewertungsportalen sowie zu anderen Plattformen, die hilfreich sein k\u00f6nnen.<br class=\"separator\" \/>Als N\u00e4chstes sollte der Kunde die Felder Mission und Werte ausf\u00fcllen, um eine bessere Vorstellung vom Projektziel zu bekommen: warum sein Unternehmen existiert und wie es hofft, das Leben der Kunden zu verbessern.<\/li>\n<li id=\"b208071222_10550\" class=\"list-item-bullet editable-text list-item indent-0 selected-block selected-block-wrapper\"><strong>\u00dcberblick \u00fcber das Projekt<\/strong><br class=\"separator\" \/>Tragen Sie alle Kundenw\u00fcnsche, die Sie erf\u00fcllen k\u00f6nnen, in diese Tabelle ein.<br class=\"separator\" \/>Der Kunde sollte die Priorit\u00e4t der vorgeschlagenen Optionen bestimmen und ggf. zus\u00e4tzliche Kommentare abgeben.<\/li>\n<li id=\"b208071222_10739\" class=\"list-item-bullet editable-text list-item indent-0 selected-block selected-block-wrapper\"><strong>Signale und Ma\u00dfnahmen<\/strong><br class=\"separator\" \/>Bitten Sie den Kunden, die Ziele der Marketingkampagne in die Tabellens\u00e4ulen einzutragen.<br class=\"separator\" \/>In der 1. Zeile sollte ein Zeichen stehen, das nach Meinung des Kunden den Zielfortschritt anzeigt.<br class=\"separator\" \/>In der 2. Zeile gibt Ihr Kunde die genauen Kennzahlen zur Bewertung der Arbeitsqualit\u00e4t an.<br class=\"separator\" \/>In der dritten Zeile sollte angegeben werden, warum der Kunde diese Ziele f\u00fcr die Kampagne formuliert hat.<\/li>\n<li id=\"b208071222_11183\" class=\"list-item-bullet editable-text list-item indent-0 selected-block selected-block-wrapper\"><strong>Zweck des Projekts<\/strong><br class=\"separator\" \/>Der Kunde gibt an, wie das Unternehmen seinem Publikum helfen und n\u00fctzen soll.<\/li>\n<li id=\"b208071222_11295\" class=\"list-item-bullet editable-text list-item indent-0 selected-block selected-block-wrapper\"><strong>Einnahme-Ziel<\/strong><br class=\"separator\" \/>Bitten Sie den Kunden, die Gewinnsteigerung zu bestimmen, die er durch die Kampagne erreichen m\u00f6chte.<\/li>\n<li id=\"b208071222_11457\" class=\"list-item-bullet editable-text list-item indent-0 selected-block selected-block-wrapper\"><strong>Zielpublikum<\/strong><br class=\"separator\" \/>F\u00fcgen Sie Merkmale hinzu, anhand derer Ihr Kunde die Zielgruppe f\u00fcr die verf\u00fcgbare Arbeit an dem Projekt erkennen kann.<\/li>\n<li id=\"b208071222_11596\" class=\"list-item-bullet editable-text list-item indent-0 selected-block selected-block-wrapper\"><strong>Wettbewerber<\/strong><br class=\"separator\" \/>Der Kunde muss die Merkmale und Dienstleistungen seines Unternehmens mit denen der Konkurrenz vergleichen.<\/li>\n<li id=\"b208071222_11750\" class=\"list-item-bullet editable-text list-item indent-0 selected-block selected-block-wrapper\"><strong>Die Daten zum Verfassen einer Nachricht<\/strong><br class=\"separator\" \/>F\u00fcr eine wirksame Kampagne muss der Kunde Folgendes angeben:<br class=\"separator\" \/>die wichtigsten Vorteile f\u00fcr die Verbraucher durch ihr Produkt;<br class=\"separator\" \/>die Slogans des Hauptunternehmens.<\/li>\n<li id=\"b208071222_11924\" class=\"list-item-bullet editable-text list-item indent-0 selected-block selected-block-wrapper\"><strong>Marketing-Strategie<\/strong><br class=\"separator\" \/>Angebot an den Markt: Der Kunde beschreibt das Verkaufsangebot f\u00fcr die Marketingkampagne.<br class=\"separator\" \/>Marketingkan\u00e4le: Erstellen Sie eine Liste aller Vertriebskan\u00e4le, die Sie nutzen k\u00f6nnen (Facebook, Plakate usw.), und bitten Sie den Kunden, diejenigen zu markieren, die ihm gefallen.<\/li>\n<li id=\"b208071222_12189\" class=\"list-item-bullet editable-text list-item indent-0 selected-block selected-block-wrapper\"><strong>Verantwortliche Parteien<\/strong><br class=\"separator\" \/>Bevor Sie einen Auftrag einreichen, geben Sie die f\u00fcr die verschiedenen Arbeitsbereiche zust\u00e4ndigen Teammitglieder an, einschlie\u00dflich ihrer Kontakt-E-Mail.<\/li>\n<li id=\"b208071222_12333\" class=\"list-item-bullet editable-text list-item indent-0 selected-block selected-block-wrapper\"><strong>Aufruf zum Handeln<\/strong><br class=\"separator\" \/>Erstellen Sie einen Arbeitsplan: Listen Sie die Aufgaben auf, legen Sie Fristen fest und bestimmen Sie die zust\u00e4ndigen Personen, an die sich der Kunde in jeder Phase wenden kann.<\/li>\n<li id=\"b208071222_12532\" class=\"list-item-bullet editable-text list-item indent-0 selected-block selected-block-wrapper\"><strong>Mehr<\/strong><br class=\"separator\" \/>Lassen Sie dem Kunden Raum f\u00fcr Fragen und Erkl\u00e4rungen.<\/li>\n<\/ul>\n","protected":false},"excerpt":{"rendered":"<p>Stellen Sie sicher, dass Sie bei einem so komplexen Thema wie einer Marketingkampagne kein Detail \u00fcbersehen! Hier finden Sie alles, was Sie f\u00fcr Ihre Arbeit ben\u00f6tigen, an einem Ort.<\/p>\n","protected":false},"featured_media":36770,"template":"","meta":{"_acf_changed":false,"inline_featured_image":false},"product_brand":[],"product_cat":[171,174],"product_tag":[],"class_list":{"0":"post-55352","1":"product","2":"type-product","3":"status-publish","4":"has-post-thumbnail","6":"product_cat-marketing","7":"product_cat-marketing-clients","8":"collections-client","10":"first","11":"instock","12":"shipping-taxable","13":"product-type-simple"},"acf":[],"yoast_head":"<!-- This site is optimized with the Yoast SEO plugin v25.3.1 - https:\/\/yoast.com\/wordpress\/plugins\/seo\/ -->\n<title>Marketing-Brief Vorlage - Sales AI Agents<\/title>\n<meta name=\"description\" content=\"K\u00f6nnten alle Mitglieder des Marketingteams alle W\u00fcnsche des Kunden in einem einzigen Dokument erfahren? Die Marketing Brief Vorlage von Nimbus macht dies einfach!\" \/>\n<meta name=\"robots\" content=\"index, follow, max-snippet:-1, max-image-preview:large, max-video-preview:-1\" \/>\n<link rel=\"canonical\" href=\"https:\/\/sales-ai-agents.com\/de\/templates\/marketing-brief\/\" \/>\n<meta property=\"og:locale\" content=\"de_DE\" \/>\n<meta property=\"og:type\" content=\"article\" \/>\n<meta property=\"og:title\" content=\"Marketing-Brief Vorlage - Sales AI Agents\" \/>\n<meta property=\"og:description\" content=\"K\u00f6nnten alle Mitglieder des Marketingteams alle W\u00fcnsche des Kunden in einem einzigen Dokument erfahren? Die Marketing Brief Vorlage von Nimbus macht dies einfach!\" \/>\n<meta property=\"og:url\" content=\"https:\/\/sales-ai-agents.com\/de\/templates\/marketing-brief\/\" \/>\n<meta property=\"og:site_name\" content=\"Sales AI Agents\" \/>\n<meta property=\"article:modified_time\" content=\"2023-09-21T20:32:23+00:00\" \/>\n<meta property=\"og:image\" content=\"https:\/\/sales-ai-agents.com\/wp-content\/uploads\/2023\/04\/Marketing-Brief-Template-1.png\" \/>\n\t<meta property=\"og:image:width\" content=\"1700\" \/>\n\t<meta property=\"og:image:height\" content=\"1100\" \/>\n\t<meta property=\"og:image:type\" content=\"image\/png\" \/>\n<meta name=\"twitter:card\" content=\"summary_large_image\" \/>\n<script type=\"application\/ld+json\" class=\"yoast-schema-graph\">{\"@context\":\"https:\/\/schema.org\",\"@graph\":[{\"@type\":\"WebPage\",\"@id\":\"https:\/\/sales-ai-agents.com\/de\/templates\/marketing-brief\/\",\"url\":\"https:\/\/sales-ai-agents.com\/de\/templates\/marketing-brief\/\",\"name\":\"Marketing-Brief Vorlage - Sales AI Agents\",\"isPartOf\":{\"@id\":\"https:\/\/sales-ai-agents.com\/#website\"},\"primaryImageOfPage\":{\"@id\":\"https:\/\/sales-ai-agents.com\/de\/templates\/marketing-brief\/#primaryimage\"},\"image\":{\"@id\":\"https:\/\/sales-ai-agents.com\/de\/templates\/marketing-brief\/#primaryimage\"},\"thumbnailUrl\":\"https:\/\/sales-ai-agents.com\/wp-content\/uploads\/2023\/04\/Marketing-Brief-Template-1.png\",\"datePublished\":\"2023-04-05T12:21:53+00:00\",\"dateModified\":\"2023-09-21T20:32:23+00:00\",\"description\":\"K\u00f6nnten alle Mitglieder des Marketingteams alle W\u00fcnsche des Kunden in einem einzigen Dokument erfahren? Die Marketing Brief Vorlage von Nimbus macht dies einfach!\",\"inLanguage\":\"de-DE\",\"potentialAction\":[{\"@type\":\"ReadAction\",\"target\":[\"https:\/\/sales-ai-agents.com\/de\/templates\/marketing-brief\/\"]}]},{\"@type\":\"ImageObject\",\"inLanguage\":\"de-DE\",\"@id\":\"https:\/\/sales-ai-agents.com\/de\/templates\/marketing-brief\/#primaryimage\",\"url\":\"https:\/\/sales-ai-agents.com\/wp-content\/uploads\/2023\/04\/Marketing-Brief-Template-1.png\",\"contentUrl\":\"https:\/\/sales-ai-agents.com\/wp-content\/uploads\/2023\/04\/Marketing-Brief-Template-1.png\",\"width\":1700,\"height\":1100,\"caption\":\"This template is a form the client fills in with their wishes about a marketing campaign.\"},{\"@type\":\"WebSite\",\"@id\":\"https:\/\/sales-ai-agents.com\/#website\",\"url\":\"https:\/\/sales-ai-agents.com\/\",\"name\":\"FuseBase\",\"description\":\"Nimbus Platform - Free Online Collaboration Software for Remote Teams. Build your wikis, client portals and more with the Nimbus Platform collaboration tool ? A perfect space for online work\",\"publisher\":{\"@id\":\"https:\/\/sales-ai-agents.com\/#organization\"},\"potentialAction\":[{\"@type\":\"SearchAction\",\"target\":{\"@type\":\"EntryPoint\",\"urlTemplate\":\"https:\/\/sales-ai-agents.com\/?s={search_term_string}\"},\"query-input\":{\"@type\":\"PropertyValueSpecification\",\"valueRequired\":true,\"valueName\":\"search_term_string\"}}],\"inLanguage\":\"de-DE\"},{\"@type\":\"Organization\",\"@id\":\"https:\/\/sales-ai-agents.com\/#organization\",\"name\":\"FuseBase\",\"url\":\"https:\/\/sales-ai-agents.com\/\",\"logo\":{\"@type\":\"ImageObject\",\"inLanguage\":\"de-DE\",\"@id\":\"https:\/\/sales-ai-agents.com\/#\/schema\/logo\/image\/\",\"url\":\"https:\/\/sales-ai-agents.com\/wp-content\/uploads\/2023\/11\/icon-7.svg\",\"contentUrl\":\"https:\/\/sales-ai-agents.com\/wp-content\/uploads\/2023\/11\/icon-7.svg\",\"width\":128,\"height\":128,\"caption\":\"FuseBase\"},\"image\":{\"@id\":\"https:\/\/sales-ai-agents.com\/#\/schema\/logo\/image\/\"}}]}<\/script>\n<!-- \/ Yoast SEO plugin. -->","yoast_head_json":{"title":"Marketing-Brief Vorlage - Sales AI Agents","description":"K\u00f6nnten alle Mitglieder des Marketingteams alle W\u00fcnsche des Kunden in einem einzigen Dokument erfahren? Die Marketing Brief Vorlage von Nimbus macht dies einfach!","robots":{"index":"index","follow":"follow","max-snippet":"max-snippet:-1","max-image-preview":"max-image-preview:large","max-video-preview":"max-video-preview:-1"},"canonical":"https:\/\/sales-ai-agents.com\/de\/templates\/marketing-brief\/","og_locale":"de_DE","og_type":"article","og_title":"Marketing-Brief Vorlage - Sales AI Agents","og_description":"K\u00f6nnten alle Mitglieder des Marketingteams alle W\u00fcnsche des Kunden in einem einzigen Dokument erfahren? Die Marketing Brief Vorlage von Nimbus macht dies einfach!","og_url":"https:\/\/sales-ai-agents.com\/de\/templates\/marketing-brief\/","og_site_name":"Sales AI Agents","article_modified_time":"2023-09-21T20:32:23+00:00","og_image":[{"width":1700,"height":1100,"url":"https:\/\/sales-ai-agents.com\/wp-content\/uploads\/2023\/04\/Marketing-Brief-Template-1.png","type":"image\/png"}],"twitter_card":"summary_large_image","schema":{"@context":"https:\/\/schema.org","@graph":[{"@type":"WebPage","@id":"https:\/\/sales-ai-agents.com\/de\/templates\/marketing-brief\/","url":"https:\/\/sales-ai-agents.com\/de\/templates\/marketing-brief\/","name":"Marketing-Brief Vorlage - Sales AI Agents","isPartOf":{"@id":"https:\/\/sales-ai-agents.com\/#website"},"primaryImageOfPage":{"@id":"https:\/\/sales-ai-agents.com\/de\/templates\/marketing-brief\/#primaryimage"},"image":{"@id":"https:\/\/sales-ai-agents.com\/de\/templates\/marketing-brief\/#primaryimage"},"thumbnailUrl":"https:\/\/sales-ai-agents.com\/wp-content\/uploads\/2023\/04\/Marketing-Brief-Template-1.png","datePublished":"2023-04-05T12:21:53+00:00","dateModified":"2023-09-21T20:32:23+00:00","description":"K\u00f6nnten alle Mitglieder des Marketingteams alle W\u00fcnsche des Kunden in einem einzigen Dokument erfahren? Die Marketing Brief Vorlage von Nimbus macht dies einfach!","inLanguage":"de-DE","potentialAction":[{"@type":"ReadAction","target":["https:\/\/sales-ai-agents.com\/de\/templates\/marketing-brief\/"]}]},{"@type":"ImageObject","inLanguage":"de-DE","@id":"https:\/\/sales-ai-agents.com\/de\/templates\/marketing-brief\/#primaryimage","url":"https:\/\/sales-ai-agents.com\/wp-content\/uploads\/2023\/04\/Marketing-Brief-Template-1.png","contentUrl":"https:\/\/sales-ai-agents.com\/wp-content\/uploads\/2023\/04\/Marketing-Brief-Template-1.png","width":1700,"height":1100,"caption":"This template is a form the client fills in with their wishes about a marketing campaign."},{"@type":"WebSite","@id":"https:\/\/sales-ai-agents.com\/#website","url":"https:\/\/sales-ai-agents.com\/","name":"FuseBase","description":"Nimbus Platform - Free Online Collaboration Software for Remote Teams. Build your wikis, client portals and more with the Nimbus Platform collaboration tool ? A perfect space for online work","publisher":{"@id":"https:\/\/sales-ai-agents.com\/#organization"},"potentialAction":[{"@type":"SearchAction","target":{"@type":"EntryPoint","urlTemplate":"https:\/\/sales-ai-agents.com\/?s={search_term_string}"},"query-input":{"@type":"PropertyValueSpecification","valueRequired":true,"valueName":"search_term_string"}}],"inLanguage":"de-DE"},{"@type":"Organization","@id":"https:\/\/sales-ai-agents.com\/#organization","name":"FuseBase","url":"https:\/\/sales-ai-agents.com\/","logo":{"@type":"ImageObject","inLanguage":"de-DE","@id":"https:\/\/sales-ai-agents.com\/#\/schema\/logo\/image\/","url":"https:\/\/sales-ai-agents.com\/wp-content\/uploads\/2023\/11\/icon-7.svg","contentUrl":"https:\/\/sales-ai-agents.com\/wp-content\/uploads\/2023\/11\/icon-7.svg","width":128,"height":128,"caption":"FuseBase"},"image":{"@id":"https:\/\/sales-ai-agents.com\/#\/schema\/logo\/image\/"}}]}},"_links":{"self":[{"href":"https:\/\/sales-ai-agents.com\/de\/wp-json\/wp\/v2\/product\/55352","targetHints":{"allow":["GET"]}}],"collection":[{"href":"https:\/\/sales-ai-agents.com\/de\/wp-json\/wp\/v2\/product"}],"about":[{"href":"https:\/\/sales-ai-agents.com\/de\/wp-json\/wp\/v2\/types\/product"}],"wp:featuredmedia":[{"embeddable":true,"href":"https:\/\/sales-ai-agents.com\/de\/wp-json\/wp\/v2\/media\/36770"}],"wp:attachment":[{"href":"https:\/\/sales-ai-agents.com\/de\/wp-json\/wp\/v2\/media?parent=55352"}],"wp:term":[{"taxonomy":"product_brand","embeddable":true,"href":"https:\/\/sales-ai-agents.com\/de\/wp-json\/wp\/v2\/product_brand?post=55352"},{"taxonomy":"product_cat","embeddable":true,"href":"https:\/\/sales-ai-agents.com\/de\/wp-json\/wp\/v2\/product_cat?post=55352"},{"taxonomy":"product_tag","embeddable":true,"href":"https:\/\/sales-ai-agents.com\/de\/wp-json\/wp\/v2\/product_tag?post=55352"}],"curies":[{"name":"wp","href":"https:\/\/api.w.org\/{rel}","templated":true}]}}