{"id":55357,"date":"2023-04-05T10:53:46","date_gmt":"2023-04-05T10:53:46","guid":{"rendered":"https:\/\/sales-ai-agents.com\/templates\/creative-brief-internal\/"},"modified":"2023-09-21T20:39:17","modified_gmt":"2023-09-21T20:39:17","slug":"creative-brief-internal","status":"publish","type":"product","link":"https:\/\/sales-ai-agents.com\/de\/templates\/creative-brief-internal\/","title":{"rendered":"Kreativer Brief Intern"},"content":{"rendered":"<h2>Kreative Briefvorlage intern<\/h2>\n<p>Die interne Kreativbriefvorlage ist eine Erg\u00e4nzung zur Kreativbriefvorlage. Bewahren Sie alle Kundenvereinbarungen in ihrer urspr\u00fcnglichen Form auf und verwenden Sie diese Vorlage f\u00fcr die Teamarbeit. Sie k\u00f6nnen Kommentare abgeben, Dateien anh\u00e4ngen, Aufgaben stellen und ihre Fortschritte verfolgen.<\/p>\n<h5><\/h5>\n<h5 id=\"b208071222_7380\" class=\"nedit-heading editable-text paragraph indent-0 allow-dragging focused-block selected-block selected-block-wrapper\">Wie zu verwenden:<\/h5>\n<ul id=\"b208071222_7400\" class=\"editor-list number-template-decimal-all\">\n<li id=\"b208071222_7406\" class=\"list-item-bullet editable-text list-item indent-0 selected-block selected-block-wrapper\"><strong>Die Grundlagen des Projekts<\/strong><br class=\"separator\" \/>Hier finden Sie die Namen der Kundenfirma und des Projekts, das Lieferdatum und die Person, die die Arbeit abnimmt.<\/li>\n<li id=\"b208071222_7527\" class=\"list-item-bullet editable-text list-item indent-0 selected-block selected-block-wrapper\"><strong>Hintergrund des Kunden<\/strong><br class=\"separator\" \/>Dazu geh\u00f6rt eine kurze Beschreibung des Unternehmens des Kunden: was es produziert und wie es erfolgreich ist.<br class=\"separator\" \/>Au\u00dferdem gibt es eine Tabelle mit Links zur Website des Unternehmens, zu Konten in sozialen Medien und auf Bewertungsportalen sowie zu anderen Plattformen, die hilfreich sein k\u00f6nnen.<br class=\"separator\" \/>Als N\u00e4chstes sollte der Kunde die Felder Mission und Werte ausf\u00fcllen, um eine bessere Vorstellung vom Projektziel zu bekommen: warum sein Unternehmen existiert und wie es hofft, das Leben der Kunden zu verbessern.<\/li>\n<li id=\"b208071222_7898\" class=\"list-item-bullet editable-text list-item indent-0 selected-block selected-block-wrapper\"><strong>\u00dcberblick \u00fcber das Projekt<\/strong><br class=\"separator\" \/>Planen Sie den Ablauf der Arbeit Ihres Teams.<br class=\"separator\" \/>Meilensteine: Unterteilen Sie das Projekt in \u00fcberschaubare Aufgaben.<br class=\"separator\" \/>Beauftragte: Nennen Sie die Person, die f\u00fcr jeden Meilenstein verantwortlich ist.<br class=\"separator\" \/>Frist: Legen Sie fest, wann die Aufgabe erledigt werden soll.<br class=\"separator\" \/>Status: Bitten Sie die Kollegen, zu markieren, ob ihre Meilensteine &#8222;Nicht begonnen&#8220;, &#8222;In Bearbeitung&#8220; oder &#8222;Abgeschlossen&#8220; sind.<\/li>\n<li id=\"b208071222_8178\" class=\"list-item-bullet editable-text list-item indent-0 selected-block selected-block-wrapper\"><strong>Zielpublikum<\/strong><br class=\"separator\" \/>Hier hat der Kunde seine Zielgruppe auf der Grundlage Ihrer Kriterien identifiziert.<\/li>\n<li id=\"b208071222_8269\" class=\"list-item-bullet editable-text list-item indent-0 selected-block selected-block-wrapper\"><strong>Wettbewerber<\/strong><br class=\"separator\" \/>Vergleichen Sie die Merkmale und Dienstleistungen des Unternehmens mit denen der Wettbewerber des Kunden. Erstellen Sie dann Ihre Kampagne auf der Grundlage der St\u00e4rken Ihres Kunden.<\/li>\n<li id=\"b208071222_8595\" class=\"list-item-bullet editable-text list-item indent-0 selected-block selected-block-wrapper\"><strong>Die Daten zum Verfassen einer Nachricht<\/strong><br class=\"separator\" \/>Im Folgenden finden Sie die Punkte, die Sie von Ihrem Kunden f\u00fcr eine solide Kommunikation mit dem Publikum lernen:<br class=\"separator\" \/>die wichtigsten Punkte, durch die sich ihr Produkt von dem der Wettbewerber unterscheidet;<br class=\"separator\" \/>die Slogans des Hauptunternehmens;<br class=\"separator\" \/>den f\u00fcr ihr Unternehmen typischen Tonfall.<\/li>\n<li id=\"b208071222_8870\" class=\"list-item-bullet editable-text list-item indent-0 selected-block selected-block-wrapper\"><strong>Vertrieb<\/strong><br class=\"separator\" \/>Informieren Sie sich \u00fcber alle Vertriebskan\u00e4le, die der Kunde nutzen wird.<\/li>\n<li id=\"b208071222_8957\" class=\"list-item-bullet editable-text list-item indent-0 selected-block selected-block-wrapper\"><strong>Obligatorische Einschl\u00fcsse<\/strong><br class=\"separator\" \/>Hier finden sich alle Elemente, die der Kunde in seinen Entw\u00fcrfen haben m\u00f6chte: Logo, Unternehmensfarben, vorgefertigte Slogans usw.<\/li>\n<li id=\"b208071222_9095\" class=\"list-item-bullet editable-text list-item indent-0 selected-block selected-block-wrapper\"><strong>Liefergegenst\u00e4nde<\/strong><br class=\"separator\" \/>Achten Sie auf alle kreativen Formate, die von Ihrem Team erwartet werden.<\/li>\n<li id=\"b208071222_9179\" class=\"list-item-bullet editable-text list-item indent-0 selected-block selected-block-wrapper\"><strong>Aufruf zum Handeln<\/strong><br class=\"separator\" \/>Einen Arbeitsplan erstellen: Aufgaben auflisten, Termine festlegen<\/li>\n<\/ul>\n","protected":false},"excerpt":{"rendered":"<p>Verwenden Sie die interne Vorlage f\u00fcr den Kreativbrief, um Ihre Kommentare in den Kundenbrief aufzunehmen. Es ist gro\u00dfartig, eine gemeinsame Wissensbasis f\u00fcr das Projekt zu haben!<\/p>\n","protected":false},"featured_media":36675,"template":"","meta":{"_acf_changed":false,"inline_featured_image":false},"product_brand":[],"product_cat":[165,174,194],"product_tag":[],"class_list":{"0":"post-55357","1":"product","2":"type-product","3":"status-publish","4":"has-post-thumbnail","6":"product_cat-designer","7":"product_cat-marketing-clients","8":"product_cat-sales-account","9":"collections-client","11":"first","12":"instock","13":"shipping-taxable","14":"product-type-simple"},"acf":[],"yoast_head":"<!-- This site is optimized with the Yoast SEO plugin v25.3.1 - https:\/\/yoast.com\/wordpress\/plugins\/seo\/ -->\n<title>Kreativer Brief Intern Vorlage - Sales AI Agents<\/title>\n<meta name=\"description\" content=\"Verwandeln Sie ein Kundenbriefing in ein Arbeitsdokument f\u00fcr Ihr Team mit der internen Vorlage f\u00fcr kreative Briefings! Organisieren Sie alle Kundeninformationen, Dateien und Aufgaben an einem Ort.\" \/>\n<meta name=\"robots\" content=\"index, follow, max-snippet:-1, max-image-preview:large, max-video-preview:-1\" \/>\n<link rel=\"canonical\" href=\"https:\/\/sales-ai-agents.com\/de\/templates\/creative-brief-internal\/\" \/>\n<meta property=\"og:locale\" content=\"de_DE\" \/>\n<meta property=\"og:type\" content=\"article\" \/>\n<meta property=\"og:title\" content=\"Kreativer Brief Intern Vorlage - Sales AI Agents\" \/>\n<meta property=\"og:description\" content=\"Verwandeln Sie ein Kundenbriefing in ein Arbeitsdokument f\u00fcr Ihr Team mit der internen Vorlage f\u00fcr kreative Briefings! Organisieren Sie alle Kundeninformationen, Dateien und Aufgaben an einem Ort.\" \/>\n<meta property=\"og:url\" content=\"https:\/\/sales-ai-agents.com\/de\/templates\/creative-brief-internal\/\" \/>\n<meta property=\"og:site_name\" content=\"Sales AI Agents\" \/>\n<meta property=\"article:modified_time\" content=\"2023-09-21T20:39:17+00:00\" \/>\n<meta property=\"og:image\" content=\"https:\/\/sales-ai-agents.com\/wp-content\/uploads\/2023\/04\/Creative-Brief-Internal-Template.png\" \/>\n\t<meta property=\"og:image:width\" content=\"1700\" \/>\n\t<meta property=\"og:image:height\" content=\"1100\" \/>\n\t<meta property=\"og:image:type\" content=\"image\/png\" \/>\n<meta name=\"twitter:card\" content=\"summary_large_image\" \/>\n<script type=\"application\/ld+json\" class=\"yoast-schema-graph\">{\"@context\":\"https:\/\/schema.org\",\"@graph\":[{\"@type\":\"WebPage\",\"@id\":\"https:\/\/sales-ai-agents.com\/de\/templates\/creative-brief-internal\/\",\"url\":\"https:\/\/sales-ai-agents.com\/de\/templates\/creative-brief-internal\/\",\"name\":\"Kreativer Brief Intern Vorlage - Sales AI Agents\",\"isPartOf\":{\"@id\":\"https:\/\/sales-ai-agents.com\/#website\"},\"primaryImageOfPage\":{\"@id\":\"https:\/\/sales-ai-agents.com\/de\/templates\/creative-brief-internal\/#primaryimage\"},\"image\":{\"@id\":\"https:\/\/sales-ai-agents.com\/de\/templates\/creative-brief-internal\/#primaryimage\"},\"thumbnailUrl\":\"https:\/\/sales-ai-agents.com\/wp-content\/uploads\/2023\/04\/Creative-Brief-Internal-Template.png\",\"datePublished\":\"2023-04-05T10:53:46+00:00\",\"dateModified\":\"2023-09-21T20:39:17+00:00\",\"description\":\"Verwandeln Sie ein Kundenbriefing in ein Arbeitsdokument f\u00fcr Ihr Team mit der internen Vorlage f\u00fcr kreative Briefings! Organisieren Sie alle Kundeninformationen, Dateien und Aufgaben an einem Ort.\",\"inLanguage\":\"de-DE\",\"potentialAction\":[{\"@type\":\"ReadAction\",\"target\":[\"https:\/\/sales-ai-agents.com\/de\/templates\/creative-brief-internal\/\"]}]},{\"@type\":\"ImageObject\",\"inLanguage\":\"de-DE\",\"@id\":\"https:\/\/sales-ai-agents.com\/de\/templates\/creative-brief-internal\/#primaryimage\",\"url\":\"https:\/\/sales-ai-agents.com\/wp-content\/uploads\/2023\/04\/Creative-Brief-Internal-Template.png\",\"contentUrl\":\"https:\/\/sales-ai-agents.com\/wp-content\/uploads\/2023\/04\/Creative-Brief-Internal-Template.png\",\"width\":1700,\"height\":1100,\"caption\":\"Turn a client brief into your team's working document with Creative Brief Internal Template!\"},{\"@type\":\"WebSite\",\"@id\":\"https:\/\/sales-ai-agents.com\/#website\",\"url\":\"https:\/\/sales-ai-agents.com\/\",\"name\":\"FuseBase\",\"description\":\"Nimbus Platform - Free Online Collaboration Software for Remote Teams. Build your wikis, client portals and more with the Nimbus Platform collaboration tool ? A perfect space for online work\",\"publisher\":{\"@id\":\"https:\/\/sales-ai-agents.com\/#organization\"},\"potentialAction\":[{\"@type\":\"SearchAction\",\"target\":{\"@type\":\"EntryPoint\",\"urlTemplate\":\"https:\/\/sales-ai-agents.com\/?s={search_term_string}\"},\"query-input\":{\"@type\":\"PropertyValueSpecification\",\"valueRequired\":true,\"valueName\":\"search_term_string\"}}],\"inLanguage\":\"de-DE\"},{\"@type\":\"Organization\",\"@id\":\"https:\/\/sales-ai-agents.com\/#organization\",\"name\":\"FuseBase\",\"url\":\"https:\/\/sales-ai-agents.com\/\",\"logo\":{\"@type\":\"ImageObject\",\"inLanguage\":\"de-DE\",\"@id\":\"https:\/\/sales-ai-agents.com\/#\/schema\/logo\/image\/\",\"url\":\"https:\/\/sales-ai-agents.com\/wp-content\/uploads\/2023\/11\/icon-7.svg\",\"contentUrl\":\"https:\/\/sales-ai-agents.com\/wp-content\/uploads\/2023\/11\/icon-7.svg\",\"width\":128,\"height\":128,\"caption\":\"FuseBase\"},\"image\":{\"@id\":\"https:\/\/sales-ai-agents.com\/#\/schema\/logo\/image\/\"}}]}<\/script>\n<!-- \/ Yoast SEO plugin. -->","yoast_head_json":{"title":"Kreativer Brief Intern Vorlage - Sales AI Agents","description":"Verwandeln Sie ein Kundenbriefing in ein Arbeitsdokument f\u00fcr Ihr Team mit der internen Vorlage f\u00fcr kreative Briefings! Organisieren Sie alle Kundeninformationen, Dateien und Aufgaben an einem Ort.","robots":{"index":"index","follow":"follow","max-snippet":"max-snippet:-1","max-image-preview":"max-image-preview:large","max-video-preview":"max-video-preview:-1"},"canonical":"https:\/\/sales-ai-agents.com\/de\/templates\/creative-brief-internal\/","og_locale":"de_DE","og_type":"article","og_title":"Kreativer Brief Intern Vorlage - Sales AI Agents","og_description":"Verwandeln Sie ein Kundenbriefing in ein Arbeitsdokument f\u00fcr Ihr Team mit der internen Vorlage f\u00fcr kreative Briefings! Organisieren Sie alle Kundeninformationen, Dateien und Aufgaben an einem Ort.","og_url":"https:\/\/sales-ai-agents.com\/de\/templates\/creative-brief-internal\/","og_site_name":"Sales AI Agents","article_modified_time":"2023-09-21T20:39:17+00:00","og_image":[{"width":1700,"height":1100,"url":"https:\/\/sales-ai-agents.com\/wp-content\/uploads\/2023\/04\/Creative-Brief-Internal-Template.png","type":"image\/png"}],"twitter_card":"summary_large_image","schema":{"@context":"https:\/\/schema.org","@graph":[{"@type":"WebPage","@id":"https:\/\/sales-ai-agents.com\/de\/templates\/creative-brief-internal\/","url":"https:\/\/sales-ai-agents.com\/de\/templates\/creative-brief-internal\/","name":"Kreativer Brief Intern Vorlage - Sales AI Agents","isPartOf":{"@id":"https:\/\/sales-ai-agents.com\/#website"},"primaryImageOfPage":{"@id":"https:\/\/sales-ai-agents.com\/de\/templates\/creative-brief-internal\/#primaryimage"},"image":{"@id":"https:\/\/sales-ai-agents.com\/de\/templates\/creative-brief-internal\/#primaryimage"},"thumbnailUrl":"https:\/\/sales-ai-agents.com\/wp-content\/uploads\/2023\/04\/Creative-Brief-Internal-Template.png","datePublished":"2023-04-05T10:53:46+00:00","dateModified":"2023-09-21T20:39:17+00:00","description":"Verwandeln Sie ein Kundenbriefing in ein Arbeitsdokument f\u00fcr Ihr Team mit der internen Vorlage f\u00fcr kreative Briefings! Organisieren Sie alle Kundeninformationen, Dateien und Aufgaben an einem Ort.","inLanguage":"de-DE","potentialAction":[{"@type":"ReadAction","target":["https:\/\/sales-ai-agents.com\/de\/templates\/creative-brief-internal\/"]}]},{"@type":"ImageObject","inLanguage":"de-DE","@id":"https:\/\/sales-ai-agents.com\/de\/templates\/creative-brief-internal\/#primaryimage","url":"https:\/\/sales-ai-agents.com\/wp-content\/uploads\/2023\/04\/Creative-Brief-Internal-Template.png","contentUrl":"https:\/\/sales-ai-agents.com\/wp-content\/uploads\/2023\/04\/Creative-Brief-Internal-Template.png","width":1700,"height":1100,"caption":"Turn a client brief into your team's working document with Creative Brief Internal Template!"},{"@type":"WebSite","@id":"https:\/\/sales-ai-agents.com\/#website","url":"https:\/\/sales-ai-agents.com\/","name":"FuseBase","description":"Nimbus Platform - Free Online Collaboration Software for Remote Teams. Build your wikis, client portals and more with the Nimbus Platform collaboration tool ? A perfect space for online work","publisher":{"@id":"https:\/\/sales-ai-agents.com\/#organization"},"potentialAction":[{"@type":"SearchAction","target":{"@type":"EntryPoint","urlTemplate":"https:\/\/sales-ai-agents.com\/?s={search_term_string}"},"query-input":{"@type":"PropertyValueSpecification","valueRequired":true,"valueName":"search_term_string"}}],"inLanguage":"de-DE"},{"@type":"Organization","@id":"https:\/\/sales-ai-agents.com\/#organization","name":"FuseBase","url":"https:\/\/sales-ai-agents.com\/","logo":{"@type":"ImageObject","inLanguage":"de-DE","@id":"https:\/\/sales-ai-agents.com\/#\/schema\/logo\/image\/","url":"https:\/\/sales-ai-agents.com\/wp-content\/uploads\/2023\/11\/icon-7.svg","contentUrl":"https:\/\/sales-ai-agents.com\/wp-content\/uploads\/2023\/11\/icon-7.svg","width":128,"height":128,"caption":"FuseBase"},"image":{"@id":"https:\/\/sales-ai-agents.com\/#\/schema\/logo\/image\/"}}]}},"_links":{"self":[{"href":"https:\/\/sales-ai-agents.com\/de\/wp-json\/wp\/v2\/product\/55357","targetHints":{"allow":["GET"]}}],"collection":[{"href":"https:\/\/sales-ai-agents.com\/de\/wp-json\/wp\/v2\/product"}],"about":[{"href":"https:\/\/sales-ai-agents.com\/de\/wp-json\/wp\/v2\/types\/product"}],"wp:featuredmedia":[{"embeddable":true,"href":"https:\/\/sales-ai-agents.com\/de\/wp-json\/wp\/v2\/media\/36675"}],"wp:attachment":[{"href":"https:\/\/sales-ai-agents.com\/de\/wp-json\/wp\/v2\/media?parent=55357"}],"wp:term":[{"taxonomy":"product_brand","embeddable":true,"href":"https:\/\/sales-ai-agents.com\/de\/wp-json\/wp\/v2\/product_brand?post=55357"},{"taxonomy":"product_cat","embeddable":true,"href":"https:\/\/sales-ai-agents.com\/de\/wp-json\/wp\/v2\/product_cat?post=55357"},{"taxonomy":"product_tag","embeddable":true,"href":"https:\/\/sales-ai-agents.com\/de\/wp-json\/wp\/v2\/product_tag?post=55357"}],"curies":[{"name":"wp","href":"https:\/\/api.w.org\/{rel}","templated":true}]}}