{"id":55362,"date":"2023-04-05T09:47:35","date_gmt":"2023-04-05T09:47:35","guid":{"rendered":"https:\/\/sales-ai-agents.com\/templates\/creative-brief\/"},"modified":"2023-09-21T20:45:02","modified_gmt":"2023-09-21T20:45:02","slug":"creative-brief","status":"publish","type":"product","link":"https:\/\/sales-ai-agents.com\/de\/templates\/creative-brief\/","title":{"rendered":"Kreativer Auftrag"},"content":{"rendered":"<h2>Kreative Briefvorlage<\/h2>\n<p>Eine Creative Brief-Vorlage ist ein Fragebogen, den das Designteam vor Beginn des Projekts an den Kunden sendet. Sie sammelt Informationen \u00fcber das Unternehmen des Kunden, seine Bed\u00fcrfnisse und W\u00fcnsche, die visuelle DNA der Marke und vieles mehr.<\/p>\n<p>&nbsp;<\/p>\n<h5 id=\"b208071222_4634\" class=\"nedit-heading editable-text paragraph indent-0 allow-dragging focused-block selected-block selected-block-wrapper\">Wie zu verwenden:<\/h5>\n<ul id=\"b208071222_4654\" class=\"editor-list number-template-decimal-all\">\n<li id=\"b208071222_4660\" class=\"list-item-bullet editable-text list-item indent-0 selected-block selected-block-wrapper\"><strong>Die Grundlagen des Projekts<\/strong><br class=\"separator\" \/>Angebot zum Ausf\u00fcllen mit Projekt- und Firmennamen, Liefertermin und Arbeitsabnahmeperson.<\/li>\n<li id=\"b208071222_4792\" class=\"list-item-bullet editable-text list-item indent-0 selected-block selected-block-wrapper\"><strong>Hintergrund des Kunden<\/strong><br class=\"separator\" \/>Dazu geh\u00f6rt eine kurze Beschreibung des Unternehmens des Kunden: was es produziert und wie es erfolgreich ist.<br class=\"separator\" \/>Au\u00dferdem gibt es eine Tabelle mit Links zur Website des Unternehmens, zu Konten in sozialen Medien und auf Bewertungsportalen sowie zu anderen Plattformen, die hilfreich sein k\u00f6nnen.<br class=\"separator\" \/>Als N\u00e4chstes sollte der Kunde die Felder Mission und Werte ausf\u00fcllen, um eine bessere Vorstellung vom Projektziel zu bekommen: warum sein Unternehmen existiert und wie es hofft, das Leben der Kunden zu verbessern.<\/li>\n<li id=\"b208071222_5184\" class=\"list-item-bullet editable-text list-item indent-0 selected-block selected-block-wrapper\"><strong>\u00dcberblick \u00fcber das Projekt<\/strong><br class=\"separator\" \/>Tragen Sie alle Kundenw\u00fcnsche, die Sie erf\u00fcllen k\u00f6nnen, in diese Tabelle ein.<br class=\"separator\" \/>Der Kunde sollte die Priorit\u00e4t der vorgeschlagenen Optionen bestimmen und ggf. zus\u00e4tzliche Kommentare abgeben.<\/li>\n<li id=\"b208071222_5373\" class=\"list-item-bullet editable-text list-item indent-0 selected-block selected-block-wrapper\"><strong>Zielpublikum<\/strong><br class=\"separator\" \/>F\u00fcgen Sie Merkmale hinzu, anhand derer Ihr Kunde die Zielgruppe f\u00fcr die verf\u00fcgbare Arbeit an dem Projekt erkennen kann.<\/li>\n<li id=\"b208071222_5512\" class=\"list-item-bullet editable-text list-item indent-0 selected-block selected-block-wrapper\"><strong>Wettbewerber<\/strong><br class=\"separator\" \/>Der Kunde sollte die Merkmale und Dienstleistungen seines Unternehmens mit denen seiner Konkurrenten vergleichen.<\/li>\n<li id=\"b208071222_5631\" class=\"list-item-bullet editable-text list-item indent-0 selected-block selected-block-wrapper\"><strong>Die Daten zum Verfassen einer Nachricht<\/strong><br class=\"separator\" \/>F\u00fcr eine wirksame Kampagne muss der Kunde Folgendes angeben:<br class=\"separator\" \/>die wichtigsten Vorteile f\u00fcr die Verbraucher durch ihr Produkt;<br class=\"separator\" \/>die Essenz des Verkaufsangebots f\u00fcr Designschaffende;<br class=\"separator\" \/>die Slogans des Hauptunternehmens;<br class=\"separator\" \/>den Tonfall ihres Unternehmens.<\/li>\n<li id=\"b208071222_5903\" class=\"list-item-bullet editable-text list-item indent-0 selected-block selected-block-wrapper\"><strong>Vertrieb<\/strong><br class=\"separator\" \/>Erstellen Sie eine Liste aller Verbreitungskan\u00e4le, f\u00fcr die Sie Werbematerial erstellen k\u00f6nnen (Facebook, Plakatw\u00e4nde usw.), und bitten Sie den Kunden, die Kan\u00e4le anzukreuzen, die er nutzen wird.<\/li>\n<li id=\"b208071222_6075\" class=\"list-item-bullet editable-text list-item indent-0 selected-block selected-block-wrapper\"><strong>Obligatorische Einschl\u00fcsse<\/strong><br class=\"separator\" \/>Ihr Kunde kann alle Elemente hinzuf\u00fcgen, die er in den Werbemitteln sehen m\u00f6chte: Logo, Unternehmensfarben, vorgefertigte Slogans usw.<\/li>\n<li id=\"b208071222_6213\" class=\"list-item-bullet editable-text list-item indent-0 selected-block selected-block-wrapper\"><strong>Liefergegenst\u00e4nde<\/strong><br class=\"separator\" \/>Ihr Kunde sollte alle kreativen Formate zusammenfassen, die von Ihrem Team erwartet werden.<\/li>\n<li id=\"b208071222_6315\" class=\"list-item-bullet editable-text list-item indent-0 selected-block selected-block-wrapper\"><strong>Aufruf zum Handeln<\/strong><br class=\"separator\" \/>Erstellen Sie einen Arbeitsplan: Listen Sie die Aufgaben auf, legen Sie Fristen fest und bestimmen Sie verantwortliche Personen, an die sich der Kunde in jeder Phase wenden kann.<\/li>\n<li id=\"b208071222_6514\" class=\"list-item-bullet editable-text list-item indent-0 selected-block selected-block-wrapper\"><strong>Mehr<\/strong><br class=\"separator\" \/>Lassen Sie dem Kunden Raum f\u00fcr Fragen und Erkl\u00e4rungen.<\/li>\n<\/ul>\n","protected":false},"excerpt":{"rendered":"<p>Designschaffende brauchen keine Textvorgaben! Verwenden Sie die Nimbus-Vorlage, um Bilder, Referenzen, Figma-Entw\u00fcrfe und mehr hinzuzuf\u00fcgen.<\/p>\n","protected":false},"featured_media":36639,"template":"","meta":{"_acf_changed":false,"inline_featured_image":false},"product_brand":[],"product_cat":[165,174],"product_tag":[],"class_list":{"0":"post-55362","1":"product","2":"type-product","3":"status-publish","4":"has-post-thumbnail","6":"product_cat-designer","7":"product_cat-marketing-clients","8":"collections-client","10":"first","11":"instock","12":"shipping-taxable","13":"product-type-simple"},"acf":[],"yoast_head":"<!-- This site is optimized with the Yoast SEO plugin v25.3.1 - https:\/\/yoast.com\/wordpress\/plugins\/seo\/ -->\n<title>Kreativer Auftrag Vorlage - Sales AI Agents<\/title>\n<meta name=\"description\" content=\"Die Nimbus-Vorlage geht \u00fcber den reinen Text hinaus und inspiriert Ihre Kreativit\u00e4t. Verstehen Sie die Bed\u00fcrfnisse des Kunden anhand von Bildern, Referenzen, Farbpaletten und mehr.\" \/>\n<meta name=\"robots\" content=\"index, follow, max-snippet:-1, max-image-preview:large, max-video-preview:-1\" \/>\n<link rel=\"canonical\" href=\"https:\/\/sales-ai-agents.com\/de\/templates\/creative-brief\/\" \/>\n<meta property=\"og:locale\" content=\"de_DE\" \/>\n<meta property=\"og:type\" content=\"article\" \/>\n<meta property=\"og:title\" content=\"Kreativer Auftrag Vorlage - Sales AI Agents\" \/>\n<meta property=\"og:description\" content=\"Die Nimbus-Vorlage geht \u00fcber den reinen Text hinaus und inspiriert Ihre Kreativit\u00e4t. Verstehen Sie die Bed\u00fcrfnisse des Kunden anhand von Bildern, Referenzen, Farbpaletten und mehr.\" \/>\n<meta property=\"og:url\" content=\"https:\/\/sales-ai-agents.com\/de\/templates\/creative-brief\/\" \/>\n<meta property=\"og:site_name\" content=\"Sales AI Agents\" \/>\n<meta property=\"article:modified_time\" content=\"2023-09-21T20:45:02+00:00\" \/>\n<meta property=\"og:image\" content=\"https:\/\/sales-ai-agents.com\/wp-content\/uploads\/2023\/04\/Creative-Brief-Template.png\" \/>\n\t<meta property=\"og:image:width\" content=\"1700\" \/>\n\t<meta property=\"og:image:height\" content=\"1100\" \/>\n\t<meta property=\"og:image:type\" content=\"image\/png\" \/>\n<meta name=\"twitter:card\" content=\"summary_large_image\" \/>\n<script type=\"application\/ld+json\" class=\"yoast-schema-graph\">{\"@context\":\"https:\/\/schema.org\",\"@graph\":[{\"@type\":\"WebPage\",\"@id\":\"https:\/\/sales-ai-agents.com\/de\/templates\/creative-brief\/\",\"url\":\"https:\/\/sales-ai-agents.com\/de\/templates\/creative-brief\/\",\"name\":\"Kreativer Auftrag Vorlage - Sales AI Agents\",\"isPartOf\":{\"@id\":\"https:\/\/sales-ai-agents.com\/#website\"},\"primaryImageOfPage\":{\"@id\":\"https:\/\/sales-ai-agents.com\/de\/templates\/creative-brief\/#primaryimage\"},\"image\":{\"@id\":\"https:\/\/sales-ai-agents.com\/de\/templates\/creative-brief\/#primaryimage\"},\"thumbnailUrl\":\"https:\/\/sales-ai-agents.com\/wp-content\/uploads\/2023\/04\/Creative-Brief-Template.png\",\"datePublished\":\"2023-04-05T09:47:35+00:00\",\"dateModified\":\"2023-09-21T20:45:02+00:00\",\"description\":\"Die Nimbus-Vorlage geht \u00fcber den reinen Text hinaus und inspiriert Ihre Kreativit\u00e4t. Verstehen Sie die Bed\u00fcrfnisse des Kunden anhand von Bildern, Referenzen, Farbpaletten und mehr.\",\"inLanguage\":\"de-DE\",\"potentialAction\":[{\"@type\":\"ReadAction\",\"target\":[\"https:\/\/sales-ai-agents.com\/de\/templates\/creative-brief\/\"]}]},{\"@type\":\"ImageObject\",\"inLanguage\":\"de-DE\",\"@id\":\"https:\/\/sales-ai-agents.com\/de\/templates\/creative-brief\/#primaryimage\",\"url\":\"https:\/\/sales-ai-agents.com\/wp-content\/uploads\/2023\/04\/Creative-Brief-Template.png\",\"contentUrl\":\"https:\/\/sales-ai-agents.com\/wp-content\/uploads\/2023\/04\/Creative-Brief-Template.png\",\"width\":1700,\"height\":1100,\"caption\":\"This template is a questionnaire the design team sends to a client before starting their project.\"},{\"@type\":\"WebSite\",\"@id\":\"https:\/\/sales-ai-agents.com\/#website\",\"url\":\"https:\/\/sales-ai-agents.com\/\",\"name\":\"FuseBase\",\"description\":\"Nimbus Platform - Free Online Collaboration Software for Remote Teams. Build your wikis, client portals and more with the Nimbus Platform collaboration tool ? A perfect space for online work\",\"publisher\":{\"@id\":\"https:\/\/sales-ai-agents.com\/#organization\"},\"potentialAction\":[{\"@type\":\"SearchAction\",\"target\":{\"@type\":\"EntryPoint\",\"urlTemplate\":\"https:\/\/sales-ai-agents.com\/?s={search_term_string}\"},\"query-input\":{\"@type\":\"PropertyValueSpecification\",\"valueRequired\":true,\"valueName\":\"search_term_string\"}}],\"inLanguage\":\"de-DE\"},{\"@type\":\"Organization\",\"@id\":\"https:\/\/sales-ai-agents.com\/#organization\",\"name\":\"FuseBase\",\"url\":\"https:\/\/sales-ai-agents.com\/\",\"logo\":{\"@type\":\"ImageObject\",\"inLanguage\":\"de-DE\",\"@id\":\"https:\/\/sales-ai-agents.com\/#\/schema\/logo\/image\/\",\"url\":\"https:\/\/sales-ai-agents.com\/wp-content\/uploads\/2023\/11\/icon-7.svg\",\"contentUrl\":\"https:\/\/sales-ai-agents.com\/wp-content\/uploads\/2023\/11\/icon-7.svg\",\"width\":128,\"height\":128,\"caption\":\"FuseBase\"},\"image\":{\"@id\":\"https:\/\/sales-ai-agents.com\/#\/schema\/logo\/image\/\"}}]}<\/script>\n<!-- \/ Yoast SEO plugin. -->","yoast_head_json":{"title":"Kreativer Auftrag Vorlage - Sales AI Agents","description":"Die Nimbus-Vorlage geht \u00fcber den reinen Text hinaus und inspiriert Ihre Kreativit\u00e4t. Verstehen Sie die Bed\u00fcrfnisse des Kunden anhand von Bildern, Referenzen, Farbpaletten und mehr.","robots":{"index":"index","follow":"follow","max-snippet":"max-snippet:-1","max-image-preview":"max-image-preview:large","max-video-preview":"max-video-preview:-1"},"canonical":"https:\/\/sales-ai-agents.com\/de\/templates\/creative-brief\/","og_locale":"de_DE","og_type":"article","og_title":"Kreativer Auftrag Vorlage - Sales AI Agents","og_description":"Die Nimbus-Vorlage geht \u00fcber den reinen Text hinaus und inspiriert Ihre Kreativit\u00e4t. Verstehen Sie die Bed\u00fcrfnisse des Kunden anhand von Bildern, Referenzen, Farbpaletten und mehr.","og_url":"https:\/\/sales-ai-agents.com\/de\/templates\/creative-brief\/","og_site_name":"Sales AI Agents","article_modified_time":"2023-09-21T20:45:02+00:00","og_image":[{"width":1700,"height":1100,"url":"https:\/\/sales-ai-agents.com\/wp-content\/uploads\/2023\/04\/Creative-Brief-Template.png","type":"image\/png"}],"twitter_card":"summary_large_image","schema":{"@context":"https:\/\/schema.org","@graph":[{"@type":"WebPage","@id":"https:\/\/sales-ai-agents.com\/de\/templates\/creative-brief\/","url":"https:\/\/sales-ai-agents.com\/de\/templates\/creative-brief\/","name":"Kreativer Auftrag Vorlage - Sales AI Agents","isPartOf":{"@id":"https:\/\/sales-ai-agents.com\/#website"},"primaryImageOfPage":{"@id":"https:\/\/sales-ai-agents.com\/de\/templates\/creative-brief\/#primaryimage"},"image":{"@id":"https:\/\/sales-ai-agents.com\/de\/templates\/creative-brief\/#primaryimage"},"thumbnailUrl":"https:\/\/sales-ai-agents.com\/wp-content\/uploads\/2023\/04\/Creative-Brief-Template.png","datePublished":"2023-04-05T09:47:35+00:00","dateModified":"2023-09-21T20:45:02+00:00","description":"Die Nimbus-Vorlage geht \u00fcber den reinen Text hinaus und inspiriert Ihre Kreativit\u00e4t. Verstehen Sie die Bed\u00fcrfnisse des Kunden anhand von Bildern, Referenzen, Farbpaletten und mehr.","inLanguage":"de-DE","potentialAction":[{"@type":"ReadAction","target":["https:\/\/sales-ai-agents.com\/de\/templates\/creative-brief\/"]}]},{"@type":"ImageObject","inLanguage":"de-DE","@id":"https:\/\/sales-ai-agents.com\/de\/templates\/creative-brief\/#primaryimage","url":"https:\/\/sales-ai-agents.com\/wp-content\/uploads\/2023\/04\/Creative-Brief-Template.png","contentUrl":"https:\/\/sales-ai-agents.com\/wp-content\/uploads\/2023\/04\/Creative-Brief-Template.png","width":1700,"height":1100,"caption":"This template is a questionnaire the design team sends to a client before starting their project."},{"@type":"WebSite","@id":"https:\/\/sales-ai-agents.com\/#website","url":"https:\/\/sales-ai-agents.com\/","name":"FuseBase","description":"Nimbus Platform - Free Online Collaboration Software for Remote Teams. Build your wikis, client portals and more with the Nimbus Platform collaboration tool ? A perfect space for online work","publisher":{"@id":"https:\/\/sales-ai-agents.com\/#organization"},"potentialAction":[{"@type":"SearchAction","target":{"@type":"EntryPoint","urlTemplate":"https:\/\/sales-ai-agents.com\/?s={search_term_string}"},"query-input":{"@type":"PropertyValueSpecification","valueRequired":true,"valueName":"search_term_string"}}],"inLanguage":"de-DE"},{"@type":"Organization","@id":"https:\/\/sales-ai-agents.com\/#organization","name":"FuseBase","url":"https:\/\/sales-ai-agents.com\/","logo":{"@type":"ImageObject","inLanguage":"de-DE","@id":"https:\/\/sales-ai-agents.com\/#\/schema\/logo\/image\/","url":"https:\/\/sales-ai-agents.com\/wp-content\/uploads\/2023\/11\/icon-7.svg","contentUrl":"https:\/\/sales-ai-agents.com\/wp-content\/uploads\/2023\/11\/icon-7.svg","width":128,"height":128,"caption":"FuseBase"},"image":{"@id":"https:\/\/sales-ai-agents.com\/#\/schema\/logo\/image\/"}}]}},"_links":{"self":[{"href":"https:\/\/sales-ai-agents.com\/de\/wp-json\/wp\/v2\/product\/55362","targetHints":{"allow":["GET"]}}],"collection":[{"href":"https:\/\/sales-ai-agents.com\/de\/wp-json\/wp\/v2\/product"}],"about":[{"href":"https:\/\/sales-ai-agents.com\/de\/wp-json\/wp\/v2\/types\/product"}],"wp:featuredmedia":[{"embeddable":true,"href":"https:\/\/sales-ai-agents.com\/de\/wp-json\/wp\/v2\/media\/36639"}],"wp:attachment":[{"href":"https:\/\/sales-ai-agents.com\/de\/wp-json\/wp\/v2\/media?parent=55362"}],"wp:term":[{"taxonomy":"product_brand","embeddable":true,"href":"https:\/\/sales-ai-agents.com\/de\/wp-json\/wp\/v2\/product_brand?post=55362"},{"taxonomy":"product_cat","embeddable":true,"href":"https:\/\/sales-ai-agents.com\/de\/wp-json\/wp\/v2\/product_cat?post=55362"},{"taxonomy":"product_tag","embeddable":true,"href":"https:\/\/sales-ai-agents.com\/de\/wp-json\/wp\/v2\/product_tag?post=55362"}],"curies":[{"name":"wp","href":"https:\/\/api.w.org\/{rel}","templated":true}]}}