{"id":55366,"date":"2023-04-04T13:53:49","date_gmt":"2023-04-04T13:53:49","guid":{"rendered":"https:\/\/sales-ai-agents.com\/templates\/risk-register\/"},"modified":"2023-09-21T20:54:05","modified_gmt":"2023-09-21T20:54:05","slug":"risk-register","status":"publish","type":"product","link":"https:\/\/sales-ai-agents.com\/de\/templates\/risk-register\/","title":{"rendered":"Risikoregister"},"content":{"rendered":"<h2>Vorlage f\u00fcr ein Risikoregister<\/h2>\n<p>Die Vorlage f\u00fcr das Risikoregister dient dem Team als Wissensbasis f\u00fcr die Probleml\u00f6sung. Beschreiben Sie L\u00f6sungen f\u00fcr Betriebsfehler und schulen Sie neue Programmierer darin. Die Kenntnis der Reputationsrisiken ist bei der Kommunikation mit den Kunden von Vorteil. Ber\u00fccksichtigen Sie wirtschaftliche Risiken und entwickeln Sie eine langfristige Strategie. Jetzt, wo alle Risiken an einem Ort sind, haben Sie die Kontrolle!<\/p>\n<h5><\/h5>\n<h5 id=\"b208071222_788\" class=\"nedit-heading editable-text paragraph indent-0 allow-dragging focused-block selected-block selected-block-wrapper\">Wie zu verwenden:<\/h5>\n<p class=\"nedit-heading editable-text paragraph indent-0 allow-dragging focused-block selected-block selected-block-wrapper\"><strong>Hauptseite<\/strong><\/p>\n<ul id=\"b208071222_823\" class=\"editor-list number-template-decimal-all\">\n<li id=\"b208071222_829\" class=\"list-item-bullet editable-text list-item indent-0 selected-block selected-block-wrapper\">ID: F\u00fcgen Sie eine Aufgabennummer oder einen Link aus Ihrem Tracking-System hinzu;<\/li>\n<li id=\"b208071222_960\" class=\"list-item-bullet editable-text list-item indent-0 selected-block selected-block-wrapper\">Name: Geben Sie dem Risiko einen Arbeitstitel;<\/li>\n<li id=\"b208071222_1009\" class=\"list-item-bullet editable-text list-item indent-0 selected-block selected-block-wrapper\">Kategorie: Bestimmen Sie die Art des Risikos aus einer vorgefertigten Auswahl oder f\u00fcgen Sie Ihre eigene hinzu;<\/li>\n<li id=\"b208071222_1104\" class=\"list-item-bullet editable-text list-item indent-0 selected-block selected-block-wrapper\">Beschreibung: Beschreiben Sie kurz das Risiko;<\/li>\n<li id=\"b208071222_1154\" class=\"list-item-bullet editable-text list-item indent-0 selected-block selected-block-wrapper\">Wahrscheinlichkeit, Auswirkung, H\u00f6he: Bewerten Sie das Risiko als gering, mittel oder hoch (f\u00fcr Wahrscheinlichkeit und Auswirkung). Die Spalte &#8222;Stufe&#8220; fasst sie zusammen: Wenn die Kennzeichnungen &#8222;niedrig&#8220; und &#8222;hoch&#8220; lauten, hat das Risiko eine mittlere Stufe; &#8222;hoch&#8220; und &#8222;mittel&#8220; entsprechen einer hohen Stufe;<\/li>\n<li id=\"b208071222_1388\" class=\"list-item-bullet editable-text list-item indent-0 selected-block selected-block-wrapper\">Risikoverantwortlicher: Erw\u00e4hnung eines Kollegen, der f\u00fcr die Suche nach einer L\u00f6sung zust\u00e4ndig ist;<\/li>\n<li id=\"b208071222_1469\" class=\"list-item-bullet editable-text list-item indent-0 selected-block selected-block-wrapper\">Status: Kennzeichnen Sie das Risiko als relevant (offen) oder nicht relevant (geschlossen);<\/li>\n<li id=\"b208071222_1537\" class=\"list-item-bullet editable-text list-item indent-0 selected-block selected-block-wrapper\">Datum des Auftretens: Geben Sie das Datum an, an dem das Risiko zur Sprache gebracht wurde;<\/li>\n<li id=\"b208071222_1596\" class=\"list-item-bullet editable-text list-item indent-0 selected-block selected-block-wrapper\">Anmerkungen: Erl\u00e4utern Sie die L\u00f6sung oder f\u00fcgen Sie zugeh\u00f6rige Dateien bei.<\/li>\n<\/ul>\n<p>&nbsp;<\/p>\n<p><strong>Notfallplan<\/strong><\/p>\n<p>&nbsp;<\/p>\n<p id=\"b208071222_1698\" class=\"editable-text paragraph indent-0 selected-block selected-block-wrapper\">Erstellen Sie f\u00fcr jedes entstehende Risiko eine Aufgabenliste:<\/p>\n<ul id=\"b208071222_1747\" class=\"editor-list number-template-decimal-all\">\n<li id=\"b208071222_1753\" class=\"list-item-bullet editable-text list-item indent-0 selected-block selected-block-wrapper\">Identifizieren Sie die verantwortlichen Parteien;<\/li>\n<li id=\"b208071222_1793\" class=\"list-item-bullet editable-text list-item indent-0 selected-block selected-block-wrapper\">Legen Sie Priorit\u00e4ten fest;<\/li>\n<li id=\"b208071222_1825\" class=\"list-item-bullet editable-text list-item indent-0 selected-block selected-block-wrapper\">Setzen Sie Fristen.<\/li>\n<\/ul>\n","protected":false},"excerpt":{"rendered":"<p>Kein Unternehmen kann Fehler vermeiden. Die Vorlage f\u00fcr das Risikoregister hilft jedoch dabei, sie schnell und effektiv anzugehen. Erfassen Sie aufkommende Risiken, stellen Sie Aufgaben f\u00fcr das Team und bieten Sie L\u00f6sungen in Form von Dokumenten an.<\/p>\n","protected":false},"featured_media":36576,"template":"","meta":{"_acf_changed":false,"inline_featured_image":false},"product_brand":[],"product_cat":[186,187],"product_tag":[],"class_list":{"0":"post-55366","1":"product","2":"type-product","3":"status-publish","4":"has-post-thumbnail","6":"product_cat-product","7":"product_cat-product-documents","9":"first","10":"instock","11":"shipping-taxable","12":"product-type-simple"},"acf":[],"yoast_head":"<!-- This site is optimized with the Yoast SEO plugin v25.3.1 - https:\/\/yoast.com\/wordpress\/plugins\/seo\/ -->\n<title>Risikoregister Vorlage - Sales AI Agents<\/title>\n<meta name=\"description\" content=\"Verwalten Sie Gesch\u00e4ftsrisiken effektiv mit der Nimbus-Vorlage! Erkennen Sie aufkommende Risiken, weisen Sie dem Team problemlos Aufgaben zu und stellen Sie L\u00f6sungen in Form von Dokumenten bereit.\" \/>\n<meta name=\"robots\" content=\"index, follow, max-snippet:-1, max-image-preview:large, max-video-preview:-1\" \/>\n<link rel=\"canonical\" href=\"https:\/\/sales-ai-agents.com\/de\/templates\/risk-register\/\" \/>\n<meta property=\"og:locale\" content=\"de_DE\" \/>\n<meta property=\"og:type\" content=\"article\" \/>\n<meta property=\"og:title\" content=\"Risikoregister Vorlage - Sales AI Agents\" \/>\n<meta property=\"og:description\" content=\"Verwalten Sie Gesch\u00e4ftsrisiken effektiv mit der Nimbus-Vorlage! Erkennen Sie aufkommende Risiken, weisen Sie dem Team problemlos Aufgaben zu und stellen Sie L\u00f6sungen in Form von Dokumenten bereit.\" \/>\n<meta property=\"og:url\" content=\"https:\/\/sales-ai-agents.com\/de\/templates\/risk-register\/\" \/>\n<meta property=\"og:site_name\" content=\"Sales AI Agents\" \/>\n<meta property=\"article:modified_time\" content=\"2023-09-21T20:54:05+00:00\" \/>\n<meta property=\"og:image\" content=\"https:\/\/sales-ai-agents.com\/wp-content\/uploads\/2023\/04\/Risk-Register-Template.png\" \/>\n\t<meta property=\"og:image:width\" content=\"1700\" \/>\n\t<meta property=\"og:image:height\" content=\"1100\" \/>\n\t<meta property=\"og:image:type\" content=\"image\/png\" \/>\n<meta name=\"twitter:card\" content=\"summary_large_image\" \/>\n<script type=\"application\/ld+json\" class=\"yoast-schema-graph\">{\"@context\":\"https:\/\/schema.org\",\"@graph\":[{\"@type\":\"WebPage\",\"@id\":\"https:\/\/sales-ai-agents.com\/de\/templates\/risk-register\/\",\"url\":\"https:\/\/sales-ai-agents.com\/de\/templates\/risk-register\/\",\"name\":\"Risikoregister Vorlage - Sales AI Agents\",\"isPartOf\":{\"@id\":\"https:\/\/sales-ai-agents.com\/#website\"},\"primaryImageOfPage\":{\"@id\":\"https:\/\/sales-ai-agents.com\/de\/templates\/risk-register\/#primaryimage\"},\"image\":{\"@id\":\"https:\/\/sales-ai-agents.com\/de\/templates\/risk-register\/#primaryimage\"},\"thumbnailUrl\":\"https:\/\/sales-ai-agents.com\/wp-content\/uploads\/2023\/04\/Risk-Register-Template.png\",\"datePublished\":\"2023-04-04T13:53:49+00:00\",\"dateModified\":\"2023-09-21T20:54:05+00:00\",\"description\":\"Verwalten Sie Gesch\u00e4ftsrisiken effektiv mit der Nimbus-Vorlage! Erkennen Sie aufkommende Risiken, weisen Sie dem Team problemlos Aufgaben zu und stellen Sie L\u00f6sungen in Form von Dokumenten bereit.\",\"inLanguage\":\"de-DE\",\"potentialAction\":[{\"@type\":\"ReadAction\",\"target\":[\"https:\/\/sales-ai-agents.com\/de\/templates\/risk-register\/\"]}]},{\"@type\":\"ImageObject\",\"inLanguage\":\"de-DE\",\"@id\":\"https:\/\/sales-ai-agents.com\/de\/templates\/risk-register\/#primaryimage\",\"url\":\"https:\/\/sales-ai-agents.com\/wp-content\/uploads\/2023\/04\/Risk-Register-Template.png\",\"contentUrl\":\"https:\/\/sales-ai-agents.com\/wp-content\/uploads\/2023\/04\/Risk-Register-Template.png\",\"width\":1700,\"height\":1100,\"caption\":\"Record emerging risks, set tasks for the team, and provide document solutions with this template.\"},{\"@type\":\"WebSite\",\"@id\":\"https:\/\/sales-ai-agents.com\/#website\",\"url\":\"https:\/\/sales-ai-agents.com\/\",\"name\":\"FuseBase\",\"description\":\"Nimbus Platform - Free Online Collaboration Software for Remote Teams. Build your wikis, client portals and more with the Nimbus Platform collaboration tool ? A perfect space for online work\",\"publisher\":{\"@id\":\"https:\/\/sales-ai-agents.com\/#organization\"},\"potentialAction\":[{\"@type\":\"SearchAction\",\"target\":{\"@type\":\"EntryPoint\",\"urlTemplate\":\"https:\/\/sales-ai-agents.com\/?s={search_term_string}\"},\"query-input\":{\"@type\":\"PropertyValueSpecification\",\"valueRequired\":true,\"valueName\":\"search_term_string\"}}],\"inLanguage\":\"de-DE\"},{\"@type\":\"Organization\",\"@id\":\"https:\/\/sales-ai-agents.com\/#organization\",\"name\":\"FuseBase\",\"url\":\"https:\/\/sales-ai-agents.com\/\",\"logo\":{\"@type\":\"ImageObject\",\"inLanguage\":\"de-DE\",\"@id\":\"https:\/\/sales-ai-agents.com\/#\/schema\/logo\/image\/\",\"url\":\"https:\/\/sales-ai-agents.com\/wp-content\/uploads\/2023\/11\/icon-7.svg\",\"contentUrl\":\"https:\/\/sales-ai-agents.com\/wp-content\/uploads\/2023\/11\/icon-7.svg\",\"width\":128,\"height\":128,\"caption\":\"FuseBase\"},\"image\":{\"@id\":\"https:\/\/sales-ai-agents.com\/#\/schema\/logo\/image\/\"}}]}<\/script>\n<!-- \/ Yoast SEO plugin. -->","yoast_head_json":{"title":"Risikoregister Vorlage - Sales AI Agents","description":"Verwalten Sie Gesch\u00e4ftsrisiken effektiv mit der Nimbus-Vorlage! Erkennen Sie aufkommende Risiken, weisen Sie dem Team problemlos Aufgaben zu und stellen Sie L\u00f6sungen in Form von Dokumenten bereit.","robots":{"index":"index","follow":"follow","max-snippet":"max-snippet:-1","max-image-preview":"max-image-preview:large","max-video-preview":"max-video-preview:-1"},"canonical":"https:\/\/sales-ai-agents.com\/de\/templates\/risk-register\/","og_locale":"de_DE","og_type":"article","og_title":"Risikoregister Vorlage - Sales AI Agents","og_description":"Verwalten Sie Gesch\u00e4ftsrisiken effektiv mit der Nimbus-Vorlage! Erkennen Sie aufkommende Risiken, weisen Sie dem Team problemlos Aufgaben zu und stellen Sie L\u00f6sungen in Form von Dokumenten bereit.","og_url":"https:\/\/sales-ai-agents.com\/de\/templates\/risk-register\/","og_site_name":"Sales AI Agents","article_modified_time":"2023-09-21T20:54:05+00:00","og_image":[{"width":1700,"height":1100,"url":"https:\/\/sales-ai-agents.com\/wp-content\/uploads\/2023\/04\/Risk-Register-Template.png","type":"image\/png"}],"twitter_card":"summary_large_image","schema":{"@context":"https:\/\/schema.org","@graph":[{"@type":"WebPage","@id":"https:\/\/sales-ai-agents.com\/de\/templates\/risk-register\/","url":"https:\/\/sales-ai-agents.com\/de\/templates\/risk-register\/","name":"Risikoregister Vorlage - Sales AI Agents","isPartOf":{"@id":"https:\/\/sales-ai-agents.com\/#website"},"primaryImageOfPage":{"@id":"https:\/\/sales-ai-agents.com\/de\/templates\/risk-register\/#primaryimage"},"image":{"@id":"https:\/\/sales-ai-agents.com\/de\/templates\/risk-register\/#primaryimage"},"thumbnailUrl":"https:\/\/sales-ai-agents.com\/wp-content\/uploads\/2023\/04\/Risk-Register-Template.png","datePublished":"2023-04-04T13:53:49+00:00","dateModified":"2023-09-21T20:54:05+00:00","description":"Verwalten Sie Gesch\u00e4ftsrisiken effektiv mit der Nimbus-Vorlage! Erkennen Sie aufkommende Risiken, weisen Sie dem Team problemlos Aufgaben zu und stellen Sie L\u00f6sungen in Form von Dokumenten bereit.","inLanguage":"de-DE","potentialAction":[{"@type":"ReadAction","target":["https:\/\/sales-ai-agents.com\/de\/templates\/risk-register\/"]}]},{"@type":"ImageObject","inLanguage":"de-DE","@id":"https:\/\/sales-ai-agents.com\/de\/templates\/risk-register\/#primaryimage","url":"https:\/\/sales-ai-agents.com\/wp-content\/uploads\/2023\/04\/Risk-Register-Template.png","contentUrl":"https:\/\/sales-ai-agents.com\/wp-content\/uploads\/2023\/04\/Risk-Register-Template.png","width":1700,"height":1100,"caption":"Record emerging risks, set tasks for the team, and provide document solutions with this template."},{"@type":"WebSite","@id":"https:\/\/sales-ai-agents.com\/#website","url":"https:\/\/sales-ai-agents.com\/","name":"FuseBase","description":"Nimbus Platform - Free Online Collaboration Software for Remote Teams. Build your wikis, client portals and more with the Nimbus Platform collaboration tool ? A perfect space for online work","publisher":{"@id":"https:\/\/sales-ai-agents.com\/#organization"},"potentialAction":[{"@type":"SearchAction","target":{"@type":"EntryPoint","urlTemplate":"https:\/\/sales-ai-agents.com\/?s={search_term_string}"},"query-input":{"@type":"PropertyValueSpecification","valueRequired":true,"valueName":"search_term_string"}}],"inLanguage":"de-DE"},{"@type":"Organization","@id":"https:\/\/sales-ai-agents.com\/#organization","name":"FuseBase","url":"https:\/\/sales-ai-agents.com\/","logo":{"@type":"ImageObject","inLanguage":"de-DE","@id":"https:\/\/sales-ai-agents.com\/#\/schema\/logo\/image\/","url":"https:\/\/sales-ai-agents.com\/wp-content\/uploads\/2023\/11\/icon-7.svg","contentUrl":"https:\/\/sales-ai-agents.com\/wp-content\/uploads\/2023\/11\/icon-7.svg","width":128,"height":128,"caption":"FuseBase"},"image":{"@id":"https:\/\/sales-ai-agents.com\/#\/schema\/logo\/image\/"}}]}},"_links":{"self":[{"href":"https:\/\/sales-ai-agents.com\/de\/wp-json\/wp\/v2\/product\/55366","targetHints":{"allow":["GET"]}}],"collection":[{"href":"https:\/\/sales-ai-agents.com\/de\/wp-json\/wp\/v2\/product"}],"about":[{"href":"https:\/\/sales-ai-agents.com\/de\/wp-json\/wp\/v2\/types\/product"}],"wp:featuredmedia":[{"embeddable":true,"href":"https:\/\/sales-ai-agents.com\/de\/wp-json\/wp\/v2\/media\/36576"}],"wp:attachment":[{"href":"https:\/\/sales-ai-agents.com\/de\/wp-json\/wp\/v2\/media?parent=55366"}],"wp:term":[{"taxonomy":"product_brand","embeddable":true,"href":"https:\/\/sales-ai-agents.com\/de\/wp-json\/wp\/v2\/product_brand?post=55366"},{"taxonomy":"product_cat","embeddable":true,"href":"https:\/\/sales-ai-agents.com\/de\/wp-json\/wp\/v2\/product_cat?post=55366"},{"taxonomy":"product_tag","embeddable":true,"href":"https:\/\/sales-ai-agents.com\/de\/wp-json\/wp\/v2\/product_tag?post=55366"}],"curies":[{"name":"wp","href":"https:\/\/api.w.org\/{rel}","templated":true}]}}