{"id":55371,"date":"2023-02-10T14:19:24","date_gmt":"2023-02-10T14:19:24","guid":{"rendered":"https:\/\/sales-ai-agents.com\/templates\/client-brief\/"},"modified":"2023-09-21T21:02:10","modified_gmt":"2023-09-21T21:02:10","slug":"client-brief","status":"publish","type":"product","link":"https:\/\/sales-ai-agents.com\/de\/templates\/client-brief\/","title":{"rendered":"Kundenbrief"},"content":{"rendered":"<h2>Briefvorlage f\u00fcr Kunden<\/h2>\n<p>Die Vorlage f\u00fcr den Kundenbrief ist ein Dokument, das der Kunde zu Beginn der Zusammenarbeit ausf\u00fcllt und in dem alle Projektdetails gekl\u00e4rt werden. Wer selbst einen Schriftsatz verfassen muss, braucht sich keine Gedanken mehr \u00fcber Fragen zu machen: Alles ist bereits f\u00fcr Sie vorbereitet! Diejenigen, die neue Wege zur Pr\u00e4sentation ihrer Schrifts\u00e4tze suchen, m\u00fcssen keine Zeit auf das Design verwenden. Diese Nimbus-Vorlage ist professionell strukturiert und formatiert.<\/p>\n<h5><\/h5>\n<h5>Wie zu verwenden:<\/h5>\n<ul>\n<li id=\"b208071222_2650\" class=\"list-item-bullet editable-text list-item indent-0 selected-block selected-block-wrapper focused-block allow-dragging\"><strong>Name des Unternehmens<\/strong><br class=\"separator\" \/>Einfach anfangen \ud83d\ude09<\/li>\n<li id=\"b208071222_2689\" class=\"list-item-bullet editable-text list-item indent-0 selected-block selected-block-wrapper\"><strong>Hintergrund des Kunden<\/strong><br class=\"separator\" \/>Dazu geh\u00f6rt eine kurze Beschreibung des Unternehmens des Kunden: was es produziert und wie es erfolgreich ist.<br class=\"separator\" \/>Au\u00dferdem gibt es eine Tabelle mit Links zur Website des Unternehmens, zu Konten in sozialen Medien und auf Bewertungsportalen sowie zu anderen Plattformen, die hilfreich sein k\u00f6nnen.<br class=\"separator\" \/>Als N\u00e4chstes sollte der Kunde die Felder Mission und Werte ausf\u00fcllen, um eine bessere Vorstellung vom Projektziel zu bekommen: warum sein Unternehmen existiert und wie es hofft, das Leben der Kunden zu verbessern.<\/li>\n<li id=\"b208071222_3081\" class=\"list-item-bullet editable-text list-item indent-0 selected-block selected-block-wrapper\"><strong>\u00dcberblick \u00fcber das Projekt<\/strong><br class=\"separator\" \/>Tragen Sie alle Kundenw\u00fcnsche, die Sie erf\u00fcllen k\u00f6nnen, in diese Tabelle ein.<br class=\"separator\" \/>Der Kunde sollte die Priorit\u00e4t der vorgeschlagenen Optionen bestimmen und ggf. zus\u00e4tzliche Kommentare abgeben.<\/li>\n<li id=\"b208071222_3270\" class=\"list-item-bullet editable-text list-item indent-0 selected-block selected-block-wrapper\"><strong>Zielpublikum<\/strong><br class=\"separator\" \/>F\u00fcgen Sie Merkmale hinzu, anhand derer Ihr Kunde die Zielgruppe f\u00fcr die Arbeit an dem Projekt identifizieren kann.<\/li>\n<li id=\"b208071222_3409\" class=\"list-item-bullet editable-text list-item indent-0 selected-block selected-block-wrapper\"><strong>Wettbewerber<\/strong><br class=\"separator\" \/>Der Kunde sollte die Merkmale und Dienstleistungen seines Unternehmens mit denen seiner Konkurrenten vergleichen.<\/li>\n<li id=\"b208071222_3528\" class=\"list-item-bullet editable-text list-item indent-0 selected-block selected-block-wrapper\"><strong>Problem und L\u00f6sung<\/strong><br class=\"separator\" \/>Bitten Sie den Kunden, das Problem zu benennen, das er mit Ihrer Hilfe l\u00f6sen m\u00f6chte, und was er zu erreichen gedenkt.<\/li>\n<li id=\"b208071222_3629\" class=\"list-item-bullet editable-text list-item indent-0 selected-block selected-block-wrapper\"><strong>Aufruf zum Handeln<\/strong><br class=\"separator\" \/>Erstellen Sie einen Arbeitsplan: Listen Sie die Aufgaben auf, legen Sie Fristen fest und bestimmen Sie die verantwortlichen Personen, die der Kunde in jeder Phase kontaktieren kann.<\/li>\n<li id=\"b208071222_3828\" class=\"list-item-bullet editable-text list-item indent-0 selected-block selected-block-wrapper\"><strong>Mehr<\/strong><br class=\"separator\" \/>Lassen Sie dem Kunden Raum f\u00fcr Fragen und Erkl\u00e4rungen.<\/li>\n<\/ul>\n<p>&nbsp;<\/p>\n<p><em>Sie k\u00f6nnen eine Beispielvorlage herunterladen. Sie k\u00f6nnen die Vorlage leicht an Ihre Bed\u00fcrfnisse anpassen, damit sie optimal funktioniert.<\/em><\/p>\n","protected":false},"excerpt":{"rendered":"<p>Machen Sie sich keinen Stress mit der Perfektionierung Ihres Kundenbriefings. Diese leicht weiterzugebende Vorlage enth\u00e4lt alle Details eines anstehenden Projekts.<\/p>\n","protected":false},"featured_media":28112,"template":"","meta":{"_acf_changed":false,"inline_featured_image":false},"product_brand":[],"product_cat":[174,193,194],"product_tag":[166],"class_list":{"0":"post-55371","1":"product","2":"type-product","3":"status-publish","4":"has-post-thumbnail","6":"product_cat-marketing-clients","7":"product_cat-sales","8":"product_cat-sales-account","9":"product_tag-hit","10":"collections-client","12":"first","13":"instock","14":"shipping-taxable","15":"product-type-simple"},"acf":[],"yoast_head":"<!-- This site is optimized with the Yoast SEO plugin v25.3.1 - https:\/\/yoast.com\/wordpress\/plugins\/seo\/ -->\n<title>Kundenbrief - Sales AI Agents<\/title>\n<meta name=\"description\" content=\"Machen Sie sich keine Sorgen, dass Sie vergessen k\u00f6nnten, etwas zu kl\u00e4ren, was das Kundenprojekt betrifft. Mit der Client Brief Vorlage ist jedes Detail f\u00fcr Sie durchdacht!\" \/>\n<meta name=\"robots\" content=\"index, follow, max-snippet:-1, max-image-preview:large, max-video-preview:-1\" \/>\n<link rel=\"canonical\" href=\"https:\/\/sales-ai-agents.com\/de\/templates\/client-brief\/\" \/>\n<meta property=\"og:locale\" content=\"de_DE\" \/>\n<meta property=\"og:type\" content=\"article\" \/>\n<meta property=\"og:title\" content=\"Kundenbrief - Sales AI Agents\" \/>\n<meta property=\"og:description\" content=\"Machen Sie sich keine Sorgen, dass Sie vergessen k\u00f6nnten, etwas zu kl\u00e4ren, was das Kundenprojekt betrifft. Mit der Client Brief Vorlage ist jedes Detail f\u00fcr Sie durchdacht!\" \/>\n<meta property=\"og:url\" content=\"https:\/\/sales-ai-agents.com\/de\/templates\/client-brief\/\" \/>\n<meta property=\"og:site_name\" content=\"Sales AI Agents\" \/>\n<meta property=\"article:modified_time\" content=\"2023-09-21T21:02:10+00:00\" \/>\n<meta property=\"og:image\" content=\"https:\/\/sales-ai-agents.com\/wp-content\/uploads\/2023\/02\/Client-Brief-Template.png\" \/>\n\t<meta property=\"og:image:width\" content=\"1700\" \/>\n\t<meta property=\"og:image:height\" content=\"1100\" \/>\n\t<meta property=\"og:image:type\" content=\"image\/png\" \/>\n<meta name=\"twitter:card\" content=\"summary_large_image\" \/>\n<script type=\"application\/ld+json\" class=\"yoast-schema-graph\">{\"@context\":\"https:\/\/schema.org\",\"@graph\":[{\"@type\":\"WebPage\",\"@id\":\"https:\/\/sales-ai-agents.com\/de\/templates\/client-brief\/\",\"url\":\"https:\/\/sales-ai-agents.com\/de\/templates\/client-brief\/\",\"name\":\"Kundenbrief - Sales AI Agents\",\"isPartOf\":{\"@id\":\"https:\/\/sales-ai-agents.com\/#website\"},\"primaryImageOfPage\":{\"@id\":\"https:\/\/sales-ai-agents.com\/de\/templates\/client-brief\/#primaryimage\"},\"image\":{\"@id\":\"https:\/\/sales-ai-agents.com\/de\/templates\/client-brief\/#primaryimage\"},\"thumbnailUrl\":\"https:\/\/sales-ai-agents.com\/wp-content\/uploads\/2023\/02\/Client-Brief-Template.png\",\"datePublished\":\"2023-02-10T14:19:24+00:00\",\"dateModified\":\"2023-09-21T21:02:10+00:00\",\"description\":\"Machen Sie sich keine Sorgen, dass Sie vergessen k\u00f6nnten, etwas zu kl\u00e4ren, was das Kundenprojekt betrifft. Mit der Client Brief Vorlage ist jedes Detail f\u00fcr Sie durchdacht!\",\"inLanguage\":\"de-DE\",\"potentialAction\":[{\"@type\":\"ReadAction\",\"target\":[\"https:\/\/sales-ai-agents.com\/de\/templates\/client-brief\/\"]}]},{\"@type\":\"ImageObject\",\"inLanguage\":\"de-DE\",\"@id\":\"https:\/\/sales-ai-agents.com\/de\/templates\/client-brief\/#primaryimage\",\"url\":\"https:\/\/sales-ai-agents.com\/wp-content\/uploads\/2023\/02\/Client-Brief-Template.png\",\"contentUrl\":\"https:\/\/sales-ai-agents.com\/wp-content\/uploads\/2023\/02\/Client-Brief-Template.png\",\"width\":1700,\"height\":1100,\"caption\":\"Don't worry about forgetting to clarify anything concerning the client project with\"},{\"@type\":\"WebSite\",\"@id\":\"https:\/\/sales-ai-agents.com\/#website\",\"url\":\"https:\/\/sales-ai-agents.com\/\",\"name\":\"FuseBase\",\"description\":\"Nimbus Platform - Free Online Collaboration Software for Remote Teams. Build your wikis, client portals and more with the Nimbus Platform collaboration tool ? A perfect space for online work\",\"publisher\":{\"@id\":\"https:\/\/sales-ai-agents.com\/#organization\"},\"potentialAction\":[{\"@type\":\"SearchAction\",\"target\":{\"@type\":\"EntryPoint\",\"urlTemplate\":\"https:\/\/sales-ai-agents.com\/?s={search_term_string}\"},\"query-input\":{\"@type\":\"PropertyValueSpecification\",\"valueRequired\":true,\"valueName\":\"search_term_string\"}}],\"inLanguage\":\"de-DE\"},{\"@type\":\"Organization\",\"@id\":\"https:\/\/sales-ai-agents.com\/#organization\",\"name\":\"FuseBase\",\"url\":\"https:\/\/sales-ai-agents.com\/\",\"logo\":{\"@type\":\"ImageObject\",\"inLanguage\":\"de-DE\",\"@id\":\"https:\/\/sales-ai-agents.com\/#\/schema\/logo\/image\/\",\"url\":\"https:\/\/sales-ai-agents.com\/wp-content\/uploads\/2023\/11\/icon-7.svg\",\"contentUrl\":\"https:\/\/sales-ai-agents.com\/wp-content\/uploads\/2023\/11\/icon-7.svg\",\"width\":128,\"height\":128,\"caption\":\"FuseBase\"},\"image\":{\"@id\":\"https:\/\/sales-ai-agents.com\/#\/schema\/logo\/image\/\"}}]}<\/script>\n<!-- \/ Yoast SEO plugin. -->","yoast_head_json":{"title":"Kundenbrief - Sales AI Agents","description":"Machen Sie sich keine Sorgen, dass Sie vergessen k\u00f6nnten, etwas zu kl\u00e4ren, was das Kundenprojekt betrifft. Mit der Client Brief Vorlage ist jedes Detail f\u00fcr Sie durchdacht!","robots":{"index":"index","follow":"follow","max-snippet":"max-snippet:-1","max-image-preview":"max-image-preview:large","max-video-preview":"max-video-preview:-1"},"canonical":"https:\/\/sales-ai-agents.com\/de\/templates\/client-brief\/","og_locale":"de_DE","og_type":"article","og_title":"Kundenbrief - Sales AI Agents","og_description":"Machen Sie sich keine Sorgen, dass Sie vergessen k\u00f6nnten, etwas zu kl\u00e4ren, was das Kundenprojekt betrifft. Mit der Client Brief Vorlage ist jedes Detail f\u00fcr Sie durchdacht!","og_url":"https:\/\/sales-ai-agents.com\/de\/templates\/client-brief\/","og_site_name":"Sales AI Agents","article_modified_time":"2023-09-21T21:02:10+00:00","og_image":[{"width":1700,"height":1100,"url":"https:\/\/sales-ai-agents.com\/wp-content\/uploads\/2023\/02\/Client-Brief-Template.png","type":"image\/png"}],"twitter_card":"summary_large_image","schema":{"@context":"https:\/\/schema.org","@graph":[{"@type":"WebPage","@id":"https:\/\/sales-ai-agents.com\/de\/templates\/client-brief\/","url":"https:\/\/sales-ai-agents.com\/de\/templates\/client-brief\/","name":"Kundenbrief - Sales AI Agents","isPartOf":{"@id":"https:\/\/sales-ai-agents.com\/#website"},"primaryImageOfPage":{"@id":"https:\/\/sales-ai-agents.com\/de\/templates\/client-brief\/#primaryimage"},"image":{"@id":"https:\/\/sales-ai-agents.com\/de\/templates\/client-brief\/#primaryimage"},"thumbnailUrl":"https:\/\/sales-ai-agents.com\/wp-content\/uploads\/2023\/02\/Client-Brief-Template.png","datePublished":"2023-02-10T14:19:24+00:00","dateModified":"2023-09-21T21:02:10+00:00","description":"Machen Sie sich keine Sorgen, dass Sie vergessen k\u00f6nnten, etwas zu kl\u00e4ren, was das Kundenprojekt betrifft. Mit der Client Brief Vorlage ist jedes Detail f\u00fcr Sie durchdacht!","inLanguage":"de-DE","potentialAction":[{"@type":"ReadAction","target":["https:\/\/sales-ai-agents.com\/de\/templates\/client-brief\/"]}]},{"@type":"ImageObject","inLanguage":"de-DE","@id":"https:\/\/sales-ai-agents.com\/de\/templates\/client-brief\/#primaryimage","url":"https:\/\/sales-ai-agents.com\/wp-content\/uploads\/2023\/02\/Client-Brief-Template.png","contentUrl":"https:\/\/sales-ai-agents.com\/wp-content\/uploads\/2023\/02\/Client-Brief-Template.png","width":1700,"height":1100,"caption":"Don't worry about forgetting to clarify anything concerning the client project with"},{"@type":"WebSite","@id":"https:\/\/sales-ai-agents.com\/#website","url":"https:\/\/sales-ai-agents.com\/","name":"FuseBase","description":"Nimbus Platform - Free Online Collaboration Software for Remote Teams. Build your wikis, client portals and more with the Nimbus Platform collaboration tool ? A perfect space for online work","publisher":{"@id":"https:\/\/sales-ai-agents.com\/#organization"},"potentialAction":[{"@type":"SearchAction","target":{"@type":"EntryPoint","urlTemplate":"https:\/\/sales-ai-agents.com\/?s={search_term_string}"},"query-input":{"@type":"PropertyValueSpecification","valueRequired":true,"valueName":"search_term_string"}}],"inLanguage":"de-DE"},{"@type":"Organization","@id":"https:\/\/sales-ai-agents.com\/#organization","name":"FuseBase","url":"https:\/\/sales-ai-agents.com\/","logo":{"@type":"ImageObject","inLanguage":"de-DE","@id":"https:\/\/sales-ai-agents.com\/#\/schema\/logo\/image\/","url":"https:\/\/sales-ai-agents.com\/wp-content\/uploads\/2023\/11\/icon-7.svg","contentUrl":"https:\/\/sales-ai-agents.com\/wp-content\/uploads\/2023\/11\/icon-7.svg","width":128,"height":128,"caption":"FuseBase"},"image":{"@id":"https:\/\/sales-ai-agents.com\/#\/schema\/logo\/image\/"}}]}},"_links":{"self":[{"href":"https:\/\/sales-ai-agents.com\/de\/wp-json\/wp\/v2\/product\/55371","targetHints":{"allow":["GET"]}}],"collection":[{"href":"https:\/\/sales-ai-agents.com\/de\/wp-json\/wp\/v2\/product"}],"about":[{"href":"https:\/\/sales-ai-agents.com\/de\/wp-json\/wp\/v2\/types\/product"}],"wp:featuredmedia":[{"embeddable":true,"href":"https:\/\/sales-ai-agents.com\/de\/wp-json\/wp\/v2\/media\/28112"}],"wp:attachment":[{"href":"https:\/\/sales-ai-agents.com\/de\/wp-json\/wp\/v2\/media?parent=55371"}],"wp:term":[{"taxonomy":"product_brand","embeddable":true,"href":"https:\/\/sales-ai-agents.com\/de\/wp-json\/wp\/v2\/product_brand?post=55371"},{"taxonomy":"product_cat","embeddable":true,"href":"https:\/\/sales-ai-agents.com\/de\/wp-json\/wp\/v2\/product_cat?post=55371"},{"taxonomy":"product_tag","embeddable":true,"href":"https:\/\/sales-ai-agents.com\/de\/wp-json\/wp\/v2\/product_tag?post=55371"}],"curies":[{"name":"wp","href":"https:\/\/api.w.org\/{rel}","templated":true}]}}