{"id":55378,"date":"2022-09-26T13:36:53","date_gmt":"2022-09-26T13:36:53","guid":{"rendered":"https:\/\/sales-ai-agents.com\/templates\/weekly-meeting-agenda\/"},"modified":"2023-12-26T14:25:04","modified_gmt":"2023-12-26T14:25:04","slug":"weekly-meeting-agenda","status":"publish","type":"product","link":"https:\/\/sales-ai-agents.com\/de\/templates\/weekly-meeting-agenda\/","title":{"rendered":"W\u00f6chentliche Sitzungstermine"},"content":{"rendered":"<h2>W\u00f6chentliche Besprechung Agenda Vorlage<\/h2>\n<p class=\"desc-text\">Die Vorlage f\u00fcr eine w\u00f6chentliche Besprechungsagenda hilft allen Teammitgliedern, sich \u00fcber die aktuellen Ereignisse zu informieren. Diese Vorlage f\u00fcr w\u00f6chentliche Besprechungen kann Ihrem Team helfen, organisiert und konzentriert zu bleiben. Verwenden Sie sie, um eine Tagesordnung zu erstellen und wichtige Themen festzulegen. Arbeiten Sie mit Ihrer Gruppe zusammen, um L\u00f6sungen zu finden. Markieren Sie die Beteiligten, damit jeder wei\u00df, was vor sich geht. Durch gemeinsame Planung k\u00f6nnen Sie Ihre Projekte verwalten und alle Beteiligten auf dem Laufenden halten &#8211; ohne Verwirrung oder Fehlinformationen.<\/p>\n<h5>Wie zu verwenden:<\/h5>\n<ul class=\"desc-item_list\">\n<li class=\"desc-item_list__point\">F\u00fcllen Sie Details \u00fcber das Treffen aus<\/li>\n<li class=\"desc-item_list__point\">Liste der zu diskutierenden Themen<\/li>\n<li class=\"desc-item_list__point\">Mitglieder kennzeichnen und Verantwortlichkeiten zuweisen<\/li>\n<li class=\"desc-item_list__point\">W\u00e4hlen Sie F\u00e4lligkeitsdaten f\u00fcr jede Aufgabe<\/li>\n<li class=\"desc-item_list__point\">Aufl\u00f6sungen auflisten<\/li>\n<li class=\"desc-item_list__point\">Anh\u00e4nge im letzten Feld hochladen<\/li>\n<\/ul>\n","protected":false},"excerpt":{"rendered":"<p>Diese kostenlose Vorlage f\u00fcr w\u00f6chentliche Besprechungen kann Ihrem Team helfen, organisiert und konzentriert zu bleiben. Nutzen Sie sie, um eine Tagesordnung zu erstellen und wichtige Themen f\u00fcr Diskussionen festzulegen.<\/p>\n","protected":false},"featured_media":25211,"template":"","meta":{"_acf_changed":false,"inline_featured_image":false},"product_brand":[],"product_cat":[177,178,191],"product_tag":[],"class_list":{"0":"post-55378","1":"product","2":"type-product","3":"status-publish","4":"has-post-thumbnail","6":"product_cat-meeting","7":"product_cat-operations-hr","8":"product_cat-project-management","9":"for-marketing-sales","11":"first","12":"instock","13":"virtual","14":"sold-individually","15":"product-type-simple"},"acf":[],"yoast_head":"<!-- This site is optimized with the Yoast SEO plugin v25.3.1 - https:\/\/yoast.com\/wordpress\/plugins\/seo\/ -->\n<title>W\u00f6chentliche Meeting-Agenda Vorlage - Sales AI Agents<\/title>\n<meta name=\"description\" content=\"Diese kostenlose Vorlage f\u00fcr w\u00f6chentliche Besprechungen kann Ihrem Team helfen, organisiert und konzentriert zu bleiben. Nutzen Sie sie, um eine Tagesordnung zu erstellen und wichtige Themen f\u00fcr Diskussionen festzulegen!\" \/>\n<meta name=\"robots\" content=\"index, follow, max-snippet:-1, max-image-preview:large, max-video-preview:-1\" \/>\n<link rel=\"canonical\" href=\"https:\/\/sales-ai-agents.com\/de\/templates\/weekly-meeting-agenda\/\" \/>\n<meta property=\"og:locale\" content=\"de_DE\" \/>\n<meta property=\"og:type\" content=\"article\" \/>\n<meta property=\"og:title\" content=\"W\u00f6chentliche Meeting-Agenda Vorlage - Sales AI Agents\" \/>\n<meta property=\"og:description\" content=\"Diese kostenlose Vorlage f\u00fcr w\u00f6chentliche Besprechungen kann Ihrem Team helfen, organisiert und konzentriert zu bleiben. Nutzen Sie sie, um eine Tagesordnung zu erstellen und wichtige Themen f\u00fcr Diskussionen festzulegen!\" \/>\n<meta property=\"og:url\" content=\"https:\/\/sales-ai-agents.com\/de\/templates\/weekly-meeting-agenda\/\" \/>\n<meta property=\"og:site_name\" content=\"Sales AI Agents\" \/>\n<meta property=\"article:modified_time\" content=\"2023-12-26T14:25:04+00:00\" \/>\n<meta property=\"og:image\" content=\"https:\/\/sales-ai-agents.com\/wp-content\/uploads\/2022\/09\/Weekly-Meeting-Agenda-Template.png\" \/>\n\t<meta property=\"og:image:width\" content=\"1700\" \/>\n\t<meta property=\"og:image:height\" content=\"1100\" \/>\n\t<meta property=\"og:image:type\" content=\"image\/png\" \/>\n<meta name=\"twitter:card\" content=\"summary_large_image\" \/>\n<script type=\"application\/ld+json\" class=\"yoast-schema-graph\">{\"@context\":\"https:\/\/schema.org\",\"@graph\":[{\"@type\":\"WebPage\",\"@id\":\"https:\/\/sales-ai-agents.com\/de\/templates\/weekly-meeting-agenda\/\",\"url\":\"https:\/\/sales-ai-agents.com\/de\/templates\/weekly-meeting-agenda\/\",\"name\":\"W\u00f6chentliche Meeting-Agenda Vorlage - Sales AI Agents\",\"isPartOf\":{\"@id\":\"https:\/\/sales-ai-agents.com\/#website\"},\"primaryImageOfPage\":{\"@id\":\"https:\/\/sales-ai-agents.com\/de\/templates\/weekly-meeting-agenda\/#primaryimage\"},\"image\":{\"@id\":\"https:\/\/sales-ai-agents.com\/de\/templates\/weekly-meeting-agenda\/#primaryimage\"},\"thumbnailUrl\":\"https:\/\/sales-ai-agents.com\/wp-content\/uploads\/2022\/09\/Weekly-Meeting-Agenda-Template.png\",\"datePublished\":\"2022-09-26T13:36:53+00:00\",\"dateModified\":\"2023-12-26T14:25:04+00:00\",\"description\":\"Diese kostenlose Vorlage f\u00fcr w\u00f6chentliche Besprechungen kann Ihrem Team helfen, organisiert und konzentriert zu bleiben. Nutzen Sie sie, um eine Tagesordnung zu erstellen und wichtige Themen f\u00fcr Diskussionen festzulegen!\",\"inLanguage\":\"de-DE\",\"potentialAction\":[{\"@type\":\"ReadAction\",\"target\":[\"https:\/\/sales-ai-agents.com\/de\/templates\/weekly-meeting-agenda\/\"]}]},{\"@type\":\"ImageObject\",\"inLanguage\":\"de-DE\",\"@id\":\"https:\/\/sales-ai-agents.com\/de\/templates\/weekly-meeting-agenda\/#primaryimage\",\"url\":\"https:\/\/sales-ai-agents.com\/wp-content\/uploads\/2022\/09\/Weekly-Meeting-Agenda-Template.png\",\"contentUrl\":\"https:\/\/sales-ai-agents.com\/wp-content\/uploads\/2022\/09\/Weekly-Meeting-Agenda-Template.png\",\"width\":1700,\"height\":1100,\"caption\":\"This free weekly meeting template can help your team stay organized and focused.\"},{\"@type\":\"WebSite\",\"@id\":\"https:\/\/sales-ai-agents.com\/#website\",\"url\":\"https:\/\/sales-ai-agents.com\/\",\"name\":\"FuseBase\",\"description\":\"Nimbus Platform - Free Online Collaboration Software for Remote Teams. Build your wikis, client portals and more with the Nimbus Platform collaboration tool ? A perfect space for online work\",\"publisher\":{\"@id\":\"https:\/\/sales-ai-agents.com\/#organization\"},\"potentialAction\":[{\"@type\":\"SearchAction\",\"target\":{\"@type\":\"EntryPoint\",\"urlTemplate\":\"https:\/\/sales-ai-agents.com\/?s={search_term_string}\"},\"query-input\":{\"@type\":\"PropertyValueSpecification\",\"valueRequired\":true,\"valueName\":\"search_term_string\"}}],\"inLanguage\":\"de-DE\"},{\"@type\":\"Organization\",\"@id\":\"https:\/\/sales-ai-agents.com\/#organization\",\"name\":\"FuseBase\",\"url\":\"https:\/\/sales-ai-agents.com\/\",\"logo\":{\"@type\":\"ImageObject\",\"inLanguage\":\"de-DE\",\"@id\":\"https:\/\/sales-ai-agents.com\/#\/schema\/logo\/image\/\",\"url\":\"https:\/\/sales-ai-agents.com\/wp-content\/uploads\/2023\/11\/icon-7.svg\",\"contentUrl\":\"https:\/\/sales-ai-agents.com\/wp-content\/uploads\/2023\/11\/icon-7.svg\",\"width\":128,\"height\":128,\"caption\":\"FuseBase\"},\"image\":{\"@id\":\"https:\/\/sales-ai-agents.com\/#\/schema\/logo\/image\/\"}}]}<\/script>\n<!-- \/ Yoast SEO plugin. -->","yoast_head_json":{"title":"W\u00f6chentliche Meeting-Agenda Vorlage - Sales AI Agents","description":"Diese kostenlose Vorlage f\u00fcr w\u00f6chentliche Besprechungen kann Ihrem Team helfen, organisiert und konzentriert zu bleiben. Nutzen Sie sie, um eine Tagesordnung zu erstellen und wichtige Themen f\u00fcr Diskussionen festzulegen!","robots":{"index":"index","follow":"follow","max-snippet":"max-snippet:-1","max-image-preview":"max-image-preview:large","max-video-preview":"max-video-preview:-1"},"canonical":"https:\/\/sales-ai-agents.com\/de\/templates\/weekly-meeting-agenda\/","og_locale":"de_DE","og_type":"article","og_title":"W\u00f6chentliche Meeting-Agenda Vorlage - Sales AI Agents","og_description":"Diese kostenlose Vorlage f\u00fcr w\u00f6chentliche Besprechungen kann Ihrem Team helfen, organisiert und konzentriert zu bleiben. Nutzen Sie sie, um eine Tagesordnung zu erstellen und wichtige Themen f\u00fcr Diskussionen festzulegen!","og_url":"https:\/\/sales-ai-agents.com\/de\/templates\/weekly-meeting-agenda\/","og_site_name":"Sales AI Agents","article_modified_time":"2023-12-26T14:25:04+00:00","og_image":[{"width":1700,"height":1100,"url":"https:\/\/sales-ai-agents.com\/wp-content\/uploads\/2022\/09\/Weekly-Meeting-Agenda-Template.png","type":"image\/png"}],"twitter_card":"summary_large_image","schema":{"@context":"https:\/\/schema.org","@graph":[{"@type":"WebPage","@id":"https:\/\/sales-ai-agents.com\/de\/templates\/weekly-meeting-agenda\/","url":"https:\/\/sales-ai-agents.com\/de\/templates\/weekly-meeting-agenda\/","name":"W\u00f6chentliche Meeting-Agenda Vorlage - Sales AI Agents","isPartOf":{"@id":"https:\/\/sales-ai-agents.com\/#website"},"primaryImageOfPage":{"@id":"https:\/\/sales-ai-agents.com\/de\/templates\/weekly-meeting-agenda\/#primaryimage"},"image":{"@id":"https:\/\/sales-ai-agents.com\/de\/templates\/weekly-meeting-agenda\/#primaryimage"},"thumbnailUrl":"https:\/\/sales-ai-agents.com\/wp-content\/uploads\/2022\/09\/Weekly-Meeting-Agenda-Template.png","datePublished":"2022-09-26T13:36:53+00:00","dateModified":"2023-12-26T14:25:04+00:00","description":"Diese kostenlose Vorlage f\u00fcr w\u00f6chentliche Besprechungen kann Ihrem Team helfen, organisiert und konzentriert zu bleiben. Nutzen Sie sie, um eine Tagesordnung zu erstellen und wichtige Themen f\u00fcr Diskussionen festzulegen!","inLanguage":"de-DE","potentialAction":[{"@type":"ReadAction","target":["https:\/\/sales-ai-agents.com\/de\/templates\/weekly-meeting-agenda\/"]}]},{"@type":"ImageObject","inLanguage":"de-DE","@id":"https:\/\/sales-ai-agents.com\/de\/templates\/weekly-meeting-agenda\/#primaryimage","url":"https:\/\/sales-ai-agents.com\/wp-content\/uploads\/2022\/09\/Weekly-Meeting-Agenda-Template.png","contentUrl":"https:\/\/sales-ai-agents.com\/wp-content\/uploads\/2022\/09\/Weekly-Meeting-Agenda-Template.png","width":1700,"height":1100,"caption":"This free weekly meeting template can help your team stay organized and focused."},{"@type":"WebSite","@id":"https:\/\/sales-ai-agents.com\/#website","url":"https:\/\/sales-ai-agents.com\/","name":"FuseBase","description":"Nimbus Platform - Free Online Collaboration Software for Remote Teams. Build your wikis, client portals and more with the Nimbus Platform collaboration tool ? A perfect space for online work","publisher":{"@id":"https:\/\/sales-ai-agents.com\/#organization"},"potentialAction":[{"@type":"SearchAction","target":{"@type":"EntryPoint","urlTemplate":"https:\/\/sales-ai-agents.com\/?s={search_term_string}"},"query-input":{"@type":"PropertyValueSpecification","valueRequired":true,"valueName":"search_term_string"}}],"inLanguage":"de-DE"},{"@type":"Organization","@id":"https:\/\/sales-ai-agents.com\/#organization","name":"FuseBase","url":"https:\/\/sales-ai-agents.com\/","logo":{"@type":"ImageObject","inLanguage":"de-DE","@id":"https:\/\/sales-ai-agents.com\/#\/schema\/logo\/image\/","url":"https:\/\/sales-ai-agents.com\/wp-content\/uploads\/2023\/11\/icon-7.svg","contentUrl":"https:\/\/sales-ai-agents.com\/wp-content\/uploads\/2023\/11\/icon-7.svg","width":128,"height":128,"caption":"FuseBase"},"image":{"@id":"https:\/\/sales-ai-agents.com\/#\/schema\/logo\/image\/"}}]}},"_links":{"self":[{"href":"https:\/\/sales-ai-agents.com\/de\/wp-json\/wp\/v2\/product\/55378","targetHints":{"allow":["GET"]}}],"collection":[{"href":"https:\/\/sales-ai-agents.com\/de\/wp-json\/wp\/v2\/product"}],"about":[{"href":"https:\/\/sales-ai-agents.com\/de\/wp-json\/wp\/v2\/types\/product"}],"wp:featuredmedia":[{"embeddable":true,"href":"https:\/\/sales-ai-agents.com\/de\/wp-json\/wp\/v2\/media\/25211"}],"wp:attachment":[{"href":"https:\/\/sales-ai-agents.com\/de\/wp-json\/wp\/v2\/media?parent=55378"}],"wp:term":[{"taxonomy":"product_brand","embeddable":true,"href":"https:\/\/sales-ai-agents.com\/de\/wp-json\/wp\/v2\/product_brand?post=55378"},{"taxonomy":"product_cat","embeddable":true,"href":"https:\/\/sales-ai-agents.com\/de\/wp-json\/wp\/v2\/product_cat?post=55378"},{"taxonomy":"product_tag","embeddable":true,"href":"https:\/\/sales-ai-agents.com\/de\/wp-json\/wp\/v2\/product_tag?post=55378"}],"curies":[{"name":"wp","href":"https:\/\/api.w.org\/{rel}","templated":true}]}}