{"id":55379,"date":"2022-09-26T13:36:36","date_gmt":"2022-09-26T13:36:36","guid":{"rendered":"https:\/\/sales-ai-agents.com\/templates\/life-balance\/"},"modified":"2023-12-26T15:44:25","modified_gmt":"2023-12-26T15:44:25","slug":"life-balance","status":"publish","type":"product","link":"https:\/\/sales-ai-agents.com\/de\/templates\/life-balance\/","title":{"rendered":"Life Balance"},"content":{"rendered":"<p>&nbsp;<\/p>\n<h2>Life Balance Vorlage<\/h2>\n<p class=\"desc-text\">Life-Balance ist der Zustand des Gleichgewichts, bei dem eine Person den Anforderungen des Berufslebens und den Anforderungen des Privatlebens gleicherma\u00dfen Priorit\u00e4t einr\u00e4umt. Verwenden Sie diese Vorlage, um Ihr Lebensgleichgewicht zu erreichen, indem Sie jeden Aspekt Ihres Lebens verfolgen und die Ergebnisse bewerten.<\/p>\n<h5>Wie zu verwenden:<\/h5>\n<ul class=\"desc-item_list\">\n<li class=\"desc-item_list__point\">Kreuzen Sie die Zahl an, die Ihrer Meinung nach am besten beschreibt, wie es Ihnen in diesen Bereichen Ihres Lebens geht<\/li>\n<li class=\"desc-item_list__point\">Bewerten Sie in der Zielspalte, wie gut Sie abschneiden m\u00f6chten<\/li>\n<li class=\"desc-item_list__point\">Schreiben Sie die Differenz zwischen dem aktuellen und dem optimalen Wert in die Spalte &#8222;L\u00fccke&#8220;.<\/li>\n<li class=\"desc-item_list__point\">Markieren Sie die h\u00f6chste und die niedrigste Punktzahl<\/li>\n<li class=\"desc-item_list__point\">\u00dcberlegen Sie sich die Schritte und Ma\u00dfnahmen zur Verbesserung Ihres Gleichgewichts<\/li>\n<\/ul>\n","protected":false},"excerpt":{"rendered":"<p>Von einem ausgewogenen Leben spricht man, wenn man Beruf und Privatleben gleichwertig behandelt. Verwenden Sie diese kostenlose Vorlage, um Ihr Lebensgleichgewicht zu erreichen, indem Sie jeden Aspekt Ihres Lebens verfolgen.<\/p>\n","protected":false},"featured_media":20882,"template":"","meta":{"_acf_changed":false,"inline_featured_image":false},"product_brand":[],"product_cat":[179,180],"product_tag":[],"class_list":{"0":"post-55379","1":"product","2":"type-product","3":"status-publish","4":"has-post-thumbnail","6":"product_cat-organizers-planners","7":"product_cat-personal","9":"first","10":"instock","11":"virtual","12":"sold-individually","13":"product-type-simple"},"acf":[],"yoast_head":"<!-- This site is optimized with the Yoast SEO plugin v25.3.1 - https:\/\/yoast.com\/wordpress\/plugins\/seo\/ -->\n<title>Life Balance Vorlage - Sales AI Agents<\/title>\n<meta name=\"description\" content=\"Von einem ausgewogenen Leben spricht man, wenn man Beruf und Privatleben gleichwertig behandelt. Verwenden Sie diese kostenlose Vorlage, um Ihre Lebensbalance zu erreichen, indem Sie jeden Aspekt Ihres Lebens verfolgen\" \/>\n<meta name=\"robots\" content=\"index, follow, max-snippet:-1, max-image-preview:large, max-video-preview:-1\" \/>\n<link rel=\"canonical\" href=\"https:\/\/sales-ai-agents.com\/de\/templates\/life-balance\/\" \/>\n<meta property=\"og:locale\" content=\"de_DE\" \/>\n<meta property=\"og:type\" content=\"article\" \/>\n<meta property=\"og:title\" content=\"Life Balance Vorlage - Sales AI Agents\" \/>\n<meta property=\"og:description\" content=\"Von einem ausgewogenen Leben spricht man, wenn man Beruf und Privatleben gleichwertig behandelt. Verwenden Sie diese kostenlose Vorlage, um Ihre Lebensbalance zu erreichen, indem Sie jeden Aspekt Ihres Lebens verfolgen\" \/>\n<meta property=\"og:url\" content=\"https:\/\/sales-ai-agents.com\/de\/templates\/life-balance\/\" \/>\n<meta property=\"og:site_name\" content=\"Sales AI Agents\" \/>\n<meta property=\"article:modified_time\" content=\"2023-12-26T15:44:25+00:00\" \/>\n<meta property=\"og:image\" content=\"https:\/\/sales-ai-agents.com\/wp-content\/uploads\/2023\/01\/image-preview123705.png\" \/>\n\t<meta property=\"og:image:width\" content=\"1078\" \/>\n\t<meta property=\"og:image:height\" content=\"1183\" \/>\n\t<meta property=\"og:image:type\" content=\"image\/png\" \/>\n<meta name=\"twitter:card\" content=\"summary_large_image\" \/>\n<script type=\"application\/ld+json\" class=\"yoast-schema-graph\">{\"@context\":\"https:\/\/schema.org\",\"@graph\":[{\"@type\":\"WebPage\",\"@id\":\"https:\/\/sales-ai-agents.com\/de\/templates\/life-balance\/\",\"url\":\"https:\/\/sales-ai-agents.com\/de\/templates\/life-balance\/\",\"name\":\"Life Balance Vorlage - Sales AI Agents\",\"isPartOf\":{\"@id\":\"https:\/\/sales-ai-agents.com\/#website\"},\"primaryImageOfPage\":{\"@id\":\"https:\/\/sales-ai-agents.com\/de\/templates\/life-balance\/#primaryimage\"},\"image\":{\"@id\":\"https:\/\/sales-ai-agents.com\/de\/templates\/life-balance\/#primaryimage\"},\"thumbnailUrl\":\"https:\/\/sales-ai-agents.com\/wp-content\/uploads\/2023\/01\/image-preview123705.png\",\"datePublished\":\"2022-09-26T13:36:36+00:00\",\"dateModified\":\"2023-12-26T15:44:25+00:00\",\"description\":\"Von einem ausgewogenen Leben spricht man, wenn man Beruf und Privatleben gleichwertig behandelt. Verwenden Sie diese kostenlose Vorlage, um Ihre Lebensbalance zu erreichen, indem Sie jeden Aspekt Ihres Lebens verfolgen\",\"inLanguage\":\"de-DE\",\"potentialAction\":[{\"@type\":\"ReadAction\",\"target\":[\"https:\/\/sales-ai-agents.com\/de\/templates\/life-balance\/\"]}]},{\"@type\":\"ImageObject\",\"inLanguage\":\"de-DE\",\"@id\":\"https:\/\/sales-ai-agents.com\/de\/templates\/life-balance\/#primaryimage\",\"url\":\"https:\/\/sales-ai-agents.com\/wp-content\/uploads\/2023\/01\/image-preview123705.png\",\"contentUrl\":\"https:\/\/sales-ai-agents.com\/wp-content\/uploads\/2023\/01\/image-preview123705.png\",\"width\":1078,\"height\":1183,\"caption\":\"Life Balance Template - Nimbus Platform\"},{\"@type\":\"WebSite\",\"@id\":\"https:\/\/sales-ai-agents.com\/#website\",\"url\":\"https:\/\/sales-ai-agents.com\/\",\"name\":\"FuseBase\",\"description\":\"Nimbus Platform - Free Online Collaboration Software for Remote Teams. Build your wikis, client portals and more with the Nimbus Platform collaboration tool ? A perfect space for online work\",\"publisher\":{\"@id\":\"https:\/\/sales-ai-agents.com\/#organization\"},\"potentialAction\":[{\"@type\":\"SearchAction\",\"target\":{\"@type\":\"EntryPoint\",\"urlTemplate\":\"https:\/\/sales-ai-agents.com\/?s={search_term_string}\"},\"query-input\":{\"@type\":\"PropertyValueSpecification\",\"valueRequired\":true,\"valueName\":\"search_term_string\"}}],\"inLanguage\":\"de-DE\"},{\"@type\":\"Organization\",\"@id\":\"https:\/\/sales-ai-agents.com\/#organization\",\"name\":\"FuseBase\",\"url\":\"https:\/\/sales-ai-agents.com\/\",\"logo\":{\"@type\":\"ImageObject\",\"inLanguage\":\"de-DE\",\"@id\":\"https:\/\/sales-ai-agents.com\/#\/schema\/logo\/image\/\",\"url\":\"https:\/\/sales-ai-agents.com\/wp-content\/uploads\/2023\/11\/icon-7.svg\",\"contentUrl\":\"https:\/\/sales-ai-agents.com\/wp-content\/uploads\/2023\/11\/icon-7.svg\",\"width\":128,\"height\":128,\"caption\":\"FuseBase\"},\"image\":{\"@id\":\"https:\/\/sales-ai-agents.com\/#\/schema\/logo\/image\/\"}}]}<\/script>\n<!-- \/ Yoast SEO plugin. -->","yoast_head_json":{"title":"Life Balance Vorlage - Sales AI Agents","description":"Von einem ausgewogenen Leben spricht man, wenn man Beruf und Privatleben gleichwertig behandelt. Verwenden Sie diese kostenlose Vorlage, um Ihre Lebensbalance zu erreichen, indem Sie jeden Aspekt Ihres Lebens verfolgen","robots":{"index":"index","follow":"follow","max-snippet":"max-snippet:-1","max-image-preview":"max-image-preview:large","max-video-preview":"max-video-preview:-1"},"canonical":"https:\/\/sales-ai-agents.com\/de\/templates\/life-balance\/","og_locale":"de_DE","og_type":"article","og_title":"Life Balance Vorlage - Sales AI Agents","og_description":"Von einem ausgewogenen Leben spricht man, wenn man Beruf und Privatleben gleichwertig behandelt. Verwenden Sie diese kostenlose Vorlage, um Ihre Lebensbalance zu erreichen, indem Sie jeden Aspekt Ihres Lebens verfolgen","og_url":"https:\/\/sales-ai-agents.com\/de\/templates\/life-balance\/","og_site_name":"Sales AI Agents","article_modified_time":"2023-12-26T15:44:25+00:00","og_image":[{"width":1078,"height":1183,"url":"https:\/\/sales-ai-agents.com\/wp-content\/uploads\/2023\/01\/image-preview123705.png","type":"image\/png"}],"twitter_card":"summary_large_image","schema":{"@context":"https:\/\/schema.org","@graph":[{"@type":"WebPage","@id":"https:\/\/sales-ai-agents.com\/de\/templates\/life-balance\/","url":"https:\/\/sales-ai-agents.com\/de\/templates\/life-balance\/","name":"Life Balance Vorlage - Sales AI Agents","isPartOf":{"@id":"https:\/\/sales-ai-agents.com\/#website"},"primaryImageOfPage":{"@id":"https:\/\/sales-ai-agents.com\/de\/templates\/life-balance\/#primaryimage"},"image":{"@id":"https:\/\/sales-ai-agents.com\/de\/templates\/life-balance\/#primaryimage"},"thumbnailUrl":"https:\/\/sales-ai-agents.com\/wp-content\/uploads\/2023\/01\/image-preview123705.png","datePublished":"2022-09-26T13:36:36+00:00","dateModified":"2023-12-26T15:44:25+00:00","description":"Von einem ausgewogenen Leben spricht man, wenn man Beruf und Privatleben gleichwertig behandelt. Verwenden Sie diese kostenlose Vorlage, um Ihre Lebensbalance zu erreichen, indem Sie jeden Aspekt Ihres Lebens verfolgen","inLanguage":"de-DE","potentialAction":[{"@type":"ReadAction","target":["https:\/\/sales-ai-agents.com\/de\/templates\/life-balance\/"]}]},{"@type":"ImageObject","inLanguage":"de-DE","@id":"https:\/\/sales-ai-agents.com\/de\/templates\/life-balance\/#primaryimage","url":"https:\/\/sales-ai-agents.com\/wp-content\/uploads\/2023\/01\/image-preview123705.png","contentUrl":"https:\/\/sales-ai-agents.com\/wp-content\/uploads\/2023\/01\/image-preview123705.png","width":1078,"height":1183,"caption":"Life Balance Template - Nimbus Platform"},{"@type":"WebSite","@id":"https:\/\/sales-ai-agents.com\/#website","url":"https:\/\/sales-ai-agents.com\/","name":"FuseBase","description":"Nimbus Platform - Free Online Collaboration Software for Remote Teams. Build your wikis, client portals and more with the Nimbus Platform collaboration tool ? A perfect space for online work","publisher":{"@id":"https:\/\/sales-ai-agents.com\/#organization"},"potentialAction":[{"@type":"SearchAction","target":{"@type":"EntryPoint","urlTemplate":"https:\/\/sales-ai-agents.com\/?s={search_term_string}"},"query-input":{"@type":"PropertyValueSpecification","valueRequired":true,"valueName":"search_term_string"}}],"inLanguage":"de-DE"},{"@type":"Organization","@id":"https:\/\/sales-ai-agents.com\/#organization","name":"FuseBase","url":"https:\/\/sales-ai-agents.com\/","logo":{"@type":"ImageObject","inLanguage":"de-DE","@id":"https:\/\/sales-ai-agents.com\/#\/schema\/logo\/image\/","url":"https:\/\/sales-ai-agents.com\/wp-content\/uploads\/2023\/11\/icon-7.svg","contentUrl":"https:\/\/sales-ai-agents.com\/wp-content\/uploads\/2023\/11\/icon-7.svg","width":128,"height":128,"caption":"FuseBase"},"image":{"@id":"https:\/\/sales-ai-agents.com\/#\/schema\/logo\/image\/"}}]}},"_links":{"self":[{"href":"https:\/\/sales-ai-agents.com\/de\/wp-json\/wp\/v2\/product\/55379","targetHints":{"allow":["GET"]}}],"collection":[{"href":"https:\/\/sales-ai-agents.com\/de\/wp-json\/wp\/v2\/product"}],"about":[{"href":"https:\/\/sales-ai-agents.com\/de\/wp-json\/wp\/v2\/types\/product"}],"wp:featuredmedia":[{"embeddable":true,"href":"https:\/\/sales-ai-agents.com\/de\/wp-json\/wp\/v2\/media\/20882"}],"wp:attachment":[{"href":"https:\/\/sales-ai-agents.com\/de\/wp-json\/wp\/v2\/media?parent=55379"}],"wp:term":[{"taxonomy":"product_brand","embeddable":true,"href":"https:\/\/sales-ai-agents.com\/de\/wp-json\/wp\/v2\/product_brand?post=55379"},{"taxonomy":"product_cat","embeddable":true,"href":"https:\/\/sales-ai-agents.com\/de\/wp-json\/wp\/v2\/product_cat?post=55379"},{"taxonomy":"product_tag","embeddable":true,"href":"https:\/\/sales-ai-agents.com\/de\/wp-json\/wp\/v2\/product_tag?post=55379"}],"curies":[{"name":"wp","href":"https:\/\/api.w.org\/{rel}","templated":true}]}}