{"id":55385,"date":"2022-09-26T13:36:28","date_gmt":"2022-09-26T13:36:28","guid":{"rendered":"https:\/\/sales-ai-agents.com\/templates\/customer-interview-report\/"},"modified":"2024-01-02T13:00:21","modified_gmt":"2024-01-02T13:00:21","slug":"customer-interview-report","status":"publish","type":"product","link":"https:\/\/sales-ai-agents.com\/de\/templates\/customer-interview-report\/","title":{"rendered":"Bericht \u00fcber das Kundeninterview"},"content":{"rendered":"<p>&nbsp;<\/p>\n<h2>Kundeninterview Bericht Vorlage<\/h2>\n<p class=\"desc-text\">Kundenbefragungen sind eine gute M\u00f6glichkeit, um Feedback zu Ihrer Arbeit zu erhalten und zu sehen, wie die Verbraucher mit Ihren Produkten umgehen. Im Gespr\u00e4ch mit den Verbrauchern erfahren Sie mehr \u00fcber deren Probleme, allt\u00e4glichen Gebrauch und Bed\u00fcrfnisse. Diese Vorlage hilft Ihnen, Ihre Daten zu organisieren und Ihre Fragen und Antworten aufzuzeichnen. Notieren Sie wichtige Schlussfolgerungen und \u00fcberlegen Sie, wie Sie diese in Ihre Arbeit einflie\u00dfen lassen k\u00f6nnen.<\/p>\n<h5>Wie zu verwenden:<\/h5>\n<ul class=\"desc-item_list\">\n<li class=\"desc-item_list__point\">Fassen Sie die wichtigsten Erkenntnisse aus dem Gespr\u00e4ch zusammen<\/li>\n<li class=\"desc-item_list__point\">Alle Fragen und Antworten des Interviews aufzeichnen<\/li>\n<li class=\"desc-item_list__point\">Abdeckung verschiedener Anwendungsf\u00e4lle f\u00fcr Ihr Produkt<\/li>\n<li class=\"desc-item_list__point\">Notizen zu Problemen, M\u00f6glichkeiten und Schlussfolgerungen machen<\/li>\n<\/ul>\n","protected":false},"excerpt":{"rendered":"<p>Diese Vorlage hilft Ihnen, Ihre Daten zu organisieren und Ihre Fragen und Antworten aufzuzeichnen. Notieren Sie wichtige Schlussfolgerungen und lassen Sie sie in Ihre Arbeit einflie\u00dfen!<\/p>\n","protected":false},"featured_media":34136,"template":"","meta":{"_acf_changed":false,"inline_featured_image":false},"product_brand":[],"product_cat":[171,172,174,169,194],"product_tag":[],"class_list":{"0":"post-55385","1":"product","2":"type-product","3":"status-publish","4":"has-post-thumbnail","6":"product_cat-marketing","7":"product_cat-marketing-analysis","8":"product_cat-marketing-clients","9":"product_cat-entrepreneur","10":"product_cat-sales-account","11":"collections-client","13":"first","14":"instock","15":"virtual","16":"sold-individually","17":"product-type-simple"},"acf":[],"yoast_head":"<!-- This site is optimized with the Yoast SEO plugin v25.3.1 - https:\/\/yoast.com\/wordpress\/plugins\/seo\/ -->\n<title>Vorlage f\u00fcr einen Bericht \u00fcber ein Verbraucherinterview - Sales AI Agents<\/title>\n<meta name=\"description\" content=\"Diese Vorlage hilft Ihnen, Ihre Daten zu organisieren und Ihre Fragen und Antworten aufzuzeichnen. Notieren Sie wichtige Schlussfolgerungen und lassen Sie sie in Ihre Arbeit einflie\u00dfen!\" \/>\n<meta name=\"robots\" content=\"index, follow, max-snippet:-1, max-image-preview:large, max-video-preview:-1\" \/>\n<link rel=\"canonical\" href=\"https:\/\/sales-ai-agents.com\/de\/templates\/customer-interview-report\/\" \/>\n<meta property=\"og:locale\" content=\"de_DE\" \/>\n<meta property=\"og:type\" content=\"article\" \/>\n<meta property=\"og:title\" content=\"Vorlage f\u00fcr einen Bericht \u00fcber ein Verbraucherinterview - Sales AI Agents\" \/>\n<meta property=\"og:description\" content=\"Diese Vorlage hilft Ihnen, Ihre Daten zu organisieren und Ihre Fragen und Antworten aufzuzeichnen. Notieren Sie wichtige Schlussfolgerungen und lassen Sie sie in Ihre Arbeit einflie\u00dfen!\" \/>\n<meta property=\"og:url\" content=\"https:\/\/sales-ai-agents.com\/de\/templates\/customer-interview-report\/\" \/>\n<meta property=\"og:site_name\" content=\"Sales AI Agents\" \/>\n<meta property=\"article:modified_time\" content=\"2024-01-02T13:00:21+00:00\" \/>\n<meta property=\"og:image\" content=\"https:\/\/sales-ai-agents.com\/wp-content\/uploads\/2022\/09\/Customer-Interview-Report-Template.png\" \/>\n\t<meta property=\"og:image:width\" content=\"1700\" \/>\n\t<meta property=\"og:image:height\" content=\"1100\" \/>\n\t<meta property=\"og:image:type\" content=\"image\/png\" \/>\n<meta name=\"twitter:card\" content=\"summary_large_image\" \/>\n<script type=\"application\/ld+json\" class=\"yoast-schema-graph\">{\"@context\":\"https:\/\/schema.org\",\"@graph\":[{\"@type\":\"WebPage\",\"@id\":\"https:\/\/sales-ai-agents.com\/de\/templates\/customer-interview-report\/\",\"url\":\"https:\/\/sales-ai-agents.com\/de\/templates\/customer-interview-report\/\",\"name\":\"Vorlage f\u00fcr einen Bericht \u00fcber ein Verbraucherinterview - Sales AI Agents\",\"isPartOf\":{\"@id\":\"https:\/\/sales-ai-agents.com\/#website\"},\"primaryImageOfPage\":{\"@id\":\"https:\/\/sales-ai-agents.com\/de\/templates\/customer-interview-report\/#primaryimage\"},\"image\":{\"@id\":\"https:\/\/sales-ai-agents.com\/de\/templates\/customer-interview-report\/#primaryimage\"},\"thumbnailUrl\":\"https:\/\/sales-ai-agents.com\/wp-content\/uploads\/2022\/09\/Customer-Interview-Report-Template.png\",\"datePublished\":\"2022-09-26T13:36:28+00:00\",\"dateModified\":\"2024-01-02T13:00:21+00:00\",\"description\":\"Diese Vorlage hilft Ihnen, Ihre Daten zu organisieren und Ihre Fragen und Antworten aufzuzeichnen. Notieren Sie wichtige Schlussfolgerungen und lassen Sie sie in Ihre Arbeit einflie\u00dfen!\",\"inLanguage\":\"de-DE\",\"potentialAction\":[{\"@type\":\"ReadAction\",\"target\":[\"https:\/\/sales-ai-agents.com\/de\/templates\/customer-interview-report\/\"]}]},{\"@type\":\"ImageObject\",\"inLanguage\":\"de-DE\",\"@id\":\"https:\/\/sales-ai-agents.com\/de\/templates\/customer-interview-report\/#primaryimage\",\"url\":\"https:\/\/sales-ai-agents.com\/wp-content\/uploads\/2022\/09\/Customer-Interview-Report-Template.png\",\"contentUrl\":\"https:\/\/sales-ai-agents.com\/wp-content\/uploads\/2022\/09\/Customer-Interview-Report-Template.png\",\"width\":1700,\"height\":1100,\"caption\":\"Customer Interview Report Template - Nimbus Platform\"},{\"@type\":\"WebSite\",\"@id\":\"https:\/\/sales-ai-agents.com\/#website\",\"url\":\"https:\/\/sales-ai-agents.com\/\",\"name\":\"FuseBase\",\"description\":\"Nimbus Platform - Free Online Collaboration Software for Remote Teams. Build your wikis, client portals and more with the Nimbus Platform collaboration tool ? A perfect space for online work\",\"publisher\":{\"@id\":\"https:\/\/sales-ai-agents.com\/#organization\"},\"potentialAction\":[{\"@type\":\"SearchAction\",\"target\":{\"@type\":\"EntryPoint\",\"urlTemplate\":\"https:\/\/sales-ai-agents.com\/?s={search_term_string}\"},\"query-input\":{\"@type\":\"PropertyValueSpecification\",\"valueRequired\":true,\"valueName\":\"search_term_string\"}}],\"inLanguage\":\"de-DE\"},{\"@type\":\"Organization\",\"@id\":\"https:\/\/sales-ai-agents.com\/#organization\",\"name\":\"FuseBase\",\"url\":\"https:\/\/sales-ai-agents.com\/\",\"logo\":{\"@type\":\"ImageObject\",\"inLanguage\":\"de-DE\",\"@id\":\"https:\/\/sales-ai-agents.com\/#\/schema\/logo\/image\/\",\"url\":\"https:\/\/sales-ai-agents.com\/wp-content\/uploads\/2023\/11\/icon-7.svg\",\"contentUrl\":\"https:\/\/sales-ai-agents.com\/wp-content\/uploads\/2023\/11\/icon-7.svg\",\"width\":128,\"height\":128,\"caption\":\"FuseBase\"},\"image\":{\"@id\":\"https:\/\/sales-ai-agents.com\/#\/schema\/logo\/image\/\"}}]}<\/script>\n<!-- \/ Yoast SEO plugin. -->","yoast_head_json":{"title":"Vorlage f\u00fcr einen Bericht \u00fcber ein Verbraucherinterview - Sales AI Agents","description":"Diese Vorlage hilft Ihnen, Ihre Daten zu organisieren und Ihre Fragen und Antworten aufzuzeichnen. Notieren Sie wichtige Schlussfolgerungen und lassen Sie sie in Ihre Arbeit einflie\u00dfen!","robots":{"index":"index","follow":"follow","max-snippet":"max-snippet:-1","max-image-preview":"max-image-preview:large","max-video-preview":"max-video-preview:-1"},"canonical":"https:\/\/sales-ai-agents.com\/de\/templates\/customer-interview-report\/","og_locale":"de_DE","og_type":"article","og_title":"Vorlage f\u00fcr einen Bericht \u00fcber ein Verbraucherinterview - Sales AI Agents","og_description":"Diese Vorlage hilft Ihnen, Ihre Daten zu organisieren und Ihre Fragen und Antworten aufzuzeichnen. Notieren Sie wichtige Schlussfolgerungen und lassen Sie sie in Ihre Arbeit einflie\u00dfen!","og_url":"https:\/\/sales-ai-agents.com\/de\/templates\/customer-interview-report\/","og_site_name":"Sales AI Agents","article_modified_time":"2024-01-02T13:00:21+00:00","og_image":[{"width":1700,"height":1100,"url":"https:\/\/sales-ai-agents.com\/wp-content\/uploads\/2022\/09\/Customer-Interview-Report-Template.png","type":"image\/png"}],"twitter_card":"summary_large_image","schema":{"@context":"https:\/\/schema.org","@graph":[{"@type":"WebPage","@id":"https:\/\/sales-ai-agents.com\/de\/templates\/customer-interview-report\/","url":"https:\/\/sales-ai-agents.com\/de\/templates\/customer-interview-report\/","name":"Vorlage f\u00fcr einen Bericht \u00fcber ein Verbraucherinterview - Sales AI Agents","isPartOf":{"@id":"https:\/\/sales-ai-agents.com\/#website"},"primaryImageOfPage":{"@id":"https:\/\/sales-ai-agents.com\/de\/templates\/customer-interview-report\/#primaryimage"},"image":{"@id":"https:\/\/sales-ai-agents.com\/de\/templates\/customer-interview-report\/#primaryimage"},"thumbnailUrl":"https:\/\/sales-ai-agents.com\/wp-content\/uploads\/2022\/09\/Customer-Interview-Report-Template.png","datePublished":"2022-09-26T13:36:28+00:00","dateModified":"2024-01-02T13:00:21+00:00","description":"Diese Vorlage hilft Ihnen, Ihre Daten zu organisieren und Ihre Fragen und Antworten aufzuzeichnen. Notieren Sie wichtige Schlussfolgerungen und lassen Sie sie in Ihre Arbeit einflie\u00dfen!","inLanguage":"de-DE","potentialAction":[{"@type":"ReadAction","target":["https:\/\/sales-ai-agents.com\/de\/templates\/customer-interview-report\/"]}]},{"@type":"ImageObject","inLanguage":"de-DE","@id":"https:\/\/sales-ai-agents.com\/de\/templates\/customer-interview-report\/#primaryimage","url":"https:\/\/sales-ai-agents.com\/wp-content\/uploads\/2022\/09\/Customer-Interview-Report-Template.png","contentUrl":"https:\/\/sales-ai-agents.com\/wp-content\/uploads\/2022\/09\/Customer-Interview-Report-Template.png","width":1700,"height":1100,"caption":"Customer Interview Report Template - Nimbus Platform"},{"@type":"WebSite","@id":"https:\/\/sales-ai-agents.com\/#website","url":"https:\/\/sales-ai-agents.com\/","name":"FuseBase","description":"Nimbus Platform - Free Online Collaboration Software for Remote Teams. Build your wikis, client portals and more with the Nimbus Platform collaboration tool ? A perfect space for online work","publisher":{"@id":"https:\/\/sales-ai-agents.com\/#organization"},"potentialAction":[{"@type":"SearchAction","target":{"@type":"EntryPoint","urlTemplate":"https:\/\/sales-ai-agents.com\/?s={search_term_string}"},"query-input":{"@type":"PropertyValueSpecification","valueRequired":true,"valueName":"search_term_string"}}],"inLanguage":"de-DE"},{"@type":"Organization","@id":"https:\/\/sales-ai-agents.com\/#organization","name":"FuseBase","url":"https:\/\/sales-ai-agents.com\/","logo":{"@type":"ImageObject","inLanguage":"de-DE","@id":"https:\/\/sales-ai-agents.com\/#\/schema\/logo\/image\/","url":"https:\/\/sales-ai-agents.com\/wp-content\/uploads\/2023\/11\/icon-7.svg","contentUrl":"https:\/\/sales-ai-agents.com\/wp-content\/uploads\/2023\/11\/icon-7.svg","width":128,"height":128,"caption":"FuseBase"},"image":{"@id":"https:\/\/sales-ai-agents.com\/#\/schema\/logo\/image\/"}}]}},"_links":{"self":[{"href":"https:\/\/sales-ai-agents.com\/de\/wp-json\/wp\/v2\/product\/55385","targetHints":{"allow":["GET"]}}],"collection":[{"href":"https:\/\/sales-ai-agents.com\/de\/wp-json\/wp\/v2\/product"}],"about":[{"href":"https:\/\/sales-ai-agents.com\/de\/wp-json\/wp\/v2\/types\/product"}],"wp:featuredmedia":[{"embeddable":true,"href":"https:\/\/sales-ai-agents.com\/de\/wp-json\/wp\/v2\/media\/34136"}],"wp:attachment":[{"href":"https:\/\/sales-ai-agents.com\/de\/wp-json\/wp\/v2\/media?parent=55385"}],"wp:term":[{"taxonomy":"product_brand","embeddable":true,"href":"https:\/\/sales-ai-agents.com\/de\/wp-json\/wp\/v2\/product_brand?post=55385"},{"taxonomy":"product_cat","embeddable":true,"href":"https:\/\/sales-ai-agents.com\/de\/wp-json\/wp\/v2\/product_cat?post=55385"},{"taxonomy":"product_tag","embeddable":true,"href":"https:\/\/sales-ai-agents.com\/de\/wp-json\/wp\/v2\/product_tag?post=55385"}],"curies":[{"name":"wp","href":"https:\/\/api.w.org\/{rel}","templated":true}]}}