{"id":55474,"date":"2022-09-26T13:36:17","date_gmt":"2022-09-26T13:36:17","guid":{"rendered":"https:\/\/sales-ai-agents.com\/templates\/client-profile\/"},"modified":"2023-12-27T19:36:27","modified_gmt":"2023-12-27T19:36:27","slug":"client-profile","status":"publish","type":"product","link":"https:\/\/sales-ai-agents.com\/de\/templates\/client-profile\/","title":{"rendered":"Kundenprofil"},"content":{"rendered":"<p>&nbsp;<\/p>\n<h2>Vorlage Kundenprofil<\/h2>\n<p class=\"desc-text\">Bewahren Sie Ihre Kundenprofile auf, um den Wissensaustausch innerhalb Ihrer Teams zu verbessern! Sammeln Sie alle wichtigen Informationen \u00fcber einen Kunden oder ein Unternehmen, mit dem Sie zusammenarbeiten. Auf diese Weise verf\u00fcgen Sie \u00fcber eine Wissensdatenbank f\u00fcr den Kunden, in der Sie die Website des Unternehmens, die Konten der sozialen Medien, die bevorzugten Plattformen, die Pr\u00e4ferenzen und die Bedingungen des Projekts finden k\u00f6nnen.<\/p>\n<h5>Wie zu verwenden:<\/h5>\n<ul class=\"desc-item_list\">\n<li class=\"desc-item_list__point\">Beginnen Sie mit dem Hintergrund des Kunden\/Unternehmens: seine Website, Konten in sozialen Medien und andere wichtige Links.<\/li>\n<li class=\"desc-item_list__point\">F\u00fcgen Sie einen Link zu Ihren Besprechungsnotizen hinzu<a class=\"corporate-blue\" href=\"https:\/\/sales-ai-agents.com\/de\/templates\/meeting-wrap-up-for-clients\/\" target=\"_blank\" rel=\"noopener\">(hier finden Sie die Vorlage&gt;<\/a>).<\/li>\n<li class=\"desc-item_list__point\">Enthalten Sie Ziele und Dinge, auf die Sie achten sollten.<\/li>\n<li class=\"desc-item_list__point\">Sobald Ihre Arbeit abgeschlossen ist, f\u00fcgen Sie das Feedback Ihres Kunden hinzu.<\/li>\n<\/ul>\n","protected":false},"excerpt":{"rendered":"<p>Kundenprofile helfen Ihnen, sich an alles zu erinnern, was einen bestimmten Kunden oder ein bestimmtes Projekt betrifft. Geben Sie dort alle wichtigen Daten \u00fcber den Kunden oder das Unternehmen ein, mit dem Sie arbeiten.<\/p>\n","protected":false},"featured_media":25721,"template":"","meta":{"_acf_changed":false,"inline_featured_image":false},"product_brand":[],"product_cat":[171,174,169,193,194],"product_tag":[],"class_list":{"0":"post-55474","1":"product","2":"type-product","3":"status-publish","4":"has-post-thumbnail","6":"product_cat-marketing","7":"product_cat-marketing-clients","8":"product_cat-entrepreneur","9":"product_cat-sales","10":"product_cat-sales-account","11":"collections-client","13":"first","14":"instock","15":"virtual","16":"sold-individually","17":"product-type-simple"},"acf":[],"yoast_head":"<!-- This site is optimized with the Yoast SEO plugin v25.3.1 - https:\/\/yoast.com\/wordpress\/plugins\/seo\/ -->\n<title>Kundenprofil Vorlage - Sales AI Agents<\/title>\n<meta name=\"description\" content=\"Kundenprofile helfen Ihnen, sich an alles zu erinnern, was einen bestimmten Kunden oder ein bestimmtes Projekt betrifft. Geben Sie dort alle wichtigen Daten \u00fcber das Unternehmen ein, mit dem Sie arbeiten\" \/>\n<meta name=\"robots\" content=\"index, follow, max-snippet:-1, max-image-preview:large, max-video-preview:-1\" \/>\n<link rel=\"canonical\" href=\"https:\/\/sales-ai-agents.com\/de\/templates\/client-profile\/\" \/>\n<meta property=\"og:locale\" content=\"de_DE\" \/>\n<meta property=\"og:type\" content=\"article\" \/>\n<meta property=\"og:title\" content=\"Kundenprofil Vorlage - Sales AI Agents\" \/>\n<meta property=\"og:description\" content=\"Kundenprofile helfen Ihnen, sich an alles zu erinnern, was einen bestimmten Kunden oder ein bestimmtes Projekt betrifft. Geben Sie dort alle wichtigen Daten \u00fcber das Unternehmen ein, mit dem Sie arbeiten\" \/>\n<meta property=\"og:url\" content=\"https:\/\/sales-ai-agents.com\/de\/templates\/client-profile\/\" \/>\n<meta property=\"og:site_name\" content=\"Sales AI Agents\" \/>\n<meta property=\"article:modified_time\" content=\"2023-12-27T19:36:27+00:00\" \/>\n<meta property=\"og:image\" content=\"https:\/\/sales-ai-agents.com\/wp-content\/uploads\/2022\/09\/Client-Profile-Template.png\" \/>\n\t<meta property=\"og:image:width\" content=\"1700\" \/>\n\t<meta property=\"og:image:height\" content=\"1100\" \/>\n\t<meta property=\"og:image:type\" content=\"image\/png\" \/>\n<meta name=\"twitter:card\" content=\"summary_large_image\" \/>\n<script type=\"application\/ld+json\" class=\"yoast-schema-graph\">{\"@context\":\"https:\/\/schema.org\",\"@graph\":[{\"@type\":\"WebPage\",\"@id\":\"https:\/\/sales-ai-agents.com\/de\/templates\/client-profile\/\",\"url\":\"https:\/\/sales-ai-agents.com\/de\/templates\/client-profile\/\",\"name\":\"Kundenprofil Vorlage - Sales AI Agents\",\"isPartOf\":{\"@id\":\"https:\/\/sales-ai-agents.com\/#website\"},\"primaryImageOfPage\":{\"@id\":\"https:\/\/sales-ai-agents.com\/de\/templates\/client-profile\/#primaryimage\"},\"image\":{\"@id\":\"https:\/\/sales-ai-agents.com\/de\/templates\/client-profile\/#primaryimage\"},\"thumbnailUrl\":\"https:\/\/sales-ai-agents.com\/wp-content\/uploads\/2022\/09\/Client-Profile-Template.png\",\"datePublished\":\"2022-09-26T13:36:17+00:00\",\"dateModified\":\"2023-12-27T19:36:27+00:00\",\"description\":\"Kundenprofile helfen Ihnen, sich an alles zu erinnern, was einen bestimmten Kunden oder ein bestimmtes Projekt betrifft. Geben Sie dort alle wichtigen Daten \u00fcber das Unternehmen ein, mit dem Sie arbeiten\",\"inLanguage\":\"de-DE\",\"potentialAction\":[{\"@type\":\"ReadAction\",\"target\":[\"https:\/\/sales-ai-agents.com\/de\/templates\/client-profile\/\"]}]},{\"@type\":\"ImageObject\",\"inLanguage\":\"de-DE\",\"@id\":\"https:\/\/sales-ai-agents.com\/de\/templates\/client-profile\/#primaryimage\",\"url\":\"https:\/\/sales-ai-agents.com\/wp-content\/uploads\/2022\/09\/Client-Profile-Template.png\",\"contentUrl\":\"https:\/\/sales-ai-agents.com\/wp-content\/uploads\/2022\/09\/Client-Profile-Template.png\",\"width\":1700,\"height\":1100,\"caption\":\"Client Profiles help you remember all things about a specific client or project.\"},{\"@type\":\"WebSite\",\"@id\":\"https:\/\/sales-ai-agents.com\/#website\",\"url\":\"https:\/\/sales-ai-agents.com\/\",\"name\":\"FuseBase\",\"description\":\"Nimbus Platform - Free Online Collaboration Software for Remote Teams. Build your wikis, client portals and more with the Nimbus Platform collaboration tool ? A perfect space for online work\",\"publisher\":{\"@id\":\"https:\/\/sales-ai-agents.com\/#organization\"},\"potentialAction\":[{\"@type\":\"SearchAction\",\"target\":{\"@type\":\"EntryPoint\",\"urlTemplate\":\"https:\/\/sales-ai-agents.com\/?s={search_term_string}\"},\"query-input\":{\"@type\":\"PropertyValueSpecification\",\"valueRequired\":true,\"valueName\":\"search_term_string\"}}],\"inLanguage\":\"de-DE\"},{\"@type\":\"Organization\",\"@id\":\"https:\/\/sales-ai-agents.com\/#organization\",\"name\":\"FuseBase\",\"url\":\"https:\/\/sales-ai-agents.com\/\",\"logo\":{\"@type\":\"ImageObject\",\"inLanguage\":\"de-DE\",\"@id\":\"https:\/\/sales-ai-agents.com\/#\/schema\/logo\/image\/\",\"url\":\"https:\/\/sales-ai-agents.com\/wp-content\/uploads\/2023\/11\/icon-7.svg\",\"contentUrl\":\"https:\/\/sales-ai-agents.com\/wp-content\/uploads\/2023\/11\/icon-7.svg\",\"width\":128,\"height\":128,\"caption\":\"FuseBase\"},\"image\":{\"@id\":\"https:\/\/sales-ai-agents.com\/#\/schema\/logo\/image\/\"}}]}<\/script>\n<!-- \/ Yoast SEO plugin. -->","yoast_head_json":{"title":"Kundenprofil Vorlage - Sales AI Agents","description":"Kundenprofile helfen Ihnen, sich an alles zu erinnern, was einen bestimmten Kunden oder ein bestimmtes Projekt betrifft. Geben Sie dort alle wichtigen Daten \u00fcber das Unternehmen ein, mit dem Sie arbeiten","robots":{"index":"index","follow":"follow","max-snippet":"max-snippet:-1","max-image-preview":"max-image-preview:large","max-video-preview":"max-video-preview:-1"},"canonical":"https:\/\/sales-ai-agents.com\/de\/templates\/client-profile\/","og_locale":"de_DE","og_type":"article","og_title":"Kundenprofil Vorlage - Sales AI Agents","og_description":"Kundenprofile helfen Ihnen, sich an alles zu erinnern, was einen bestimmten Kunden oder ein bestimmtes Projekt betrifft. Geben Sie dort alle wichtigen Daten \u00fcber das Unternehmen ein, mit dem Sie arbeiten","og_url":"https:\/\/sales-ai-agents.com\/de\/templates\/client-profile\/","og_site_name":"Sales AI Agents","article_modified_time":"2023-12-27T19:36:27+00:00","og_image":[{"width":1700,"height":1100,"url":"https:\/\/sales-ai-agents.com\/wp-content\/uploads\/2022\/09\/Client-Profile-Template.png","type":"image\/png"}],"twitter_card":"summary_large_image","schema":{"@context":"https:\/\/schema.org","@graph":[{"@type":"WebPage","@id":"https:\/\/sales-ai-agents.com\/de\/templates\/client-profile\/","url":"https:\/\/sales-ai-agents.com\/de\/templates\/client-profile\/","name":"Kundenprofil Vorlage - Sales AI Agents","isPartOf":{"@id":"https:\/\/sales-ai-agents.com\/#website"},"primaryImageOfPage":{"@id":"https:\/\/sales-ai-agents.com\/de\/templates\/client-profile\/#primaryimage"},"image":{"@id":"https:\/\/sales-ai-agents.com\/de\/templates\/client-profile\/#primaryimage"},"thumbnailUrl":"https:\/\/sales-ai-agents.com\/wp-content\/uploads\/2022\/09\/Client-Profile-Template.png","datePublished":"2022-09-26T13:36:17+00:00","dateModified":"2023-12-27T19:36:27+00:00","description":"Kundenprofile helfen Ihnen, sich an alles zu erinnern, was einen bestimmten Kunden oder ein bestimmtes Projekt betrifft. Geben Sie dort alle wichtigen Daten \u00fcber das Unternehmen ein, mit dem Sie arbeiten","inLanguage":"de-DE","potentialAction":[{"@type":"ReadAction","target":["https:\/\/sales-ai-agents.com\/de\/templates\/client-profile\/"]}]},{"@type":"ImageObject","inLanguage":"de-DE","@id":"https:\/\/sales-ai-agents.com\/de\/templates\/client-profile\/#primaryimage","url":"https:\/\/sales-ai-agents.com\/wp-content\/uploads\/2022\/09\/Client-Profile-Template.png","contentUrl":"https:\/\/sales-ai-agents.com\/wp-content\/uploads\/2022\/09\/Client-Profile-Template.png","width":1700,"height":1100,"caption":"Client Profiles help you remember all things about a specific client or project."},{"@type":"WebSite","@id":"https:\/\/sales-ai-agents.com\/#website","url":"https:\/\/sales-ai-agents.com\/","name":"FuseBase","description":"Nimbus Platform - Free Online Collaboration Software for Remote Teams. Build your wikis, client portals and more with the Nimbus Platform collaboration tool ? A perfect space for online work","publisher":{"@id":"https:\/\/sales-ai-agents.com\/#organization"},"potentialAction":[{"@type":"SearchAction","target":{"@type":"EntryPoint","urlTemplate":"https:\/\/sales-ai-agents.com\/?s={search_term_string}"},"query-input":{"@type":"PropertyValueSpecification","valueRequired":true,"valueName":"search_term_string"}}],"inLanguage":"de-DE"},{"@type":"Organization","@id":"https:\/\/sales-ai-agents.com\/#organization","name":"FuseBase","url":"https:\/\/sales-ai-agents.com\/","logo":{"@type":"ImageObject","inLanguage":"de-DE","@id":"https:\/\/sales-ai-agents.com\/#\/schema\/logo\/image\/","url":"https:\/\/sales-ai-agents.com\/wp-content\/uploads\/2023\/11\/icon-7.svg","contentUrl":"https:\/\/sales-ai-agents.com\/wp-content\/uploads\/2023\/11\/icon-7.svg","width":128,"height":128,"caption":"FuseBase"},"image":{"@id":"https:\/\/sales-ai-agents.com\/#\/schema\/logo\/image\/"}}]}},"_links":{"self":[{"href":"https:\/\/sales-ai-agents.com\/de\/wp-json\/wp\/v2\/product\/55474","targetHints":{"allow":["GET"]}}],"collection":[{"href":"https:\/\/sales-ai-agents.com\/de\/wp-json\/wp\/v2\/product"}],"about":[{"href":"https:\/\/sales-ai-agents.com\/de\/wp-json\/wp\/v2\/types\/product"}],"wp:featuredmedia":[{"embeddable":true,"href":"https:\/\/sales-ai-agents.com\/de\/wp-json\/wp\/v2\/media\/25721"}],"wp:attachment":[{"href":"https:\/\/sales-ai-agents.com\/de\/wp-json\/wp\/v2\/media?parent=55474"}],"wp:term":[{"taxonomy":"product_brand","embeddable":true,"href":"https:\/\/sales-ai-agents.com\/de\/wp-json\/wp\/v2\/product_brand?post=55474"},{"taxonomy":"product_cat","embeddable":true,"href":"https:\/\/sales-ai-agents.com\/de\/wp-json\/wp\/v2\/product_cat?post=55474"},{"taxonomy":"product_tag","embeddable":true,"href":"https:\/\/sales-ai-agents.com\/de\/wp-json\/wp\/v2\/product_tag?post=55474"}],"curies":[{"name":"wp","href":"https:\/\/api.w.org\/{rel}","templated":true}]}}