{"id":55489,"date":"2022-09-26T13:35:44","date_gmt":"2022-09-26T13:35:44","guid":{"rendered":"https:\/\/sales-ai-agents.com\/templates\/customer-testimonials\/"},"modified":"2024-01-02T11:13:30","modified_gmt":"2024-01-02T11:13:30","slug":"customer-testimonials","status":"publish","type":"product","link":"https:\/\/sales-ai-agents.com\/de\/templates\/customer-testimonials\/","title":{"rendered":"Erfahrungsberichte von Kunden"},"content":{"rendered":"<p>&nbsp;<\/p>\n<h2>Kundenrezensionen Vorlage<\/h2>\n<p class=\"desc-text\">Empfehlungsschreiben sind eine gute M\u00f6glichkeit, die Glaubw\u00fcrdigkeit Ihrer Organisation zu erh\u00f6hen. Wenn Sie zu viele Informationen haben, um sie in einem einfachen Dokument allein zu verwalten, dann verwenden Sie diese Vorlage, um Ihrer Arbeit Struktur und Klarheit zu verleihen. Erfassen Sie Ihre Kundenangebote und verwenden Sie vorgefertigte Tabellen, um Ihre Aufzeichnungen zu organisieren. Sie k\u00f6nnen auch zus\u00e4tzliche Dokumente anh\u00e4ngen, um weitere Informationen zu erhalten. Bewahren Sie alle Ihre Daten an einem Ort auf, damit Sie alles einfach verwalten k\u00f6nnen.<\/p>\n<h5>Wie zu verwenden:<\/h5>\n<ul class=\"desc-item_list\">\n<li class=\"desc-item_list__point\">Namen Ihrer Kunden auflisten<\/li>\n<li class=\"desc-item_list__point\">Fallstudien beif\u00fcgen<\/li>\n<li class=\"desc-item_list__point\">Verwenden Sie Kontrollk\u00e4stchen, um den Status zu verfolgen<\/li>\n<li class=\"desc-item_list__point\">Zitate und Kommentare einf\u00fcgen<\/li>\n<li class=\"desc-item_list__point\">Enthalten Sie wichtige Details \u00fcber die <span data-preserver-spaces=\"true\">Unternehmen<\/span><\/li>\n<\/ul>\n","protected":false},"excerpt":{"rendered":"<p>Empfehlungsschreiben sind eine gute M\u00f6glichkeit, die Glaubw\u00fcrdigkeit Ihrer Organisation zu erh\u00f6hen. Verwenden Sie diese kostenlose, anpassbare Vorlage, um sie alle zu strukturieren und zu nutzen.<\/p>\n","protected":false},"featured_media":24978,"template":"","meta":{"_acf_changed":false,"inline_featured_image":false},"product_brand":[],"product_cat":[171,172,174,169,194],"product_tag":[166],"class_list":{"0":"post-55489","1":"product","2":"type-product","3":"status-publish","4":"has-post-thumbnail","6":"product_cat-marketing","7":"product_cat-marketing-analysis","8":"product_cat-marketing-clients","9":"product_cat-entrepreneur","10":"product_cat-sales-account","11":"product_tag-hit","12":"collections-client","14":"first","15":"instock","16":"virtual","17":"sold-individually","18":"product-type-simple"},"acf":[],"yoast_head":"<!-- This site is optimized with the Yoast SEO plugin v25.3.1 - https:\/\/yoast.com\/wordpress\/plugins\/seo\/ -->\n<title>Vorlage f\u00fcr Kundenrezensionen - Sales AI Agents<\/title>\n<meta name=\"description\" content=\"Empfehlungsschreiben sind eine gute M\u00f6glichkeit, die Glaubw\u00fcrdigkeit Ihrer Organisation zu erh\u00f6hen. Verwenden Sie diese kostenlose, anpassbare Vorlage, um sie alle zu strukturieren und zu nutzen!\" \/>\n<meta name=\"robots\" content=\"index, follow, max-snippet:-1, max-image-preview:large, max-video-preview:-1\" \/>\n<link rel=\"canonical\" href=\"https:\/\/sales-ai-agents.com\/de\/templates\/customer-testimonials\/\" \/>\n<meta property=\"og:locale\" content=\"de_DE\" \/>\n<meta property=\"og:type\" content=\"article\" \/>\n<meta property=\"og:title\" content=\"Vorlage f\u00fcr Kundenrezensionen - Sales AI Agents\" \/>\n<meta property=\"og:description\" content=\"Empfehlungsschreiben sind eine gute M\u00f6glichkeit, die Glaubw\u00fcrdigkeit Ihrer Organisation zu erh\u00f6hen. Verwenden Sie diese kostenlose, anpassbare Vorlage, um sie alle zu strukturieren und zu nutzen!\" \/>\n<meta property=\"og:url\" content=\"https:\/\/sales-ai-agents.com\/de\/templates\/customer-testimonials\/\" \/>\n<meta property=\"og:site_name\" content=\"Sales AI Agents\" \/>\n<meta property=\"article:modified_time\" content=\"2024-01-02T11:13:30+00:00\" \/>\n<meta property=\"og:image\" content=\"https:\/\/sales-ai-agents.com\/wp-content\/uploads\/2022\/09\/Customer-Testimonials-Template.png\" \/>\n\t<meta property=\"og:image:width\" content=\"1700\" \/>\n\t<meta property=\"og:image:height\" content=\"1100\" \/>\n\t<meta property=\"og:image:type\" content=\"image\/png\" \/>\n<meta name=\"twitter:card\" content=\"summary_large_image\" \/>\n<script type=\"application\/ld+json\" class=\"yoast-schema-graph\">{\"@context\":\"https:\/\/schema.org\",\"@graph\":[{\"@type\":\"WebPage\",\"@id\":\"https:\/\/sales-ai-agents.com\/de\/templates\/customer-testimonials\/\",\"url\":\"https:\/\/sales-ai-agents.com\/de\/templates\/customer-testimonials\/\",\"name\":\"Vorlage f\u00fcr Kundenrezensionen - Sales AI Agents\",\"isPartOf\":{\"@id\":\"https:\/\/sales-ai-agents.com\/#website\"},\"primaryImageOfPage\":{\"@id\":\"https:\/\/sales-ai-agents.com\/de\/templates\/customer-testimonials\/#primaryimage\"},\"image\":{\"@id\":\"https:\/\/sales-ai-agents.com\/de\/templates\/customer-testimonials\/#primaryimage\"},\"thumbnailUrl\":\"https:\/\/sales-ai-agents.com\/wp-content\/uploads\/2022\/09\/Customer-Testimonials-Template.png\",\"datePublished\":\"2022-09-26T13:35:44+00:00\",\"dateModified\":\"2024-01-02T11:13:30+00:00\",\"description\":\"Empfehlungsschreiben sind eine gute M\u00f6glichkeit, die Glaubw\u00fcrdigkeit Ihrer Organisation zu erh\u00f6hen. Verwenden Sie diese kostenlose, anpassbare Vorlage, um sie alle zu strukturieren und zu nutzen!\",\"inLanguage\":\"de-DE\",\"potentialAction\":[{\"@type\":\"ReadAction\",\"target\":[\"https:\/\/sales-ai-agents.com\/de\/templates\/customer-testimonials\/\"]}]},{\"@type\":\"ImageObject\",\"inLanguage\":\"de-DE\",\"@id\":\"https:\/\/sales-ai-agents.com\/de\/templates\/customer-testimonials\/#primaryimage\",\"url\":\"https:\/\/sales-ai-agents.com\/wp-content\/uploads\/2022\/09\/Customer-Testimonials-Template.png\",\"contentUrl\":\"https:\/\/sales-ai-agents.com\/wp-content\/uploads\/2022\/09\/Customer-Testimonials-Template.png\",\"width\":1700,\"height\":1100,\"caption\":\"Use this free customizable template to structure them all and make use of them\"},{\"@type\":\"WebSite\",\"@id\":\"https:\/\/sales-ai-agents.com\/#website\",\"url\":\"https:\/\/sales-ai-agents.com\/\",\"name\":\"FuseBase\",\"description\":\"Nimbus Platform - Free Online Collaboration Software for Remote Teams. Build your wikis, client portals and more with the Nimbus Platform collaboration tool ? A perfect space for online work\",\"publisher\":{\"@id\":\"https:\/\/sales-ai-agents.com\/#organization\"},\"potentialAction\":[{\"@type\":\"SearchAction\",\"target\":{\"@type\":\"EntryPoint\",\"urlTemplate\":\"https:\/\/sales-ai-agents.com\/?s={search_term_string}\"},\"query-input\":{\"@type\":\"PropertyValueSpecification\",\"valueRequired\":true,\"valueName\":\"search_term_string\"}}],\"inLanguage\":\"de-DE\"},{\"@type\":\"Organization\",\"@id\":\"https:\/\/sales-ai-agents.com\/#organization\",\"name\":\"FuseBase\",\"url\":\"https:\/\/sales-ai-agents.com\/\",\"logo\":{\"@type\":\"ImageObject\",\"inLanguage\":\"de-DE\",\"@id\":\"https:\/\/sales-ai-agents.com\/#\/schema\/logo\/image\/\",\"url\":\"https:\/\/sales-ai-agents.com\/wp-content\/uploads\/2023\/11\/icon-7.svg\",\"contentUrl\":\"https:\/\/sales-ai-agents.com\/wp-content\/uploads\/2023\/11\/icon-7.svg\",\"width\":128,\"height\":128,\"caption\":\"FuseBase\"},\"image\":{\"@id\":\"https:\/\/sales-ai-agents.com\/#\/schema\/logo\/image\/\"}}]}<\/script>\n<!-- \/ Yoast SEO plugin. -->","yoast_head_json":{"title":"Vorlage f\u00fcr Kundenrezensionen - Sales AI Agents","description":"Empfehlungsschreiben sind eine gute M\u00f6glichkeit, die Glaubw\u00fcrdigkeit Ihrer Organisation zu erh\u00f6hen. Verwenden Sie diese kostenlose, anpassbare Vorlage, um sie alle zu strukturieren und zu nutzen!","robots":{"index":"index","follow":"follow","max-snippet":"max-snippet:-1","max-image-preview":"max-image-preview:large","max-video-preview":"max-video-preview:-1"},"canonical":"https:\/\/sales-ai-agents.com\/de\/templates\/customer-testimonials\/","og_locale":"de_DE","og_type":"article","og_title":"Vorlage f\u00fcr Kundenrezensionen - Sales AI Agents","og_description":"Empfehlungsschreiben sind eine gute M\u00f6glichkeit, die Glaubw\u00fcrdigkeit Ihrer Organisation zu erh\u00f6hen. Verwenden Sie diese kostenlose, anpassbare Vorlage, um sie alle zu strukturieren und zu nutzen!","og_url":"https:\/\/sales-ai-agents.com\/de\/templates\/customer-testimonials\/","og_site_name":"Sales AI Agents","article_modified_time":"2024-01-02T11:13:30+00:00","og_image":[{"width":1700,"height":1100,"url":"https:\/\/sales-ai-agents.com\/wp-content\/uploads\/2022\/09\/Customer-Testimonials-Template.png","type":"image\/png"}],"twitter_card":"summary_large_image","schema":{"@context":"https:\/\/schema.org","@graph":[{"@type":"WebPage","@id":"https:\/\/sales-ai-agents.com\/de\/templates\/customer-testimonials\/","url":"https:\/\/sales-ai-agents.com\/de\/templates\/customer-testimonials\/","name":"Vorlage f\u00fcr Kundenrezensionen - Sales AI Agents","isPartOf":{"@id":"https:\/\/sales-ai-agents.com\/#website"},"primaryImageOfPage":{"@id":"https:\/\/sales-ai-agents.com\/de\/templates\/customer-testimonials\/#primaryimage"},"image":{"@id":"https:\/\/sales-ai-agents.com\/de\/templates\/customer-testimonials\/#primaryimage"},"thumbnailUrl":"https:\/\/sales-ai-agents.com\/wp-content\/uploads\/2022\/09\/Customer-Testimonials-Template.png","datePublished":"2022-09-26T13:35:44+00:00","dateModified":"2024-01-02T11:13:30+00:00","description":"Empfehlungsschreiben sind eine gute M\u00f6glichkeit, die Glaubw\u00fcrdigkeit Ihrer Organisation zu erh\u00f6hen. Verwenden Sie diese kostenlose, anpassbare Vorlage, um sie alle zu strukturieren und zu nutzen!","inLanguage":"de-DE","potentialAction":[{"@type":"ReadAction","target":["https:\/\/sales-ai-agents.com\/de\/templates\/customer-testimonials\/"]}]},{"@type":"ImageObject","inLanguage":"de-DE","@id":"https:\/\/sales-ai-agents.com\/de\/templates\/customer-testimonials\/#primaryimage","url":"https:\/\/sales-ai-agents.com\/wp-content\/uploads\/2022\/09\/Customer-Testimonials-Template.png","contentUrl":"https:\/\/sales-ai-agents.com\/wp-content\/uploads\/2022\/09\/Customer-Testimonials-Template.png","width":1700,"height":1100,"caption":"Use this free customizable template to structure them all and make use of them"},{"@type":"WebSite","@id":"https:\/\/sales-ai-agents.com\/#website","url":"https:\/\/sales-ai-agents.com\/","name":"FuseBase","description":"Nimbus Platform - Free Online Collaboration Software for Remote Teams. Build your wikis, client portals and more with the Nimbus Platform collaboration tool ? A perfect space for online work","publisher":{"@id":"https:\/\/sales-ai-agents.com\/#organization"},"potentialAction":[{"@type":"SearchAction","target":{"@type":"EntryPoint","urlTemplate":"https:\/\/sales-ai-agents.com\/?s={search_term_string}"},"query-input":{"@type":"PropertyValueSpecification","valueRequired":true,"valueName":"search_term_string"}}],"inLanguage":"de-DE"},{"@type":"Organization","@id":"https:\/\/sales-ai-agents.com\/#organization","name":"FuseBase","url":"https:\/\/sales-ai-agents.com\/","logo":{"@type":"ImageObject","inLanguage":"de-DE","@id":"https:\/\/sales-ai-agents.com\/#\/schema\/logo\/image\/","url":"https:\/\/sales-ai-agents.com\/wp-content\/uploads\/2023\/11\/icon-7.svg","contentUrl":"https:\/\/sales-ai-agents.com\/wp-content\/uploads\/2023\/11\/icon-7.svg","width":128,"height":128,"caption":"FuseBase"},"image":{"@id":"https:\/\/sales-ai-agents.com\/#\/schema\/logo\/image\/"}}]}},"_links":{"self":[{"href":"https:\/\/sales-ai-agents.com\/de\/wp-json\/wp\/v2\/product\/55489","targetHints":{"allow":["GET"]}}],"collection":[{"href":"https:\/\/sales-ai-agents.com\/de\/wp-json\/wp\/v2\/product"}],"about":[{"href":"https:\/\/sales-ai-agents.com\/de\/wp-json\/wp\/v2\/types\/product"}],"wp:featuredmedia":[{"embeddable":true,"href":"https:\/\/sales-ai-agents.com\/de\/wp-json\/wp\/v2\/media\/24978"}],"wp:attachment":[{"href":"https:\/\/sales-ai-agents.com\/de\/wp-json\/wp\/v2\/media?parent=55489"}],"wp:term":[{"taxonomy":"product_brand","embeddable":true,"href":"https:\/\/sales-ai-agents.com\/de\/wp-json\/wp\/v2\/product_brand?post=55489"},{"taxonomy":"product_cat","embeddable":true,"href":"https:\/\/sales-ai-agents.com\/de\/wp-json\/wp\/v2\/product_cat?post=55489"},{"taxonomy":"product_tag","embeddable":true,"href":"https:\/\/sales-ai-agents.com\/de\/wp-json\/wp\/v2\/product_tag?post=55489"}],"curies":[{"name":"wp","href":"https:\/\/api.w.org\/{rel}","templated":true}]}}