{"id":55495,"date":"2022-09-26T13:35:40","date_gmt":"2022-09-26T13:35:40","guid":{"rendered":"https:\/\/sales-ai-agents.com\/templates\/morning-routine\/"},"modified":"2024-01-02T13:29:07","modified_gmt":"2024-01-02T13:29:07","slug":"morning-routine","status":"publish","type":"product","link":"https:\/\/sales-ai-agents.com\/de\/templates\/morning-routine\/","title":{"rendered":"Morgenroutine"},"content":{"rendered":"<p>&nbsp;<\/p>\n<h2>Morgenroutine Vorlage<\/h2>\n<p class=\"desc-text\">Eine Morgenroutine ist eine Reihe von Aktivit\u00e4ten, die am Morgen durchgef\u00fchrt werden, in der Regel bevor man mit wichtigen t\u00e4glichen Aktivit\u00e4ten wie dem Gang zur Arbeit oder zur Schule beginnt. Die Aktivit\u00e4ten k\u00f6nnen von einem Glas Wasser oder dem Z\u00e4hneputzen bis hin zu einem zweist\u00fcndigen Workout oder einem Lauf um den Block reichen. Diese Vorlage wird Ihnen helfen, sich an die Erledigung Ihrer t\u00e4glichen Aufgaben zu erinnern.<\/p>\n<h5>Wie zu verwenden:<\/h5>\n<ul class=\"desc-item_list\">\n<li class=\"desc-item_list__point\">F\u00fcllen Sie die Bl\u00f6cke &#8222;Vorbereitung&#8220;, &#8222;Planung&#8220;, &#8222;Fokus am Morgen&#8220; und &#8222;Praktische Aufgaben am Morgen&#8220; mit Ihren gew\u00fcnschten Aufgaben.<\/li>\n<li class=\"desc-item_list__point\">Kreuzen Sie die K\u00e4stchen an, wenn Sie vorankommen.<\/li>\n<li class=\"desc-item_list__point\">Setzen Sie eine t\u00e4gliche Erinnerung auf den Zettel, damit Sie Ihre t\u00e4gliche Morgenroutine nicht vergessen.<\/li>\n<\/ul>\n","protected":false},"excerpt":{"rendered":"<p>Diese kostenlose, anpassbare Vorlage hilft Ihnen, sich an Ihre t\u00e4glichen Aktivit\u00e4ten zu erinnern, wie z. B. \u00dcbungen zu machen, Wasser zu trinken und andere Dinge zu erledigen.<\/p>\n","protected":false},"featured_media":27165,"template":"","meta":{"_acf_changed":false,"inline_featured_image":false},"product_brand":[],"product_cat":[179,180],"product_tag":[],"class_list":{"0":"post-55495","1":"product","2":"type-product","3":"status-publish","4":"has-post-thumbnail","6":"product_cat-organizers-planners","7":"product_cat-personal","9":"first","10":"instock","11":"virtual","12":"sold-individually","13":"product-type-simple"},"acf":[],"yoast_head":"<!-- This site is optimized with the Yoast SEO plugin v25.3.1 - https:\/\/yoast.com\/wordpress\/plugins\/seo\/ -->\n<title>Morgenroutine Vorlage - Sales AI Agents<\/title>\n<meta name=\"description\" content=\"Diese kostenlose, anpassbare Vorlage wird Ihnen helfen, sich an Ihre t\u00e4glichen Aktivit\u00e4ten zu erinnern, wie z.B. \u00dcbungen zu machen, Wasser zu trinken und andere Dinge.\" \/>\n<meta name=\"robots\" content=\"index, follow, max-snippet:-1, max-image-preview:large, max-video-preview:-1\" \/>\n<link rel=\"canonical\" href=\"https:\/\/sales-ai-agents.com\/de\/templates\/morning-routine\/\" \/>\n<meta property=\"og:locale\" content=\"de_DE\" \/>\n<meta property=\"og:type\" content=\"article\" \/>\n<meta property=\"og:title\" content=\"Morgenroutine Vorlage - Sales AI Agents\" \/>\n<meta property=\"og:description\" content=\"Diese kostenlose, anpassbare Vorlage wird Ihnen helfen, sich an Ihre t\u00e4glichen Aktivit\u00e4ten zu erinnern, wie z.B. \u00dcbungen zu machen, Wasser zu trinken und andere Dinge.\" \/>\n<meta property=\"og:url\" content=\"https:\/\/sales-ai-agents.com\/de\/templates\/morning-routine\/\" \/>\n<meta property=\"og:site_name\" content=\"Sales AI Agents\" \/>\n<meta property=\"article:modified_time\" content=\"2024-01-02T13:29:07+00:00\" \/>\n<meta property=\"og:image\" content=\"https:\/\/sales-ai-agents.com\/wp-content\/uploads\/2022\/09\/Morning-Routine-Template.png\" \/>\n\t<meta property=\"og:image:width\" content=\"1700\" \/>\n\t<meta property=\"og:image:height\" content=\"1100\" \/>\n\t<meta property=\"og:image:type\" content=\"image\/png\" \/>\n<meta name=\"twitter:card\" content=\"summary_large_image\" \/>\n<script type=\"application\/ld+json\" class=\"yoast-schema-graph\">{\"@context\":\"https:\/\/schema.org\",\"@graph\":[{\"@type\":\"WebPage\",\"@id\":\"https:\/\/sales-ai-agents.com\/de\/templates\/morning-routine\/\",\"url\":\"https:\/\/sales-ai-agents.com\/de\/templates\/morning-routine\/\",\"name\":\"Morgenroutine Vorlage - Sales AI Agents\",\"isPartOf\":{\"@id\":\"https:\/\/sales-ai-agents.com\/#website\"},\"primaryImageOfPage\":{\"@id\":\"https:\/\/sales-ai-agents.com\/de\/templates\/morning-routine\/#primaryimage\"},\"image\":{\"@id\":\"https:\/\/sales-ai-agents.com\/de\/templates\/morning-routine\/#primaryimage\"},\"thumbnailUrl\":\"https:\/\/sales-ai-agents.com\/wp-content\/uploads\/2022\/09\/Morning-Routine-Template.png\",\"datePublished\":\"2022-09-26T13:35:40+00:00\",\"dateModified\":\"2024-01-02T13:29:07+00:00\",\"description\":\"Diese kostenlose, anpassbare Vorlage wird Ihnen helfen, sich an Ihre t\u00e4glichen Aktivit\u00e4ten zu erinnern, wie z.B. \u00dcbungen zu machen, Wasser zu trinken und andere Dinge.\",\"inLanguage\":\"de-DE\",\"potentialAction\":[{\"@type\":\"ReadAction\",\"target\":[\"https:\/\/sales-ai-agents.com\/de\/templates\/morning-routine\/\"]}]},{\"@type\":\"ImageObject\",\"inLanguage\":\"de-DE\",\"@id\":\"https:\/\/sales-ai-agents.com\/de\/templates\/morning-routine\/#primaryimage\",\"url\":\"https:\/\/sales-ai-agents.com\/wp-content\/uploads\/2022\/09\/Morning-Routine-Template.png\",\"contentUrl\":\"https:\/\/sales-ai-agents.com\/wp-content\/uploads\/2022\/09\/Morning-Routine-Template.png\",\"width\":1700,\"height\":1100,\"caption\":\"This free customizable template will help you to remember to complete your required daily activities like doing exercises, drinking water and other stuff.\"},{\"@type\":\"WebSite\",\"@id\":\"https:\/\/sales-ai-agents.com\/#website\",\"url\":\"https:\/\/sales-ai-agents.com\/\",\"name\":\"FuseBase\",\"description\":\"Nimbus Platform - Free Online Collaboration Software for Remote Teams. Build your wikis, client portals and more with the Nimbus Platform collaboration tool ? A perfect space for online work\",\"publisher\":{\"@id\":\"https:\/\/sales-ai-agents.com\/#organization\"},\"potentialAction\":[{\"@type\":\"SearchAction\",\"target\":{\"@type\":\"EntryPoint\",\"urlTemplate\":\"https:\/\/sales-ai-agents.com\/?s={search_term_string}\"},\"query-input\":{\"@type\":\"PropertyValueSpecification\",\"valueRequired\":true,\"valueName\":\"search_term_string\"}}],\"inLanguage\":\"de-DE\"},{\"@type\":\"Organization\",\"@id\":\"https:\/\/sales-ai-agents.com\/#organization\",\"name\":\"FuseBase\",\"url\":\"https:\/\/sales-ai-agents.com\/\",\"logo\":{\"@type\":\"ImageObject\",\"inLanguage\":\"de-DE\",\"@id\":\"https:\/\/sales-ai-agents.com\/#\/schema\/logo\/image\/\",\"url\":\"https:\/\/sales-ai-agents.com\/wp-content\/uploads\/2023\/11\/icon-7.svg\",\"contentUrl\":\"https:\/\/sales-ai-agents.com\/wp-content\/uploads\/2023\/11\/icon-7.svg\",\"width\":128,\"height\":128,\"caption\":\"FuseBase\"},\"image\":{\"@id\":\"https:\/\/sales-ai-agents.com\/#\/schema\/logo\/image\/\"}}]}<\/script>\n<!-- \/ Yoast SEO plugin. -->","yoast_head_json":{"title":"Morgenroutine Vorlage - Sales AI Agents","description":"Diese kostenlose, anpassbare Vorlage wird Ihnen helfen, sich an Ihre t\u00e4glichen Aktivit\u00e4ten zu erinnern, wie z.B. \u00dcbungen zu machen, Wasser zu trinken und andere Dinge.","robots":{"index":"index","follow":"follow","max-snippet":"max-snippet:-1","max-image-preview":"max-image-preview:large","max-video-preview":"max-video-preview:-1"},"canonical":"https:\/\/sales-ai-agents.com\/de\/templates\/morning-routine\/","og_locale":"de_DE","og_type":"article","og_title":"Morgenroutine Vorlage - Sales AI Agents","og_description":"Diese kostenlose, anpassbare Vorlage wird Ihnen helfen, sich an Ihre t\u00e4glichen Aktivit\u00e4ten zu erinnern, wie z.B. \u00dcbungen zu machen, Wasser zu trinken und andere Dinge.","og_url":"https:\/\/sales-ai-agents.com\/de\/templates\/morning-routine\/","og_site_name":"Sales AI Agents","article_modified_time":"2024-01-02T13:29:07+00:00","og_image":[{"width":1700,"height":1100,"url":"https:\/\/sales-ai-agents.com\/wp-content\/uploads\/2022\/09\/Morning-Routine-Template.png","type":"image\/png"}],"twitter_card":"summary_large_image","schema":{"@context":"https:\/\/schema.org","@graph":[{"@type":"WebPage","@id":"https:\/\/sales-ai-agents.com\/de\/templates\/morning-routine\/","url":"https:\/\/sales-ai-agents.com\/de\/templates\/morning-routine\/","name":"Morgenroutine Vorlage - Sales AI Agents","isPartOf":{"@id":"https:\/\/sales-ai-agents.com\/#website"},"primaryImageOfPage":{"@id":"https:\/\/sales-ai-agents.com\/de\/templates\/morning-routine\/#primaryimage"},"image":{"@id":"https:\/\/sales-ai-agents.com\/de\/templates\/morning-routine\/#primaryimage"},"thumbnailUrl":"https:\/\/sales-ai-agents.com\/wp-content\/uploads\/2022\/09\/Morning-Routine-Template.png","datePublished":"2022-09-26T13:35:40+00:00","dateModified":"2024-01-02T13:29:07+00:00","description":"Diese kostenlose, anpassbare Vorlage wird Ihnen helfen, sich an Ihre t\u00e4glichen Aktivit\u00e4ten zu erinnern, wie z.B. \u00dcbungen zu machen, Wasser zu trinken und andere Dinge.","inLanguage":"de-DE","potentialAction":[{"@type":"ReadAction","target":["https:\/\/sales-ai-agents.com\/de\/templates\/morning-routine\/"]}]},{"@type":"ImageObject","inLanguage":"de-DE","@id":"https:\/\/sales-ai-agents.com\/de\/templates\/morning-routine\/#primaryimage","url":"https:\/\/sales-ai-agents.com\/wp-content\/uploads\/2022\/09\/Morning-Routine-Template.png","contentUrl":"https:\/\/sales-ai-agents.com\/wp-content\/uploads\/2022\/09\/Morning-Routine-Template.png","width":1700,"height":1100,"caption":"This free customizable template will help you to remember to complete your required daily activities like doing exercises, drinking water and other stuff."},{"@type":"WebSite","@id":"https:\/\/sales-ai-agents.com\/#website","url":"https:\/\/sales-ai-agents.com\/","name":"FuseBase","description":"Nimbus Platform - Free Online Collaboration Software for Remote Teams. Build your wikis, client portals and more with the Nimbus Platform collaboration tool ? A perfect space for online work","publisher":{"@id":"https:\/\/sales-ai-agents.com\/#organization"},"potentialAction":[{"@type":"SearchAction","target":{"@type":"EntryPoint","urlTemplate":"https:\/\/sales-ai-agents.com\/?s={search_term_string}"},"query-input":{"@type":"PropertyValueSpecification","valueRequired":true,"valueName":"search_term_string"}}],"inLanguage":"de-DE"},{"@type":"Organization","@id":"https:\/\/sales-ai-agents.com\/#organization","name":"FuseBase","url":"https:\/\/sales-ai-agents.com\/","logo":{"@type":"ImageObject","inLanguage":"de-DE","@id":"https:\/\/sales-ai-agents.com\/#\/schema\/logo\/image\/","url":"https:\/\/sales-ai-agents.com\/wp-content\/uploads\/2023\/11\/icon-7.svg","contentUrl":"https:\/\/sales-ai-agents.com\/wp-content\/uploads\/2023\/11\/icon-7.svg","width":128,"height":128,"caption":"FuseBase"},"image":{"@id":"https:\/\/sales-ai-agents.com\/#\/schema\/logo\/image\/"}}]}},"_links":{"self":[{"href":"https:\/\/sales-ai-agents.com\/de\/wp-json\/wp\/v2\/product\/55495","targetHints":{"allow":["GET"]}}],"collection":[{"href":"https:\/\/sales-ai-agents.com\/de\/wp-json\/wp\/v2\/product"}],"about":[{"href":"https:\/\/sales-ai-agents.com\/de\/wp-json\/wp\/v2\/types\/product"}],"wp:featuredmedia":[{"embeddable":true,"href":"https:\/\/sales-ai-agents.com\/de\/wp-json\/wp\/v2\/media\/27165"}],"wp:attachment":[{"href":"https:\/\/sales-ai-agents.com\/de\/wp-json\/wp\/v2\/media?parent=55495"}],"wp:term":[{"taxonomy":"product_brand","embeddable":true,"href":"https:\/\/sales-ai-agents.com\/de\/wp-json\/wp\/v2\/product_brand?post=55495"},{"taxonomy":"product_cat","embeddable":true,"href":"https:\/\/sales-ai-agents.com\/de\/wp-json\/wp\/v2\/product_cat?post=55495"},{"taxonomy":"product_tag","embeddable":true,"href":"https:\/\/sales-ai-agents.com\/de\/wp-json\/wp\/v2\/product_tag?post=55495"}],"curies":[{"name":"wp","href":"https:\/\/api.w.org\/{rel}","templated":true}]}}