{"id":55498,"date":"2022-09-26T13:34:58","date_gmt":"2022-09-26T13:34:58","guid":{"rendered":"https:\/\/sales-ai-agents.com\/templates\/personal-crm\/"},"modified":"2023-12-26T14:55:27","modified_gmt":"2023-12-26T14:55:27","slug":"personal-crm","status":"publish","type":"product","link":"https:\/\/sales-ai-agents.com\/de\/templates\/personal-crm\/","title":{"rendered":"Pers\u00f6nliches CRM"},"content":{"rendered":"<p>&nbsp;<\/p>\n<h2>Pers\u00f6nliche CRM-Vorlage<\/h2>\n<p class=\"desc-text\">Erweitern Sie Ihr Netzwerk und bleiben Sie in Kontakt mit Freunden und Familie mit dieser pers\u00f6nlichen CRM-Vorlage. Verlassen Sie sich nicht nur auf Ihr Ged\u00e4chtnis, um mit anderen in Kontakt zu bleiben. Verwenden Sie ein konkretes System, um Termine, Anrufe und Kontaktinformationen festzuhalten. Unabh\u00e4ngig davon, welchen Beruf Sie aus\u00fcben, k\u00f6nnen Sie Ihre Kontakte pflegen und verbessern, indem Sie ein klares System verwenden, um die Menschen zu erreichen, die Ihnen am wichtigsten sind.<\/p>\n<h5>Wie zu verwenden:<\/h5>\n<ul class=\"desc-item_list\">\n<li class=\"desc-item_list__point\">Liste der Namen Ihrer Kontakte<\/li>\n<li class=\"desc-item_list__point\">Markieren Sie jeden Kontakt mit einem farbigen Etikett<\/li>\n<li class=\"desc-item_list__point\">Aufnahme der wichtigsten Informationen in die Tabelle<\/li>\n<li class=\"desc-item_list__point\">W\u00e4hlen Sie das Datum und die Uhrzeit Ihres letzten Gespr\u00e4chs<\/li>\n<li class=\"desc-item_list__point\">E-Mails, Telefonnummern, Adressen und soziale Medien hinzuf\u00fcgen<\/li>\n<li class=\"desc-item_list__point\">Verwenden Sie Kontrollk\u00e4stchen, um anzugeben, ob Sie sich gemeldet haben oder nicht<\/li>\n<\/ul>\n","protected":false},"excerpt":{"rendered":"<p>Erweitern Sie Ihr Netzwerk und bleiben Sie in Kontakt mit Freunden und Familie mit dieser pers\u00f6nlichen CRM-Vorlage. Verwenden Sie ein System, um Besprechungen, Anrufe und Kontaktinformationen zu verwalten.<\/p>\n","protected":false},"featured_media":20950,"template":"","meta":{"_acf_changed":false,"inline_featured_image":false},"product_brand":[],"product_cat":[164],"product_tag":[],"class_list":{"0":"post-55498","1":"product","2":"type-product","3":"status-publish","4":"has-post-thumbnail","6":"product_cat-customer-support","8":"first","9":"instock","10":"virtual","11":"sold-individually","12":"product-type-simple"},"acf":[],"yoast_head":"<!-- This site is optimized with the Yoast SEO plugin v25.3.1 - https:\/\/yoast.com\/wordpress\/plugins\/seo\/ -->\n<title>Personal CRM Vorlage - Sales AI Agents<\/title>\n<meta name=\"description\" content=\"Erweitern Sie Ihr Netzwerk und bleiben Sie in Kontakt mit Freunden und Familie mit dieser pers\u00f6nlichen CRM-Vorlage. Verwenden Sie ein System, um Besprechungen, Anrufe und Kontaktinformationen zu verwalten.\" \/>\n<meta name=\"robots\" content=\"index, follow, max-snippet:-1, max-image-preview:large, max-video-preview:-1\" \/>\n<link rel=\"canonical\" href=\"https:\/\/sales-ai-agents.com\/de\/templates\/personal-crm\/\" \/>\n<meta property=\"og:locale\" content=\"de_DE\" \/>\n<meta property=\"og:type\" content=\"article\" \/>\n<meta property=\"og:title\" content=\"Personal CRM Vorlage - Sales AI Agents\" \/>\n<meta property=\"og:description\" content=\"Erweitern Sie Ihr Netzwerk und bleiben Sie in Kontakt mit Freunden und Familie mit dieser pers\u00f6nlichen CRM-Vorlage. Verwenden Sie ein System, um Besprechungen, Anrufe und Kontaktinformationen zu verwalten.\" \/>\n<meta property=\"og:url\" content=\"https:\/\/sales-ai-agents.com\/de\/templates\/personal-crm\/\" \/>\n<meta property=\"og:site_name\" content=\"Sales AI Agents\" \/>\n<meta property=\"article:modified_time\" content=\"2023-12-26T14:55:27+00:00\" \/>\n<meta property=\"og:image\" content=\"https:\/\/sales-ai-agents.com\/wp-content\/uploads\/2023\/01\/image-preview124112.png\" \/>\n\t<meta property=\"og:image:width\" content=\"1078\" \/>\n\t<meta property=\"og:image:height\" content=\"760\" \/>\n\t<meta property=\"og:image:type\" content=\"image\/png\" \/>\n<meta name=\"twitter:card\" content=\"summary_large_image\" \/>\n<script type=\"application\/ld+json\" class=\"yoast-schema-graph\">{\"@context\":\"https:\/\/schema.org\",\"@graph\":[{\"@type\":\"WebPage\",\"@id\":\"https:\/\/sales-ai-agents.com\/de\/templates\/personal-crm\/\",\"url\":\"https:\/\/sales-ai-agents.com\/de\/templates\/personal-crm\/\",\"name\":\"Personal CRM Vorlage - Sales AI Agents\",\"isPartOf\":{\"@id\":\"https:\/\/sales-ai-agents.com\/#website\"},\"primaryImageOfPage\":{\"@id\":\"https:\/\/sales-ai-agents.com\/de\/templates\/personal-crm\/#primaryimage\"},\"image\":{\"@id\":\"https:\/\/sales-ai-agents.com\/de\/templates\/personal-crm\/#primaryimage\"},\"thumbnailUrl\":\"https:\/\/sales-ai-agents.com\/wp-content\/uploads\/2023\/01\/image-preview124112.png\",\"datePublished\":\"2022-09-26T13:34:58+00:00\",\"dateModified\":\"2023-12-26T14:55:27+00:00\",\"description\":\"Erweitern Sie Ihr Netzwerk und bleiben Sie in Kontakt mit Freunden und Familie mit dieser pers\u00f6nlichen CRM-Vorlage. Verwenden Sie ein System, um Besprechungen, Anrufe und Kontaktinformationen zu verwalten.\",\"inLanguage\":\"de-DE\",\"potentialAction\":[{\"@type\":\"ReadAction\",\"target\":[\"https:\/\/sales-ai-agents.com\/de\/templates\/personal-crm\/\"]}]},{\"@type\":\"ImageObject\",\"inLanguage\":\"de-DE\",\"@id\":\"https:\/\/sales-ai-agents.com\/de\/templates\/personal-crm\/#primaryimage\",\"url\":\"https:\/\/sales-ai-agents.com\/wp-content\/uploads\/2023\/01\/image-preview124112.png\",\"contentUrl\":\"https:\/\/sales-ai-agents.com\/wp-content\/uploads\/2023\/01\/image-preview124112.png\",\"width\":1078,\"height\":760,\"caption\":\"CRM\"},{\"@type\":\"WebSite\",\"@id\":\"https:\/\/sales-ai-agents.com\/#website\",\"url\":\"https:\/\/sales-ai-agents.com\/\",\"name\":\"FuseBase\",\"description\":\"Nimbus Platform - Free Online Collaboration Software for Remote Teams. Build your wikis, client portals and more with the Nimbus Platform collaboration tool ? A perfect space for online work\",\"publisher\":{\"@id\":\"https:\/\/sales-ai-agents.com\/#organization\"},\"potentialAction\":[{\"@type\":\"SearchAction\",\"target\":{\"@type\":\"EntryPoint\",\"urlTemplate\":\"https:\/\/sales-ai-agents.com\/?s={search_term_string}\"},\"query-input\":{\"@type\":\"PropertyValueSpecification\",\"valueRequired\":true,\"valueName\":\"search_term_string\"}}],\"inLanguage\":\"de-DE\"},{\"@type\":\"Organization\",\"@id\":\"https:\/\/sales-ai-agents.com\/#organization\",\"name\":\"FuseBase\",\"url\":\"https:\/\/sales-ai-agents.com\/\",\"logo\":{\"@type\":\"ImageObject\",\"inLanguage\":\"de-DE\",\"@id\":\"https:\/\/sales-ai-agents.com\/#\/schema\/logo\/image\/\",\"url\":\"https:\/\/sales-ai-agents.com\/wp-content\/uploads\/2023\/11\/icon-7.svg\",\"contentUrl\":\"https:\/\/sales-ai-agents.com\/wp-content\/uploads\/2023\/11\/icon-7.svg\",\"width\":128,\"height\":128,\"caption\":\"FuseBase\"},\"image\":{\"@id\":\"https:\/\/sales-ai-agents.com\/#\/schema\/logo\/image\/\"}}]}<\/script>\n<!-- \/ Yoast SEO plugin. -->","yoast_head_json":{"title":"Personal CRM Vorlage - Sales AI Agents","description":"Erweitern Sie Ihr Netzwerk und bleiben Sie in Kontakt mit Freunden und Familie mit dieser pers\u00f6nlichen CRM-Vorlage. Verwenden Sie ein System, um Besprechungen, Anrufe und Kontaktinformationen zu verwalten.","robots":{"index":"index","follow":"follow","max-snippet":"max-snippet:-1","max-image-preview":"max-image-preview:large","max-video-preview":"max-video-preview:-1"},"canonical":"https:\/\/sales-ai-agents.com\/de\/templates\/personal-crm\/","og_locale":"de_DE","og_type":"article","og_title":"Personal CRM Vorlage - Sales AI Agents","og_description":"Erweitern Sie Ihr Netzwerk und bleiben Sie in Kontakt mit Freunden und Familie mit dieser pers\u00f6nlichen CRM-Vorlage. Verwenden Sie ein System, um Besprechungen, Anrufe und Kontaktinformationen zu verwalten.","og_url":"https:\/\/sales-ai-agents.com\/de\/templates\/personal-crm\/","og_site_name":"Sales AI Agents","article_modified_time":"2023-12-26T14:55:27+00:00","og_image":[{"width":1078,"height":760,"url":"https:\/\/sales-ai-agents.com\/wp-content\/uploads\/2023\/01\/image-preview124112.png","type":"image\/png"}],"twitter_card":"summary_large_image","schema":{"@context":"https:\/\/schema.org","@graph":[{"@type":"WebPage","@id":"https:\/\/sales-ai-agents.com\/de\/templates\/personal-crm\/","url":"https:\/\/sales-ai-agents.com\/de\/templates\/personal-crm\/","name":"Personal CRM Vorlage - Sales AI Agents","isPartOf":{"@id":"https:\/\/sales-ai-agents.com\/#website"},"primaryImageOfPage":{"@id":"https:\/\/sales-ai-agents.com\/de\/templates\/personal-crm\/#primaryimage"},"image":{"@id":"https:\/\/sales-ai-agents.com\/de\/templates\/personal-crm\/#primaryimage"},"thumbnailUrl":"https:\/\/sales-ai-agents.com\/wp-content\/uploads\/2023\/01\/image-preview124112.png","datePublished":"2022-09-26T13:34:58+00:00","dateModified":"2023-12-26T14:55:27+00:00","description":"Erweitern Sie Ihr Netzwerk und bleiben Sie in Kontakt mit Freunden und Familie mit dieser pers\u00f6nlichen CRM-Vorlage. Verwenden Sie ein System, um Besprechungen, Anrufe und Kontaktinformationen zu verwalten.","inLanguage":"de-DE","potentialAction":[{"@type":"ReadAction","target":["https:\/\/sales-ai-agents.com\/de\/templates\/personal-crm\/"]}]},{"@type":"ImageObject","inLanguage":"de-DE","@id":"https:\/\/sales-ai-agents.com\/de\/templates\/personal-crm\/#primaryimage","url":"https:\/\/sales-ai-agents.com\/wp-content\/uploads\/2023\/01\/image-preview124112.png","contentUrl":"https:\/\/sales-ai-agents.com\/wp-content\/uploads\/2023\/01\/image-preview124112.png","width":1078,"height":760,"caption":"CRM"},{"@type":"WebSite","@id":"https:\/\/sales-ai-agents.com\/#website","url":"https:\/\/sales-ai-agents.com\/","name":"FuseBase","description":"Nimbus Platform - Free Online Collaboration Software for Remote Teams. Build your wikis, client portals and more with the Nimbus Platform collaboration tool ? A perfect space for online work","publisher":{"@id":"https:\/\/sales-ai-agents.com\/#organization"},"potentialAction":[{"@type":"SearchAction","target":{"@type":"EntryPoint","urlTemplate":"https:\/\/sales-ai-agents.com\/?s={search_term_string}"},"query-input":{"@type":"PropertyValueSpecification","valueRequired":true,"valueName":"search_term_string"}}],"inLanguage":"de-DE"},{"@type":"Organization","@id":"https:\/\/sales-ai-agents.com\/#organization","name":"FuseBase","url":"https:\/\/sales-ai-agents.com\/","logo":{"@type":"ImageObject","inLanguage":"de-DE","@id":"https:\/\/sales-ai-agents.com\/#\/schema\/logo\/image\/","url":"https:\/\/sales-ai-agents.com\/wp-content\/uploads\/2023\/11\/icon-7.svg","contentUrl":"https:\/\/sales-ai-agents.com\/wp-content\/uploads\/2023\/11\/icon-7.svg","width":128,"height":128,"caption":"FuseBase"},"image":{"@id":"https:\/\/sales-ai-agents.com\/#\/schema\/logo\/image\/"}}]}},"_links":{"self":[{"href":"https:\/\/sales-ai-agents.com\/de\/wp-json\/wp\/v2\/product\/55498","targetHints":{"allow":["GET"]}}],"collection":[{"href":"https:\/\/sales-ai-agents.com\/de\/wp-json\/wp\/v2\/product"}],"about":[{"href":"https:\/\/sales-ai-agents.com\/de\/wp-json\/wp\/v2\/types\/product"}],"wp:featuredmedia":[{"embeddable":true,"href":"https:\/\/sales-ai-agents.com\/de\/wp-json\/wp\/v2\/media\/20950"}],"wp:attachment":[{"href":"https:\/\/sales-ai-agents.com\/de\/wp-json\/wp\/v2\/media?parent=55498"}],"wp:term":[{"taxonomy":"product_brand","embeddable":true,"href":"https:\/\/sales-ai-agents.com\/de\/wp-json\/wp\/v2\/product_brand?post=55498"},{"taxonomy":"product_cat","embeddable":true,"href":"https:\/\/sales-ai-agents.com\/de\/wp-json\/wp\/v2\/product_cat?post=55498"},{"taxonomy":"product_tag","embeddable":true,"href":"https:\/\/sales-ai-agents.com\/de\/wp-json\/wp\/v2\/product_tag?post=55498"}],"curies":[{"name":"wp","href":"https:\/\/api.w.org\/{rel}","templated":true}]}}