{"id":55501,"date":"2022-09-26T13:34:54","date_gmt":"2022-09-26T13:34:54","guid":{"rendered":"https:\/\/sales-ai-agents.com\/templates\/job-candidates-tracker\/"},"modified":"2024-01-02T13:13:35","modified_gmt":"2024-01-02T13:13:35","slug":"job-candidates-tracker","status":"publish","type":"product","link":"https:\/\/sales-ai-agents.com\/de\/templates\/job-candidates-tracker\/","title":{"rendered":"Job Candidates Tracker"},"content":{"rendered":"<p>&nbsp;<\/p>\n<h2>Job Candidates Tracker Vorlage<\/h2>\n<p class=\"desc-text\">Organisieren Sie Ihren Einstellungsprozess mit diesem Kandidaten-Tracker. Bleiben Sie in Kontakt mit Ihren Bewerbern, indem Sie nach dem ersten Lebenslaufscreening geeignete Bewerber auflisten. Halten Sie sich \u00fcber den Stand ihrer Bewerbung auf dem Laufenden. Wenn ein Bewerber ein Angebot ablehnt, k\u00f6nnen Sie die Gr\u00fcnde daf\u00fcr vermerken. Anhand der Tabelle k\u00f6nnen Sie andere geeignete Bewerber hervorheben, die Sie f\u00fcr ein Telefongespr\u00e4ch oder ein Treffen ansprechen k\u00f6nnen.<\/p>\n<h5>Wie zu verwenden:<\/h5>\n<ul class=\"desc-item_list\">\n<li class=\"desc-item_list__point\">F\u00fcgen Sie die gew\u00fcnschte Position des Bewerbers hinzu<\/li>\n<li class=\"desc-item_list__point\">Wichtige Informationen \u00fcber den Bewerber enthalten<\/li>\n<li class=\"desc-item_list__point\">Notieren Sie sich ihre Interviewtermine<\/li>\n<li class=\"desc-item_list__point\">Kreuzen Sie das K\u00e4stchen an, wenn sie ihr Angebot abgelehnt haben<\/li>\n<li class=\"desc-item_list__point\">F\u00fcgen Sie alle relevanten Notizen oder Kommentare ein<\/li>\n<\/ul>\n","protected":false},"excerpt":{"rendered":"<p>Organisieren Sie Ihren Einstellungsprozess mit diesem Kandidaten-Tracker. Bleiben Sie in Kontakt mit Ihren Bewerbern, indem Sie nach dem ersten Lebenslaufscreening geeignete Bewerber auflisten.<\/p>\n","protected":false},"featured_media":20870,"template":"","meta":{"_acf_changed":false,"inline_featured_image":false},"product_brand":[],"product_cat":[178,169],"product_tag":[],"class_list":{"0":"post-55501","1":"product","2":"type-product","3":"status-publish","4":"has-post-thumbnail","6":"product_cat-operations-hr","7":"product_cat-entrepreneur","9":"first","10":"instock","11":"virtual","12":"sold-individually","13":"product-type-simple"},"acf":[],"yoast_head":"<!-- This site is optimized with the Yoast SEO plugin v25.3.1 - https:\/\/yoast.com\/wordpress\/plugins\/seo\/ -->\n<title>Job Candidates Tracker Vorlage - Sales AI Agents<\/title>\n<meta name=\"description\" content=\"Organisieren Sie Ihren Einstellungsprozess mit diesem Kandidaten-Tracker. Bleiben Sie in Kontakt mit Ihren Bewerbern, indem Sie nach dem ersten Lebenslaufscreening geeignete Bewerber auflisten.\" \/>\n<meta name=\"robots\" content=\"index, follow, max-snippet:-1, max-image-preview:large, max-video-preview:-1\" \/>\n<link rel=\"canonical\" href=\"https:\/\/sales-ai-agents.com\/de\/templates\/job-candidates-tracker\/\" \/>\n<meta property=\"og:locale\" content=\"de_DE\" \/>\n<meta property=\"og:type\" content=\"article\" \/>\n<meta property=\"og:title\" content=\"Job Candidates Tracker Vorlage - Sales AI Agents\" \/>\n<meta property=\"og:description\" content=\"Organisieren Sie Ihren Einstellungsprozess mit diesem Kandidaten-Tracker. Bleiben Sie in Kontakt mit Ihren Bewerbern, indem Sie nach dem ersten Lebenslaufscreening geeignete Bewerber auflisten.\" \/>\n<meta property=\"og:url\" content=\"https:\/\/sales-ai-agents.com\/de\/templates\/job-candidates-tracker\/\" \/>\n<meta property=\"og:site_name\" content=\"Sales AI Agents\" \/>\n<meta property=\"article:modified_time\" content=\"2024-01-02T13:13:35+00:00\" \/>\n<meta property=\"og:image\" content=\"https:\/\/sales-ai-agents.com\/wp-content\/uploads\/2023\/01\/image-preview123610.png\" \/>\n\t<meta property=\"og:image:width\" content=\"1078\" \/>\n\t<meta property=\"og:image:height\" content=\"760\" \/>\n\t<meta property=\"og:image:type\" content=\"image\/png\" \/>\n<meta name=\"twitter:card\" content=\"summary_large_image\" \/>\n<script type=\"application\/ld+json\" class=\"yoast-schema-graph\">{\"@context\":\"https:\/\/schema.org\",\"@graph\":[{\"@type\":\"WebPage\",\"@id\":\"https:\/\/sales-ai-agents.com\/de\/templates\/job-candidates-tracker\/\",\"url\":\"https:\/\/sales-ai-agents.com\/de\/templates\/job-candidates-tracker\/\",\"name\":\"Job Candidates Tracker Vorlage - Sales AI Agents\",\"isPartOf\":{\"@id\":\"https:\/\/sales-ai-agents.com\/#website\"},\"primaryImageOfPage\":{\"@id\":\"https:\/\/sales-ai-agents.com\/de\/templates\/job-candidates-tracker\/#primaryimage\"},\"image\":{\"@id\":\"https:\/\/sales-ai-agents.com\/de\/templates\/job-candidates-tracker\/#primaryimage\"},\"thumbnailUrl\":\"https:\/\/sales-ai-agents.com\/wp-content\/uploads\/2023\/01\/image-preview123610.png\",\"datePublished\":\"2022-09-26T13:34:54+00:00\",\"dateModified\":\"2024-01-02T13:13:35+00:00\",\"description\":\"Organisieren Sie Ihren Einstellungsprozess mit diesem Kandidaten-Tracker. Bleiben Sie in Kontakt mit Ihren Bewerbern, indem Sie nach dem ersten Lebenslaufscreening geeignete Bewerber auflisten.\",\"inLanguage\":\"de-DE\",\"potentialAction\":[{\"@type\":\"ReadAction\",\"target\":[\"https:\/\/sales-ai-agents.com\/de\/templates\/job-candidates-tracker\/\"]}]},{\"@type\":\"ImageObject\",\"inLanguage\":\"de-DE\",\"@id\":\"https:\/\/sales-ai-agents.com\/de\/templates\/job-candidates-tracker\/#primaryimage\",\"url\":\"https:\/\/sales-ai-agents.com\/wp-content\/uploads\/2023\/01\/image-preview123610.png\",\"contentUrl\":\"https:\/\/sales-ai-agents.com\/wp-content\/uploads\/2023\/01\/image-preview123610.png\",\"width\":1078,\"height\":760,\"caption\":\"Job Candidates Tracker Template - Nimbus Platform\"},{\"@type\":\"WebSite\",\"@id\":\"https:\/\/sales-ai-agents.com\/#website\",\"url\":\"https:\/\/sales-ai-agents.com\/\",\"name\":\"FuseBase\",\"description\":\"Nimbus Platform - Free Online Collaboration Software for Remote Teams. Build your wikis, client portals and more with the Nimbus Platform collaboration tool ? A perfect space for online work\",\"publisher\":{\"@id\":\"https:\/\/sales-ai-agents.com\/#organization\"},\"potentialAction\":[{\"@type\":\"SearchAction\",\"target\":{\"@type\":\"EntryPoint\",\"urlTemplate\":\"https:\/\/sales-ai-agents.com\/?s={search_term_string}\"},\"query-input\":{\"@type\":\"PropertyValueSpecification\",\"valueRequired\":true,\"valueName\":\"search_term_string\"}}],\"inLanguage\":\"de-DE\"},{\"@type\":\"Organization\",\"@id\":\"https:\/\/sales-ai-agents.com\/#organization\",\"name\":\"FuseBase\",\"url\":\"https:\/\/sales-ai-agents.com\/\",\"logo\":{\"@type\":\"ImageObject\",\"inLanguage\":\"de-DE\",\"@id\":\"https:\/\/sales-ai-agents.com\/#\/schema\/logo\/image\/\",\"url\":\"https:\/\/sales-ai-agents.com\/wp-content\/uploads\/2023\/11\/icon-7.svg\",\"contentUrl\":\"https:\/\/sales-ai-agents.com\/wp-content\/uploads\/2023\/11\/icon-7.svg\",\"width\":128,\"height\":128,\"caption\":\"FuseBase\"},\"image\":{\"@id\":\"https:\/\/sales-ai-agents.com\/#\/schema\/logo\/image\/\"}}]}<\/script>\n<!-- \/ Yoast SEO plugin. -->","yoast_head_json":{"title":"Job Candidates Tracker Vorlage - Sales AI Agents","description":"Organisieren Sie Ihren Einstellungsprozess mit diesem Kandidaten-Tracker. Bleiben Sie in Kontakt mit Ihren Bewerbern, indem Sie nach dem ersten Lebenslaufscreening geeignete Bewerber auflisten.","robots":{"index":"index","follow":"follow","max-snippet":"max-snippet:-1","max-image-preview":"max-image-preview:large","max-video-preview":"max-video-preview:-1"},"canonical":"https:\/\/sales-ai-agents.com\/de\/templates\/job-candidates-tracker\/","og_locale":"de_DE","og_type":"article","og_title":"Job Candidates Tracker Vorlage - Sales AI Agents","og_description":"Organisieren Sie Ihren Einstellungsprozess mit diesem Kandidaten-Tracker. Bleiben Sie in Kontakt mit Ihren Bewerbern, indem Sie nach dem ersten Lebenslaufscreening geeignete Bewerber auflisten.","og_url":"https:\/\/sales-ai-agents.com\/de\/templates\/job-candidates-tracker\/","og_site_name":"Sales AI Agents","article_modified_time":"2024-01-02T13:13:35+00:00","og_image":[{"width":1078,"height":760,"url":"https:\/\/sales-ai-agents.com\/wp-content\/uploads\/2023\/01\/image-preview123610.png","type":"image\/png"}],"twitter_card":"summary_large_image","schema":{"@context":"https:\/\/schema.org","@graph":[{"@type":"WebPage","@id":"https:\/\/sales-ai-agents.com\/de\/templates\/job-candidates-tracker\/","url":"https:\/\/sales-ai-agents.com\/de\/templates\/job-candidates-tracker\/","name":"Job Candidates Tracker Vorlage - Sales AI Agents","isPartOf":{"@id":"https:\/\/sales-ai-agents.com\/#website"},"primaryImageOfPage":{"@id":"https:\/\/sales-ai-agents.com\/de\/templates\/job-candidates-tracker\/#primaryimage"},"image":{"@id":"https:\/\/sales-ai-agents.com\/de\/templates\/job-candidates-tracker\/#primaryimage"},"thumbnailUrl":"https:\/\/sales-ai-agents.com\/wp-content\/uploads\/2023\/01\/image-preview123610.png","datePublished":"2022-09-26T13:34:54+00:00","dateModified":"2024-01-02T13:13:35+00:00","description":"Organisieren Sie Ihren Einstellungsprozess mit diesem Kandidaten-Tracker. Bleiben Sie in Kontakt mit Ihren Bewerbern, indem Sie nach dem ersten Lebenslaufscreening geeignete Bewerber auflisten.","inLanguage":"de-DE","potentialAction":[{"@type":"ReadAction","target":["https:\/\/sales-ai-agents.com\/de\/templates\/job-candidates-tracker\/"]}]},{"@type":"ImageObject","inLanguage":"de-DE","@id":"https:\/\/sales-ai-agents.com\/de\/templates\/job-candidates-tracker\/#primaryimage","url":"https:\/\/sales-ai-agents.com\/wp-content\/uploads\/2023\/01\/image-preview123610.png","contentUrl":"https:\/\/sales-ai-agents.com\/wp-content\/uploads\/2023\/01\/image-preview123610.png","width":1078,"height":760,"caption":"Job Candidates Tracker Template - Nimbus Platform"},{"@type":"WebSite","@id":"https:\/\/sales-ai-agents.com\/#website","url":"https:\/\/sales-ai-agents.com\/","name":"FuseBase","description":"Nimbus Platform - Free Online Collaboration Software for Remote Teams. Build your wikis, client portals and more with the Nimbus Platform collaboration tool ? A perfect space for online work","publisher":{"@id":"https:\/\/sales-ai-agents.com\/#organization"},"potentialAction":[{"@type":"SearchAction","target":{"@type":"EntryPoint","urlTemplate":"https:\/\/sales-ai-agents.com\/?s={search_term_string}"},"query-input":{"@type":"PropertyValueSpecification","valueRequired":true,"valueName":"search_term_string"}}],"inLanguage":"de-DE"},{"@type":"Organization","@id":"https:\/\/sales-ai-agents.com\/#organization","name":"FuseBase","url":"https:\/\/sales-ai-agents.com\/","logo":{"@type":"ImageObject","inLanguage":"de-DE","@id":"https:\/\/sales-ai-agents.com\/#\/schema\/logo\/image\/","url":"https:\/\/sales-ai-agents.com\/wp-content\/uploads\/2023\/11\/icon-7.svg","contentUrl":"https:\/\/sales-ai-agents.com\/wp-content\/uploads\/2023\/11\/icon-7.svg","width":128,"height":128,"caption":"FuseBase"},"image":{"@id":"https:\/\/sales-ai-agents.com\/#\/schema\/logo\/image\/"}}]}},"_links":{"self":[{"href":"https:\/\/sales-ai-agents.com\/de\/wp-json\/wp\/v2\/product\/55501","targetHints":{"allow":["GET"]}}],"collection":[{"href":"https:\/\/sales-ai-agents.com\/de\/wp-json\/wp\/v2\/product"}],"about":[{"href":"https:\/\/sales-ai-agents.com\/de\/wp-json\/wp\/v2\/types\/product"}],"wp:featuredmedia":[{"embeddable":true,"href":"https:\/\/sales-ai-agents.com\/de\/wp-json\/wp\/v2\/media\/20870"}],"wp:attachment":[{"href":"https:\/\/sales-ai-agents.com\/de\/wp-json\/wp\/v2\/media?parent=55501"}],"wp:term":[{"taxonomy":"product_brand","embeddable":true,"href":"https:\/\/sales-ai-agents.com\/de\/wp-json\/wp\/v2\/product_brand?post=55501"},{"taxonomy":"product_cat","embeddable":true,"href":"https:\/\/sales-ai-agents.com\/de\/wp-json\/wp\/v2\/product_cat?post=55501"},{"taxonomy":"product_tag","embeddable":true,"href":"https:\/\/sales-ai-agents.com\/de\/wp-json\/wp\/v2\/product_tag?post=55501"}],"curies":[{"name":"wp","href":"https:\/\/api.w.org\/{rel}","templated":true}]}}