{"id":55504,"date":"2022-09-26T13:34:50","date_gmt":"2022-09-26T13:34:50","guid":{"rendered":"https:\/\/sales-ai-agents.com\/templates\/weekly-agenda\/"},"modified":"2024-01-02T13:56:31","modified_gmt":"2024-01-02T13:56:31","slug":"weekly-agenda","status":"publish","type":"product","link":"https:\/\/sales-ai-agents.com\/de\/templates\/weekly-agenda\/","title":{"rendered":"W\u00f6chentliche Agenda"},"content":{"rendered":"<p>&nbsp;<\/p>\n<h2>W\u00f6chentliche Agenda Vorlage<\/h2>\n<p class=\"desc-text\">Beginnen Sie die Woche, indem Sie sich mit Ihrem Team treffen und einen Wochenplan besprechen. \u00dcberlegen Sie, was Sie vor Ablauf der Woche erledigen m\u00fcssen. F\u00fcgen Sie alle wichtigen bevorstehenden Sitzungen, Fristen und Ereignisse ein. Erstellen Sie eine Liste mit wichtigen Diskussionspunkten. Bringen Sie Ihr gesamtes Team auf den neuesten Stand, indem Sie diese Vorlage weitergeben.<\/p>\n<h5>Wie zu verwenden:<\/h5>\n<ul class=\"desc-item_list\">\n<li class=\"desc-item_list__point\">Anstehende Pl\u00e4ne beachten<\/li>\n<li class=\"desc-item_list__point\">Veranstaltungen und Aktivit\u00e4ten f\u00fcr jeden Wochentag einbeziehen<\/li>\n<li class=\"desc-item_list__point\">Notizen f\u00fcr Diskussionsthemen erstellen<\/li>\n<li class=\"desc-item_list__point\">Wichtige Erkenntnisse auflisten<\/li>\n<li class=\"desc-item_list__point\">Kommunikation und Austausch der w\u00f6chentlichen Agenda mit dem Team<\/li>\n<\/ul>\n","protected":false},"excerpt":{"rendered":"<p>Egal, in welchem Team Sie sind, mit dieser kostenlosen, anpassbaren Vorlage werden Sie erfolgreich. Mit Weekly Agenda lassen sich Projekte jeder Gr\u00f6\u00dfe und Komplexit\u00e4t leicht verwalten.<\/p>\n","protected":false},"featured_media":26648,"template":"","meta":{"_acf_changed":false,"inline_featured_image":false},"product_brand":[],"product_cat":[179,180,185],"product_tag":[],"class_list":{"0":"post-55504","1":"product","2":"type-product","3":"status-publish","4":"has-post-thumbnail","6":"product_cat-organizers-planners","7":"product_cat-personal","8":"product_cat-personal-work","10":"first","11":"instock","12":"virtual","13":"sold-individually","14":"product-type-simple"},"acf":[],"yoast_head":"<!-- This site is optimized with the Yoast SEO plugin v25.3.1 - https:\/\/yoast.com\/wordpress\/plugins\/seo\/ -->\n<title>W\u00f6chentliche Agenda Vorlage - Sales AI Agents<\/title>\n<meta name=\"description\" content=\"Egal, in welchem Team Sie sind, mit dieser kostenlosen, anpassbaren Vorlage werden Sie erfolgreich. Weekly Agenda erleichtert die Verwaltung von Projekten jeder Gr\u00f6\u00dfe und Komplexit\u00e4t\" \/>\n<meta name=\"robots\" content=\"index, follow, max-snippet:-1, max-image-preview:large, max-video-preview:-1\" \/>\n<link rel=\"canonical\" href=\"https:\/\/sales-ai-agents.com\/de\/templates\/weekly-agenda\/\" \/>\n<meta property=\"og:locale\" content=\"de_DE\" \/>\n<meta property=\"og:type\" content=\"article\" \/>\n<meta property=\"og:title\" content=\"W\u00f6chentliche Agenda Vorlage - Sales AI Agents\" \/>\n<meta property=\"og:description\" content=\"Egal, in welchem Team Sie sind, mit dieser kostenlosen, anpassbaren Vorlage werden Sie erfolgreich. Weekly Agenda erleichtert die Verwaltung von Projekten jeder Gr\u00f6\u00dfe und Komplexit\u00e4t\" \/>\n<meta property=\"og:url\" content=\"https:\/\/sales-ai-agents.com\/de\/templates\/weekly-agenda\/\" \/>\n<meta property=\"og:site_name\" content=\"Sales AI Agents\" \/>\n<meta property=\"article:modified_time\" content=\"2024-01-02T13:56:31+00:00\" \/>\n<meta property=\"og:image\" content=\"https:\/\/sales-ai-agents.com\/wp-content\/uploads\/2022\/09\/Weekly-Agenda-Template.png\" \/>\n\t<meta property=\"og:image:width\" content=\"1700\" \/>\n\t<meta property=\"og:image:height\" content=\"1100\" \/>\n\t<meta property=\"og:image:type\" content=\"image\/png\" \/>\n<meta name=\"twitter:card\" content=\"summary_large_image\" \/>\n<script type=\"application\/ld+json\" class=\"yoast-schema-graph\">{\"@context\":\"https:\/\/schema.org\",\"@graph\":[{\"@type\":\"WebPage\",\"@id\":\"https:\/\/sales-ai-agents.com\/de\/templates\/weekly-agenda\/\",\"url\":\"https:\/\/sales-ai-agents.com\/de\/templates\/weekly-agenda\/\",\"name\":\"W\u00f6chentliche Agenda Vorlage - Sales AI Agents\",\"isPartOf\":{\"@id\":\"https:\/\/sales-ai-agents.com\/#website\"},\"primaryImageOfPage\":{\"@id\":\"https:\/\/sales-ai-agents.com\/de\/templates\/weekly-agenda\/#primaryimage\"},\"image\":{\"@id\":\"https:\/\/sales-ai-agents.com\/de\/templates\/weekly-agenda\/#primaryimage\"},\"thumbnailUrl\":\"https:\/\/sales-ai-agents.com\/wp-content\/uploads\/2022\/09\/Weekly-Agenda-Template.png\",\"datePublished\":\"2022-09-26T13:34:50+00:00\",\"dateModified\":\"2024-01-02T13:56:31+00:00\",\"description\":\"Egal, in welchem Team Sie sind, mit dieser kostenlosen, anpassbaren Vorlage werden Sie erfolgreich. Weekly Agenda erleichtert die Verwaltung von Projekten jeder Gr\u00f6\u00dfe und Komplexit\u00e4t\",\"inLanguage\":\"de-DE\",\"potentialAction\":[{\"@type\":\"ReadAction\",\"target\":[\"https:\/\/sales-ai-agents.com\/de\/templates\/weekly-agenda\/\"]}]},{\"@type\":\"ImageObject\",\"inLanguage\":\"de-DE\",\"@id\":\"https:\/\/sales-ai-agents.com\/de\/templates\/weekly-agenda\/#primaryimage\",\"url\":\"https:\/\/sales-ai-agents.com\/wp-content\/uploads\/2022\/09\/Weekly-Agenda-Template.png\",\"contentUrl\":\"https:\/\/sales-ai-agents.com\/wp-content\/uploads\/2022\/09\/Weekly-Agenda-Template.png\",\"width\":1700,\"height\":1100,\"caption\":\"Create a list of important discussion items. Get your whole team caught up by sharing this template.\"},{\"@type\":\"WebSite\",\"@id\":\"https:\/\/sales-ai-agents.com\/#website\",\"url\":\"https:\/\/sales-ai-agents.com\/\",\"name\":\"FuseBase\",\"description\":\"Nimbus Platform - Free Online Collaboration Software for Remote Teams. Build your wikis, client portals and more with the Nimbus Platform collaboration tool ? A perfect space for online work\",\"publisher\":{\"@id\":\"https:\/\/sales-ai-agents.com\/#organization\"},\"potentialAction\":[{\"@type\":\"SearchAction\",\"target\":{\"@type\":\"EntryPoint\",\"urlTemplate\":\"https:\/\/sales-ai-agents.com\/?s={search_term_string}\"},\"query-input\":{\"@type\":\"PropertyValueSpecification\",\"valueRequired\":true,\"valueName\":\"search_term_string\"}}],\"inLanguage\":\"de-DE\"},{\"@type\":\"Organization\",\"@id\":\"https:\/\/sales-ai-agents.com\/#organization\",\"name\":\"FuseBase\",\"url\":\"https:\/\/sales-ai-agents.com\/\",\"logo\":{\"@type\":\"ImageObject\",\"inLanguage\":\"de-DE\",\"@id\":\"https:\/\/sales-ai-agents.com\/#\/schema\/logo\/image\/\",\"url\":\"https:\/\/sales-ai-agents.com\/wp-content\/uploads\/2023\/11\/icon-7.svg\",\"contentUrl\":\"https:\/\/sales-ai-agents.com\/wp-content\/uploads\/2023\/11\/icon-7.svg\",\"width\":128,\"height\":128,\"caption\":\"FuseBase\"},\"image\":{\"@id\":\"https:\/\/sales-ai-agents.com\/#\/schema\/logo\/image\/\"}}]}<\/script>\n<!-- \/ Yoast SEO plugin. -->","yoast_head_json":{"title":"W\u00f6chentliche Agenda Vorlage - Sales AI Agents","description":"Egal, in welchem Team Sie sind, mit dieser kostenlosen, anpassbaren Vorlage werden Sie erfolgreich. Weekly Agenda erleichtert die Verwaltung von Projekten jeder Gr\u00f6\u00dfe und Komplexit\u00e4t","robots":{"index":"index","follow":"follow","max-snippet":"max-snippet:-1","max-image-preview":"max-image-preview:large","max-video-preview":"max-video-preview:-1"},"canonical":"https:\/\/sales-ai-agents.com\/de\/templates\/weekly-agenda\/","og_locale":"de_DE","og_type":"article","og_title":"W\u00f6chentliche Agenda Vorlage - Sales AI Agents","og_description":"Egal, in welchem Team Sie sind, mit dieser kostenlosen, anpassbaren Vorlage werden Sie erfolgreich. Weekly Agenda erleichtert die Verwaltung von Projekten jeder Gr\u00f6\u00dfe und Komplexit\u00e4t","og_url":"https:\/\/sales-ai-agents.com\/de\/templates\/weekly-agenda\/","og_site_name":"Sales AI Agents","article_modified_time":"2024-01-02T13:56:31+00:00","og_image":[{"width":1700,"height":1100,"url":"https:\/\/sales-ai-agents.com\/wp-content\/uploads\/2022\/09\/Weekly-Agenda-Template.png","type":"image\/png"}],"twitter_card":"summary_large_image","schema":{"@context":"https:\/\/schema.org","@graph":[{"@type":"WebPage","@id":"https:\/\/sales-ai-agents.com\/de\/templates\/weekly-agenda\/","url":"https:\/\/sales-ai-agents.com\/de\/templates\/weekly-agenda\/","name":"W\u00f6chentliche Agenda Vorlage - Sales AI Agents","isPartOf":{"@id":"https:\/\/sales-ai-agents.com\/#website"},"primaryImageOfPage":{"@id":"https:\/\/sales-ai-agents.com\/de\/templates\/weekly-agenda\/#primaryimage"},"image":{"@id":"https:\/\/sales-ai-agents.com\/de\/templates\/weekly-agenda\/#primaryimage"},"thumbnailUrl":"https:\/\/sales-ai-agents.com\/wp-content\/uploads\/2022\/09\/Weekly-Agenda-Template.png","datePublished":"2022-09-26T13:34:50+00:00","dateModified":"2024-01-02T13:56:31+00:00","description":"Egal, in welchem Team Sie sind, mit dieser kostenlosen, anpassbaren Vorlage werden Sie erfolgreich. Weekly Agenda erleichtert die Verwaltung von Projekten jeder Gr\u00f6\u00dfe und Komplexit\u00e4t","inLanguage":"de-DE","potentialAction":[{"@type":"ReadAction","target":["https:\/\/sales-ai-agents.com\/de\/templates\/weekly-agenda\/"]}]},{"@type":"ImageObject","inLanguage":"de-DE","@id":"https:\/\/sales-ai-agents.com\/de\/templates\/weekly-agenda\/#primaryimage","url":"https:\/\/sales-ai-agents.com\/wp-content\/uploads\/2022\/09\/Weekly-Agenda-Template.png","contentUrl":"https:\/\/sales-ai-agents.com\/wp-content\/uploads\/2022\/09\/Weekly-Agenda-Template.png","width":1700,"height":1100,"caption":"Create a list of important discussion items. Get your whole team caught up by sharing this template."},{"@type":"WebSite","@id":"https:\/\/sales-ai-agents.com\/#website","url":"https:\/\/sales-ai-agents.com\/","name":"FuseBase","description":"Nimbus Platform - Free Online Collaboration Software for Remote Teams. Build your wikis, client portals and more with the Nimbus Platform collaboration tool ? A perfect space for online work","publisher":{"@id":"https:\/\/sales-ai-agents.com\/#organization"},"potentialAction":[{"@type":"SearchAction","target":{"@type":"EntryPoint","urlTemplate":"https:\/\/sales-ai-agents.com\/?s={search_term_string}"},"query-input":{"@type":"PropertyValueSpecification","valueRequired":true,"valueName":"search_term_string"}}],"inLanguage":"de-DE"},{"@type":"Organization","@id":"https:\/\/sales-ai-agents.com\/#organization","name":"FuseBase","url":"https:\/\/sales-ai-agents.com\/","logo":{"@type":"ImageObject","inLanguage":"de-DE","@id":"https:\/\/sales-ai-agents.com\/#\/schema\/logo\/image\/","url":"https:\/\/sales-ai-agents.com\/wp-content\/uploads\/2023\/11\/icon-7.svg","contentUrl":"https:\/\/sales-ai-agents.com\/wp-content\/uploads\/2023\/11\/icon-7.svg","width":128,"height":128,"caption":"FuseBase"},"image":{"@id":"https:\/\/sales-ai-agents.com\/#\/schema\/logo\/image\/"}}]}},"_links":{"self":[{"href":"https:\/\/sales-ai-agents.com\/de\/wp-json\/wp\/v2\/product\/55504","targetHints":{"allow":["GET"]}}],"collection":[{"href":"https:\/\/sales-ai-agents.com\/de\/wp-json\/wp\/v2\/product"}],"about":[{"href":"https:\/\/sales-ai-agents.com\/de\/wp-json\/wp\/v2\/types\/product"}],"wp:featuredmedia":[{"embeddable":true,"href":"https:\/\/sales-ai-agents.com\/de\/wp-json\/wp\/v2\/media\/26648"}],"wp:attachment":[{"href":"https:\/\/sales-ai-agents.com\/de\/wp-json\/wp\/v2\/media?parent=55504"}],"wp:term":[{"taxonomy":"product_brand","embeddable":true,"href":"https:\/\/sales-ai-agents.com\/de\/wp-json\/wp\/v2\/product_brand?post=55504"},{"taxonomy":"product_cat","embeddable":true,"href":"https:\/\/sales-ai-agents.com\/de\/wp-json\/wp\/v2\/product_cat?post=55504"},{"taxonomy":"product_tag","embeddable":true,"href":"https:\/\/sales-ai-agents.com\/de\/wp-json\/wp\/v2\/product_tag?post=55504"}],"curies":[{"name":"wp","href":"https:\/\/api.w.org\/{rel}","templated":true}]}}