{"id":55510,"date":"2022-09-26T13:34:46","date_gmt":"2022-09-26T13:34:46","guid":{"rendered":"https:\/\/sales-ai-agents.com\/templates\/resume\/"},"modified":"2023-12-31T16:30:04","modified_gmt":"2023-12-31T16:30:04","slug":"resume","status":"publish","type":"product","link":"https:\/\/sales-ai-agents.com\/de\/templates\/resume\/","title":{"rendered":"Lebenslauf"},"content":{"rendered":"<p>&nbsp;<\/p>\n<h2>Lebenslauf Vorlage<\/h2>\n<p>Finden Sie es schwierig, einen Lebenslauf zu schreiben, um die Ziele zu erreichen? Vielen Menschen f\u00e4llt es schwer, einen Lebenslauf in bestm\u00f6glicher Form zu verfassen. Im Durchschnitt verbringt ein Arbeitgeber etwa 30 Sekunden mit der Durchsicht eines Lebenslaufs. Daher ist es von entscheidender Bedeutung, einen Lebenslauf zu schreiben, der alle relevanten Informationen in einem klaren und leicht verst\u00e4ndlichen Format wiedergibt, das selbst einen skeptischen Arbeitgeber dazu bringen kann, Sie zu einem Vorstellungsgespr\u00e4ch einzuladen.<\/p>\n<p>Sie k\u00f6nnen viele professionelle kostenlose Lebenslaufvorlagen und kostenpflichtige Kategorien finden. Diese Formate k\u00f6nnen verwendet und sogar an Ihre Anforderungen angepasst werden. Au\u00dferdem gibt es viele Softwareprogramme f\u00fcr die Erstellung von Lebensl\u00e4ufen. Sie sollen Sie bei der Erstellung eines Lebenslaufs umfassend unterst\u00fctzen und die wichtigsten Punkte hervorheben. Hier finden Sie weitere Informationen \u00fcber Lebenslaufformate und wie Sie diese zu Ihrem Vorteil nutzen k\u00f6nnen.<\/p>\n<h5>Was ist eine professionelle Lebenslaufvorlage?<b><br \/>\n<\/b><\/h5>\n<p>Eine professionelle Lebenslaufvorlage ist ein vorformatiertes Dokument, das so gestaltet ist, dass es die relevanten Informationen enth\u00e4lt, die f\u00fcr einen Arbeitgeber wichtig sind. Die Einstellungen f\u00fcr den Lebenslauf umfassen R\u00e4nder, Schriftarten, \u00dcberschriften, Stile usw., um einen professionellen Eindruck zu vermitteln. Der Arbeitsmarkt ist sehr anspruchsvoll, und ein professionelles Lebenslaufformat verschafft Ihnen einen Wettbewerbsvorteil gegen\u00fcber anderen Lebensl\u00e4ufen.<\/p>\n<p>Nehmen wir an, Sie verwenden eine professionelle Lebenslaufvorlage, die wie ein Formular zum Ausf\u00fcllen aussieht. Das Lebenslaufformat ist gut lesbar und bietet mehr Leerraum, wodurch Ihr Lebenslauf attraktiver und pr\u00e4sentabler wird. Dar\u00fcber hinaus verf\u00fcgt das Lebenslaufformat \u00fcber eine Aufz\u00e4hlungsdarstellung, die es Ihnen erm\u00f6glicht, die Informationen in leicht lesbaren Aussagen zu pr\u00e4sentieren. Sie k\u00f6nnen mit der Eingabe der Daten in das kostenlose Lebenslaufformat beginnen, ohne sich um Schriftart und Stil zu k\u00fcmmern.<\/p>\n<p>Eine Lebenslaufvorlage ist ein Bewerbungsformat, das vorformatiert ist, um den beruflichen Werdegang, die Qualifikationen, die Berufserfahrungen und die Leistungen darzustellen und zu zeigen, warum Sie der beste Kandidat f\u00fcr die Stelle sind.<\/p>\n<h5>Sollten Sie eine Vorlage f\u00fcr einen Lebenslauf verwenden oder nicht?<b><br \/>\n<\/b><\/h5>\n<p>Lebenslaufvorlagen werden mir helfen, einen gut strukturierten, informativen Lebenslauf zu erstellen, und ich glaube, dass ich damit den richtigen Job meiner Tr\u00e4ume finden kann. Ein Lebenslauf ist die beste Art, sich einem Arbeitgeber zu pr\u00e4sentieren, da er wichtige Qualit\u00e4ten und Erfahrungen hervorheben kann. Der Lebenslaufersteller kann klare Informationen \u00fcber meine Qualifikationen, au\u00dferschulische Aktivit\u00e4ten, ehrenamtliche T\u00e4tigkeiten, Erfahrungen und berufliche Erfolge in einem \u00e4u\u00dferst informativen Format bereitstellen. Das Layout des Lebenslaufs, die Darstellung des Inhalts, die Schriftart usw. werden bei der Bewertung des Lebenslaufs einen deutlichen Eindruck hinterlassen.<\/p>\n<h5>Welches ist das beste Lebenslaufformat im Jahr 2023?<b><br \/>\n<\/b><\/h5>\n<p>Es gibt viele Formate, die als das beste Format im Jahr 2023 gelten. Aber aus professioneller Sicht ist die Nimbus Platform Resume Template die beste Lebenslaufvorlage, die Sie aufgrund ihrer vielen vorteilhaften Eigenschaften getrost verwenden k\u00f6nnen.<\/p>\n<p>In der Nimbus-Lebenslaufvorlage ist Platz f\u00fcr Kontaktinformationen, Gesamterfahrung, Qualifikation, F\u00e4higkeiten, Freiwilligendienst usw. vorgesehen. Das vorformatierte Lebenslaufformular hat die richtige Schriftart, die richtige Gr\u00f6\u00dfe, den richtigen Rand, Untertitel in Fettschrift usw. Es enth\u00e4lt ein ausf\u00fcllbares Blankoformular, in das Sie alle relevanten Informationen unter dem gew\u00fcnschten Feld eintragen k\u00f6nnen. Nachdem Sie alle erforderlichen Informationen eingegeben haben, erhalten Sie einen klaren, \u00fcbersichtlichen und professionellen Lebenslauf, den Sie dem Arbeitgeber vorlegen k\u00f6nnen.<\/p>\n<h5>Wie wird die Vorlage verwendet?<b><br \/>\n<\/b><\/h5>\n<ul>\n<li>Geben Sie alle Ihre Angaben, einschlie\u00dflich Lebenslauf und Kontaktinformationen, in die Lebenslaufvorlage ein.<\/li>\n<li>F\u00fcgen Sie Ihr K\u00f6nnen hinzu.<\/li>\n<li>F\u00fcgen Sie Ihre Berufserfahrung hinzu.<\/li>\n<li>F\u00fcllen Sie Ihre Qualifikationen und Sprachkenntnisse aus.<\/li>\n<li>Geben Sie bei Bedarf zus\u00e4tzliche technische Qualifikationen\/F\u00e4higkeiten usw. an.<\/li>\n<\/ul>\n<p>&#8211; Wenn alle Informationen in Ordnung sind, k\u00f6nnen Sie den Lebenslauf freigeben, indem Sie auf den \u00f6ffentlichen Link klicken, oder den Zugriff mit einem Passwort einschr\u00e4nken.<\/p>\n<h5>Wie sollte ein Lebenslauf im Jahr 2023 aussehen?<b><br \/>\n<\/b><\/h5>\n<p>Der Lebenslauf muss einfach, sachlich und in umgekehrter chronologischer Reihenfolge aufgebaut sein. Daher muss das Format des Lebenslaufs im Jahr 2022 die sich schnell ver\u00e4ndernde Nachfrage auf dem Arbeitsmarkt widerspiegeln. Wir leben in einem Jahrtausend der Telearbeit. Es gibt viele Arten von Arbeitspl\u00e4tzen, die es den Menschen erm\u00f6glichen, aus der Ferne zu arbeiten. Die Menschen wechseln st\u00e4ndig ihren Arbeitsplatz, um besser bezahlt zu werden und zufriedener zu sein. Die Fluktuation ist ein h\u00e4ufiges Problem auf dem Arbeitsmarkt, und die Unternehmen suchen nach Wegen, um dem entgegenzuwirken, indem sie ihre Lebensl\u00e4ufe und Angebote bewerten.<\/p>\n<p>Der neue Trend bei der Erstellung von Lebensl\u00e4ufen ist auf dem sich wandelnden Arbeitsmarkt unerl\u00e4sslich. Ihr Lebenslauf muss dem neuesten Trend entsprechen und sollte den Arbeitgeber lautstark ansprechen. Es kann sein, dass Sie nicht alle Informationen in dem geforderten Format schreiben k\u00f6nnen, es sei denn, Sie haben ein fertiges Lebenslaufformat zur Hand. Der Lebenslauf 2023 sollte die folgenden Segmente und Informationen enthalten.<\/p>\n","protected":false},"excerpt":{"rendered":"<p>Eine Lebenslaufvorlage ist ein leeres Formular, das Sie mit Kontaktinformationen, Berufserfahrung, F\u00e4higkeiten und Ausbildung ausf\u00fcllen. Der Lebenslauf sollte einfach, klar, \u00fcbersichtlich und leicht zu lesen sein. Geben Sie einfach Ihre Informationen ein, und Sie erhalten ein fertiges Dokument, das Sie f\u00fcr Ihre Bewerbungen verwenden k\u00f6nnen.<\/p>\n","protected":false},"featured_media":20862,"template":"","meta":{"_acf_changed":false,"inline_featured_image":false},"product_brand":[],"product_cat":[178,185,197],"product_tag":[],"class_list":{"0":"post-55510","1":"product","2":"type-product","3":"status-publish","4":"has-post-thumbnail","6":"product_cat-operations-hr","7":"product_cat-personal-work","8":"product_cat-student","10":"first","11":"instock","12":"virtual","13":"sold-individually","14":"product-type-simple"},"acf":[],"yoast_head":"<!-- This site is optimized with the Yoast SEO plugin v25.3.1 - https:\/\/yoast.com\/wordpress\/plugins\/seo\/ -->\n<title>Lebenslauf Vorlage - Sales AI Agents<\/title>\n<meta name=\"description\" content=\"Eine Lebenslaufvorlage ist ein leeres Formular, das Sie mit Kontaktinformationen, Berufserfahrung, F\u00e4higkeiten usw. ausf\u00fcllen. Geben Sie Ihre Daten ein und teilen Sie sie einfach!\" \/>\n<meta name=\"robots\" content=\"index, follow, max-snippet:-1, max-image-preview:large, max-video-preview:-1\" \/>\n<link rel=\"canonical\" href=\"https:\/\/sales-ai-agents.com\/de\/templates\/resume\/\" \/>\n<meta property=\"og:locale\" content=\"de_DE\" \/>\n<meta property=\"og:type\" content=\"article\" \/>\n<meta property=\"og:title\" content=\"Lebenslauf Vorlage - Sales AI Agents\" \/>\n<meta property=\"og:description\" content=\"Eine Lebenslaufvorlage ist ein leeres Formular, das Sie mit Kontaktinformationen, Berufserfahrung, F\u00e4higkeiten usw. ausf\u00fcllen. Geben Sie Ihre Daten ein und teilen Sie sie einfach!\" \/>\n<meta property=\"og:url\" content=\"https:\/\/sales-ai-agents.com\/de\/templates\/resume\/\" \/>\n<meta property=\"og:site_name\" content=\"Sales AI Agents\" \/>\n<meta property=\"article:modified_time\" content=\"2023-12-31T16:30:04+00:00\" \/>\n<meta property=\"og:image\" content=\"https:\/\/sales-ai-agents.com\/wp-content\/uploads\/2023\/01\/image-preview123535.png\" \/>\n\t<meta property=\"og:image:width\" content=\"1078\" \/>\n\t<meta property=\"og:image:height\" content=\"2605\" \/>\n\t<meta property=\"og:image:type\" content=\"image\/png\" \/>\n<meta name=\"twitter:card\" content=\"summary_large_image\" \/>\n<script type=\"application\/ld+json\" class=\"yoast-schema-graph\">{\"@context\":\"https:\/\/schema.org\",\"@graph\":[{\"@type\":\"WebPage\",\"@id\":\"https:\/\/sales-ai-agents.com\/de\/templates\/resume\/\",\"url\":\"https:\/\/sales-ai-agents.com\/de\/templates\/resume\/\",\"name\":\"Lebenslauf Vorlage - Sales AI Agents\",\"isPartOf\":{\"@id\":\"https:\/\/sales-ai-agents.com\/#website\"},\"primaryImageOfPage\":{\"@id\":\"https:\/\/sales-ai-agents.com\/de\/templates\/resume\/#primaryimage\"},\"image\":{\"@id\":\"https:\/\/sales-ai-agents.com\/de\/templates\/resume\/#primaryimage\"},\"thumbnailUrl\":\"https:\/\/sales-ai-agents.com\/wp-content\/uploads\/2023\/01\/image-preview123535.png\",\"datePublished\":\"2022-09-26T13:34:46+00:00\",\"dateModified\":\"2023-12-31T16:30:04+00:00\",\"description\":\"Eine Lebenslaufvorlage ist ein leeres Formular, das Sie mit Kontaktinformationen, Berufserfahrung, F\u00e4higkeiten usw. ausf\u00fcllen. Geben Sie Ihre Daten ein und teilen Sie sie einfach!\",\"inLanguage\":\"de-DE\",\"potentialAction\":[{\"@type\":\"ReadAction\",\"target\":[\"https:\/\/sales-ai-agents.com\/de\/templates\/resume\/\"]}]},{\"@type\":\"ImageObject\",\"inLanguage\":\"de-DE\",\"@id\":\"https:\/\/sales-ai-agents.com\/de\/templates\/resume\/#primaryimage\",\"url\":\"https:\/\/sales-ai-agents.com\/wp-content\/uploads\/2023\/01\/image-preview123535.png\",\"contentUrl\":\"https:\/\/sales-ai-agents.com\/wp-content\/uploads\/2023\/01\/image-preview123535.png\",\"width\":1078,\"height\":2605,\"caption\":\"Resume Template - Nimbus Platform\"},{\"@type\":\"WebSite\",\"@id\":\"https:\/\/sales-ai-agents.com\/#website\",\"url\":\"https:\/\/sales-ai-agents.com\/\",\"name\":\"FuseBase\",\"description\":\"Nimbus Platform - Free Online Collaboration Software for Remote Teams. Build your wikis, client portals and more with the Nimbus Platform collaboration tool ? A perfect space for online work\",\"publisher\":{\"@id\":\"https:\/\/sales-ai-agents.com\/#organization\"},\"potentialAction\":[{\"@type\":\"SearchAction\",\"target\":{\"@type\":\"EntryPoint\",\"urlTemplate\":\"https:\/\/sales-ai-agents.com\/?s={search_term_string}\"},\"query-input\":{\"@type\":\"PropertyValueSpecification\",\"valueRequired\":true,\"valueName\":\"search_term_string\"}}],\"inLanguage\":\"de-DE\"},{\"@type\":\"Organization\",\"@id\":\"https:\/\/sales-ai-agents.com\/#organization\",\"name\":\"FuseBase\",\"url\":\"https:\/\/sales-ai-agents.com\/\",\"logo\":{\"@type\":\"ImageObject\",\"inLanguage\":\"de-DE\",\"@id\":\"https:\/\/sales-ai-agents.com\/#\/schema\/logo\/image\/\",\"url\":\"https:\/\/sales-ai-agents.com\/wp-content\/uploads\/2023\/11\/icon-7.svg\",\"contentUrl\":\"https:\/\/sales-ai-agents.com\/wp-content\/uploads\/2023\/11\/icon-7.svg\",\"width\":128,\"height\":128,\"caption\":\"FuseBase\"},\"image\":{\"@id\":\"https:\/\/sales-ai-agents.com\/#\/schema\/logo\/image\/\"}}]}<\/script>\n<!-- \/ Yoast SEO plugin. -->","yoast_head_json":{"title":"Lebenslauf Vorlage - Sales AI Agents","description":"Eine Lebenslaufvorlage ist ein leeres Formular, das Sie mit Kontaktinformationen, Berufserfahrung, F\u00e4higkeiten usw. ausf\u00fcllen. Geben Sie Ihre Daten ein und teilen Sie sie einfach!","robots":{"index":"index","follow":"follow","max-snippet":"max-snippet:-1","max-image-preview":"max-image-preview:large","max-video-preview":"max-video-preview:-1"},"canonical":"https:\/\/sales-ai-agents.com\/de\/templates\/resume\/","og_locale":"de_DE","og_type":"article","og_title":"Lebenslauf Vorlage - Sales AI Agents","og_description":"Eine Lebenslaufvorlage ist ein leeres Formular, das Sie mit Kontaktinformationen, Berufserfahrung, F\u00e4higkeiten usw. ausf\u00fcllen. Geben Sie Ihre Daten ein und teilen Sie sie einfach!","og_url":"https:\/\/sales-ai-agents.com\/de\/templates\/resume\/","og_site_name":"Sales AI Agents","article_modified_time":"2023-12-31T16:30:04+00:00","og_image":[{"width":1078,"height":2605,"url":"https:\/\/sales-ai-agents.com\/wp-content\/uploads\/2023\/01\/image-preview123535.png","type":"image\/png"}],"twitter_card":"summary_large_image","schema":{"@context":"https:\/\/schema.org","@graph":[{"@type":"WebPage","@id":"https:\/\/sales-ai-agents.com\/de\/templates\/resume\/","url":"https:\/\/sales-ai-agents.com\/de\/templates\/resume\/","name":"Lebenslauf Vorlage - Sales AI Agents","isPartOf":{"@id":"https:\/\/sales-ai-agents.com\/#website"},"primaryImageOfPage":{"@id":"https:\/\/sales-ai-agents.com\/de\/templates\/resume\/#primaryimage"},"image":{"@id":"https:\/\/sales-ai-agents.com\/de\/templates\/resume\/#primaryimage"},"thumbnailUrl":"https:\/\/sales-ai-agents.com\/wp-content\/uploads\/2023\/01\/image-preview123535.png","datePublished":"2022-09-26T13:34:46+00:00","dateModified":"2023-12-31T16:30:04+00:00","description":"Eine Lebenslaufvorlage ist ein leeres Formular, das Sie mit Kontaktinformationen, Berufserfahrung, F\u00e4higkeiten usw. ausf\u00fcllen. Geben Sie Ihre Daten ein und teilen Sie sie einfach!","inLanguage":"de-DE","potentialAction":[{"@type":"ReadAction","target":["https:\/\/sales-ai-agents.com\/de\/templates\/resume\/"]}]},{"@type":"ImageObject","inLanguage":"de-DE","@id":"https:\/\/sales-ai-agents.com\/de\/templates\/resume\/#primaryimage","url":"https:\/\/sales-ai-agents.com\/wp-content\/uploads\/2023\/01\/image-preview123535.png","contentUrl":"https:\/\/sales-ai-agents.com\/wp-content\/uploads\/2023\/01\/image-preview123535.png","width":1078,"height":2605,"caption":"Resume Template - Nimbus Platform"},{"@type":"WebSite","@id":"https:\/\/sales-ai-agents.com\/#website","url":"https:\/\/sales-ai-agents.com\/","name":"FuseBase","description":"Nimbus Platform - Free Online Collaboration Software for Remote Teams. Build your wikis, client portals and more with the Nimbus Platform collaboration tool ? A perfect space for online work","publisher":{"@id":"https:\/\/sales-ai-agents.com\/#organization"},"potentialAction":[{"@type":"SearchAction","target":{"@type":"EntryPoint","urlTemplate":"https:\/\/sales-ai-agents.com\/?s={search_term_string}"},"query-input":{"@type":"PropertyValueSpecification","valueRequired":true,"valueName":"search_term_string"}}],"inLanguage":"de-DE"},{"@type":"Organization","@id":"https:\/\/sales-ai-agents.com\/#organization","name":"FuseBase","url":"https:\/\/sales-ai-agents.com\/","logo":{"@type":"ImageObject","inLanguage":"de-DE","@id":"https:\/\/sales-ai-agents.com\/#\/schema\/logo\/image\/","url":"https:\/\/sales-ai-agents.com\/wp-content\/uploads\/2023\/11\/icon-7.svg","contentUrl":"https:\/\/sales-ai-agents.com\/wp-content\/uploads\/2023\/11\/icon-7.svg","width":128,"height":128,"caption":"FuseBase"},"image":{"@id":"https:\/\/sales-ai-agents.com\/#\/schema\/logo\/image\/"}}]}},"_links":{"self":[{"href":"https:\/\/sales-ai-agents.com\/de\/wp-json\/wp\/v2\/product\/55510","targetHints":{"allow":["GET"]}}],"collection":[{"href":"https:\/\/sales-ai-agents.com\/de\/wp-json\/wp\/v2\/product"}],"about":[{"href":"https:\/\/sales-ai-agents.com\/de\/wp-json\/wp\/v2\/types\/product"}],"wp:featuredmedia":[{"embeddable":true,"href":"https:\/\/sales-ai-agents.com\/de\/wp-json\/wp\/v2\/media\/20862"}],"wp:attachment":[{"href":"https:\/\/sales-ai-agents.com\/de\/wp-json\/wp\/v2\/media?parent=55510"}],"wp:term":[{"taxonomy":"product_brand","embeddable":true,"href":"https:\/\/sales-ai-agents.com\/de\/wp-json\/wp\/v2\/product_brand?post=55510"},{"taxonomy":"product_cat","embeddable":true,"href":"https:\/\/sales-ai-agents.com\/de\/wp-json\/wp\/v2\/product_cat?post=55510"},{"taxonomy":"product_tag","embeddable":true,"href":"https:\/\/sales-ai-agents.com\/de\/wp-json\/wp\/v2\/product_tag?post=55510"}],"curies":[{"name":"wp","href":"https:\/\/api.w.org\/{rel}","templated":true}]}}