{"id":55520,"date":"2022-09-26T13:34:21","date_gmt":"2022-09-26T13:34:21","guid":{"rendered":"https:\/\/sales-ai-agents.com\/templates\/calorie-fitness-log\/"},"modified":"2023-12-31T17:47:41","modified_gmt":"2023-12-31T17:47:41","slug":"calorie-fitness-log","status":"publish","type":"product","link":"https:\/\/sales-ai-agents.com\/de\/templates\/calorie-fitness-log\/","title":{"rendered":"Kalorien- und Fitnessprotokoll"},"content":{"rendered":"<p>&nbsp;<\/p>\n<h2>Kalorien &amp; fitness log Vorlage<\/h2>\n<p class=\"desc-text\">Verwenden Sie die Vorlage f\u00fcr das Kalorien- und Fitnessprotokoll, um zu verfolgen, was Sie den ganzen Tag \u00fcber essen und was Sie f\u00fcr Ihre Fitnessaktivit\u00e4ten tun. Indem Sie die Differenz zwischen den aufgenommenen und den verbrannten Kalorien \u00fcberpr\u00fcfen, k\u00f6nnen Sie den Fortschritt der Fettverbrennung verfolgen.<\/p>\n<h5>Wie zu verwenden:<\/h5>\n<ul class=\"desc-item_list\">\n<li class=\"desc-item_list__point\">F\u00fcgen Sie ein Datum, Ihr Startgewicht und das Zielgewicht hinzu<\/li>\n<li class=\"desc-item_list__point\">Geben Sie die Kalorienzufuhr f\u00fcr jede Mahlzeit an<\/li>\n<li class=\"desc-item_list__point\">F\u00fcgen Sie die Art der \u00dcbung, die Sie machen, die Zeit des Trainings und die verbrannten Kalorien hinzu.<\/li>\n<li class=\"desc-item_list__point\">\u00dcberpr\u00fcfen Sie die insgesamt aufgenommenen und verbrannten Kalorien f\u00fcr jeden Tag<\/li>\n<\/ul>\n","protected":false},"excerpt":{"rendered":"<p>Verwenden Sie die Vorlage f\u00fcr das Kalorien- und Fitnessprotokoll, um zu verfolgen, was Sie den ganzen Tag \u00fcber essen und was Sie f\u00fcr Ihre Fitnessaktivit\u00e4ten tun. Verfolgen Sie den Fortschritt des Fettverbrennungsprozesses.<\/p>\n","protected":false},"featured_media":20850,"template":"","meta":{"_acf_changed":false,"inline_featured_image":false},"product_brand":[],"product_cat":[179,180,183],"product_tag":[],"class_list":{"0":"post-55520","1":"product","2":"type-product","3":"status-publish","4":"has-post-thumbnail","6":"product_cat-organizers-planners","7":"product_cat-personal","8":"product_cat-personal-health","10":"first","11":"instock","12":"virtual","13":"sold-individually","14":"product-type-simple"},"acf":[],"yoast_head":"<!-- This site is optimized with the Yoast SEO plugin v25.3.1 - https:\/\/yoast.com\/wordpress\/plugins\/seo\/ -->\n<title>Kalorien- und Fitnessprotokoll Vorlage - Sales AI Agents<\/title>\n<meta name=\"description\" content=\"Verwenden Sie die Vorlage f\u00fcr das Kalorien- und Fitnessprotokoll, um zu verfolgen, was Sie den ganzen Tag \u00fcber essen und was Sie f\u00fcr Ihre Fitnessaktivit\u00e4ten tun. Verfolgen Sie den Fortschritt mit Nimbus!\" \/>\n<meta name=\"robots\" content=\"index, follow, max-snippet:-1, max-image-preview:large, max-video-preview:-1\" \/>\n<link rel=\"canonical\" href=\"https:\/\/sales-ai-agents.com\/de\/templates\/calorie-fitness-log\/\" \/>\n<meta property=\"og:locale\" content=\"de_DE\" \/>\n<meta property=\"og:type\" content=\"article\" \/>\n<meta property=\"og:title\" content=\"Kalorien- und Fitnessprotokoll Vorlage - Sales AI Agents\" \/>\n<meta property=\"og:description\" content=\"Verwenden Sie die Vorlage f\u00fcr das Kalorien- und Fitnessprotokoll, um zu verfolgen, was Sie den ganzen Tag \u00fcber essen und was Sie f\u00fcr Ihre Fitnessaktivit\u00e4ten tun. Verfolgen Sie den Fortschritt mit Nimbus!\" \/>\n<meta property=\"og:url\" content=\"https:\/\/sales-ai-agents.com\/de\/templates\/calorie-fitness-log\/\" \/>\n<meta property=\"og:site_name\" content=\"Sales AI Agents\" \/>\n<meta property=\"article:modified_time\" content=\"2023-12-31T17:47:41+00:00\" \/>\n<meta property=\"og:image\" content=\"https:\/\/sales-ai-agents.com\/wp-content\/uploads\/2023\/01\/image-preview123453.png\" \/>\n\t<meta property=\"og:image:width\" content=\"1078\" \/>\n\t<meta property=\"og:image:height\" content=\"3207\" \/>\n\t<meta property=\"og:image:type\" content=\"image\/png\" \/>\n<meta name=\"twitter:card\" content=\"summary_large_image\" \/>\n<script type=\"application\/ld+json\" class=\"yoast-schema-graph\">{\"@context\":\"https:\/\/schema.org\",\"@graph\":[{\"@type\":\"WebPage\",\"@id\":\"https:\/\/sales-ai-agents.com\/de\/templates\/calorie-fitness-log\/\",\"url\":\"https:\/\/sales-ai-agents.com\/de\/templates\/calorie-fitness-log\/\",\"name\":\"Kalorien- und Fitnessprotokoll Vorlage - Sales AI Agents\",\"isPartOf\":{\"@id\":\"https:\/\/sales-ai-agents.com\/#website\"},\"primaryImageOfPage\":{\"@id\":\"https:\/\/sales-ai-agents.com\/de\/templates\/calorie-fitness-log\/#primaryimage\"},\"image\":{\"@id\":\"https:\/\/sales-ai-agents.com\/de\/templates\/calorie-fitness-log\/#primaryimage\"},\"thumbnailUrl\":\"https:\/\/sales-ai-agents.com\/wp-content\/uploads\/2023\/01\/image-preview123453.png\",\"datePublished\":\"2022-09-26T13:34:21+00:00\",\"dateModified\":\"2023-12-31T17:47:41+00:00\",\"description\":\"Verwenden Sie die Vorlage f\u00fcr das Kalorien- und Fitnessprotokoll, um zu verfolgen, was Sie den ganzen Tag \u00fcber essen und was Sie f\u00fcr Ihre Fitnessaktivit\u00e4ten tun. Verfolgen Sie den Fortschritt mit Nimbus!\",\"inLanguage\":\"de-DE\",\"potentialAction\":[{\"@type\":\"ReadAction\",\"target\":[\"https:\/\/sales-ai-agents.com\/de\/templates\/calorie-fitness-log\/\"]}]},{\"@type\":\"ImageObject\",\"inLanguage\":\"de-DE\",\"@id\":\"https:\/\/sales-ai-agents.com\/de\/templates\/calorie-fitness-log\/#primaryimage\",\"url\":\"https:\/\/sales-ai-agents.com\/wp-content\/uploads\/2023\/01\/image-preview123453.png\",\"contentUrl\":\"https:\/\/sales-ai-agents.com\/wp-content\/uploads\/2023\/01\/image-preview123453.png\",\"width\":1078,\"height\":3207,\"caption\":\"Calorie & Fitness Log Template - Nimbus Platform\"},{\"@type\":\"WebSite\",\"@id\":\"https:\/\/sales-ai-agents.com\/#website\",\"url\":\"https:\/\/sales-ai-agents.com\/\",\"name\":\"FuseBase\",\"description\":\"Nimbus Platform - Free Online Collaboration Software for Remote Teams. Build your wikis, client portals and more with the Nimbus Platform collaboration tool ? A perfect space for online work\",\"publisher\":{\"@id\":\"https:\/\/sales-ai-agents.com\/#organization\"},\"potentialAction\":[{\"@type\":\"SearchAction\",\"target\":{\"@type\":\"EntryPoint\",\"urlTemplate\":\"https:\/\/sales-ai-agents.com\/?s={search_term_string}\"},\"query-input\":{\"@type\":\"PropertyValueSpecification\",\"valueRequired\":true,\"valueName\":\"search_term_string\"}}],\"inLanguage\":\"de-DE\"},{\"@type\":\"Organization\",\"@id\":\"https:\/\/sales-ai-agents.com\/#organization\",\"name\":\"FuseBase\",\"url\":\"https:\/\/sales-ai-agents.com\/\",\"logo\":{\"@type\":\"ImageObject\",\"inLanguage\":\"de-DE\",\"@id\":\"https:\/\/sales-ai-agents.com\/#\/schema\/logo\/image\/\",\"url\":\"https:\/\/sales-ai-agents.com\/wp-content\/uploads\/2023\/11\/icon-7.svg\",\"contentUrl\":\"https:\/\/sales-ai-agents.com\/wp-content\/uploads\/2023\/11\/icon-7.svg\",\"width\":128,\"height\":128,\"caption\":\"FuseBase\"},\"image\":{\"@id\":\"https:\/\/sales-ai-agents.com\/#\/schema\/logo\/image\/\"}}]}<\/script>\n<!-- \/ Yoast SEO plugin. -->","yoast_head_json":{"title":"Kalorien- und Fitnessprotokoll Vorlage - Sales AI Agents","description":"Verwenden Sie die Vorlage f\u00fcr das Kalorien- und Fitnessprotokoll, um zu verfolgen, was Sie den ganzen Tag \u00fcber essen und was Sie f\u00fcr Ihre Fitnessaktivit\u00e4ten tun. Verfolgen Sie den Fortschritt mit Nimbus!","robots":{"index":"index","follow":"follow","max-snippet":"max-snippet:-1","max-image-preview":"max-image-preview:large","max-video-preview":"max-video-preview:-1"},"canonical":"https:\/\/sales-ai-agents.com\/de\/templates\/calorie-fitness-log\/","og_locale":"de_DE","og_type":"article","og_title":"Kalorien- und Fitnessprotokoll Vorlage - Sales AI Agents","og_description":"Verwenden Sie die Vorlage f\u00fcr das Kalorien- und Fitnessprotokoll, um zu verfolgen, was Sie den ganzen Tag \u00fcber essen und was Sie f\u00fcr Ihre Fitnessaktivit\u00e4ten tun. Verfolgen Sie den Fortschritt mit Nimbus!","og_url":"https:\/\/sales-ai-agents.com\/de\/templates\/calorie-fitness-log\/","og_site_name":"Sales AI Agents","article_modified_time":"2023-12-31T17:47:41+00:00","og_image":[{"width":1078,"height":3207,"url":"https:\/\/sales-ai-agents.com\/wp-content\/uploads\/2023\/01\/image-preview123453.png","type":"image\/png"}],"twitter_card":"summary_large_image","schema":{"@context":"https:\/\/schema.org","@graph":[{"@type":"WebPage","@id":"https:\/\/sales-ai-agents.com\/de\/templates\/calorie-fitness-log\/","url":"https:\/\/sales-ai-agents.com\/de\/templates\/calorie-fitness-log\/","name":"Kalorien- und Fitnessprotokoll Vorlage - Sales AI Agents","isPartOf":{"@id":"https:\/\/sales-ai-agents.com\/#website"},"primaryImageOfPage":{"@id":"https:\/\/sales-ai-agents.com\/de\/templates\/calorie-fitness-log\/#primaryimage"},"image":{"@id":"https:\/\/sales-ai-agents.com\/de\/templates\/calorie-fitness-log\/#primaryimage"},"thumbnailUrl":"https:\/\/sales-ai-agents.com\/wp-content\/uploads\/2023\/01\/image-preview123453.png","datePublished":"2022-09-26T13:34:21+00:00","dateModified":"2023-12-31T17:47:41+00:00","description":"Verwenden Sie die Vorlage f\u00fcr das Kalorien- und Fitnessprotokoll, um zu verfolgen, was Sie den ganzen Tag \u00fcber essen und was Sie f\u00fcr Ihre Fitnessaktivit\u00e4ten tun. Verfolgen Sie den Fortschritt mit Nimbus!","inLanguage":"de-DE","potentialAction":[{"@type":"ReadAction","target":["https:\/\/sales-ai-agents.com\/de\/templates\/calorie-fitness-log\/"]}]},{"@type":"ImageObject","inLanguage":"de-DE","@id":"https:\/\/sales-ai-agents.com\/de\/templates\/calorie-fitness-log\/#primaryimage","url":"https:\/\/sales-ai-agents.com\/wp-content\/uploads\/2023\/01\/image-preview123453.png","contentUrl":"https:\/\/sales-ai-agents.com\/wp-content\/uploads\/2023\/01\/image-preview123453.png","width":1078,"height":3207,"caption":"Calorie & Fitness Log Template - Nimbus Platform"},{"@type":"WebSite","@id":"https:\/\/sales-ai-agents.com\/#website","url":"https:\/\/sales-ai-agents.com\/","name":"FuseBase","description":"Nimbus Platform - Free Online Collaboration Software for Remote Teams. Build your wikis, client portals and more with the Nimbus Platform collaboration tool ? A perfect space for online work","publisher":{"@id":"https:\/\/sales-ai-agents.com\/#organization"},"potentialAction":[{"@type":"SearchAction","target":{"@type":"EntryPoint","urlTemplate":"https:\/\/sales-ai-agents.com\/?s={search_term_string}"},"query-input":{"@type":"PropertyValueSpecification","valueRequired":true,"valueName":"search_term_string"}}],"inLanguage":"de-DE"},{"@type":"Organization","@id":"https:\/\/sales-ai-agents.com\/#organization","name":"FuseBase","url":"https:\/\/sales-ai-agents.com\/","logo":{"@type":"ImageObject","inLanguage":"de-DE","@id":"https:\/\/sales-ai-agents.com\/#\/schema\/logo\/image\/","url":"https:\/\/sales-ai-agents.com\/wp-content\/uploads\/2023\/11\/icon-7.svg","contentUrl":"https:\/\/sales-ai-agents.com\/wp-content\/uploads\/2023\/11\/icon-7.svg","width":128,"height":128,"caption":"FuseBase"},"image":{"@id":"https:\/\/sales-ai-agents.com\/#\/schema\/logo\/image\/"}}]}},"_links":{"self":[{"href":"https:\/\/sales-ai-agents.com\/de\/wp-json\/wp\/v2\/product\/55520","targetHints":{"allow":["GET"]}}],"collection":[{"href":"https:\/\/sales-ai-agents.com\/de\/wp-json\/wp\/v2\/product"}],"about":[{"href":"https:\/\/sales-ai-agents.com\/de\/wp-json\/wp\/v2\/types\/product"}],"wp:featuredmedia":[{"embeddable":true,"href":"https:\/\/sales-ai-agents.com\/de\/wp-json\/wp\/v2\/media\/20850"}],"wp:attachment":[{"href":"https:\/\/sales-ai-agents.com\/de\/wp-json\/wp\/v2\/media?parent=55520"}],"wp:term":[{"taxonomy":"product_brand","embeddable":true,"href":"https:\/\/sales-ai-agents.com\/de\/wp-json\/wp\/v2\/product_brand?post=55520"},{"taxonomy":"product_cat","embeddable":true,"href":"https:\/\/sales-ai-agents.com\/de\/wp-json\/wp\/v2\/product_cat?post=55520"},{"taxonomy":"product_tag","embeddable":true,"href":"https:\/\/sales-ai-agents.com\/de\/wp-json\/wp\/v2\/product_tag?post=55520"}],"curies":[{"name":"wp","href":"https:\/\/api.w.org\/{rel}","templated":true}]}}