{"id":55527,"date":"2022-09-26T13:34:14","date_gmt":"2022-09-26T13:34:14","guid":{"rendered":"https:\/\/sales-ai-agents.com\/templates\/weekly-class-progress\/"},"modified":"2023-12-27T14:17:25","modified_gmt":"2023-12-27T14:17:25","slug":"weekly-class-progress","status":"publish","type":"product","link":"https:\/\/sales-ai-agents.com\/de\/templates\/weekly-class-progress\/","title":{"rendered":"W\u00f6chentlicher Unterrichtsfortschritt"},"content":{"rendered":"<p>&nbsp;<\/p>\n<h2>Vorlage f\u00fcr den w\u00f6chentlichen Klassenfortschritt<\/h2>\n<p class=\"desc-text\">Bei einer Klasse voller Sch\u00fcler ist es schwer, den \u00dcberblick \u00fcber jeden einzelnen zu behalten. Um sicherzustellen, dass die Sch\u00fcler die Standards erf\u00fcllen, verwenden Sie unsere w\u00f6chentliche Fortschrittsvorlage mit digitalen Tools f\u00fcr den Unterricht. \u00dcberpr\u00fcfen Sie jeden Sch\u00fcler jede Woche. Markieren Sie Verbesserungen in einem Online-Fortschrittsbuch. Halten Sie die Sch\u00fcler auf dem Laufenden und listen Sie auf, wie Sie sie unterst\u00fctzen k\u00f6nnen. Organisieren Sie effektiv, um Ihren Unterricht erfolgreich zu gestalten.<\/p>\n<h5>Wie zu verwenden:<\/h5>\n<ul class=\"desc-item_list\">\n<li class=\"desc-item_list__point\">F\u00fchren Sie jeden Sch\u00fcler in der Tabelle auf<\/li>\n<li class=\"desc-item_list__point\">Bewertung der Fortschritte am Ende der Woche<\/li>\n<li class=\"desc-item_list__point\">Schreiben Sie ihre St\u00e4rken und Schw\u00e4chen auf<\/li>\n<li class=\"desc-item_list__point\">\u00dcberlegen Sie, wie Sie ihnen helfen k\u00f6nnen, sich zu verbessern.<\/li>\n<li class=\"desc-item_list__point\">Verwenden Sie dies als Leitfaden bei der Erstellung von Unterrichtspl\u00e4nen<\/li>\n<\/ul>\n","protected":false},"excerpt":{"rendered":"<p>Vergewissern Sie sich mit dieser kostenlosen Vorlage f\u00fcr den w\u00f6chentlichen Fortschritt, dass jeder Sch\u00fcler seine Ziele erreicht. Mit dieser Vorlage k\u00f6nnen Sie jeden Sch\u00fcler jede Woche \u00fcberpr\u00fcfen.<\/p>\n","protected":false},"featured_media":20946,"template":"","meta":{"_acf_changed":false,"inline_featured_image":false},"product_brand":[],"product_cat":[198],"product_tag":[],"class_list":{"0":"post-55527","1":"product","2":"type-product","3":"status-publish","4":"has-post-thumbnail","6":"product_cat-teacher","8":"first","9":"instock","10":"virtual","11":"sold-individually","12":"product-type-simple"},"acf":[],"yoast_head":"<!-- This site is optimized with the Yoast SEO plugin v25.3.1 - https:\/\/yoast.com\/wordpress\/plugins\/seo\/ -->\n<title>Vorlage f\u00fcr den w\u00f6chentlichen Klassenfortschritt - Sales AI Agents<\/title>\n<meta name=\"description\" content=\"Vergewissern Sie sich mit dieser kostenlosen Vorlage f\u00fcr den w\u00f6chentlichen Fortschritt, dass jeder Sch\u00fcler seine Ziele erreicht. Mit dieser Vorlage k\u00f6nnen Sie jeden Sch\u00fcler jede Woche \u00fcberpr\u00fcfen.\" \/>\n<meta name=\"robots\" content=\"index, follow, max-snippet:-1, max-image-preview:large, max-video-preview:-1\" \/>\n<link rel=\"canonical\" href=\"https:\/\/sales-ai-agents.com\/de\/templates\/weekly-class-progress\/\" \/>\n<meta property=\"og:locale\" content=\"de_DE\" \/>\n<meta property=\"og:type\" content=\"article\" \/>\n<meta property=\"og:title\" content=\"Vorlage f\u00fcr den w\u00f6chentlichen Klassenfortschritt - Sales AI Agents\" \/>\n<meta property=\"og:description\" content=\"Vergewissern Sie sich mit dieser kostenlosen Vorlage f\u00fcr den w\u00f6chentlichen Fortschritt, dass jeder Sch\u00fcler seine Ziele erreicht. Mit dieser Vorlage k\u00f6nnen Sie jeden Sch\u00fcler jede Woche \u00fcberpr\u00fcfen.\" \/>\n<meta property=\"og:url\" content=\"https:\/\/sales-ai-agents.com\/de\/templates\/weekly-class-progress\/\" \/>\n<meta property=\"og:site_name\" content=\"Sales AI Agents\" \/>\n<meta property=\"article:modified_time\" content=\"2023-12-27T14:17:25+00:00\" \/>\n<meta property=\"og:image\" content=\"https:\/\/sales-ai-agents.com\/wp-content\/uploads\/2023\/01\/image-preview124108.png\" \/>\n\t<meta property=\"og:image:width\" content=\"1078\" \/>\n\t<meta property=\"og:image:height\" content=\"760\" \/>\n\t<meta property=\"og:image:type\" content=\"image\/png\" \/>\n<meta name=\"twitter:card\" content=\"summary_large_image\" \/>\n<script type=\"application\/ld+json\" class=\"yoast-schema-graph\">{\"@context\":\"https:\/\/schema.org\",\"@graph\":[{\"@type\":\"WebPage\",\"@id\":\"https:\/\/sales-ai-agents.com\/de\/templates\/weekly-class-progress\/\",\"url\":\"https:\/\/sales-ai-agents.com\/de\/templates\/weekly-class-progress\/\",\"name\":\"Vorlage f\u00fcr den w\u00f6chentlichen Klassenfortschritt - Sales AI Agents\",\"isPartOf\":{\"@id\":\"https:\/\/sales-ai-agents.com\/#website\"},\"primaryImageOfPage\":{\"@id\":\"https:\/\/sales-ai-agents.com\/de\/templates\/weekly-class-progress\/#primaryimage\"},\"image\":{\"@id\":\"https:\/\/sales-ai-agents.com\/de\/templates\/weekly-class-progress\/#primaryimage\"},\"thumbnailUrl\":\"https:\/\/sales-ai-agents.com\/wp-content\/uploads\/2023\/01\/image-preview124108.png\",\"datePublished\":\"2022-09-26T13:34:14+00:00\",\"dateModified\":\"2023-12-27T14:17:25+00:00\",\"description\":\"Vergewissern Sie sich mit dieser kostenlosen Vorlage f\u00fcr den w\u00f6chentlichen Fortschritt, dass jeder Sch\u00fcler seine Ziele erreicht. Mit dieser Vorlage k\u00f6nnen Sie jeden Sch\u00fcler jede Woche \u00fcberpr\u00fcfen.\",\"inLanguage\":\"de-DE\",\"potentialAction\":[{\"@type\":\"ReadAction\",\"target\":[\"https:\/\/sales-ai-agents.com\/de\/templates\/weekly-class-progress\/\"]}]},{\"@type\":\"ImageObject\",\"inLanguage\":\"de-DE\",\"@id\":\"https:\/\/sales-ai-agents.com\/de\/templates\/weekly-class-progress\/#primaryimage\",\"url\":\"https:\/\/sales-ai-agents.com\/wp-content\/uploads\/2023\/01\/image-preview124108.png\",\"contentUrl\":\"https:\/\/sales-ai-agents.com\/wp-content\/uploads\/2023\/01\/image-preview124108.png\",\"width\":1078,\"height\":760,\"caption\":\"Weekly Class Progress Template - Nimbus Platform\"},{\"@type\":\"WebSite\",\"@id\":\"https:\/\/sales-ai-agents.com\/#website\",\"url\":\"https:\/\/sales-ai-agents.com\/\",\"name\":\"FuseBase\",\"description\":\"Nimbus Platform - Free Online Collaboration Software for Remote Teams. Build your wikis, client portals and more with the Nimbus Platform collaboration tool ? A perfect space for online work\",\"publisher\":{\"@id\":\"https:\/\/sales-ai-agents.com\/#organization\"},\"potentialAction\":[{\"@type\":\"SearchAction\",\"target\":{\"@type\":\"EntryPoint\",\"urlTemplate\":\"https:\/\/sales-ai-agents.com\/?s={search_term_string}\"},\"query-input\":{\"@type\":\"PropertyValueSpecification\",\"valueRequired\":true,\"valueName\":\"search_term_string\"}}],\"inLanguage\":\"de-DE\"},{\"@type\":\"Organization\",\"@id\":\"https:\/\/sales-ai-agents.com\/#organization\",\"name\":\"FuseBase\",\"url\":\"https:\/\/sales-ai-agents.com\/\",\"logo\":{\"@type\":\"ImageObject\",\"inLanguage\":\"de-DE\",\"@id\":\"https:\/\/sales-ai-agents.com\/#\/schema\/logo\/image\/\",\"url\":\"https:\/\/sales-ai-agents.com\/wp-content\/uploads\/2023\/11\/icon-7.svg\",\"contentUrl\":\"https:\/\/sales-ai-agents.com\/wp-content\/uploads\/2023\/11\/icon-7.svg\",\"width\":128,\"height\":128,\"caption\":\"FuseBase\"},\"image\":{\"@id\":\"https:\/\/sales-ai-agents.com\/#\/schema\/logo\/image\/\"}}]}<\/script>\n<!-- \/ Yoast SEO plugin. -->","yoast_head_json":{"title":"Vorlage f\u00fcr den w\u00f6chentlichen Klassenfortschritt - Sales AI Agents","description":"Vergewissern Sie sich mit dieser kostenlosen Vorlage f\u00fcr den w\u00f6chentlichen Fortschritt, dass jeder Sch\u00fcler seine Ziele erreicht. Mit dieser Vorlage k\u00f6nnen Sie jeden Sch\u00fcler jede Woche \u00fcberpr\u00fcfen.","robots":{"index":"index","follow":"follow","max-snippet":"max-snippet:-1","max-image-preview":"max-image-preview:large","max-video-preview":"max-video-preview:-1"},"canonical":"https:\/\/sales-ai-agents.com\/de\/templates\/weekly-class-progress\/","og_locale":"de_DE","og_type":"article","og_title":"Vorlage f\u00fcr den w\u00f6chentlichen Klassenfortschritt - Sales AI Agents","og_description":"Vergewissern Sie sich mit dieser kostenlosen Vorlage f\u00fcr den w\u00f6chentlichen Fortschritt, dass jeder Sch\u00fcler seine Ziele erreicht. Mit dieser Vorlage k\u00f6nnen Sie jeden Sch\u00fcler jede Woche \u00fcberpr\u00fcfen.","og_url":"https:\/\/sales-ai-agents.com\/de\/templates\/weekly-class-progress\/","og_site_name":"Sales AI Agents","article_modified_time":"2023-12-27T14:17:25+00:00","og_image":[{"width":1078,"height":760,"url":"https:\/\/sales-ai-agents.com\/wp-content\/uploads\/2023\/01\/image-preview124108.png","type":"image\/png"}],"twitter_card":"summary_large_image","schema":{"@context":"https:\/\/schema.org","@graph":[{"@type":"WebPage","@id":"https:\/\/sales-ai-agents.com\/de\/templates\/weekly-class-progress\/","url":"https:\/\/sales-ai-agents.com\/de\/templates\/weekly-class-progress\/","name":"Vorlage f\u00fcr den w\u00f6chentlichen Klassenfortschritt - Sales AI Agents","isPartOf":{"@id":"https:\/\/sales-ai-agents.com\/#website"},"primaryImageOfPage":{"@id":"https:\/\/sales-ai-agents.com\/de\/templates\/weekly-class-progress\/#primaryimage"},"image":{"@id":"https:\/\/sales-ai-agents.com\/de\/templates\/weekly-class-progress\/#primaryimage"},"thumbnailUrl":"https:\/\/sales-ai-agents.com\/wp-content\/uploads\/2023\/01\/image-preview124108.png","datePublished":"2022-09-26T13:34:14+00:00","dateModified":"2023-12-27T14:17:25+00:00","description":"Vergewissern Sie sich mit dieser kostenlosen Vorlage f\u00fcr den w\u00f6chentlichen Fortschritt, dass jeder Sch\u00fcler seine Ziele erreicht. Mit dieser Vorlage k\u00f6nnen Sie jeden Sch\u00fcler jede Woche \u00fcberpr\u00fcfen.","inLanguage":"de-DE","potentialAction":[{"@type":"ReadAction","target":["https:\/\/sales-ai-agents.com\/de\/templates\/weekly-class-progress\/"]}]},{"@type":"ImageObject","inLanguage":"de-DE","@id":"https:\/\/sales-ai-agents.com\/de\/templates\/weekly-class-progress\/#primaryimage","url":"https:\/\/sales-ai-agents.com\/wp-content\/uploads\/2023\/01\/image-preview124108.png","contentUrl":"https:\/\/sales-ai-agents.com\/wp-content\/uploads\/2023\/01\/image-preview124108.png","width":1078,"height":760,"caption":"Weekly Class Progress Template - Nimbus Platform"},{"@type":"WebSite","@id":"https:\/\/sales-ai-agents.com\/#website","url":"https:\/\/sales-ai-agents.com\/","name":"FuseBase","description":"Nimbus Platform - Free Online Collaboration Software for Remote Teams. Build your wikis, client portals and more with the Nimbus Platform collaboration tool ? A perfect space for online work","publisher":{"@id":"https:\/\/sales-ai-agents.com\/#organization"},"potentialAction":[{"@type":"SearchAction","target":{"@type":"EntryPoint","urlTemplate":"https:\/\/sales-ai-agents.com\/?s={search_term_string}"},"query-input":{"@type":"PropertyValueSpecification","valueRequired":true,"valueName":"search_term_string"}}],"inLanguage":"de-DE"},{"@type":"Organization","@id":"https:\/\/sales-ai-agents.com\/#organization","name":"FuseBase","url":"https:\/\/sales-ai-agents.com\/","logo":{"@type":"ImageObject","inLanguage":"de-DE","@id":"https:\/\/sales-ai-agents.com\/#\/schema\/logo\/image\/","url":"https:\/\/sales-ai-agents.com\/wp-content\/uploads\/2023\/11\/icon-7.svg","contentUrl":"https:\/\/sales-ai-agents.com\/wp-content\/uploads\/2023\/11\/icon-7.svg","width":128,"height":128,"caption":"FuseBase"},"image":{"@id":"https:\/\/sales-ai-agents.com\/#\/schema\/logo\/image\/"}}]}},"_links":{"self":[{"href":"https:\/\/sales-ai-agents.com\/de\/wp-json\/wp\/v2\/product\/55527","targetHints":{"allow":["GET"]}}],"collection":[{"href":"https:\/\/sales-ai-agents.com\/de\/wp-json\/wp\/v2\/product"}],"about":[{"href":"https:\/\/sales-ai-agents.com\/de\/wp-json\/wp\/v2\/types\/product"}],"wp:featuredmedia":[{"embeddable":true,"href":"https:\/\/sales-ai-agents.com\/de\/wp-json\/wp\/v2\/media\/20946"}],"wp:attachment":[{"href":"https:\/\/sales-ai-agents.com\/de\/wp-json\/wp\/v2\/media?parent=55527"}],"wp:term":[{"taxonomy":"product_brand","embeddable":true,"href":"https:\/\/sales-ai-agents.com\/de\/wp-json\/wp\/v2\/product_brand?post=55527"},{"taxonomy":"product_cat","embeddable":true,"href":"https:\/\/sales-ai-agents.com\/de\/wp-json\/wp\/v2\/product_cat?post=55527"},{"taxonomy":"product_tag","embeddable":true,"href":"https:\/\/sales-ai-agents.com\/de\/wp-json\/wp\/v2\/product_tag?post=55527"}],"curies":[{"name":"wp","href":"https:\/\/api.w.org\/{rel}","templated":true}]}}