{"id":55581,"date":"2022-09-26T13:33:53","date_gmt":"2022-09-26T13:33:53","guid":{"rendered":"https:\/\/sales-ai-agents.com\/templates\/report-for-clients\/"},"modified":"2023-12-31T17:47:04","modified_gmt":"2023-12-31T17:47:04","slug":"report-for-clients","status":"publish","type":"product","link":"https:\/\/sales-ai-agents.com\/de\/templates\/report-for-clients\/","title":{"rendered":"Bericht f\u00fcr Kunden"},"content":{"rendered":"<p>&nbsp;<\/p>\n<h2>Bericht f\u00fcr Kunden Vorlage<\/h2>\n<p class=\"desc-text\">Zeigen Sie Ihren Kunden alle erledigten Aufgaben! Beschreiben Sie, was Sie getan haben, und belegen Sie Ihre Arbeit mit Bildern, Screenshots und Einbettungen. F\u00fcgen Sie die Ergebnisse Ihrer Arbeit hinzu und notieren Sie die Vorschl\u00e4ge f\u00fcr weitere Verbesserungen.<\/p>\n<h5>Wie zu verwenden:<\/h5>\n<ul class=\"desc-item_list\">\n<li class=\"desc-item_list__point\">Schreiben Sie alle erledigten Aufgaben auf.<\/li>\n<li class=\"desc-item_list__point\">F\u00fcgen Sie eine Zusammenfassung Ihrer Arbeit hinzu.<\/li>\n<li class=\"desc-item_list__point\">Zeigen Sie drei Stadien des Projekts: vor dem Start, in Bearbeitung und abgeschlossen.<\/li>\n<li class=\"desc-item_list__point\">Schlagen Sie weitere Schritte f\u00fcr Ihre Kunden vor.<\/li>\n<\/ul>\n","protected":false},"excerpt":{"rendered":"<p>Pr\u00e4sentieren Sie Ihren Kunden Ihre Arbeit auf elegante Weise mit dieser kostenlosen Vorlage! Senden Sie ihnen nur einen Link, unter dem sie alle erforderlichen Informationen \u00fcber das Projekt finden k\u00f6nnen.<\/p>\n","protected":false},"featured_media":34158,"template":"","meta":{"_acf_changed":false,"inline_featured_image":false},"product_brand":[],"product_cat":[171,174,169,193,194,196],"product_tag":[],"class_list":{"0":"post-55581","1":"product","2":"type-product","3":"status-publish","4":"has-post-thumbnail","6":"product_cat-marketing","7":"product_cat-marketing-clients","8":"product_cat-entrepreneur","9":"product_cat-sales","10":"product_cat-sales-account","11":"product_cat-sales-proposals","12":"collections-client","14":"first","15":"instock","16":"virtual","17":"sold-individually","18":"product-type-simple"},"acf":[],"yoast_head":"<!-- This site is optimized with the Yoast SEO plugin v25.3.1 - https:\/\/yoast.com\/wordpress\/plugins\/seo\/ -->\n<title>Bericht f\u00fcr Kunden Vorlage - Sales AI Agents<\/title>\n<meta name=\"description\" content=\"Pr\u00e4sentieren Sie Ihren Kunden Ihre Arbeit auf elegante Weise mit dieser kostenlosen Vorlage! Schicken Sie ihnen einen Link, unter dem sie alle erforderlichen Informationen \u00fcber das Projekt finden k\u00f6nnen!\" \/>\n<meta name=\"robots\" content=\"index, follow, max-snippet:-1, max-image-preview:large, max-video-preview:-1\" \/>\n<link rel=\"canonical\" href=\"https:\/\/sales-ai-agents.com\/de\/templates\/report-for-clients\/\" \/>\n<meta property=\"og:locale\" content=\"de_DE\" \/>\n<meta property=\"og:type\" content=\"article\" \/>\n<meta property=\"og:title\" content=\"Bericht f\u00fcr Kunden Vorlage - Sales AI Agents\" \/>\n<meta property=\"og:description\" content=\"Pr\u00e4sentieren Sie Ihren Kunden Ihre Arbeit auf elegante Weise mit dieser kostenlosen Vorlage! Schicken Sie ihnen einen Link, unter dem sie alle erforderlichen Informationen \u00fcber das Projekt finden k\u00f6nnen!\" \/>\n<meta property=\"og:url\" content=\"https:\/\/sales-ai-agents.com\/de\/templates\/report-for-clients\/\" \/>\n<meta property=\"og:site_name\" content=\"Sales AI Agents\" \/>\n<meta property=\"article:modified_time\" content=\"2023-12-31T17:47:04+00:00\" \/>\n<meta property=\"og:image\" content=\"https:\/\/sales-ai-agents.com\/wp-content\/uploads\/2022\/09\/Report-for-Clients-Template-1.png\" \/>\n\t<meta property=\"og:image:width\" content=\"1700\" \/>\n\t<meta property=\"og:image:height\" content=\"1100\" \/>\n\t<meta property=\"og:image:type\" content=\"image\/png\" \/>\n<meta name=\"twitter:card\" content=\"summary_large_image\" \/>\n<script type=\"application\/ld+json\" class=\"yoast-schema-graph\">{\"@context\":\"https:\/\/schema.org\",\"@graph\":[{\"@type\":\"WebPage\",\"@id\":\"https:\/\/sales-ai-agents.com\/de\/templates\/report-for-clients\/\",\"url\":\"https:\/\/sales-ai-agents.com\/de\/templates\/report-for-clients\/\",\"name\":\"Bericht f\u00fcr Kunden Vorlage - Sales AI Agents\",\"isPartOf\":{\"@id\":\"https:\/\/sales-ai-agents.com\/#website\"},\"primaryImageOfPage\":{\"@id\":\"https:\/\/sales-ai-agents.com\/de\/templates\/report-for-clients\/#primaryimage\"},\"image\":{\"@id\":\"https:\/\/sales-ai-agents.com\/de\/templates\/report-for-clients\/#primaryimage\"},\"thumbnailUrl\":\"https:\/\/sales-ai-agents.com\/wp-content\/uploads\/2022\/09\/Report-for-Clients-Template-1.png\",\"datePublished\":\"2022-09-26T13:33:53+00:00\",\"dateModified\":\"2023-12-31T17:47:04+00:00\",\"description\":\"Pr\u00e4sentieren Sie Ihren Kunden Ihre Arbeit auf elegante Weise mit dieser kostenlosen Vorlage! Schicken Sie ihnen einen Link, unter dem sie alle erforderlichen Informationen \u00fcber das Projekt finden k\u00f6nnen!\",\"inLanguage\":\"de-DE\",\"potentialAction\":[{\"@type\":\"ReadAction\",\"target\":[\"https:\/\/sales-ai-agents.com\/de\/templates\/report-for-clients\/\"]}]},{\"@type\":\"ImageObject\",\"inLanguage\":\"de-DE\",\"@id\":\"https:\/\/sales-ai-agents.com\/de\/templates\/report-for-clients\/#primaryimage\",\"url\":\"https:\/\/sales-ai-agents.com\/wp-content\/uploads\/2022\/09\/Report-for-Clients-Template-1.png\",\"contentUrl\":\"https:\/\/sales-ai-agents.com\/wp-content\/uploads\/2022\/09\/Report-for-Clients-Template-1.png\",\"width\":1700,\"height\":1100,\"caption\":\"Present your work to clients in a smart way with this free template!\"},{\"@type\":\"WebSite\",\"@id\":\"https:\/\/sales-ai-agents.com\/#website\",\"url\":\"https:\/\/sales-ai-agents.com\/\",\"name\":\"FuseBase\",\"description\":\"Nimbus Platform - Free Online Collaboration Software for Remote Teams. Build your wikis, client portals and more with the Nimbus Platform collaboration tool ? A perfect space for online work\",\"publisher\":{\"@id\":\"https:\/\/sales-ai-agents.com\/#organization\"},\"potentialAction\":[{\"@type\":\"SearchAction\",\"target\":{\"@type\":\"EntryPoint\",\"urlTemplate\":\"https:\/\/sales-ai-agents.com\/?s={search_term_string}\"},\"query-input\":{\"@type\":\"PropertyValueSpecification\",\"valueRequired\":true,\"valueName\":\"search_term_string\"}}],\"inLanguage\":\"de-DE\"},{\"@type\":\"Organization\",\"@id\":\"https:\/\/sales-ai-agents.com\/#organization\",\"name\":\"FuseBase\",\"url\":\"https:\/\/sales-ai-agents.com\/\",\"logo\":{\"@type\":\"ImageObject\",\"inLanguage\":\"de-DE\",\"@id\":\"https:\/\/sales-ai-agents.com\/#\/schema\/logo\/image\/\",\"url\":\"https:\/\/sales-ai-agents.com\/wp-content\/uploads\/2023\/11\/icon-7.svg\",\"contentUrl\":\"https:\/\/sales-ai-agents.com\/wp-content\/uploads\/2023\/11\/icon-7.svg\",\"width\":128,\"height\":128,\"caption\":\"FuseBase\"},\"image\":{\"@id\":\"https:\/\/sales-ai-agents.com\/#\/schema\/logo\/image\/\"}}]}<\/script>\n<!-- \/ Yoast SEO plugin. -->","yoast_head_json":{"title":"Bericht f\u00fcr Kunden Vorlage - Sales AI Agents","description":"Pr\u00e4sentieren Sie Ihren Kunden Ihre Arbeit auf elegante Weise mit dieser kostenlosen Vorlage! Schicken Sie ihnen einen Link, unter dem sie alle erforderlichen Informationen \u00fcber das Projekt finden k\u00f6nnen!","robots":{"index":"index","follow":"follow","max-snippet":"max-snippet:-1","max-image-preview":"max-image-preview:large","max-video-preview":"max-video-preview:-1"},"canonical":"https:\/\/sales-ai-agents.com\/de\/templates\/report-for-clients\/","og_locale":"de_DE","og_type":"article","og_title":"Bericht f\u00fcr Kunden Vorlage - Sales AI Agents","og_description":"Pr\u00e4sentieren Sie Ihren Kunden Ihre Arbeit auf elegante Weise mit dieser kostenlosen Vorlage! Schicken Sie ihnen einen Link, unter dem sie alle erforderlichen Informationen \u00fcber das Projekt finden k\u00f6nnen!","og_url":"https:\/\/sales-ai-agents.com\/de\/templates\/report-for-clients\/","og_site_name":"Sales AI Agents","article_modified_time":"2023-12-31T17:47:04+00:00","og_image":[{"width":1700,"height":1100,"url":"https:\/\/sales-ai-agents.com\/wp-content\/uploads\/2022\/09\/Report-for-Clients-Template-1.png","type":"image\/png"}],"twitter_card":"summary_large_image","schema":{"@context":"https:\/\/schema.org","@graph":[{"@type":"WebPage","@id":"https:\/\/sales-ai-agents.com\/de\/templates\/report-for-clients\/","url":"https:\/\/sales-ai-agents.com\/de\/templates\/report-for-clients\/","name":"Bericht f\u00fcr Kunden Vorlage - Sales AI Agents","isPartOf":{"@id":"https:\/\/sales-ai-agents.com\/#website"},"primaryImageOfPage":{"@id":"https:\/\/sales-ai-agents.com\/de\/templates\/report-for-clients\/#primaryimage"},"image":{"@id":"https:\/\/sales-ai-agents.com\/de\/templates\/report-for-clients\/#primaryimage"},"thumbnailUrl":"https:\/\/sales-ai-agents.com\/wp-content\/uploads\/2022\/09\/Report-for-Clients-Template-1.png","datePublished":"2022-09-26T13:33:53+00:00","dateModified":"2023-12-31T17:47:04+00:00","description":"Pr\u00e4sentieren Sie Ihren Kunden Ihre Arbeit auf elegante Weise mit dieser kostenlosen Vorlage! Schicken Sie ihnen einen Link, unter dem sie alle erforderlichen Informationen \u00fcber das Projekt finden k\u00f6nnen!","inLanguage":"de-DE","potentialAction":[{"@type":"ReadAction","target":["https:\/\/sales-ai-agents.com\/de\/templates\/report-for-clients\/"]}]},{"@type":"ImageObject","inLanguage":"de-DE","@id":"https:\/\/sales-ai-agents.com\/de\/templates\/report-for-clients\/#primaryimage","url":"https:\/\/sales-ai-agents.com\/wp-content\/uploads\/2022\/09\/Report-for-Clients-Template-1.png","contentUrl":"https:\/\/sales-ai-agents.com\/wp-content\/uploads\/2022\/09\/Report-for-Clients-Template-1.png","width":1700,"height":1100,"caption":"Present your work to clients in a smart way with this free template!"},{"@type":"WebSite","@id":"https:\/\/sales-ai-agents.com\/#website","url":"https:\/\/sales-ai-agents.com\/","name":"FuseBase","description":"Nimbus Platform - Free Online Collaboration Software for Remote Teams. Build your wikis, client portals and more with the Nimbus Platform collaboration tool ? A perfect space for online work","publisher":{"@id":"https:\/\/sales-ai-agents.com\/#organization"},"potentialAction":[{"@type":"SearchAction","target":{"@type":"EntryPoint","urlTemplate":"https:\/\/sales-ai-agents.com\/?s={search_term_string}"},"query-input":{"@type":"PropertyValueSpecification","valueRequired":true,"valueName":"search_term_string"}}],"inLanguage":"de-DE"},{"@type":"Organization","@id":"https:\/\/sales-ai-agents.com\/#organization","name":"FuseBase","url":"https:\/\/sales-ai-agents.com\/","logo":{"@type":"ImageObject","inLanguage":"de-DE","@id":"https:\/\/sales-ai-agents.com\/#\/schema\/logo\/image\/","url":"https:\/\/sales-ai-agents.com\/wp-content\/uploads\/2023\/11\/icon-7.svg","contentUrl":"https:\/\/sales-ai-agents.com\/wp-content\/uploads\/2023\/11\/icon-7.svg","width":128,"height":128,"caption":"FuseBase"},"image":{"@id":"https:\/\/sales-ai-agents.com\/#\/schema\/logo\/image\/"}}]}},"_links":{"self":[{"href":"https:\/\/sales-ai-agents.com\/de\/wp-json\/wp\/v2\/product\/55581","targetHints":{"allow":["GET"]}}],"collection":[{"href":"https:\/\/sales-ai-agents.com\/de\/wp-json\/wp\/v2\/product"}],"about":[{"href":"https:\/\/sales-ai-agents.com\/de\/wp-json\/wp\/v2\/types\/product"}],"wp:featuredmedia":[{"embeddable":true,"href":"https:\/\/sales-ai-agents.com\/de\/wp-json\/wp\/v2\/media\/34158"}],"wp:attachment":[{"href":"https:\/\/sales-ai-agents.com\/de\/wp-json\/wp\/v2\/media?parent=55581"}],"wp:term":[{"taxonomy":"product_brand","embeddable":true,"href":"https:\/\/sales-ai-agents.com\/de\/wp-json\/wp\/v2\/product_brand?post=55581"},{"taxonomy":"product_cat","embeddable":true,"href":"https:\/\/sales-ai-agents.com\/de\/wp-json\/wp\/v2\/product_cat?post=55581"},{"taxonomy":"product_tag","embeddable":true,"href":"https:\/\/sales-ai-agents.com\/de\/wp-json\/wp\/v2\/product_tag?post=55581"}],"curies":[{"name":"wp","href":"https:\/\/api.w.org\/{rel}","templated":true}]}}