{"id":55586,"date":"2022-09-26T13:33:48","date_gmt":"2022-09-26T13:33:48","guid":{"rendered":"https:\/\/sales-ai-agents.com\/templates\/meeting-poll\/"},"modified":"2023-12-31T17:50:49","modified_gmt":"2023-12-31T17:50:49","slug":"meeting-poll","status":"publish","type":"product","link":"https:\/\/sales-ai-agents.com\/de\/templates\/meeting-poll\/","title":{"rendered":"Sitzung Umfrage"},"content":{"rendered":"<p>&nbsp;<\/p>\n<h2>Meeting-Umfragevorlage<\/h2>\n<p class=\"desc-text\">Verwenden Sie diese Umfrage, um den Teilnehmern eine einfache M\u00f6glichkeit zu geben, \u00fcber gew\u00fcnschte Zeiten, Ideen, Themen oder Tagesordnungspunkte abzustimmen. Besprechungsteilnehmer k\u00f6nnen interaktiv \u00fcber Umfragen abstimmen und bei der Auswahl eines geeigneten Themas und\/oder Zeitpunkts f\u00fcr eine Besprechung mitwirken.<\/p>\n<h5>Wie zu verwenden:<\/h5>\n<ul class=\"desc-item_list\">\n<li class=\"desc-item_list__point\">Geben Sie in die Zeilen der ersten Tabellenspalte die Namen der Umfrageteilnehmer ein (geben Sie die Namen ein oder verwenden Sie die Erw\u00e4hnung @).<\/li>\n<li class=\"desc-item_list__point\">Verwenden Sie die n\u00e4chsten Spalten f\u00fcr Antwortm\u00f6glichkeiten (z. B. Themen oder Zeiten von Treffen).<\/li>\n<li class=\"desc-item_list__point\">F\u00fcr Spalten mit Antwortm\u00f6glichkeiten w\u00e4hlen Sie den Zellentyp &#8211; Ankreuzfeld.<\/li>\n<li class=\"desc-item_list__point\">Fordern Sie die Umfrageteilnehmer auf, die Optionen zu w\u00e4hlen, die ihnen am besten gefallen.<\/li>\n<li class=\"desc-item_list__point\">\u00dcberpr\u00fcfen Sie anhand der Z\u00e4hllinie, welche Antworten am beliebtesten sind.<\/li>\n<\/ul>\n","protected":false},"excerpt":{"rendered":"<p>Verwenden Sie diese kostenlose, anpassbare Meeting-Umfrage, um den Teilnehmern eine einfache M\u00f6glichkeit zu geben, \u00fcber gew\u00fcnschte Zeiten, Ideen, Themen oder Tagesordnungspunkte f\u00fcr Ihre produktiven Meetings abzustimmen.<\/p>\n","protected":false},"featured_media":20864,"template":"","meta":{"_acf_changed":false,"inline_featured_image":false},"product_brand":[],"product_cat":[177,198,191,169],"product_tag":[],"class_list":{"0":"post-55586","1":"product","2":"type-product","3":"status-publish","4":"has-post-thumbnail","6":"product_cat-meeting","7":"product_cat-teacher","8":"product_cat-project-management","9":"product_cat-entrepreneur","10":"collections-team","12":"first","13":"instock","14":"virtual","15":"sold-individually","16":"product-type-simple"},"acf":[],"yoast_head":"<!-- This site is optimized with the Yoast SEO plugin v25.3.1 - https:\/\/yoast.com\/wordpress\/plugins\/seo\/ -->\n<title>Umfragevorlage f\u00fcr Meetings - Sales AI Agents<\/title>\n<meta name=\"description\" content=\"Verwenden Sie diese kostenlose, anpassbare Meeting-Umfrage, um den Teilnehmern eine einfache M\u00f6glichkeit zu geben, \u00fcber gew\u00fcnschte Zeiten, Ideen, Themen oder Tagesordnungspunkte f\u00fcr Ihre produktiven Meetings abzustimmen.\" \/>\n<meta name=\"robots\" content=\"index, follow, max-snippet:-1, max-image-preview:large, max-video-preview:-1\" \/>\n<link rel=\"canonical\" href=\"https:\/\/sales-ai-agents.com\/de\/templates\/meeting-poll\/\" \/>\n<meta property=\"og:locale\" content=\"de_DE\" \/>\n<meta property=\"og:type\" content=\"article\" \/>\n<meta property=\"og:title\" content=\"Umfragevorlage f\u00fcr Meetings - Sales AI Agents\" \/>\n<meta property=\"og:description\" content=\"Verwenden Sie diese kostenlose, anpassbare Meeting-Umfrage, um den Teilnehmern eine einfache M\u00f6glichkeit zu geben, \u00fcber gew\u00fcnschte Zeiten, Ideen, Themen oder Tagesordnungspunkte f\u00fcr Ihre produktiven Meetings abzustimmen.\" \/>\n<meta property=\"og:url\" content=\"https:\/\/sales-ai-agents.com\/de\/templates\/meeting-poll\/\" \/>\n<meta property=\"og:site_name\" content=\"Sales AI Agents\" \/>\n<meta property=\"article:modified_time\" content=\"2023-12-31T17:50:49+00:00\" \/>\n<meta property=\"og:image\" content=\"https:\/\/sales-ai-agents.com\/wp-content\/uploads\/2023\/01\/image-preview123553.png\" \/>\n\t<meta property=\"og:image:width\" content=\"1078\" \/>\n\t<meta property=\"og:image:height\" content=\"760\" \/>\n\t<meta property=\"og:image:type\" content=\"image\/png\" \/>\n<meta name=\"twitter:card\" content=\"summary_large_image\" \/>\n<script type=\"application\/ld+json\" class=\"yoast-schema-graph\">{\"@context\":\"https:\/\/schema.org\",\"@graph\":[{\"@type\":\"WebPage\",\"@id\":\"https:\/\/sales-ai-agents.com\/de\/templates\/meeting-poll\/\",\"url\":\"https:\/\/sales-ai-agents.com\/de\/templates\/meeting-poll\/\",\"name\":\"Umfragevorlage f\u00fcr Meetings - Sales AI Agents\",\"isPartOf\":{\"@id\":\"https:\/\/sales-ai-agents.com\/#website\"},\"primaryImageOfPage\":{\"@id\":\"https:\/\/sales-ai-agents.com\/de\/templates\/meeting-poll\/#primaryimage\"},\"image\":{\"@id\":\"https:\/\/sales-ai-agents.com\/de\/templates\/meeting-poll\/#primaryimage\"},\"thumbnailUrl\":\"https:\/\/sales-ai-agents.com\/wp-content\/uploads\/2023\/01\/image-preview123553.png\",\"datePublished\":\"2022-09-26T13:33:48+00:00\",\"dateModified\":\"2023-12-31T17:50:49+00:00\",\"description\":\"Verwenden Sie diese kostenlose, anpassbare Meeting-Umfrage, um den Teilnehmern eine einfache M\u00f6glichkeit zu geben, \u00fcber gew\u00fcnschte Zeiten, Ideen, Themen oder Tagesordnungspunkte f\u00fcr Ihre produktiven Meetings abzustimmen.\",\"inLanguage\":\"de-DE\",\"potentialAction\":[{\"@type\":\"ReadAction\",\"target\":[\"https:\/\/sales-ai-agents.com\/de\/templates\/meeting-poll\/\"]}]},{\"@type\":\"ImageObject\",\"inLanguage\":\"de-DE\",\"@id\":\"https:\/\/sales-ai-agents.com\/de\/templates\/meeting-poll\/#primaryimage\",\"url\":\"https:\/\/sales-ai-agents.com\/wp-content\/uploads\/2023\/01\/image-preview123553.png\",\"contentUrl\":\"https:\/\/sales-ai-agents.com\/wp-content\/uploads\/2023\/01\/image-preview123553.png\",\"width\":1078,\"height\":760,\"caption\":\"Meeting Poll Template - Nimbus Platform\"},{\"@type\":\"WebSite\",\"@id\":\"https:\/\/sales-ai-agents.com\/#website\",\"url\":\"https:\/\/sales-ai-agents.com\/\",\"name\":\"FuseBase\",\"description\":\"Nimbus Platform - Free Online Collaboration Software for Remote Teams. Build your wikis, client portals and more with the Nimbus Platform collaboration tool ? A perfect space for online work\",\"publisher\":{\"@id\":\"https:\/\/sales-ai-agents.com\/#organization\"},\"potentialAction\":[{\"@type\":\"SearchAction\",\"target\":{\"@type\":\"EntryPoint\",\"urlTemplate\":\"https:\/\/sales-ai-agents.com\/?s={search_term_string}\"},\"query-input\":{\"@type\":\"PropertyValueSpecification\",\"valueRequired\":true,\"valueName\":\"search_term_string\"}}],\"inLanguage\":\"de-DE\"},{\"@type\":\"Organization\",\"@id\":\"https:\/\/sales-ai-agents.com\/#organization\",\"name\":\"FuseBase\",\"url\":\"https:\/\/sales-ai-agents.com\/\",\"logo\":{\"@type\":\"ImageObject\",\"inLanguage\":\"de-DE\",\"@id\":\"https:\/\/sales-ai-agents.com\/#\/schema\/logo\/image\/\",\"url\":\"https:\/\/sales-ai-agents.com\/wp-content\/uploads\/2023\/11\/icon-7.svg\",\"contentUrl\":\"https:\/\/sales-ai-agents.com\/wp-content\/uploads\/2023\/11\/icon-7.svg\",\"width\":128,\"height\":128,\"caption\":\"FuseBase\"},\"image\":{\"@id\":\"https:\/\/sales-ai-agents.com\/#\/schema\/logo\/image\/\"}}]}<\/script>\n<!-- \/ Yoast SEO plugin. -->","yoast_head_json":{"title":"Umfragevorlage f\u00fcr Meetings - Sales AI Agents","description":"Verwenden Sie diese kostenlose, anpassbare Meeting-Umfrage, um den Teilnehmern eine einfache M\u00f6glichkeit zu geben, \u00fcber gew\u00fcnschte Zeiten, Ideen, Themen oder Tagesordnungspunkte f\u00fcr Ihre produktiven Meetings abzustimmen.","robots":{"index":"index","follow":"follow","max-snippet":"max-snippet:-1","max-image-preview":"max-image-preview:large","max-video-preview":"max-video-preview:-1"},"canonical":"https:\/\/sales-ai-agents.com\/de\/templates\/meeting-poll\/","og_locale":"de_DE","og_type":"article","og_title":"Umfragevorlage f\u00fcr Meetings - Sales AI Agents","og_description":"Verwenden Sie diese kostenlose, anpassbare Meeting-Umfrage, um den Teilnehmern eine einfache M\u00f6glichkeit zu geben, \u00fcber gew\u00fcnschte Zeiten, Ideen, Themen oder Tagesordnungspunkte f\u00fcr Ihre produktiven Meetings abzustimmen.","og_url":"https:\/\/sales-ai-agents.com\/de\/templates\/meeting-poll\/","og_site_name":"Sales AI Agents","article_modified_time":"2023-12-31T17:50:49+00:00","og_image":[{"width":1078,"height":760,"url":"https:\/\/sales-ai-agents.com\/wp-content\/uploads\/2023\/01\/image-preview123553.png","type":"image\/png"}],"twitter_card":"summary_large_image","schema":{"@context":"https:\/\/schema.org","@graph":[{"@type":"WebPage","@id":"https:\/\/sales-ai-agents.com\/de\/templates\/meeting-poll\/","url":"https:\/\/sales-ai-agents.com\/de\/templates\/meeting-poll\/","name":"Umfragevorlage f\u00fcr Meetings - Sales AI Agents","isPartOf":{"@id":"https:\/\/sales-ai-agents.com\/#website"},"primaryImageOfPage":{"@id":"https:\/\/sales-ai-agents.com\/de\/templates\/meeting-poll\/#primaryimage"},"image":{"@id":"https:\/\/sales-ai-agents.com\/de\/templates\/meeting-poll\/#primaryimage"},"thumbnailUrl":"https:\/\/sales-ai-agents.com\/wp-content\/uploads\/2023\/01\/image-preview123553.png","datePublished":"2022-09-26T13:33:48+00:00","dateModified":"2023-12-31T17:50:49+00:00","description":"Verwenden Sie diese kostenlose, anpassbare Meeting-Umfrage, um den Teilnehmern eine einfache M\u00f6glichkeit zu geben, \u00fcber gew\u00fcnschte Zeiten, Ideen, Themen oder Tagesordnungspunkte f\u00fcr Ihre produktiven Meetings abzustimmen.","inLanguage":"de-DE","potentialAction":[{"@type":"ReadAction","target":["https:\/\/sales-ai-agents.com\/de\/templates\/meeting-poll\/"]}]},{"@type":"ImageObject","inLanguage":"de-DE","@id":"https:\/\/sales-ai-agents.com\/de\/templates\/meeting-poll\/#primaryimage","url":"https:\/\/sales-ai-agents.com\/wp-content\/uploads\/2023\/01\/image-preview123553.png","contentUrl":"https:\/\/sales-ai-agents.com\/wp-content\/uploads\/2023\/01\/image-preview123553.png","width":1078,"height":760,"caption":"Meeting Poll Template - Nimbus Platform"},{"@type":"WebSite","@id":"https:\/\/sales-ai-agents.com\/#website","url":"https:\/\/sales-ai-agents.com\/","name":"FuseBase","description":"Nimbus Platform - Free Online Collaboration Software for Remote Teams. Build your wikis, client portals and more with the Nimbus Platform collaboration tool ? A perfect space for online work","publisher":{"@id":"https:\/\/sales-ai-agents.com\/#organization"},"potentialAction":[{"@type":"SearchAction","target":{"@type":"EntryPoint","urlTemplate":"https:\/\/sales-ai-agents.com\/?s={search_term_string}"},"query-input":{"@type":"PropertyValueSpecification","valueRequired":true,"valueName":"search_term_string"}}],"inLanguage":"de-DE"},{"@type":"Organization","@id":"https:\/\/sales-ai-agents.com\/#organization","name":"FuseBase","url":"https:\/\/sales-ai-agents.com\/","logo":{"@type":"ImageObject","inLanguage":"de-DE","@id":"https:\/\/sales-ai-agents.com\/#\/schema\/logo\/image\/","url":"https:\/\/sales-ai-agents.com\/wp-content\/uploads\/2023\/11\/icon-7.svg","contentUrl":"https:\/\/sales-ai-agents.com\/wp-content\/uploads\/2023\/11\/icon-7.svg","width":128,"height":128,"caption":"FuseBase"},"image":{"@id":"https:\/\/sales-ai-agents.com\/#\/schema\/logo\/image\/"}}]}},"_links":{"self":[{"href":"https:\/\/sales-ai-agents.com\/de\/wp-json\/wp\/v2\/product\/55586","targetHints":{"allow":["GET"]}}],"collection":[{"href":"https:\/\/sales-ai-agents.com\/de\/wp-json\/wp\/v2\/product"}],"about":[{"href":"https:\/\/sales-ai-agents.com\/de\/wp-json\/wp\/v2\/types\/product"}],"wp:featuredmedia":[{"embeddable":true,"href":"https:\/\/sales-ai-agents.com\/de\/wp-json\/wp\/v2\/media\/20864"}],"wp:attachment":[{"href":"https:\/\/sales-ai-agents.com\/de\/wp-json\/wp\/v2\/media?parent=55586"}],"wp:term":[{"taxonomy":"product_brand","embeddable":true,"href":"https:\/\/sales-ai-agents.com\/de\/wp-json\/wp\/v2\/product_brand?post=55586"},{"taxonomy":"product_cat","embeddable":true,"href":"https:\/\/sales-ai-agents.com\/de\/wp-json\/wp\/v2\/product_cat?post=55586"},{"taxonomy":"product_tag","embeddable":true,"href":"https:\/\/sales-ai-agents.com\/de\/wp-json\/wp\/v2\/product_tag?post=55586"}],"curies":[{"name":"wp","href":"https:\/\/api.w.org\/{rel}","templated":true}]}}