{"id":55590,"date":"2022-09-26T13:33:45","date_gmt":"2022-09-26T13:33:45","guid":{"rendered":"https:\/\/sales-ai-agents.com\/templates\/monthly-mood-productivity-tracker\/"},"modified":"2023-12-31T17:17:17","modified_gmt":"2023-12-31T17:17:17","slug":"monthly-mood-productivity-tracker","status":"publish","type":"product","link":"https:\/\/sales-ai-agents.com\/de\/templates\/monthly-mood-productivity-tracker\/","title":{"rendered":"Monatlicher Mood &amp; Productivity Tracker"},"content":{"rendered":"<p>&nbsp;<\/p>\n<h2>Monatlicher Stimmungs &amp; Produktivit\u00e4ts Tracker Vorlage<\/h2>\n<p class=\"desc-text\">Wenn Sie viel um die Ohren haben, kann es sein, dass Sie im Laufe des Monats in unterschiedliche Stimmungen geraten. Manche Tage m\u00f6gen produktiver sein als andere. Wenn Sie Ihre Gef\u00fchle jeden Monat verfolgen, k\u00f6nnen Sie Ihre Fortschritte und Ihre Produktivit\u00e4t im Auge behalten. Verwenden Sie diese Vorlage, um Ihre Emotionen zu beobachten und zu notieren. Sehen Sie, was Ihre Gewohnheiten beeinflusst. Denken Sie jeden Monat \u00fcber Ihre Einstellung nach und entscheiden Sie, welche \u00c4nderungen Sie vornehmen k\u00f6nnen.<\/p>\n<h5>Wie zu verwenden:<\/h5>\n<ul class=\"desc-item_list\">\n<li class=\"desc-item_list__point\">Geben Sie den Monat an, den Sie verfolgen<\/li>\n<li class=\"desc-item_list__point\">Benutzen Sie die Taste, um Ihre Stimmung zu bewerten<\/li>\n<li class=\"desc-item_list__point\">Geben Sie sich selbst eine Bewertung f\u00fcr jeden Tag der Woche<\/li>\n<li class=\"desc-item_list__point\">Bewertungen der Produktivit\u00e4t einbeziehen<\/li>\n<li class=\"desc-item_list__point\">Sehen Sie Ihre Fortschritte am Ende des Monats<\/li>\n<\/ul>\n","protected":false},"excerpt":{"rendered":"<p>Wenn Sie Ihre Gef\u00fchle jeden Monat verfolgen, k\u00f6nnen Sie Ihre Fortschritte und Ihre Produktivit\u00e4t im Auge behalten. Verwenden Sie diese Vorlage, um Ihre Emotionen zu beobachten und zu notieren.<\/p>\n","protected":false},"featured_media":27171,"template":"","meta":{"_acf_changed":false,"inline_featured_image":false},"product_brand":[],"product_cat":[179,180,183],"product_tag":[],"class_list":{"0":"post-55590","1":"product","2":"type-product","3":"status-publish","4":"has-post-thumbnail","6":"product_cat-organizers-planners","7":"product_cat-personal","8":"product_cat-personal-health","10":"first","11":"instock","12":"virtual","13":"sold-individually","14":"product-type-simple"},"acf":[],"yoast_head":"<!-- This site is optimized with the Yoast SEO plugin v25.3.1 - https:\/\/yoast.com\/wordpress\/plugins\/seo\/ -->\n<title>Monatliche Stimmungs- und Produktivit\u00e4ts-Tracker-Vorlage - Sales AI Agents<\/title>\n<meta name=\"description\" content=\"Wenn Sie Ihre Gef\u00fchle jeden Monat verfolgen, k\u00f6nnen Sie Ihre Fortschritte und Ihre Produktivit\u00e4t im Auge behalten. Verwenden Sie diese Vorlage, um Ihre Emotionen zu beobachten und zu notieren.\" \/>\n<meta name=\"robots\" content=\"index, follow, max-snippet:-1, max-image-preview:large, max-video-preview:-1\" \/>\n<link rel=\"canonical\" href=\"https:\/\/sales-ai-agents.com\/de\/templates\/monthly-mood-productivity-tracker\/\" \/>\n<meta property=\"og:locale\" content=\"de_DE\" \/>\n<meta property=\"og:type\" content=\"article\" \/>\n<meta property=\"og:title\" content=\"Monatliche Stimmungs- und Produktivit\u00e4ts-Tracker-Vorlage - Sales AI Agents\" \/>\n<meta property=\"og:description\" content=\"Wenn Sie Ihre Gef\u00fchle jeden Monat verfolgen, k\u00f6nnen Sie Ihre Fortschritte und Ihre Produktivit\u00e4t im Auge behalten. Verwenden Sie diese Vorlage, um Ihre Emotionen zu beobachten und zu notieren.\" \/>\n<meta property=\"og:url\" content=\"https:\/\/sales-ai-agents.com\/de\/templates\/monthly-mood-productivity-tracker\/\" \/>\n<meta property=\"og:site_name\" content=\"Sales AI Agents\" \/>\n<meta property=\"article:modified_time\" content=\"2023-12-31T17:17:17+00:00\" \/>\n<meta property=\"og:image\" content=\"https:\/\/sales-ai-agents.com\/wp-content\/uploads\/2022\/09\/Monthly-Mood-and-Productivity-Tracker.png\" \/>\n\t<meta property=\"og:image:width\" content=\"1700\" \/>\n\t<meta property=\"og:image:height\" content=\"1100\" \/>\n\t<meta property=\"og:image:type\" content=\"image\/png\" \/>\n<meta name=\"twitter:card\" content=\"summary_large_image\" \/>\n<script type=\"application\/ld+json\" class=\"yoast-schema-graph\">{\"@context\":\"https:\/\/schema.org\",\"@graph\":[{\"@type\":\"WebPage\",\"@id\":\"https:\/\/sales-ai-agents.com\/de\/templates\/monthly-mood-productivity-tracker\/\",\"url\":\"https:\/\/sales-ai-agents.com\/de\/templates\/monthly-mood-productivity-tracker\/\",\"name\":\"Monatliche Stimmungs- und Produktivit\u00e4ts-Tracker-Vorlage - Sales AI Agents\",\"isPartOf\":{\"@id\":\"https:\/\/sales-ai-agents.com\/#website\"},\"primaryImageOfPage\":{\"@id\":\"https:\/\/sales-ai-agents.com\/de\/templates\/monthly-mood-productivity-tracker\/#primaryimage\"},\"image\":{\"@id\":\"https:\/\/sales-ai-agents.com\/de\/templates\/monthly-mood-productivity-tracker\/#primaryimage\"},\"thumbnailUrl\":\"https:\/\/sales-ai-agents.com\/wp-content\/uploads\/2022\/09\/Monthly-Mood-and-Productivity-Tracker.png\",\"datePublished\":\"2022-09-26T13:33:45+00:00\",\"dateModified\":\"2023-12-31T17:17:17+00:00\",\"description\":\"Wenn Sie Ihre Gef\u00fchle jeden Monat verfolgen, k\u00f6nnen Sie Ihre Fortschritte und Ihre Produktivit\u00e4t im Auge behalten. Verwenden Sie diese Vorlage, um Ihre Emotionen zu beobachten und zu notieren.\",\"inLanguage\":\"de-DE\",\"potentialAction\":[{\"@type\":\"ReadAction\",\"target\":[\"https:\/\/sales-ai-agents.com\/de\/templates\/monthly-mood-productivity-tracker\/\"]}]},{\"@type\":\"ImageObject\",\"inLanguage\":\"de-DE\",\"@id\":\"https:\/\/sales-ai-agents.com\/de\/templates\/monthly-mood-productivity-tracker\/#primaryimage\",\"url\":\"https:\/\/sales-ai-agents.com\/wp-content\/uploads\/2022\/09\/Monthly-Mood-and-Productivity-Tracker.png\",\"contentUrl\":\"https:\/\/sales-ai-agents.com\/wp-content\/uploads\/2022\/09\/Monthly-Mood-and-Productivity-Tracker.png\",\"width\":1700,\"height\":1100,\"caption\":\"Tracking your feelings each month can help you keep an eye on your progress and productivity.\"},{\"@type\":\"WebSite\",\"@id\":\"https:\/\/sales-ai-agents.com\/#website\",\"url\":\"https:\/\/sales-ai-agents.com\/\",\"name\":\"FuseBase\",\"description\":\"Nimbus Platform - Free Online Collaboration Software for Remote Teams. Build your wikis, client portals and more with the Nimbus Platform collaboration tool ? A perfect space for online work\",\"publisher\":{\"@id\":\"https:\/\/sales-ai-agents.com\/#organization\"},\"potentialAction\":[{\"@type\":\"SearchAction\",\"target\":{\"@type\":\"EntryPoint\",\"urlTemplate\":\"https:\/\/sales-ai-agents.com\/?s={search_term_string}\"},\"query-input\":{\"@type\":\"PropertyValueSpecification\",\"valueRequired\":true,\"valueName\":\"search_term_string\"}}],\"inLanguage\":\"de-DE\"},{\"@type\":\"Organization\",\"@id\":\"https:\/\/sales-ai-agents.com\/#organization\",\"name\":\"FuseBase\",\"url\":\"https:\/\/sales-ai-agents.com\/\",\"logo\":{\"@type\":\"ImageObject\",\"inLanguage\":\"de-DE\",\"@id\":\"https:\/\/sales-ai-agents.com\/#\/schema\/logo\/image\/\",\"url\":\"https:\/\/sales-ai-agents.com\/wp-content\/uploads\/2023\/11\/icon-7.svg\",\"contentUrl\":\"https:\/\/sales-ai-agents.com\/wp-content\/uploads\/2023\/11\/icon-7.svg\",\"width\":128,\"height\":128,\"caption\":\"FuseBase\"},\"image\":{\"@id\":\"https:\/\/sales-ai-agents.com\/#\/schema\/logo\/image\/\"}}]}<\/script>\n<!-- \/ Yoast SEO plugin. -->","yoast_head_json":{"title":"Monatliche Stimmungs- und Produktivit\u00e4ts-Tracker-Vorlage - Sales AI Agents","description":"Wenn Sie Ihre Gef\u00fchle jeden Monat verfolgen, k\u00f6nnen Sie Ihre Fortschritte und Ihre Produktivit\u00e4t im Auge behalten. Verwenden Sie diese Vorlage, um Ihre Emotionen zu beobachten und zu notieren.","robots":{"index":"index","follow":"follow","max-snippet":"max-snippet:-1","max-image-preview":"max-image-preview:large","max-video-preview":"max-video-preview:-1"},"canonical":"https:\/\/sales-ai-agents.com\/de\/templates\/monthly-mood-productivity-tracker\/","og_locale":"de_DE","og_type":"article","og_title":"Monatliche Stimmungs- und Produktivit\u00e4ts-Tracker-Vorlage - Sales AI Agents","og_description":"Wenn Sie Ihre Gef\u00fchle jeden Monat verfolgen, k\u00f6nnen Sie Ihre Fortschritte und Ihre Produktivit\u00e4t im Auge behalten. Verwenden Sie diese Vorlage, um Ihre Emotionen zu beobachten und zu notieren.","og_url":"https:\/\/sales-ai-agents.com\/de\/templates\/monthly-mood-productivity-tracker\/","og_site_name":"Sales AI Agents","article_modified_time":"2023-12-31T17:17:17+00:00","og_image":[{"width":1700,"height":1100,"url":"https:\/\/sales-ai-agents.com\/wp-content\/uploads\/2022\/09\/Monthly-Mood-and-Productivity-Tracker.png","type":"image\/png"}],"twitter_card":"summary_large_image","schema":{"@context":"https:\/\/schema.org","@graph":[{"@type":"WebPage","@id":"https:\/\/sales-ai-agents.com\/de\/templates\/monthly-mood-productivity-tracker\/","url":"https:\/\/sales-ai-agents.com\/de\/templates\/monthly-mood-productivity-tracker\/","name":"Monatliche Stimmungs- und Produktivit\u00e4ts-Tracker-Vorlage - Sales AI Agents","isPartOf":{"@id":"https:\/\/sales-ai-agents.com\/#website"},"primaryImageOfPage":{"@id":"https:\/\/sales-ai-agents.com\/de\/templates\/monthly-mood-productivity-tracker\/#primaryimage"},"image":{"@id":"https:\/\/sales-ai-agents.com\/de\/templates\/monthly-mood-productivity-tracker\/#primaryimage"},"thumbnailUrl":"https:\/\/sales-ai-agents.com\/wp-content\/uploads\/2022\/09\/Monthly-Mood-and-Productivity-Tracker.png","datePublished":"2022-09-26T13:33:45+00:00","dateModified":"2023-12-31T17:17:17+00:00","description":"Wenn Sie Ihre Gef\u00fchle jeden Monat verfolgen, k\u00f6nnen Sie Ihre Fortschritte und Ihre Produktivit\u00e4t im Auge behalten. Verwenden Sie diese Vorlage, um Ihre Emotionen zu beobachten und zu notieren.","inLanguage":"de-DE","potentialAction":[{"@type":"ReadAction","target":["https:\/\/sales-ai-agents.com\/de\/templates\/monthly-mood-productivity-tracker\/"]}]},{"@type":"ImageObject","inLanguage":"de-DE","@id":"https:\/\/sales-ai-agents.com\/de\/templates\/monthly-mood-productivity-tracker\/#primaryimage","url":"https:\/\/sales-ai-agents.com\/wp-content\/uploads\/2022\/09\/Monthly-Mood-and-Productivity-Tracker.png","contentUrl":"https:\/\/sales-ai-agents.com\/wp-content\/uploads\/2022\/09\/Monthly-Mood-and-Productivity-Tracker.png","width":1700,"height":1100,"caption":"Tracking your feelings each month can help you keep an eye on your progress and productivity."},{"@type":"WebSite","@id":"https:\/\/sales-ai-agents.com\/#website","url":"https:\/\/sales-ai-agents.com\/","name":"FuseBase","description":"Nimbus Platform - Free Online Collaboration Software for Remote Teams. Build your wikis, client portals and more with the Nimbus Platform collaboration tool ? A perfect space for online work","publisher":{"@id":"https:\/\/sales-ai-agents.com\/#organization"},"potentialAction":[{"@type":"SearchAction","target":{"@type":"EntryPoint","urlTemplate":"https:\/\/sales-ai-agents.com\/?s={search_term_string}"},"query-input":{"@type":"PropertyValueSpecification","valueRequired":true,"valueName":"search_term_string"}}],"inLanguage":"de-DE"},{"@type":"Organization","@id":"https:\/\/sales-ai-agents.com\/#organization","name":"FuseBase","url":"https:\/\/sales-ai-agents.com\/","logo":{"@type":"ImageObject","inLanguage":"de-DE","@id":"https:\/\/sales-ai-agents.com\/#\/schema\/logo\/image\/","url":"https:\/\/sales-ai-agents.com\/wp-content\/uploads\/2023\/11\/icon-7.svg","contentUrl":"https:\/\/sales-ai-agents.com\/wp-content\/uploads\/2023\/11\/icon-7.svg","width":128,"height":128,"caption":"FuseBase"},"image":{"@id":"https:\/\/sales-ai-agents.com\/#\/schema\/logo\/image\/"}}]}},"_links":{"self":[{"href":"https:\/\/sales-ai-agents.com\/de\/wp-json\/wp\/v2\/product\/55590","targetHints":{"allow":["GET"]}}],"collection":[{"href":"https:\/\/sales-ai-agents.com\/de\/wp-json\/wp\/v2\/product"}],"about":[{"href":"https:\/\/sales-ai-agents.com\/de\/wp-json\/wp\/v2\/types\/product"}],"wp:featuredmedia":[{"embeddable":true,"href":"https:\/\/sales-ai-agents.com\/de\/wp-json\/wp\/v2\/media\/27171"}],"wp:attachment":[{"href":"https:\/\/sales-ai-agents.com\/de\/wp-json\/wp\/v2\/media?parent=55590"}],"wp:term":[{"taxonomy":"product_brand","embeddable":true,"href":"https:\/\/sales-ai-agents.com\/de\/wp-json\/wp\/v2\/product_brand?post=55590"},{"taxonomy":"product_cat","embeddable":true,"href":"https:\/\/sales-ai-agents.com\/de\/wp-json\/wp\/v2\/product_cat?post=55590"},{"taxonomy":"product_tag","embeddable":true,"href":"https:\/\/sales-ai-agents.com\/de\/wp-json\/wp\/v2\/product_tag?post=55590"}],"curies":[{"name":"wp","href":"https:\/\/api.w.org\/{rel}","templated":true}]}}