{"id":55593,"date":"2022-09-26T12:25:33","date_gmt":"2022-09-26T12:25:33","guid":{"rendered":"https:\/\/sales-ai-agents.com\/templates\/project-life-cycle\/"},"modified":"2023-12-31T17:14:24","modified_gmt":"2023-12-31T17:14:24","slug":"project-life-cycle","status":"publish","type":"product","link":"https:\/\/sales-ai-agents.com\/de\/templates\/project-life-cycle\/","title":{"rendered":"Projekt-Lebenszyklus"},"content":{"rendered":"<p>&nbsp;<\/p>\n<h2>Projektlebenszyklus-Vorlage<\/h2>\n<p>Beim Projektmanagement geht es darum, Ihre Produktvorlage von Anfang bis Ende im Auge zu behalten, um die Verschwendung von Zeit, Ressourcen und Geld zu vermeiden.<\/p>\n<p>Je nach Komplexit\u00e4t des Projekts k\u00f6nnen sich die Phasen und die Anforderungen \u00e4ndern, aber es gibt einige Schritte, die Sie m\u00f6glicherweise befolgen m\u00fcssen.<\/p>\n<h5><\/h5>\n<h5>Was ist ein Projektlebenszyklus?<\/h5>\n<p>Eine Reihe von Schritten oder Phasen vom Beginn bis zum Abschluss wird als Vorlage f\u00fcr den Projektlebenszyklus betrachtet. Daher muss jede Aufgabe innerhalb einer Organisation durch ihren Lebenszyklus und auf der Grundlage ihrer Notwendigkeit f\u00fcr \u00fcbergeordnete Projektziele bestimmt werden.<\/p>\n<p>Erfahren Sie hier, was der Lebenszyklus des Projektmanagements ist.<\/p>\n<p>Der Lebenszyklus eines Projekts weist in der Regel die folgenden Merkmale auf:<\/p>\n<ul>\n<li>Die Phasen seines Lebenszyklus sind nacheinander angeordnet.<\/li>\n<li>Ergebnisse erzielen, w\u00e4hrend man von einer Phase zur n\u00e4chsten wechselt.<\/li>\n<li>Die Berichte einer Etappe m\u00fcssen genehmigt werden, bevor die n\u00e4chste Etappe in Angriff genommen werden kann.<\/li>\n<\/ul>\n<p>Innerhalb des Lebenszyklus einer Vorlage gibt es eine Richtung, die in jeder ihrer Phasen funktioniert.<\/p>\n<p>&nbsp;<\/p>\n<p>Der Projektlebenszyklus ist ein Prozess oder eine Methode, an die sich Manager in der Regel bei der Erledigung einer Aufgabe halten. Der Lebenszyklus besteht aus einer Reihe von Phasen.<\/p>\n<p>Au\u00dferdem hilft die Aufteilung der Aufgaben in einzelne Phasen, die Arbeit besser zu bew\u00e4ltigen und die volle Kontrolle dar\u00fcber zu haben. Es ist jedoch wichtig zu erw\u00e4hnen, dass jeder Dienst seinen eigenen Lebenszyklus hat, der jedoch die gleichen Phasen durchl\u00e4uft. Aus diesem Grund wird das, was wir im Folgenden ansprechen, unabh\u00e4ngig von den Eigenschaften Ihres Produkts f\u00fcr Sie hilfreich sein.<\/p>\n<h5>Was sind die 4 Phasen des Projektlebenszyklus?<\/h5>\n<h6>Phase 1: Beginn des Projekts<\/h6>\n<p>Dies ist der erste Schritt in einem Lebenszyklus. Hier wird der Wert des Plans berechnet.<\/p>\n<p>Hierbei handelt es sich um die Bewertung der Projektziele, eines Zeitplans und der damit verbundenen Kosten, um festzustellen, ob der Plan durchgef\u00fchrt werden sollte. Sie w\u00e4gt die Anforderungen mit ihren Ressourcen und ihrer Verf\u00fcgbarkeit ab, um festzustellen, ob die Fortsetzung der Arbeit f\u00fcr den Lebenszyklus der Organisation sinnvoll ist.<\/p>\n<p>Die Art von Arbeit, die Teams aufgeben, wenn Projekte als unrentabel oder nicht durchf\u00fchrbar eingestuft werden. Ein Lebenszyklus, der beide Tests besteht, kann jedoch einem geschulten Team zugewiesen werden.<\/p>\n<h6>Phase 2: Planung<\/h6>\n<p>Wenn das Projekt genehmigt wird, ist ein solider Plan erforderlich, an dem sich das Arbeitsteam orientieren kann. Dar\u00fcber hinaus muss sie fristgerecht und im Rahmen des vorgeschlagenen Budgets durchgef\u00fchrt werden. Ein gut durchdachter, schriftlicher Lebenszyklusplan hilft bei der Beschaffung von Ressourcen, der Finanzierung und der Beschaffung der notwendigen Inputs.<\/p>\n<p>Es geht darum, eine vollst\u00e4ndige Reihe von Strategien zu entwickeln, die einen klaren Projektfahrplan in Bezug auf Qualit\u00e4t, Kosten, Risikostruktur, Hindernisse, Nutzen, Lebenszyklusumfang und Arbeitsplan erstellen.<\/p>\n<h6>Phase 3: Projektdurchf\u00fchrung<\/h6>\n<p>Nach Abschluss der Planungsphase und auf deren Grundlage m\u00fcssen die geplanten Aktivit\u00e4ten mit ihren jeweiligen Aufgaben durchgef\u00fchrt und die Produkte ausgeliefert werden.<\/p>\n<p>Es ist wichtig, in dieser Phase f\u00fcr eine effektive Kommunikation zu sorgen, um eine bessere Kontrolle des Prozesses in Bezug auf Fristen und Ressourcen zu gew\u00e4hrleisten.<\/p>\n<p>In dieser Phase m\u00fcssen Schritte unternommen werden, um Risiken, \u00c4nderungen von Ereignissen, Kosten und Ausgaben, Ressourcen, Zeit und Aktualisierungen oder \u00c4nderungen zu vermeiden.<\/p>\n<p>Die Umsetzung eines Lebenszyklus h\u00e4ngt von der Planungsphase ab.<\/p>\n<p>Diese Phase umfasst alle Prozesse, die f\u00fcr das Follow-up, die \u00dcberpr\u00fcfung und die \u00dcberwachung der einzelnen Prozesse erforderlich sind.<\/p>\n<p>Diese Phase wird durchgef\u00fchrt, um potenzielle Probleme so schnell wie m\u00f6glich zu erkennen. Au\u00dferdem sollen die Bereiche des Lebenszyklus ermittelt werden, in denen eine \u00c4nderung der Planung erforderlich sein k\u00f6nnte. Die \u00dcberwachungs- und Kontrollphase des Lebenszyklus ist nat\u00fcrlich mit der Ausf\u00fchrungsphase verbunden.<\/p>\n<p>Um die Lieferung des Endprodukts zu gew\u00e4hrleisten, muss das verantwortliche Team daher Leistungsindikatoren berechnen und Schwankungen bei den Kosten und der f\u00fcr jede T\u00e4tigkeit vorgesehenen Zeit verfolgen. Dieser konstante Ansatz tr\u00e4gt dazu bei, dass das Projekt mit so wenig Unannehmlichkeiten wie m\u00f6glich abl\u00e4uft.<\/p>\n<h6>Phase 4: Abschlussphase Projektleitung<\/h6>\n<p>In dieser Phase betrachtet das verantwortliche Team das Projekt als abgeschlossen, wenn es an den Kunden \u00fcbergeben wurde und die Kommunikation mit den interessierten Parteien und die Freigabe von Ressourcen f\u00fcr andere Produkte erfolgt ist, falls vorhanden.<\/p>\n<p>&nbsp;<\/p>\n<h5>Wie sehen die einzelnen Phasen des Zyklus aus?<\/h5>\n<p>In der Startphase werden die Prozesse festgelegt, die f\u00fcr den Beginn eines neuen Projekts erforderlich sind. Au\u00dferdem bestimmt sie, welches Feature-Produkt sie zum richtigen Zeitpunkt durchf\u00fchren sollte.<\/p>\n<h6>Startphase:<\/h6>\n<p>Die Startphase besteht aus zwei Hauptaktivit\u00e4ten:<\/p>\n<ul>\n<li>Entwicklung einer Projektcharta<\/li>\n<li>Identifizieren Sie die Interessengruppen<\/li>\n<\/ul>\n<p>Das Stakeholder-Register ist Teil der Projektmanagement-Prozessgruppen und ist auch bei Aufgaben wie dem Planungsprozess hilfreich.<\/p>\n<h6>Planungsphase:<\/h6>\n<p>Es gibt eine Reihe von Pl\u00e4nen, die Sie schlie\u00dflich von der Ausf\u00fchrungs- zur Abschlussphase f\u00fchren werden. Dies ist also der Teil der Planungsphase, in dem wir versuchen, solche Zwecke und das Projektziel zu bestimmen.<\/p>\n<h6>Ausf\u00fchrungsphase:<\/h6>\n<p>Die Ausf\u00fchrungsphase besteht aus den Aktivit\u00e4ten, die am gesamten Prozess beteiligt sind. Au\u00dferdem erfordert diese Phase die l\u00e4ngste Zeit, die meiste Energie und die meisten Ressourcen. Die zur Laufzeit getroffenen Ma\u00dfnahmen k\u00f6nnen sich auf den Projektmanagementplan oder die Dokumente auswirken.<\/p>\n<p>Die kritischen Aufgaben zur Laufzeit sind:<\/p>\n<ul>\n<li>Ausf\u00fchren von Projektmanagementpl\u00e4nen<\/li>\n<li>Leitung und Management der Projektdurchf\u00fchrung<\/li>\n<li>Aufgabenzuweisungen vornehmen<\/li>\n<li>Durchf\u00fchrung von Fortschrittssitzungen<\/li>\n<\/ul>\n<p>Das Ergebnis kann eine neue Basisdefinition und Aktualisierungen der bestehenden Anforderungen w\u00e4hrend der Laufzeit erfordern.<\/p>\n<p>Die \u00dcberwachung der Ergebnisse erfolgt in \u00dcbereinstimmung mit dem Projektmanagementplan vor der Endphase.<\/p>\n<p>Der Hauptgrund f\u00fcr das Projektmanagement in der Phase ist die Ermittlung von \u00c4nderungen, die durch den Projektmanagementplan vorgenommen wurden, um vorbeugende Ma\u00dfnahmen gegen unerwartete Ergebnisse festzulegen.<\/p>\n<h6>Abschlussphase:<\/h6>\n<p>Die Abschlussphase ist der Prozess, der einen kontrollierten Abschluss des Projekts am Ende durchf\u00fchrt.<\/p>\n<p>Eine Projektretrospektive dient sowohl der \u00dcberpr\u00fcfung des Projekterfolgs als auch als Grundlage f\u00fcr zuk\u00fcnftige Produkte. Nat\u00fcrlich verlaufen Projekte nie reibungslos, und es wird immer etwas zu lernen geben, das den Erfolg des Produkts f\u00f6rdert.<\/p>\n<ul>\n<li>Analysieren Sie die Leistung: Versuchen Sie zu \u00fcberpr\u00fcfen, ob die Projektziele erreicht wurden oder nicht (budgetfreundliche Aufgabe und fristgerecht) und ob der Anfangsprozess mit einer zu diesem Zweck erstellten Checkliste gel\u00f6st wurde.<\/li>\n<li>Analysieren Sie die Teamleistung: Bewertung der Leistung der Teammitglieder, z. B. ob sie ihre Ziele mit guter Arbeitsqualit\u00e4t und Zeitmanagement erreicht haben.<\/li>\n<li>Dokumentieren Sie den Abschluss: Vergewissern Sie sich, dass Sie den wichtigsten Beteiligten einen Bericht \u00fcber das gesamte Projekt vorgelegt haben, der keine Bedingungen enth\u00e4lt.<\/li>\n<li>Durchf\u00fchrung von \u00dcberpr\u00fcfungen nach der Implementierung: Jetzt ist die Zeit f\u00fcr die vollst\u00e4ndige und abschlie\u00dfende Analyse gekommen, bei der das Management den Projektabschluss sicherstellen wird. Und ob es etwas f\u00fcr k\u00fcnftige Projekte zu lernen gibt oder nicht.<\/li>\n<li>Ressourcen auswerten: Stellen Sie nun fest, ob f\u00fcr die laufenden Projekte zugewiesene Ressourcen ungenutzt sind. Au\u00dferdem k\u00f6nnen ungenutzte Ressourcen in der Zukunft genutzt werden.<\/li>\n<\/ul>\n<p>Management Ethik des Kodex und Verhaltens<\/p>\n<p>Schlie\u00dflich werden Sie auf die Projektmanagement-Ethik des Kodex und des Verhaltens sto\u00dfen, die sich mit verschiedenen Aspekten des menschlichen Verhaltens befasst, wie zum Beispiel<\/p>\n<ul>\n<li>Verantwortung<\/li>\n<li>Respekt<\/li>\n<li>Eigenkapital<\/li>\n<li>Ehrlichkeit<\/li>\n<li>Kulturelle Kompetenz<\/li>\n<\/ul>\n<p>Dieser Code dient dazu, Vertrauen aufzubauen und dem Projektleiter ein typisches Bild des Verhaltens zu vermitteln.<\/p>\n<h5>Warum ist die Vorlage f\u00fcr den Projektlebenszyklus so wichtig?<\/h5>\n<p>Die Projektlebenszyklusvorlage stellt eine globale Vision der Phasen dar, in die eine Projektvorlage eingebunden ist.<\/p>\n<p>In diesem Sinne tr\u00e4gt es dazu bei, dass verschiedene Teams, die an derselben Projektvorlage arbeiten, die Wechselwirkungen zwischen ihrer Arbeit und der anderer Teams erkennen und so ihre Bem\u00fchungen in Bezug auf unterschiedliche Priorit\u00e4ten besser koordinieren k\u00f6nnen,<\/p>\n<p>Die Phasen sind wichtig, weil sie die Aktivit\u00e4ten gruppieren, um wichtige Ergebnisse der Projektvorlage zu erzielen oder bestimmte Ziele zu erreichen.<\/p>\n<p>Die Vorlage f\u00fcr den Lebenszyklus ist n\u00fctzlich f\u00fcr die Planung und erm\u00f6glicht es Ihnen, die wichtigsten Zeitpunkte f\u00fcr die Durchf\u00fchrung von Kontrollen und die \u00dcberpr\u00fcfung der erwarteten Ergebnisse zu ermitteln.<\/p>\n<p>Diese Art der Darstellung der Arbeit tr\u00e4gt dazu bei, die Konzentration auf die mit dem Kunden vereinbarten Ziele aufrechtzuerhalten, w\u00e4hrend eine detailliertere Darstellung n\u00fctzlich sein kann, wenn die durchzuf\u00fchrende Arbeit mit den Ressourcen abgestimmt werden muss.<\/p>\n<p>Daher kann eine Projektlebenszyklusvorlage die Schritte der Projektvorlage gut beschreiben.<\/p>\n<p>Jede Initiative setzt voraus, dass die durchgef\u00fchrten Aktivit\u00e4ten einen genauen Ablauf haben.<\/p>\n<p>Bevor die Arbeit beginnt, m\u00fcssen vorbereitende Schritte stattfinden, dann folgt die Abfolge der geplanten Prozesse und schlie\u00dflich die Test- und Lieferaktivit\u00e4ten, bevor die Arbeit als abgeschlossen betrachtet werden kann.<\/p>\n<p>F\u00fcr das Unternehmen ist es wichtig, dass die Unternehmensleitung diese Schritte und die Einzelheiten kennt. Dies ist n\u00fctzlich, damit sie sich gest\u00e4rkt f\u00fchlen, indem sie die Auswirkungen ihrer Arbeit auf die Arbeit anderer und das Unbehagen, das angesichts von Verz\u00f6gerungen entstehen kann, verstehen.<\/p>\n<p>Bei der Kommunikation mit den wichtigsten Stakeholdern des Projekts sind diese nicht so sehr an den Einzelheiten der Arbeit interessiert, sondern vielmehr an den Fortschritten der wichtigsten Phasen. Und deshalb muss die Aufmerksamkeit auf diese gerichtet werden.<\/p>\n<p>Daher ist die Lebenszyklusvorlage eine M\u00f6glichkeit, sich auf das zu konzentrieren, was f\u00fcr den Kunden wichtig ist, und das gesamte Team in die vereinbarten Ziele einzubeziehen.<\/p>\n<p>&nbsp;<\/p>\n<h5>Hauptmerkmale der Projekt-Lebenszyklus-Vorlage<\/h5>\n<p>Das Projekt kann als eine Reihe von Aktivit\u00e4ten betrachtet werden, aber auch als eine Reihe von Realisierungen, die in ihrer Gesamtheit Vorlagen f\u00fcr das vordefinierte Ergebnis des Projekts selbst sind.<\/p>\n<p>In der Vorlage f\u00fcr das aktuelle Projekt wurden typische Merkmale identifiziert, und zwar<\/p>\n<p><b>Ein Impuls:<\/b> Die Initiierung des Lebenszyklus durch einen Entscheidungsmoment, der das Ergebnis des Projekts vorgibt.<\/p>\n<p><b>Beschr\u00e4nkungen:<\/b> Die Vorlage f\u00fcr den Lebenszyklus des Projekts wird in Anwesenheit von Grenzen f\u00fcr nutzbare Ressourcen, Kosten und qualitative Grenzen definiert.<\/p>\n<p><b>Einzigartigkeit: <\/b>Die Projektvorlage ist in einigen Aspekten neu und nicht wiederholbar, z. B. in Bezug auf das Ergebnis, die Art der verwendeten Ressourcen, den Kunden, die Arbeitsmethode und das Verh\u00e4ltnis zwischen Kosten und Wirksamkeit der Entwicklung.<\/p>\n<p><b>Interfunktionalit\u00e4t<\/b>: die Notwendigkeit, verschiedene organisatorisch-funktionale Bereiche, Disziplinen und Berufe f\u00fcr ein gemeinsames Ergebnis zusammenzubringen und sie in eine gemeinsame Anstrengung einzubinden, die ein hohes Ma\u00df an Interdependenz beinhaltet.<\/p>\n<p><b>Asynchronit\u00e4t:<\/b> Au\u00dfer in Ausnahmef\u00e4llen sind die Aktivit\u00e4ten eines Lebenszyklusmodells nicht durch einen Rhythmus gekennzeichnet, und das System folgt auch nicht von Natur aus externen Rhythmen (z. B. dem Jahresrhythmus des Unternehmensbudgets).<\/p>\n<p>&nbsp;<\/p>\n<p>Im Projektlebenszyklus muss der Projektleiter daf\u00fcr sorgen, dass alle beweglichen Teile immer in die richtige Richtung und auf koordinierte Weise laufen. Wenn aufgrund unvorhergesehener Umst\u00e4nde oder eines Richtungswechsels Anpassungen am Projektlebenszyklus vorgenommen werden m\u00fcssen, w\u00e4re jetzt der richtige Zeitpunkt.<\/p>\n<p>In den nachfolgenden Phasen des Lebenszyklus m\u00fcssen die Projektmanager unter Umst\u00e4nden Folgendes tun:<\/p>\n<ul>\n<li>Verwalten von Ressourcen<\/li>\n<li>\u00dcberwachung der Projektleistung<\/li>\n<li>Bew\u00e4ltigung der Risiken<\/li>\n<li>Projektzeitplan aktualisieren<\/li>\n<li>\u00c4ndern Sie den Projektzeitplan<\/li>\n<\/ul>\n<p>Am Ende dieser Phase muss der Kunde alle vereinbarten Projektleistungen abschlie\u00dfen und abnehmen.<\/p>\n<p>&nbsp;<\/p>\n<h5>Phasen des Projektlebenszyklus Vorlage<\/h5>\n<p>Die Vorlage f\u00fcr den <b>Lebenszyklus<\/b> besteht aus f\u00fcnf Phasen:<\/p>\n<ul>\n<li>Phase der Projektinitiierung Projektlebensdauer<\/li>\n<li>Projektplanungsphase<\/li>\n<li>Phase der Projektdurchf\u00fchrung<\/li>\n<li>Kontrolle und Fertigstellung<\/li>\n<\/ul>\n<p>&nbsp;<\/p>\n<h5>Wie kann ich die Vorlage f\u00fcr den Projektlebenszyklus schreiben?<\/h5>\n<p>In dieser Projektlebenszyklusvorlage k\u00f6nnen Sie die verschiedenen Prozesse mit Ihren Produkt- oder Projektvorschl\u00e4gen in den entsprechenden Zyklus Projektlebensphasenvorlage stellen.<\/p>\n<p>Beginnen Sie mit einer vereinfachten Version, die nicht die Inputs und Outputs jedes Prozesses enth\u00e4lt, sondern jeden Prozess mit dem n\u00e4chsten verbindet.<\/p>\n<p>Eine weitere Empfehlung ist, dass Sie Prozesse, die Sie als wichtig oder strategisch erachten, in einer anderen Farbe schreiben oder markieren, um sie von den anderen abzuheben. Es wird Ihnen helfen, sich auf das zu konzentrieren, was Sie analysieren, und die wichtigsten Punkte zu erkennen, an denen Sie an Ihrer nachhaltigen Strategie arbeiten sollten.<\/p>\n<p>Das Verst\u00e4ndnis der Phasen einer Vorlage wird Ihnen und jedem Inhaber eines kleinen oder mittleren Unternehmens dabei helfen, sie von Anfang bis Ende erfolgreich zu durchlaufen.<\/p>\n<p>Wenn die Phasen jedoch nicht korrekt umgesetzt werden, obwohl man ihre Bedeutung verstanden hat, ist es ratsam, externe Hilfe in Anspruch zu nehmen, z. B. in Form von Projektmanagement-Vorlagen oder von Experten auf diesem Gebiet.<\/p>\n<p>Denken Sie daran, dass alles, was Sie in Ihrem Unternehmen oder mit Ihrer Marke vorhaben, auch erreicht werden kann. Es reicht aus, wenn man wei\u00df, wie man sich organisiert und klare Ziele hat, vor allem, wie man sie erreicht.<\/p>\n","protected":false},"excerpt":{"rendered":"<p>Mit einem festen Plan oder einer Gliederung k\u00f6nnen Sie Ihre Projekte reibungslos durchf\u00fchren. Mit dieser Vorlage k\u00f6nnen Sie Ihre Fortschritte verfolgen, Fristen festhalten und die geplante Reichweite erl\u00e4utern.<\/p>\n","protected":false},"featured_media":25659,"template":"","meta":{"_acf_changed":false,"inline_featured_image":false},"product_brand":[],"product_cat":[186,191],"product_tag":[],"class_list":{"0":"post-55593","1":"product","2":"type-product","3":"status-publish","4":"has-post-thumbnail","6":"product_cat-product","7":"product_cat-project-management","9":"first","10":"instock","11":"downloadable","12":"virtual","13":"sold-individually","14":"product-type-simple"},"acf":[],"yoast_head":"<!-- This site is optimized with the Yoast SEO plugin v25.3.1 - https:\/\/yoast.com\/wordpress\/plugins\/seo\/ -->\n<title>Vorlage f\u00fcr den Projektlebenszyklus - Sales AI Agents<\/title>\n<meta name=\"description\" content=\"Mit einem festen Plan oder einer Gliederung k\u00f6nnen Sie Ihre Projekte reibungslos durchf\u00fchren. Mit dieser Vorlage k\u00f6nnen Sie Ihre Fortschritte verfolgen, Fristen festhalten und die geplante Reichweite erl\u00e4utern.\" \/>\n<meta name=\"robots\" content=\"index, follow, max-snippet:-1, max-image-preview:large, max-video-preview:-1\" \/>\n<link rel=\"canonical\" href=\"https:\/\/sales-ai-agents.com\/de\/templates\/project-life-cycle\/\" \/>\n<meta property=\"og:locale\" content=\"de_DE\" \/>\n<meta property=\"og:type\" content=\"article\" \/>\n<meta property=\"og:title\" content=\"Vorlage f\u00fcr den Projektlebenszyklus - Sales AI Agents\" \/>\n<meta property=\"og:description\" content=\"Mit einem festen Plan oder einer Gliederung k\u00f6nnen Sie Ihre Projekte reibungslos durchf\u00fchren. Mit dieser Vorlage k\u00f6nnen Sie Ihre Fortschritte verfolgen, Fristen festhalten und die geplante Reichweite erl\u00e4utern.\" \/>\n<meta property=\"og:url\" content=\"https:\/\/sales-ai-agents.com\/de\/templates\/project-life-cycle\/\" \/>\n<meta property=\"og:site_name\" content=\"Sales AI Agents\" \/>\n<meta property=\"article:modified_time\" content=\"2023-12-31T17:14:24+00:00\" \/>\n<meta property=\"og:image\" content=\"https:\/\/sales-ai-agents.com\/wp-content\/uploads\/2022\/09\/Project-Life-Cycle-Template-1.png\" \/>\n\t<meta property=\"og:image:width\" content=\"1700\" \/>\n\t<meta property=\"og:image:height\" content=\"1100\" \/>\n\t<meta property=\"og:image:type\" content=\"image\/png\" \/>\n<meta name=\"twitter:card\" content=\"summary_large_image\" \/>\n<script type=\"application\/ld+json\" class=\"yoast-schema-graph\">{\"@context\":\"https:\/\/schema.org\",\"@graph\":[{\"@type\":\"WebPage\",\"@id\":\"https:\/\/sales-ai-agents.com\/de\/templates\/project-life-cycle\/\",\"url\":\"https:\/\/sales-ai-agents.com\/de\/templates\/project-life-cycle\/\",\"name\":\"Vorlage f\u00fcr den Projektlebenszyklus - Sales AI Agents\",\"isPartOf\":{\"@id\":\"https:\/\/sales-ai-agents.com\/#website\"},\"primaryImageOfPage\":{\"@id\":\"https:\/\/sales-ai-agents.com\/de\/templates\/project-life-cycle\/#primaryimage\"},\"image\":{\"@id\":\"https:\/\/sales-ai-agents.com\/de\/templates\/project-life-cycle\/#primaryimage\"},\"thumbnailUrl\":\"https:\/\/sales-ai-agents.com\/wp-content\/uploads\/2022\/09\/Project-Life-Cycle-Template-1.png\",\"datePublished\":\"2022-09-26T12:25:33+00:00\",\"dateModified\":\"2023-12-31T17:14:24+00:00\",\"description\":\"Mit einem festen Plan oder einer Gliederung k\u00f6nnen Sie Ihre Projekte reibungslos durchf\u00fchren. Mit dieser Vorlage k\u00f6nnen Sie Ihre Fortschritte verfolgen, Fristen festhalten und die geplante Reichweite erl\u00e4utern.\",\"inLanguage\":\"de-DE\",\"potentialAction\":[{\"@type\":\"ReadAction\",\"target\":[\"https:\/\/sales-ai-agents.com\/de\/templates\/project-life-cycle\/\"]}]},{\"@type\":\"ImageObject\",\"inLanguage\":\"de-DE\",\"@id\":\"https:\/\/sales-ai-agents.com\/de\/templates\/project-life-cycle\/#primaryimage\",\"url\":\"https:\/\/sales-ai-agents.com\/wp-content\/uploads\/2022\/09\/Project-Life-Cycle-Template-1.png\",\"contentUrl\":\"https:\/\/sales-ai-agents.com\/wp-content\/uploads\/2022\/09\/Project-Life-Cycle-Template-1.png\",\"width\":1700,\"height\":1100,\"caption\":\"Run your projects smoothly with a steady plan or outline.\"},{\"@type\":\"WebSite\",\"@id\":\"https:\/\/sales-ai-agents.com\/#website\",\"url\":\"https:\/\/sales-ai-agents.com\/\",\"name\":\"FuseBase\",\"description\":\"Nimbus Platform - Free Online Collaboration Software for Remote Teams. Build your wikis, client portals and more with the Nimbus Platform collaboration tool ? A perfect space for online work\",\"publisher\":{\"@id\":\"https:\/\/sales-ai-agents.com\/#organization\"},\"potentialAction\":[{\"@type\":\"SearchAction\",\"target\":{\"@type\":\"EntryPoint\",\"urlTemplate\":\"https:\/\/sales-ai-agents.com\/?s={search_term_string}\"},\"query-input\":{\"@type\":\"PropertyValueSpecification\",\"valueRequired\":true,\"valueName\":\"search_term_string\"}}],\"inLanguage\":\"de-DE\"},{\"@type\":\"Organization\",\"@id\":\"https:\/\/sales-ai-agents.com\/#organization\",\"name\":\"FuseBase\",\"url\":\"https:\/\/sales-ai-agents.com\/\",\"logo\":{\"@type\":\"ImageObject\",\"inLanguage\":\"de-DE\",\"@id\":\"https:\/\/sales-ai-agents.com\/#\/schema\/logo\/image\/\",\"url\":\"https:\/\/sales-ai-agents.com\/wp-content\/uploads\/2023\/11\/icon-7.svg\",\"contentUrl\":\"https:\/\/sales-ai-agents.com\/wp-content\/uploads\/2023\/11\/icon-7.svg\",\"width\":128,\"height\":128,\"caption\":\"FuseBase\"},\"image\":{\"@id\":\"https:\/\/sales-ai-agents.com\/#\/schema\/logo\/image\/\"}}]}<\/script>\n<!-- \/ Yoast SEO plugin. -->","yoast_head_json":{"title":"Vorlage f\u00fcr den Projektlebenszyklus - Sales AI Agents","description":"Mit einem festen Plan oder einer Gliederung k\u00f6nnen Sie Ihre Projekte reibungslos durchf\u00fchren. Mit dieser Vorlage k\u00f6nnen Sie Ihre Fortschritte verfolgen, Fristen festhalten und die geplante Reichweite erl\u00e4utern.","robots":{"index":"index","follow":"follow","max-snippet":"max-snippet:-1","max-image-preview":"max-image-preview:large","max-video-preview":"max-video-preview:-1"},"canonical":"https:\/\/sales-ai-agents.com\/de\/templates\/project-life-cycle\/","og_locale":"de_DE","og_type":"article","og_title":"Vorlage f\u00fcr den Projektlebenszyklus - Sales AI Agents","og_description":"Mit einem festen Plan oder einer Gliederung k\u00f6nnen Sie Ihre Projekte reibungslos durchf\u00fchren. Mit dieser Vorlage k\u00f6nnen Sie Ihre Fortschritte verfolgen, Fristen festhalten und die geplante Reichweite erl\u00e4utern.","og_url":"https:\/\/sales-ai-agents.com\/de\/templates\/project-life-cycle\/","og_site_name":"Sales AI Agents","article_modified_time":"2023-12-31T17:14:24+00:00","og_image":[{"width":1700,"height":1100,"url":"https:\/\/sales-ai-agents.com\/wp-content\/uploads\/2022\/09\/Project-Life-Cycle-Template-1.png","type":"image\/png"}],"twitter_card":"summary_large_image","schema":{"@context":"https:\/\/schema.org","@graph":[{"@type":"WebPage","@id":"https:\/\/sales-ai-agents.com\/de\/templates\/project-life-cycle\/","url":"https:\/\/sales-ai-agents.com\/de\/templates\/project-life-cycle\/","name":"Vorlage f\u00fcr den Projektlebenszyklus - Sales AI Agents","isPartOf":{"@id":"https:\/\/sales-ai-agents.com\/#website"},"primaryImageOfPage":{"@id":"https:\/\/sales-ai-agents.com\/de\/templates\/project-life-cycle\/#primaryimage"},"image":{"@id":"https:\/\/sales-ai-agents.com\/de\/templates\/project-life-cycle\/#primaryimage"},"thumbnailUrl":"https:\/\/sales-ai-agents.com\/wp-content\/uploads\/2022\/09\/Project-Life-Cycle-Template-1.png","datePublished":"2022-09-26T12:25:33+00:00","dateModified":"2023-12-31T17:14:24+00:00","description":"Mit einem festen Plan oder einer Gliederung k\u00f6nnen Sie Ihre Projekte reibungslos durchf\u00fchren. Mit dieser Vorlage k\u00f6nnen Sie Ihre Fortschritte verfolgen, Fristen festhalten und die geplante Reichweite erl\u00e4utern.","inLanguage":"de-DE","potentialAction":[{"@type":"ReadAction","target":["https:\/\/sales-ai-agents.com\/de\/templates\/project-life-cycle\/"]}]},{"@type":"ImageObject","inLanguage":"de-DE","@id":"https:\/\/sales-ai-agents.com\/de\/templates\/project-life-cycle\/#primaryimage","url":"https:\/\/sales-ai-agents.com\/wp-content\/uploads\/2022\/09\/Project-Life-Cycle-Template-1.png","contentUrl":"https:\/\/sales-ai-agents.com\/wp-content\/uploads\/2022\/09\/Project-Life-Cycle-Template-1.png","width":1700,"height":1100,"caption":"Run your projects smoothly with a steady plan or outline."},{"@type":"WebSite","@id":"https:\/\/sales-ai-agents.com\/#website","url":"https:\/\/sales-ai-agents.com\/","name":"FuseBase","description":"Nimbus Platform - Free Online Collaboration Software for Remote Teams. Build your wikis, client portals and more with the Nimbus Platform collaboration tool ? A perfect space for online work","publisher":{"@id":"https:\/\/sales-ai-agents.com\/#organization"},"potentialAction":[{"@type":"SearchAction","target":{"@type":"EntryPoint","urlTemplate":"https:\/\/sales-ai-agents.com\/?s={search_term_string}"},"query-input":{"@type":"PropertyValueSpecification","valueRequired":true,"valueName":"search_term_string"}}],"inLanguage":"de-DE"},{"@type":"Organization","@id":"https:\/\/sales-ai-agents.com\/#organization","name":"FuseBase","url":"https:\/\/sales-ai-agents.com\/","logo":{"@type":"ImageObject","inLanguage":"de-DE","@id":"https:\/\/sales-ai-agents.com\/#\/schema\/logo\/image\/","url":"https:\/\/sales-ai-agents.com\/wp-content\/uploads\/2023\/11\/icon-7.svg","contentUrl":"https:\/\/sales-ai-agents.com\/wp-content\/uploads\/2023\/11\/icon-7.svg","width":128,"height":128,"caption":"FuseBase"},"image":{"@id":"https:\/\/sales-ai-agents.com\/#\/schema\/logo\/image\/"}}]}},"_links":{"self":[{"href":"https:\/\/sales-ai-agents.com\/de\/wp-json\/wp\/v2\/product\/55593","targetHints":{"allow":["GET"]}}],"collection":[{"href":"https:\/\/sales-ai-agents.com\/de\/wp-json\/wp\/v2\/product"}],"about":[{"href":"https:\/\/sales-ai-agents.com\/de\/wp-json\/wp\/v2\/types\/product"}],"wp:featuredmedia":[{"embeddable":true,"href":"https:\/\/sales-ai-agents.com\/de\/wp-json\/wp\/v2\/media\/25659"}],"wp:attachment":[{"href":"https:\/\/sales-ai-agents.com\/de\/wp-json\/wp\/v2\/media?parent=55593"}],"wp:term":[{"taxonomy":"product_brand","embeddable":true,"href":"https:\/\/sales-ai-agents.com\/de\/wp-json\/wp\/v2\/product_brand?post=55593"},{"taxonomy":"product_cat","embeddable":true,"href":"https:\/\/sales-ai-agents.com\/de\/wp-json\/wp\/v2\/product_cat?post=55593"},{"taxonomy":"product_tag","embeddable":true,"href":"https:\/\/sales-ai-agents.com\/de\/wp-json\/wp\/v2\/product_tag?post=55593"}],"curies":[{"name":"wp","href":"https:\/\/api.w.org\/{rel}","templated":true}]}}