{"id":55598,"date":"2022-09-26T12:25:16","date_gmt":"2022-09-26T12:25:16","guid":{"rendered":"https:\/\/sales-ai-agents.com\/templates\/teacher-schedule\/"},"modified":"2023-12-27T15:40:32","modified_gmt":"2023-12-27T15:40:32","slug":"teacher-schedule","status":"publish","type":"product","link":"https:\/\/sales-ai-agents.com\/de\/templates\/teacher-schedule\/","title":{"rendered":"Zeitplan f\u00fcr Lehrkr\u00e4fte"},"content":{"rendered":"<p>&nbsp;<\/p>\n<h2>Lehrer Zeitplan Vorlage<\/h2>\n<p class=\"desc-text\">Unser voll funktionsf\u00e4higer Stundenplan f\u00fcr Lehrer ist wie eine eigene Schulplan-App. Verwenden Sie es f\u00fcr jeden Lehrer, jede Abteilung oder jede Klasse. Sehen Sie sich die Kurse an, die die einzelnen Lehrkr\u00e4fte anbieten, pr\u00fcfen Sie deren Abteilung oder Klassenstufe und finden Sie heraus, wo sie w\u00e4hrend der verschiedenen Unterrichtsstunden arbeiten werden.<\/p>\n<h5>Wie zu verwenden:<\/h5>\n<ul class=\"desc-item_list\">\n<li class=\"desc-item_list__point\">Informationen \u00fcber Lehrer, Termine und Klassenzimmer hinzuf\u00fcgen<\/li>\n<li class=\"desc-item_list__point\">F\u00fcllen Sie das Thema aus, markieren Sie den Lehrer und kennzeichnen Sie die Abteilung.<\/li>\n<li class=\"desc-item_list__point\">F\u00fcgen Sie die Nummer des Klassenzimmers und des Zeitraums f\u00fcr jede Unterrichtsstunde hinzu.<\/li>\n<li class=\"desc-item_list__point\">F\u00fcgen Sie bei Bedarf Unterrichtspl\u00e4ne oder andere Schulungsmaterialien bei.<\/li>\n<\/ul>\n","protected":false},"excerpt":{"rendered":"<p>Verwenden Sie den Stundenplan f\u00fcr jede Lehrkraft, Abteilung oder Klasse mit dieser kostenlosen, anpassbaren Vorlage. Sehen Sie sich die Kurse an, die der Lehrer abdeckt, pr\u00fcfen Sie die Abteilungen und vieles mehr.<\/p>\n","protected":false},"featured_media":20365,"template":"","meta":{"_acf_changed":false,"inline_featured_image":false},"product_brand":[],"product_cat":[198],"product_tag":[],"class_list":{"0":"post-55598","1":"product","2":"type-product","3":"status-publish","4":"has-post-thumbnail","6":"product_cat-teacher","8":"first","9":"instock","10":"virtual","11":"sold-individually","12":"product-type-simple"},"acf":[],"yoast_head":"<!-- This site is optimized with the Yoast SEO plugin v25.3.1 - https:\/\/yoast.com\/wordpress\/plugins\/seo\/ -->\n<title>Stundenplanvorlage f\u00fcr Lehrer - Sales AI Agents<\/title>\n<meta name=\"description\" content=\"Verwenden Sie den Stundenplan f\u00fcr jede Lehrkraft, Abteilung oder Klasse mit dieser kostenlosen, anpassbaren Vorlage. Sehen Sie sich die Kurse an, die der Lehrer abdeckt, pr\u00fcfen Sie die Abteilungen und mehr\" \/>\n<meta name=\"robots\" content=\"index, follow, max-snippet:-1, max-image-preview:large, max-video-preview:-1\" \/>\n<link rel=\"canonical\" href=\"https:\/\/sales-ai-agents.com\/de\/templates\/teacher-schedule\/\" \/>\n<meta property=\"og:locale\" content=\"de_DE\" \/>\n<meta property=\"og:type\" content=\"article\" \/>\n<meta property=\"og:title\" content=\"Stundenplanvorlage f\u00fcr Lehrer - Sales AI Agents\" \/>\n<meta property=\"og:description\" content=\"Verwenden Sie den Stundenplan f\u00fcr jede Lehrkraft, Abteilung oder Klasse mit dieser kostenlosen, anpassbaren Vorlage. Sehen Sie sich die Kurse an, die der Lehrer abdeckt, pr\u00fcfen Sie die Abteilungen und mehr\" \/>\n<meta property=\"og:url\" content=\"https:\/\/sales-ai-agents.com\/de\/templates\/teacher-schedule\/\" \/>\n<meta property=\"og:site_name\" content=\"Sales AI Agents\" \/>\n<meta property=\"article:modified_time\" content=\"2023-12-27T15:40:32+00:00\" \/>\n<meta property=\"og:image\" content=\"https:\/\/sales-ai-agents.com\/wp-content\/uploads\/2023\/01\/image-preview120035.png\" \/>\n\t<meta property=\"og:image:width\" content=\"1078\" \/>\n\t<meta property=\"og:image:height\" content=\"760\" \/>\n\t<meta property=\"og:image:type\" content=\"image\/png\" \/>\n<meta name=\"twitter:card\" content=\"summary_large_image\" \/>\n<script type=\"application\/ld+json\" class=\"yoast-schema-graph\">{\"@context\":\"https:\/\/schema.org\",\"@graph\":[{\"@type\":\"WebPage\",\"@id\":\"https:\/\/sales-ai-agents.com\/de\/templates\/teacher-schedule\/\",\"url\":\"https:\/\/sales-ai-agents.com\/de\/templates\/teacher-schedule\/\",\"name\":\"Stundenplanvorlage f\u00fcr Lehrer - Sales AI Agents\",\"isPartOf\":{\"@id\":\"https:\/\/sales-ai-agents.com\/#website\"},\"primaryImageOfPage\":{\"@id\":\"https:\/\/sales-ai-agents.com\/de\/templates\/teacher-schedule\/#primaryimage\"},\"image\":{\"@id\":\"https:\/\/sales-ai-agents.com\/de\/templates\/teacher-schedule\/#primaryimage\"},\"thumbnailUrl\":\"https:\/\/sales-ai-agents.com\/wp-content\/uploads\/2023\/01\/image-preview120035.png\",\"datePublished\":\"2022-09-26T12:25:16+00:00\",\"dateModified\":\"2023-12-27T15:40:32+00:00\",\"description\":\"Verwenden Sie den Stundenplan f\u00fcr jede Lehrkraft, Abteilung oder Klasse mit dieser kostenlosen, anpassbaren Vorlage. Sehen Sie sich die Kurse an, die der Lehrer abdeckt, pr\u00fcfen Sie die Abteilungen und mehr\",\"inLanguage\":\"de-DE\",\"potentialAction\":[{\"@type\":\"ReadAction\",\"target\":[\"https:\/\/sales-ai-agents.com\/de\/templates\/teacher-schedule\/\"]}]},{\"@type\":\"ImageObject\",\"inLanguage\":\"de-DE\",\"@id\":\"https:\/\/sales-ai-agents.com\/de\/templates\/teacher-schedule\/#primaryimage\",\"url\":\"https:\/\/sales-ai-agents.com\/wp-content\/uploads\/2023\/01\/image-preview120035.png\",\"contentUrl\":\"https:\/\/sales-ai-agents.com\/wp-content\/uploads\/2023\/01\/image-preview120035.png\",\"width\":1078,\"height\":760,\"caption\":\"Teacher Schedule Template - Nimbus Platform\"},{\"@type\":\"WebSite\",\"@id\":\"https:\/\/sales-ai-agents.com\/#website\",\"url\":\"https:\/\/sales-ai-agents.com\/\",\"name\":\"FuseBase\",\"description\":\"Nimbus Platform - Free Online Collaboration Software for Remote Teams. Build your wikis, client portals and more with the Nimbus Platform collaboration tool ? A perfect space for online work\",\"publisher\":{\"@id\":\"https:\/\/sales-ai-agents.com\/#organization\"},\"potentialAction\":[{\"@type\":\"SearchAction\",\"target\":{\"@type\":\"EntryPoint\",\"urlTemplate\":\"https:\/\/sales-ai-agents.com\/?s={search_term_string}\"},\"query-input\":{\"@type\":\"PropertyValueSpecification\",\"valueRequired\":true,\"valueName\":\"search_term_string\"}}],\"inLanguage\":\"de-DE\"},{\"@type\":\"Organization\",\"@id\":\"https:\/\/sales-ai-agents.com\/#organization\",\"name\":\"FuseBase\",\"url\":\"https:\/\/sales-ai-agents.com\/\",\"logo\":{\"@type\":\"ImageObject\",\"inLanguage\":\"de-DE\",\"@id\":\"https:\/\/sales-ai-agents.com\/#\/schema\/logo\/image\/\",\"url\":\"https:\/\/sales-ai-agents.com\/wp-content\/uploads\/2023\/11\/icon-7.svg\",\"contentUrl\":\"https:\/\/sales-ai-agents.com\/wp-content\/uploads\/2023\/11\/icon-7.svg\",\"width\":128,\"height\":128,\"caption\":\"FuseBase\"},\"image\":{\"@id\":\"https:\/\/sales-ai-agents.com\/#\/schema\/logo\/image\/\"}}]}<\/script>\n<!-- \/ Yoast SEO plugin. -->","yoast_head_json":{"title":"Stundenplanvorlage f\u00fcr Lehrer - Sales AI Agents","description":"Verwenden Sie den Stundenplan f\u00fcr jede Lehrkraft, Abteilung oder Klasse mit dieser kostenlosen, anpassbaren Vorlage. Sehen Sie sich die Kurse an, die der Lehrer abdeckt, pr\u00fcfen Sie die Abteilungen und mehr","robots":{"index":"index","follow":"follow","max-snippet":"max-snippet:-1","max-image-preview":"max-image-preview:large","max-video-preview":"max-video-preview:-1"},"canonical":"https:\/\/sales-ai-agents.com\/de\/templates\/teacher-schedule\/","og_locale":"de_DE","og_type":"article","og_title":"Stundenplanvorlage f\u00fcr Lehrer - Sales AI Agents","og_description":"Verwenden Sie den Stundenplan f\u00fcr jede Lehrkraft, Abteilung oder Klasse mit dieser kostenlosen, anpassbaren Vorlage. Sehen Sie sich die Kurse an, die der Lehrer abdeckt, pr\u00fcfen Sie die Abteilungen und mehr","og_url":"https:\/\/sales-ai-agents.com\/de\/templates\/teacher-schedule\/","og_site_name":"Sales AI Agents","article_modified_time":"2023-12-27T15:40:32+00:00","og_image":[{"width":1078,"height":760,"url":"https:\/\/sales-ai-agents.com\/wp-content\/uploads\/2023\/01\/image-preview120035.png","type":"image\/png"}],"twitter_card":"summary_large_image","schema":{"@context":"https:\/\/schema.org","@graph":[{"@type":"WebPage","@id":"https:\/\/sales-ai-agents.com\/de\/templates\/teacher-schedule\/","url":"https:\/\/sales-ai-agents.com\/de\/templates\/teacher-schedule\/","name":"Stundenplanvorlage f\u00fcr Lehrer - Sales AI Agents","isPartOf":{"@id":"https:\/\/sales-ai-agents.com\/#website"},"primaryImageOfPage":{"@id":"https:\/\/sales-ai-agents.com\/de\/templates\/teacher-schedule\/#primaryimage"},"image":{"@id":"https:\/\/sales-ai-agents.com\/de\/templates\/teacher-schedule\/#primaryimage"},"thumbnailUrl":"https:\/\/sales-ai-agents.com\/wp-content\/uploads\/2023\/01\/image-preview120035.png","datePublished":"2022-09-26T12:25:16+00:00","dateModified":"2023-12-27T15:40:32+00:00","description":"Verwenden Sie den Stundenplan f\u00fcr jede Lehrkraft, Abteilung oder Klasse mit dieser kostenlosen, anpassbaren Vorlage. Sehen Sie sich die Kurse an, die der Lehrer abdeckt, pr\u00fcfen Sie die Abteilungen und mehr","inLanguage":"de-DE","potentialAction":[{"@type":"ReadAction","target":["https:\/\/sales-ai-agents.com\/de\/templates\/teacher-schedule\/"]}]},{"@type":"ImageObject","inLanguage":"de-DE","@id":"https:\/\/sales-ai-agents.com\/de\/templates\/teacher-schedule\/#primaryimage","url":"https:\/\/sales-ai-agents.com\/wp-content\/uploads\/2023\/01\/image-preview120035.png","contentUrl":"https:\/\/sales-ai-agents.com\/wp-content\/uploads\/2023\/01\/image-preview120035.png","width":1078,"height":760,"caption":"Teacher Schedule Template - Nimbus Platform"},{"@type":"WebSite","@id":"https:\/\/sales-ai-agents.com\/#website","url":"https:\/\/sales-ai-agents.com\/","name":"FuseBase","description":"Nimbus Platform - Free Online Collaboration Software for Remote Teams. Build your wikis, client portals and more with the Nimbus Platform collaboration tool ? A perfect space for online work","publisher":{"@id":"https:\/\/sales-ai-agents.com\/#organization"},"potentialAction":[{"@type":"SearchAction","target":{"@type":"EntryPoint","urlTemplate":"https:\/\/sales-ai-agents.com\/?s={search_term_string}"},"query-input":{"@type":"PropertyValueSpecification","valueRequired":true,"valueName":"search_term_string"}}],"inLanguage":"de-DE"},{"@type":"Organization","@id":"https:\/\/sales-ai-agents.com\/#organization","name":"FuseBase","url":"https:\/\/sales-ai-agents.com\/","logo":{"@type":"ImageObject","inLanguage":"de-DE","@id":"https:\/\/sales-ai-agents.com\/#\/schema\/logo\/image\/","url":"https:\/\/sales-ai-agents.com\/wp-content\/uploads\/2023\/11\/icon-7.svg","contentUrl":"https:\/\/sales-ai-agents.com\/wp-content\/uploads\/2023\/11\/icon-7.svg","width":128,"height":128,"caption":"FuseBase"},"image":{"@id":"https:\/\/sales-ai-agents.com\/#\/schema\/logo\/image\/"}}]}},"_links":{"self":[{"href":"https:\/\/sales-ai-agents.com\/de\/wp-json\/wp\/v2\/product\/55598","targetHints":{"allow":["GET"]}}],"collection":[{"href":"https:\/\/sales-ai-agents.com\/de\/wp-json\/wp\/v2\/product"}],"about":[{"href":"https:\/\/sales-ai-agents.com\/de\/wp-json\/wp\/v2\/types\/product"}],"wp:featuredmedia":[{"embeddable":true,"href":"https:\/\/sales-ai-agents.com\/de\/wp-json\/wp\/v2\/media\/20365"}],"wp:attachment":[{"href":"https:\/\/sales-ai-agents.com\/de\/wp-json\/wp\/v2\/media?parent=55598"}],"wp:term":[{"taxonomy":"product_brand","embeddable":true,"href":"https:\/\/sales-ai-agents.com\/de\/wp-json\/wp\/v2\/product_brand?post=55598"},{"taxonomy":"product_cat","embeddable":true,"href":"https:\/\/sales-ai-agents.com\/de\/wp-json\/wp\/v2\/product_cat?post=55598"},{"taxonomy":"product_tag","embeddable":true,"href":"https:\/\/sales-ai-agents.com\/de\/wp-json\/wp\/v2\/product_tag?post=55598"}],"curies":[{"name":"wp","href":"https:\/\/api.w.org\/{rel}","templated":true}]}}