{"id":55612,"date":"2022-09-26T12:25:05","date_gmt":"2022-09-26T12:25:05","guid":{"rendered":"https:\/\/sales-ai-agents.com\/templates\/pre-call-strategy-checklist\/"},"modified":"2023-12-26T15:19:04","modified_gmt":"2023-12-26T15:19:04","slug":"pre-call-strategy-checklist","status":"publish","type":"product","link":"https:\/\/sales-ai-agents.com\/de\/templates\/pre-call-strategy-checklist\/","title":{"rendered":"Checkliste f\u00fcr die Strategie vor dem Anruf"},"content":{"rendered":"<p>&nbsp;<\/p>\n<h2>Checklistenvorlage f\u00fcr die Strategie vor dem Anruf<\/h2>\n<p class=\"desc-text\">Verwenden Sie diese Vorlage, um Ihre Treffen mit potenziellen Kunden oder Auftraggebern zu planen. Recherchieren Sie Ihre Kontakte und machen Sie sich Notizen zu Zielen und m\u00f6glichen Fragen, die Sie beantworten m\u00f6chten. Verkaufsgespr\u00e4che k\u00f6nnen entmutigend sein, aber eine fr\u00fchzeitige Planung kann Ihnen helfen, sich vorzubereiten und einen reibungslosen Ablauf zu gew\u00e4hrleisten.<\/p>\n<h5>Wie zu verwenden:<\/h5>\n<ul class=\"desc-item_list\">\n<li class=\"desc-item_list__point\">Recherchieren Sie Ihre potenziellen Kontakte<\/li>\n<li class=\"desc-item_list__point\">Abhaken der Aufgaben auf der Checkliste<\/li>\n<li class=\"desc-item_list__point\">Abhaken der Aufgaben auf der Checkliste<\/li>\n<li class=\"desc-item_list__point\">Antworten auf m\u00f6gliche Fragen planen<\/li>\n<\/ul>\n","protected":false},"excerpt":{"rendered":"<p>Verwenden Sie diese Vorlage, um Ihre Treffen mit potenziellen Kunden oder Auftraggebern zu planen. Recherchieren Sie Ihre Kontakte und machen Sie sich Notizen zu Zielen und m\u00f6glichen Fragen.<\/p>\n","protected":false},"featured_media":25815,"template":"","meta":{"_acf_changed":false,"inline_featured_image":false},"product_brand":[],"product_cat":[193,195],"product_tag":[],"class_list":{"0":"post-55612","1":"product","2":"type-product","3":"status-publish","4":"has-post-thumbnail","6":"product_cat-sales","7":"product_cat-sales-management","9":"first","10":"instock","11":"virtual","12":"sold-individually","13":"product-type-simple"},"acf":[],"yoast_head":"<!-- This site is optimized with the Yoast SEO plugin v25.3.1 - https:\/\/yoast.com\/wordpress\/plugins\/seo\/ -->\n<title>Checkliste f\u00fcr die Voraufrufstrategie - Sales AI Agents<\/title>\n<meta name=\"description\" content=\"Verwenden Sie diese Vorlage, um Ihre Treffen mit potenziellen Kunden oder Auftraggebern zu planen. Recherchieren Sie Ihre Kontakte und machen Sie sich Notizen zu Zielen und m\u00f6glichen Fragen.\" \/>\n<meta name=\"robots\" content=\"index, follow, max-snippet:-1, max-image-preview:large, max-video-preview:-1\" \/>\n<link rel=\"canonical\" href=\"https:\/\/sales-ai-agents.com\/de\/templates\/pre-call-strategy-checklist\/\" \/>\n<meta property=\"og:locale\" content=\"de_DE\" \/>\n<meta property=\"og:type\" content=\"article\" \/>\n<meta property=\"og:title\" content=\"Checkliste f\u00fcr die Voraufrufstrategie - Sales AI Agents\" \/>\n<meta property=\"og:description\" content=\"Verwenden Sie diese Vorlage, um Ihre Treffen mit potenziellen Kunden oder Auftraggebern zu planen. Recherchieren Sie Ihre Kontakte und machen Sie sich Notizen zu Zielen und m\u00f6glichen Fragen.\" \/>\n<meta property=\"og:url\" content=\"https:\/\/sales-ai-agents.com\/de\/templates\/pre-call-strategy-checklist\/\" \/>\n<meta property=\"og:site_name\" content=\"Sales AI Agents\" \/>\n<meta property=\"article:modified_time\" content=\"2023-12-26T15:19:04+00:00\" \/>\n<meta property=\"og:image\" content=\"https:\/\/sales-ai-agents.com\/wp-content\/uploads\/2022\/09\/Pre-Call-Strategy-Checklist-Template.png\" \/>\n\t<meta property=\"og:image:width\" content=\"1700\" \/>\n\t<meta property=\"og:image:height\" content=\"1100\" \/>\n\t<meta property=\"og:image:type\" content=\"image\/png\" \/>\n<meta name=\"twitter:card\" content=\"summary_large_image\" \/>\n<script type=\"application\/ld+json\" class=\"yoast-schema-graph\">{\"@context\":\"https:\/\/schema.org\",\"@graph\":[{\"@type\":\"WebPage\",\"@id\":\"https:\/\/sales-ai-agents.com\/de\/templates\/pre-call-strategy-checklist\/\",\"url\":\"https:\/\/sales-ai-agents.com\/de\/templates\/pre-call-strategy-checklist\/\",\"name\":\"Checkliste f\u00fcr die Voraufrufstrategie - Sales AI Agents\",\"isPartOf\":{\"@id\":\"https:\/\/sales-ai-agents.com\/#website\"},\"primaryImageOfPage\":{\"@id\":\"https:\/\/sales-ai-agents.com\/de\/templates\/pre-call-strategy-checklist\/#primaryimage\"},\"image\":{\"@id\":\"https:\/\/sales-ai-agents.com\/de\/templates\/pre-call-strategy-checklist\/#primaryimage\"},\"thumbnailUrl\":\"https:\/\/sales-ai-agents.com\/wp-content\/uploads\/2022\/09\/Pre-Call-Strategy-Checklist-Template.png\",\"datePublished\":\"2022-09-26T12:25:05+00:00\",\"dateModified\":\"2023-12-26T15:19:04+00:00\",\"description\":\"Verwenden Sie diese Vorlage, um Ihre Treffen mit potenziellen Kunden oder Auftraggebern zu planen. Recherchieren Sie Ihre Kontakte und machen Sie sich Notizen zu Zielen und m\u00f6glichen Fragen.\",\"inLanguage\":\"de-DE\",\"potentialAction\":[{\"@type\":\"ReadAction\",\"target\":[\"https:\/\/sales-ai-agents.com\/de\/templates\/pre-call-strategy-checklist\/\"]}]},{\"@type\":\"ImageObject\",\"inLanguage\":\"de-DE\",\"@id\":\"https:\/\/sales-ai-agents.com\/de\/templates\/pre-call-strategy-checklist\/#primaryimage\",\"url\":\"https:\/\/sales-ai-agents.com\/wp-content\/uploads\/2022\/09\/Pre-Call-Strategy-Checklist-Template.png\",\"contentUrl\":\"https:\/\/sales-ai-agents.com\/wp-content\/uploads\/2022\/09\/Pre-Call-Strategy-Checklist-Template.png\",\"width\":1700,\"height\":1100,\"caption\":\"Use this template to plan your meetings with potential clients or customers.\"},{\"@type\":\"WebSite\",\"@id\":\"https:\/\/sales-ai-agents.com\/#website\",\"url\":\"https:\/\/sales-ai-agents.com\/\",\"name\":\"FuseBase\",\"description\":\"Nimbus Platform - Free Online Collaboration Software for Remote Teams. Build your wikis, client portals and more with the Nimbus Platform collaboration tool ? A perfect space for online work\",\"publisher\":{\"@id\":\"https:\/\/sales-ai-agents.com\/#organization\"},\"potentialAction\":[{\"@type\":\"SearchAction\",\"target\":{\"@type\":\"EntryPoint\",\"urlTemplate\":\"https:\/\/sales-ai-agents.com\/?s={search_term_string}\"},\"query-input\":{\"@type\":\"PropertyValueSpecification\",\"valueRequired\":true,\"valueName\":\"search_term_string\"}}],\"inLanguage\":\"de-DE\"},{\"@type\":\"Organization\",\"@id\":\"https:\/\/sales-ai-agents.com\/#organization\",\"name\":\"FuseBase\",\"url\":\"https:\/\/sales-ai-agents.com\/\",\"logo\":{\"@type\":\"ImageObject\",\"inLanguage\":\"de-DE\",\"@id\":\"https:\/\/sales-ai-agents.com\/#\/schema\/logo\/image\/\",\"url\":\"https:\/\/sales-ai-agents.com\/wp-content\/uploads\/2023\/11\/icon-7.svg\",\"contentUrl\":\"https:\/\/sales-ai-agents.com\/wp-content\/uploads\/2023\/11\/icon-7.svg\",\"width\":128,\"height\":128,\"caption\":\"FuseBase\"},\"image\":{\"@id\":\"https:\/\/sales-ai-agents.com\/#\/schema\/logo\/image\/\"}}]}<\/script>\n<!-- \/ Yoast SEO plugin. -->","yoast_head_json":{"title":"Checkliste f\u00fcr die Voraufrufstrategie - Sales AI Agents","description":"Verwenden Sie diese Vorlage, um Ihre Treffen mit potenziellen Kunden oder Auftraggebern zu planen. Recherchieren Sie Ihre Kontakte und machen Sie sich Notizen zu Zielen und m\u00f6glichen Fragen.","robots":{"index":"index","follow":"follow","max-snippet":"max-snippet:-1","max-image-preview":"max-image-preview:large","max-video-preview":"max-video-preview:-1"},"canonical":"https:\/\/sales-ai-agents.com\/de\/templates\/pre-call-strategy-checklist\/","og_locale":"de_DE","og_type":"article","og_title":"Checkliste f\u00fcr die Voraufrufstrategie - Sales AI Agents","og_description":"Verwenden Sie diese Vorlage, um Ihre Treffen mit potenziellen Kunden oder Auftraggebern zu planen. Recherchieren Sie Ihre Kontakte und machen Sie sich Notizen zu Zielen und m\u00f6glichen Fragen.","og_url":"https:\/\/sales-ai-agents.com\/de\/templates\/pre-call-strategy-checklist\/","og_site_name":"Sales AI Agents","article_modified_time":"2023-12-26T15:19:04+00:00","og_image":[{"width":1700,"height":1100,"url":"https:\/\/sales-ai-agents.com\/wp-content\/uploads\/2022\/09\/Pre-Call-Strategy-Checklist-Template.png","type":"image\/png"}],"twitter_card":"summary_large_image","schema":{"@context":"https:\/\/schema.org","@graph":[{"@type":"WebPage","@id":"https:\/\/sales-ai-agents.com\/de\/templates\/pre-call-strategy-checklist\/","url":"https:\/\/sales-ai-agents.com\/de\/templates\/pre-call-strategy-checklist\/","name":"Checkliste f\u00fcr die Voraufrufstrategie - Sales AI Agents","isPartOf":{"@id":"https:\/\/sales-ai-agents.com\/#website"},"primaryImageOfPage":{"@id":"https:\/\/sales-ai-agents.com\/de\/templates\/pre-call-strategy-checklist\/#primaryimage"},"image":{"@id":"https:\/\/sales-ai-agents.com\/de\/templates\/pre-call-strategy-checklist\/#primaryimage"},"thumbnailUrl":"https:\/\/sales-ai-agents.com\/wp-content\/uploads\/2022\/09\/Pre-Call-Strategy-Checklist-Template.png","datePublished":"2022-09-26T12:25:05+00:00","dateModified":"2023-12-26T15:19:04+00:00","description":"Verwenden Sie diese Vorlage, um Ihre Treffen mit potenziellen Kunden oder Auftraggebern zu planen. Recherchieren Sie Ihre Kontakte und machen Sie sich Notizen zu Zielen und m\u00f6glichen Fragen.","inLanguage":"de-DE","potentialAction":[{"@type":"ReadAction","target":["https:\/\/sales-ai-agents.com\/de\/templates\/pre-call-strategy-checklist\/"]}]},{"@type":"ImageObject","inLanguage":"de-DE","@id":"https:\/\/sales-ai-agents.com\/de\/templates\/pre-call-strategy-checklist\/#primaryimage","url":"https:\/\/sales-ai-agents.com\/wp-content\/uploads\/2022\/09\/Pre-Call-Strategy-Checklist-Template.png","contentUrl":"https:\/\/sales-ai-agents.com\/wp-content\/uploads\/2022\/09\/Pre-Call-Strategy-Checklist-Template.png","width":1700,"height":1100,"caption":"Use this template to plan your meetings with potential clients or customers."},{"@type":"WebSite","@id":"https:\/\/sales-ai-agents.com\/#website","url":"https:\/\/sales-ai-agents.com\/","name":"FuseBase","description":"Nimbus Platform - Free Online Collaboration Software for Remote Teams. Build your wikis, client portals and more with the Nimbus Platform collaboration tool ? A perfect space for online work","publisher":{"@id":"https:\/\/sales-ai-agents.com\/#organization"},"potentialAction":[{"@type":"SearchAction","target":{"@type":"EntryPoint","urlTemplate":"https:\/\/sales-ai-agents.com\/?s={search_term_string}"},"query-input":{"@type":"PropertyValueSpecification","valueRequired":true,"valueName":"search_term_string"}}],"inLanguage":"de-DE"},{"@type":"Organization","@id":"https:\/\/sales-ai-agents.com\/#organization","name":"FuseBase","url":"https:\/\/sales-ai-agents.com\/","logo":{"@type":"ImageObject","inLanguage":"de-DE","@id":"https:\/\/sales-ai-agents.com\/#\/schema\/logo\/image\/","url":"https:\/\/sales-ai-agents.com\/wp-content\/uploads\/2023\/11\/icon-7.svg","contentUrl":"https:\/\/sales-ai-agents.com\/wp-content\/uploads\/2023\/11\/icon-7.svg","width":128,"height":128,"caption":"FuseBase"},"image":{"@id":"https:\/\/sales-ai-agents.com\/#\/schema\/logo\/image\/"}}]}},"_links":{"self":[{"href":"https:\/\/sales-ai-agents.com\/de\/wp-json\/wp\/v2\/product\/55612","targetHints":{"allow":["GET"]}}],"collection":[{"href":"https:\/\/sales-ai-agents.com\/de\/wp-json\/wp\/v2\/product"}],"about":[{"href":"https:\/\/sales-ai-agents.com\/de\/wp-json\/wp\/v2\/types\/product"}],"wp:featuredmedia":[{"embeddable":true,"href":"https:\/\/sales-ai-agents.com\/de\/wp-json\/wp\/v2\/media\/25815"}],"wp:attachment":[{"href":"https:\/\/sales-ai-agents.com\/de\/wp-json\/wp\/v2\/media?parent=55612"}],"wp:term":[{"taxonomy":"product_brand","embeddable":true,"href":"https:\/\/sales-ai-agents.com\/de\/wp-json\/wp\/v2\/product_brand?post=55612"},{"taxonomy":"product_cat","embeddable":true,"href":"https:\/\/sales-ai-agents.com\/de\/wp-json\/wp\/v2\/product_cat?post=55612"},{"taxonomy":"product_tag","embeddable":true,"href":"https:\/\/sales-ai-agents.com\/de\/wp-json\/wp\/v2\/product_tag?post=55612"}],"curies":[{"name":"wp","href":"https:\/\/api.w.org\/{rel}","templated":true}]}}