{"id":55618,"date":"2022-09-26T12:25:02","date_gmt":"2022-09-26T12:25:02","guid":{"rendered":"https:\/\/sales-ai-agents.com\/templates\/blog-post\/"},"modified":"2023-12-26T21:07:42","modified_gmt":"2023-12-26T21:07:42","slug":"blog-post","status":"publish","type":"product","link":"https:\/\/sales-ai-agents.com\/de\/templates\/blog-post\/","title":{"rendered":"Blog-Beitrag"},"content":{"rendered":"<p>&nbsp;<\/p>\n<h2>Blogpost-Vorlage<\/h2>\n<p class=\"desc-text\">Die Erstellung eines Blogbeitrags umfasst mehrere Schritte und Phasen. Nachdem ein Beitrag ver\u00f6ffentlicht wurde, kann er auf verschiedenen Kan\u00e4len weiter geteilt werden. Um den \u00dcberblick zu behalten, k\u00f6nnen Sie diese Vorlage verwenden, in der die Schreibschritte aufgelistet sind. F\u00fcgen Sie wichtige Links und Checklisten hinzu und vergewissern Sie sich, dass alle Grundlagen abgedeckt sind, bevor Sie Ihren Beitrag online stellen.<\/p>\n<h5>Wie zu verwenden:<\/h5>\n<ul class=\"desc-item_list\">\n<li class=\"desc-item_list__point\">Aktualisieren Sie den Status w\u00e4hrend der Fahrt<\/li>\n<li class=\"desc-item_list__point\">Verwenden Sie die Checkliste, um die erledigten Schritte zu markieren<\/li>\n<li class=\"desc-item_list__point\">\u00dcberpr\u00fcfung Ihrer Arbeit durch Fachleute oder PR<\/li>\n<li class=\"desc-item_list__point\">F\u00fcgen Sie Links und alternative Titel f\u00fcr den Artikel ein<\/li>\n<\/ul>\n","protected":false},"excerpt":{"rendered":"<p>Die Erstellung eines Blogbeitrags umfasst mehrere Schritte und Phasen. Verwenden Sie diese kostenlose, anpassbare Vorlage, die Ihre Schreibschritte auflistet, um den \u00dcberblick \u00fcber Ihre Arbeit zu behalten.<\/p>\n","protected":false},"featured_media":25130,"template":"","meta":{"_acf_changed":false,"inline_featured_image":false},"product_brand":[],"product_cat":[171,175],"product_tag":[],"class_list":{"0":"post-55618","1":"product","2":"type-product","3":"status-publish","4":"has-post-thumbnail","6":"product_cat-marketing","7":"product_cat-marketing-content","9":"first","10":"instock","11":"virtual","12":"sold-individually","13":"product-type-simple"},"acf":[],"yoast_head":"<!-- This site is optimized with the Yoast SEO plugin v25.3.1 - https:\/\/yoast.com\/wordpress\/plugins\/seo\/ -->\n<title>Blog Post Tracking Vorlage - Sales AI Agents<\/title>\n<meta name=\"description\" content=\"Die Erstellung eines Blogbeitrags umfasst mehrere Schritte und Phasen. Verwenden Sie diese kostenlose, anpassbare Vorlage, die Ihre Schreibschritte auflistet, um den \u00dcberblick \u00fcber Ihre Arbeit zu behalten.\" \/>\n<meta name=\"robots\" content=\"index, follow, max-snippet:-1, max-image-preview:large, max-video-preview:-1\" \/>\n<link rel=\"canonical\" href=\"https:\/\/sales-ai-agents.com\/de\/templates\/blog-post\/\" \/>\n<meta property=\"og:locale\" content=\"de_DE\" \/>\n<meta property=\"og:type\" content=\"article\" \/>\n<meta property=\"og:title\" content=\"Blog Post Tracking Vorlage - Sales AI Agents\" \/>\n<meta property=\"og:description\" content=\"Die Erstellung eines Blogbeitrags umfasst mehrere Schritte und Phasen. Verwenden Sie diese kostenlose, anpassbare Vorlage, die Ihre Schreibschritte auflistet, um den \u00dcberblick \u00fcber Ihre Arbeit zu behalten.\" \/>\n<meta property=\"og:url\" content=\"https:\/\/sales-ai-agents.com\/de\/templates\/blog-post\/\" \/>\n<meta property=\"og:site_name\" content=\"Sales AI Agents\" \/>\n<meta property=\"article:modified_time\" content=\"2023-12-26T21:07:42+00:00\" \/>\n<meta property=\"og:image\" content=\"https:\/\/sales-ai-agents.com\/wp-content\/uploads\/2022\/09\/Blog-Post-Template.png\" \/>\n\t<meta property=\"og:image:width\" content=\"1700\" \/>\n\t<meta property=\"og:image:height\" content=\"1100\" \/>\n\t<meta property=\"og:image:type\" content=\"image\/png\" \/>\n<meta name=\"twitter:card\" content=\"summary_large_image\" \/>\n<script type=\"application\/ld+json\" class=\"yoast-schema-graph\">{\"@context\":\"https:\/\/schema.org\",\"@graph\":[{\"@type\":\"WebPage\",\"@id\":\"https:\/\/sales-ai-agents.com\/de\/templates\/blog-post\/\",\"url\":\"https:\/\/sales-ai-agents.com\/de\/templates\/blog-post\/\",\"name\":\"Blog Post Tracking Vorlage - Sales AI Agents\",\"isPartOf\":{\"@id\":\"https:\/\/sales-ai-agents.com\/#website\"},\"primaryImageOfPage\":{\"@id\":\"https:\/\/sales-ai-agents.com\/de\/templates\/blog-post\/#primaryimage\"},\"image\":{\"@id\":\"https:\/\/sales-ai-agents.com\/de\/templates\/blog-post\/#primaryimage\"},\"thumbnailUrl\":\"https:\/\/sales-ai-agents.com\/wp-content\/uploads\/2022\/09\/Blog-Post-Template.png\",\"datePublished\":\"2022-09-26T12:25:02+00:00\",\"dateModified\":\"2023-12-26T21:07:42+00:00\",\"description\":\"Die Erstellung eines Blogbeitrags umfasst mehrere Schritte und Phasen. Verwenden Sie diese kostenlose, anpassbare Vorlage, die Ihre Schreibschritte auflistet, um den \u00dcberblick \u00fcber Ihre Arbeit zu behalten.\",\"inLanguage\":\"de-DE\",\"potentialAction\":[{\"@type\":\"ReadAction\",\"target\":[\"https:\/\/sales-ai-agents.com\/de\/templates\/blog-post\/\"]}]},{\"@type\":\"ImageObject\",\"inLanguage\":\"de-DE\",\"@id\":\"https:\/\/sales-ai-agents.com\/de\/templates\/blog-post\/#primaryimage\",\"url\":\"https:\/\/sales-ai-agents.com\/wp-content\/uploads\/2022\/09\/Blog-Post-Template.png\",\"contentUrl\":\"https:\/\/sales-ai-agents.com\/wp-content\/uploads\/2022\/09\/Blog-Post-Template.png\",\"width\":1700,\"height\":1100,\"caption\":\"To keep track of your writing, use this free customizable template.\"},{\"@type\":\"WebSite\",\"@id\":\"https:\/\/sales-ai-agents.com\/#website\",\"url\":\"https:\/\/sales-ai-agents.com\/\",\"name\":\"FuseBase\",\"description\":\"Nimbus Platform - Free Online Collaboration Software for Remote Teams. Build your wikis, client portals and more with the Nimbus Platform collaboration tool ? A perfect space for online work\",\"publisher\":{\"@id\":\"https:\/\/sales-ai-agents.com\/#organization\"},\"potentialAction\":[{\"@type\":\"SearchAction\",\"target\":{\"@type\":\"EntryPoint\",\"urlTemplate\":\"https:\/\/sales-ai-agents.com\/?s={search_term_string}\"},\"query-input\":{\"@type\":\"PropertyValueSpecification\",\"valueRequired\":true,\"valueName\":\"search_term_string\"}}],\"inLanguage\":\"de-DE\"},{\"@type\":\"Organization\",\"@id\":\"https:\/\/sales-ai-agents.com\/#organization\",\"name\":\"FuseBase\",\"url\":\"https:\/\/sales-ai-agents.com\/\",\"logo\":{\"@type\":\"ImageObject\",\"inLanguage\":\"de-DE\",\"@id\":\"https:\/\/sales-ai-agents.com\/#\/schema\/logo\/image\/\",\"url\":\"https:\/\/sales-ai-agents.com\/wp-content\/uploads\/2023\/11\/icon-7.svg\",\"contentUrl\":\"https:\/\/sales-ai-agents.com\/wp-content\/uploads\/2023\/11\/icon-7.svg\",\"width\":128,\"height\":128,\"caption\":\"FuseBase\"},\"image\":{\"@id\":\"https:\/\/sales-ai-agents.com\/#\/schema\/logo\/image\/\"}}]}<\/script>\n<!-- \/ Yoast SEO plugin. -->","yoast_head_json":{"title":"Blog Post Tracking Vorlage - Sales AI Agents","description":"Die Erstellung eines Blogbeitrags umfasst mehrere Schritte und Phasen. Verwenden Sie diese kostenlose, anpassbare Vorlage, die Ihre Schreibschritte auflistet, um den \u00dcberblick \u00fcber Ihre Arbeit zu behalten.","robots":{"index":"index","follow":"follow","max-snippet":"max-snippet:-1","max-image-preview":"max-image-preview:large","max-video-preview":"max-video-preview:-1"},"canonical":"https:\/\/sales-ai-agents.com\/de\/templates\/blog-post\/","og_locale":"de_DE","og_type":"article","og_title":"Blog Post Tracking Vorlage - Sales AI Agents","og_description":"Die Erstellung eines Blogbeitrags umfasst mehrere Schritte und Phasen. Verwenden Sie diese kostenlose, anpassbare Vorlage, die Ihre Schreibschritte auflistet, um den \u00dcberblick \u00fcber Ihre Arbeit zu behalten.","og_url":"https:\/\/sales-ai-agents.com\/de\/templates\/blog-post\/","og_site_name":"Sales AI Agents","article_modified_time":"2023-12-26T21:07:42+00:00","og_image":[{"width":1700,"height":1100,"url":"https:\/\/sales-ai-agents.com\/wp-content\/uploads\/2022\/09\/Blog-Post-Template.png","type":"image\/png"}],"twitter_card":"summary_large_image","schema":{"@context":"https:\/\/schema.org","@graph":[{"@type":"WebPage","@id":"https:\/\/sales-ai-agents.com\/de\/templates\/blog-post\/","url":"https:\/\/sales-ai-agents.com\/de\/templates\/blog-post\/","name":"Blog Post Tracking Vorlage - Sales AI Agents","isPartOf":{"@id":"https:\/\/sales-ai-agents.com\/#website"},"primaryImageOfPage":{"@id":"https:\/\/sales-ai-agents.com\/de\/templates\/blog-post\/#primaryimage"},"image":{"@id":"https:\/\/sales-ai-agents.com\/de\/templates\/blog-post\/#primaryimage"},"thumbnailUrl":"https:\/\/sales-ai-agents.com\/wp-content\/uploads\/2022\/09\/Blog-Post-Template.png","datePublished":"2022-09-26T12:25:02+00:00","dateModified":"2023-12-26T21:07:42+00:00","description":"Die Erstellung eines Blogbeitrags umfasst mehrere Schritte und Phasen. Verwenden Sie diese kostenlose, anpassbare Vorlage, die Ihre Schreibschritte auflistet, um den \u00dcberblick \u00fcber Ihre Arbeit zu behalten.","inLanguage":"de-DE","potentialAction":[{"@type":"ReadAction","target":["https:\/\/sales-ai-agents.com\/de\/templates\/blog-post\/"]}]},{"@type":"ImageObject","inLanguage":"de-DE","@id":"https:\/\/sales-ai-agents.com\/de\/templates\/blog-post\/#primaryimage","url":"https:\/\/sales-ai-agents.com\/wp-content\/uploads\/2022\/09\/Blog-Post-Template.png","contentUrl":"https:\/\/sales-ai-agents.com\/wp-content\/uploads\/2022\/09\/Blog-Post-Template.png","width":1700,"height":1100,"caption":"To keep track of your writing, use this free customizable template."},{"@type":"WebSite","@id":"https:\/\/sales-ai-agents.com\/#website","url":"https:\/\/sales-ai-agents.com\/","name":"FuseBase","description":"Nimbus Platform - Free Online Collaboration Software for Remote Teams. Build your wikis, client portals and more with the Nimbus Platform collaboration tool ? A perfect space for online work","publisher":{"@id":"https:\/\/sales-ai-agents.com\/#organization"},"potentialAction":[{"@type":"SearchAction","target":{"@type":"EntryPoint","urlTemplate":"https:\/\/sales-ai-agents.com\/?s={search_term_string}"},"query-input":{"@type":"PropertyValueSpecification","valueRequired":true,"valueName":"search_term_string"}}],"inLanguage":"de-DE"},{"@type":"Organization","@id":"https:\/\/sales-ai-agents.com\/#organization","name":"FuseBase","url":"https:\/\/sales-ai-agents.com\/","logo":{"@type":"ImageObject","inLanguage":"de-DE","@id":"https:\/\/sales-ai-agents.com\/#\/schema\/logo\/image\/","url":"https:\/\/sales-ai-agents.com\/wp-content\/uploads\/2023\/11\/icon-7.svg","contentUrl":"https:\/\/sales-ai-agents.com\/wp-content\/uploads\/2023\/11\/icon-7.svg","width":128,"height":128,"caption":"FuseBase"},"image":{"@id":"https:\/\/sales-ai-agents.com\/#\/schema\/logo\/image\/"}}]}},"_links":{"self":[{"href":"https:\/\/sales-ai-agents.com\/de\/wp-json\/wp\/v2\/product\/55618","targetHints":{"allow":["GET"]}}],"collection":[{"href":"https:\/\/sales-ai-agents.com\/de\/wp-json\/wp\/v2\/product"}],"about":[{"href":"https:\/\/sales-ai-agents.com\/de\/wp-json\/wp\/v2\/types\/product"}],"wp:featuredmedia":[{"embeddable":true,"href":"https:\/\/sales-ai-agents.com\/de\/wp-json\/wp\/v2\/media\/25130"}],"wp:attachment":[{"href":"https:\/\/sales-ai-agents.com\/de\/wp-json\/wp\/v2\/media?parent=55618"}],"wp:term":[{"taxonomy":"product_brand","embeddable":true,"href":"https:\/\/sales-ai-agents.com\/de\/wp-json\/wp\/v2\/product_brand?post=55618"},{"taxonomy":"product_cat","embeddable":true,"href":"https:\/\/sales-ai-agents.com\/de\/wp-json\/wp\/v2\/product_cat?post=55618"},{"taxonomy":"product_tag","embeddable":true,"href":"https:\/\/sales-ai-agents.com\/de\/wp-json\/wp\/v2\/product_tag?post=55618"}],"curies":[{"name":"wp","href":"https:\/\/api.w.org\/{rel}","templated":true}]}}