{"id":55622,"date":"2022-09-26T12:24:58","date_gmt":"2022-09-26T12:24:58","guid":{"rendered":"https:\/\/sales-ai-agents.com\/templates\/product-features\/"},"modified":"2023-12-26T16:13:06","modified_gmt":"2023-12-26T16:13:06","slug":"product-features","status":"publish","type":"product","link":"https:\/\/sales-ai-agents.com\/de\/templates\/product-features\/","title":{"rendered":"Produktmerkmale"},"content":{"rendered":"<p>&nbsp;<\/p>\n<h2>Produktmerkmale Vorlage<\/h2>\n<p class=\"desc-text\">Verwenden Sie diese Vorlage, um die Merkmale Ihres Produkts zu erfassen und Ideen und Entw\u00fcrfe f\u00fcr neue Merkmale zu sammeln. F\u00fcgen Sie demografische Informationen f\u00fcr die beabsichtigten Nutzer hinzu und teilen Sie Bilder, Grafiken und Designvorschl\u00e4ge. Halten Sie Ihre Ideen in einem \u00fcbersichtlichen Dokument fest.<\/p>\n<h5>Wie zu verwenden:<\/h5>\n<ul class=\"desc-item_list\">\n<li class=\"desc-item_list__point\">Erl\u00e4utern Sie Ziele und Zielsetzungen<\/li>\n<li class=\"desc-item_list__point\">Wichtige demografische Informationen einbeziehen<\/li>\n<li class=\"desc-item_list__point\">Erfolgsmetriken verfolgen<\/li>\n<li class=\"desc-item_list__point\">Ideen f\u00fcr neue Funktionen auflisten und planen<\/li>\n<\/ul>\n","protected":false},"excerpt":{"rendered":"<p>Verwenden Sie diese Vorlage, um die Merkmale Ihres Produkts zu erfassen. F\u00fcgen Sie demografische Informationen f\u00fcr die beabsichtigten Nutzer hinzu und teilen Sie Bilder, Grafiken und Ideen f\u00fcr das Design.<\/p>\n","protected":false},"featured_media":28415,"template":"","meta":{"_acf_changed":false,"inline_featured_image":false},"product_brand":[],"product_cat":[186,189,190],"product_tag":[],"class_list":{"0":"post-55622","1":"product","2":"type-product","3":"status-publish","4":"has-post-thumbnail","6":"product_cat-product","7":"product_cat-product-management","8":"product_cat-project-documents","10":"first","11":"instock","12":"virtual","13":"sold-individually","14":"product-type-simple"},"acf":[],"yoast_head":"<!-- This site is optimized with the Yoast SEO plugin v25.3.1 - https:\/\/yoast.com\/wordpress\/plugins\/seo\/ -->\n<title>Vorlage f\u00fcr Produkteigenschaften - Sales AI Agents<\/title>\n<meta name=\"description\" content=\"Verwenden Sie diese Vorlage, um die Merkmale Ihres Produkts zu erfassen. F\u00fcgen Sie demografische Informationen f\u00fcr die beabsichtigten Nutzer hinzu und teilen Sie Bilder, Grafiken und Ideen f\u00fcr das Design.\" \/>\n<meta name=\"robots\" content=\"index, follow, max-snippet:-1, max-image-preview:large, max-video-preview:-1\" \/>\n<link rel=\"canonical\" href=\"https:\/\/sales-ai-agents.com\/de\/templates\/product-features\/\" \/>\n<meta property=\"og:locale\" content=\"de_DE\" \/>\n<meta property=\"og:type\" content=\"article\" \/>\n<meta property=\"og:title\" content=\"Vorlage f\u00fcr Produkteigenschaften - Sales AI Agents\" \/>\n<meta property=\"og:description\" content=\"Verwenden Sie diese Vorlage, um die Merkmale Ihres Produkts zu erfassen. F\u00fcgen Sie demografische Informationen f\u00fcr die beabsichtigten Nutzer hinzu und teilen Sie Bilder, Grafiken und Ideen f\u00fcr das Design.\" \/>\n<meta property=\"og:url\" content=\"https:\/\/sales-ai-agents.com\/de\/templates\/product-features\/\" \/>\n<meta property=\"og:site_name\" content=\"Sales AI Agents\" \/>\n<meta property=\"article:modified_time\" content=\"2023-12-26T16:13:06+00:00\" \/>\n<meta property=\"og:image\" content=\"https:\/\/sales-ai-agents.com\/wp-content\/uploads\/2022\/09\/Product-Features-Templates-Choices.png\" \/>\n\t<meta property=\"og:image:width\" content=\"1700\" \/>\n\t<meta property=\"og:image:height\" content=\"1100\" \/>\n\t<meta property=\"og:image:type\" content=\"image\/png\" \/>\n<meta name=\"twitter:card\" content=\"summary_large_image\" \/>\n<script type=\"application\/ld+json\" class=\"yoast-schema-graph\">{\"@context\":\"https:\/\/schema.org\",\"@graph\":[{\"@type\":\"WebPage\",\"@id\":\"https:\/\/sales-ai-agents.com\/de\/templates\/product-features\/\",\"url\":\"https:\/\/sales-ai-agents.com\/de\/templates\/product-features\/\",\"name\":\"Vorlage f\u00fcr Produkteigenschaften - Sales AI Agents\",\"isPartOf\":{\"@id\":\"https:\/\/sales-ai-agents.com\/#website\"},\"primaryImageOfPage\":{\"@id\":\"https:\/\/sales-ai-agents.com\/de\/templates\/product-features\/#primaryimage\"},\"image\":{\"@id\":\"https:\/\/sales-ai-agents.com\/de\/templates\/product-features\/#primaryimage\"},\"thumbnailUrl\":\"https:\/\/sales-ai-agents.com\/wp-content\/uploads\/2022\/09\/Product-Features-Templates-Choices.png\",\"datePublished\":\"2022-09-26T12:24:58+00:00\",\"dateModified\":\"2023-12-26T16:13:06+00:00\",\"description\":\"Verwenden Sie diese Vorlage, um die Merkmale Ihres Produkts zu erfassen. F\u00fcgen Sie demografische Informationen f\u00fcr die beabsichtigten Nutzer hinzu und teilen Sie Bilder, Grafiken und Ideen f\u00fcr das Design.\",\"inLanguage\":\"de-DE\",\"potentialAction\":[{\"@type\":\"ReadAction\",\"target\":[\"https:\/\/sales-ai-agents.com\/de\/templates\/product-features\/\"]}]},{\"@type\":\"ImageObject\",\"inLanguage\":\"de-DE\",\"@id\":\"https:\/\/sales-ai-agents.com\/de\/templates\/product-features\/#primaryimage\",\"url\":\"https:\/\/sales-ai-agents.com\/wp-content\/uploads\/2022\/09\/Product-Features-Templates-Choices.png\",\"contentUrl\":\"https:\/\/sales-ai-agents.com\/wp-content\/uploads\/2022\/09\/Product-Features-Templates-Choices.png\",\"width\":1700,\"height\":1100,\"caption\":\"Use this template to track your product's features and brainstorm ideas and drafts for new ones.\"},{\"@type\":\"WebSite\",\"@id\":\"https:\/\/sales-ai-agents.com\/#website\",\"url\":\"https:\/\/sales-ai-agents.com\/\",\"name\":\"FuseBase\",\"description\":\"Nimbus Platform - Free Online Collaboration Software for Remote Teams. Build your wikis, client portals and more with the Nimbus Platform collaboration tool ? A perfect space for online work\",\"publisher\":{\"@id\":\"https:\/\/sales-ai-agents.com\/#organization\"},\"potentialAction\":[{\"@type\":\"SearchAction\",\"target\":{\"@type\":\"EntryPoint\",\"urlTemplate\":\"https:\/\/sales-ai-agents.com\/?s={search_term_string}\"},\"query-input\":{\"@type\":\"PropertyValueSpecification\",\"valueRequired\":true,\"valueName\":\"search_term_string\"}}],\"inLanguage\":\"de-DE\"},{\"@type\":\"Organization\",\"@id\":\"https:\/\/sales-ai-agents.com\/#organization\",\"name\":\"FuseBase\",\"url\":\"https:\/\/sales-ai-agents.com\/\",\"logo\":{\"@type\":\"ImageObject\",\"inLanguage\":\"de-DE\",\"@id\":\"https:\/\/sales-ai-agents.com\/#\/schema\/logo\/image\/\",\"url\":\"https:\/\/sales-ai-agents.com\/wp-content\/uploads\/2023\/11\/icon-7.svg\",\"contentUrl\":\"https:\/\/sales-ai-agents.com\/wp-content\/uploads\/2023\/11\/icon-7.svg\",\"width\":128,\"height\":128,\"caption\":\"FuseBase\"},\"image\":{\"@id\":\"https:\/\/sales-ai-agents.com\/#\/schema\/logo\/image\/\"}}]}<\/script>\n<!-- \/ Yoast SEO plugin. -->","yoast_head_json":{"title":"Vorlage f\u00fcr Produkteigenschaften - Sales AI Agents","description":"Verwenden Sie diese Vorlage, um die Merkmale Ihres Produkts zu erfassen. F\u00fcgen Sie demografische Informationen f\u00fcr die beabsichtigten Nutzer hinzu und teilen Sie Bilder, Grafiken und Ideen f\u00fcr das Design.","robots":{"index":"index","follow":"follow","max-snippet":"max-snippet:-1","max-image-preview":"max-image-preview:large","max-video-preview":"max-video-preview:-1"},"canonical":"https:\/\/sales-ai-agents.com\/de\/templates\/product-features\/","og_locale":"de_DE","og_type":"article","og_title":"Vorlage f\u00fcr Produkteigenschaften - Sales AI Agents","og_description":"Verwenden Sie diese Vorlage, um die Merkmale Ihres Produkts zu erfassen. F\u00fcgen Sie demografische Informationen f\u00fcr die beabsichtigten Nutzer hinzu und teilen Sie Bilder, Grafiken und Ideen f\u00fcr das Design.","og_url":"https:\/\/sales-ai-agents.com\/de\/templates\/product-features\/","og_site_name":"Sales AI Agents","article_modified_time":"2023-12-26T16:13:06+00:00","og_image":[{"width":1700,"height":1100,"url":"https:\/\/sales-ai-agents.com\/wp-content\/uploads\/2022\/09\/Product-Features-Templates-Choices.png","type":"image\/png"}],"twitter_card":"summary_large_image","schema":{"@context":"https:\/\/schema.org","@graph":[{"@type":"WebPage","@id":"https:\/\/sales-ai-agents.com\/de\/templates\/product-features\/","url":"https:\/\/sales-ai-agents.com\/de\/templates\/product-features\/","name":"Vorlage f\u00fcr Produkteigenschaften - Sales AI Agents","isPartOf":{"@id":"https:\/\/sales-ai-agents.com\/#website"},"primaryImageOfPage":{"@id":"https:\/\/sales-ai-agents.com\/de\/templates\/product-features\/#primaryimage"},"image":{"@id":"https:\/\/sales-ai-agents.com\/de\/templates\/product-features\/#primaryimage"},"thumbnailUrl":"https:\/\/sales-ai-agents.com\/wp-content\/uploads\/2022\/09\/Product-Features-Templates-Choices.png","datePublished":"2022-09-26T12:24:58+00:00","dateModified":"2023-12-26T16:13:06+00:00","description":"Verwenden Sie diese Vorlage, um die Merkmale Ihres Produkts zu erfassen. F\u00fcgen Sie demografische Informationen f\u00fcr die beabsichtigten Nutzer hinzu und teilen Sie Bilder, Grafiken und Ideen f\u00fcr das Design.","inLanguage":"de-DE","potentialAction":[{"@type":"ReadAction","target":["https:\/\/sales-ai-agents.com\/de\/templates\/product-features\/"]}]},{"@type":"ImageObject","inLanguage":"de-DE","@id":"https:\/\/sales-ai-agents.com\/de\/templates\/product-features\/#primaryimage","url":"https:\/\/sales-ai-agents.com\/wp-content\/uploads\/2022\/09\/Product-Features-Templates-Choices.png","contentUrl":"https:\/\/sales-ai-agents.com\/wp-content\/uploads\/2022\/09\/Product-Features-Templates-Choices.png","width":1700,"height":1100,"caption":"Use this template to track your product's features and brainstorm ideas and drafts for new ones."},{"@type":"WebSite","@id":"https:\/\/sales-ai-agents.com\/#website","url":"https:\/\/sales-ai-agents.com\/","name":"FuseBase","description":"Nimbus Platform - Free Online Collaboration Software for Remote Teams. Build your wikis, client portals and more with the Nimbus Platform collaboration tool ? A perfect space for online work","publisher":{"@id":"https:\/\/sales-ai-agents.com\/#organization"},"potentialAction":[{"@type":"SearchAction","target":{"@type":"EntryPoint","urlTemplate":"https:\/\/sales-ai-agents.com\/?s={search_term_string}"},"query-input":{"@type":"PropertyValueSpecification","valueRequired":true,"valueName":"search_term_string"}}],"inLanguage":"de-DE"},{"@type":"Organization","@id":"https:\/\/sales-ai-agents.com\/#organization","name":"FuseBase","url":"https:\/\/sales-ai-agents.com\/","logo":{"@type":"ImageObject","inLanguage":"de-DE","@id":"https:\/\/sales-ai-agents.com\/#\/schema\/logo\/image\/","url":"https:\/\/sales-ai-agents.com\/wp-content\/uploads\/2023\/11\/icon-7.svg","contentUrl":"https:\/\/sales-ai-agents.com\/wp-content\/uploads\/2023\/11\/icon-7.svg","width":128,"height":128,"caption":"FuseBase"},"image":{"@id":"https:\/\/sales-ai-agents.com\/#\/schema\/logo\/image\/"}}]}},"_links":{"self":[{"href":"https:\/\/sales-ai-agents.com\/de\/wp-json\/wp\/v2\/product\/55622","targetHints":{"allow":["GET"]}}],"collection":[{"href":"https:\/\/sales-ai-agents.com\/de\/wp-json\/wp\/v2\/product"}],"about":[{"href":"https:\/\/sales-ai-agents.com\/de\/wp-json\/wp\/v2\/types\/product"}],"wp:featuredmedia":[{"embeddable":true,"href":"https:\/\/sales-ai-agents.com\/de\/wp-json\/wp\/v2\/media\/28415"}],"wp:attachment":[{"href":"https:\/\/sales-ai-agents.com\/de\/wp-json\/wp\/v2\/media?parent=55622"}],"wp:term":[{"taxonomy":"product_brand","embeddable":true,"href":"https:\/\/sales-ai-agents.com\/de\/wp-json\/wp\/v2\/product_brand?post=55622"},{"taxonomy":"product_cat","embeddable":true,"href":"https:\/\/sales-ai-agents.com\/de\/wp-json\/wp\/v2\/product_cat?post=55622"},{"taxonomy":"product_tag","embeddable":true,"href":"https:\/\/sales-ai-agents.com\/de\/wp-json\/wp\/v2\/product_tag?post=55622"}],"curies":[{"name":"wp","href":"https:\/\/api.w.org\/{rel}","templated":true}]}}