{"id":55630,"date":"2022-09-26T12:24:24","date_gmt":"2022-09-26T12:24:24","guid":{"rendered":"https:\/\/sales-ai-agents.com\/templates\/marketing-persona\/"},"modified":"2023-12-26T14:40:21","modified_gmt":"2023-12-26T14:40:21","slug":"marketing-persona","status":"publish","type":"product","link":"https:\/\/sales-ai-agents.com\/de\/templates\/marketing-persona\/","title":{"rendered":"Marketing Persona"},"content":{"rendered":"<p>&nbsp;<\/p>\n<h2>Marketing Persona Vorlage<\/h2>\n<p class=\"desc-text\">Stellen Sie sicher, dass Ihre Marketingkampagnen auf Ihre Zielgruppe zugeschnitten sind, indem Sie Marketing-Personas verwenden. Wir haben diese einfach zu verwendende Vorlage erstellt, damit Sie Ihre Kunden besser kennenlernen und auf ihre Bed\u00fcrfnisse eingehen k\u00f6nnen. Verwenden Sie reale Daten und Forschungsergebnisse, um das Dokument zu vervollst\u00e4ndigen. Erstellen Sie mit Ihrem Team ein Brainstorming, um ein umfassendes Profil zu erstellen, das die W\u00fcnsche und Interessen Ihres Zielpublikums erfasst.<\/p>\n<h5>Wie zu verwenden:<\/h5>\n<ul class=\"desc-item_list\">\n<li class=\"desc-item_list__point\">Legen Sie ein Bild Ihres Zielkunden bei<\/li>\n<li class=\"desc-item_list__point\">Beschreiben Sie Ihren Kunden im Abschnitt Bio<\/li>\n<li class=\"desc-item_list__point\">W\u00e4hlen Sie Prozents\u00e4tze zur Bewertung der Pers\u00f6nlichkeit<\/li>\n<li class=\"desc-item_list__point\">Nennen Sie die Ziele und Probleme Ihrer Zielgruppe<\/li>\n<li class=\"desc-item_list__point\">W\u00e4hlen Sie Prozents\u00e4tze f\u00fcr verschiedene Motivationen<\/li>\n<li class=\"desc-item_list__point\">Einbeziehung der von Ihren Kunden genutzten technologischen Ressourcen<\/li>\n<\/ul>\n","protected":false},"excerpt":{"rendered":"<p>Stellen Sie sicher, dass Ihre Marketingkampagnen personalisiert sind, indem Sie Marketing-Personas verwenden. Nutzen Sie die Vorlage, um Ihre Kunden besser kennenzulernen und auf ihre Bed\u00fcrfnisse einzugehen.<\/p>\n","protected":false},"featured_media":24885,"template":"","meta":{"_acf_changed":false,"inline_featured_image":false},"product_brand":[],"product_cat":[171,172],"product_tag":[],"class_list":{"0":"post-55630","1":"product","2":"type-product","3":"status-publish","4":"has-post-thumbnail","6":"product_cat-marketing","7":"product_cat-marketing-analysis","8":"collections-client","10":"first","11":"instock","12":"virtual","13":"sold-individually","14":"product-type-simple"},"acf":[],"yoast_head":"<!-- This site is optimized with the Yoast SEO plugin v25.3.1 - https:\/\/yoast.com\/wordpress\/plugins\/seo\/ -->\n<title>Marketing Persona Vorlage - Sales AI Agents<\/title>\n<meta name=\"description\" content=\"Stellen Sie sicher, dass Ihre Marketingkampagnen personalisiert sind, indem Sie Marketing-Personas verwenden. Nutzen Sie die Vorlage, um Ihre Kunden besser kennenzulernen und auf ihre Bed\u00fcrfnisse einzugehen.\" \/>\n<meta name=\"robots\" content=\"index, follow, max-snippet:-1, max-image-preview:large, max-video-preview:-1\" \/>\n<link rel=\"canonical\" href=\"https:\/\/sales-ai-agents.com\/de\/templates\/marketing-persona\/\" \/>\n<meta property=\"og:locale\" content=\"de_DE\" \/>\n<meta property=\"og:type\" content=\"article\" \/>\n<meta property=\"og:title\" content=\"Marketing Persona Vorlage - Sales AI Agents\" \/>\n<meta property=\"og:description\" content=\"Stellen Sie sicher, dass Ihre Marketingkampagnen personalisiert sind, indem Sie Marketing-Personas verwenden. Nutzen Sie die Vorlage, um Ihre Kunden besser kennenzulernen und auf ihre Bed\u00fcrfnisse einzugehen.\" \/>\n<meta property=\"og:url\" content=\"https:\/\/sales-ai-agents.com\/de\/templates\/marketing-persona\/\" \/>\n<meta property=\"og:site_name\" content=\"Sales AI Agents\" \/>\n<meta property=\"article:modified_time\" content=\"2023-12-26T14:40:21+00:00\" \/>\n<meta property=\"og:image\" content=\"https:\/\/sales-ai-agents.com\/wp-content\/uploads\/2022\/09\/Marketing-Persona-Template.png\" \/>\n\t<meta property=\"og:image:width\" content=\"1700\" \/>\n\t<meta property=\"og:image:height\" content=\"1100\" \/>\n\t<meta property=\"og:image:type\" content=\"image\/png\" \/>\n<meta name=\"twitter:card\" content=\"summary_large_image\" \/>\n<script type=\"application\/ld+json\" class=\"yoast-schema-graph\">{\"@context\":\"https:\/\/schema.org\",\"@graph\":[{\"@type\":\"WebPage\",\"@id\":\"https:\/\/sales-ai-agents.com\/de\/templates\/marketing-persona\/\",\"url\":\"https:\/\/sales-ai-agents.com\/de\/templates\/marketing-persona\/\",\"name\":\"Marketing Persona Vorlage - Sales AI Agents\",\"isPartOf\":{\"@id\":\"https:\/\/sales-ai-agents.com\/#website\"},\"primaryImageOfPage\":{\"@id\":\"https:\/\/sales-ai-agents.com\/de\/templates\/marketing-persona\/#primaryimage\"},\"image\":{\"@id\":\"https:\/\/sales-ai-agents.com\/de\/templates\/marketing-persona\/#primaryimage\"},\"thumbnailUrl\":\"https:\/\/sales-ai-agents.com\/wp-content\/uploads\/2022\/09\/Marketing-Persona-Template.png\",\"datePublished\":\"2022-09-26T12:24:24+00:00\",\"dateModified\":\"2023-12-26T14:40:21+00:00\",\"description\":\"Stellen Sie sicher, dass Ihre Marketingkampagnen personalisiert sind, indem Sie Marketing-Personas verwenden. Nutzen Sie die Vorlage, um Ihre Kunden besser kennenzulernen und auf ihre Bed\u00fcrfnisse einzugehen.\",\"inLanguage\":\"de-DE\",\"potentialAction\":[{\"@type\":\"ReadAction\",\"target\":[\"https:\/\/sales-ai-agents.com\/de\/templates\/marketing-persona\/\"]}]},{\"@type\":\"ImageObject\",\"inLanguage\":\"de-DE\",\"@id\":\"https:\/\/sales-ai-agents.com\/de\/templates\/marketing-persona\/#primaryimage\",\"url\":\"https:\/\/sales-ai-agents.com\/wp-content\/uploads\/2022\/09\/Marketing-Persona-Template.png\",\"contentUrl\":\"https:\/\/sales-ai-agents.com\/wp-content\/uploads\/2022\/09\/Marketing-Persona-Template.png\",\"width\":1700,\"height\":1100,\"caption\":\"Make sure your marketing campaigns are personalized by using marketing personas.\"},{\"@type\":\"WebSite\",\"@id\":\"https:\/\/sales-ai-agents.com\/#website\",\"url\":\"https:\/\/sales-ai-agents.com\/\",\"name\":\"FuseBase\",\"description\":\"Nimbus Platform - Free Online Collaboration Software for Remote Teams. Build your wikis, client portals and more with the Nimbus Platform collaboration tool ? A perfect space for online work\",\"publisher\":{\"@id\":\"https:\/\/sales-ai-agents.com\/#organization\"},\"potentialAction\":[{\"@type\":\"SearchAction\",\"target\":{\"@type\":\"EntryPoint\",\"urlTemplate\":\"https:\/\/sales-ai-agents.com\/?s={search_term_string}\"},\"query-input\":{\"@type\":\"PropertyValueSpecification\",\"valueRequired\":true,\"valueName\":\"search_term_string\"}}],\"inLanguage\":\"de-DE\"},{\"@type\":\"Organization\",\"@id\":\"https:\/\/sales-ai-agents.com\/#organization\",\"name\":\"FuseBase\",\"url\":\"https:\/\/sales-ai-agents.com\/\",\"logo\":{\"@type\":\"ImageObject\",\"inLanguage\":\"de-DE\",\"@id\":\"https:\/\/sales-ai-agents.com\/#\/schema\/logo\/image\/\",\"url\":\"https:\/\/sales-ai-agents.com\/wp-content\/uploads\/2023\/11\/icon-7.svg\",\"contentUrl\":\"https:\/\/sales-ai-agents.com\/wp-content\/uploads\/2023\/11\/icon-7.svg\",\"width\":128,\"height\":128,\"caption\":\"FuseBase\"},\"image\":{\"@id\":\"https:\/\/sales-ai-agents.com\/#\/schema\/logo\/image\/\"}}]}<\/script>\n<!-- \/ Yoast SEO plugin. -->","yoast_head_json":{"title":"Marketing Persona Vorlage - Sales AI Agents","description":"Stellen Sie sicher, dass Ihre Marketingkampagnen personalisiert sind, indem Sie Marketing-Personas verwenden. Nutzen Sie die Vorlage, um Ihre Kunden besser kennenzulernen und auf ihre Bed\u00fcrfnisse einzugehen.","robots":{"index":"index","follow":"follow","max-snippet":"max-snippet:-1","max-image-preview":"max-image-preview:large","max-video-preview":"max-video-preview:-1"},"canonical":"https:\/\/sales-ai-agents.com\/de\/templates\/marketing-persona\/","og_locale":"de_DE","og_type":"article","og_title":"Marketing Persona Vorlage - Sales AI Agents","og_description":"Stellen Sie sicher, dass Ihre Marketingkampagnen personalisiert sind, indem Sie Marketing-Personas verwenden. Nutzen Sie die Vorlage, um Ihre Kunden besser kennenzulernen und auf ihre Bed\u00fcrfnisse einzugehen.","og_url":"https:\/\/sales-ai-agents.com\/de\/templates\/marketing-persona\/","og_site_name":"Sales AI Agents","article_modified_time":"2023-12-26T14:40:21+00:00","og_image":[{"width":1700,"height":1100,"url":"https:\/\/sales-ai-agents.com\/wp-content\/uploads\/2022\/09\/Marketing-Persona-Template.png","type":"image\/png"}],"twitter_card":"summary_large_image","schema":{"@context":"https:\/\/schema.org","@graph":[{"@type":"WebPage","@id":"https:\/\/sales-ai-agents.com\/de\/templates\/marketing-persona\/","url":"https:\/\/sales-ai-agents.com\/de\/templates\/marketing-persona\/","name":"Marketing Persona Vorlage - Sales AI Agents","isPartOf":{"@id":"https:\/\/sales-ai-agents.com\/#website"},"primaryImageOfPage":{"@id":"https:\/\/sales-ai-agents.com\/de\/templates\/marketing-persona\/#primaryimage"},"image":{"@id":"https:\/\/sales-ai-agents.com\/de\/templates\/marketing-persona\/#primaryimage"},"thumbnailUrl":"https:\/\/sales-ai-agents.com\/wp-content\/uploads\/2022\/09\/Marketing-Persona-Template.png","datePublished":"2022-09-26T12:24:24+00:00","dateModified":"2023-12-26T14:40:21+00:00","description":"Stellen Sie sicher, dass Ihre Marketingkampagnen personalisiert sind, indem Sie Marketing-Personas verwenden. Nutzen Sie die Vorlage, um Ihre Kunden besser kennenzulernen und auf ihre Bed\u00fcrfnisse einzugehen.","inLanguage":"de-DE","potentialAction":[{"@type":"ReadAction","target":["https:\/\/sales-ai-agents.com\/de\/templates\/marketing-persona\/"]}]},{"@type":"ImageObject","inLanguage":"de-DE","@id":"https:\/\/sales-ai-agents.com\/de\/templates\/marketing-persona\/#primaryimage","url":"https:\/\/sales-ai-agents.com\/wp-content\/uploads\/2022\/09\/Marketing-Persona-Template.png","contentUrl":"https:\/\/sales-ai-agents.com\/wp-content\/uploads\/2022\/09\/Marketing-Persona-Template.png","width":1700,"height":1100,"caption":"Make sure your marketing campaigns are personalized by using marketing personas."},{"@type":"WebSite","@id":"https:\/\/sales-ai-agents.com\/#website","url":"https:\/\/sales-ai-agents.com\/","name":"FuseBase","description":"Nimbus Platform - Free Online Collaboration Software for Remote Teams. Build your wikis, client portals and more with the Nimbus Platform collaboration tool ? A perfect space for online work","publisher":{"@id":"https:\/\/sales-ai-agents.com\/#organization"},"potentialAction":[{"@type":"SearchAction","target":{"@type":"EntryPoint","urlTemplate":"https:\/\/sales-ai-agents.com\/?s={search_term_string}"},"query-input":{"@type":"PropertyValueSpecification","valueRequired":true,"valueName":"search_term_string"}}],"inLanguage":"de-DE"},{"@type":"Organization","@id":"https:\/\/sales-ai-agents.com\/#organization","name":"FuseBase","url":"https:\/\/sales-ai-agents.com\/","logo":{"@type":"ImageObject","inLanguage":"de-DE","@id":"https:\/\/sales-ai-agents.com\/#\/schema\/logo\/image\/","url":"https:\/\/sales-ai-agents.com\/wp-content\/uploads\/2023\/11\/icon-7.svg","contentUrl":"https:\/\/sales-ai-agents.com\/wp-content\/uploads\/2023\/11\/icon-7.svg","width":128,"height":128,"caption":"FuseBase"},"image":{"@id":"https:\/\/sales-ai-agents.com\/#\/schema\/logo\/image\/"}}]}},"_links":{"self":[{"href":"https:\/\/sales-ai-agents.com\/de\/wp-json\/wp\/v2\/product\/55630","targetHints":{"allow":["GET"]}}],"collection":[{"href":"https:\/\/sales-ai-agents.com\/de\/wp-json\/wp\/v2\/product"}],"about":[{"href":"https:\/\/sales-ai-agents.com\/de\/wp-json\/wp\/v2\/types\/product"}],"wp:featuredmedia":[{"embeddable":true,"href":"https:\/\/sales-ai-agents.com\/de\/wp-json\/wp\/v2\/media\/24885"}],"wp:attachment":[{"href":"https:\/\/sales-ai-agents.com\/de\/wp-json\/wp\/v2\/media?parent=55630"}],"wp:term":[{"taxonomy":"product_brand","embeddable":true,"href":"https:\/\/sales-ai-agents.com\/de\/wp-json\/wp\/v2\/product_brand?post=55630"},{"taxonomy":"product_cat","embeddable":true,"href":"https:\/\/sales-ai-agents.com\/de\/wp-json\/wp\/v2\/product_cat?post=55630"},{"taxonomy":"product_tag","embeddable":true,"href":"https:\/\/sales-ai-agents.com\/de\/wp-json\/wp\/v2\/product_tag?post=55630"}],"curies":[{"name":"wp","href":"https:\/\/api.w.org\/{rel}","templated":true}]}}