{"id":55634,"date":"2022-09-26T12:24:20","date_gmt":"2022-09-26T12:24:20","guid":{"rendered":"https:\/\/sales-ai-agents.com\/templates\/money-saving\/"},"modified":"2023-12-26T15:40:29","modified_gmt":"2023-12-26T15:40:29","slug":"money-saving","status":"publish","type":"product","link":"https:\/\/sales-ai-agents.com\/de\/templates\/money-saving\/","title":{"rendered":"Geldsparen"},"content":{"rendered":"<p>&nbsp;<\/p>\n<h2>Vorlage zum Geldsparen<\/h2>\n<p class=\"desc-text\">Geld zu sparen ist f\u00fcr die meisten Menschen ein gemeinsames Ziel. Auch wenn dies entmutigend erscheinen mag, kann es mit einer einfachen Planung leichter gemacht werden. Verwenden Sie diese Vorlage, um ein gr\u00fcndliches Budget zu erstellen und Ihre Einnahmen und Ausgaben zu verfolgen. Setzen Sie sich Sparziele und planen Sie den genauen Betrag, den Sie einnehmen und ausgeben m\u00fcssen, um Ihr Ziel zu erreichen. Denken Sie \u00fcber Ihre Ziele nach und behalten Sie jeden Monat den \u00dcberblick \u00fcber Ihr Geld.<\/p>\n<h5>Wie zu verwenden:<\/h5>\n<ul class=\"desc-item_list\">\n<li class=\"desc-item_list__point\">Setzen Sie sich jeden Monat ein Sparziel<\/li>\n<li class=\"desc-item_list__point\">Listen Sie Ihre geplanten Ausgaben und Einnahmen auf<\/li>\n<li class=\"desc-item_list__point\">F\u00fcllen Sie die Tabelle mit Ihren tats\u00e4chlichen Ausgaben und Einnahmen aus<\/li>\n<li class=\"desc-item_list__point\">Erstellen Sie f\u00fcr jeden Monat eine neue Tabelle<\/li>\n<\/ul>\n","protected":false},"excerpt":{"rendered":"<p>Geld zu sparen ist f\u00fcr die meisten Menschen ein gemeinsames Ziel. Verwenden Sie diese kostenlose, anpassbare Vorlage, um ein gr\u00fcndliches Budget zu erstellen und Ihre Einnahmen und Ausgaben einfach zu verfolgen.<\/p>\n","protected":false},"featured_media":20445,"template":"","meta":{"_acf_changed":false,"inline_featured_image":false},"product_brand":[],"product_cat":[180,184],"product_tag":[],"class_list":{"0":"post-55634","1":"product","2":"type-product","3":"status-publish","4":"has-post-thumbnail","6":"product_cat-personal","7":"product_cat-personal-money","9":"first","10":"instock","11":"virtual","12":"sold-individually","13":"product-type-simple"},"acf":[],"yoast_head":"<!-- This site is optimized with the Yoast SEO plugin v25.3.1 - https:\/\/yoast.com\/wordpress\/plugins\/seo\/ -->\n<title>Geldsparende Vorlage - Sales AI Agents<\/title>\n<meta name=\"description\" content=\"Geld zu sparen ist f\u00fcr die meisten Menschen ein gemeinsames Ziel. Verwenden Sie diese kostenlose, anpassbare Vorlage, um ein gr\u00fcndliches Budget zu erstellen und Ihre Einnahmen und Ausgaben einfach zu verfolgen.\" \/>\n<meta name=\"robots\" content=\"index, follow, max-snippet:-1, max-image-preview:large, max-video-preview:-1\" \/>\n<link rel=\"canonical\" href=\"https:\/\/sales-ai-agents.com\/de\/templates\/money-saving\/\" \/>\n<meta property=\"og:locale\" content=\"de_DE\" \/>\n<meta property=\"og:type\" content=\"article\" \/>\n<meta property=\"og:title\" content=\"Geldsparende Vorlage - Sales AI Agents\" \/>\n<meta property=\"og:description\" content=\"Geld zu sparen ist f\u00fcr die meisten Menschen ein gemeinsames Ziel. Verwenden Sie diese kostenlose, anpassbare Vorlage, um ein gr\u00fcndliches Budget zu erstellen und Ihre Einnahmen und Ausgaben einfach zu verfolgen.\" \/>\n<meta property=\"og:url\" content=\"https:\/\/sales-ai-agents.com\/de\/templates\/money-saving\/\" \/>\n<meta property=\"og:site_name\" content=\"Sales AI Agents\" \/>\n<meta property=\"article:modified_time\" content=\"2023-12-26T15:40:29+00:00\" \/>\n<meta property=\"og:image\" content=\"https:\/\/sales-ai-agents.com\/wp-content\/uploads\/2023\/01\/image-preview120700.png\" \/>\n\t<meta property=\"og:image:width\" content=\"1078\" \/>\n\t<meta property=\"og:image:height\" content=\"1068\" \/>\n\t<meta property=\"og:image:type\" content=\"image\/png\" \/>\n<meta name=\"twitter:card\" content=\"summary_large_image\" \/>\n<script type=\"application\/ld+json\" class=\"yoast-schema-graph\">{\"@context\":\"https:\/\/schema.org\",\"@graph\":[{\"@type\":\"WebPage\",\"@id\":\"https:\/\/sales-ai-agents.com\/de\/templates\/money-saving\/\",\"url\":\"https:\/\/sales-ai-agents.com\/de\/templates\/money-saving\/\",\"name\":\"Geldsparende Vorlage - Sales AI Agents\",\"isPartOf\":{\"@id\":\"https:\/\/sales-ai-agents.com\/#website\"},\"primaryImageOfPage\":{\"@id\":\"https:\/\/sales-ai-agents.com\/de\/templates\/money-saving\/#primaryimage\"},\"image\":{\"@id\":\"https:\/\/sales-ai-agents.com\/de\/templates\/money-saving\/#primaryimage\"},\"thumbnailUrl\":\"https:\/\/sales-ai-agents.com\/wp-content\/uploads\/2023\/01\/image-preview120700.png\",\"datePublished\":\"2022-09-26T12:24:20+00:00\",\"dateModified\":\"2023-12-26T15:40:29+00:00\",\"description\":\"Geld zu sparen ist f\u00fcr die meisten Menschen ein gemeinsames Ziel. Verwenden Sie diese kostenlose, anpassbare Vorlage, um ein gr\u00fcndliches Budget zu erstellen und Ihre Einnahmen und Ausgaben einfach zu verfolgen.\",\"inLanguage\":\"de-DE\",\"potentialAction\":[{\"@type\":\"ReadAction\",\"target\":[\"https:\/\/sales-ai-agents.com\/de\/templates\/money-saving\/\"]}]},{\"@type\":\"ImageObject\",\"inLanguage\":\"de-DE\",\"@id\":\"https:\/\/sales-ai-agents.com\/de\/templates\/money-saving\/#primaryimage\",\"url\":\"https:\/\/sales-ai-agents.com\/wp-content\/uploads\/2023\/01\/image-preview120700.png\",\"contentUrl\":\"https:\/\/sales-ai-agents.com\/wp-content\/uploads\/2023\/01\/image-preview120700.png\",\"width\":1078,\"height\":1068,\"caption\":\"Money-Saving Template - Nimbus Platform\"},{\"@type\":\"WebSite\",\"@id\":\"https:\/\/sales-ai-agents.com\/#website\",\"url\":\"https:\/\/sales-ai-agents.com\/\",\"name\":\"FuseBase\",\"description\":\"Nimbus Platform - Free Online Collaboration Software for Remote Teams. Build your wikis, client portals and more with the Nimbus Platform collaboration tool ? A perfect space for online work\",\"publisher\":{\"@id\":\"https:\/\/sales-ai-agents.com\/#organization\"},\"potentialAction\":[{\"@type\":\"SearchAction\",\"target\":{\"@type\":\"EntryPoint\",\"urlTemplate\":\"https:\/\/sales-ai-agents.com\/?s={search_term_string}\"},\"query-input\":{\"@type\":\"PropertyValueSpecification\",\"valueRequired\":true,\"valueName\":\"search_term_string\"}}],\"inLanguage\":\"de-DE\"},{\"@type\":\"Organization\",\"@id\":\"https:\/\/sales-ai-agents.com\/#organization\",\"name\":\"FuseBase\",\"url\":\"https:\/\/sales-ai-agents.com\/\",\"logo\":{\"@type\":\"ImageObject\",\"inLanguage\":\"de-DE\",\"@id\":\"https:\/\/sales-ai-agents.com\/#\/schema\/logo\/image\/\",\"url\":\"https:\/\/sales-ai-agents.com\/wp-content\/uploads\/2023\/11\/icon-7.svg\",\"contentUrl\":\"https:\/\/sales-ai-agents.com\/wp-content\/uploads\/2023\/11\/icon-7.svg\",\"width\":128,\"height\":128,\"caption\":\"FuseBase\"},\"image\":{\"@id\":\"https:\/\/sales-ai-agents.com\/#\/schema\/logo\/image\/\"}}]}<\/script>\n<!-- \/ Yoast SEO plugin. -->","yoast_head_json":{"title":"Geldsparende Vorlage - Sales AI Agents","description":"Geld zu sparen ist f\u00fcr die meisten Menschen ein gemeinsames Ziel. Verwenden Sie diese kostenlose, anpassbare Vorlage, um ein gr\u00fcndliches Budget zu erstellen und Ihre Einnahmen und Ausgaben einfach zu verfolgen.","robots":{"index":"index","follow":"follow","max-snippet":"max-snippet:-1","max-image-preview":"max-image-preview:large","max-video-preview":"max-video-preview:-1"},"canonical":"https:\/\/sales-ai-agents.com\/de\/templates\/money-saving\/","og_locale":"de_DE","og_type":"article","og_title":"Geldsparende Vorlage - Sales AI Agents","og_description":"Geld zu sparen ist f\u00fcr die meisten Menschen ein gemeinsames Ziel. Verwenden Sie diese kostenlose, anpassbare Vorlage, um ein gr\u00fcndliches Budget zu erstellen und Ihre Einnahmen und Ausgaben einfach zu verfolgen.","og_url":"https:\/\/sales-ai-agents.com\/de\/templates\/money-saving\/","og_site_name":"Sales AI Agents","article_modified_time":"2023-12-26T15:40:29+00:00","og_image":[{"width":1078,"height":1068,"url":"https:\/\/sales-ai-agents.com\/wp-content\/uploads\/2023\/01\/image-preview120700.png","type":"image\/png"}],"twitter_card":"summary_large_image","schema":{"@context":"https:\/\/schema.org","@graph":[{"@type":"WebPage","@id":"https:\/\/sales-ai-agents.com\/de\/templates\/money-saving\/","url":"https:\/\/sales-ai-agents.com\/de\/templates\/money-saving\/","name":"Geldsparende Vorlage - Sales AI Agents","isPartOf":{"@id":"https:\/\/sales-ai-agents.com\/#website"},"primaryImageOfPage":{"@id":"https:\/\/sales-ai-agents.com\/de\/templates\/money-saving\/#primaryimage"},"image":{"@id":"https:\/\/sales-ai-agents.com\/de\/templates\/money-saving\/#primaryimage"},"thumbnailUrl":"https:\/\/sales-ai-agents.com\/wp-content\/uploads\/2023\/01\/image-preview120700.png","datePublished":"2022-09-26T12:24:20+00:00","dateModified":"2023-12-26T15:40:29+00:00","description":"Geld zu sparen ist f\u00fcr die meisten Menschen ein gemeinsames Ziel. Verwenden Sie diese kostenlose, anpassbare Vorlage, um ein gr\u00fcndliches Budget zu erstellen und Ihre Einnahmen und Ausgaben einfach zu verfolgen.","inLanguage":"de-DE","potentialAction":[{"@type":"ReadAction","target":["https:\/\/sales-ai-agents.com\/de\/templates\/money-saving\/"]}]},{"@type":"ImageObject","inLanguage":"de-DE","@id":"https:\/\/sales-ai-agents.com\/de\/templates\/money-saving\/#primaryimage","url":"https:\/\/sales-ai-agents.com\/wp-content\/uploads\/2023\/01\/image-preview120700.png","contentUrl":"https:\/\/sales-ai-agents.com\/wp-content\/uploads\/2023\/01\/image-preview120700.png","width":1078,"height":1068,"caption":"Money-Saving Template - Nimbus Platform"},{"@type":"WebSite","@id":"https:\/\/sales-ai-agents.com\/#website","url":"https:\/\/sales-ai-agents.com\/","name":"FuseBase","description":"Nimbus Platform - Free Online Collaboration Software for Remote Teams. Build your wikis, client portals and more with the Nimbus Platform collaboration tool ? A perfect space for online work","publisher":{"@id":"https:\/\/sales-ai-agents.com\/#organization"},"potentialAction":[{"@type":"SearchAction","target":{"@type":"EntryPoint","urlTemplate":"https:\/\/sales-ai-agents.com\/?s={search_term_string}"},"query-input":{"@type":"PropertyValueSpecification","valueRequired":true,"valueName":"search_term_string"}}],"inLanguage":"de-DE"},{"@type":"Organization","@id":"https:\/\/sales-ai-agents.com\/#organization","name":"FuseBase","url":"https:\/\/sales-ai-agents.com\/","logo":{"@type":"ImageObject","inLanguage":"de-DE","@id":"https:\/\/sales-ai-agents.com\/#\/schema\/logo\/image\/","url":"https:\/\/sales-ai-agents.com\/wp-content\/uploads\/2023\/11\/icon-7.svg","contentUrl":"https:\/\/sales-ai-agents.com\/wp-content\/uploads\/2023\/11\/icon-7.svg","width":128,"height":128,"caption":"FuseBase"},"image":{"@id":"https:\/\/sales-ai-agents.com\/#\/schema\/logo\/image\/"}}]}},"_links":{"self":[{"href":"https:\/\/sales-ai-agents.com\/de\/wp-json\/wp\/v2\/product\/55634","targetHints":{"allow":["GET"]}}],"collection":[{"href":"https:\/\/sales-ai-agents.com\/de\/wp-json\/wp\/v2\/product"}],"about":[{"href":"https:\/\/sales-ai-agents.com\/de\/wp-json\/wp\/v2\/types\/product"}],"wp:featuredmedia":[{"embeddable":true,"href":"https:\/\/sales-ai-agents.com\/de\/wp-json\/wp\/v2\/media\/20445"}],"wp:attachment":[{"href":"https:\/\/sales-ai-agents.com\/de\/wp-json\/wp\/v2\/media?parent=55634"}],"wp:term":[{"taxonomy":"product_brand","embeddable":true,"href":"https:\/\/sales-ai-agents.com\/de\/wp-json\/wp\/v2\/product_brand?post=55634"},{"taxonomy":"product_cat","embeddable":true,"href":"https:\/\/sales-ai-agents.com\/de\/wp-json\/wp\/v2\/product_cat?post=55634"},{"taxonomy":"product_tag","embeddable":true,"href":"https:\/\/sales-ai-agents.com\/de\/wp-json\/wp\/v2\/product_tag?post=55634"}],"curies":[{"name":"wp","href":"https:\/\/api.w.org\/{rel}","templated":true}]}}