{"id":55640,"date":"2022-09-26T12:24:12","date_gmt":"2022-09-26T12:24:12","guid":{"rendered":"https:\/\/sales-ai-agents.com\/templates\/daily-review\/"},"modified":"2023-12-31T16:51:44","modified_gmt":"2023-12-31T16:51:44","slug":"daily-review","status":"publish","type":"product","link":"https:\/\/sales-ai-agents.com\/de\/templates\/daily-review\/","title":{"rendered":"T\u00e4gliche \u00dcberpr\u00fcfung"},"content":{"rendered":"<p>&nbsp;<\/p>\n<h2>Vorlage f\u00fcr t\u00e4gliche \u00dcberpr\u00fcfung<\/h2>\n<p class=\"desc-text\">Die Einf\u00fchrung der Tagesplanung mit dieser Vorlage f\u00fcr den Tagesr\u00fcckblick in Ihre Routine ist ein einfacher, aber wesentlicher Schritt. Schaffen Sie ein Gleichgewicht in Ihrem Leben &#8211; planen Sie Ihren Tag, verfolgen Sie Ihre Aufgaben und setzen Sie t\u00e4gliche Ziele und Priorit\u00e4ten. Verwenden Sie die Vorlage, um Ihren Tag am Abend Revue passieren zu lassen und den n\u00e4chsten Tag besser zu planen.<\/p>\n<h5>Wie zu verwenden:<\/h5>\n<ul class=\"desc-item_list\">\n<li class=\"desc-item_list__point\">Das Datum des Tages hinzuf\u00fcgen<\/li>\n<li class=\"desc-item_list__point\">Planen Sie Ihren Tagesablauf<\/li>\n<li class=\"desc-item_list__point\">Festlegen der Aufgaben, der obersten Priorit\u00e4ten und des Tagesziels<\/li>\n<li class=\"desc-item_list__point\">Benutzen Sie den Abschnitt &#8222;Tagesr\u00fcckblick&#8220;, um Ihre Energie, Ihren Konzentrationsgrad und die Anzahl der erledigten Aufgaben zu markieren.<\/li>\n<li class=\"desc-item_list__point\">\u00dcberlegen Sie, was Sie von diesem Tag mitnehmen k\u00f6nnen<\/li>\n<\/ul>\n","protected":false},"excerpt":{"rendered":"<p>Schaffen Sie ein Gleichgewicht in Ihrem Leben &#8211; planen Sie Ihren Tag, verfolgen Sie Ihre Aufgaben und setzen Sie sich Ziele. Nutzen Sie die Vorlage, um Ihren Tag Revue passieren zu lassen und den n\u00e4chsten Tag besser zu planen.<\/p>\n","protected":false},"featured_media":26659,"template":"","meta":{"_acf_changed":false,"inline_featured_image":false},"product_brand":[],"product_cat":[179,180],"product_tag":[],"class_list":{"0":"post-55640","1":"product","2":"type-product","3":"status-publish","4":"has-post-thumbnail","6":"product_cat-organizers-planners","7":"product_cat-personal","9":"first","10":"instock","11":"virtual","12":"sold-individually","13":"product-type-simple"},"acf":[],"yoast_head":"<!-- This site is optimized with the Yoast SEO plugin v25.3.1 - https:\/\/yoast.com\/wordpress\/plugins\/seo\/ -->\n<title>Vorlage f\u00fcr den Tagesr\u00fcckblick - Sales AI Agents<\/title>\n<meta name=\"description\" content=\"Schaffen Sie ein Gleichgewicht in Ihrem Leben - planen Sie Ihren Tag, verfolgen Sie Ihre Aufgaben und setzen Sie sich Ziele. Nutzen Sie die Vorlage, um Ihren Tag Revue passieren zu lassen und den n\u00e4chsten Tag besser zu planen.\" \/>\n<meta name=\"robots\" content=\"index, follow, max-snippet:-1, max-image-preview:large, max-video-preview:-1\" \/>\n<link rel=\"canonical\" href=\"https:\/\/sales-ai-agents.com\/de\/templates\/daily-review\/\" \/>\n<meta property=\"og:locale\" content=\"de_DE\" \/>\n<meta property=\"og:type\" content=\"article\" \/>\n<meta property=\"og:title\" content=\"Vorlage f\u00fcr den Tagesr\u00fcckblick - Sales AI Agents\" \/>\n<meta property=\"og:description\" content=\"Schaffen Sie ein Gleichgewicht in Ihrem Leben - planen Sie Ihren Tag, verfolgen Sie Ihre Aufgaben und setzen Sie sich Ziele. Nutzen Sie die Vorlage, um Ihren Tag Revue passieren zu lassen und den n\u00e4chsten Tag besser zu planen.\" \/>\n<meta property=\"og:url\" content=\"https:\/\/sales-ai-agents.com\/de\/templates\/daily-review\/\" \/>\n<meta property=\"og:site_name\" content=\"Sales AI Agents\" \/>\n<meta property=\"article:modified_time\" content=\"2023-12-31T16:51:44+00:00\" \/>\n<meta property=\"og:image\" content=\"https:\/\/sales-ai-agents.com\/wp-content\/uploads\/2022\/09\/Daily-Review-Template.png\" \/>\n\t<meta property=\"og:image:width\" content=\"1700\" \/>\n\t<meta property=\"og:image:height\" content=\"1100\" \/>\n\t<meta property=\"og:image:type\" content=\"image\/png\" \/>\n<meta name=\"twitter:card\" content=\"summary_large_image\" \/>\n<script type=\"application\/ld+json\" class=\"yoast-schema-graph\">{\"@context\":\"https:\/\/schema.org\",\"@graph\":[{\"@type\":\"WebPage\",\"@id\":\"https:\/\/sales-ai-agents.com\/de\/templates\/daily-review\/\",\"url\":\"https:\/\/sales-ai-agents.com\/de\/templates\/daily-review\/\",\"name\":\"Vorlage f\u00fcr den Tagesr\u00fcckblick - Sales AI Agents\",\"isPartOf\":{\"@id\":\"https:\/\/sales-ai-agents.com\/#website\"},\"primaryImageOfPage\":{\"@id\":\"https:\/\/sales-ai-agents.com\/de\/templates\/daily-review\/#primaryimage\"},\"image\":{\"@id\":\"https:\/\/sales-ai-agents.com\/de\/templates\/daily-review\/#primaryimage\"},\"thumbnailUrl\":\"https:\/\/sales-ai-agents.com\/wp-content\/uploads\/2022\/09\/Daily-Review-Template.png\",\"datePublished\":\"2022-09-26T12:24:12+00:00\",\"dateModified\":\"2023-12-31T16:51:44+00:00\",\"description\":\"Schaffen Sie ein Gleichgewicht in Ihrem Leben - planen Sie Ihren Tag, verfolgen Sie Ihre Aufgaben und setzen Sie sich Ziele. Nutzen Sie die Vorlage, um Ihren Tag Revue passieren zu lassen und den n\u00e4chsten Tag besser zu planen.\",\"inLanguage\":\"de-DE\",\"potentialAction\":[{\"@type\":\"ReadAction\",\"target\":[\"https:\/\/sales-ai-agents.com\/de\/templates\/daily-review\/\"]}]},{\"@type\":\"ImageObject\",\"inLanguage\":\"de-DE\",\"@id\":\"https:\/\/sales-ai-agents.com\/de\/templates\/daily-review\/#primaryimage\",\"url\":\"https:\/\/sales-ai-agents.com\/wp-content\/uploads\/2022\/09\/Daily-Review-Template.png\",\"contentUrl\":\"https:\/\/sales-ai-agents.com\/wp-content\/uploads\/2022\/09\/Daily-Review-Template.png\",\"width\":1700,\"height\":1100,\"caption\":\"Create balance in your life - plan your day, follow your tasks, and set goals.\"},{\"@type\":\"WebSite\",\"@id\":\"https:\/\/sales-ai-agents.com\/#website\",\"url\":\"https:\/\/sales-ai-agents.com\/\",\"name\":\"FuseBase\",\"description\":\"Nimbus Platform - Free Online Collaboration Software for Remote Teams. Build your wikis, client portals and more with the Nimbus Platform collaboration tool ? A perfect space for online work\",\"publisher\":{\"@id\":\"https:\/\/sales-ai-agents.com\/#organization\"},\"potentialAction\":[{\"@type\":\"SearchAction\",\"target\":{\"@type\":\"EntryPoint\",\"urlTemplate\":\"https:\/\/sales-ai-agents.com\/?s={search_term_string}\"},\"query-input\":{\"@type\":\"PropertyValueSpecification\",\"valueRequired\":true,\"valueName\":\"search_term_string\"}}],\"inLanguage\":\"de-DE\"},{\"@type\":\"Organization\",\"@id\":\"https:\/\/sales-ai-agents.com\/#organization\",\"name\":\"FuseBase\",\"url\":\"https:\/\/sales-ai-agents.com\/\",\"logo\":{\"@type\":\"ImageObject\",\"inLanguage\":\"de-DE\",\"@id\":\"https:\/\/sales-ai-agents.com\/#\/schema\/logo\/image\/\",\"url\":\"https:\/\/sales-ai-agents.com\/wp-content\/uploads\/2023\/11\/icon-7.svg\",\"contentUrl\":\"https:\/\/sales-ai-agents.com\/wp-content\/uploads\/2023\/11\/icon-7.svg\",\"width\":128,\"height\":128,\"caption\":\"FuseBase\"},\"image\":{\"@id\":\"https:\/\/sales-ai-agents.com\/#\/schema\/logo\/image\/\"}}]}<\/script>\n<!-- \/ Yoast SEO plugin. -->","yoast_head_json":{"title":"Vorlage f\u00fcr den Tagesr\u00fcckblick - Sales AI Agents","description":"Schaffen Sie ein Gleichgewicht in Ihrem Leben - planen Sie Ihren Tag, verfolgen Sie Ihre Aufgaben und setzen Sie sich Ziele. Nutzen Sie die Vorlage, um Ihren Tag Revue passieren zu lassen und den n\u00e4chsten Tag besser zu planen.","robots":{"index":"index","follow":"follow","max-snippet":"max-snippet:-1","max-image-preview":"max-image-preview:large","max-video-preview":"max-video-preview:-1"},"canonical":"https:\/\/sales-ai-agents.com\/de\/templates\/daily-review\/","og_locale":"de_DE","og_type":"article","og_title":"Vorlage f\u00fcr den Tagesr\u00fcckblick - Sales AI Agents","og_description":"Schaffen Sie ein Gleichgewicht in Ihrem Leben - planen Sie Ihren Tag, verfolgen Sie Ihre Aufgaben und setzen Sie sich Ziele. Nutzen Sie die Vorlage, um Ihren Tag Revue passieren zu lassen und den n\u00e4chsten Tag besser zu planen.","og_url":"https:\/\/sales-ai-agents.com\/de\/templates\/daily-review\/","og_site_name":"Sales AI Agents","article_modified_time":"2023-12-31T16:51:44+00:00","og_image":[{"width":1700,"height":1100,"url":"https:\/\/sales-ai-agents.com\/wp-content\/uploads\/2022\/09\/Daily-Review-Template.png","type":"image\/png"}],"twitter_card":"summary_large_image","schema":{"@context":"https:\/\/schema.org","@graph":[{"@type":"WebPage","@id":"https:\/\/sales-ai-agents.com\/de\/templates\/daily-review\/","url":"https:\/\/sales-ai-agents.com\/de\/templates\/daily-review\/","name":"Vorlage f\u00fcr den Tagesr\u00fcckblick - Sales AI Agents","isPartOf":{"@id":"https:\/\/sales-ai-agents.com\/#website"},"primaryImageOfPage":{"@id":"https:\/\/sales-ai-agents.com\/de\/templates\/daily-review\/#primaryimage"},"image":{"@id":"https:\/\/sales-ai-agents.com\/de\/templates\/daily-review\/#primaryimage"},"thumbnailUrl":"https:\/\/sales-ai-agents.com\/wp-content\/uploads\/2022\/09\/Daily-Review-Template.png","datePublished":"2022-09-26T12:24:12+00:00","dateModified":"2023-12-31T16:51:44+00:00","description":"Schaffen Sie ein Gleichgewicht in Ihrem Leben - planen Sie Ihren Tag, verfolgen Sie Ihre Aufgaben und setzen Sie sich Ziele. Nutzen Sie die Vorlage, um Ihren Tag Revue passieren zu lassen und den n\u00e4chsten Tag besser zu planen.","inLanguage":"de-DE","potentialAction":[{"@type":"ReadAction","target":["https:\/\/sales-ai-agents.com\/de\/templates\/daily-review\/"]}]},{"@type":"ImageObject","inLanguage":"de-DE","@id":"https:\/\/sales-ai-agents.com\/de\/templates\/daily-review\/#primaryimage","url":"https:\/\/sales-ai-agents.com\/wp-content\/uploads\/2022\/09\/Daily-Review-Template.png","contentUrl":"https:\/\/sales-ai-agents.com\/wp-content\/uploads\/2022\/09\/Daily-Review-Template.png","width":1700,"height":1100,"caption":"Create balance in your life - plan your day, follow your tasks, and set goals."},{"@type":"WebSite","@id":"https:\/\/sales-ai-agents.com\/#website","url":"https:\/\/sales-ai-agents.com\/","name":"FuseBase","description":"Nimbus Platform - Free Online Collaboration Software for Remote Teams. Build your wikis, client portals and more with the Nimbus Platform collaboration tool ? A perfect space for online work","publisher":{"@id":"https:\/\/sales-ai-agents.com\/#organization"},"potentialAction":[{"@type":"SearchAction","target":{"@type":"EntryPoint","urlTemplate":"https:\/\/sales-ai-agents.com\/?s={search_term_string}"},"query-input":{"@type":"PropertyValueSpecification","valueRequired":true,"valueName":"search_term_string"}}],"inLanguage":"de-DE"},{"@type":"Organization","@id":"https:\/\/sales-ai-agents.com\/#organization","name":"FuseBase","url":"https:\/\/sales-ai-agents.com\/","logo":{"@type":"ImageObject","inLanguage":"de-DE","@id":"https:\/\/sales-ai-agents.com\/#\/schema\/logo\/image\/","url":"https:\/\/sales-ai-agents.com\/wp-content\/uploads\/2023\/11\/icon-7.svg","contentUrl":"https:\/\/sales-ai-agents.com\/wp-content\/uploads\/2023\/11\/icon-7.svg","width":128,"height":128,"caption":"FuseBase"},"image":{"@id":"https:\/\/sales-ai-agents.com\/#\/schema\/logo\/image\/"}}]}},"_links":{"self":[{"href":"https:\/\/sales-ai-agents.com\/de\/wp-json\/wp\/v2\/product\/55640","targetHints":{"allow":["GET"]}}],"collection":[{"href":"https:\/\/sales-ai-agents.com\/de\/wp-json\/wp\/v2\/product"}],"about":[{"href":"https:\/\/sales-ai-agents.com\/de\/wp-json\/wp\/v2\/types\/product"}],"wp:featuredmedia":[{"embeddable":true,"href":"https:\/\/sales-ai-agents.com\/de\/wp-json\/wp\/v2\/media\/26659"}],"wp:attachment":[{"href":"https:\/\/sales-ai-agents.com\/de\/wp-json\/wp\/v2\/media?parent=55640"}],"wp:term":[{"taxonomy":"product_brand","embeddable":true,"href":"https:\/\/sales-ai-agents.com\/de\/wp-json\/wp\/v2\/product_brand?post=55640"},{"taxonomy":"product_cat","embeddable":true,"href":"https:\/\/sales-ai-agents.com\/de\/wp-json\/wp\/v2\/product_cat?post=55640"},{"taxonomy":"product_tag","embeddable":true,"href":"https:\/\/sales-ai-agents.com\/de\/wp-json\/wp\/v2\/product_tag?post=55640"}],"curies":[{"name":"wp","href":"https:\/\/api.w.org\/{rel}","templated":true}]}}