{"id":55649,"date":"2022-09-26T12:24:05","date_gmt":"2022-09-26T12:24:05","guid":{"rendered":"https:\/\/sales-ai-agents.com\/templates\/project-details\/"},"modified":"2023-12-27T14:18:59","modified_gmt":"2023-12-27T14:18:59","slug":"project-details","status":"publish","type":"product","link":"https:\/\/sales-ai-agents.com\/de\/templates\/project-details\/","title":{"rendered":"Details zum Projekt"},"content":{"rendered":"<p>&nbsp;<\/p>\n<h2>Vorlage f\u00fcr Projektdetails<\/h2>\n<p class=\"desc-text\">Mit dieser Projektplanungsvorlage k\u00f6nnen Sie alle wichtigen Schritte an einem Ort organisieren. Definieren Sie Ihr Projekt und die zu erledigenden Aufgaben. Arbeiten Sie mit Ihren Zielen vor Augen. F\u00fchren Sie Ihr Team, setzen Sie Priorit\u00e4ten und achten Sie auf die Einhaltung von Fristen. Halten Sie Ihr Team auf dem Laufenden, damit Sie mehr erreichen k\u00f6nnen.<\/p>\n<h5>Wie zu verwenden:<\/h5>\n<ul class=\"desc-item_list\">\n<li class=\"desc-item_list__point\">Legen Sie Ihre Ziele fest<\/li>\n<li class=\"desc-item_list__point\">Auflistung der wichtigsten Schritte in Ihrem Projekt<\/li>\n<li class=\"desc-item_list__point\">Jedem Teammitglied Arbeit zuweisen<\/li>\n<li class=\"desc-item_list__point\">Hinzuf\u00fcgen von Terminen und Aktualisieren des Status w\u00e4hrend der Arbeit<\/li>\n<li class=\"desc-item_list__point\">Themen in Sitzungen besprechen und Notizen machen<\/li>\n<li class=\"desc-item_list__point\">Erstellen Sie Erinnerungen f\u00fcr wichtige Aktionen, die Sie durchf\u00fchren m\u00fcssen<\/li>\n<\/ul>\n","protected":false},"excerpt":{"rendered":"<p>Mit dieser kostenlosen, anpassbaren Projektplanungsvorlage k\u00f6nnen Sie alle wichtigen Schritte an einem Ort organisieren. Definieren Sie Ihr Projekt und die zu erledigenden Aufgaben.<\/p>\n","protected":false},"featured_media":28421,"template":"","meta":{"_acf_changed":false,"inline_featured_image":false},"product_brand":[],"product_cat":[186,187,191],"product_tag":[],"class_list":{"0":"post-55649","1":"product","2":"type-product","3":"status-publish","4":"has-post-thumbnail","6":"product_cat-product","7":"product_cat-product-documents","8":"product_cat-project-management","10":"first","11":"instock","12":"virtual","13":"sold-individually","14":"product-type-simple"},"acf":[],"yoast_head":"<!-- This site is optimized with the Yoast SEO plugin v25.3.1 - https:\/\/yoast.com\/wordpress\/plugins\/seo\/ -->\n<title>Vorlage f\u00fcr Projektdetails - Sales AI Agents<\/title>\n<meta name=\"description\" content=\"Mit dieser kostenlosen, anpassbaren Projektplanungsvorlage k\u00f6nnen Sie alle wichtigen Schritte an einem Ort organisieren. Definieren Sie Ihr Projekt und die zu erledigenden Aufgaben.\" \/>\n<meta name=\"robots\" content=\"index, follow, max-snippet:-1, max-image-preview:large, max-video-preview:-1\" \/>\n<link rel=\"canonical\" href=\"https:\/\/sales-ai-agents.com\/de\/templates\/project-details\/\" \/>\n<meta property=\"og:locale\" content=\"de_DE\" \/>\n<meta property=\"og:type\" content=\"article\" \/>\n<meta property=\"og:title\" content=\"Vorlage f\u00fcr Projektdetails - Sales AI Agents\" \/>\n<meta property=\"og:description\" content=\"Mit dieser kostenlosen, anpassbaren Projektplanungsvorlage k\u00f6nnen Sie alle wichtigen Schritte an einem Ort organisieren. Definieren Sie Ihr Projekt und die zu erledigenden Aufgaben.\" \/>\n<meta property=\"og:url\" content=\"https:\/\/sales-ai-agents.com\/de\/templates\/project-details\/\" \/>\n<meta property=\"og:site_name\" content=\"Sales AI Agents\" \/>\n<meta property=\"article:modified_time\" content=\"2023-12-27T14:18:59+00:00\" \/>\n<meta property=\"og:image\" content=\"https:\/\/sales-ai-agents.com\/wp-content\/uploads\/2022\/09\/Project-Details-Template.png\" \/>\n\t<meta property=\"og:image:width\" content=\"1700\" \/>\n\t<meta property=\"og:image:height\" content=\"1100\" \/>\n\t<meta property=\"og:image:type\" content=\"image\/png\" \/>\n<meta name=\"twitter:card\" content=\"summary_large_image\" \/>\n<script type=\"application\/ld+json\" class=\"yoast-schema-graph\">{\"@context\":\"https:\/\/schema.org\",\"@graph\":[{\"@type\":\"WebPage\",\"@id\":\"https:\/\/sales-ai-agents.com\/de\/templates\/project-details\/\",\"url\":\"https:\/\/sales-ai-agents.com\/de\/templates\/project-details\/\",\"name\":\"Vorlage f\u00fcr Projektdetails - Sales AI Agents\",\"isPartOf\":{\"@id\":\"https:\/\/sales-ai-agents.com\/#website\"},\"primaryImageOfPage\":{\"@id\":\"https:\/\/sales-ai-agents.com\/de\/templates\/project-details\/#primaryimage\"},\"image\":{\"@id\":\"https:\/\/sales-ai-agents.com\/de\/templates\/project-details\/#primaryimage\"},\"thumbnailUrl\":\"https:\/\/sales-ai-agents.com\/wp-content\/uploads\/2022\/09\/Project-Details-Template.png\",\"datePublished\":\"2022-09-26T12:24:05+00:00\",\"dateModified\":\"2023-12-27T14:18:59+00:00\",\"description\":\"Mit dieser kostenlosen, anpassbaren Projektplanungsvorlage k\u00f6nnen Sie alle wichtigen Schritte an einem Ort organisieren. Definieren Sie Ihr Projekt und die zu erledigenden Aufgaben.\",\"inLanguage\":\"de-DE\",\"potentialAction\":[{\"@type\":\"ReadAction\",\"target\":[\"https:\/\/sales-ai-agents.com\/de\/templates\/project-details\/\"]}]},{\"@type\":\"ImageObject\",\"inLanguage\":\"de-DE\",\"@id\":\"https:\/\/sales-ai-agents.com\/de\/templates\/project-details\/#primaryimage\",\"url\":\"https:\/\/sales-ai-agents.com\/wp-content\/uploads\/2022\/09\/Project-Details-Template.png\",\"contentUrl\":\"https:\/\/sales-ai-agents.com\/wp-content\/uploads\/2022\/09\/Project-Details-Template.png\",\"width\":1700,\"height\":1100,\"caption\":\"With this free customizable project planning template, you can organize all your key steps in one place.\"},{\"@type\":\"WebSite\",\"@id\":\"https:\/\/sales-ai-agents.com\/#website\",\"url\":\"https:\/\/sales-ai-agents.com\/\",\"name\":\"FuseBase\",\"description\":\"Nimbus Platform - Free Online Collaboration Software for Remote Teams. Build your wikis, client portals and more with the Nimbus Platform collaboration tool ? A perfect space for online work\",\"publisher\":{\"@id\":\"https:\/\/sales-ai-agents.com\/#organization\"},\"potentialAction\":[{\"@type\":\"SearchAction\",\"target\":{\"@type\":\"EntryPoint\",\"urlTemplate\":\"https:\/\/sales-ai-agents.com\/?s={search_term_string}\"},\"query-input\":{\"@type\":\"PropertyValueSpecification\",\"valueRequired\":true,\"valueName\":\"search_term_string\"}}],\"inLanguage\":\"de-DE\"},{\"@type\":\"Organization\",\"@id\":\"https:\/\/sales-ai-agents.com\/#organization\",\"name\":\"FuseBase\",\"url\":\"https:\/\/sales-ai-agents.com\/\",\"logo\":{\"@type\":\"ImageObject\",\"inLanguage\":\"de-DE\",\"@id\":\"https:\/\/sales-ai-agents.com\/#\/schema\/logo\/image\/\",\"url\":\"https:\/\/sales-ai-agents.com\/wp-content\/uploads\/2023\/11\/icon-7.svg\",\"contentUrl\":\"https:\/\/sales-ai-agents.com\/wp-content\/uploads\/2023\/11\/icon-7.svg\",\"width\":128,\"height\":128,\"caption\":\"FuseBase\"},\"image\":{\"@id\":\"https:\/\/sales-ai-agents.com\/#\/schema\/logo\/image\/\"}}]}<\/script>\n<!-- \/ Yoast SEO plugin. -->","yoast_head_json":{"title":"Vorlage f\u00fcr Projektdetails - Sales AI Agents","description":"Mit dieser kostenlosen, anpassbaren Projektplanungsvorlage k\u00f6nnen Sie alle wichtigen Schritte an einem Ort organisieren. Definieren Sie Ihr Projekt und die zu erledigenden Aufgaben.","robots":{"index":"index","follow":"follow","max-snippet":"max-snippet:-1","max-image-preview":"max-image-preview:large","max-video-preview":"max-video-preview:-1"},"canonical":"https:\/\/sales-ai-agents.com\/de\/templates\/project-details\/","og_locale":"de_DE","og_type":"article","og_title":"Vorlage f\u00fcr Projektdetails - Sales AI Agents","og_description":"Mit dieser kostenlosen, anpassbaren Projektplanungsvorlage k\u00f6nnen Sie alle wichtigen Schritte an einem Ort organisieren. Definieren Sie Ihr Projekt und die zu erledigenden Aufgaben.","og_url":"https:\/\/sales-ai-agents.com\/de\/templates\/project-details\/","og_site_name":"Sales AI Agents","article_modified_time":"2023-12-27T14:18:59+00:00","og_image":[{"width":1700,"height":1100,"url":"https:\/\/sales-ai-agents.com\/wp-content\/uploads\/2022\/09\/Project-Details-Template.png","type":"image\/png"}],"twitter_card":"summary_large_image","schema":{"@context":"https:\/\/schema.org","@graph":[{"@type":"WebPage","@id":"https:\/\/sales-ai-agents.com\/de\/templates\/project-details\/","url":"https:\/\/sales-ai-agents.com\/de\/templates\/project-details\/","name":"Vorlage f\u00fcr Projektdetails - Sales AI Agents","isPartOf":{"@id":"https:\/\/sales-ai-agents.com\/#website"},"primaryImageOfPage":{"@id":"https:\/\/sales-ai-agents.com\/de\/templates\/project-details\/#primaryimage"},"image":{"@id":"https:\/\/sales-ai-agents.com\/de\/templates\/project-details\/#primaryimage"},"thumbnailUrl":"https:\/\/sales-ai-agents.com\/wp-content\/uploads\/2022\/09\/Project-Details-Template.png","datePublished":"2022-09-26T12:24:05+00:00","dateModified":"2023-12-27T14:18:59+00:00","description":"Mit dieser kostenlosen, anpassbaren Projektplanungsvorlage k\u00f6nnen Sie alle wichtigen Schritte an einem Ort organisieren. Definieren Sie Ihr Projekt und die zu erledigenden Aufgaben.","inLanguage":"de-DE","potentialAction":[{"@type":"ReadAction","target":["https:\/\/sales-ai-agents.com\/de\/templates\/project-details\/"]}]},{"@type":"ImageObject","inLanguage":"de-DE","@id":"https:\/\/sales-ai-agents.com\/de\/templates\/project-details\/#primaryimage","url":"https:\/\/sales-ai-agents.com\/wp-content\/uploads\/2022\/09\/Project-Details-Template.png","contentUrl":"https:\/\/sales-ai-agents.com\/wp-content\/uploads\/2022\/09\/Project-Details-Template.png","width":1700,"height":1100,"caption":"With this free customizable project planning template, you can organize all your key steps in one place."},{"@type":"WebSite","@id":"https:\/\/sales-ai-agents.com\/#website","url":"https:\/\/sales-ai-agents.com\/","name":"FuseBase","description":"Nimbus Platform - Free Online Collaboration Software for Remote Teams. Build your wikis, client portals and more with the Nimbus Platform collaboration tool ? A perfect space for online work","publisher":{"@id":"https:\/\/sales-ai-agents.com\/#organization"},"potentialAction":[{"@type":"SearchAction","target":{"@type":"EntryPoint","urlTemplate":"https:\/\/sales-ai-agents.com\/?s={search_term_string}"},"query-input":{"@type":"PropertyValueSpecification","valueRequired":true,"valueName":"search_term_string"}}],"inLanguage":"de-DE"},{"@type":"Organization","@id":"https:\/\/sales-ai-agents.com\/#organization","name":"FuseBase","url":"https:\/\/sales-ai-agents.com\/","logo":{"@type":"ImageObject","inLanguage":"de-DE","@id":"https:\/\/sales-ai-agents.com\/#\/schema\/logo\/image\/","url":"https:\/\/sales-ai-agents.com\/wp-content\/uploads\/2023\/11\/icon-7.svg","contentUrl":"https:\/\/sales-ai-agents.com\/wp-content\/uploads\/2023\/11\/icon-7.svg","width":128,"height":128,"caption":"FuseBase"},"image":{"@id":"https:\/\/sales-ai-agents.com\/#\/schema\/logo\/image\/"}}]}},"_links":{"self":[{"href":"https:\/\/sales-ai-agents.com\/de\/wp-json\/wp\/v2\/product\/55649","targetHints":{"allow":["GET"]}}],"collection":[{"href":"https:\/\/sales-ai-agents.com\/de\/wp-json\/wp\/v2\/product"}],"about":[{"href":"https:\/\/sales-ai-agents.com\/de\/wp-json\/wp\/v2\/types\/product"}],"wp:featuredmedia":[{"embeddable":true,"href":"https:\/\/sales-ai-agents.com\/de\/wp-json\/wp\/v2\/media\/28421"}],"wp:attachment":[{"href":"https:\/\/sales-ai-agents.com\/de\/wp-json\/wp\/v2\/media?parent=55649"}],"wp:term":[{"taxonomy":"product_brand","embeddable":true,"href":"https:\/\/sales-ai-agents.com\/de\/wp-json\/wp\/v2\/product_brand?post=55649"},{"taxonomy":"product_cat","embeddable":true,"href":"https:\/\/sales-ai-agents.com\/de\/wp-json\/wp\/v2\/product_cat?post=55649"},{"taxonomy":"product_tag","embeddable":true,"href":"https:\/\/sales-ai-agents.com\/de\/wp-json\/wp\/v2\/product_tag?post=55649"}],"curies":[{"name":"wp","href":"https:\/\/api.w.org\/{rel}","templated":true}]}}