{"id":55654,"date":"2022-09-26T12:24:02","date_gmt":"2022-09-26T12:24:02","guid":{"rendered":"https:\/\/sales-ai-agents.com\/templates\/features-release\/"},"modified":"2023-12-26T15:27:45","modified_gmt":"2023-12-26T15:27:45","slug":"features-release","status":"publish","type":"product","link":"https:\/\/sales-ai-agents.com\/de\/templates\/features-release\/","title":{"rendered":"Merkmale Freigabe"},"content":{"rendered":"<p>&nbsp;<\/p>\n<h2>Merkmale Freigabeschablone<\/h2>\n<p class=\"desc-text\">Mit dieser Vorlage, die eine nach Quartal, Monat und Woche gegliederte Tabelle enth\u00e4lt, lassen sich Funktionsfreigaben m\u00fchelos visualisieren. Die K\u00e4stchen in der Tabelle k\u00f6nnen eingef\u00e4rbt werden, um den Fortschritt anzuzeigen, so dass Sie schnell sehen k\u00f6nnen, wo Sie stehen. Teilen Sie diese mit Ihrem Team, damit alle \u00fcber Fortschritte und Zeitpl\u00e4ne auf dem Laufenden sind.<\/p>\n<h5>Wie zu verwenden:<\/h5>\n<ul class=\"desc-item_list\">\n<li class=\"desc-item_list__point\">Merkmale in der Tabelle auflisten<\/li>\n<li class=\"desc-item_list__point\">Planen Sie einen Kalender mit Ihrem Team<\/li>\n<li class=\"desc-item_list__point\">F\u00fcllen Sie jedes Feld aus, um die Woche der Ver\u00f6ffentlichung anzugeben<\/li>\n<li class=\"desc-item_list__point\">Geben Sie Ihrem gesamten Team Zugang<\/li>\n<\/ul>\n","protected":false},"excerpt":{"rendered":"<p>Mit dieser kostenlosen, anpassbaren Vorlage, die eine nach Quartal, Monat und Woche gegliederte Tabelle enth\u00e4lt, k\u00f6nnen Sie Ihre zuk\u00fcnftigen Funktionsversionen m\u00fchelos visualisieren.<\/p>\n","protected":false},"featured_media":20379,"template":"","meta":{"_acf_changed":false,"inline_featured_image":false},"product_brand":[],"product_cat":[186,191],"product_tag":[],"class_list":{"0":"post-55654","1":"product","2":"type-product","3":"status-publish","4":"has-post-thumbnail","6":"product_cat-product","7":"product_cat-project-management","9":"first","10":"instock","11":"virtual","12":"sold-individually","13":"product-type-simple"},"acf":[],"yoast_head":"<!-- This site is optimized with the Yoast SEO plugin v25.3.1 - https:\/\/yoast.com\/wordpress\/plugins\/seo\/ -->\n<title>Merkmale Release Template - Sales AI Agents<\/title>\n<meta name=\"description\" content=\"Mit dieser kostenlosen, anpassbaren Vorlage, die eine nach Quartal, Monat und Woche gegliederte Tabelle enth\u00e4lt, k\u00f6nnen Sie Ihre zuk\u00fcnftigen Funktionsversionen m\u00fchelos visualisieren.\" \/>\n<meta name=\"robots\" content=\"index, follow, max-snippet:-1, max-image-preview:large, max-video-preview:-1\" \/>\n<link rel=\"canonical\" href=\"https:\/\/sales-ai-agents.com\/de\/templates\/features-release\/\" \/>\n<meta property=\"og:locale\" content=\"de_DE\" \/>\n<meta property=\"og:type\" content=\"article\" \/>\n<meta property=\"og:title\" content=\"Merkmale Release Template - Sales AI Agents\" \/>\n<meta property=\"og:description\" content=\"Mit dieser kostenlosen, anpassbaren Vorlage, die eine nach Quartal, Monat und Woche gegliederte Tabelle enth\u00e4lt, k\u00f6nnen Sie Ihre zuk\u00fcnftigen Funktionsversionen m\u00fchelos visualisieren.\" \/>\n<meta property=\"og:url\" content=\"https:\/\/sales-ai-agents.com\/de\/templates\/features-release\/\" \/>\n<meta property=\"og:site_name\" content=\"Sales AI Agents\" \/>\n<meta property=\"article:modified_time\" content=\"2023-12-26T15:27:45+00:00\" \/>\n<meta property=\"og:image\" content=\"https:\/\/sales-ai-agents.com\/wp-content\/uploads\/2023\/01\/image-preview120146.png\" \/>\n\t<meta property=\"og:image:width\" content=\"1078\" \/>\n\t<meta property=\"og:image:height\" content=\"760\" \/>\n\t<meta property=\"og:image:type\" content=\"image\/png\" \/>\n<meta name=\"twitter:card\" content=\"summary_large_image\" \/>\n<script type=\"application\/ld+json\" class=\"yoast-schema-graph\">{\"@context\":\"https:\/\/schema.org\",\"@graph\":[{\"@type\":\"WebPage\",\"@id\":\"https:\/\/sales-ai-agents.com\/de\/templates\/features-release\/\",\"url\":\"https:\/\/sales-ai-agents.com\/de\/templates\/features-release\/\",\"name\":\"Merkmale Release Template - Sales AI Agents\",\"isPartOf\":{\"@id\":\"https:\/\/sales-ai-agents.com\/#website\"},\"primaryImageOfPage\":{\"@id\":\"https:\/\/sales-ai-agents.com\/de\/templates\/features-release\/#primaryimage\"},\"image\":{\"@id\":\"https:\/\/sales-ai-agents.com\/de\/templates\/features-release\/#primaryimage\"},\"thumbnailUrl\":\"https:\/\/sales-ai-agents.com\/wp-content\/uploads\/2023\/01\/image-preview120146.png\",\"datePublished\":\"2022-09-26T12:24:02+00:00\",\"dateModified\":\"2023-12-26T15:27:45+00:00\",\"description\":\"Mit dieser kostenlosen, anpassbaren Vorlage, die eine nach Quartal, Monat und Woche gegliederte Tabelle enth\u00e4lt, k\u00f6nnen Sie Ihre zuk\u00fcnftigen Funktionsversionen m\u00fchelos visualisieren.\",\"inLanguage\":\"de-DE\",\"potentialAction\":[{\"@type\":\"ReadAction\",\"target\":[\"https:\/\/sales-ai-agents.com\/de\/templates\/features-release\/\"]}]},{\"@type\":\"ImageObject\",\"inLanguage\":\"de-DE\",\"@id\":\"https:\/\/sales-ai-agents.com\/de\/templates\/features-release\/#primaryimage\",\"url\":\"https:\/\/sales-ai-agents.com\/wp-content\/uploads\/2023\/01\/image-preview120146.png\",\"contentUrl\":\"https:\/\/sales-ai-agents.com\/wp-content\/uploads\/2023\/01\/image-preview120146.png\",\"width\":1078,\"height\":760,\"caption\":\"Features Release Template - Nimbus Platform\"},{\"@type\":\"WebSite\",\"@id\":\"https:\/\/sales-ai-agents.com\/#website\",\"url\":\"https:\/\/sales-ai-agents.com\/\",\"name\":\"FuseBase\",\"description\":\"Nimbus Platform - Free Online Collaboration Software for Remote Teams. Build your wikis, client portals and more with the Nimbus Platform collaboration tool ? A perfect space for online work\",\"publisher\":{\"@id\":\"https:\/\/sales-ai-agents.com\/#organization\"},\"potentialAction\":[{\"@type\":\"SearchAction\",\"target\":{\"@type\":\"EntryPoint\",\"urlTemplate\":\"https:\/\/sales-ai-agents.com\/?s={search_term_string}\"},\"query-input\":{\"@type\":\"PropertyValueSpecification\",\"valueRequired\":true,\"valueName\":\"search_term_string\"}}],\"inLanguage\":\"de-DE\"},{\"@type\":\"Organization\",\"@id\":\"https:\/\/sales-ai-agents.com\/#organization\",\"name\":\"FuseBase\",\"url\":\"https:\/\/sales-ai-agents.com\/\",\"logo\":{\"@type\":\"ImageObject\",\"inLanguage\":\"de-DE\",\"@id\":\"https:\/\/sales-ai-agents.com\/#\/schema\/logo\/image\/\",\"url\":\"https:\/\/sales-ai-agents.com\/wp-content\/uploads\/2023\/11\/icon-7.svg\",\"contentUrl\":\"https:\/\/sales-ai-agents.com\/wp-content\/uploads\/2023\/11\/icon-7.svg\",\"width\":128,\"height\":128,\"caption\":\"FuseBase\"},\"image\":{\"@id\":\"https:\/\/sales-ai-agents.com\/#\/schema\/logo\/image\/\"}}]}<\/script>\n<!-- \/ Yoast SEO plugin. -->","yoast_head_json":{"title":"Merkmale Release Template - Sales AI Agents","description":"Mit dieser kostenlosen, anpassbaren Vorlage, die eine nach Quartal, Monat und Woche gegliederte Tabelle enth\u00e4lt, k\u00f6nnen Sie Ihre zuk\u00fcnftigen Funktionsversionen m\u00fchelos visualisieren.","robots":{"index":"index","follow":"follow","max-snippet":"max-snippet:-1","max-image-preview":"max-image-preview:large","max-video-preview":"max-video-preview:-1"},"canonical":"https:\/\/sales-ai-agents.com\/de\/templates\/features-release\/","og_locale":"de_DE","og_type":"article","og_title":"Merkmale Release Template - Sales AI Agents","og_description":"Mit dieser kostenlosen, anpassbaren Vorlage, die eine nach Quartal, Monat und Woche gegliederte Tabelle enth\u00e4lt, k\u00f6nnen Sie Ihre zuk\u00fcnftigen Funktionsversionen m\u00fchelos visualisieren.","og_url":"https:\/\/sales-ai-agents.com\/de\/templates\/features-release\/","og_site_name":"Sales AI Agents","article_modified_time":"2023-12-26T15:27:45+00:00","og_image":[{"width":1078,"height":760,"url":"https:\/\/sales-ai-agents.com\/wp-content\/uploads\/2023\/01\/image-preview120146.png","type":"image\/png"}],"twitter_card":"summary_large_image","schema":{"@context":"https:\/\/schema.org","@graph":[{"@type":"WebPage","@id":"https:\/\/sales-ai-agents.com\/de\/templates\/features-release\/","url":"https:\/\/sales-ai-agents.com\/de\/templates\/features-release\/","name":"Merkmale Release Template - Sales AI Agents","isPartOf":{"@id":"https:\/\/sales-ai-agents.com\/#website"},"primaryImageOfPage":{"@id":"https:\/\/sales-ai-agents.com\/de\/templates\/features-release\/#primaryimage"},"image":{"@id":"https:\/\/sales-ai-agents.com\/de\/templates\/features-release\/#primaryimage"},"thumbnailUrl":"https:\/\/sales-ai-agents.com\/wp-content\/uploads\/2023\/01\/image-preview120146.png","datePublished":"2022-09-26T12:24:02+00:00","dateModified":"2023-12-26T15:27:45+00:00","description":"Mit dieser kostenlosen, anpassbaren Vorlage, die eine nach Quartal, Monat und Woche gegliederte Tabelle enth\u00e4lt, k\u00f6nnen Sie Ihre zuk\u00fcnftigen Funktionsversionen m\u00fchelos visualisieren.","inLanguage":"de-DE","potentialAction":[{"@type":"ReadAction","target":["https:\/\/sales-ai-agents.com\/de\/templates\/features-release\/"]}]},{"@type":"ImageObject","inLanguage":"de-DE","@id":"https:\/\/sales-ai-agents.com\/de\/templates\/features-release\/#primaryimage","url":"https:\/\/sales-ai-agents.com\/wp-content\/uploads\/2023\/01\/image-preview120146.png","contentUrl":"https:\/\/sales-ai-agents.com\/wp-content\/uploads\/2023\/01\/image-preview120146.png","width":1078,"height":760,"caption":"Features Release Template - Nimbus Platform"},{"@type":"WebSite","@id":"https:\/\/sales-ai-agents.com\/#website","url":"https:\/\/sales-ai-agents.com\/","name":"FuseBase","description":"Nimbus Platform - Free Online Collaboration Software for Remote Teams. Build your wikis, client portals and more with the Nimbus Platform collaboration tool ? A perfect space for online work","publisher":{"@id":"https:\/\/sales-ai-agents.com\/#organization"},"potentialAction":[{"@type":"SearchAction","target":{"@type":"EntryPoint","urlTemplate":"https:\/\/sales-ai-agents.com\/?s={search_term_string}"},"query-input":{"@type":"PropertyValueSpecification","valueRequired":true,"valueName":"search_term_string"}}],"inLanguage":"de-DE"},{"@type":"Organization","@id":"https:\/\/sales-ai-agents.com\/#organization","name":"FuseBase","url":"https:\/\/sales-ai-agents.com\/","logo":{"@type":"ImageObject","inLanguage":"de-DE","@id":"https:\/\/sales-ai-agents.com\/#\/schema\/logo\/image\/","url":"https:\/\/sales-ai-agents.com\/wp-content\/uploads\/2023\/11\/icon-7.svg","contentUrl":"https:\/\/sales-ai-agents.com\/wp-content\/uploads\/2023\/11\/icon-7.svg","width":128,"height":128,"caption":"FuseBase"},"image":{"@id":"https:\/\/sales-ai-agents.com\/#\/schema\/logo\/image\/"}}]}},"_links":{"self":[{"href":"https:\/\/sales-ai-agents.com\/de\/wp-json\/wp\/v2\/product\/55654","targetHints":{"allow":["GET"]}}],"collection":[{"href":"https:\/\/sales-ai-agents.com\/de\/wp-json\/wp\/v2\/product"}],"about":[{"href":"https:\/\/sales-ai-agents.com\/de\/wp-json\/wp\/v2\/types\/product"}],"wp:featuredmedia":[{"embeddable":true,"href":"https:\/\/sales-ai-agents.com\/de\/wp-json\/wp\/v2\/media\/20379"}],"wp:attachment":[{"href":"https:\/\/sales-ai-agents.com\/de\/wp-json\/wp\/v2\/media?parent=55654"}],"wp:term":[{"taxonomy":"product_brand","embeddable":true,"href":"https:\/\/sales-ai-agents.com\/de\/wp-json\/wp\/v2\/product_brand?post=55654"},{"taxonomy":"product_cat","embeddable":true,"href":"https:\/\/sales-ai-agents.com\/de\/wp-json\/wp\/v2\/product_cat?post=55654"},{"taxonomy":"product_tag","embeddable":true,"href":"https:\/\/sales-ai-agents.com\/de\/wp-json\/wp\/v2\/product_tag?post=55654"}],"curies":[{"name":"wp","href":"https:\/\/api.w.org\/{rel}","templated":true}]}}