{"id":55658,"date":"2022-09-26T12:23:55","date_gmt":"2022-09-26T12:23:55","guid":{"rendered":"https:\/\/sales-ai-agents.com\/templates\/product-document\/"},"modified":"2023-12-31T16:49:03","modified_gmt":"2023-12-31T16:49:03","slug":"product-document","status":"publish","type":"product","link":"https:\/\/sales-ai-agents.com\/de\/templates\/product-document\/","title":{"rendered":"Produktdokument"},"content":{"rendered":"<p>&nbsp;<\/p>\n<h2>Produktdokument-Vorlage<\/h2>\n<p class=\"desc-text\">Die Dokumentation erg\u00e4nzt das Produkt in mehrfacher Hinsicht, indem sie den Absatz steigert. Es werden Produktmerkmale vorgestellt und es wird erl\u00e4utert, wie sie Kundenprobleme l\u00f6sen und die Produktstrategie auf die n\u00e4chste Stufe bringen k\u00f6nnen.<\/p>\n<p>Eine Vorlage f\u00fcr ein Produktdokument wird verwendet, um alle erforderlichen Informationen in Bezug auf die Ware zu dokumentieren, damit die Menschen verstehen, was genau die Ware ist und wie sie das Produkt vom Standpunkt des Nutzens aus erg\u00e4nzen kann. PRD ist die Kurzform einer Produktdokumentenvorlage, die ihre Merkmale und Funktionen beschreibt.<\/p>\n<p>&nbsp;<\/p>\n<h5>Was ist ein Produktdokument?<\/h5>\n<p>PRD ist die Dokumentation, die den Menschen die Produktanforderungen an einem einzigen Ort verst\u00e4ndlich macht. Durch die Platzierung aller zugeh\u00f6rigen Informationen an einem einzigen Ort sollten Personen, die nach Produktinformationen und -merkmalen suchen, nicht verschiedene Seiten durchsuchen m\u00fcssen.<\/p>\n<h5>Der Inhalt eines Produktdokuments<b><br \/>\n<\/b><\/h5>\n<p>Der Inhalt des Produktdokuments ist entscheidend f\u00fcr das systematische Verst\u00e4ndnis der produktbezogenen Informationen. Sie sollte alle Informationen in einer f\u00fcr die Kunden leicht verst\u00e4ndlichen Reihenfolge enthalten. Die Dokumentation der Informationen in der richtigen Reihenfolge ist f\u00fcr den Kunden von Vorteil, da sie genaue Informationen \u00fcber das Produkt enth\u00e4lt. Es werden auch die Vor- und Nachteile angemessen beschrieben, was den Verkauf und das Marketing unterst\u00fctzen kann.<\/p>\n<h5>Ein Produktdokument erstellen<\/h5>\n<p>Die Erstellung einer Dokumentvorlage ist f\u00fcr die Freigabe der Ware an das Publikum unerl\u00e4sslich. Entwerfen Sie w\u00e4hrend der Vorbereitung des Wireframes ein Bild-PRD, um den Bauplan zur Strukturierung des Entwurfs zu kommunizieren. Diese Dokumente dienen als Hilfsmittel f\u00fcr die Kunden bei der Verwendung der Waren und helfen ihnen, eventuelle M\u00e4ngel w\u00e4hrend des Vorgangs zu beheben. Daher ist eine Dokumentation unumg\u00e4nglich.<\/p>\n<p>Im Wesentlichen gibt es drei Arten der Dokumentation, und zwar folgende:<\/p>\n<ol>\n<li aria-level=\"1\">Gedruckte oder elektronische Version der Dokumentation.<\/li>\n<li aria-level=\"1\">Online-Dokumentation.<\/li>\n<li aria-level=\"1\">Software-verkn\u00fcpfte Dokumentation.<\/li>\n<\/ol>\n<p>Bei der Erstellung einer Dokumentvorlage m\u00fcssen die folgenden Details beachtet werden.<\/p>\n<ul>\n<li aria-level=\"1\"><b>Zielpublikum<\/b><\/li>\n<\/ul>\n<p>Bei der Entwicklung der Dokumentvorlage m\u00fcssen Sie wissen, f\u00fcr welche Zielgruppe Sie das Dokument erstellen wollen. Die Dokumentvorlage kann also je nach Benutzer variieren. Ihre Herangehensweise an einen Endbenutzer und einen Administrator wird unterschiedlich sein. Sie k\u00f6nnen sich auf den t\u00e4glichen Endbenutzer-Leitfaden f\u00fcr die Endbenutzer-Vorlage konzentrieren. Im Falle eines Administrators\/Leitprodukts YouTube muss Ihr Schwerpunkt jedoch auf Konfigurationsanweisungen oder einmaligen Aufgaben liegen.<\/p>\n<ul>\n<li aria-level=\"1\"><b>Vereinfachung der Dokumentation<\/b><\/li>\n<\/ul>\n<p>Die Dokumentation muss einfach sein, aber den Kern des Themas treffen. Wenn Sie erkl\u00e4ren wollen, wie Sie die Anwendung starten, beschr\u00e4nken Sie sich auf den Startvorgang und geben Sie nicht alle technischen Informationen an. Durch das Lesen der Startanweisung muss der Client in der Lage sein, das Gadget\/die Anwendung zu starten.<\/p>\n<ul>\n<li aria-level=\"1\"><b>Erw\u00e4gen Sie die Verwendung von Diagrammen<\/b><\/li>\n<\/ul>\n<p>F\u00fcgen Sie Diagramme oder Screenshots mit Beschreibungen ein, um die erforderlichen Informationen zu vermitteln. F\u00fcgen Sie einen Arbeitsablauf ein und stellen Sie Bilder zur Verf\u00fcgung, damit der Kunde versteht, wie die verschiedenen Teile in ihrem jeweiligen Bereich arbeiten. Schreiben Sie auch Notizen auf das Bild, um den Prozess informativer zu gestalten.<\/p>\n<ul>\n<li aria-level=\"1\"><b>Kein Kunde liest die Produktdokumentation &#8211; seien Sie realistisch.<\/b><\/li>\n<\/ul>\n<p>Es ist eine Tatsache, dass Kunden die Dokumentation selten lesen. Bei ungel\u00f6sten Problemen werden sie auf die Dokumentation zur\u00fcckgreifen. Bieten Sie mundgerechte Fehlerbehebungen an, die das Problem schnell beheben und die Wiederaufnahme der Arbeit erleichtern k\u00f6nnen. Erstellen Sie au\u00dferdem ein detailliertes Inhaltsverzeichnis mit einer geeigneten Indexierung, damit der Kunde die Informationen schnell finden kann.<\/p>\n<h5>Was sollte eine Produktdokumentvorlage enthalten?<b><br \/>\n<\/b><\/h5>\n<p>Die folgenden Informationen sind in einer Vorlage f\u00fcr ein Produktdokument unerl\u00e4sslich.<\/p>\n<ul>\n<li aria-level=\"1\">Titel: Er gibt den genauen Namen der Warenvorlage an.<\/li>\n<li aria-level=\"1\">Historie der \u00c4nderungen: Dieser Abschnitt der Vorlage enth\u00e4lt detaillierte Informationen \u00fcber die an der PRD-Vorlage vorgenommenen \u00c4nderungen und die f\u00fcr die \u00c4nderungen verantwortlichen Personen. Au\u00dferdem werden in diesem Abschnitt das Datum und die Uhrzeit der \u00c4nderungen sowie die in die PRD-Vorlage aufgenommenen Informationen aufgef\u00fchrt.<\/li>\n<li aria-level=\"1\">\u00dcberblick: Hier k\u00f6nnen Sie in der Vorlage Angaben zu den Projektzielen und der Verwendung machen.<\/li>\n<li aria-level=\"1\">Erfolgsmetriken: In diesem Teil der Vorlage werden die wichtigsten Leistungsdaten und die zur Erreichung der Projektziele verwendeten Messgr\u00f6\u00dfen aufgef\u00fchrt.<\/li>\n<li aria-level=\"1\">Botschaften der Marketingkampagne: Hier k\u00f6nnen Sie in der Vorlage die Marketingbotschaften und die Art und Weise, wie sie den Kunden vorgestellt werden, beschreiben.<\/li>\n<li aria-level=\"1\">Zeitplan und Ver\u00f6ffentlichungsplanung: In diesem Abschnitt der Vorlage k\u00f6nnen Sie einen pr\u00e4zisen Zeitplan f\u00fcr die Markteinf\u00fchrung und die Marketingplanung erstellen.<\/li>\n<li aria-level=\"1\">Zielkunden: In diesem Abschnitt der Vorlage werden die Zielkunden mit einigen wichtigen Informationen genannt.<\/li>\n<li aria-level=\"1\">Benutzersituation: In diesem Abschnitt der Vorlage werden die Benutzerszenarien und die Umst\u00e4nde erl\u00e4utert, unter denen ein potenzieller Kunde die Vorlage verwenden wird.<\/li>\n<li aria-level=\"1\">Benutzer-Feedback: In diesem Abschnitt wird erl\u00e4utert, warum und wie das Kundenfeedback zu den \u00c4nderungen beigetragen hat.<\/li>\n<li aria-level=\"1\">Nicht ge\u00e4nderte Funktionen: Den Grund f\u00fcr die Nichtvornahme von \u00c4nderungen k\u00f6nnen Sie hier nachlesen.<\/li>\n<li aria-level=\"1\">Konstruktionsdetails: Dieser Abschnitt enth\u00e4lt detaillierte Grafiken oder Zeichnungen, Links zu den urspr\u00fcnglichen Entwurfsdetails und Informationen \u00fcber die Verf\u00fcgbarkeit von Originalzeichnungen.<\/li>\n<li aria-level=\"1\">Anhaltende Probleme: Es erm\u00f6glicht den Kunden, die Probleme zu untersuchen, und die Kunden k\u00f6nnen ihr Feedback weitergeben, da das Unternehmen immer noch nach Feedback sucht, um die notwendigen \u00c4nderungen und Anpassungen vorzunehmen. Sie k\u00f6nnen auch Vorkehrungen f\u00fcr unbekannte Kommentare treffen, die ebenfalls dazu beitragen k\u00f6nnen, \u00c4nderungen vorzunehmen.<\/li>\n<li aria-level=\"1\">FAQ: Im Abschnitt FAQ finden Sie die h\u00e4ufigsten Fragen und Antworten. So k\u00f6nnen die Kunden selbst L\u00f6sungen finden, anstatt sich an das Unternehmen zu wenden.<\/li>\n<li aria-level=\"1\">Allgemeine Informationen: In diesem Abschnitt kann der Benutzer der Produktvorlage die Entscheidungen niederschreiben, die zur Streichung gef\u00fchrt haben, oder den Umfang des Projekts angeben.<\/li>\n<\/ul>\n<h5>Wie funktioniert das Produktdokument?<\/h5>\n<p>Die Produktdokumentation tr\u00e4gt dazu bei, den Mehrwert zu erh\u00f6hen. Es hilft dem Kunden, die Verwendung des Produkts zu verstehen.<\/p>\n<p>Die Dokumentation hilft dem Kunden, das Produkt mit all seinen Funktionen effektiv zu nutzen. Es hilft, das volle Potenzial der Ware zu erschlie\u00dfen. Es wird auch dazu beitragen, ein tiefes Verst\u00e4ndnis der verschiedenen Methoden zur Verwendung des Produkts zu vermitteln. So tr\u00e4gt die Dokumentation dazu bei, dass das Potenzial der Produkte voll ausgesch\u00f6pft werden kann.<\/p>\n<p>Wenn ein Kunde mehr \u00fcber seine Versorgungseinrichtungen wei\u00df, wird er Vertrauen fassen und bei einer bestimmten Marke und einem bestimmten Modell bleiben. Eine professionell erstellte Dokumentation kann das Vertrauen des Kunden st\u00e4rken. Die Dokumentation wird dem Benutzer helfen, die Qualit\u00e4t der Software zu verstehen.<\/p>\n<p>Eine ausf\u00fchrliche Dokumentation tr\u00e4gt zur Umsatzsteigerung bei. Dadurch wird der Vertrauensquotient des Kunden erh\u00f6ht, und positives Feedback tr\u00e4gt dazu bei, mehr Kunden zu gewinnen. Produktschulen und Produkt-YouTube helfen auch dabei, mehr \u00fcber den systematischen Dokumentationsprozess zu erfahren.<\/p>\n<p>Ein sorgf\u00e4ltig ausgearbeitetes Dokument zeugt von der Professionalit\u00e4t des Unternehmens. Selten liest ein Kunde die gesamte Dokumentation, bis er ein Problem mit der Ware l\u00f6sen kann. Eine professionell erstellte Dokumentation hilft, l\u00e4stige Probleme zu l\u00f6sen.<\/p>\n<h5>Die Struktur eines Produktdokuments<\/h5>\n<p>Eine gute Struktur eines Dokuments muss so einfach wie m\u00f6glich sein und sollte nicht mehr als eine Seite umfassen. Sie sollten nur das hinzuf\u00fcgen, was f\u00fcr die Kunden notwendig ist. Zu viele Informationen und lange Dokumente, die sich \u00fcber mehrere Seiten erstrecken, machen die Absicht des Produktdokuments zunichte. Wenn das Dokument zu klein ist, wird es seinen Zweck nicht erf\u00fcllen, da es nicht alle wichtigen Informationen enth\u00e4lt, die auf dem Dokument enthalten sein m\u00fcssen. Daher m\u00fcssen die folgenden Informationen in die Struktur des Dokuments aufgenommen werden.<\/p>\n<p>Die Struktur eines PRD beginnt in der Regel mit einem Titel, der den Namen des Projekts, den Projektcode (falls vorhanden), den Namen des Unternehmens, die Abteilung, den Namen der verantwortlichen Person(en), das Datum und die Versionsnummer enth\u00e4lt.<\/p>\n<p>Der Einleitungsteil muss den Grund f\u00fcr die Projektentwicklung und den Kontext des Produkts beschreiben. Sie m\u00fcssen den Erfolg der Produktentwicklung zusammen mit der Zielsetzung der Entwicklung in den Text schreiben. Au\u00dferdem m\u00fcssen Leistungsindikatoren, Erfolgskennzahlen und der Zeitrahmen f\u00fcr die Durchf\u00fchrung des Projekts festgelegt werden.<\/p>\n<p>Nach den oben genannten Informationen muss das PRD die Quellen der Anforderungen enthalten. Er muss die R\u00fcckmeldungen, Vorschl\u00e4ge und Empfehlungen des Marktes enthalten, die zur Neugestaltung gef\u00fchrt haben.<\/p>\n<p>Die PRD-Struktur l\u00e4sst sich wie folgt zusammenfassen:<\/p>\n<p>&nbsp;<\/p>\n<p><b>Titel:<\/b><\/p>\n<ul>\n<li aria-level=\"1\">Name des Projekts<\/li>\n<li aria-level=\"1\">Code des Projekts<\/li>\n<li aria-level=\"1\">Produktmanager\/Verantwortliche<\/li>\n<li aria-level=\"1\">Datum<\/li>\n<li aria-level=\"1\">Dokument PRD-Freigabeversion<\/li>\n<\/ul>\n<p>&nbsp;<\/p>\n<p><b>Einleitung:<\/b><\/p>\n<ul>\n<li aria-level=\"1\">Zusammengefasster Grund<\/li>\n<li aria-level=\"1\">Benutzeranforderungen oder Probleme<\/li>\n<\/ul>\n<p>&nbsp;<\/p>\n<p><b>Zielsetzungen:<\/b><\/p>\n<ul>\n<li aria-level=\"1\">Vision<\/li>\n<li aria-level=\"1\">Kurzes Ziel<\/li>\n<li aria-level=\"1\">Positionierung<\/li>\n<\/ul>\n<p>&nbsp;<\/p>\n<p><b>Interessierte Kreise:<\/b><\/p>\n<ul>\n<li aria-level=\"1\">Kunden<\/li>\n<li aria-level=\"1\">Eink\u00e4ufer<\/li>\n<li aria-level=\"1\">Hersteller<\/li>\n<li aria-level=\"1\">Kundenbetreuung<\/li>\n<li aria-level=\"1\">Verkaufsteam<\/li>\n<li aria-level=\"1\">Externe Partner<\/li>\n<li aria-level=\"1\">Regulierungsstelle<\/li>\n<li aria-level=\"1\">Einzelh\u00e4ndler<\/li>\n<li aria-level=\"1\">Etc.<\/li>\n<\/ul>\n<p>&nbsp;<\/p>\n<p><b>Feedback-Informationen:<\/b><\/p>\n<ul>\n<li aria-level=\"1\">Platzhalter-Kommentare 1<\/li>\n<li aria-level=\"1\">Platzhalter-Kommentare 2<\/li>\n<\/ul>\n<p>&nbsp;<\/p>\n<p><b>Aspekte:<\/b><\/p>\n<ul>\n<li aria-level=\"1\">Materialien\/Hardware<\/li>\n<li aria-level=\"1\">Software<\/li>\n<li aria-level=\"1\">Entwurf\/Zeichnung<\/li>\n<li aria-level=\"1\">Benutzererfahrung\/Feedback<\/li>\n<li aria-level=\"1\">Interaktivit\u00e4t\/Kommunikation<\/li>\n<li aria-level=\"1\">Personalisierung<\/li>\n<li aria-level=\"1\">Herstellung<\/li>\n<li aria-level=\"1\">Verordnungen<\/li>\n<li aria-level=\"1\">Etc.<\/li>\n<\/ul>\n<p>&nbsp;<\/p>\n<p><b>Fragen\/FAQ:<\/b><\/p>\n<ul>\n<li aria-level=\"1\">Vom Kunden gestellte Fragen<\/li>\n<li aria-level=\"1\">Von unbekannten Quellen erhaltene Fragen<\/li>\n<li aria-level=\"1\">FAQ beantwortet mit L\u00f6sungen<\/li>\n<\/ul>\n<p>&nbsp;<\/p>\n<p><b>Meilensteine:<\/b><\/p>\n<ul>\n<li aria-level=\"1\">Vorl\u00e4ufiges Datum der Ver\u00f6ffentlichung<\/li>\n<\/ul>\n<p>&nbsp;<\/p>\n<p><b>Ressourcen:<\/b><\/p>\n<ul>\n<li aria-level=\"1\">Quellenangaben zu den Informationen<\/li>\n<li aria-level=\"1\">F\u00fcr die \u00c4nderung verwendete Ressourcen<\/li>\n<\/ul>\n<p>&nbsp;<\/p>\n<p><b>Anh\u00e4nge\/Annexe:<\/b><\/p>\n<ul>\n<li aria-level=\"1\">Details zur Benutzerlizenz<\/li>\n<\/ul>\n<p>&nbsp;<\/p>\n<p><b>Glossar:<\/b><\/p>\n<ul>\n<li aria-level=\"1\">Begriffe erkl\u00e4rt<\/li>\n<\/ul>\n<h5>Warum brauchen Sie ein Produktdokument?<\/h5>\n<p>Die Dokumentation ist unerl\u00e4sslich, um die Ware f\u00fcr die Freigabe vorzubereiten. Sie hilft den Kunden bei der korrekten Nutzung und der Behebung von Problemen, falls diese auftreten. Auch wenn die Dokumentation je nach Art der Ware variieren kann, ist sie ein verbindliches Dokument f\u00fcr die effiziente Nutzung der Ware.<\/p>\n<h5>Schlussfolgerung:<b><br \/>\n<\/b><\/h5>\n<p>PRD ist ein wesentlicher Bestandteil der Dokumentation von Renovierungs-, Umgestaltungs- oder Entwicklungsprojekten. Bei der Entwicklung einer PRD-Vorlage m\u00fcssen alle relevanten Informationen in einem einfachen Format enthalten sein, ohne dass davon ausgegangen wird, dass die Kunden sie lesen w\u00fcrden, auch nicht zu akademischen Zwecken, es sei denn, es handelt sich um ein pers\u00f6nliches Produkt. Gestalten Sie daher die Dokumentation so einfach wie m\u00f6glich und mit relevanten Informationen.<\/p>\n<h5>Wie zu verwenden:<\/h5>\n<ul class=\"desc-item_list\">\n<li class=\"desc-item_list__point\">Geben Sie Einzelheiten zu Ihren Zielen und Absichten an<\/li>\n<li class=\"desc-item_list__point\">Details \u00fcber die Produktfreigabe einf\u00fcgen<\/li>\n<li class=\"desc-item_list__point\">Beschreiben Sie die verschiedenen Merkmale und ihren Zweck<\/li>\n<li class=\"desc-item_list__point\">Anh\u00e4ngen von Entw\u00fcrfen, Wireframes und anderen Bildern<\/li>\n<li class=\"desc-item_list__point\">Verfolgen Sie Ihre Leistung mit Meilensteinen<\/li>\n<\/ul>\n","protected":false},"excerpt":{"rendered":"<p>Mit dieser Vorlage wird der Grundstein f\u00fcr ein erfolgreiches Produkt oder eine erfolgreiche Anwendung gelegt. Geben Sie wichtige Informationen wie Ihre Ziele, Zielsetzungen, Strategien und Zielnutzer an.<\/p>\n","protected":false},"featured_media":25381,"template":"","meta":{"_acf_changed":false,"inline_featured_image":false},"product_brand":[],"product_cat":[186,187],"product_tag":[],"class_list":{"0":"post-55658","1":"product","2":"type-product","3":"status-publish","4":"has-post-thumbnail","6":"product_cat-product","7":"product_cat-product-documents","9":"first","10":"instock","11":"downloadable","12":"virtual","13":"sold-individually","14":"product-type-simple"},"acf":[],"yoast_head":"<!-- This site is optimized with the Yoast SEO plugin v25.3.1 - https:\/\/yoast.com\/wordpress\/plugins\/seo\/ -->\n<title>Produktanforderungsdokument-Vorlage - Sales AI Agents<\/title>\n<meta name=\"description\" content=\"Mit dieser Vorlage wird der Grundstein f\u00fcr ein erfolgreiches Produkt oder eine erfolgreiche Anwendung gelegt. Geben Sie wichtige Informationen an - Ihre Ziele, Zielsetzungen, Strategien und Zielnutzer.\" \/>\n<meta name=\"robots\" content=\"index, follow, max-snippet:-1, max-image-preview:large, max-video-preview:-1\" \/>\n<link rel=\"canonical\" href=\"https:\/\/sales-ai-agents.com\/de\/templates\/product-document\/\" \/>\n<meta property=\"og:locale\" content=\"de_DE\" \/>\n<meta property=\"og:type\" content=\"article\" \/>\n<meta property=\"og:title\" content=\"Produktanforderungsdokument-Vorlage - Sales AI Agents\" \/>\n<meta property=\"og:description\" content=\"Mit dieser Vorlage wird der Grundstein f\u00fcr ein erfolgreiches Produkt oder eine erfolgreiche Anwendung gelegt. Geben Sie wichtige Informationen an - Ihre Ziele, Zielsetzungen, Strategien und Zielnutzer.\" \/>\n<meta property=\"og:url\" content=\"https:\/\/sales-ai-agents.com\/de\/templates\/product-document\/\" \/>\n<meta property=\"og:site_name\" content=\"Sales AI Agents\" \/>\n<meta property=\"article:modified_time\" content=\"2023-12-31T16:49:03+00:00\" \/>\n<meta property=\"og:image\" content=\"https:\/\/sales-ai-agents.com\/wp-content\/uploads\/2022\/09\/Product-Document-Template-1.png\" \/>\n\t<meta property=\"og:image:width\" content=\"1700\" \/>\n\t<meta property=\"og:image:height\" content=\"1100\" \/>\n\t<meta property=\"og:image:type\" content=\"image\/png\" \/>\n<meta name=\"twitter:card\" content=\"summary_large_image\" \/>\n<script type=\"application\/ld+json\" class=\"yoast-schema-graph\">{\"@context\":\"https:\/\/schema.org\",\"@graph\":[{\"@type\":\"WebPage\",\"@id\":\"https:\/\/sales-ai-agents.com\/de\/templates\/product-document\/\",\"url\":\"https:\/\/sales-ai-agents.com\/de\/templates\/product-document\/\",\"name\":\"Produktanforderungsdokument-Vorlage - Sales AI Agents\",\"isPartOf\":{\"@id\":\"https:\/\/sales-ai-agents.com\/#website\"},\"primaryImageOfPage\":{\"@id\":\"https:\/\/sales-ai-agents.com\/de\/templates\/product-document\/#primaryimage\"},\"image\":{\"@id\":\"https:\/\/sales-ai-agents.com\/de\/templates\/product-document\/#primaryimage\"},\"thumbnailUrl\":\"https:\/\/sales-ai-agents.com\/wp-content\/uploads\/2022\/09\/Product-Document-Template-1.png\",\"datePublished\":\"2022-09-26T12:23:55+00:00\",\"dateModified\":\"2023-12-31T16:49:03+00:00\",\"description\":\"Mit dieser Vorlage wird der Grundstein f\u00fcr ein erfolgreiches Produkt oder eine erfolgreiche Anwendung gelegt. Geben Sie wichtige Informationen an - Ihre Ziele, Zielsetzungen, Strategien und Zielnutzer.\",\"inLanguage\":\"de-DE\",\"potentialAction\":[{\"@type\":\"ReadAction\",\"target\":[\"https:\/\/sales-ai-agents.com\/de\/templates\/product-document\/\"]}]},{\"@type\":\"ImageObject\",\"inLanguage\":\"de-DE\",\"@id\":\"https:\/\/sales-ai-agents.com\/de\/templates\/product-document\/#primaryimage\",\"url\":\"https:\/\/sales-ai-agents.com\/wp-content\/uploads\/2022\/09\/Product-Document-Template-1.png\",\"contentUrl\":\"https:\/\/sales-ai-agents.com\/wp-content\/uploads\/2022\/09\/Product-Document-Template-1.png\",\"width\":1700,\"height\":1100,\"caption\":\"This template lays the ground for a successful product or application. Include vital information such as your goals, objectives, strategies, and target users.\"},{\"@type\":\"WebSite\",\"@id\":\"https:\/\/sales-ai-agents.com\/#website\",\"url\":\"https:\/\/sales-ai-agents.com\/\",\"name\":\"FuseBase\",\"description\":\"Nimbus Platform - Free Online Collaboration Software for Remote Teams. Build your wikis, client portals and more with the Nimbus Platform collaboration tool ? A perfect space for online work\",\"publisher\":{\"@id\":\"https:\/\/sales-ai-agents.com\/#organization\"},\"potentialAction\":[{\"@type\":\"SearchAction\",\"target\":{\"@type\":\"EntryPoint\",\"urlTemplate\":\"https:\/\/sales-ai-agents.com\/?s={search_term_string}\"},\"query-input\":{\"@type\":\"PropertyValueSpecification\",\"valueRequired\":true,\"valueName\":\"search_term_string\"}}],\"inLanguage\":\"de-DE\"},{\"@type\":\"Organization\",\"@id\":\"https:\/\/sales-ai-agents.com\/#organization\",\"name\":\"FuseBase\",\"url\":\"https:\/\/sales-ai-agents.com\/\",\"logo\":{\"@type\":\"ImageObject\",\"inLanguage\":\"de-DE\",\"@id\":\"https:\/\/sales-ai-agents.com\/#\/schema\/logo\/image\/\",\"url\":\"https:\/\/sales-ai-agents.com\/wp-content\/uploads\/2023\/11\/icon-7.svg\",\"contentUrl\":\"https:\/\/sales-ai-agents.com\/wp-content\/uploads\/2023\/11\/icon-7.svg\",\"width\":128,\"height\":128,\"caption\":\"FuseBase\"},\"image\":{\"@id\":\"https:\/\/sales-ai-agents.com\/#\/schema\/logo\/image\/\"}}]}<\/script>\n<!-- \/ Yoast SEO plugin. -->","yoast_head_json":{"title":"Produktanforderungsdokument-Vorlage - Sales AI Agents","description":"Mit dieser Vorlage wird der Grundstein f\u00fcr ein erfolgreiches Produkt oder eine erfolgreiche Anwendung gelegt. Geben Sie wichtige Informationen an - Ihre Ziele, Zielsetzungen, Strategien und Zielnutzer.","robots":{"index":"index","follow":"follow","max-snippet":"max-snippet:-1","max-image-preview":"max-image-preview:large","max-video-preview":"max-video-preview:-1"},"canonical":"https:\/\/sales-ai-agents.com\/de\/templates\/product-document\/","og_locale":"de_DE","og_type":"article","og_title":"Produktanforderungsdokument-Vorlage - Sales AI Agents","og_description":"Mit dieser Vorlage wird der Grundstein f\u00fcr ein erfolgreiches Produkt oder eine erfolgreiche Anwendung gelegt. Geben Sie wichtige Informationen an - Ihre Ziele, Zielsetzungen, Strategien und Zielnutzer.","og_url":"https:\/\/sales-ai-agents.com\/de\/templates\/product-document\/","og_site_name":"Sales AI Agents","article_modified_time":"2023-12-31T16:49:03+00:00","og_image":[{"width":1700,"height":1100,"url":"https:\/\/sales-ai-agents.com\/wp-content\/uploads\/2022\/09\/Product-Document-Template-1.png","type":"image\/png"}],"twitter_card":"summary_large_image","schema":{"@context":"https:\/\/schema.org","@graph":[{"@type":"WebPage","@id":"https:\/\/sales-ai-agents.com\/de\/templates\/product-document\/","url":"https:\/\/sales-ai-agents.com\/de\/templates\/product-document\/","name":"Produktanforderungsdokument-Vorlage - Sales AI Agents","isPartOf":{"@id":"https:\/\/sales-ai-agents.com\/#website"},"primaryImageOfPage":{"@id":"https:\/\/sales-ai-agents.com\/de\/templates\/product-document\/#primaryimage"},"image":{"@id":"https:\/\/sales-ai-agents.com\/de\/templates\/product-document\/#primaryimage"},"thumbnailUrl":"https:\/\/sales-ai-agents.com\/wp-content\/uploads\/2022\/09\/Product-Document-Template-1.png","datePublished":"2022-09-26T12:23:55+00:00","dateModified":"2023-12-31T16:49:03+00:00","description":"Mit dieser Vorlage wird der Grundstein f\u00fcr ein erfolgreiches Produkt oder eine erfolgreiche Anwendung gelegt. Geben Sie wichtige Informationen an - Ihre Ziele, Zielsetzungen, Strategien und Zielnutzer.","inLanguage":"de-DE","potentialAction":[{"@type":"ReadAction","target":["https:\/\/sales-ai-agents.com\/de\/templates\/product-document\/"]}]},{"@type":"ImageObject","inLanguage":"de-DE","@id":"https:\/\/sales-ai-agents.com\/de\/templates\/product-document\/#primaryimage","url":"https:\/\/sales-ai-agents.com\/wp-content\/uploads\/2022\/09\/Product-Document-Template-1.png","contentUrl":"https:\/\/sales-ai-agents.com\/wp-content\/uploads\/2022\/09\/Product-Document-Template-1.png","width":1700,"height":1100,"caption":"This template lays the ground for a successful product or application. Include vital information such as your goals, objectives, strategies, and target users."},{"@type":"WebSite","@id":"https:\/\/sales-ai-agents.com\/#website","url":"https:\/\/sales-ai-agents.com\/","name":"FuseBase","description":"Nimbus Platform - Free Online Collaboration Software for Remote Teams. Build your wikis, client portals and more with the Nimbus Platform collaboration tool ? A perfect space for online work","publisher":{"@id":"https:\/\/sales-ai-agents.com\/#organization"},"potentialAction":[{"@type":"SearchAction","target":{"@type":"EntryPoint","urlTemplate":"https:\/\/sales-ai-agents.com\/?s={search_term_string}"},"query-input":{"@type":"PropertyValueSpecification","valueRequired":true,"valueName":"search_term_string"}}],"inLanguage":"de-DE"},{"@type":"Organization","@id":"https:\/\/sales-ai-agents.com\/#organization","name":"FuseBase","url":"https:\/\/sales-ai-agents.com\/","logo":{"@type":"ImageObject","inLanguage":"de-DE","@id":"https:\/\/sales-ai-agents.com\/#\/schema\/logo\/image\/","url":"https:\/\/sales-ai-agents.com\/wp-content\/uploads\/2023\/11\/icon-7.svg","contentUrl":"https:\/\/sales-ai-agents.com\/wp-content\/uploads\/2023\/11\/icon-7.svg","width":128,"height":128,"caption":"FuseBase"},"image":{"@id":"https:\/\/sales-ai-agents.com\/#\/schema\/logo\/image\/"}}]}},"_links":{"self":[{"href":"https:\/\/sales-ai-agents.com\/de\/wp-json\/wp\/v2\/product\/55658","targetHints":{"allow":["GET"]}}],"collection":[{"href":"https:\/\/sales-ai-agents.com\/de\/wp-json\/wp\/v2\/product"}],"about":[{"href":"https:\/\/sales-ai-agents.com\/de\/wp-json\/wp\/v2\/types\/product"}],"wp:featuredmedia":[{"embeddable":true,"href":"https:\/\/sales-ai-agents.com\/de\/wp-json\/wp\/v2\/media\/25381"}],"wp:attachment":[{"href":"https:\/\/sales-ai-agents.com\/de\/wp-json\/wp\/v2\/media?parent=55658"}],"wp:term":[{"taxonomy":"product_brand","embeddable":true,"href":"https:\/\/sales-ai-agents.com\/de\/wp-json\/wp\/v2\/product_brand?post=55658"},{"taxonomy":"product_cat","embeddable":true,"href":"https:\/\/sales-ai-agents.com\/de\/wp-json\/wp\/v2\/product_cat?post=55658"},{"taxonomy":"product_tag","embeddable":true,"href":"https:\/\/sales-ai-agents.com\/de\/wp-json\/wp\/v2\/product_tag?post=55658"}],"curies":[{"name":"wp","href":"https:\/\/api.w.org\/{rel}","templated":true}]}}