{"id":55664,"date":"2022-09-26T12:23:51","date_gmt":"2022-09-26T12:23:51","guid":{"rendered":"https:\/\/sales-ai-agents.com\/templates\/interview-evaluation-questions\/"},"modified":"2023-12-31T17:15:21","modified_gmt":"2023-12-31T17:15:21","slug":"interview-evaluation-questions","status":"publish","type":"product","link":"https:\/\/sales-ai-agents.com\/de\/templates\/interview-evaluation-questions\/","title":{"rendered":"Fragen zur Bewertung des Interviews"},"content":{"rendered":"<p>&nbsp;<\/p>\n<h2>Interview Bewertung Fragen Vorlage<\/h2>\n<p class=\"desc-text\">Die Bewertung von Vorstellungsgespr\u00e4chen hilft Ihnen zu beurteilen, ob ein Bewerber f\u00fcr Ihr Team geeignet ist oder nicht. Diese Vorlage erm\u00f6glicht es Ihnen, die Bewerber anhand einheitlicher und strukturierter Fragen und Kriterien zu beurteilen. Verwenden Sie dieses Dokument bei Vorstellungsgespr\u00e4chen, um die richtigen Fragen zu stellen und Ihre Bewertungsentscheidungen klar zu begr\u00fcnden. Durch eine effektive Planung der Vorstellungsgespr\u00e4che k\u00f6nnen Sie verl\u00e4ssliche Bewertungsstandards einhalten und potenzielle Voreingenommenheit bei der Einstellung ausschlie\u00dfen.<\/p>\n<h5>Wie zu verwenden:<\/h5>\n<ul class=\"desc-item_list\">\n<li class=\"desc-item_list__point\">Liste der Interviewfragen<\/li>\n<li class=\"desc-item_list__point\">Beachten Sie die F\u00e4higkeiten und Bereiche, die bei jeder Frage bewertet werden<\/li>\n<li class=\"desc-item_list__point\">Bewerten Sie die Antworten im Interview<\/li>\n<li class=\"desc-item_list__point\">Auflistung der Kompetenzen des Bewerbers<\/li>\n<li class=\"desc-item_list__point\">Relevante Notizen hinzuf\u00fcgen<\/li>\n<\/ul>\n","protected":false},"excerpt":{"rendered":"<p>Erstellen Sie Interviewbewertungen, um den richtigen Kandidaten f\u00fcr Ihr Team zu finden. Diese Vorlage hilft bei der Auswahl der Bewerber nach einheitlichen Fragen und Kriterien.<\/p>\n","protected":false},"featured_media":20441,"template":"","meta":{"_acf_changed":false,"inline_featured_image":false},"product_brand":[],"product_cat":[178,169],"product_tag":[],"class_list":{"0":"post-55664","1":"product","2":"type-product","3":"status-publish","4":"has-post-thumbnail","6":"product_cat-operations-hr","7":"product_cat-entrepreneur","9":"first","10":"instock","11":"virtual","12":"sold-individually","13":"product-type-simple"},"acf":[],"yoast_head":"<!-- This site is optimized with the Yoast SEO plugin v25.3.1 - https:\/\/yoast.com\/wordpress\/plugins\/seo\/ -->\n<title>Vorlage f\u00fcr Bewertungsfragen f\u00fcr Vorstellungsgespr\u00e4che - Sales AI Agents<\/title>\n<meta name=\"description\" content=\"Erstellen Sie Interviewbewertungen, um den richtigen Kandidaten f\u00fcr Ihr Team zu finden. Diese Vorlage hilft bei der Auswahl von Kandidaten nach einheitlichen Fragen und Kriterien!\" \/>\n<meta name=\"robots\" content=\"index, follow, max-snippet:-1, max-image-preview:large, max-video-preview:-1\" \/>\n<link rel=\"canonical\" href=\"https:\/\/sales-ai-agents.com\/de\/templates\/interview-evaluation-questions\/\" \/>\n<meta property=\"og:locale\" content=\"de_DE\" \/>\n<meta property=\"og:type\" content=\"article\" \/>\n<meta property=\"og:title\" content=\"Vorlage f\u00fcr Bewertungsfragen f\u00fcr Vorstellungsgespr\u00e4che - Sales AI Agents\" \/>\n<meta property=\"og:description\" content=\"Erstellen Sie Interviewbewertungen, um den richtigen Kandidaten f\u00fcr Ihr Team zu finden. Diese Vorlage hilft bei der Auswahl von Kandidaten nach einheitlichen Fragen und Kriterien!\" \/>\n<meta property=\"og:url\" content=\"https:\/\/sales-ai-agents.com\/de\/templates\/interview-evaluation-questions\/\" \/>\n<meta property=\"og:site_name\" content=\"Sales AI Agents\" \/>\n<meta property=\"article:modified_time\" content=\"2023-12-31T17:15:21+00:00\" \/>\n<meta property=\"og:image\" content=\"https:\/\/sales-ai-agents.com\/wp-content\/uploads\/2023\/01\/image-preview120656.png\" \/>\n\t<meta property=\"og:image:width\" content=\"1078\" \/>\n\t<meta property=\"og:image:height\" content=\"760\" \/>\n\t<meta property=\"og:image:type\" content=\"image\/png\" \/>\n<meta name=\"twitter:card\" content=\"summary_large_image\" \/>\n<script type=\"application\/ld+json\" class=\"yoast-schema-graph\">{\"@context\":\"https:\/\/schema.org\",\"@graph\":[{\"@type\":\"WebPage\",\"@id\":\"https:\/\/sales-ai-agents.com\/de\/templates\/interview-evaluation-questions\/\",\"url\":\"https:\/\/sales-ai-agents.com\/de\/templates\/interview-evaluation-questions\/\",\"name\":\"Vorlage f\u00fcr Bewertungsfragen f\u00fcr Vorstellungsgespr\u00e4che - Sales AI Agents\",\"isPartOf\":{\"@id\":\"https:\/\/sales-ai-agents.com\/#website\"},\"primaryImageOfPage\":{\"@id\":\"https:\/\/sales-ai-agents.com\/de\/templates\/interview-evaluation-questions\/#primaryimage\"},\"image\":{\"@id\":\"https:\/\/sales-ai-agents.com\/de\/templates\/interview-evaluation-questions\/#primaryimage\"},\"thumbnailUrl\":\"https:\/\/sales-ai-agents.com\/wp-content\/uploads\/2023\/01\/image-preview120656.png\",\"datePublished\":\"2022-09-26T12:23:51+00:00\",\"dateModified\":\"2023-12-31T17:15:21+00:00\",\"description\":\"Erstellen Sie Interviewbewertungen, um den richtigen Kandidaten f\u00fcr Ihr Team zu finden. Diese Vorlage hilft bei der Auswahl von Kandidaten nach einheitlichen Fragen und Kriterien!\",\"inLanguage\":\"de-DE\",\"potentialAction\":[{\"@type\":\"ReadAction\",\"target\":[\"https:\/\/sales-ai-agents.com\/de\/templates\/interview-evaluation-questions\/\"]}]},{\"@type\":\"ImageObject\",\"inLanguage\":\"de-DE\",\"@id\":\"https:\/\/sales-ai-agents.com\/de\/templates\/interview-evaluation-questions\/#primaryimage\",\"url\":\"https:\/\/sales-ai-agents.com\/wp-content\/uploads\/2023\/01\/image-preview120656.png\",\"contentUrl\":\"https:\/\/sales-ai-agents.com\/wp-content\/uploads\/2023\/01\/image-preview120656.png\",\"width\":1078,\"height\":760,\"caption\":\"Interview Evaluation Questions Template - Nimbus Platform\"},{\"@type\":\"WebSite\",\"@id\":\"https:\/\/sales-ai-agents.com\/#website\",\"url\":\"https:\/\/sales-ai-agents.com\/\",\"name\":\"FuseBase\",\"description\":\"Nimbus Platform - Free Online Collaboration Software for Remote Teams. Build your wikis, client portals and more with the Nimbus Platform collaboration tool ? A perfect space for online work\",\"publisher\":{\"@id\":\"https:\/\/sales-ai-agents.com\/#organization\"},\"potentialAction\":[{\"@type\":\"SearchAction\",\"target\":{\"@type\":\"EntryPoint\",\"urlTemplate\":\"https:\/\/sales-ai-agents.com\/?s={search_term_string}\"},\"query-input\":{\"@type\":\"PropertyValueSpecification\",\"valueRequired\":true,\"valueName\":\"search_term_string\"}}],\"inLanguage\":\"de-DE\"},{\"@type\":\"Organization\",\"@id\":\"https:\/\/sales-ai-agents.com\/#organization\",\"name\":\"FuseBase\",\"url\":\"https:\/\/sales-ai-agents.com\/\",\"logo\":{\"@type\":\"ImageObject\",\"inLanguage\":\"de-DE\",\"@id\":\"https:\/\/sales-ai-agents.com\/#\/schema\/logo\/image\/\",\"url\":\"https:\/\/sales-ai-agents.com\/wp-content\/uploads\/2023\/11\/icon-7.svg\",\"contentUrl\":\"https:\/\/sales-ai-agents.com\/wp-content\/uploads\/2023\/11\/icon-7.svg\",\"width\":128,\"height\":128,\"caption\":\"FuseBase\"},\"image\":{\"@id\":\"https:\/\/sales-ai-agents.com\/#\/schema\/logo\/image\/\"}}]}<\/script>\n<!-- \/ Yoast SEO plugin. -->","yoast_head_json":{"title":"Vorlage f\u00fcr Bewertungsfragen f\u00fcr Vorstellungsgespr\u00e4che - Sales AI Agents","description":"Erstellen Sie Interviewbewertungen, um den richtigen Kandidaten f\u00fcr Ihr Team zu finden. Diese Vorlage hilft bei der Auswahl von Kandidaten nach einheitlichen Fragen und Kriterien!","robots":{"index":"index","follow":"follow","max-snippet":"max-snippet:-1","max-image-preview":"max-image-preview:large","max-video-preview":"max-video-preview:-1"},"canonical":"https:\/\/sales-ai-agents.com\/de\/templates\/interview-evaluation-questions\/","og_locale":"de_DE","og_type":"article","og_title":"Vorlage f\u00fcr Bewertungsfragen f\u00fcr Vorstellungsgespr\u00e4che - Sales AI Agents","og_description":"Erstellen Sie Interviewbewertungen, um den richtigen Kandidaten f\u00fcr Ihr Team zu finden. Diese Vorlage hilft bei der Auswahl von Kandidaten nach einheitlichen Fragen und Kriterien!","og_url":"https:\/\/sales-ai-agents.com\/de\/templates\/interview-evaluation-questions\/","og_site_name":"Sales AI Agents","article_modified_time":"2023-12-31T17:15:21+00:00","og_image":[{"width":1078,"height":760,"url":"https:\/\/sales-ai-agents.com\/wp-content\/uploads\/2023\/01\/image-preview120656.png","type":"image\/png"}],"twitter_card":"summary_large_image","schema":{"@context":"https:\/\/schema.org","@graph":[{"@type":"WebPage","@id":"https:\/\/sales-ai-agents.com\/de\/templates\/interview-evaluation-questions\/","url":"https:\/\/sales-ai-agents.com\/de\/templates\/interview-evaluation-questions\/","name":"Vorlage f\u00fcr Bewertungsfragen f\u00fcr Vorstellungsgespr\u00e4che - Sales AI Agents","isPartOf":{"@id":"https:\/\/sales-ai-agents.com\/#website"},"primaryImageOfPage":{"@id":"https:\/\/sales-ai-agents.com\/de\/templates\/interview-evaluation-questions\/#primaryimage"},"image":{"@id":"https:\/\/sales-ai-agents.com\/de\/templates\/interview-evaluation-questions\/#primaryimage"},"thumbnailUrl":"https:\/\/sales-ai-agents.com\/wp-content\/uploads\/2023\/01\/image-preview120656.png","datePublished":"2022-09-26T12:23:51+00:00","dateModified":"2023-12-31T17:15:21+00:00","description":"Erstellen Sie Interviewbewertungen, um den richtigen Kandidaten f\u00fcr Ihr Team zu finden. Diese Vorlage hilft bei der Auswahl von Kandidaten nach einheitlichen Fragen und Kriterien!","inLanguage":"de-DE","potentialAction":[{"@type":"ReadAction","target":["https:\/\/sales-ai-agents.com\/de\/templates\/interview-evaluation-questions\/"]}]},{"@type":"ImageObject","inLanguage":"de-DE","@id":"https:\/\/sales-ai-agents.com\/de\/templates\/interview-evaluation-questions\/#primaryimage","url":"https:\/\/sales-ai-agents.com\/wp-content\/uploads\/2023\/01\/image-preview120656.png","contentUrl":"https:\/\/sales-ai-agents.com\/wp-content\/uploads\/2023\/01\/image-preview120656.png","width":1078,"height":760,"caption":"Interview Evaluation Questions Template - Nimbus Platform"},{"@type":"WebSite","@id":"https:\/\/sales-ai-agents.com\/#website","url":"https:\/\/sales-ai-agents.com\/","name":"FuseBase","description":"Nimbus Platform - Free Online Collaboration Software for Remote Teams. Build your wikis, client portals and more with the Nimbus Platform collaboration tool ? A perfect space for online work","publisher":{"@id":"https:\/\/sales-ai-agents.com\/#organization"},"potentialAction":[{"@type":"SearchAction","target":{"@type":"EntryPoint","urlTemplate":"https:\/\/sales-ai-agents.com\/?s={search_term_string}"},"query-input":{"@type":"PropertyValueSpecification","valueRequired":true,"valueName":"search_term_string"}}],"inLanguage":"de-DE"},{"@type":"Organization","@id":"https:\/\/sales-ai-agents.com\/#organization","name":"FuseBase","url":"https:\/\/sales-ai-agents.com\/","logo":{"@type":"ImageObject","inLanguage":"de-DE","@id":"https:\/\/sales-ai-agents.com\/#\/schema\/logo\/image\/","url":"https:\/\/sales-ai-agents.com\/wp-content\/uploads\/2023\/11\/icon-7.svg","contentUrl":"https:\/\/sales-ai-agents.com\/wp-content\/uploads\/2023\/11\/icon-7.svg","width":128,"height":128,"caption":"FuseBase"},"image":{"@id":"https:\/\/sales-ai-agents.com\/#\/schema\/logo\/image\/"}}]}},"_links":{"self":[{"href":"https:\/\/sales-ai-agents.com\/de\/wp-json\/wp\/v2\/product\/55664","targetHints":{"allow":["GET"]}}],"collection":[{"href":"https:\/\/sales-ai-agents.com\/de\/wp-json\/wp\/v2\/product"}],"about":[{"href":"https:\/\/sales-ai-agents.com\/de\/wp-json\/wp\/v2\/types\/product"}],"wp:featuredmedia":[{"embeddable":true,"href":"https:\/\/sales-ai-agents.com\/de\/wp-json\/wp\/v2\/media\/20441"}],"wp:attachment":[{"href":"https:\/\/sales-ai-agents.com\/de\/wp-json\/wp\/v2\/media?parent=55664"}],"wp:term":[{"taxonomy":"product_brand","embeddable":true,"href":"https:\/\/sales-ai-agents.com\/de\/wp-json\/wp\/v2\/product_brand?post=55664"},{"taxonomy":"product_cat","embeddable":true,"href":"https:\/\/sales-ai-agents.com\/de\/wp-json\/wp\/v2\/product_cat?post=55664"},{"taxonomy":"product_tag","embeddable":true,"href":"https:\/\/sales-ai-agents.com\/de\/wp-json\/wp\/v2\/product_tag?post=55664"}],"curies":[{"name":"wp","href":"https:\/\/api.w.org\/{rel}","templated":true}]}}