{"id":55667,"date":"2022-09-26T12:23:47","date_gmt":"2022-09-26T12:23:47","guid":{"rendered":"https:\/\/sales-ai-agents.com\/templates\/marketing-strategy\/"},"modified":"2023-12-26T15:24:38","modified_gmt":"2023-12-26T15:24:38","slug":"marketing-strategy","status":"publish","type":"product","link":"https:\/\/sales-ai-agents.com\/de\/templates\/marketing-strategy\/","title":{"rendered":"Marketing-Strategie"},"content":{"rendered":"<p>&nbsp;<\/p>\n<h2>Marketingstrategie-Vorlage<\/h2>\n<p class=\"desc-text\">Durch die sorgf\u00e4ltige Planung einer Marketingkampagne k\u00f6nnen Sie sicherstellen, dass jeder Prozess zu den Zielen Ihres Teams passt. Bestimmen Sie wichtige Kan\u00e4le, listen Sie Ziele auf, definieren Sie Erfolgskennzahlen und erstellen Sie einen Aktionsplan. Mit dieser Vorlage k\u00f6nnen Sie jeden Schritt des Prozesses nachverfolgen, um sicherzustellen, dass Ihre Kampagne Ihre Kunden und Auftraggeber erreicht.<\/p>\n<h5>Wie zu verwenden:<\/h5>\n<ul class=\"desc-item_list\">\n<li class=\"desc-item_list__point\">Wichtige Hintergrundinformationen hinzuf\u00fcgen<\/li>\n<li class=\"desc-item_list__point\">Einen Aktionsplan aufstellen<\/li>\n<li class=\"desc-item_list__point\">Definieren Sie Ihren Zielmarkt<\/li>\n<li class=\"desc-item_list__point\">Planen Sie Ihr Budget<\/li>\n<li class=\"desc-item_list__point\">Planen Sie Aktivit\u00e4ten f\u00fcr Ihren Start<\/li>\n<li class=\"desc-item_list__point\">Markieren Sie andere, um sie auf den neuesten Stand zu bringen<\/li>\n<\/ul>\n","protected":false},"excerpt":{"rendered":"<p>Mit dieser kostenlosen, anpassbaren Vorlage k\u00f6nnen Sie jeden Schritt der Marketingkampagne verfolgen, um sicherzustellen, dass sie Ihre Kunden erreicht.<\/p>\n","protected":false},"featured_media":26208,"template":"","meta":{"_acf_changed":false,"inline_featured_image":false},"product_brand":[],"product_cat":[171,176],"product_tag":[],"class_list":{"0":"post-55667","1":"product","2":"type-product","3":"status-publish","4":"has-post-thumbnail","6":"product_cat-marketing","7":"product_cat-marketing-strategy","9":"first","10":"instock","11":"virtual","12":"sold-individually","13":"product-type-simple"},"acf":[],"yoast_head":"<!-- This site is optimized with the Yoast SEO plugin v25.3.1 - https:\/\/yoast.com\/wordpress\/plugins\/seo\/ -->\n<title>Marketing Strategie Vorlage - Sales AI Agents<\/title>\n<meta name=\"description\" content=\"Mit dieser kostenlosen, anpassbaren Vorlage k\u00f6nnen Sie jeden Schritt der Marketingkampagne verfolgen, um sicherzustellen, dass sie Ihre Kunden erreicht.\" \/>\n<meta name=\"robots\" content=\"index, follow, max-snippet:-1, max-image-preview:large, max-video-preview:-1\" \/>\n<link rel=\"canonical\" href=\"https:\/\/sales-ai-agents.com\/de\/templates\/marketing-strategy\/\" \/>\n<meta property=\"og:locale\" content=\"de_DE\" \/>\n<meta property=\"og:type\" content=\"article\" \/>\n<meta property=\"og:title\" content=\"Marketing Strategie Vorlage - Sales AI Agents\" \/>\n<meta property=\"og:description\" content=\"Mit dieser kostenlosen, anpassbaren Vorlage k\u00f6nnen Sie jeden Schritt der Marketingkampagne verfolgen, um sicherzustellen, dass sie Ihre Kunden erreicht.\" \/>\n<meta property=\"og:url\" content=\"https:\/\/sales-ai-agents.com\/de\/templates\/marketing-strategy\/\" \/>\n<meta property=\"og:site_name\" content=\"Sales AI Agents\" \/>\n<meta property=\"article:modified_time\" content=\"2023-12-26T15:24:38+00:00\" \/>\n<meta property=\"og:image\" content=\"https:\/\/sales-ai-agents.com\/wp-content\/uploads\/2022\/09\/Marketing-Strategy-Template.png\" \/>\n\t<meta property=\"og:image:width\" content=\"1700\" \/>\n\t<meta property=\"og:image:height\" content=\"1100\" \/>\n\t<meta property=\"og:image:type\" content=\"image\/png\" \/>\n<meta name=\"twitter:card\" content=\"summary_large_image\" \/>\n<script type=\"application\/ld+json\" class=\"yoast-schema-graph\">{\"@context\":\"https:\/\/schema.org\",\"@graph\":[{\"@type\":\"WebPage\",\"@id\":\"https:\/\/sales-ai-agents.com\/de\/templates\/marketing-strategy\/\",\"url\":\"https:\/\/sales-ai-agents.com\/de\/templates\/marketing-strategy\/\",\"name\":\"Marketing Strategie Vorlage - Sales AI Agents\",\"isPartOf\":{\"@id\":\"https:\/\/sales-ai-agents.com\/#website\"},\"primaryImageOfPage\":{\"@id\":\"https:\/\/sales-ai-agents.com\/de\/templates\/marketing-strategy\/#primaryimage\"},\"image\":{\"@id\":\"https:\/\/sales-ai-agents.com\/de\/templates\/marketing-strategy\/#primaryimage\"},\"thumbnailUrl\":\"https:\/\/sales-ai-agents.com\/wp-content\/uploads\/2022\/09\/Marketing-Strategy-Template.png\",\"datePublished\":\"2022-09-26T12:23:47+00:00\",\"dateModified\":\"2023-12-26T15:24:38+00:00\",\"description\":\"Mit dieser kostenlosen, anpassbaren Vorlage k\u00f6nnen Sie jeden Schritt der Marketingkampagne verfolgen, um sicherzustellen, dass sie Ihre Kunden erreicht.\",\"inLanguage\":\"de-DE\",\"potentialAction\":[{\"@type\":\"ReadAction\",\"target\":[\"https:\/\/sales-ai-agents.com\/de\/templates\/marketing-strategy\/\"]}]},{\"@type\":\"ImageObject\",\"inLanguage\":\"de-DE\",\"@id\":\"https:\/\/sales-ai-agents.com\/de\/templates\/marketing-strategy\/#primaryimage\",\"url\":\"https:\/\/sales-ai-agents.com\/wp-content\/uploads\/2022\/09\/Marketing-Strategy-Template.png\",\"contentUrl\":\"https:\/\/sales-ai-agents.com\/wp-content\/uploads\/2022\/09\/Marketing-Strategy-Template.png\",\"width\":1700,\"height\":1100,\"caption\":\"With this free customizable template, you can easily track each step of the marketing campaign process to make sure it reaches your clients and customers.\"},{\"@type\":\"WebSite\",\"@id\":\"https:\/\/sales-ai-agents.com\/#website\",\"url\":\"https:\/\/sales-ai-agents.com\/\",\"name\":\"FuseBase\",\"description\":\"Nimbus Platform - Free Online Collaboration Software for Remote Teams. Build your wikis, client portals and more with the Nimbus Platform collaboration tool ? A perfect space for online work\",\"publisher\":{\"@id\":\"https:\/\/sales-ai-agents.com\/#organization\"},\"potentialAction\":[{\"@type\":\"SearchAction\",\"target\":{\"@type\":\"EntryPoint\",\"urlTemplate\":\"https:\/\/sales-ai-agents.com\/?s={search_term_string}\"},\"query-input\":{\"@type\":\"PropertyValueSpecification\",\"valueRequired\":true,\"valueName\":\"search_term_string\"}}],\"inLanguage\":\"de-DE\"},{\"@type\":\"Organization\",\"@id\":\"https:\/\/sales-ai-agents.com\/#organization\",\"name\":\"FuseBase\",\"url\":\"https:\/\/sales-ai-agents.com\/\",\"logo\":{\"@type\":\"ImageObject\",\"inLanguage\":\"de-DE\",\"@id\":\"https:\/\/sales-ai-agents.com\/#\/schema\/logo\/image\/\",\"url\":\"https:\/\/sales-ai-agents.com\/wp-content\/uploads\/2023\/11\/icon-7.svg\",\"contentUrl\":\"https:\/\/sales-ai-agents.com\/wp-content\/uploads\/2023\/11\/icon-7.svg\",\"width\":128,\"height\":128,\"caption\":\"FuseBase\"},\"image\":{\"@id\":\"https:\/\/sales-ai-agents.com\/#\/schema\/logo\/image\/\"}}]}<\/script>\n<!-- \/ Yoast SEO plugin. -->","yoast_head_json":{"title":"Marketing Strategie Vorlage - Sales AI Agents","description":"Mit dieser kostenlosen, anpassbaren Vorlage k\u00f6nnen Sie jeden Schritt der Marketingkampagne verfolgen, um sicherzustellen, dass sie Ihre Kunden erreicht.","robots":{"index":"index","follow":"follow","max-snippet":"max-snippet:-1","max-image-preview":"max-image-preview:large","max-video-preview":"max-video-preview:-1"},"canonical":"https:\/\/sales-ai-agents.com\/de\/templates\/marketing-strategy\/","og_locale":"de_DE","og_type":"article","og_title":"Marketing Strategie Vorlage - Sales AI Agents","og_description":"Mit dieser kostenlosen, anpassbaren Vorlage k\u00f6nnen Sie jeden Schritt der Marketingkampagne verfolgen, um sicherzustellen, dass sie Ihre Kunden erreicht.","og_url":"https:\/\/sales-ai-agents.com\/de\/templates\/marketing-strategy\/","og_site_name":"Sales AI Agents","article_modified_time":"2023-12-26T15:24:38+00:00","og_image":[{"width":1700,"height":1100,"url":"https:\/\/sales-ai-agents.com\/wp-content\/uploads\/2022\/09\/Marketing-Strategy-Template.png","type":"image\/png"}],"twitter_card":"summary_large_image","schema":{"@context":"https:\/\/schema.org","@graph":[{"@type":"WebPage","@id":"https:\/\/sales-ai-agents.com\/de\/templates\/marketing-strategy\/","url":"https:\/\/sales-ai-agents.com\/de\/templates\/marketing-strategy\/","name":"Marketing Strategie Vorlage - Sales AI Agents","isPartOf":{"@id":"https:\/\/sales-ai-agents.com\/#website"},"primaryImageOfPage":{"@id":"https:\/\/sales-ai-agents.com\/de\/templates\/marketing-strategy\/#primaryimage"},"image":{"@id":"https:\/\/sales-ai-agents.com\/de\/templates\/marketing-strategy\/#primaryimage"},"thumbnailUrl":"https:\/\/sales-ai-agents.com\/wp-content\/uploads\/2022\/09\/Marketing-Strategy-Template.png","datePublished":"2022-09-26T12:23:47+00:00","dateModified":"2023-12-26T15:24:38+00:00","description":"Mit dieser kostenlosen, anpassbaren Vorlage k\u00f6nnen Sie jeden Schritt der Marketingkampagne verfolgen, um sicherzustellen, dass sie Ihre Kunden erreicht.","inLanguage":"de-DE","potentialAction":[{"@type":"ReadAction","target":["https:\/\/sales-ai-agents.com\/de\/templates\/marketing-strategy\/"]}]},{"@type":"ImageObject","inLanguage":"de-DE","@id":"https:\/\/sales-ai-agents.com\/de\/templates\/marketing-strategy\/#primaryimage","url":"https:\/\/sales-ai-agents.com\/wp-content\/uploads\/2022\/09\/Marketing-Strategy-Template.png","contentUrl":"https:\/\/sales-ai-agents.com\/wp-content\/uploads\/2022\/09\/Marketing-Strategy-Template.png","width":1700,"height":1100,"caption":"With this free customizable template, you can easily track each step of the marketing campaign process to make sure it reaches your clients and customers."},{"@type":"WebSite","@id":"https:\/\/sales-ai-agents.com\/#website","url":"https:\/\/sales-ai-agents.com\/","name":"FuseBase","description":"Nimbus Platform - Free Online Collaboration Software for Remote Teams. Build your wikis, client portals and more with the Nimbus Platform collaboration tool ? A perfect space for online work","publisher":{"@id":"https:\/\/sales-ai-agents.com\/#organization"},"potentialAction":[{"@type":"SearchAction","target":{"@type":"EntryPoint","urlTemplate":"https:\/\/sales-ai-agents.com\/?s={search_term_string}"},"query-input":{"@type":"PropertyValueSpecification","valueRequired":true,"valueName":"search_term_string"}}],"inLanguage":"de-DE"},{"@type":"Organization","@id":"https:\/\/sales-ai-agents.com\/#organization","name":"FuseBase","url":"https:\/\/sales-ai-agents.com\/","logo":{"@type":"ImageObject","inLanguage":"de-DE","@id":"https:\/\/sales-ai-agents.com\/#\/schema\/logo\/image\/","url":"https:\/\/sales-ai-agents.com\/wp-content\/uploads\/2023\/11\/icon-7.svg","contentUrl":"https:\/\/sales-ai-agents.com\/wp-content\/uploads\/2023\/11\/icon-7.svg","width":128,"height":128,"caption":"FuseBase"},"image":{"@id":"https:\/\/sales-ai-agents.com\/#\/schema\/logo\/image\/"}}]}},"_links":{"self":[{"href":"https:\/\/sales-ai-agents.com\/de\/wp-json\/wp\/v2\/product\/55667","targetHints":{"allow":["GET"]}}],"collection":[{"href":"https:\/\/sales-ai-agents.com\/de\/wp-json\/wp\/v2\/product"}],"about":[{"href":"https:\/\/sales-ai-agents.com\/de\/wp-json\/wp\/v2\/types\/product"}],"wp:featuredmedia":[{"embeddable":true,"href":"https:\/\/sales-ai-agents.com\/de\/wp-json\/wp\/v2\/media\/26208"}],"wp:attachment":[{"href":"https:\/\/sales-ai-agents.com\/de\/wp-json\/wp\/v2\/media?parent=55667"}],"wp:term":[{"taxonomy":"product_brand","embeddable":true,"href":"https:\/\/sales-ai-agents.com\/de\/wp-json\/wp\/v2\/product_brand?post=55667"},{"taxonomy":"product_cat","embeddable":true,"href":"https:\/\/sales-ai-agents.com\/de\/wp-json\/wp\/v2\/product_cat?post=55667"},{"taxonomy":"product_tag","embeddable":true,"href":"https:\/\/sales-ai-agents.com\/de\/wp-json\/wp\/v2\/product_tag?post=55667"}],"curies":[{"name":"wp","href":"https:\/\/api.w.org\/{rel}","templated":true}]}}