{"id":56101,"date":"2022-09-26T12:22:53","date_gmt":"2022-09-26T12:22:53","guid":{"rendered":"https:\/\/sales-ai-agents.com\/templates\/students-attendance\/"},"modified":"2023-12-27T15:31:59","modified_gmt":"2023-12-27T15:31:59","slug":"students-attendance","status":"publish","type":"product","link":"https:\/\/sales-ai-agents.com\/de\/templates\/students-attendance\/","title":{"rendered":"Studenten Anwesenheit"},"content":{"rendered":"<p>&nbsp;<\/p>\n<h2>Studenten Anwesenheitsvorlage<\/h2>\n<p class=\"desc-text\">Verwenden Sie diesen Anwesenheitsbogen, um Informationen \u00fcber abwesende, zu sp\u00e4t kommende oder vorzeitig entlassene Sch\u00fcler hinzuzuf\u00fcgen. Sie brauchen nur wenige Minuten, um das Dokument auszuf\u00fcllen, und k\u00f6nnen es bei Bedarf schnell abrufen. Behalten Sie jede Woche, jedes Quartal oder jedes Semester die Zahl Ihrer Sch\u00fcler im Auge &#8211; und halten Sie Ausschau nach Sch\u00fclern, die den Unterricht schw\u00e4nzen.<\/p>\n<h5>Wie zu verwenden:<\/h5>\n<ul class=\"desc-item_list\">\n<li class=\"desc-item_list__point\">Verwenden Sie den Kalender, um das Datum hinzuzuf\u00fcgen<\/li>\n<li class=\"desc-item_list__point\">Verwenden Sie Tags, um die Wochentage einfach zu kennzeichnen<\/li>\n<li class=\"desc-item_list__point\">Markieren Sie das Quartal und das Semester im Schulkalender<\/li>\n<li class=\"desc-item_list__point\">Verwenden Sie Kontrollk\u00e4stchen, um freie Tage oder halbe Tage zu erfassen<\/li>\n<li class=\"desc-item_list__point\">Abwesende, versp\u00e4tete oder vorzeitig entlassene Sch\u00fcler hinzuf\u00fcgen<\/li>\n<\/ul>\n","protected":false},"excerpt":{"rendered":"<p>Verwenden Sie diese Vorlage t\u00e4glich, um abwesende, versp\u00e4tete und vorzeitig entlassene Sch\u00fcler hinzuzuf\u00fcgen. Sie brauchen nur wenige Minuten, um die Datenbank auszuf\u00fcllen, und k\u00f6nnen bei Bedarf einfach darauf zugreifen.<\/p>\n","protected":false},"featured_media":20443,"template":"","meta":{"_acf_changed":false,"inline_featured_image":false},"product_brand":[],"product_cat":[198],"product_tag":[],"class_list":{"0":"post-56101","1":"product","2":"type-product","3":"status-publish","4":"has-post-thumbnail","6":"product_cat-teacher","8":"first","9":"instock","10":"virtual","11":"sold-individually","12":"product-type-simple"},"acf":[],"yoast_head":"<!-- This site is optimized with the Yoast SEO plugin v25.3.1 - https:\/\/yoast.com\/wordpress\/plugins\/seo\/ -->\n<title>Sch\u00fcler Anwesenheitsvorlage - Sales AI Agents<\/title>\n<meta name=\"description\" content=\"Verwenden Sie diese Vorlage t\u00e4glich, um abwesende, versp\u00e4tete und vorzeitig entlassene Sch\u00fcler hinzuzuf\u00fcgen. Es dauert nur wenige Minuten, die Datenbank auszuf\u00fcllen, und Sie k\u00f6nnen bei Bedarf darauf zugreifen.\" \/>\n<meta name=\"robots\" content=\"index, follow, max-snippet:-1, max-image-preview:large, max-video-preview:-1\" \/>\n<link rel=\"canonical\" href=\"https:\/\/sales-ai-agents.com\/de\/templates\/students-attendance\/\" \/>\n<meta property=\"og:locale\" content=\"de_DE\" \/>\n<meta property=\"og:type\" content=\"article\" \/>\n<meta property=\"og:title\" content=\"Sch\u00fcler Anwesenheitsvorlage - Sales AI Agents\" \/>\n<meta property=\"og:description\" content=\"Verwenden Sie diese Vorlage t\u00e4glich, um abwesende, versp\u00e4tete und vorzeitig entlassene Sch\u00fcler hinzuzuf\u00fcgen. Es dauert nur wenige Minuten, die Datenbank auszuf\u00fcllen, und Sie k\u00f6nnen bei Bedarf darauf zugreifen.\" \/>\n<meta property=\"og:url\" content=\"https:\/\/sales-ai-agents.com\/de\/templates\/students-attendance\/\" \/>\n<meta property=\"og:site_name\" content=\"Sales AI Agents\" \/>\n<meta property=\"article:modified_time\" content=\"2023-12-27T15:31:59+00:00\" \/>\n<meta property=\"og:image\" content=\"https:\/\/sales-ai-agents.com\/wp-content\/uploads\/2023\/01\/image-preview120658.png\" \/>\n\t<meta property=\"og:image:width\" content=\"1078\" \/>\n\t<meta property=\"og:image:height\" content=\"760\" \/>\n\t<meta property=\"og:image:type\" content=\"image\/png\" \/>\n<meta name=\"twitter:card\" content=\"summary_large_image\" \/>\n<script type=\"application\/ld+json\" class=\"yoast-schema-graph\">{\"@context\":\"https:\/\/schema.org\",\"@graph\":[{\"@type\":\"WebPage\",\"@id\":\"https:\/\/sales-ai-agents.com\/de\/templates\/students-attendance\/\",\"url\":\"https:\/\/sales-ai-agents.com\/de\/templates\/students-attendance\/\",\"name\":\"Sch\u00fcler Anwesenheitsvorlage - Sales AI Agents\",\"isPartOf\":{\"@id\":\"https:\/\/sales-ai-agents.com\/#website\"},\"primaryImageOfPage\":{\"@id\":\"https:\/\/sales-ai-agents.com\/de\/templates\/students-attendance\/#primaryimage\"},\"image\":{\"@id\":\"https:\/\/sales-ai-agents.com\/de\/templates\/students-attendance\/#primaryimage\"},\"thumbnailUrl\":\"https:\/\/sales-ai-agents.com\/wp-content\/uploads\/2023\/01\/image-preview120658.png\",\"datePublished\":\"2022-09-26T12:22:53+00:00\",\"dateModified\":\"2023-12-27T15:31:59+00:00\",\"description\":\"Verwenden Sie diese Vorlage t\u00e4glich, um abwesende, versp\u00e4tete und vorzeitig entlassene Sch\u00fcler hinzuzuf\u00fcgen. Es dauert nur wenige Minuten, die Datenbank auszuf\u00fcllen, und Sie k\u00f6nnen bei Bedarf darauf zugreifen.\",\"inLanguage\":\"de-DE\",\"potentialAction\":[{\"@type\":\"ReadAction\",\"target\":[\"https:\/\/sales-ai-agents.com\/de\/templates\/students-attendance\/\"]}]},{\"@type\":\"ImageObject\",\"inLanguage\":\"de-DE\",\"@id\":\"https:\/\/sales-ai-agents.com\/de\/templates\/students-attendance\/#primaryimage\",\"url\":\"https:\/\/sales-ai-agents.com\/wp-content\/uploads\/2023\/01\/image-preview120658.png\",\"contentUrl\":\"https:\/\/sales-ai-agents.com\/wp-content\/uploads\/2023\/01\/image-preview120658.png\",\"width\":1078,\"height\":760,\"caption\":\"Students Attendance Template - Nimbus Platform\"},{\"@type\":\"WebSite\",\"@id\":\"https:\/\/sales-ai-agents.com\/#website\",\"url\":\"https:\/\/sales-ai-agents.com\/\",\"name\":\"FuseBase\",\"description\":\"Nimbus Platform - Free Online Collaboration Software for Remote Teams. Build your wikis, client portals and more with the Nimbus Platform collaboration tool ? A perfect space for online work\",\"publisher\":{\"@id\":\"https:\/\/sales-ai-agents.com\/#organization\"},\"potentialAction\":[{\"@type\":\"SearchAction\",\"target\":{\"@type\":\"EntryPoint\",\"urlTemplate\":\"https:\/\/sales-ai-agents.com\/?s={search_term_string}\"},\"query-input\":{\"@type\":\"PropertyValueSpecification\",\"valueRequired\":true,\"valueName\":\"search_term_string\"}}],\"inLanguage\":\"de-DE\"},{\"@type\":\"Organization\",\"@id\":\"https:\/\/sales-ai-agents.com\/#organization\",\"name\":\"FuseBase\",\"url\":\"https:\/\/sales-ai-agents.com\/\",\"logo\":{\"@type\":\"ImageObject\",\"inLanguage\":\"de-DE\",\"@id\":\"https:\/\/sales-ai-agents.com\/#\/schema\/logo\/image\/\",\"url\":\"https:\/\/sales-ai-agents.com\/wp-content\/uploads\/2023\/11\/icon-7.svg\",\"contentUrl\":\"https:\/\/sales-ai-agents.com\/wp-content\/uploads\/2023\/11\/icon-7.svg\",\"width\":128,\"height\":128,\"caption\":\"FuseBase\"},\"image\":{\"@id\":\"https:\/\/sales-ai-agents.com\/#\/schema\/logo\/image\/\"}}]}<\/script>\n<!-- \/ Yoast SEO plugin. -->","yoast_head_json":{"title":"Sch\u00fcler Anwesenheitsvorlage - Sales AI Agents","description":"Verwenden Sie diese Vorlage t\u00e4glich, um abwesende, versp\u00e4tete und vorzeitig entlassene Sch\u00fcler hinzuzuf\u00fcgen. Es dauert nur wenige Minuten, die Datenbank auszuf\u00fcllen, und Sie k\u00f6nnen bei Bedarf darauf zugreifen.","robots":{"index":"index","follow":"follow","max-snippet":"max-snippet:-1","max-image-preview":"max-image-preview:large","max-video-preview":"max-video-preview:-1"},"canonical":"https:\/\/sales-ai-agents.com\/de\/templates\/students-attendance\/","og_locale":"de_DE","og_type":"article","og_title":"Sch\u00fcler Anwesenheitsvorlage - Sales AI Agents","og_description":"Verwenden Sie diese Vorlage t\u00e4glich, um abwesende, versp\u00e4tete und vorzeitig entlassene Sch\u00fcler hinzuzuf\u00fcgen. Es dauert nur wenige Minuten, die Datenbank auszuf\u00fcllen, und Sie k\u00f6nnen bei Bedarf darauf zugreifen.","og_url":"https:\/\/sales-ai-agents.com\/de\/templates\/students-attendance\/","og_site_name":"Sales AI Agents","article_modified_time":"2023-12-27T15:31:59+00:00","og_image":[{"width":1078,"height":760,"url":"https:\/\/sales-ai-agents.com\/wp-content\/uploads\/2023\/01\/image-preview120658.png","type":"image\/png"}],"twitter_card":"summary_large_image","schema":{"@context":"https:\/\/schema.org","@graph":[{"@type":"WebPage","@id":"https:\/\/sales-ai-agents.com\/de\/templates\/students-attendance\/","url":"https:\/\/sales-ai-agents.com\/de\/templates\/students-attendance\/","name":"Sch\u00fcler Anwesenheitsvorlage - Sales AI Agents","isPartOf":{"@id":"https:\/\/sales-ai-agents.com\/#website"},"primaryImageOfPage":{"@id":"https:\/\/sales-ai-agents.com\/de\/templates\/students-attendance\/#primaryimage"},"image":{"@id":"https:\/\/sales-ai-agents.com\/de\/templates\/students-attendance\/#primaryimage"},"thumbnailUrl":"https:\/\/sales-ai-agents.com\/wp-content\/uploads\/2023\/01\/image-preview120658.png","datePublished":"2022-09-26T12:22:53+00:00","dateModified":"2023-12-27T15:31:59+00:00","description":"Verwenden Sie diese Vorlage t\u00e4glich, um abwesende, versp\u00e4tete und vorzeitig entlassene Sch\u00fcler hinzuzuf\u00fcgen. Es dauert nur wenige Minuten, die Datenbank auszuf\u00fcllen, und Sie k\u00f6nnen bei Bedarf darauf zugreifen.","inLanguage":"de-DE","potentialAction":[{"@type":"ReadAction","target":["https:\/\/sales-ai-agents.com\/de\/templates\/students-attendance\/"]}]},{"@type":"ImageObject","inLanguage":"de-DE","@id":"https:\/\/sales-ai-agents.com\/de\/templates\/students-attendance\/#primaryimage","url":"https:\/\/sales-ai-agents.com\/wp-content\/uploads\/2023\/01\/image-preview120658.png","contentUrl":"https:\/\/sales-ai-agents.com\/wp-content\/uploads\/2023\/01\/image-preview120658.png","width":1078,"height":760,"caption":"Students Attendance Template - Nimbus Platform"},{"@type":"WebSite","@id":"https:\/\/sales-ai-agents.com\/#website","url":"https:\/\/sales-ai-agents.com\/","name":"FuseBase","description":"Nimbus Platform - Free Online Collaboration Software for Remote Teams. Build your wikis, client portals and more with the Nimbus Platform collaboration tool ? A perfect space for online work","publisher":{"@id":"https:\/\/sales-ai-agents.com\/#organization"},"potentialAction":[{"@type":"SearchAction","target":{"@type":"EntryPoint","urlTemplate":"https:\/\/sales-ai-agents.com\/?s={search_term_string}"},"query-input":{"@type":"PropertyValueSpecification","valueRequired":true,"valueName":"search_term_string"}}],"inLanguage":"de-DE"},{"@type":"Organization","@id":"https:\/\/sales-ai-agents.com\/#organization","name":"FuseBase","url":"https:\/\/sales-ai-agents.com\/","logo":{"@type":"ImageObject","inLanguage":"de-DE","@id":"https:\/\/sales-ai-agents.com\/#\/schema\/logo\/image\/","url":"https:\/\/sales-ai-agents.com\/wp-content\/uploads\/2023\/11\/icon-7.svg","contentUrl":"https:\/\/sales-ai-agents.com\/wp-content\/uploads\/2023\/11\/icon-7.svg","width":128,"height":128,"caption":"FuseBase"},"image":{"@id":"https:\/\/sales-ai-agents.com\/#\/schema\/logo\/image\/"}}]}},"_links":{"self":[{"href":"https:\/\/sales-ai-agents.com\/de\/wp-json\/wp\/v2\/product\/56101","targetHints":{"allow":["GET"]}}],"collection":[{"href":"https:\/\/sales-ai-agents.com\/de\/wp-json\/wp\/v2\/product"}],"about":[{"href":"https:\/\/sales-ai-agents.com\/de\/wp-json\/wp\/v2\/types\/product"}],"wp:featuredmedia":[{"embeddable":true,"href":"https:\/\/sales-ai-agents.com\/de\/wp-json\/wp\/v2\/media\/20443"}],"wp:attachment":[{"href":"https:\/\/sales-ai-agents.com\/de\/wp-json\/wp\/v2\/media?parent=56101"}],"wp:term":[{"taxonomy":"product_brand","embeddable":true,"href":"https:\/\/sales-ai-agents.com\/de\/wp-json\/wp\/v2\/product_brand?post=56101"},{"taxonomy":"product_cat","embeddable":true,"href":"https:\/\/sales-ai-agents.com\/de\/wp-json\/wp\/v2\/product_cat?post=56101"},{"taxonomy":"product_tag","embeddable":true,"href":"https:\/\/sales-ai-agents.com\/de\/wp-json\/wp\/v2\/product_tag?post=56101"}],"curies":[{"name":"wp","href":"https:\/\/api.w.org\/{rel}","templated":true}]}}