{"id":56104,"date":"2022-09-26T12:22:49","date_gmt":"2022-09-26T12:22:49","guid":{"rendered":"https:\/\/sales-ai-agents.com\/templates\/employee-performance-evaluation\/"},"modified":"2024-01-02T11:12:15","modified_gmt":"2024-01-02T11:12:15","slug":"employee-performance-evaluation","status":"publish","type":"product","link":"https:\/\/sales-ai-agents.com\/de\/templates\/employee-performance-evaluation\/","title":{"rendered":"Leistungsbewertung der Mitarbeiter"},"content":{"rendered":"<p>&nbsp;<\/p>\n<h2>Vorlage f\u00fcr die Leistungsbewertung von Mitarbeitern<\/h2>\n<p class=\"desc-text\">Leistungsbeurteilungen sind eine gute Gelegenheit, um pers\u00f6nliche Gespr\u00e4che mit Ihren Mitarbeitern zu f\u00fchren. Um eine strukturierte und organisierte Bewertung zu gew\u00e4hrleisten, verwenden Sie unsere Vorlage f\u00fcr die Leistungsbewertung. Erm\u00f6glichen Sie es den Mitarbeitern, ihre eigenen Fortschritte zu bewerten und die Ergebnisse zu messen. Alles ist in einer vorgefertigten Tabelle strukturiert und beschriftet. Markieren Sie Vorgesetzte f\u00fcr nahtlose Kommunikation und gemeinsame Nutzung.<\/p>\n<h5>Wie zu verwenden:<\/h5>\n<ul class=\"desc-item_list\">\n<li class=\"desc-item_list__point\">Mitarbeiterinformationen einbeziehen<\/li>\n<li class=\"desc-item_list__point\">Verwenden Sie Etiketten, um den Standort anzuzeigen<\/li>\n<li class=\"desc-item_list__point\">Tag-Aufsichtspersonen<\/li>\n<li class=\"desc-item_list__point\">K\u00e4stchen zur Angabe der Art der \u00dcberpr\u00fcfung<\/li>\n<li class=\"desc-item_list__point\">Fragen zur Leistung beantworten<\/li>\n<\/ul>\n","protected":false},"excerpt":{"rendered":"<p>Leistungsbeurteilungen sind eine gute Gelegenheit, um mit Ihren Mitarbeitern zu diskutieren. Versuchen Sie es mit einer Vorlage f\u00fcr die Leistungsbewertung, um organisierte Bewertungen zu gew\u00e4hrleisten.<\/p>\n","protected":false},"featured_media":28617,"template":"","meta":{"_acf_changed":false,"inline_featured_image":false},"product_brand":[],"product_cat":[178,191],"product_tag":[],"class_list":{"0":"post-56104","1":"product","2":"type-product","3":"status-publish","4":"has-post-thumbnail","6":"product_cat-operations-hr","7":"product_cat-project-management","9":"first","10":"instock","11":"virtual","12":"sold-individually","13":"product-type-simple"},"acf":[],"yoast_head":"<!-- This site is optimized with the Yoast SEO plugin v25.3.1 - https:\/\/yoast.com\/wordpress\/plugins\/seo\/ -->\n<title>Vorlage f\u00fcr Mitarbeiterbeurteilung - Sales AI Agents<\/title>\n<meta name=\"description\" content=\"Leistungsbeurteilungen sind eine gute Gelegenheit, um mit Ihren Mitarbeitern zu diskutieren. Versuchen Sie es mit einer Vorlage f\u00fcr die Leistungsbewertung, um organisierte Bewertungen zu gew\u00e4hrleisten.\" \/>\n<meta name=\"robots\" content=\"index, follow, max-snippet:-1, max-image-preview:large, max-video-preview:-1\" \/>\n<link rel=\"canonical\" href=\"https:\/\/sales-ai-agents.com\/de\/templates\/employee-performance-evaluation\/\" \/>\n<meta property=\"og:locale\" content=\"de_DE\" \/>\n<meta property=\"og:type\" content=\"article\" \/>\n<meta property=\"og:title\" content=\"Vorlage f\u00fcr Mitarbeiterbeurteilung - Sales AI Agents\" \/>\n<meta property=\"og:description\" content=\"Leistungsbeurteilungen sind eine gute Gelegenheit, um mit Ihren Mitarbeitern zu diskutieren. Versuchen Sie es mit einer Vorlage f\u00fcr die Leistungsbewertung, um organisierte Bewertungen zu gew\u00e4hrleisten.\" \/>\n<meta property=\"og:url\" content=\"https:\/\/sales-ai-agents.com\/de\/templates\/employee-performance-evaluation\/\" \/>\n<meta property=\"og:site_name\" content=\"Sales AI Agents\" \/>\n<meta property=\"article:modified_time\" content=\"2024-01-02T11:12:15+00:00\" \/>\n<meta property=\"og:image\" content=\"https:\/\/sales-ai-agents.com\/wp-content\/uploads\/2022\/09\/Employee-Performance-Evaluation-Template.png\" \/>\n\t<meta property=\"og:image:width\" content=\"1700\" \/>\n\t<meta property=\"og:image:height\" content=\"1100\" \/>\n\t<meta property=\"og:image:type\" content=\"image\/png\" \/>\n<meta name=\"twitter:card\" content=\"summary_large_image\" \/>\n<script type=\"application\/ld+json\" class=\"yoast-schema-graph\">{\"@context\":\"https:\/\/schema.org\",\"@graph\":[{\"@type\":\"WebPage\",\"@id\":\"https:\/\/sales-ai-agents.com\/de\/templates\/employee-performance-evaluation\/\",\"url\":\"https:\/\/sales-ai-agents.com\/de\/templates\/employee-performance-evaluation\/\",\"name\":\"Vorlage f\u00fcr Mitarbeiterbeurteilung - Sales AI Agents\",\"isPartOf\":{\"@id\":\"https:\/\/sales-ai-agents.com\/#website\"},\"primaryImageOfPage\":{\"@id\":\"https:\/\/sales-ai-agents.com\/de\/templates\/employee-performance-evaluation\/#primaryimage\"},\"image\":{\"@id\":\"https:\/\/sales-ai-agents.com\/de\/templates\/employee-performance-evaluation\/#primaryimage\"},\"thumbnailUrl\":\"https:\/\/sales-ai-agents.com\/wp-content\/uploads\/2022\/09\/Employee-Performance-Evaluation-Template.png\",\"datePublished\":\"2022-09-26T12:22:49+00:00\",\"dateModified\":\"2024-01-02T11:12:15+00:00\",\"description\":\"Leistungsbeurteilungen sind eine gute Gelegenheit, um mit Ihren Mitarbeitern zu diskutieren. Versuchen Sie es mit einer Vorlage f\u00fcr die Leistungsbewertung, um organisierte Bewertungen zu gew\u00e4hrleisten.\",\"inLanguage\":\"de-DE\",\"potentialAction\":[{\"@type\":\"ReadAction\",\"target\":[\"https:\/\/sales-ai-agents.com\/de\/templates\/employee-performance-evaluation\/\"]}]},{\"@type\":\"ImageObject\",\"inLanguage\":\"de-DE\",\"@id\":\"https:\/\/sales-ai-agents.com\/de\/templates\/employee-performance-evaluation\/#primaryimage\",\"url\":\"https:\/\/sales-ai-agents.com\/wp-content\/uploads\/2022\/09\/Employee-Performance-Evaluation-Template.png\",\"contentUrl\":\"https:\/\/sales-ai-agents.com\/wp-content\/uploads\/2022\/09\/Employee-Performance-Evaluation-Template.png\",\"width\":1700,\"height\":1100,\"caption\":\"Performance evaluations are a great opportunity to have discussions with your employees\"},{\"@type\":\"WebSite\",\"@id\":\"https:\/\/sales-ai-agents.com\/#website\",\"url\":\"https:\/\/sales-ai-agents.com\/\",\"name\":\"FuseBase\",\"description\":\"Nimbus Platform - Free Online Collaboration Software for Remote Teams. Build your wikis, client portals and more with the Nimbus Platform collaboration tool ? A perfect space for online work\",\"publisher\":{\"@id\":\"https:\/\/sales-ai-agents.com\/#organization\"},\"potentialAction\":[{\"@type\":\"SearchAction\",\"target\":{\"@type\":\"EntryPoint\",\"urlTemplate\":\"https:\/\/sales-ai-agents.com\/?s={search_term_string}\"},\"query-input\":{\"@type\":\"PropertyValueSpecification\",\"valueRequired\":true,\"valueName\":\"search_term_string\"}}],\"inLanguage\":\"de-DE\"},{\"@type\":\"Organization\",\"@id\":\"https:\/\/sales-ai-agents.com\/#organization\",\"name\":\"FuseBase\",\"url\":\"https:\/\/sales-ai-agents.com\/\",\"logo\":{\"@type\":\"ImageObject\",\"inLanguage\":\"de-DE\",\"@id\":\"https:\/\/sales-ai-agents.com\/#\/schema\/logo\/image\/\",\"url\":\"https:\/\/sales-ai-agents.com\/wp-content\/uploads\/2023\/11\/icon-7.svg\",\"contentUrl\":\"https:\/\/sales-ai-agents.com\/wp-content\/uploads\/2023\/11\/icon-7.svg\",\"width\":128,\"height\":128,\"caption\":\"FuseBase\"},\"image\":{\"@id\":\"https:\/\/sales-ai-agents.com\/#\/schema\/logo\/image\/\"}}]}<\/script>\n<!-- \/ Yoast SEO plugin. -->","yoast_head_json":{"title":"Vorlage f\u00fcr Mitarbeiterbeurteilung - Sales AI Agents","description":"Leistungsbeurteilungen sind eine gute Gelegenheit, um mit Ihren Mitarbeitern zu diskutieren. Versuchen Sie es mit einer Vorlage f\u00fcr die Leistungsbewertung, um organisierte Bewertungen zu gew\u00e4hrleisten.","robots":{"index":"index","follow":"follow","max-snippet":"max-snippet:-1","max-image-preview":"max-image-preview:large","max-video-preview":"max-video-preview:-1"},"canonical":"https:\/\/sales-ai-agents.com\/de\/templates\/employee-performance-evaluation\/","og_locale":"de_DE","og_type":"article","og_title":"Vorlage f\u00fcr Mitarbeiterbeurteilung - Sales AI Agents","og_description":"Leistungsbeurteilungen sind eine gute Gelegenheit, um mit Ihren Mitarbeitern zu diskutieren. Versuchen Sie es mit einer Vorlage f\u00fcr die Leistungsbewertung, um organisierte Bewertungen zu gew\u00e4hrleisten.","og_url":"https:\/\/sales-ai-agents.com\/de\/templates\/employee-performance-evaluation\/","og_site_name":"Sales AI Agents","article_modified_time":"2024-01-02T11:12:15+00:00","og_image":[{"width":1700,"height":1100,"url":"https:\/\/sales-ai-agents.com\/wp-content\/uploads\/2022\/09\/Employee-Performance-Evaluation-Template.png","type":"image\/png"}],"twitter_card":"summary_large_image","schema":{"@context":"https:\/\/schema.org","@graph":[{"@type":"WebPage","@id":"https:\/\/sales-ai-agents.com\/de\/templates\/employee-performance-evaluation\/","url":"https:\/\/sales-ai-agents.com\/de\/templates\/employee-performance-evaluation\/","name":"Vorlage f\u00fcr Mitarbeiterbeurteilung - Sales AI Agents","isPartOf":{"@id":"https:\/\/sales-ai-agents.com\/#website"},"primaryImageOfPage":{"@id":"https:\/\/sales-ai-agents.com\/de\/templates\/employee-performance-evaluation\/#primaryimage"},"image":{"@id":"https:\/\/sales-ai-agents.com\/de\/templates\/employee-performance-evaluation\/#primaryimage"},"thumbnailUrl":"https:\/\/sales-ai-agents.com\/wp-content\/uploads\/2022\/09\/Employee-Performance-Evaluation-Template.png","datePublished":"2022-09-26T12:22:49+00:00","dateModified":"2024-01-02T11:12:15+00:00","description":"Leistungsbeurteilungen sind eine gute Gelegenheit, um mit Ihren Mitarbeitern zu diskutieren. Versuchen Sie es mit einer Vorlage f\u00fcr die Leistungsbewertung, um organisierte Bewertungen zu gew\u00e4hrleisten.","inLanguage":"de-DE","potentialAction":[{"@type":"ReadAction","target":["https:\/\/sales-ai-agents.com\/de\/templates\/employee-performance-evaluation\/"]}]},{"@type":"ImageObject","inLanguage":"de-DE","@id":"https:\/\/sales-ai-agents.com\/de\/templates\/employee-performance-evaluation\/#primaryimage","url":"https:\/\/sales-ai-agents.com\/wp-content\/uploads\/2022\/09\/Employee-Performance-Evaluation-Template.png","contentUrl":"https:\/\/sales-ai-agents.com\/wp-content\/uploads\/2022\/09\/Employee-Performance-Evaluation-Template.png","width":1700,"height":1100,"caption":"Performance evaluations are a great opportunity to have discussions with your employees"},{"@type":"WebSite","@id":"https:\/\/sales-ai-agents.com\/#website","url":"https:\/\/sales-ai-agents.com\/","name":"FuseBase","description":"Nimbus Platform - Free Online Collaboration Software for Remote Teams. Build your wikis, client portals and more with the Nimbus Platform collaboration tool ? A perfect space for online work","publisher":{"@id":"https:\/\/sales-ai-agents.com\/#organization"},"potentialAction":[{"@type":"SearchAction","target":{"@type":"EntryPoint","urlTemplate":"https:\/\/sales-ai-agents.com\/?s={search_term_string}"},"query-input":{"@type":"PropertyValueSpecification","valueRequired":true,"valueName":"search_term_string"}}],"inLanguage":"de-DE"},{"@type":"Organization","@id":"https:\/\/sales-ai-agents.com\/#organization","name":"FuseBase","url":"https:\/\/sales-ai-agents.com\/","logo":{"@type":"ImageObject","inLanguage":"de-DE","@id":"https:\/\/sales-ai-agents.com\/#\/schema\/logo\/image\/","url":"https:\/\/sales-ai-agents.com\/wp-content\/uploads\/2023\/11\/icon-7.svg","contentUrl":"https:\/\/sales-ai-agents.com\/wp-content\/uploads\/2023\/11\/icon-7.svg","width":128,"height":128,"caption":"FuseBase"},"image":{"@id":"https:\/\/sales-ai-agents.com\/#\/schema\/logo\/image\/"}}]}},"_links":{"self":[{"href":"https:\/\/sales-ai-agents.com\/de\/wp-json\/wp\/v2\/product\/56104","targetHints":{"allow":["GET"]}}],"collection":[{"href":"https:\/\/sales-ai-agents.com\/de\/wp-json\/wp\/v2\/product"}],"about":[{"href":"https:\/\/sales-ai-agents.com\/de\/wp-json\/wp\/v2\/types\/product"}],"wp:featuredmedia":[{"embeddable":true,"href":"https:\/\/sales-ai-agents.com\/de\/wp-json\/wp\/v2\/media\/28617"}],"wp:attachment":[{"href":"https:\/\/sales-ai-agents.com\/de\/wp-json\/wp\/v2\/media?parent=56104"}],"wp:term":[{"taxonomy":"product_brand","embeddable":true,"href":"https:\/\/sales-ai-agents.com\/de\/wp-json\/wp\/v2\/product_brand?post=56104"},{"taxonomy":"product_cat","embeddable":true,"href":"https:\/\/sales-ai-agents.com\/de\/wp-json\/wp\/v2\/product_cat?post=56104"},{"taxonomy":"product_tag","embeddable":true,"href":"https:\/\/sales-ai-agents.com\/de\/wp-json\/wp\/v2\/product_tag?post=56104"}],"curies":[{"name":"wp","href":"https:\/\/api.w.org\/{rel}","templated":true}]}}